{"id":159785,"date":"2023-06-22T08:29:59","date_gmt":"2023-06-22T08:29:59","guid":{"rendered":"http:\/\/talkpal.ai\/cwiczenia-gramatyczne-z-jezyka-malajskiego\/"},"modified":"2025-12-17T15:12:33","modified_gmt":"2025-12-17T15:12:33","slug":"cwiczenia-gramatyczne-z-jezyka-malajskiego","status":"publish","type":"page","link":"https:\/\/talkpal.ai\/pl\/cwiczenia-gramatyczne-z-jezyka-malajskiego\/","title":{"rendered":"\u0106wiczenia gramatyczne z j\u0119zyka malajskiego"},"content":{"rendered":"\r\n\r\n\r\n<section class=\"languageChallengeSection\">\r\n    <div class=\"languageInfoWrapper\">\r\n        \r\n        <h1>\u0106wiczenia gramatyczne z j\u0119zyka malajskiego<\/h1>\r\n        <p>Gotowy, by poczu\u0107 si\u0119 bardziej komfortowo z Malay? \u0106wiczenie gramatyki to \u015bwietny spos\u00f3b na opanowanie struktury zda\u0144, form czasownik\u00f3w i unikalnych cech j\u0119zyka. Zacznij odkrywa\u0107 gramatyk\u0119 malajsk\u0105 ju\u017c dzi\u015b i zobacz, jak twoje umiej\u0119tno\u015bci i pewno\u015b\u0107 siebie rosn\u0105 z ka\u017cdym \u0107wiczeniem!<\/p>\r\n\r\n                            <a class=\"getStartedHidden\" href=\"https:\/\/app.talkpal.ai\/pl\/signup?lng=\">Zaczynaj<\/a>\r\n        \r\n    <\/div>\r\n\r\n    <figure>\r\n    <img decoding=\"async\" width=\"768\" height=\"768\" src=\"https:\/\/talkpal.ai\/wp-content\/uploads\/2023\/06\/malay-768x768.png\" class=\"languageImage no-lazy\" alt=\"Language learning for personal accomplishments\" fetchpriority=\"high\" sizes=\"(max-width: 768px) 150px, 768px\" srcset=\"https:\/\/talkpal.ai\/wp-content\/uploads\/2023\/06\/malay-768x768.png 768w, https:\/\/talkpal.ai\/wp-content\/uploads\/2023\/06\/malay-300x300.png 300w\" \/>\r\n    \r\n\r\n    <\/figure>\r\n\r\n            <a class=\"getStartedVisible\" href=\"https:\/\/app.talkpal.ai\/pl\/signup?lng=\">Zaczynaj<\/a>\r\n    \r\n<\/section>\r\n\r\n\r\n<!-- <section class=\"grammarSection\">\r\n    <div class=\"grammarLinks\">\r\n            <\/div>\r\n<\/section> -->\r\n\r\n\r\n\r\n\r\n<section class=\"promotionalBanner\">\r\n    <p class=\"promotionalText\">Najbardziej efektywny spos\u00f3b nauki j\u0119zyka<\/p>\r\n    <a class=\"promotionalLink\" href=\"https:\/\/app.talkpal.ai\/pl\/signup?lng=\">Wypr\u00f3buj Talkpal za darmo<\/a>\r\n<\/section>\n<div class=\"wp-block-group pageContainerStyle\"><div class=\"wp-block-group__inner-container is-layout-constrained wp-block-group-is-layout-constrained\">\n<h2 class=\"wp-block-heading\" id=\"h-malay-grammar-topics\">Tematy gramatyczne malajskiego<\/h2>\n\n\n\n<p><a href=\"https:\/\/talkpal.ai\/pl\/jak-uczyc-sie-jezyka-za-posrednictwem-czatu-talkpal\/\">Nauka j\u0119zyka<\/a> malajskiego mo\u017ce by\u0107 wzbogacaj\u0105cym do\u015bwiadczeniem, otwieraj\u0105cym mo\u017cliwo\u015bci zrozumienia bogatego dziedzictwa kulturowego Malezji, Indonezji i kraj\u00f3w s\u0105siednich. J\u0119zyk nale\u017cy do rodziny austronezyjskiej i jest u\u017cywany przez miliony ludzi w ca\u0142ej Azji Po\u0142udniowo-Wschodniej. Jego <a href=\"https:\/\/talkpal.ai\/grammar\/\">gramatyka<\/a> jest stosunkowo prosta w por\u00f3wnaniu z wieloma j\u0119zykami europejskimi, co czyni go atrakcyjnym wyborem dla os\u00f3b ucz\u0105cych si\u0119 j\u0119zyk\u00f3w. Zanim zag\u0142\u0119bimy si\u0119 w r\u00f3\u017cne aspekty gramatyki j\u0119zyka malajskiego, konieczne jest zapoznanie si\u0119 z podstawowymi elementami sk\u0142adaj\u0105cymi si\u0119 na ten j\u0119zyk. W tym przewodniku om\u00f3wimy te tematy w kolejno\u015bci, kt\u00f3ra pomo\u017ce Ci skutecznie <a href=\"https:\/\/talkpal.ai\/pl\/jak-szybko-i-skutecznie-nauczyc-sie-nowego-jezyka\/\">nauczy\u0107 si\u0119 j\u0119zyka<\/a>.<\/p>\n\n\n\n<h3 class=\"wp-block-heading\" id=\"h-1-nouns\">1. Rzeczowniki:<\/h3>\n\n\n\n<p>Zacznij od nauki rzeczownik\u00f3w malajskich, s\u0142\u00f3w reprezentuj\u0105cych ludzi, miejsca, rzeczy i idee. W j\u0119zyku malajskim rzeczowniki nie maj\u0105 rodzaju ani liczby mnogiej, jak w wielu innych j\u0119zykach, co u\u0142atwia ich nauk\u0119. Skoncentruj si\u0119 na budowaniu s\u0142ownictwa, zapami\u0119tuj\u0105c rzeczowniki pospolite i ich znaczenie.<\/p>\n\n\n\n<h3 class=\"wp-block-heading\" id=\"h-2-pronouns-determiners\">2. Zaimki\/okre\u015blniki:<\/h3>\n\n\n\n<p>Nast\u0119pnie <a href=\"https:\/\/talkpal.ai\/pl\/naucz-sie-malajskiego\/\">naucz si\u0119<\/a> malajskich zaimk\u00f3w i okre\u015blnik\u00f3w, kt\u00f3re s\u0105 u\u017cywane w odniesieniu do rzeczownik\u00f3w. Zaimki zast\u0119puj\u0105 rzeczowniki w zdaniach, podczas gdy okre\u015blniki dostarczaj\u0105 informacji o rzeczowniku, takich jak ilo\u015b\u0107 lub posiadanie. Zapoznaj si\u0119 z zaimkami osobowymi (np. saya dla &#8222;ja&#8221; i kamu dla &#8222;ty&#8221;) i okre\u015blnikami dzier\u017cawczymi (np. ini dla &#8222;to&#8221; i <a href=\"https:\/\/talkpal.ai\/locations\/language-courses-in-itu\/\">itu<\/a> dla &#8222;tamto&#8221;).<\/p>\n\n\n\n<h3 class=\"wp-block-heading\" id=\"h-3-articles\">3. Artyku\u0142y:<\/h3>\n\n\n\n<p>W przeciwie\u0144stwie do j\u0119zyka angielskiego, <a href=\"https:\/\/talkpal.ai\/learn-malay\/\">malajski<\/a> nie posiada przedimk\u00f3w okre\u015blonych lub nieokre\u015blonych (np. &#8222;the&#8221; lub &#8222;a\/an&#8221;). Jednak <a href=\"https:\/\/talkpal.ai\/talkpal-christmas-discount\/\">nadal<\/a> wa\u017cne jest, aby zrozumie\u0107, w jaki spos\u00f3b j\u0119zyk wskazuje na szczeg\u00f3\u0142owo\u015b\u0107 i og\u00f3lno\u015b\u0107 w zdaniach.<\/p>\n\n\n\n<h3 class=\"wp-block-heading\" id=\"h-4-verbs\">4. Czasowniki:<\/h3>\n\n\n\n<p>Czasowniki s\u0105 kluczowe w j\u0119zyku malajskim, poniewa\u017c wyra\u017caj\u0105 czynno\u015bci, stany lub zdarzenia. <a href=\"https:\/\/talkpal.ai\/pl\/naucz-sie-malajskiego\/\">Naucz si\u0119<\/a> podstawowych form czasownik\u00f3w i dowiedz si\u0119, jak je odmienia\u0107 wed\u0142ug czasu, osoby i liczby.<\/p>\n\n\n\n<h3 class=\"wp-block-heading\" id=\"h-5-tenses\">5. Czasy:<\/h3>\n\n\n\n<p><a href=\"https:\/\/talkpal.ai\/learn-malay\/\">Malajski<\/a> ma mniej czas\u00f3w ni\u017c <a href=\"https:\/\/talkpal.ai\/learn-english-with-ai\/\">angielski<\/a>, z g\u0142\u00f3wnym naciskiem na przesz\u0142e, tera\u017aniejsze i przysz\u0142e dzia\u0142ania. Dowiedz si\u0119, jak wyra\u017ca\u0107 czas w malajskim, rozumiej\u0105c r\u00f3\u017cnice mi\u0119dzy czasem prostym, progresywnym i dokonanym.<\/p>\n\n\n\n<h3 class=\"wp-block-heading\" id=\"h-6-adjectives\">6. Przymiotniki:<\/h3>\n\n\n\n<p>Przymiotniki opisuj\u0105 lub modyfikuj\u0105 rzeczowniki, dostarczaj\u0105c dodatkowych informacji o ich cechach lub cechach. Naucz si\u0119 popularnych przymiotnik\u00f3w malajskich i tego, jak zmieniaj\u0105 si\u0119 w zdaniach w zale\u017cno\u015bci od rzeczownika, kt\u00f3ry modyfikuj\u0105.<\/p>\n\n\n\n<h3 class=\"wp-block-heading\" id=\"h-7-adverbs\">7. Przys\u0142\u00f3wki:<\/h3>\n\n\n\n<p>Przys\u0142\u00f3wki modyfikuj\u0105 czasowniki, przymiotniki lub inne przys\u0142\u00f3wki, dostarczaj\u0105c informacji o czasie, sposobie, miejscu lub stopniu. Zapoznaj si\u0119 z popularnymi przys\u0142\u00f3wkami malajskimi i ich rozmieszczeniem w zdaniach.<\/p>\n\n\n\n<h3 class=\"wp-block-heading\" id=\"h-8-prepositions\">8. Przyimki:<\/h3>\n\n\n\n<p>Przyimki s\u0142u\u017c\u0105 do \u0142\u0105czenia rzeczownik\u00f3w, zaimk\u00f3w lub fraz z innymi s\u0142owami w zdaniu, pokazuj\u0105c relacje, takie jak lokalizacja, kierunek lub czas. Naucz si\u0119 popularnych przyimk\u00f3w malajskich i ich funkcjonowania w zdaniach.<\/p>\n\n\n\n<h3 class=\"wp-block-heading\" id=\"h-9-conditionals\">9. Warunki szczeg\u00f3\u0142owe:<\/h3>\n\n\n\n<p>Zdania warunkowe wyra\u017caj\u0105 hipotetyczne sytuacje lub warunki oraz ich mo\u017cliwe wyniki. Dowiedz si\u0119, jak tworzy\u0107 zdania warunkowe w j\u0119zyku malajskim, u\u017cywaj\u0105c odpowiednich form czasownik\u00f3w i sp\u00f3jnik\u00f3w.<\/p>\n\n\n\n<h3 class=\"wp-block-heading\" id=\"h-10-sentences\">10. Zdania:<\/h3>\n\n\n\n<p>Na koniec po\u0107wicz konstruowanie zda\u0144 malajskich, \u0142\u0105cz\u0105c rzeczowniki, zaimki, czasowniki, przymiotniki, przys\u0142\u00f3wki i przyimki. Zrozum podstawow\u0105 struktur\u0119 zda\u0144, tak\u0105 jak podmiot-orzeczenie-dope\u0142nienie, i prze\u0107wicz tworzenie zda\u0144 z\u0142o\u017conych przy u\u017cyciu sp\u00f3jnik\u00f3w i zda\u0144 wzgl\u0119dnych.<\/p>\n\n\n\n<p>Post\u0119puj\u0105c zgodnie z t\u0105 sekwencj\u0105 i po\u015bwi\u0119caj\u0105c czas na \u0107wiczenie ka\u017cdego tematu, zbudujesz solidne podstawy gramatyki malajskiej i b\u0119dziesz na dobrej drodze do stania si\u0119 bieg\u0142ym m\u00f3wc\u0105 w tym j\u0119zyku.<\/p>\n<\/div><\/div>\n\r\n<section class=\"learnNavigationSection\">\r\n            \r\n        <a href=\"https:\/\/talkpal.ai\/pl\/naucz-sie-malajskiego\/\">\r\n            <div class=\"learnNavigationWrapper\">\r\n                <div class=\"learnNavigationContent\">\r\n                    <img decoding=\"async\" src=\"https:\/\/talkpal.ai\/wp-content\/uploads\/2024\/08\/Malay.jpg\" alt=\"Malaysian Flag\">\r\n                    <div>\r\n                        <h4>O Malay Learning<\/h4>\r\n                        <p>Dowiedz si\u0119 wszystkiego o gramatyce malajskiej.<\/p>\r\n                    <\/div>\r\n                <\/div>\r\n            <\/div>\r\n        <\/a>\r\n\r\n        \r\n        <a href=\"https:\/\/talkpal.ai\/pl\/gramatyka-malajska\/\">\r\n            <div class=\"learnNavigationWrapper\">\r\n                <div class=\"learnNavigationContent\">\r\n                    <img decoding=\"async\" src=\"https:\/\/talkpal.ai\/wp-content\/uploads\/2024\/08\/Malay.jpg\" alt=\"Malaysian Flag\">\r\n                    <div>\r\n                        <h4>Lekcje gramatyki j\u0119zyka malajskiego<\/h4>\r\n                        <p>\u0106wicz gramatyk\u0119 malajsk\u0105.<\/p>\r\n                    <\/div>\r\n                <\/div>\r\n            <\/div>\r\n        <\/a>\r\n\r\n        \r\n        <a href=\"https:\/\/talkpal.ai\/vocabulary_language\/malay\/\">\r\n            <div class=\"learnNavigationWrapper\">\r\n                <div class=\"learnNavigationContent\">\r\n                    <img decoding=\"async\" src=\"https:\/\/talkpal.ai\/wp-content\/uploads\/2024\/08\/Malay.jpg\" alt=\"Malaysian Flag\">\r\n                    <div>\r\n                        <h4>S\u0142ownictwo malajskie<\/h4>\r\n                        <p>Poszerz swoje malajskie s\u0142ownictwo.<\/p>\r\n                    <\/div>\r\n                <\/div>\r\n            <\/div>\r\n        <\/a>\r\n\r\n            <\/section>","protected":false},"excerpt":{"rendered":"<p>Tematy gramatyczne malajskiego Nauka j\u0119zyka malajskiego mo\u017ce by\u0107 wzbogacaj\u0105cym do\u015bwiadczeniem, otwieraj\u0105cym mo\u017cliwo\u015bci zrozumienia bogatego dziedzictwa kulturowego Malezji, Indonezji i kraj\u00f3w s\u0105siednich. J\u0119zyk nale\u017cy do rodziny austronezyjskiej i jest u\u017cywany przez miliony ludzi w ca\u0142ej Azji Po\u0142udniowo-Wschodniej. Jego gramatyka jest stosunkowo prosta w por\u00f3wnaniu z wieloma j\u0119zykami europejskimi, co czyni go atrakcyjnym wyborem dla os\u00f3b ucz\u0105cych [&hellip;]<\/p>\n","protected":false},"author":6,"featured_media":115941,"parent":0,"menu_order":0,"comment_status":"closed","ping_status":"closed","template":"LearningContentPage.php","meta":{"_acf_changed":false,"footnotes":""},"class_list":["post-159785","page","type-page","status-publish","has-post-thumbnail","hentry"],"acf":[],"yoast_head":"<!-- This site is optimized with the Yoast SEO Premium plugin v27.2 (Yoast SEO v27.2) - https:\/\/yoast.com\/product\/yoast-seo-premium-wordpress\/ -->\n<title>\u0106wiczenia gramatyczne z j\u0119zyka malajskiego - Talkpal<\/title>\n<meta name=\"description\" content=\"Popraw swoje umiej\u0119tno\u015bci j\u0119zykowe dzi\u0119ki \u0107wiczeniom gramatycznym z j\u0119zyka malajskiego. Naucz si\u0119 podstaw, aby lepiej zrozumie\u0107 j\u0119zyk malajski.\" \/>\n<meta name=\"robots\" content=\"index, follow, max-snippet:-1, max-image-preview:large, max-video-preview:-1\" \/>\n<link rel=\"canonical\" href=\"https:\/\/talkpal.ai\/pl\/cwiczenia-gramatyczne-z-jezyka-malajskiego\/\" \/>\n<meta property=\"og:locale\" content=\"pl_PL\" \/>\n<meta property=\"og:type\" content=\"article\" \/>\n<meta property=\"og:title\" content=\"\u0106wiczenia gramatyczne z j\u0119zyka malajskiego\" \/>\n<meta property=\"og:description\" content=\"Tematy gramatyczne malajskiego Nauka j\u0119zyka malajskiego mo\u017ce by\u0107 wzbogacaj\u0105cym do\u015bwiadczeniem, otwieraj\u0105cym mo\u017cliwo\u015bci zrozumienia bogatego dziedzictwa\" \/>\n<meta property=\"og:url\" content=\"https:\/\/talkpal.ai\/pl\/cwiczenia-gramatyczne-z-jezyka-malajskiego\/\" \/>\n<meta property=\"og:site_name\" content=\"Talkpal\" \/>\n<meta property=\"article:publisher\" content=\"https:\/\/www.facebook.com\/profile.php?id=100090733639311\" \/>\n<meta property=\"article:modified_time\" content=\"2025-12-17T15:12:33+00:00\" \/>\n<meta property=\"og:image\" content=\"https:\/\/talkpal.ai\/wp-content\/uploads\/2023\/05\/malaysia.png\" \/>\n\t<meta property=\"og:image:width\" content=\"512\" \/>\n\t<meta property=\"og:image:height\" content=\"512\" \/>\n\t<meta property=\"og:image:type\" content=\"image\/png\" \/>\n<meta name=\"twitter:card\" content=\"summary_large_image\" \/>\n<meta name=\"twitter:site\" content=\"@talkpalai\" \/>\n<meta name=\"twitter:label1\" content=\"Szacowany czas czytania\" \/>\n\t<meta name=\"twitter:data1\" content=\"3 minuty\" \/>\n<script type=\"application\/ld+json\" class=\"yoast-schema-graph\">{\"@context\":\"https:\/\/schema.org\",\"@graph\":[{\"@type\":\"WebPage\",\"@id\":\"https:\/\/talkpal.ai\/pl\/cwiczenia-gramatyczne-z-jezyka-malajskiego\/\",\"url\":\"https:\/\/talkpal.ai\/pl\/cwiczenia-gramatyczne-z-jezyka-malajskiego\/\",\"name\":\"\u0106wiczenia gramatyczne z j\u0119zyka malajskiego - Talkpal\",\"isPartOf\":{\"@id\":\"https:\/\/talkpal.ai\/pl\/#website\"},\"primaryImageOfPage\":{\"@id\":\"https:\/\/talkpal.ai\/pl\/cwiczenia-gramatyczne-z-jezyka-malajskiego\/#primaryimage\"},\"image\":{\"@id\":\"https:\/\/talkpal.ai\/pl\/cwiczenia-gramatyczne-z-jezyka-malajskiego\/#primaryimage\"},\"thumbnailUrl\":\"https:\/\/talkpal.ai\/wp-content\/uploads\/2023\/05\/malaysia.png\",\"datePublished\":\"2023-06-22T08:29:59+00:00\",\"dateModified\":\"2025-12-17T15:12:33+00:00\",\"description\":\"Popraw swoje umiej\u0119tno\u015bci j\u0119zykowe dzi\u0119ki \u0107wiczeniom gramatycznym z j\u0119zyka malajskiego. Naucz si\u0119 podstaw, aby lepiej zrozumie\u0107 j\u0119zyk malajski.\",\"breadcrumb\":{\"@id\":\"https:\/\/talkpal.ai\/pl\/cwiczenia-gramatyczne-z-jezyka-malajskiego\/#breadcrumb\"},\"inLanguage\":\"pl-PL\",\"potentialAction\":[{\"@type\":\"ReadAction\",\"target\":[\"https:\/\/talkpal.ai\/pl\/cwiczenia-gramatyczne-z-jezyka-malajskiego\/\"]}]},{\"@type\":\"ImageObject\",\"inLanguage\":\"pl-PL\",\"@id\":\"https:\/\/talkpal.ai\/pl\/cwiczenia-gramatyczne-z-jezyka-malajskiego\/#primaryimage\",\"url\":\"https:\/\/talkpal.ai\/wp-content\/uploads\/2023\/05\/malaysia.png\",\"contentUrl\":\"https:\/\/talkpal.ai\/wp-content\/uploads\/2023\/05\/malaysia.png\",\"width\":512,\"height\":512},{\"@type\":\"BreadcrumbList\",\"@id\":\"https:\/\/talkpal.ai\/pl\/cwiczenia-gramatyczne-z-jezyka-malajskiego\/#breadcrumb\",\"itemListElement\":[{\"@type\":\"ListItem\",\"position\":1,\"name\":\"Homepage\",\"item\":\"https:\/\/talkpal.ai\/pl\/\"},{\"@type\":\"ListItem\",\"position\":2,\"name\":\"\u0106wiczenia gramatyczne z j\u0119zyka malajskiego\"}]},{\"@type\":\"WebSite\",\"@id\":\"https:\/\/talkpal.ai\/pl\/#website\",\"url\":\"https:\/\/talkpal.ai\/pl\/\",\"name\":\"Talkpal\",\"description\":\"AI Language Learning\",\"publisher\":{\"@id\":\"https:\/\/talkpal.ai\/pl\/#organization\"},\"alternateName\":\"Talkpal AI\",\"potentialAction\":[{\"@type\":\"SearchAction\",\"target\":{\"@type\":\"EntryPoint\",\"urlTemplate\":\"https:\/\/talkpal.ai\/pl\/?s={search_term_string}\"},\"query-input\":{\"@type\":\"PropertyValueSpecification\",\"valueRequired\":true,\"valueName\":\"search_term_string\"}}],\"inLanguage\":\"pl-PL\"},{\"@type\":\"Organization\",\"@id\":\"https:\/\/talkpal.ai\/pl\/#organization\",\"name\":\"Talkpal, Inc.\",\"alternateName\":\"Talkpal AI\",\"url\":\"https:\/\/talkpal.ai\/pl\/\",\"logo\":{\"@type\":\"ImageObject\",\"inLanguage\":\"pl-PL\",\"@id\":\"https:\/\/talkpal.ai\/pl\/#\/schema\/logo\/image\/\",\"url\":\"https:\/\/talkpal.ai\/wp-content\/uploads\/2024\/03\/Talkpal-Logo-Icon.png\",\"contentUrl\":\"https:\/\/talkpal.ai\/wp-content\/uploads\/2024\/03\/Talkpal-Logo-Icon.png\",\"width\":2880,\"height\":2880,\"caption\":\"Talkpal, Inc.\"},\"image\":{\"@id\":\"https:\/\/talkpal.ai\/pl\/#\/schema\/logo\/image\/\"},\"sameAs\":[\"https:\/\/www.facebook.com\/profile.php?id=100090733639311\",\"https:\/\/x.com\/talkpalai\",\"https:\/\/www.linkedin.com\/company\/talkpal\/\",\"https:\/\/www.youtube.com\/@TalkPal\/\",\"https:\/\/www.tiktok.com\/@talkpal\",\"https:\/\/www.instagram.com\/talkpal_ai\/\",\"https:\/\/www.crunchbase.com\/organization\/talkpal-9cde\",\"https:\/\/www.g2.com\/products\/talkpal-for-business\/\",\"https:\/\/www.trustpilot.com\/review\/talkpal.ai\",\"https:\/\/www.capterra.com\/p\/10006800\/TalkPal\/\"],\"description\":\"Talkpal is a language learning web and mobile education app, powered by the latest AI technologies, that provides engaging experiences to its customers in many different languages to help them improve their language skills. Users can chat about unlimited amount of topics with the app and use other modes to practice their language learning.\",\"email\":\"support@talkpal.ai\",\"legalName\":\"Talkpal, Inc.\",\"foundingDate\":\"2023-04-03\",\"duns\":\"118989042\",\"numberOfEmployees\":{\"@type\":\"QuantitativeValue\",\"minValue\":\"11\",\"maxValue\":\"50\"},\"publishingPrinciples\":\"https:\/\/talkpal.ai\/publishing-principles\/\",\"actionableFeedbackPolicy\":\"https:\/\/talkpal.ai\/actionable-feedback-policy\/\",\"correctionsPolicy\":\"https:\/\/talkpal.ai\/corrections-policy\/\",\"ethicsPolicy\":\"https:\/\/talkpal.ai\/ethics-policy\/\",\"diversityPolicy\":\"https:\/\/talkpal.ai\/diversity-policy\/\",\"diversityStaffingReport\":\"https:\/\/talkpal.ai\/diversity-policy\/\"}]}<\/script>\n<!-- \/ Yoast SEO Premium plugin. -->","yoast_head_json":{"title":"\u0106wiczenia gramatyczne z j\u0119zyka malajskiego - Talkpal","description":"Popraw swoje umiej\u0119tno\u015bci j\u0119zykowe dzi\u0119ki \u0107wiczeniom gramatycznym z j\u0119zyka malajskiego. Naucz si\u0119 podstaw, aby lepiej zrozumie\u0107 j\u0119zyk malajski.","robots":{"index":"index","follow":"follow","max-snippet":"max-snippet:-1","max-image-preview":"max-image-preview:large","max-video-preview":"max-video-preview:-1"},"canonical":"https:\/\/talkpal.ai\/pl\/cwiczenia-gramatyczne-z-jezyka-malajskiego\/","og_locale":"pl_PL","og_type":"article","og_title":"\u0106wiczenia gramatyczne z j\u0119zyka malajskiego","og_description":"Tematy gramatyczne malajskiego Nauka j\u0119zyka malajskiego mo\u017ce by\u0107 wzbogacaj\u0105cym do\u015bwiadczeniem, otwieraj\u0105cym mo\u017cliwo\u015bci zrozumienia bogatego dziedzictwa","og_url":"https:\/\/talkpal.ai\/pl\/cwiczenia-gramatyczne-z-jezyka-malajskiego\/","og_site_name":"Talkpal","article_publisher":"https:\/\/www.facebook.com\/profile.php?id=100090733639311","article_modified_time":"2025-12-17T15:12:33+00:00","og_image":[{"width":512,"height":512,"url":"https:\/\/talkpal.ai\/wp-content\/uploads\/2023\/05\/malaysia.png","type":"image\/png"}],"twitter_card":"summary_large_image","twitter_site":"@talkpalai","twitter_misc":{"Szacowany czas czytania":"3 minuty"},"schema":{"@context":"https:\/\/schema.org","@graph":[{"@type":"WebPage","@id":"https:\/\/talkpal.ai\/pl\/cwiczenia-gramatyczne-z-jezyka-malajskiego\/","url":"https:\/\/talkpal.ai\/pl\/cwiczenia-gramatyczne-z-jezyka-malajskiego\/","name":"\u0106wiczenia gramatyczne z j\u0119zyka malajskiego - Talkpal","isPartOf":{"@id":"https:\/\/talkpal.ai\/pl\/#website"},"primaryImageOfPage":{"@id":"https:\/\/talkpal.ai\/pl\/cwiczenia-gramatyczne-z-jezyka-malajskiego\/#primaryimage"},"image":{"@id":"https:\/\/talkpal.ai\/pl\/cwiczenia-gramatyczne-z-jezyka-malajskiego\/#primaryimage"},"thumbnailUrl":"https:\/\/talkpal.ai\/wp-content\/uploads\/2023\/05\/malaysia.png","datePublished":"2023-06-22T08:29:59+00:00","dateModified":"2025-12-17T15:12:33+00:00","description":"Popraw swoje umiej\u0119tno\u015bci j\u0119zykowe dzi\u0119ki \u0107wiczeniom gramatycznym z j\u0119zyka malajskiego. Naucz si\u0119 podstaw, aby lepiej zrozumie\u0107 j\u0119zyk malajski.","breadcrumb":{"@id":"https:\/\/talkpal.ai\/pl\/cwiczenia-gramatyczne-z-jezyka-malajskiego\/#breadcrumb"},"inLanguage":"pl-PL","potentialAction":[{"@type":"ReadAction","target":["https:\/\/talkpal.ai\/pl\/cwiczenia-gramatyczne-z-jezyka-malajskiego\/"]}]},{"@type":"ImageObject","inLanguage":"pl-PL","@id":"https:\/\/talkpal.ai\/pl\/cwiczenia-gramatyczne-z-jezyka-malajskiego\/#primaryimage","url":"https:\/\/talkpal.ai\/wp-content\/uploads\/2023\/05\/malaysia.png","contentUrl":"https:\/\/talkpal.ai\/wp-content\/uploads\/2023\/05\/malaysia.png","width":512,"height":512},{"@type":"BreadcrumbList","@id":"https:\/\/talkpal.ai\/pl\/cwiczenia-gramatyczne-z-jezyka-malajskiego\/#breadcrumb","itemListElement":[{"@type":"ListItem","position":1,"name":"Homepage","item":"https:\/\/talkpal.ai\/pl\/"},{"@type":"ListItem","position":2,"name":"\u0106wiczenia gramatyczne z j\u0119zyka malajskiego"}]},{"@type":"WebSite","@id":"https:\/\/talkpal.ai\/pl\/#website","url":"https:\/\/talkpal.ai\/pl\/","name":"Talkpal","description":"AI Language Learning","publisher":{"@id":"https:\/\/talkpal.ai\/pl\/#organization"},"alternateName":"Talkpal AI","potentialAction":[{"@type":"SearchAction","target":{"@type":"EntryPoint","urlTemplate":"https:\/\/talkpal.ai\/pl\/?s={search_term_string}"},"query-input":{"@type":"PropertyValueSpecification","valueRequired":true,"valueName":"search_term_string"}}],"inLanguage":"pl-PL"},{"@type":"Organization","@id":"https:\/\/talkpal.ai\/pl\/#organization","name":"Talkpal, Inc.","alternateName":"Talkpal AI","url":"https:\/\/talkpal.ai\/pl\/","logo":{"@type":"ImageObject","inLanguage":"pl-PL","@id":"https:\/\/talkpal.ai\/pl\/#\/schema\/logo\/image\/","url":"https:\/\/talkpal.ai\/wp-content\/uploads\/2024\/03\/Talkpal-Logo-Icon.png","contentUrl":"https:\/\/talkpal.ai\/wp-content\/uploads\/2024\/03\/Talkpal-Logo-Icon.png","width":2880,"height":2880,"caption":"Talkpal, Inc."},"image":{"@id":"https:\/\/talkpal.ai\/pl\/#\/schema\/logo\/image\/"},"sameAs":["https:\/\/www.facebook.com\/profile.php?id=100090733639311","https:\/\/x.com\/talkpalai","https:\/\/www.linkedin.com\/company\/talkpal\/","https:\/\/www.youtube.com\/@TalkPal\/","https:\/\/www.tiktok.com\/@talkpal","https:\/\/www.instagram.com\/talkpal_ai\/","https:\/\/www.crunchbase.com\/organization\/talkpal-9cde","https:\/\/www.g2.com\/products\/talkpal-for-business\/","https:\/\/www.trustpilot.com\/review\/talkpal.ai","https:\/\/www.capterra.com\/p\/10006800\/TalkPal\/"],"description":"Talkpal is a language learning web and mobile education app, powered by the latest AI technologies, that provides engaging experiences to its customers in many different languages to help them improve their language skills. Users can chat about unlimited amount of topics with the app and use other modes to practice their language learning.","email":"support@talkpal.ai","legalName":"Talkpal, Inc.","foundingDate":"2023-04-03","duns":"118989042","numberOfEmployees":{"@type":"QuantitativeValue","minValue":"11","maxValue":"50"},"publishingPrinciples":"https:\/\/talkpal.ai\/publishing-principles\/","actionableFeedbackPolicy":"https:\/\/talkpal.ai\/actionable-feedback-policy\/","correctionsPolicy":"https:\/\/talkpal.ai\/corrections-policy\/","ethicsPolicy":"https:\/\/talkpal.ai\/ethics-policy\/","diversityPolicy":"https:\/\/talkpal.ai\/diversity-policy\/","diversityStaffingReport":"https:\/\/talkpal.ai\/diversity-policy\/"}]}},"_links":{"self":[{"href":"https:\/\/talkpal.ai\/pl\/wp-json\/wp\/v2\/pages\/159785","targetHints":{"allow":["GET"]}}],"collection":[{"href":"https:\/\/talkpal.ai\/pl\/wp-json\/wp\/v2\/pages"}],"about":[{"href":"https:\/\/talkpal.ai\/pl\/wp-json\/wp\/v2\/types\/page"}],"author":[{"embeddable":true,"href":"https:\/\/talkpal.ai\/pl\/wp-json\/wp\/v2\/users\/6"}],"replies":[{"embeddable":true,"href":"https:\/\/talkpal.ai\/pl\/wp-json\/wp\/v2\/comments?post=159785"}],"version-history":[{"count":0,"href":"https:\/\/talkpal.ai\/pl\/wp-json\/wp\/v2\/pages\/159785\/revisions"}],"wp:featuredmedia":[{"embeddable":true,"href":"https:\/\/talkpal.ai\/pl\/wp-json\/wp\/v2\/media\/115941"}],"wp:attachment":[{"href":"https:\/\/talkpal.ai\/pl\/wp-json\/wp\/v2\/media?parent=159785"}],"curies":[{"name":"wp","href":"https:\/\/api.w.org\/{rel}","templated":true}]}}