{"id":159217,"date":"2023-06-22T08:37:16","date_gmt":"2023-06-22T08:37:16","guid":{"rendered":"http:\/\/talkpal.ai\/cwiczenia-gramatyczne-marathi\/"},"modified":"2025-12-17T15:24:30","modified_gmt":"2025-12-17T15:24:30","slug":"cwiczenia-gramatyczne-marathi","status":"publish","type":"page","link":"https:\/\/talkpal.ai\/pl\/cwiczenia-gramatyczne-marathi\/","title":{"rendered":"\u0106wiczenia gramatyczne marathi"},"content":{"rendered":"\r\n\r\n\r\n<section class=\"languageChallengeSection\">\r\n    <div class=\"languageInfoWrapper\">\r\n        \r\n        <h1>\u0106wiczenia gramatyczne marathi<\/h1>\r\n        <p>Gotowy do wzmocnienia swoich umiej\u0119tno\u015bci <a href=\"https:\/\/talkpal.ai\/learn-marathi\/\">Marathi<\/a>? \u0106wiczenie gramatyki to doskona\u0142y spos\u00f3b na opanowanie struktury zda\u0144, form czasownik\u00f3w i kluczowych wzorc\u00f3w gramatycznych j\u0119zyka. Zacznij odkrywa\u0107 gramatyk\u0119 Marathi ju\u017c dzi\u015b i obserwuj, jak twoja pewno\u015b\u0107 siebie i p\u0142ynno\u015b\u0107 rosn\u0105 z ka\u017cdym \u0107wiczeniem!<\/p>\r\n\r\n                            <a class=\"getStartedHidden\" href=\"https:\/\/app.talkpal.ai\/pl\/signup?lng=\">Zaczynaj<\/a>\r\n        \r\n    <\/div>\r\n\r\n    <figure>\r\n    <img decoding=\"async\" width=\"768\" height=\"768\" src=\"https:\/\/talkpal.ai\/wp-content\/uploads\/2023\/06\/marathi-768x768.png\" class=\"languageImage no-lazy\" alt=\"Fun ways to make language learning interesting\" fetchpriority=\"high\" sizes=\"(max-width: 768px) 150px, 768px\" srcset=\"https:\/\/talkpal.ai\/wp-content\/uploads\/2023\/06\/marathi-768x768.png 768w, https:\/\/talkpal.ai\/wp-content\/uploads\/2023\/06\/marathi-300x300.png 300w\" \/>\r\n    \r\n\r\n    <\/figure>\r\n\r\n            <a class=\"getStartedVisible\" href=\"https:\/\/app.talkpal.ai\/pl\/signup?lng=\">Zaczynaj<\/a>\r\n    \r\n<\/section>\r\n\r\n\r\n<!-- <section class=\"grammarSection\">\r\n    <div class=\"grammarLinks\">\r\n            <\/div>\r\n<\/section> -->\r\n\r\n\r\n\r\n\r\n<section class=\"promotionalBanner\">\r\n    <p class=\"promotionalText\">Najbardziej efektywny spos\u00f3b nauki j\u0119zyka<\/p>\r\n    <a class=\"promotionalLink\" href=\"https:\/\/app.talkpal.ai\/pl\/signup?lng=\">Wypr\u00f3buj Talkpal za darmo<\/a>\r\n<\/section>\n<div class=\"wp-block-group pageContainerStyle\"><div class=\"wp-block-group__inner-container is-layout-constrained wp-block-group-is-layout-constrained\">\n<h2 class=\"wp-block-heading\" id=\"h-marathi-grammar-topics\">Marathi Tematy gramatyczne<\/h2>\n\n\n\n<p>Marathi, j\u0119zyk indoaryjski, jest u\u017cywany g\u0142\u00f3wnie w indyjskim stanie Maharasztra i jest j\u0119zykiem urz\u0119dowym regionu. Nauka marathi mo\u017ce by\u0107 wzbogacaj\u0105cym do\u015bwiadczeniem, poniewa\u017c otwiera drzwi do bogatej kultury, historii i literatury. Aby skutecznie uczy\u0107 si\u0119 marathi, wa\u017cne jest, aby mie\u0107 ustrukturyzowane podej\u015bcie, kt\u00f3re koncentruje si\u0119 na r\u00f3\u017cnych aspektach j\u0119zyka, takich jak <a href=\"https:\/\/talkpal.ai\/grammar\/\">gramatyka<\/a>, s\u0142ownictwo i wymowa. Ten artyku\u0142 poprowadzi Ci\u0119 przez sekwencj\u0119 nauki temat\u00f3w gramatyki marathi, zaczynaj\u0105c od czas\u00f3w, czasownik\u00f3w, rzeczownik\u00f3w, a przechodz\u0105c do bardziej zaawansowanych poj\u0119\u0107, takich jak instrukcje warunkowe i przyimki.<\/p>\n\n\n\n<h3 class=\"wp-block-heading\" id=\"h-1-tenses\">1. Czasy:<\/h3>\n\n\n\n<p>Czasy s\u0105 podstaw\u0105 ka\u017cdego j\u0119zyka, poniewa\u017c pomagaj\u0105 wyrazi\u0107 dzia\u0142ania lub stany w odniesieniu do czasu. W j\u0119zyku marathi istniej\u0105 trzy podstawowe czasy \u2013 przesz\u0142y, tera\u017aniejszy i przysz\u0142y. Ka\u017cdy czas ma r\u00f3\u017cne formy w zale\u017cno\u015bci od rodzaju czynno\u015bci (prosty, ci\u0105g\u0142y, dokonany lub doskona\u0142y ci\u0105g\u0142y). Zacznij od nauki czas\u00f3w prostych, a nast\u0119pnie przejd\u017a do bardziej z\u0142o\u017conych.<\/p>\n\n\n\n<h3 class=\"wp-block-heading\" id=\"h-2-tense-comparison\">2. Por\u00f3wnanie czasu:<\/h3>\n\n\n\n<p>Po zrozumieniu podstawowych czas\u00f3w wa\u017cne jest, aby nauczy\u0107 si\u0119 je por\u00f3wnywa\u0107. Por\u00f3wnanie czasu pozwala m\u00f3wi\u0107 o wielu dzia\u0142aniach lub wydarzeniach zachodz\u0105cych jednocze\u015bnie lub w r\u00f3\u017cnych ramach czasowych. Pomaga to w tworzeniu z\u0142o\u017conych zda\u0144 i wyra\u017caniu szerszego zakresu pomys\u0142\u00f3w.<\/p>\n\n\n\n<h3 class=\"wp-block-heading\" id=\"h-3-verbs\">3. Czasowniki:<\/h3>\n\n\n\n<p>Czasowniki to s\u0142owa czynno\u015bci, kt\u00f3re reprezentuj\u0105 czynno\u015b\u0107 lub stan w zdaniu. W j\u0119zyku marathi czasowniki odmieniaj\u0105 si\u0119, aby wskaza\u0107 czas, aspekt, nastr\u00f3j i g\u0142os. <a href=\"https:\/\/talkpal.ai\/pl\/naucz-sie-malajskiego\/\">Naucz si\u0119<\/a> podstawowych zasad koniugacji czasownik\u00f3w i r\u00f3\u017cnych form czasownik\u00f3w, aby poprawi\u0107 swoje umiej\u0119tno\u015bci konstruowania zda\u0144.<\/p>\n\n\n\n<h3 class=\"wp-block-heading\" id=\"h-4-nouns\">4. Rzeczowniki:<\/h3>\n\n\n\n<p>Rzeczowniki to s\u0142owa, kt\u00f3re reprezentuj\u0105 ludzi, miejsca, rzeczy lub idee. Rzeczowniki marathi maj\u0105 rodzaj (m\u0119ski, \u017ce\u0144ski lub nijaki) i odmieniaj\u0105 si\u0119 przez liczb\u0119 (w liczbie pojedynczej lub mnogiej) i przypadek (bezpo\u015bredni, uko\u015bny lub dzier\u017cawczy). Zapoznaj si\u0119 z r\u00f3\u017cnymi formami rzeczownik\u00f3w i ich u\u017cyciem w zdaniach.<\/p>\n\n\n\n<h3 class=\"wp-block-heading\" id=\"h-5-articles\">5. Artyku\u0142y:<\/h3>\n\n\n\n<p>Marathi nie posiada przedimk\u00f3w takich jak &#8222;a&#8221;, &#8222;an&#8221; czy &#8222;the&#8221;. Istniej\u0105 jednak zaimki wskazuj\u0105ce i okre\u015blniki, kt\u00f3re s\u0142u\u017c\u0105 podobnemu celowi. Dowiedz si\u0119, jak u\u017cywa\u0107 tych zaimk\u00f3w i okre\u015blnik\u00f3w do okre\u015blania lub identyfikowania rzeczownik\u00f3w w zdaniu.<\/p>\n\n\n\n<h3 class=\"wp-block-heading\" id=\"h-6-pronouns-determiners\">6. Zaimki\/okre\u015blniki:<\/h3>\n\n\n\n<p>Zaimki zast\u0119puj\u0105 rzeczowniki, aby unikn\u0105\u0107 powt\u00f3rze\u0144, podczas gdy okre\u015blniki okre\u015blaj\u0105 lub ograniczaj\u0105 znaczenie rzeczownik\u00f3w. W j\u0119zyku marathi zaimki i okre\u015blniki zgadzaj\u0105 si\u0119 co do rodzaju i liczby z rzeczownikiem, kt\u00f3ry zast\u0119puj\u0105 lub modyfikuj\u0105. Naucz si\u0119 r\u00f3\u017cnych form i ich w\u0142a\u015bciwego u\u017cycia, aby poprawi\u0107 konstrukcj\u0119 zda\u0144.<\/p>\n\n\n\n<h3 class=\"wp-block-heading\" id=\"h-7-adjectives\">7. Przymiotniki:<\/h3>\n\n\n\n<p>Przymiotniki opisuj\u0105 lub modyfikuj\u0105 rzeczowniki, dostarczaj\u0105c dodatkowych informacji o ich cechach lub atrybutach. W j\u0119zyku marathi przymiotniki zgadzaj\u0105 si\u0119 co do rodzaju i liczby z rzeczownikiem, kt\u00f3ry modyfikuj\u0105. Naucz si\u0119 r\u00f3\u017cnych form przymiotnik\u00f3w i ich poprawnego u\u017cycia w zdaniach.<\/p>\n\n\n\n<h3 class=\"wp-block-heading\" id=\"h-8-adverbs\">8. Przys\u0142\u00f3wki:<\/h3>\n\n\n\n<p>Przys\u0142\u00f3wki dostarczaj\u0105 dodatkowych informacji o czasownikach, przymiotnikach lub innych przys\u0142\u00f3wkach, opisuj\u0105c, jak, kiedy, gdzie lub w jakim stopniu co\u015b si\u0119 dzieje. Naucz si\u0119 r\u00f3\u017cnych rodzaj\u00f3w przys\u0142\u00f3wk\u00f3w i ich rozmieszczenia w zdaniach, aby poprawi\u0107 swoje umiej\u0119tno\u015bci j\u0119zykowe.<\/p>\n\n\n\n<h3 class=\"wp-block-heading\" id=\"h-9-conditionals\">9. Warunki szczeg\u00f3\u0142owe:<\/h3>\n\n\n\n<p>Instrukcje warunkowe wyra\u017caj\u0105 hipotetyczne sytuacje lub warunki i ich mo\u017cliwe konsekwencje. W j\u0119zyku marathi istniej\u0105 trzy rodzaje instrukcji warunkowych \u2013 rzeczywiste, nierzeczywiste i mieszane. Naucz si\u0119 struktury i zastosowania ka\u017cdego typu, aby wyrazi\u0107 z\u0142o\u017cone idee i sytuacje.<\/p>\n\n\n\n<h3 class=\"wp-block-heading\" id=\"h-10-prepositions\">10. Przyimki:<\/h3>\n\n\n\n<p>Przyimki to s\u0142owa, kt\u00f3re pokazuj\u0105 zwi\u0105zek mi\u0119dzy rzeczownikami (lub zaimkami) a innymi s\u0142owami w zdaniu. Wskazuj\u0105 lokalizacj\u0119, kierunek, czas lub inne relacje. Naucz si\u0119 popularnych przyimk\u00f3w w marathi i ich u\u017cycia w zdaniach.<\/p>\n\n\n\n<h3 class=\"wp-block-heading\" id=\"h-11-sentences\">11. Zdania:<\/h3>\n\n\n\n<p>Na koniec po\u0107wicz tworzenie prostych i z\u0142o\u017conych zda\u0144, korzystaj\u0105c z regu\u0142 gramatycznych i s\u0142ownictwa, kt\u00f3rego si\u0119 nauczy\u0142e\u015b. Skup si\u0119 na strukturze zdania.<\/p>\n<\/div><\/div>\n\r\n<section class=\"learnNavigationSection\">\r\n            \r\n        <a href=\"https:\/\/talkpal.ai\/pl\/naucz-sie-marathi\/\">\r\n            <div class=\"learnNavigationWrapper\">\r\n                <div class=\"learnNavigationContent\">\r\n                    <img decoding=\"async\" src=\"https:\/\/talkpal.ai\/wp-content\/uploads\/2023\/05\/Marathi-india.png\" alt=\"TalkPal Marathi Flag\">\r\n                    <div>\r\n                        <h4>O Marathi Learning<\/h4>\r\n                        <p>Dowiedz si\u0119 wszystkiego o gramatyce marathi.<\/p>\r\n                    <\/div>\r\n                <\/div>\r\n            <\/div>\r\n        <\/a>\r\n\r\n        \r\n        <a href=\"https:\/\/talkpal.ai\/pl\/gramatyka-marathi\/\">\r\n            <div class=\"learnNavigationWrapper\">\r\n                <div class=\"learnNavigationContent\">\r\n                    <img decoding=\"async\" src=\"https:\/\/talkpal.ai\/wp-content\/uploads\/2023\/05\/Marathi-india.png\" alt=\"TalkPal Marathi Flag\">\r\n                    <div>\r\n                        <h4>Lekcje gramatyki j\u0119zyka marathi<\/h4>\r\n                        <p>\u0106wicz gramatyk\u0119 marathi.<\/p>\r\n                    <\/div>\r\n                <\/div>\r\n            <\/div>\r\n        <\/a>\r\n\r\n        \r\n        <a href=\"https:\/\/talkpal.ai\/vocabulary_language\/marathi\/\">\r\n            <div class=\"learnNavigationWrapper\">\r\n                <div class=\"learnNavigationContent\">\r\n                    <img decoding=\"async\" src=\"https:\/\/talkpal.ai\/wp-content\/uploads\/2023\/05\/Marathi-india.png\" alt=\"TalkPal Marathi Flag\">\r\n                    <div>\r\n                        <h4>S\u0142ownictwo marathi<\/h4>\r\n                        <p>Poszerz swoje s\u0142ownictwo w j\u0119zyku marathi.<\/p>\r\n                    <\/div>\r\n                <\/div>\r\n            <\/div>\r\n        <\/a>\r\n\r\n            <\/section>","protected":false},"excerpt":{"rendered":"<p>Marathi Tematy gramatyczne Marathi, j\u0119zyk indoaryjski, jest u\u017cywany g\u0142\u00f3wnie w indyjskim stanie Maharasztra i jest j\u0119zykiem urz\u0119dowym regionu. Nauka marathi mo\u017ce by\u0107 wzbogacaj\u0105cym do\u015bwiadczeniem, poniewa\u017c otwiera drzwi do bogatej kultury, historii i literatury. Aby skutecznie uczy\u0107 si\u0119 marathi, wa\u017cne jest, aby mie\u0107 ustrukturyzowane podej\u015bcie, kt\u00f3re koncentruje si\u0119 na r\u00f3\u017cnych aspektach j\u0119zyka, takich jak gramatyka, s\u0142ownictwo [&hellip;]<\/p>\n","protected":false},"author":6,"featured_media":116411,"parent":0,"menu_order":0,"comment_status":"closed","ping_status":"closed","template":"LearningContentPage.php","meta":{"_acf_changed":false,"footnotes":""},"class_list":["post-159217","page","type-page","status-publish","has-post-thumbnail","hentry"],"acf":[],"yoast_head":"<!-- This site is optimized with the Yoast SEO Premium plugin v27.2 (Yoast SEO v27.2) - https:\/\/yoast.com\/product\/yoast-seo-premium-wordpress\/ -->\n<title>\u0106wiczenia gramatyczne marathi - Talkpal<\/title>\n<meta name=\"description\" content=\"Rozwijaj swoje umiej\u0119tno\u015bci j\u0119zykowe w j\u0119zyku marathi dzi\u0119ki ciekawym \u0107wiczeniom gramatycznym przeznaczonym dla uczni\u00f3w na wszystkich poziomach zaawansowania.\" \/>\n<meta name=\"robots\" content=\"index, follow, max-snippet:-1, max-image-preview:large, max-video-preview:-1\" \/>\n<link rel=\"canonical\" href=\"https:\/\/talkpal.ai\/pl\/cwiczenia-gramatyczne-marathi\/\" \/>\n<meta property=\"og:locale\" content=\"pl_PL\" \/>\n<meta property=\"og:type\" content=\"article\" \/>\n<meta property=\"og:title\" content=\"\u0106wiczenia gramatyczne marathi\" \/>\n<meta property=\"og:description\" content=\"Marathi Tematy gramatyczne Marathi, j\u0119zyk indoaryjski, jest u\u017cywany g\u0142\u00f3wnie w indyjskim stanie Maharasztra i jest j\u0119zykiem urz\u0119dowym regionu. Nauka\" \/>\n<meta property=\"og:url\" content=\"https:\/\/talkpal.ai\/pl\/cwiczenia-gramatyczne-marathi\/\" \/>\n<meta property=\"og:site_name\" content=\"Talkpal\" \/>\n<meta property=\"article:publisher\" content=\"https:\/\/www.facebook.com\/profile.php?id=100090733639311\" \/>\n<meta property=\"article:modified_time\" content=\"2025-12-17T15:24:30+00:00\" \/>\n<meta property=\"og:image\" content=\"https:\/\/talkpal.ai\/wp-content\/uploads\/2023\/05\/Marathi-india.png\" \/>\n\t<meta property=\"og:image:width\" content=\"512\" \/>\n\t<meta property=\"og:image:height\" content=\"512\" \/>\n\t<meta property=\"og:image:type\" content=\"image\/png\" \/>\n<meta name=\"twitter:card\" content=\"summary_large_image\" \/>\n<meta name=\"twitter:site\" content=\"@talkpalai\" \/>\n<meta name=\"twitter:label1\" content=\"Szacowany czas czytania\" \/>\n\t<meta name=\"twitter:data1\" content=\"3 minuty\" \/>\n<script type=\"application\/ld+json\" class=\"yoast-schema-graph\">{\"@context\":\"https:\/\/schema.org\",\"@graph\":[{\"@type\":\"WebPage\",\"@id\":\"https:\/\/talkpal.ai\/pl\/cwiczenia-gramatyczne-marathi\/\",\"url\":\"https:\/\/talkpal.ai\/pl\/cwiczenia-gramatyczne-marathi\/\",\"name\":\"\u0106wiczenia gramatyczne marathi - Talkpal\",\"isPartOf\":{\"@id\":\"https:\/\/talkpal.ai\/pl\/#website\"},\"primaryImageOfPage\":{\"@id\":\"https:\/\/talkpal.ai\/pl\/cwiczenia-gramatyczne-marathi\/#primaryimage\"},\"image\":{\"@id\":\"https:\/\/talkpal.ai\/pl\/cwiczenia-gramatyczne-marathi\/#primaryimage\"},\"thumbnailUrl\":\"https:\/\/talkpal.ai\/wp-content\/uploads\/2023\/05\/Marathi-india.png\",\"datePublished\":\"2023-06-22T08:37:16+00:00\",\"dateModified\":\"2025-12-17T15:24:30+00:00\",\"description\":\"Rozwijaj swoje umiej\u0119tno\u015bci j\u0119zykowe w j\u0119zyku marathi dzi\u0119ki ciekawym \u0107wiczeniom gramatycznym przeznaczonym dla uczni\u00f3w na wszystkich poziomach zaawansowania.\",\"breadcrumb\":{\"@id\":\"https:\/\/talkpal.ai\/pl\/cwiczenia-gramatyczne-marathi\/#breadcrumb\"},\"inLanguage\":\"pl-PL\",\"potentialAction\":[{\"@type\":\"ReadAction\",\"target\":[\"https:\/\/talkpal.ai\/pl\/cwiczenia-gramatyczne-marathi\/\"]}]},{\"@type\":\"ImageObject\",\"inLanguage\":\"pl-PL\",\"@id\":\"https:\/\/talkpal.ai\/pl\/cwiczenia-gramatyczne-marathi\/#primaryimage\",\"url\":\"https:\/\/talkpal.ai\/wp-content\/uploads\/2023\/05\/Marathi-india.png\",\"contentUrl\":\"https:\/\/talkpal.ai\/wp-content\/uploads\/2023\/05\/Marathi-india.png\",\"width\":512,\"height\":512},{\"@type\":\"BreadcrumbList\",\"@id\":\"https:\/\/talkpal.ai\/pl\/cwiczenia-gramatyczne-marathi\/#breadcrumb\",\"itemListElement\":[{\"@type\":\"ListItem\",\"position\":1,\"name\":\"Homepage\",\"item\":\"https:\/\/talkpal.ai\/pl\/\"},{\"@type\":\"ListItem\",\"position\":2,\"name\":\"\u0106wiczenia gramatyczne marathi\"}]},{\"@type\":\"WebSite\",\"@id\":\"https:\/\/talkpal.ai\/pl\/#website\",\"url\":\"https:\/\/talkpal.ai\/pl\/\",\"name\":\"Talkpal\",\"description\":\"AI Language Learning\",\"publisher\":{\"@id\":\"https:\/\/talkpal.ai\/pl\/#organization\"},\"alternateName\":\"Talkpal AI\",\"potentialAction\":[{\"@type\":\"SearchAction\",\"target\":{\"@type\":\"EntryPoint\",\"urlTemplate\":\"https:\/\/talkpal.ai\/pl\/?s={search_term_string}\"},\"query-input\":{\"@type\":\"PropertyValueSpecification\",\"valueRequired\":true,\"valueName\":\"search_term_string\"}}],\"inLanguage\":\"pl-PL\"},{\"@type\":\"Organization\",\"@id\":\"https:\/\/talkpal.ai\/pl\/#organization\",\"name\":\"Talkpal, Inc.\",\"alternateName\":\"Talkpal AI\",\"url\":\"https:\/\/talkpal.ai\/pl\/\",\"logo\":{\"@type\":\"ImageObject\",\"inLanguage\":\"pl-PL\",\"@id\":\"https:\/\/talkpal.ai\/pl\/#\/schema\/logo\/image\/\",\"url\":\"https:\/\/talkpal.ai\/wp-content\/uploads\/2024\/03\/Talkpal-Logo-Icon.png\",\"contentUrl\":\"https:\/\/talkpal.ai\/wp-content\/uploads\/2024\/03\/Talkpal-Logo-Icon.png\",\"width\":2880,\"height\":2880,\"caption\":\"Talkpal, Inc.\"},\"image\":{\"@id\":\"https:\/\/talkpal.ai\/pl\/#\/schema\/logo\/image\/\"},\"sameAs\":[\"https:\/\/www.facebook.com\/profile.php?id=100090733639311\",\"https:\/\/x.com\/talkpalai\",\"https:\/\/www.linkedin.com\/company\/talkpal\/\",\"https:\/\/www.youtube.com\/@TalkPal\/\",\"https:\/\/www.tiktok.com\/@talkpal\",\"https:\/\/www.instagram.com\/talkpal_ai\/\",\"https:\/\/www.crunchbase.com\/organization\/talkpal-9cde\",\"https:\/\/www.g2.com\/products\/talkpal-for-business\/\",\"https:\/\/www.trustpilot.com\/review\/talkpal.ai\",\"https:\/\/www.capterra.com\/p\/10006800\/TalkPal\/\"],\"description\":\"Talkpal is a language learning web and mobile education app, powered by the latest AI technologies, that provides engaging experiences to its customers in many different languages to help them improve their language skills. Users can chat about unlimited amount of topics with the app and use other modes to practice their language learning.\",\"email\":\"support@talkpal.ai\",\"legalName\":\"Talkpal, Inc.\",\"foundingDate\":\"2023-04-03\",\"duns\":\"118989042\",\"numberOfEmployees\":{\"@type\":\"QuantitativeValue\",\"minValue\":\"11\",\"maxValue\":\"50\"},\"publishingPrinciples\":\"https:\/\/talkpal.ai\/publishing-principles\/\",\"actionableFeedbackPolicy\":\"https:\/\/talkpal.ai\/actionable-feedback-policy\/\",\"correctionsPolicy\":\"https:\/\/talkpal.ai\/corrections-policy\/\",\"ethicsPolicy\":\"https:\/\/talkpal.ai\/ethics-policy\/\",\"diversityPolicy\":\"https:\/\/talkpal.ai\/diversity-policy\/\",\"diversityStaffingReport\":\"https:\/\/talkpal.ai\/diversity-policy\/\"}]}<\/script>\n<!-- \/ Yoast SEO Premium plugin. -->","yoast_head_json":{"title":"\u0106wiczenia gramatyczne marathi - Talkpal","description":"Rozwijaj swoje umiej\u0119tno\u015bci j\u0119zykowe w j\u0119zyku marathi dzi\u0119ki ciekawym \u0107wiczeniom gramatycznym przeznaczonym dla uczni\u00f3w na wszystkich poziomach zaawansowania.","robots":{"index":"index","follow":"follow","max-snippet":"max-snippet:-1","max-image-preview":"max-image-preview:large","max-video-preview":"max-video-preview:-1"},"canonical":"https:\/\/talkpal.ai\/pl\/cwiczenia-gramatyczne-marathi\/","og_locale":"pl_PL","og_type":"article","og_title":"\u0106wiczenia gramatyczne marathi","og_description":"Marathi Tematy gramatyczne Marathi, j\u0119zyk indoaryjski, jest u\u017cywany g\u0142\u00f3wnie w indyjskim stanie Maharasztra i jest j\u0119zykiem urz\u0119dowym regionu. Nauka","og_url":"https:\/\/talkpal.ai\/pl\/cwiczenia-gramatyczne-marathi\/","og_site_name":"Talkpal","article_publisher":"https:\/\/www.facebook.com\/profile.php?id=100090733639311","article_modified_time":"2025-12-17T15:24:30+00:00","og_image":[{"width":512,"height":512,"url":"https:\/\/talkpal.ai\/wp-content\/uploads\/2023\/05\/Marathi-india.png","type":"image\/png"}],"twitter_card":"summary_large_image","twitter_site":"@talkpalai","twitter_misc":{"Szacowany czas czytania":"3 minuty"},"schema":{"@context":"https:\/\/schema.org","@graph":[{"@type":"WebPage","@id":"https:\/\/talkpal.ai\/pl\/cwiczenia-gramatyczne-marathi\/","url":"https:\/\/talkpal.ai\/pl\/cwiczenia-gramatyczne-marathi\/","name":"\u0106wiczenia gramatyczne marathi - Talkpal","isPartOf":{"@id":"https:\/\/talkpal.ai\/pl\/#website"},"primaryImageOfPage":{"@id":"https:\/\/talkpal.ai\/pl\/cwiczenia-gramatyczne-marathi\/#primaryimage"},"image":{"@id":"https:\/\/talkpal.ai\/pl\/cwiczenia-gramatyczne-marathi\/#primaryimage"},"thumbnailUrl":"https:\/\/talkpal.ai\/wp-content\/uploads\/2023\/05\/Marathi-india.png","datePublished":"2023-06-22T08:37:16+00:00","dateModified":"2025-12-17T15:24:30+00:00","description":"Rozwijaj swoje umiej\u0119tno\u015bci j\u0119zykowe w j\u0119zyku marathi dzi\u0119ki ciekawym \u0107wiczeniom gramatycznym przeznaczonym dla uczni\u00f3w na wszystkich poziomach zaawansowania.","breadcrumb":{"@id":"https:\/\/talkpal.ai\/pl\/cwiczenia-gramatyczne-marathi\/#breadcrumb"},"inLanguage":"pl-PL","potentialAction":[{"@type":"ReadAction","target":["https:\/\/talkpal.ai\/pl\/cwiczenia-gramatyczne-marathi\/"]}]},{"@type":"ImageObject","inLanguage":"pl-PL","@id":"https:\/\/talkpal.ai\/pl\/cwiczenia-gramatyczne-marathi\/#primaryimage","url":"https:\/\/talkpal.ai\/wp-content\/uploads\/2023\/05\/Marathi-india.png","contentUrl":"https:\/\/talkpal.ai\/wp-content\/uploads\/2023\/05\/Marathi-india.png","width":512,"height":512},{"@type":"BreadcrumbList","@id":"https:\/\/talkpal.ai\/pl\/cwiczenia-gramatyczne-marathi\/#breadcrumb","itemListElement":[{"@type":"ListItem","position":1,"name":"Homepage","item":"https:\/\/talkpal.ai\/pl\/"},{"@type":"ListItem","position":2,"name":"\u0106wiczenia gramatyczne marathi"}]},{"@type":"WebSite","@id":"https:\/\/talkpal.ai\/pl\/#website","url":"https:\/\/talkpal.ai\/pl\/","name":"Talkpal","description":"AI Language Learning","publisher":{"@id":"https:\/\/talkpal.ai\/pl\/#organization"},"alternateName":"Talkpal AI","potentialAction":[{"@type":"SearchAction","target":{"@type":"EntryPoint","urlTemplate":"https:\/\/talkpal.ai\/pl\/?s={search_term_string}"},"query-input":{"@type":"PropertyValueSpecification","valueRequired":true,"valueName":"search_term_string"}}],"inLanguage":"pl-PL"},{"@type":"Organization","@id":"https:\/\/talkpal.ai\/pl\/#organization","name":"Talkpal, Inc.","alternateName":"Talkpal AI","url":"https:\/\/talkpal.ai\/pl\/","logo":{"@type":"ImageObject","inLanguage":"pl-PL","@id":"https:\/\/talkpal.ai\/pl\/#\/schema\/logo\/image\/","url":"https:\/\/talkpal.ai\/wp-content\/uploads\/2024\/03\/Talkpal-Logo-Icon.png","contentUrl":"https:\/\/talkpal.ai\/wp-content\/uploads\/2024\/03\/Talkpal-Logo-Icon.png","width":2880,"height":2880,"caption":"Talkpal, Inc."},"image":{"@id":"https:\/\/talkpal.ai\/pl\/#\/schema\/logo\/image\/"},"sameAs":["https:\/\/www.facebook.com\/profile.php?id=100090733639311","https:\/\/x.com\/talkpalai","https:\/\/www.linkedin.com\/company\/talkpal\/","https:\/\/www.youtube.com\/@TalkPal\/","https:\/\/www.tiktok.com\/@talkpal","https:\/\/www.instagram.com\/talkpal_ai\/","https:\/\/www.crunchbase.com\/organization\/talkpal-9cde","https:\/\/www.g2.com\/products\/talkpal-for-business\/","https:\/\/www.trustpilot.com\/review\/talkpal.ai","https:\/\/www.capterra.com\/p\/10006800\/TalkPal\/"],"description":"Talkpal is a language learning web and mobile education app, powered by the latest AI technologies, that provides engaging experiences to its customers in many different languages to help them improve their language skills. Users can chat about unlimited amount of topics with the app and use other modes to practice their language learning.","email":"support@talkpal.ai","legalName":"Talkpal, Inc.","foundingDate":"2023-04-03","duns":"118989042","numberOfEmployees":{"@type":"QuantitativeValue","minValue":"11","maxValue":"50"},"publishingPrinciples":"https:\/\/talkpal.ai\/publishing-principles\/","actionableFeedbackPolicy":"https:\/\/talkpal.ai\/actionable-feedback-policy\/","correctionsPolicy":"https:\/\/talkpal.ai\/corrections-policy\/","ethicsPolicy":"https:\/\/talkpal.ai\/ethics-policy\/","diversityPolicy":"https:\/\/talkpal.ai\/diversity-policy\/","diversityStaffingReport":"https:\/\/talkpal.ai\/diversity-policy\/"}]}},"_links":{"self":[{"href":"https:\/\/talkpal.ai\/pl\/wp-json\/wp\/v2\/pages\/159217","targetHints":{"allow":["GET"]}}],"collection":[{"href":"https:\/\/talkpal.ai\/pl\/wp-json\/wp\/v2\/pages"}],"about":[{"href":"https:\/\/talkpal.ai\/pl\/wp-json\/wp\/v2\/types\/page"}],"author":[{"embeddable":true,"href":"https:\/\/talkpal.ai\/pl\/wp-json\/wp\/v2\/users\/6"}],"replies":[{"embeddable":true,"href":"https:\/\/talkpal.ai\/pl\/wp-json\/wp\/v2\/comments?post=159217"}],"version-history":[{"count":0,"href":"https:\/\/talkpal.ai\/pl\/wp-json\/wp\/v2\/pages\/159217\/revisions"}],"wp:featuredmedia":[{"embeddable":true,"href":"https:\/\/talkpal.ai\/pl\/wp-json\/wp\/v2\/media\/116411"}],"wp:attachment":[{"href":"https:\/\/talkpal.ai\/pl\/wp-json\/wp\/v2\/media?parent=159217"}],"curies":[{"name":"wp","href":"https:\/\/api.w.org\/{rel}","templated":true}]}}