{"id":158931,"date":"2023-06-22T08:43:13","date_gmt":"2023-06-22T08:43:13","guid":{"rendered":"http:\/\/talkpal.ai\/cwiczenia-gramatyczne-maoryskie\/"},"modified":"2025-12-17T14:40:05","modified_gmt":"2025-12-17T14:40:05","slug":"cwiczenia-gramatyczne-maoryskie","status":"publish","type":"page","link":"https:\/\/talkpal.ai\/pl\/cwiczenia-gramatyczne-maoryskie\/","title":{"rendered":"\u0106wiczenia gramatyczne maoryskie"},"content":{"rendered":"\r\n\r\n\r\n<section class=\"languageChallengeSection\">\r\n    <div class=\"languageInfoWrapper\">\r\n        \r\n        <h1>\u0106wiczenia gramatyczne maoryskie<\/h1>\r\n        <p>Chcesz wzmocni\u0107 swoje umiej\u0119tno\u015bci te reo maori? \u0106wiczenie gramatyki to \u015bwietny spos\u00f3b na zrozumienie struktury zda\u0144, form czasownik\u00f3w i kluczowych wzorc\u00f3w j\u0119zykowych. Zacznij odkrywa\u0107 gramatyk\u0119 maorysk\u0105 ju\u017c dzi\u015b i obserwuj, jak twoja pewno\u015b\u0107 siebie i umiej\u0119tno\u015bci rosn\u0105 z ka\u017cdym nowym \u0107wiczeniem!<\/p>\r\n\r\n                            <a class=\"getStartedHidden\" href=\"https:\/\/app.talkpal.ai\/pl\/signup?lng=\">Zaczynaj<\/a>\r\n        \r\n    <\/div>\r\n\r\n    <figure>\r\n    <img decoding=\"async\" width=\"768\" height=\"768\" src=\"https:\/\/talkpal.ai\/wp-content\/uploads\/2023\/06\/maori-768x768.png\" class=\"languageImage no-lazy\" alt=\"Language learning for social and professional settings\" fetchpriority=\"high\" sizes=\"(max-width: 768px) 150px, 768px\" srcset=\"https:\/\/talkpal.ai\/wp-content\/uploads\/2023\/06\/maori-768x768.png 768w, https:\/\/talkpal.ai\/wp-content\/uploads\/2023\/06\/maori-300x300.png 300w\" \/>\r\n    \r\n\r\n    <\/figure>\r\n\r\n            <a class=\"getStartedVisible\" href=\"https:\/\/app.talkpal.ai\/pl\/signup?lng=\">Zaczynaj<\/a>\r\n    \r\n<\/section>\r\n\r\n\r\n<!-- <section class=\"grammarSection\">\r\n    <div class=\"grammarLinks\">\r\n            <\/div>\r\n<\/section> -->\r\n\r\n\r\n\r\n\r\n<section class=\"promotionalBanner\">\r\n    <p class=\"promotionalText\">Najbardziej efektywny spos\u00f3b nauki j\u0119zyka<\/p>\r\n    <a class=\"promotionalLink\" href=\"https:\/\/app.talkpal.ai\/pl\/signup?lng=\">Wypr\u00f3buj Talkpal za darmo<\/a>\r\n<\/section>\n<div class=\"wp-block-group pageContainerStyle\"><div class=\"wp-block-group__inner-container is-layout-constrained wp-block-group-is-layout-constrained\">\n<h2 class=\"wp-block-heading\" id=\"h-maori-grammar-topics\">Tematy gramatyczne maoryskie<\/h2>\n\n\n\n<p>J\u0119zyk <a href=\"https:\/\/talkpal.ai\/learn-maori\/\">maoryski<\/a>, znany jako <a href=\"https:\/\/talkpal.ai\/culture\/how-do-i-start-learning-te-reo-maori-as-a-beginner\/\">te reo M\u0101ori<\/a>, jest j\u0119zykiem wschodniopolinezyjskim pochodz\u0105cym z Nowej Zelandii. Jako j\u0119zyk urz\u0119dowy kraju posiada bogate dziedzictwo kulturowe i unikalne cechy j\u0119zykowe. Nauka gramatyki maoryskiej jest niezb\u0119dna do zrozumienia i skutecznego komunikowania si\u0119 w j\u0119zyku. Ten przewodnik zawiera przegl\u0105d kluczowych temat\u00f3w gramatycznych j\u0119zyka maoryskiego, uporz\u0105dkowanych w kolejno\u015bci zaprojektowanej tak, aby u\u0142atwi\u0107 proces uczenia si\u0119. Od czas\u00f3w i czasownik\u00f3w po przymiotniki i przyimki, ten przewodnik pomo\u017ce Ci zrozumie\u0107 podstawowe elementy gramatyki maoryskiej i rozpocz\u0105\u0107 podr\u00f3\u017c do nauki j\u0119zyka.<\/p>\n\n\n\n<h3 class=\"wp-block-heading\" id=\"h-1-tenses\">1. Czasy:<\/h3>\n\n\n\n<p>W j\u0119zyku maoryskim istniej\u0105 dwa czasy podstawowe \u2013 przesz\u0142y i nieprzesz\u0142y. Czas przesz\u0142y wskazuje na dzia\u0142ania lub wydarzenia, kt\u00f3re ju\u017c si\u0119 wydarzy\u0142y, podczas gdy czas inny ni\u017c przesz\u0142y obejmuje zar\u00f3wno tera\u017aniejsze, jak i przysz\u0142e dzia\u0142ania. Zrozumienie tych czas\u00f3w ma kluczowe znaczenie dla tworzenia zda\u0144 i dok\u0142adnego przekazywania znaczenia.<\/p>\n\n\n\n<h3 class=\"wp-block-heading\" id=\"h-2-tense-comparison\">2. Por\u00f3wnanie czasu:<\/h3>\n\n\n\n<p>Por\u00f3wnuj\u0105c czasy w j\u0119zyku maoryskim, wa\u017cne jest, aby zrozumie\u0107, jak tworzy\u0107 zdania przy u\u017cyciu r\u00f3\u017cnych czas\u00f3w i dokonywa\u0107 odpowiednich por\u00f3wna\u0144 mi\u0119dzy nimi. Ta wiedza pomo\u017ce Ci wyrazi\u0107 dzia\u0142ania i wydarzenia w r\u00f3\u017cnych kontekstach czasowych.<\/p>\n\n\n\n<h3 class=\"wp-block-heading\" id=\"h-3-progressive\">3. Progresywny:<\/h3>\n\n\n\n<p>Aspekt progresywny w j\u0119zyku maoryskim wskazuje na trwaj\u0105ce lub ci\u0105g\u0142e dzia\u0142ania. Nauczenie si\u0119, jak korzysta\u0107 z aspektu progresywnego, pozwoli Ci opisa\u0107 dzia\u0142ania, kt\u00f3re maj\u0105 miejsce w danej chwili, dodaj\u0105c g\u0142\u0119bi Twojej komunikacji.<\/p>\n\n\n\n<h3 class=\"wp-block-heading\" id=\"h-4-perfect-progressive\">4. Idealny progresywny:<\/h3>\n\n\n\n<p>Doskona\u0142y aspekt progresywny \u0142\u0105czy w sobie elementy zar\u00f3wno doskona\u0142ego, jak i progresywnego aspektu, wskazuj\u0105c na dzia\u0142ania, kt\u00f3re by\u0142y w toku, ale zosta\u0142y ju\u017c zako\u0144czone. Opanowanie tego aspektu pomo\u017ce Ci przekaza\u0107 bardziej z\u0142o\u017cone pomys\u0142y i sytuacje.<\/p>\n\n\n\n<h3 class=\"wp-block-heading\" id=\"h-5-verbs\">5. Czasowniki:<\/h3>\n\n\n\n<p>Czasowniki s\u0105 kluczowe dla konstruowania zda\u0144 i wyra\u017cania dzia\u0142a\u0144 lub stan\u00f3w bycia w j\u0119zyku maoryskim. Zapoznanie si\u0119 z koniugacj\u0105 czasownik\u00f3w, czasownikami pospolitymi i ich u\u017cyciem jest niezb\u0119dne do skutecznej komunikacji.<\/p>\n\n\n\n<h3 class=\"wp-block-heading\" id=\"h-6-nouns\">6. Rzeczowniki:<\/h3>\n\n\n\n<p>Rzeczowniki s\u0105 podstaw\u0105 ka\u017cdego j\u0119zyka, reprezentuj\u0105c ludzi, miejsca, rzeczy lub idee. Nauka rzeczownik\u00f3w maoryskich pomo\u017ce Ci zbudowa\u0107 s\u0142ownictwo i poprawi\u0107 og\u00f3lne zrozumienie j\u0119zyka.<\/p>\n\n\n\n<h3 class=\"wp-block-heading\" id=\"h-7-articles\">7. Artyku\u0142y:<\/h3>\n\n\n\n<p>Maorysi u\u017cywaj\u0105 rodzajnik\u00f3w do okre\u015blenia okre\u015blono\u015bci lub nieokre\u015blono\u015bci rzeczownika. Zrozumienie u\u017cycia przedimk\u00f3w pomo\u017ce Ci konstruowa\u0107 zdania z jasno\u015bci\u0105 i precyzj\u0105.<\/p>\n\n\n\n<h3 class=\"wp-block-heading\" id=\"h-8-pronouns-determiners\">8. Zaimki\/okre\u015blniki:<\/h3>\n\n\n\n<p>Zaimki i okre\u015blniki odgrywaj\u0105 istotn\u0105 rol\u0119 w gramatyce maoryskiej, pomagaj\u0105c zidentyfikowa\u0107 lub okre\u015bli\u0107 rzeczownik. Zapoznaj si\u0119 z r\u00f3\u017cnymi zaimkami i okre\u015blnikami, aby poprawi\u0107 swoje umiej\u0119tno\u015bci j\u0119zykowe.<\/p>\n\n\n\n<h3 class=\"wp-block-heading\" id=\"h-9-adjectives\">9. Przymiotniki:<\/h3>\n\n\n\n<p>Przymiotniki zapewniaj\u0105 opisy, cechy lub atrybuty rzeczownik\u00f3w. Nauka maoryskich przymiotnik\u00f3w pozwoli Ci wyrazi\u0107 bardziej szczeg\u00f3\u0142owe i zniuansowane pomys\u0142y.<\/p>\n\n\n\n<h3 class=\"wp-block-heading\" id=\"h-10-adverbs\">10. Przys\u0142\u00f3wki:<\/h3>\n\n\n\n<p>Przys\u0142\u00f3wki modyfikuj\u0105 czasowniki, przymiotniki lub inne przys\u0142\u00f3wki, dostarczaj\u0105c dodatkowych informacji o dzia\u0142aniach lub cechach. Opanowanie przys\u0142\u00f3wk\u00f3w maoryskich pomo\u017ce Ci skuteczniej przekaza\u0107 znaczenie i urozmaici\u0107 zdania.<\/p>\n\n\n\n<h3 class=\"wp-block-heading\" id=\"h-11-conditionals\">11. Wyra\u017cenia warunkowe:<\/h3>\n\n\n\n<p>Instrukcje warunkowe s\u0105 u\u017cywane do wyra\u017cania hipotetycznych sytuacji lub konsekwencji w j\u0119zyku maoryskim. Zrozumienie form warunkowych pomo\u017ce Ci komunikowa\u0107 z\u0142o\u017cone pomys\u0142y i mo\u017cliwo\u015bci.<\/p>\n\n\n\n<h3 class=\"wp-block-heading\" id=\"h-12-prepositions\">12. Przyimki:<\/h3>\n\n\n\n<p>Przyimki s\u0105 niezb\u0119dne do wskazywania relacji mi\u0119dzy s\u0142owami, takich jak lokalizacja, kierunek lub czas. Nauka przyimk\u00f3w maoryskich pomo\u017ce Ci konstruowa\u0107 bardziej z\u0142o\u017cone i znacz\u0105ce zdania.<\/p>\n\n\n\n<h3 class=\"wp-block-heading\" id=\"h-13-sentences\">13. Zdania:<\/h3>\n\n\n\n<p>Wreszcie, zrozumienie struktury zda\u0144 i szyku wyraz\u00f3w ma kluczowe znaczenie dla skutecznej komunikacji w j\u0119zyku maoryskim. Zapoznaj si\u0119 z r\u00f3\u017cnymi wzorcami zda\u0144 i prze\u0107wicz konstruowanie zda\u0144, korzystaj\u0105c z temat\u00f3w gramatycznych om\u00f3wionych w tym przewodniku.<\/p>\n<\/div><\/div>\n\r\n<section class=\"learnNavigationSection\">\r\n            \r\n        <a href=\"https:\/\/talkpal.ai\/pl\/naucz-sie-maoryskiego\/\">\r\n            <div class=\"learnNavigationWrapper\">\r\n                <div class=\"learnNavigationContent\">\r\n                    <img decoding=\"async\" src=\"https:\/\/talkpal.ai\/wp-content\/uploads\/2024\/08\/Maori.jpg\" alt=\"New Zealand Flag\">\r\n                    <div>\r\n                        <h4>Lekcje gramatyki maoryskiej<\/h4>\r\n                        <p>Dowiedz si\u0119 wszystkiego o gramatyce maoryskiej.<\/p>\r\n                    <\/div>\r\n                <\/div>\r\n            <\/div>\r\n        <\/a>\r\n\r\n        \r\n        <a href=\"https:\/\/talkpal.ai\/pl\/gramatyka-maoryska\/\">\r\n            <div class=\"learnNavigationWrapper\">\r\n                <div class=\"learnNavigationContent\">\r\n                    <img decoding=\"async\" src=\"https:\/\/talkpal.ai\/wp-content\/uploads\/2024\/08\/Maori.jpg\" alt=\"New Zealand Flag\">\r\n                    <div>\r\n                        <h4>Lekcje gramatyki maoryskiej<\/h4>\r\n                        <p>\u0106wicz gramatyk\u0119 maorysk\u0105.<\/p>\r\n                    <\/div>\r\n                <\/div>\r\n            <\/div>\r\n        <\/a>\r\n\r\n        \r\n        <a href=\"https:\/\/talkpal.ai\/vocabulary_language\/maori\/\">\r\n            <div class=\"learnNavigationWrapper\">\r\n                <div class=\"learnNavigationContent\">\r\n                    <img decoding=\"async\" src=\"https:\/\/talkpal.ai\/wp-content\/uploads\/2024\/08\/Maori.jpg\" alt=\"New Zealand Flag\">\r\n                    <div>\r\n                        <h4>S\u0142ownictwo maoryskie<\/h4>\r\n                        <p>Poszerz swoje maoryskie s\u0142ownictwo.<\/p>\r\n                    <\/div>\r\n                <\/div>\r\n            <\/div>\r\n        <\/a>\r\n\r\n            <\/section>","protected":false},"excerpt":{"rendered":"<p>Tematy gramatyczne maoryskie J\u0119zyk maoryski, znany jako te reo M\u0101ori, jest j\u0119zykiem wschodniopolinezyjskim pochodz\u0105cym z Nowej Zelandii. Jako j\u0119zyk urz\u0119dowy kraju posiada bogate dziedzictwo kulturowe i unikalne cechy j\u0119zykowe. Nauka gramatyki maoryskiej jest niezb\u0119dna do zrozumienia i skutecznego komunikowania si\u0119 w j\u0119zyku. Ten przewodnik zawiera przegl\u0105d kluczowych temat\u00f3w gramatycznych j\u0119zyka maoryskiego, uporz\u0105dkowanych w kolejno\u015bci zaprojektowanej [&hellip;]<\/p>\n","protected":false},"author":6,"featured_media":116690,"parent":0,"menu_order":0,"comment_status":"closed","ping_status":"closed","template":"LearningContentPage.php","meta":{"_acf_changed":false,"footnotes":""},"class_list":["post-158931","page","type-page","status-publish","has-post-thumbnail","hentry"],"acf":[],"yoast_head":"<!-- This site is optimized with the Yoast SEO Premium plugin v27.2 (Yoast SEO v27.2) - https:\/\/yoast.com\/product\/yoast-seo-premium-wordpress\/ -->\n<title>\u0106wiczenia gramatyczne maoryskie - Talkpal<\/title>\n<meta name=\"description\" content=\"Wzmocnij swoje umiej\u0119tno\u015bci j\u0119zykowe dzi\u0119ki \u0107wiczeniom gramatycznym Maori zaprojektowanym w celu zwi\u0119kszenia zrozumienia i p\u0142ynno\u015bci w j\u0119zyku maoryskim.\" \/>\n<meta name=\"robots\" content=\"index, follow, max-snippet:-1, max-image-preview:large, max-video-preview:-1\" \/>\n<link rel=\"canonical\" href=\"https:\/\/talkpal.ai\/pl\/cwiczenia-gramatyczne-maoryskie\/\" \/>\n<meta property=\"og:locale\" content=\"pl_PL\" \/>\n<meta property=\"og:type\" content=\"article\" \/>\n<meta property=\"og:title\" content=\"\u0106wiczenia gramatyczne maoryskie\" \/>\n<meta property=\"og:description\" content=\"Tematy gramatyczne maoryskie J\u0119zyk maoryski, znany jako te reo M\u0101ori, jest j\u0119zykiem wschodniopolinezyjskim pochodz\u0105cym z Nowej Zelandii. Jako j\u0119zyk\" \/>\n<meta property=\"og:url\" content=\"https:\/\/talkpal.ai\/pl\/cwiczenia-gramatyczne-maoryskie\/\" \/>\n<meta property=\"og:site_name\" content=\"Talkpal\" \/>\n<meta property=\"article:publisher\" content=\"https:\/\/www.facebook.com\/profile.php?id=100090733639311\" \/>\n<meta property=\"article:modified_time\" content=\"2025-12-17T14:40:05+00:00\" \/>\n<meta property=\"og:image\" content=\"https:\/\/talkpal.ai\/wp-content\/uploads\/2023\/05\/Maori-new-zealand.png\" \/>\n\t<meta property=\"og:image:width\" content=\"512\" \/>\n\t<meta property=\"og:image:height\" content=\"512\" \/>\n\t<meta property=\"og:image:type\" content=\"image\/png\" \/>\n<meta name=\"twitter:card\" content=\"summary_large_image\" \/>\n<meta name=\"twitter:site\" content=\"@talkpalai\" \/>\n<meta name=\"twitter:label1\" content=\"Szacowany czas czytania\" \/>\n\t<meta name=\"twitter:data1\" content=\"3 minuty\" \/>\n<script type=\"application\/ld+json\" class=\"yoast-schema-graph\">{\"@context\":\"https:\/\/schema.org\",\"@graph\":[{\"@type\":\"WebPage\",\"@id\":\"https:\/\/talkpal.ai\/pl\/cwiczenia-gramatyczne-maoryskie\/\",\"url\":\"https:\/\/talkpal.ai\/pl\/cwiczenia-gramatyczne-maoryskie\/\",\"name\":\"\u0106wiczenia gramatyczne maoryskie - Talkpal\",\"isPartOf\":{\"@id\":\"https:\/\/talkpal.ai\/pl\/#website\"},\"primaryImageOfPage\":{\"@id\":\"https:\/\/talkpal.ai\/pl\/cwiczenia-gramatyczne-maoryskie\/#primaryimage\"},\"image\":{\"@id\":\"https:\/\/talkpal.ai\/pl\/cwiczenia-gramatyczne-maoryskie\/#primaryimage\"},\"thumbnailUrl\":\"https:\/\/talkpal.ai\/wp-content\/uploads\/2023\/05\/Maori-new-zealand.png\",\"datePublished\":\"2023-06-22T08:43:13+00:00\",\"dateModified\":\"2025-12-17T14:40:05+00:00\",\"description\":\"Wzmocnij swoje umiej\u0119tno\u015bci j\u0119zykowe dzi\u0119ki \u0107wiczeniom gramatycznym Maori zaprojektowanym w celu zwi\u0119kszenia zrozumienia i p\u0142ynno\u015bci w j\u0119zyku maoryskim.\",\"breadcrumb\":{\"@id\":\"https:\/\/talkpal.ai\/pl\/cwiczenia-gramatyczne-maoryskie\/#breadcrumb\"},\"inLanguage\":\"pl-PL\",\"potentialAction\":[{\"@type\":\"ReadAction\",\"target\":[\"https:\/\/talkpal.ai\/pl\/cwiczenia-gramatyczne-maoryskie\/\"]}]},{\"@type\":\"ImageObject\",\"inLanguage\":\"pl-PL\",\"@id\":\"https:\/\/talkpal.ai\/pl\/cwiczenia-gramatyczne-maoryskie\/#primaryimage\",\"url\":\"https:\/\/talkpal.ai\/wp-content\/uploads\/2023\/05\/Maori-new-zealand.png\",\"contentUrl\":\"https:\/\/talkpal.ai\/wp-content\/uploads\/2023\/05\/Maori-new-zealand.png\",\"width\":512,\"height\":512},{\"@type\":\"BreadcrumbList\",\"@id\":\"https:\/\/talkpal.ai\/pl\/cwiczenia-gramatyczne-maoryskie\/#breadcrumb\",\"itemListElement\":[{\"@type\":\"ListItem\",\"position\":1,\"name\":\"Homepage\",\"item\":\"https:\/\/talkpal.ai\/pl\/\"},{\"@type\":\"ListItem\",\"position\":2,\"name\":\"\u0106wiczenia gramatyczne maoryskie\"}]},{\"@type\":\"WebSite\",\"@id\":\"https:\/\/talkpal.ai\/pl\/#website\",\"url\":\"https:\/\/talkpal.ai\/pl\/\",\"name\":\"Talkpal\",\"description\":\"AI Language Learning\",\"publisher\":{\"@id\":\"https:\/\/talkpal.ai\/pl\/#organization\"},\"alternateName\":\"Talkpal AI\",\"potentialAction\":[{\"@type\":\"SearchAction\",\"target\":{\"@type\":\"EntryPoint\",\"urlTemplate\":\"https:\/\/talkpal.ai\/pl\/?s={search_term_string}\"},\"query-input\":{\"@type\":\"PropertyValueSpecification\",\"valueRequired\":true,\"valueName\":\"search_term_string\"}}],\"inLanguage\":\"pl-PL\"},{\"@type\":\"Organization\",\"@id\":\"https:\/\/talkpal.ai\/pl\/#organization\",\"name\":\"Talkpal, Inc.\",\"alternateName\":\"Talkpal AI\",\"url\":\"https:\/\/talkpal.ai\/pl\/\",\"logo\":{\"@type\":\"ImageObject\",\"inLanguage\":\"pl-PL\",\"@id\":\"https:\/\/talkpal.ai\/pl\/#\/schema\/logo\/image\/\",\"url\":\"https:\/\/talkpal.ai\/wp-content\/uploads\/2024\/03\/Talkpal-Logo-Icon.png\",\"contentUrl\":\"https:\/\/talkpal.ai\/wp-content\/uploads\/2024\/03\/Talkpal-Logo-Icon.png\",\"width\":2880,\"height\":2880,\"caption\":\"Talkpal, Inc.\"},\"image\":{\"@id\":\"https:\/\/talkpal.ai\/pl\/#\/schema\/logo\/image\/\"},\"sameAs\":[\"https:\/\/www.facebook.com\/profile.php?id=100090733639311\",\"https:\/\/x.com\/talkpalai\",\"https:\/\/www.linkedin.com\/company\/talkpal\/\",\"https:\/\/www.youtube.com\/@TalkPal\/\",\"https:\/\/www.tiktok.com\/@talkpal\",\"https:\/\/www.instagram.com\/talkpal_ai\/\",\"https:\/\/www.crunchbase.com\/organization\/talkpal-9cde\",\"https:\/\/www.g2.com\/products\/talkpal-for-business\/\",\"https:\/\/www.trustpilot.com\/review\/talkpal.ai\",\"https:\/\/www.capterra.com\/p\/10006800\/TalkPal\/\"],\"description\":\"Talkpal is a language learning web and mobile education app, powered by the latest AI technologies, that provides engaging experiences to its customers in many different languages to help them improve their language skills. Users can chat about unlimited amount of topics with the app and use other modes to practice their language learning.\",\"email\":\"support@talkpal.ai\",\"legalName\":\"Talkpal, Inc.\",\"foundingDate\":\"2023-04-03\",\"duns\":\"118989042\",\"numberOfEmployees\":{\"@type\":\"QuantitativeValue\",\"minValue\":\"11\",\"maxValue\":\"50\"},\"publishingPrinciples\":\"https:\/\/talkpal.ai\/publishing-principles\/\",\"actionableFeedbackPolicy\":\"https:\/\/talkpal.ai\/actionable-feedback-policy\/\",\"correctionsPolicy\":\"https:\/\/talkpal.ai\/corrections-policy\/\",\"ethicsPolicy\":\"https:\/\/talkpal.ai\/ethics-policy\/\",\"diversityPolicy\":\"https:\/\/talkpal.ai\/diversity-policy\/\",\"diversityStaffingReport\":\"https:\/\/talkpal.ai\/diversity-policy\/\"}]}<\/script>\n<!-- \/ Yoast SEO Premium plugin. -->","yoast_head_json":{"title":"\u0106wiczenia gramatyczne maoryskie - Talkpal","description":"Wzmocnij swoje umiej\u0119tno\u015bci j\u0119zykowe dzi\u0119ki \u0107wiczeniom gramatycznym Maori zaprojektowanym w celu zwi\u0119kszenia zrozumienia i p\u0142ynno\u015bci w j\u0119zyku maoryskim.","robots":{"index":"index","follow":"follow","max-snippet":"max-snippet:-1","max-image-preview":"max-image-preview:large","max-video-preview":"max-video-preview:-1"},"canonical":"https:\/\/talkpal.ai\/pl\/cwiczenia-gramatyczne-maoryskie\/","og_locale":"pl_PL","og_type":"article","og_title":"\u0106wiczenia gramatyczne maoryskie","og_description":"Tematy gramatyczne maoryskie J\u0119zyk maoryski, znany jako te reo M\u0101ori, jest j\u0119zykiem wschodniopolinezyjskim pochodz\u0105cym z Nowej Zelandii. Jako j\u0119zyk","og_url":"https:\/\/talkpal.ai\/pl\/cwiczenia-gramatyczne-maoryskie\/","og_site_name":"Talkpal","article_publisher":"https:\/\/www.facebook.com\/profile.php?id=100090733639311","article_modified_time":"2025-12-17T14:40:05+00:00","og_image":[{"width":512,"height":512,"url":"https:\/\/talkpal.ai\/wp-content\/uploads\/2023\/05\/Maori-new-zealand.png","type":"image\/png"}],"twitter_card":"summary_large_image","twitter_site":"@talkpalai","twitter_misc":{"Szacowany czas czytania":"3 minuty"},"schema":{"@context":"https:\/\/schema.org","@graph":[{"@type":"WebPage","@id":"https:\/\/talkpal.ai\/pl\/cwiczenia-gramatyczne-maoryskie\/","url":"https:\/\/talkpal.ai\/pl\/cwiczenia-gramatyczne-maoryskie\/","name":"\u0106wiczenia gramatyczne maoryskie - Talkpal","isPartOf":{"@id":"https:\/\/talkpal.ai\/pl\/#website"},"primaryImageOfPage":{"@id":"https:\/\/talkpal.ai\/pl\/cwiczenia-gramatyczne-maoryskie\/#primaryimage"},"image":{"@id":"https:\/\/talkpal.ai\/pl\/cwiczenia-gramatyczne-maoryskie\/#primaryimage"},"thumbnailUrl":"https:\/\/talkpal.ai\/wp-content\/uploads\/2023\/05\/Maori-new-zealand.png","datePublished":"2023-06-22T08:43:13+00:00","dateModified":"2025-12-17T14:40:05+00:00","description":"Wzmocnij swoje umiej\u0119tno\u015bci j\u0119zykowe dzi\u0119ki \u0107wiczeniom gramatycznym Maori zaprojektowanym w celu zwi\u0119kszenia zrozumienia i p\u0142ynno\u015bci w j\u0119zyku maoryskim.","breadcrumb":{"@id":"https:\/\/talkpal.ai\/pl\/cwiczenia-gramatyczne-maoryskie\/#breadcrumb"},"inLanguage":"pl-PL","potentialAction":[{"@type":"ReadAction","target":["https:\/\/talkpal.ai\/pl\/cwiczenia-gramatyczne-maoryskie\/"]}]},{"@type":"ImageObject","inLanguage":"pl-PL","@id":"https:\/\/talkpal.ai\/pl\/cwiczenia-gramatyczne-maoryskie\/#primaryimage","url":"https:\/\/talkpal.ai\/wp-content\/uploads\/2023\/05\/Maori-new-zealand.png","contentUrl":"https:\/\/talkpal.ai\/wp-content\/uploads\/2023\/05\/Maori-new-zealand.png","width":512,"height":512},{"@type":"BreadcrumbList","@id":"https:\/\/talkpal.ai\/pl\/cwiczenia-gramatyczne-maoryskie\/#breadcrumb","itemListElement":[{"@type":"ListItem","position":1,"name":"Homepage","item":"https:\/\/talkpal.ai\/pl\/"},{"@type":"ListItem","position":2,"name":"\u0106wiczenia gramatyczne maoryskie"}]},{"@type":"WebSite","@id":"https:\/\/talkpal.ai\/pl\/#website","url":"https:\/\/talkpal.ai\/pl\/","name":"Talkpal","description":"AI Language Learning","publisher":{"@id":"https:\/\/talkpal.ai\/pl\/#organization"},"alternateName":"Talkpal AI","potentialAction":[{"@type":"SearchAction","target":{"@type":"EntryPoint","urlTemplate":"https:\/\/talkpal.ai\/pl\/?s={search_term_string}"},"query-input":{"@type":"PropertyValueSpecification","valueRequired":true,"valueName":"search_term_string"}}],"inLanguage":"pl-PL"},{"@type":"Organization","@id":"https:\/\/talkpal.ai\/pl\/#organization","name":"Talkpal, Inc.","alternateName":"Talkpal AI","url":"https:\/\/talkpal.ai\/pl\/","logo":{"@type":"ImageObject","inLanguage":"pl-PL","@id":"https:\/\/talkpal.ai\/pl\/#\/schema\/logo\/image\/","url":"https:\/\/talkpal.ai\/wp-content\/uploads\/2024\/03\/Talkpal-Logo-Icon.png","contentUrl":"https:\/\/talkpal.ai\/wp-content\/uploads\/2024\/03\/Talkpal-Logo-Icon.png","width":2880,"height":2880,"caption":"Talkpal, Inc."},"image":{"@id":"https:\/\/talkpal.ai\/pl\/#\/schema\/logo\/image\/"},"sameAs":["https:\/\/www.facebook.com\/profile.php?id=100090733639311","https:\/\/x.com\/talkpalai","https:\/\/www.linkedin.com\/company\/talkpal\/","https:\/\/www.youtube.com\/@TalkPal\/","https:\/\/www.tiktok.com\/@talkpal","https:\/\/www.instagram.com\/talkpal_ai\/","https:\/\/www.crunchbase.com\/organization\/talkpal-9cde","https:\/\/www.g2.com\/products\/talkpal-for-business\/","https:\/\/www.trustpilot.com\/review\/talkpal.ai","https:\/\/www.capterra.com\/p\/10006800\/TalkPal\/"],"description":"Talkpal is a language learning web and mobile education app, powered by the latest AI technologies, that provides engaging experiences to its customers in many different languages to help them improve their language skills. Users can chat about unlimited amount of topics with the app and use other modes to practice their language learning.","email":"support@talkpal.ai","legalName":"Talkpal, Inc.","foundingDate":"2023-04-03","duns":"118989042","numberOfEmployees":{"@type":"QuantitativeValue","minValue":"11","maxValue":"50"},"publishingPrinciples":"https:\/\/talkpal.ai\/publishing-principles\/","actionableFeedbackPolicy":"https:\/\/talkpal.ai\/actionable-feedback-policy\/","correctionsPolicy":"https:\/\/talkpal.ai\/corrections-policy\/","ethicsPolicy":"https:\/\/talkpal.ai\/ethics-policy\/","diversityPolicy":"https:\/\/talkpal.ai\/diversity-policy\/","diversityStaffingReport":"https:\/\/talkpal.ai\/diversity-policy\/"}]}},"_links":{"self":[{"href":"https:\/\/talkpal.ai\/pl\/wp-json\/wp\/v2\/pages\/158931","targetHints":{"allow":["GET"]}}],"collection":[{"href":"https:\/\/talkpal.ai\/pl\/wp-json\/wp\/v2\/pages"}],"about":[{"href":"https:\/\/talkpal.ai\/pl\/wp-json\/wp\/v2\/types\/page"}],"author":[{"embeddable":true,"href":"https:\/\/talkpal.ai\/pl\/wp-json\/wp\/v2\/users\/6"}],"replies":[{"embeddable":true,"href":"https:\/\/talkpal.ai\/pl\/wp-json\/wp\/v2\/comments?post=158931"}],"version-history":[{"count":0,"href":"https:\/\/talkpal.ai\/pl\/wp-json\/wp\/v2\/pages\/158931\/revisions"}],"wp:featuredmedia":[{"embeddable":true,"href":"https:\/\/talkpal.ai\/pl\/wp-json\/wp\/v2\/media\/116690"}],"wp:attachment":[{"href":"https:\/\/talkpal.ai\/pl\/wp-json\/wp\/v2\/media?parent=158931"}],"curies":[{"name":"wp","href":"https:\/\/api.w.org\/{rel}","templated":true}]}}