{"id":158846,"date":"2023-06-22T08:52:21","date_gmt":"2023-06-22T08:52:21","guid":{"rendered":"http:\/\/talkpal.ai\/cwiczenia-gramatyczne-z-jezyka-nepalskiego\/"},"modified":"2025-12-17T14:35:30","modified_gmt":"2025-12-17T14:35:30","slug":"cwiczenia-gramatyczne-z-jezyka-nepalskiego","status":"publish","type":"page","link":"https:\/\/talkpal.ai\/pl\/cwiczenia-gramatyczne-z-jezyka-nepalskiego\/","title":{"rendered":"\u0106wiczenia gramatyczne z j\u0119zyka nepalskiego"},"content":{"rendered":"\r\n\r\n\r\n<section class=\"languageChallengeSection\">\r\n    <div class=\"languageInfoWrapper\">\r\n        \r\n        <h1>\u0106wiczenia gramatyczne z j\u0119zyka nepalskiego<\/h1>\r\n        <p>Chcesz nabra\u0107 pewno\u015bci siebie w j\u0119zyku nepalskim? \u0106wiczenie gramatyki to \u015bwietny spos\u00f3b na zrozumienie struktury zda\u0144, form czasownik\u00f3w i unikalnych wzorc\u00f3w j\u0119zyka. Zacznij pracowa\u0107 nad gramatyk\u0105 nepalsk\u0105 ju\u017c dzi\u015b i obserwuj, jak twoje umiej\u0119tno\u015bci i p\u0142ynno\u015b\u0107 rosn\u0105 z ka\u017cdym \u0107wiczeniem!<\/p>\r\n\r\n                            <a class=\"getStartedHidden\" href=\"https:\/\/app.talkpal.ai\/pl\/signup?lng=\">Zaczynaj<\/a>\r\n        \r\n    <\/div>\r\n\r\n    <figure>\r\n    <img decoding=\"async\" width=\"768\" height=\"768\" src=\"https:\/\/talkpal.ai\/wp-content\/uploads\/2023\/06\/nepali-768x768.png\" class=\"languageImage no-lazy\" alt=\"Practical language learning for real-life application\" fetchpriority=\"high\" sizes=\"(max-width: 768px) 150px, 768px\" srcset=\"https:\/\/talkpal.ai\/wp-content\/uploads\/2023\/06\/nepali-768x768.png 768w, https:\/\/talkpal.ai\/wp-content\/uploads\/2023\/06\/nepali-300x300.png 300w\" \/>\r\n    \r\n\r\n    <\/figure>\r\n\r\n            <a class=\"getStartedVisible\" href=\"https:\/\/app.talkpal.ai\/pl\/signup?lng=\">Zaczynaj<\/a>\r\n    \r\n<\/section>\r\n\r\n\r\n<!-- <section class=\"grammarSection\">\r\n    <div class=\"grammarLinks\">\r\n            <\/div>\r\n<\/section> -->\r\n\r\n\r\n\r\n\r\n<section class=\"promotionalBanner\">\r\n    <p class=\"promotionalText\">Najbardziej efektywny spos\u00f3b nauki j\u0119zyka<\/p>\r\n    <a class=\"promotionalLink\" href=\"https:\/\/app.talkpal.ai\/pl\/signup?lng=\">Wypr\u00f3buj Talkpal za darmo<\/a>\r\n<\/section>\n<div class=\"wp-block-group pageContainerStyle\"><div class=\"wp-block-group__inner-container is-layout-constrained wp-block-group-is-layout-constrained\">\n<h2 class=\"wp-block-heading\" id=\"h-nepali-grammar-topics\">Nepalski Tematy gramatyczne<\/h2>\n\n\n\n<p><a href=\"https:\/\/talkpal.ai\/pl\/jak-uczyc-sie-jezyka-za-posrednictwem-czatu-talkpal\/\">Nauka j\u0119zyka<\/a> nepalskiego mo\u017ce by\u0107 fascynuj\u0105cym i satysfakcjonuj\u0105cym do\u015bwiadczeniem dla ka\u017cdego, kto chce zanurzy\u0107 si\u0119 w bogatej kulturze i historii Nepalu. Jak w przypadku ka\u017cdego j\u0119zyka, opanowanie gramatyki nepalskiej ma kluczowe znaczenie dla skutecznej komunikacji. Ten artyku\u0142 poprowadzi Ci\u0119 przez tematy gramatyczne z j\u0119zyka nepalskiego, zebrane w sekwencj\u0119, kt\u00f3ra u\u0142atwi Ci nauk\u0119 j\u0119zyka. Od czas\u00f3w po struktury zda\u0144, ten przewodnik zapewni Ci przegl\u0105d wa\u017cnych poj\u0119\u0107 gramatycznych, kt\u00f3re po\u0142o\u017c\u0105 solidne podstawy Twojej znajomo\u015bci j\u0119zyka nepalskiego.<\/p>\n\n\n\n<h3 class=\"wp-block-heading\" id=\"h-1-tenses\">1. Czasy:<\/h3>\n\n\n\n<p>Rozumienie czas\u00f3w jest niezb\u0119dne w nauce ka\u017cdego j\u0119zyka, poniewa\u017c pomagaj\u0105 przekaza\u0107 czas dzia\u0142ania lub wydarzenia. W j\u0119zyku nepalskim istniej\u0105 trzy g\u0142\u00f3wne czasy: przesz\u0142y, tera\u017aniejszy i przysz\u0142y. Ka\u017cdy czas ma sw\u00f3j w\u0142asny zestaw regu\u0142 koniugacji czasownik\u00f3w, z kt\u00f3rymi powiniene\u015b si\u0119 zapozna\u0107, aby dok\u0142adnie opisa\u0107 dzia\u0142ania w r\u00f3\u017cnych ramach czasowych.<\/p>\n\n\n\n<h3 class=\"wp-block-heading\" id=\"h-2-tense-comparison\">2. Por\u00f3wnanie czasu:<\/h3>\n\n\n\n<p>Por\u00f3wnywanie czas\u00f3w w j\u0119zyku nepalskim jest kluczowym aspektem opanowania j\u0119zyka. Wi\u0105\u017ce si\u0119 to ze zrozumieniem, w jaki spos\u00f3b r\u00f3\u017cne czasy odnosz\u0105 si\u0119 do siebie i jak u\u017cywa\u0107 ich w po\u0142\u0105czeniu w celu jasnej komunikacji. Pomo\u017ce Ci to unikn\u0105\u0107 nieporozumie\u0144 podczas omawiania wydarze\u0144 maj\u0105cych miejsce w przesz\u0142o\u015bci, tera\u017aniejszo\u015bci lub przysz\u0142o\u015bci.<\/p>\n\n\n\n<h3 class=\"wp-block-heading\" id=\"h-3-progressive\">3. Progresywny:<\/h3>\n\n\n\n<p>Aspekt progresywny w gramatyce nepalskiej wskazuje na trwaj\u0105ce dzia\u0142ania. Nauka progresywnej formy czasownik\u00f3w jest wa\u017cna dla wyra\u017cania dzia\u0142a\u0144, kt\u00f3re aktualnie si\u0119 dziej\u0105 lub mia\u0142y miejsce w okre\u015blonym momencie. Pomo\u017ce Ci to stworzy\u0107 bardziej dynamiczne i anga\u017cuj\u0105ce rozmowy w j\u0119zyku nepalskim.<\/p>\n\n\n\n<h3 class=\"wp-block-heading\" id=\"h-4-perfect-progressive\">4. Idealny progresywny:<\/h3>\n\n\n\n<p>Czas ten \u0142\u0105czy w sobie koncepcje czasu dokonanego i progresywnego. Czas dokonany progresywny jest u\u017cywany do opisania czynno\u015bci, kt\u00f3ra rozpocz\u0119\u0142a si\u0119 w przesz\u0142o\u015bci i trwa\u0142a do innego punktu w przesz\u0142o\u015bci. Opanowanie tego czasu pozwoli ci dostarczy\u0107 szczeg\u00f3\u0142owych informacji o przesz\u0142ych dzia\u0142aniach i czasie ich trwania.<\/p>\n\n\n\n<h3 class=\"wp-block-heading\" id=\"h-5-verbs\">5. Czasowniki:<\/h3>\n\n\n\n<p>Czasowniki s\u0105 podstaw\u0105 ka\u017cdego j\u0119zyka, a <a href=\"https:\/\/talkpal.ai\/learn-nepali\/\">nepalski<\/a> nie jest wyj\u0105tkiem. Aby skutecznie m\u00f3wi\u0107 i rozumie\u0107 <a href=\"https:\/\/talkpal.ai\/learn-nepali\/\">nepalski<\/a>, konieczne jest poznanie r\u00f3\u017cnych form czasownik\u00f3w, ich koniugacji i sposobu ich funkcjonowania w zdaniach.<\/p>\n\n\n\n<h3 class=\"wp-block-heading\" id=\"h-6-nouns\">6. Rzeczowniki:<\/h3>\n\n\n\n<p>Dobra znajomo\u015b\u0107 nepalskich rzeczownik\u00f3w jest niezb\u0119dna do zbudowania solidnego s\u0142ownictwa. Poznanie rzeczownik\u00f3w pospolitych i w\u0142asnych, a tak\u017ce rzeczownik\u00f3w policzalnych i niepoliczalnych, pomo\u017ce ci poprawnie zidentyfikowa\u0107 i u\u017cy\u0107 tych podstawowych cz\u0119\u015bci mowy w rozmowach.<\/p>\n\n\n\n<h3 class=\"wp-block-heading\" id=\"h-7-articles\">7. Artyku\u0142y:<\/h3>\n\n\n\n<p>W j\u0119zyku nepalskim rodzajniki nie s\u0105 tak widoczne jak w j\u0119zyku angielskim, ale <a href=\"https:\/\/talkpal.ai\/talkpal-christmas-discount\/\">nadal<\/a> wa\u017cne jest, aby nauczy\u0107 si\u0119 ich u\u017cycia. Opanowanie korzystania z artyku\u0142\u00f3w pomo\u017ce Ci dok\u0142adnie identyfikowa\u0107 i opisywa\u0107 przedmioty, osoby i koncepcje w rozmowach.<\/p>\n\n\n\n<h3 class=\"wp-block-heading\" id=\"h-8-pronouns-determiners\">8. Zaimki\/okre\u015blniki:<\/h3>\n\n\n\n<p>Zapoznanie si\u0119 z nepalskimi zaimkami i okre\u015blnikami ma kluczowe znaczenie dla jasnej i zwi\u0119z\u0142ej komunikacji. Te cz\u0119\u015bci mowy pomagaj\u0105 zast\u0105pi\u0107 lub okre\u015bli\u0107 rzeczowniki w zdaniach, dzi\u0119ki czemu rozmowy s\u0105 bardziej wydajne i naturalne.<\/p>\n\n\n\n<h3 class=\"wp-block-heading\" id=\"h-9-adjectives\">9. Przymiotniki:<\/h3>\n\n\n\n<p>Przymiotniki s\u0105 niezb\u0119dne do dodania g\u0142\u0119bi i szczeg\u00f3\u0142\u00f3w do rozm\u00f3w w j\u0119zyku nepalskim. Nauczenie si\u0119, jak poprawnie u\u017cywa\u0107 przymiotnik\u00f3w, pozwoli Ci dok\u0142adnie opisywa\u0107 ludzi, miejsca i rzeczy, dzi\u0119ki czemu Twoja mowa b\u0119dzie bardziej wci\u0105gaj\u0105ca i pouczaj\u0105ca.<\/p>\n\n\n\n<h3 class=\"wp-block-heading\" id=\"h-10-adverbs\">10. Przys\u0142\u00f3wki<\/h3>\n\n\n\n<p>: W j\u0119zyku nepalskim przys\u0142\u00f3wki odgrywaj\u0105 kluczow\u0105 rol\u0119 w modyfikowaniu czasownik\u00f3w, przymiotnik\u00f3w lub innych przys\u0142\u00f3wk\u00f3w. Zrozumienie, jak u\u017cywa\u0107 przys\u0142\u00f3wk\u00f3w, umo\u017cliwi Ci dostarczenie dodatkowych informacji o dzia\u0142aniach, stanach lub cechach w rozmowach.<\/p>\n\n\n\n<h3 class=\"wp-block-heading\" id=\"h-11-conditionals\">11. Wyra\u017cenia warunkowe:<\/h3>\n\n\n\n<p>Opanowanie nepalskich instrukcji warunkowych pozwoli Ci wyrazi\u0107 hipotetyczne sytuacje i ich konsekwencje. Jest to wa\u017cne dla tworzenia z\u0142o\u017conych, zniuansowanych dyskusji w j\u0119zyku.<\/p>\n\n\n\n<h3 class=\"wp-block-heading\" id=\"h-12-prepositions\">12. Przyimki:<\/h3>\n\n\n\n<p>Przyimki s\u0105 niezb\u0119dne do wskazywania relacji mi\u0119dzy s\u0142owami w zdaniu. Nauka poprawnego u\u017cywania przyimk\u00f3w pomo\u017ce Ci tworzy\u0107 jasne i sp\u00f3jne zdania w j\u0119zyku nepalskim.<\/p>\n\n\n\n<h3 class=\"wp-block-heading\" id=\"h-13-sentences\">13. Zdania:<\/h3>\n\n\n\n<p>Wreszcie, zrozumienie struktury i rodzaj\u00f3w zda\u0144 w j\u0119zyku nepalskim jest niezb\u0119dne do skutecznej komunikacji. Zapoznaj si\u0119 ze zdaniami prostymi, z\u0142o\u017conymi i z\u0142o\u017conymi oraz <a href=\"https:\/\/talkpal.ai\/pl\/naucz-sie-malajskiego\/\">naucz si\u0119<\/a> je poprawnie konstruowa\u0107, aby przekaza\u0107 swoje my\u015bli i pomys\u0142y w j\u0119zyku.<\/p>\n<\/div><\/div>\n\r\n<section class=\"learnNavigationSection\">\r\n            \r\n        <a href=\"https:\/\/talkpal.ai\/pl\/naucz-sie-nepalskiego\/\">\r\n            <div class=\"learnNavigationWrapper\">\r\n                <div class=\"learnNavigationContent\">\r\n                    <img decoding=\"async\" src=\"https:\/\/talkpal.ai\/wp-content\/uploads\/2024\/08\/Nepali.jpg\" alt=\"Nepali Flag\">\r\n                    <div>\r\n                        <h4>O nauce nepalskiego<\/h4>\r\n                        <p>Dowiedz si\u0119 wszystkiego o gramatyce nepalskiej .<\/p>\r\n                    <\/div>\r\n                <\/div>\r\n            <\/div>\r\n        <\/a>\r\n\r\n        \r\n        <a href=\"https:\/\/talkpal.ai\/pl\/gramatyka-nepalska\/\">\r\n            <div class=\"learnNavigationWrapper\">\r\n                <div class=\"learnNavigationContent\">\r\n                    <img decoding=\"async\" src=\"https:\/\/talkpal.ai\/wp-content\/uploads\/2024\/08\/Nepali.jpg\" alt=\"Nepali Flag\">\r\n                    <div>\r\n                        <h4>Lekcje gramatyki nepalskiej<\/h4>\r\n                        <p>\u0106wicz gramatyk\u0119 nepalsk\u0105.<\/p>\r\n                    <\/div>\r\n                <\/div>\r\n            <\/div>\r\n        <\/a>\r\n\r\n        \r\n        <a href=\"https:\/\/talkpal.ai\/vocabulary_language\/nepali\/\">\r\n            <div class=\"learnNavigationWrapper\">\r\n                <div class=\"learnNavigationContent\">\r\n                    <img decoding=\"async\" src=\"https:\/\/talkpal.ai\/wp-content\/uploads\/2024\/08\/Nepali.jpg\" alt=\"Nepali Flag\">\r\n                    <div>\r\n                        <h4>S\u0142ownictwo nepalskie<\/h4>\r\n                        <p>Poszerz swoje nepalskie s\u0142ownictwo.<\/p>\r\n                    <\/div>\r\n                <\/div>\r\n            <\/div>\r\n        <\/a>\r\n\r\n            <\/section>","protected":false},"excerpt":{"rendered":"<p>Nepalski Tematy gramatyczne Nauka j\u0119zyka nepalskiego mo\u017ce by\u0107 fascynuj\u0105cym i satysfakcjonuj\u0105cym do\u015bwiadczeniem dla ka\u017cdego, kto chce zanurzy\u0107 si\u0119 w bogatej kulturze i historii Nepalu. Jak w przypadku ka\u017cdego j\u0119zyka, opanowanie gramatyki nepalskiej ma kluczowe znaczenie dla skutecznej komunikacji. Ten artyku\u0142 poprowadzi Ci\u0119 przez tematy gramatyczne z j\u0119zyka nepalskiego, zebrane w sekwencj\u0119, kt\u00f3ra u\u0142atwi Ci nauk\u0119 [&hellip;]<\/p>\n","protected":false},"author":6,"featured_media":116117,"parent":0,"menu_order":0,"comment_status":"closed","ping_status":"closed","template":"LearningContentPage.php","meta":{"_acf_changed":false,"footnotes":""},"class_list":["post-158846","page","type-page","status-publish","has-post-thumbnail","hentry"],"acf":[],"yoast_head":"<!-- This site is optimized with the Yoast SEO Premium plugin v27.2 (Yoast SEO v27.2) - https:\/\/yoast.com\/product\/yoast-seo-premium-wordpress\/ -->\n<title>\u0106wiczenia gramatyczne z j\u0119zyka nepalskiego - Talkpal<\/title>\n<meta name=\"description\" content=\"\u0106wiczenia gramatyczne w j\u0119zyku nepalskim dla skutecznej komunikacji. Poznanie czas\u00f3w i struktur zda\u0144 w celu zapewnienia p\u0142ynno\u015bci j\u0119zykowej.\" \/>\n<meta name=\"robots\" content=\"index, follow, max-snippet:-1, max-image-preview:large, max-video-preview:-1\" \/>\n<link rel=\"canonical\" href=\"https:\/\/talkpal.ai\/pl\/cwiczenia-gramatyczne-z-jezyka-nepalskiego\/\" \/>\n<meta property=\"og:locale\" content=\"pl_PL\" \/>\n<meta property=\"og:type\" content=\"article\" \/>\n<meta property=\"og:title\" content=\"\u0106wiczenia gramatyczne z j\u0119zyka nepalskiego\" \/>\n<meta property=\"og:description\" content=\"Nepalski Tematy gramatyczne Nauka j\u0119zyka nepalskiego mo\u017ce by\u0107 fascynuj\u0105cym i satysfakcjonuj\u0105cym do\u015bwiadczeniem dla ka\u017cdego, kto chce zanurzy\u0107 si\u0119 w\" \/>\n<meta property=\"og:url\" content=\"https:\/\/talkpal.ai\/pl\/cwiczenia-gramatyczne-z-jezyka-nepalskiego\/\" \/>\n<meta property=\"og:site_name\" content=\"Talkpal\" \/>\n<meta property=\"article:publisher\" content=\"https:\/\/www.facebook.com\/profile.php?id=100090733639311\" \/>\n<meta property=\"article:modified_time\" content=\"2025-12-17T14:35:30+00:00\" \/>\n<meta property=\"og:image\" content=\"https:\/\/talkpal.ai\/wp-content\/uploads\/2023\/05\/nepal.png\" \/>\n\t<meta property=\"og:image:width\" content=\"512\" \/>\n\t<meta property=\"og:image:height\" content=\"512\" \/>\n\t<meta property=\"og:image:type\" content=\"image\/png\" \/>\n<meta name=\"twitter:card\" content=\"summary_large_image\" \/>\n<meta name=\"twitter:site\" content=\"@talkpalai\" \/>\n<meta name=\"twitter:label1\" content=\"Szacowany czas czytania\" \/>\n\t<meta name=\"twitter:data1\" content=\"4 minuty\" \/>\n<script type=\"application\/ld+json\" class=\"yoast-schema-graph\">{\"@context\":\"https:\/\/schema.org\",\"@graph\":[{\"@type\":\"WebPage\",\"@id\":\"https:\/\/talkpal.ai\/pl\/cwiczenia-gramatyczne-z-jezyka-nepalskiego\/\",\"url\":\"https:\/\/talkpal.ai\/pl\/cwiczenia-gramatyczne-z-jezyka-nepalskiego\/\",\"name\":\"\u0106wiczenia gramatyczne z j\u0119zyka nepalskiego - Talkpal\",\"isPartOf\":{\"@id\":\"https:\/\/talkpal.ai\/pl\/#website\"},\"primaryImageOfPage\":{\"@id\":\"https:\/\/talkpal.ai\/pl\/cwiczenia-gramatyczne-z-jezyka-nepalskiego\/#primaryimage\"},\"image\":{\"@id\":\"https:\/\/talkpal.ai\/pl\/cwiczenia-gramatyczne-z-jezyka-nepalskiego\/#primaryimage\"},\"thumbnailUrl\":\"https:\/\/talkpal.ai\/wp-content\/uploads\/2023\/05\/nepal.png\",\"datePublished\":\"2023-06-22T08:52:21+00:00\",\"dateModified\":\"2025-12-17T14:35:30+00:00\",\"description\":\"\u0106wiczenia gramatyczne w j\u0119zyku nepalskim dla skutecznej komunikacji. Poznanie czas\u00f3w i struktur zda\u0144 w celu zapewnienia p\u0142ynno\u015bci j\u0119zykowej.\",\"breadcrumb\":{\"@id\":\"https:\/\/talkpal.ai\/pl\/cwiczenia-gramatyczne-z-jezyka-nepalskiego\/#breadcrumb\"},\"inLanguage\":\"pl-PL\",\"potentialAction\":[{\"@type\":\"ReadAction\",\"target\":[\"https:\/\/talkpal.ai\/pl\/cwiczenia-gramatyczne-z-jezyka-nepalskiego\/\"]}]},{\"@type\":\"ImageObject\",\"inLanguage\":\"pl-PL\",\"@id\":\"https:\/\/talkpal.ai\/pl\/cwiczenia-gramatyczne-z-jezyka-nepalskiego\/#primaryimage\",\"url\":\"https:\/\/talkpal.ai\/wp-content\/uploads\/2023\/05\/nepal.png\",\"contentUrl\":\"https:\/\/talkpal.ai\/wp-content\/uploads\/2023\/05\/nepal.png\",\"width\":512,\"height\":512},{\"@type\":\"BreadcrumbList\",\"@id\":\"https:\/\/talkpal.ai\/pl\/cwiczenia-gramatyczne-z-jezyka-nepalskiego\/#breadcrumb\",\"itemListElement\":[{\"@type\":\"ListItem\",\"position\":1,\"name\":\"Homepage\",\"item\":\"https:\/\/talkpal.ai\/pl\/\"},{\"@type\":\"ListItem\",\"position\":2,\"name\":\"\u0106wiczenia gramatyczne z j\u0119zyka nepalskiego\"}]},{\"@type\":\"WebSite\",\"@id\":\"https:\/\/talkpal.ai\/pl\/#website\",\"url\":\"https:\/\/talkpal.ai\/pl\/\",\"name\":\"Talkpal\",\"description\":\"AI Language Learning\",\"publisher\":{\"@id\":\"https:\/\/talkpal.ai\/pl\/#organization\"},\"alternateName\":\"Talkpal AI\",\"potentialAction\":[{\"@type\":\"SearchAction\",\"target\":{\"@type\":\"EntryPoint\",\"urlTemplate\":\"https:\/\/talkpal.ai\/pl\/?s={search_term_string}\"},\"query-input\":{\"@type\":\"PropertyValueSpecification\",\"valueRequired\":true,\"valueName\":\"search_term_string\"}}],\"inLanguage\":\"pl-PL\"},{\"@type\":\"Organization\",\"@id\":\"https:\/\/talkpal.ai\/pl\/#organization\",\"name\":\"Talkpal, Inc.\",\"alternateName\":\"Talkpal AI\",\"url\":\"https:\/\/talkpal.ai\/pl\/\",\"logo\":{\"@type\":\"ImageObject\",\"inLanguage\":\"pl-PL\",\"@id\":\"https:\/\/talkpal.ai\/pl\/#\/schema\/logo\/image\/\",\"url\":\"https:\/\/talkpal.ai\/wp-content\/uploads\/2024\/03\/Talkpal-Logo-Icon.png\",\"contentUrl\":\"https:\/\/talkpal.ai\/wp-content\/uploads\/2024\/03\/Talkpal-Logo-Icon.png\",\"width\":2880,\"height\":2880,\"caption\":\"Talkpal, Inc.\"},\"image\":{\"@id\":\"https:\/\/talkpal.ai\/pl\/#\/schema\/logo\/image\/\"},\"sameAs\":[\"https:\/\/www.facebook.com\/profile.php?id=100090733639311\",\"https:\/\/x.com\/talkpalai\",\"https:\/\/www.linkedin.com\/company\/talkpal\/\",\"https:\/\/www.youtube.com\/@TalkPal\/\",\"https:\/\/www.tiktok.com\/@talkpal\",\"https:\/\/www.instagram.com\/talkpal_ai\/\",\"https:\/\/www.crunchbase.com\/organization\/talkpal-9cde\",\"https:\/\/www.g2.com\/products\/talkpal-for-business\/\",\"https:\/\/www.trustpilot.com\/review\/talkpal.ai\",\"https:\/\/www.capterra.com\/p\/10006800\/TalkPal\/\"],\"description\":\"Talkpal is a language learning web and mobile education app, powered by the latest AI technologies, that provides engaging experiences to its customers in many different languages to help them improve their language skills. Users can chat about unlimited amount of topics with the app and use other modes to practice their language learning.\",\"email\":\"support@talkpal.ai\",\"legalName\":\"Talkpal, Inc.\",\"foundingDate\":\"2023-04-03\",\"duns\":\"118989042\",\"numberOfEmployees\":{\"@type\":\"QuantitativeValue\",\"minValue\":\"11\",\"maxValue\":\"50\"},\"publishingPrinciples\":\"https:\/\/talkpal.ai\/publishing-principles\/\",\"actionableFeedbackPolicy\":\"https:\/\/talkpal.ai\/actionable-feedback-policy\/\",\"correctionsPolicy\":\"https:\/\/talkpal.ai\/corrections-policy\/\",\"ethicsPolicy\":\"https:\/\/talkpal.ai\/ethics-policy\/\",\"diversityPolicy\":\"https:\/\/talkpal.ai\/diversity-policy\/\",\"diversityStaffingReport\":\"https:\/\/talkpal.ai\/diversity-policy\/\"}]}<\/script>\n<!-- \/ Yoast SEO Premium plugin. -->","yoast_head_json":{"title":"\u0106wiczenia gramatyczne z j\u0119zyka nepalskiego - Talkpal","description":"\u0106wiczenia gramatyczne w j\u0119zyku nepalskim dla skutecznej komunikacji. Poznanie czas\u00f3w i struktur zda\u0144 w celu zapewnienia p\u0142ynno\u015bci j\u0119zykowej.","robots":{"index":"index","follow":"follow","max-snippet":"max-snippet:-1","max-image-preview":"max-image-preview:large","max-video-preview":"max-video-preview:-1"},"canonical":"https:\/\/talkpal.ai\/pl\/cwiczenia-gramatyczne-z-jezyka-nepalskiego\/","og_locale":"pl_PL","og_type":"article","og_title":"\u0106wiczenia gramatyczne z j\u0119zyka nepalskiego","og_description":"Nepalski Tematy gramatyczne Nauka j\u0119zyka nepalskiego mo\u017ce by\u0107 fascynuj\u0105cym i satysfakcjonuj\u0105cym do\u015bwiadczeniem dla ka\u017cdego, kto chce zanurzy\u0107 si\u0119 w","og_url":"https:\/\/talkpal.ai\/pl\/cwiczenia-gramatyczne-z-jezyka-nepalskiego\/","og_site_name":"Talkpal","article_publisher":"https:\/\/www.facebook.com\/profile.php?id=100090733639311","article_modified_time":"2025-12-17T14:35:30+00:00","og_image":[{"width":512,"height":512,"url":"https:\/\/talkpal.ai\/wp-content\/uploads\/2023\/05\/nepal.png","type":"image\/png"}],"twitter_card":"summary_large_image","twitter_site":"@talkpalai","twitter_misc":{"Szacowany czas czytania":"4 minuty"},"schema":{"@context":"https:\/\/schema.org","@graph":[{"@type":"WebPage","@id":"https:\/\/talkpal.ai\/pl\/cwiczenia-gramatyczne-z-jezyka-nepalskiego\/","url":"https:\/\/talkpal.ai\/pl\/cwiczenia-gramatyczne-z-jezyka-nepalskiego\/","name":"\u0106wiczenia gramatyczne z j\u0119zyka nepalskiego - Talkpal","isPartOf":{"@id":"https:\/\/talkpal.ai\/pl\/#website"},"primaryImageOfPage":{"@id":"https:\/\/talkpal.ai\/pl\/cwiczenia-gramatyczne-z-jezyka-nepalskiego\/#primaryimage"},"image":{"@id":"https:\/\/talkpal.ai\/pl\/cwiczenia-gramatyczne-z-jezyka-nepalskiego\/#primaryimage"},"thumbnailUrl":"https:\/\/talkpal.ai\/wp-content\/uploads\/2023\/05\/nepal.png","datePublished":"2023-06-22T08:52:21+00:00","dateModified":"2025-12-17T14:35:30+00:00","description":"\u0106wiczenia gramatyczne w j\u0119zyku nepalskim dla skutecznej komunikacji. Poznanie czas\u00f3w i struktur zda\u0144 w celu zapewnienia p\u0142ynno\u015bci j\u0119zykowej.","breadcrumb":{"@id":"https:\/\/talkpal.ai\/pl\/cwiczenia-gramatyczne-z-jezyka-nepalskiego\/#breadcrumb"},"inLanguage":"pl-PL","potentialAction":[{"@type":"ReadAction","target":["https:\/\/talkpal.ai\/pl\/cwiczenia-gramatyczne-z-jezyka-nepalskiego\/"]}]},{"@type":"ImageObject","inLanguage":"pl-PL","@id":"https:\/\/talkpal.ai\/pl\/cwiczenia-gramatyczne-z-jezyka-nepalskiego\/#primaryimage","url":"https:\/\/talkpal.ai\/wp-content\/uploads\/2023\/05\/nepal.png","contentUrl":"https:\/\/talkpal.ai\/wp-content\/uploads\/2023\/05\/nepal.png","width":512,"height":512},{"@type":"BreadcrumbList","@id":"https:\/\/talkpal.ai\/pl\/cwiczenia-gramatyczne-z-jezyka-nepalskiego\/#breadcrumb","itemListElement":[{"@type":"ListItem","position":1,"name":"Homepage","item":"https:\/\/talkpal.ai\/pl\/"},{"@type":"ListItem","position":2,"name":"\u0106wiczenia gramatyczne z j\u0119zyka nepalskiego"}]},{"@type":"WebSite","@id":"https:\/\/talkpal.ai\/pl\/#website","url":"https:\/\/talkpal.ai\/pl\/","name":"Talkpal","description":"AI Language Learning","publisher":{"@id":"https:\/\/talkpal.ai\/pl\/#organization"},"alternateName":"Talkpal AI","potentialAction":[{"@type":"SearchAction","target":{"@type":"EntryPoint","urlTemplate":"https:\/\/talkpal.ai\/pl\/?s={search_term_string}"},"query-input":{"@type":"PropertyValueSpecification","valueRequired":true,"valueName":"search_term_string"}}],"inLanguage":"pl-PL"},{"@type":"Organization","@id":"https:\/\/talkpal.ai\/pl\/#organization","name":"Talkpal, Inc.","alternateName":"Talkpal AI","url":"https:\/\/talkpal.ai\/pl\/","logo":{"@type":"ImageObject","inLanguage":"pl-PL","@id":"https:\/\/talkpal.ai\/pl\/#\/schema\/logo\/image\/","url":"https:\/\/talkpal.ai\/wp-content\/uploads\/2024\/03\/Talkpal-Logo-Icon.png","contentUrl":"https:\/\/talkpal.ai\/wp-content\/uploads\/2024\/03\/Talkpal-Logo-Icon.png","width":2880,"height":2880,"caption":"Talkpal, Inc."},"image":{"@id":"https:\/\/talkpal.ai\/pl\/#\/schema\/logo\/image\/"},"sameAs":["https:\/\/www.facebook.com\/profile.php?id=100090733639311","https:\/\/x.com\/talkpalai","https:\/\/www.linkedin.com\/company\/talkpal\/","https:\/\/www.youtube.com\/@TalkPal\/","https:\/\/www.tiktok.com\/@talkpal","https:\/\/www.instagram.com\/talkpal_ai\/","https:\/\/www.crunchbase.com\/organization\/talkpal-9cde","https:\/\/www.g2.com\/products\/talkpal-for-business\/","https:\/\/www.trustpilot.com\/review\/talkpal.ai","https:\/\/www.capterra.com\/p\/10006800\/TalkPal\/"],"description":"Talkpal is a language learning web and mobile education app, powered by the latest AI technologies, that provides engaging experiences to its customers in many different languages to help them improve their language skills. Users can chat about unlimited amount of topics with the app and use other modes to practice their language learning.","email":"support@talkpal.ai","legalName":"Talkpal, Inc.","foundingDate":"2023-04-03","duns":"118989042","numberOfEmployees":{"@type":"QuantitativeValue","minValue":"11","maxValue":"50"},"publishingPrinciples":"https:\/\/talkpal.ai\/publishing-principles\/","actionableFeedbackPolicy":"https:\/\/talkpal.ai\/actionable-feedback-policy\/","correctionsPolicy":"https:\/\/talkpal.ai\/corrections-policy\/","ethicsPolicy":"https:\/\/talkpal.ai\/ethics-policy\/","diversityPolicy":"https:\/\/talkpal.ai\/diversity-policy\/","diversityStaffingReport":"https:\/\/talkpal.ai\/diversity-policy\/"}]}},"_links":{"self":[{"href":"https:\/\/talkpal.ai\/pl\/wp-json\/wp\/v2\/pages\/158846","targetHints":{"allow":["GET"]}}],"collection":[{"href":"https:\/\/talkpal.ai\/pl\/wp-json\/wp\/v2\/pages"}],"about":[{"href":"https:\/\/talkpal.ai\/pl\/wp-json\/wp\/v2\/types\/page"}],"author":[{"embeddable":true,"href":"https:\/\/talkpal.ai\/pl\/wp-json\/wp\/v2\/users\/6"}],"replies":[{"embeddable":true,"href":"https:\/\/talkpal.ai\/pl\/wp-json\/wp\/v2\/comments?post=158846"}],"version-history":[{"count":0,"href":"https:\/\/talkpal.ai\/pl\/wp-json\/wp\/v2\/pages\/158846\/revisions"}],"wp:featuredmedia":[{"embeddable":true,"href":"https:\/\/talkpal.ai\/pl\/wp-json\/wp\/v2\/media\/116117"}],"wp:attachment":[{"href":"https:\/\/talkpal.ai\/pl\/wp-json\/wp\/v2\/media?parent=158846"}],"curies":[{"name":"wp","href":"https:\/\/api.w.org\/{rel}","templated":true}]}}