{"id":158547,"date":"2023-06-27T08:41:59","date_gmt":"2023-06-27T08:41:59","guid":{"rendered":"http:\/\/talkpal.ai\/cwiczenia-gramatyczne-z-gramatyki-norweskiej\/"},"modified":"2025-12-17T14:37:52","modified_gmt":"2025-12-17T14:37:52","slug":"cwiczenia-gramatyczne-z-gramatyki-norweskiej","status":"publish","type":"page","link":"https:\/\/talkpal.ai\/pl\/cwiczenia-gramatyczne-z-gramatyki-norweskiej\/","title":{"rendered":"\u0106wiczenia gramatyczne z gramatyki norweskiej"},"content":{"rendered":"\r\n\r\n\r\n<section class=\"languageChallengeSection\">\r\n    <div class=\"languageInfoWrapper\">\r\n        \r\n        <h1>\u0106wiczenia gramatyczne z gramatyki norweskiej<\/h1>\r\n        <p>Chcesz nabra\u0107 wi\u0119kszej pewno\u015bci siebie w j\u0119zyku norweskim? \u0106wiczenie gramatyki to \u015bwietny spos\u00f3b na opanowanie struktury zda\u0144, form czasownik\u00f3w i unikalnych wzorc\u00f3w j\u0119zyka norweskiego. Zacznij pracowa\u0107 nad norwesk\u0105 gramatyk\u0105 ju\u017c dzi\u015b i obserwuj, jak twoje umiej\u0119tno\u015bci i p\u0142ynno\u015b\u0107 rosn\u0105 z ka\u017cdym \u0107wiczeniem!\n\n<\/p>\r\n\r\n                            <a class=\"getStartedHidden\" href=\"https:\/\/app.talkpal.ai\/pl\/signup?lng=\">Zaczynaj<\/a>\r\n        \r\n    <\/div>\r\n\r\n    <figure>\r\n    <img decoding=\"async\" width=\"768\" height=\"768\" src=\"https:\/\/talkpal.ai\/wp-content\/uploads\/2023\/06\/norwegian-768x768.png\" class=\"languageImage no-lazy\" alt=\"Language learning for extensive vocabulary\" fetchpriority=\"high\" sizes=\"(max-width: 768px) 150px, 768px\" srcset=\"https:\/\/talkpal.ai\/wp-content\/uploads\/2023\/06\/norwegian-768x768.png 768w, https:\/\/talkpal.ai\/wp-content\/uploads\/2023\/06\/norwegian-300x300.png 300w\" \/>\r\n    \r\n\r\n    <\/figure>\r\n\r\n            <a class=\"getStartedVisible\" href=\"https:\/\/app.talkpal.ai\/pl\/signup?lng=\">Zaczynaj<\/a>\r\n    \r\n<\/section>\r\n\r\n\r\n<!-- <section class=\"grammarSection\">\r\n    <div class=\"grammarLinks\">\r\n            <\/div>\r\n<\/section> -->\r\n\r\n\r\n\r\n\r\n<section class=\"promotionalBanner\">\r\n    <p class=\"promotionalText\">Najbardziej efektywny spos\u00f3b nauki j\u0119zyka<\/p>\r\n    <a class=\"promotionalLink\" href=\"https:\/\/app.talkpal.ai\/pl\/signup?lng=\">Wypr\u00f3buj Talkpal za darmo<\/a>\r\n<\/section>\n<div class=\"wp-block-group pageContainerStyle\"><div class=\"wp-block-group__inner-container is-layout-constrained wp-block-group-is-layout-constrained\">\n<h2 class=\"wp-block-heading\" id=\"h-norwegian-grammar-topics\">Zagadnienia gramatyki norweskiej<\/h2>\n\n\n\n<p><a href=\"https:\/\/talkpal.ai\/pl\/nauka-norweskiego-za-darmo-skuteczne-metody-i-najlepsze-materialy\/\">Nauka norweskiego<\/a> mo\u017ce by\u0107 ekscytuj\u0105cym i satysfakcjonuj\u0105cym do\u015bwiadczeniem, poniewa\u017c otwiera drzwi do bogatej historii kulturowej, osza\u0142amiaj\u0105cych krajobraz\u00f3w i wyj\u0105tkowego stylu \u017cycia w Norwegii. Jako j\u0119zyk p\u00f3\u0142nocnogerma\u0144ski, <a href=\"https:\/\/talkpal.ai\/learn-norwegian\/\">norweski<\/a> ma wiele podobie\u0144stw z s\u0105siednimi j\u0119zykami, szwedzkim i du\u0144skim. Szczyci si\u0119 jednak w\u0142asn\u0105, odr\u0119bn\u0105 gramatyk\u0105, wymow\u0105 i s\u0142ownictwem. Aby poradzi\u0107 sobie z tym pi\u0119knym j\u0119zykiem, konieczne jest zrozumienie norweskiej gramatyki i jej r\u00f3\u017cnych element\u00f3w. W tym przewodniku om\u00f3wimy kluczowe aspekty norweskiej gramatyki, w tym czasy, czasowniki, rzeczowniki, rodzajniki, zaimki, przymiotniki, przys\u0142\u00f3wki, tryb warunkowy, przyimki i zdania, aby pom\u00f3c Ci zbudowa\u0107 solidne podstawy do nauki j\u0119zyka.<\/p>\n\n\n\n<h3 class=\"wp-block-heading\" id=\"h-1-tenses\">1. Czasy:<\/h3>\n\n\n\n<p>Jako punkt wyj\u015bcia skup si\u0119 na zrozumieniu czas\u00f3w norweskich. <a href=\"https:\/\/talkpal.ai\/learn-norwegian\/\">Norweski<\/a> ma trzy g\u0142\u00f3wne czasy: tera\u017aniejszy, przesz\u0142y i przysz\u0142y, kt\u00f3re s\u0105 kluczowe dla wyra\u017cania dzia\u0142a\u0144 i wydarze\u0144 w r\u00f3\u017cnych momentach w czasie. Zapoznaj si\u0119 ze sposobem odmieniania czasownik\u00f3w i ich zmian\u0105 w r\u00f3\u017cnych czasach.<\/p>\n\n\n\n<h3 class=\"wp-block-heading\" id=\"h-2-tense-comparison\">2. Por\u00f3wnanie czasu:<\/h3>\n\n\n\n<p>Gdy ju\u017c zrozumiesz podstawowe czasy, zbadaj, jak si\u0119 one ze sob\u0105 por\u00f3wnuj\u0105 i kontrastuj\u0105. Pomo\u017ce Ci to zrozumie\u0107 niuanse znaczeniowe i poprawi Twoje umiej\u0119tno\u015bci rozumienia i komunikacji.<\/p>\n\n\n\n<h3 class=\"wp-block-heading\" id=\"h-3-verbs\">3. Czasowniki:<\/h3>\n\n\n\n<p>Czasowniki norweskie s\u0105 niezb\u0119dne do konstruowania zda\u0144 i przekazywania znaczenia. Dowiedz si\u0119 o r\u00f3\u017cnych typach czasownik\u00f3w i ich interakcji z podmiotami i przedmiotami w zdaniu. Dodatkowo zrozum koncepcj\u0119 czasownik\u00f3w modalnych i spos\u00f3b, w jaki wyra\u017caj\u0105 one konieczno\u015b\u0107, mo\u017cliwo\u015b\u0107 i obowi\u0105zek.<\/p>\n\n\n\n<h3 class=\"wp-block-heading\" id=\"h-4-nouns\">4. Rzeczowniki:<\/h3>\n\n\n\n<p>Rzeczowniki norweskie dziel\u0105 si\u0119 na trzy rodzaje: m\u0119ski, \u017ce\u0144ski i nijaki. Wp\u0142ywa to na spos\u00f3b, w jaki rodzajniki, przymiotniki i zaimki s\u0105 z nimi u\u017cywane. Poznaj zasady tworzenia liczby mnogiej oraz okre\u015blone i nieokre\u015blone formy rzeczownik\u00f3w.<\/p>\n\n\n\n<h3 class=\"wp-block-heading\" id=\"h-5-articles\">5. Artyku\u0142y:<\/h3>\n\n\n\n<p>Rodzajniki to kr\u00f3tkie s\u0142owa, kt\u00f3re towarzysz\u0105 rzeczownikom i wskazuj\u0105 ich rodzaj i liczb\u0119. Norweski ma rodzajniki okre\u015blone i nieokre\u015blone, kt\u00f3re s\u0105 kluczowe dla poprawnego tworzenia zda\u0144.<\/p>\n\n\n\n<h3 class=\"wp-block-heading\" id=\"h-6-pronouns-determiners\">6. Zaimki\/okre\u015blniki:<\/h3>\n\n\n\n<p>S\u0142owa te zast\u0119puj\u0105 lub modyfikuj\u0105 rzeczowniki i musz\u0105 zgadza\u0107 si\u0119 pod wzgl\u0119dem rodzaju i liczby z rzeczownikiem, do kt\u00f3rego si\u0119 odnosz\u0105. Zapoznaj si\u0119 z r\u00f3\u017cnymi rodzajami zaimk\u00f3w i okre\u015blnik\u00f3w, w tym zaimkami osobowymi, dzier\u017cawczymi, wskazuj\u0105cymi i wzgl\u0119dnymi.<\/p>\n\n\n\n<h3 class=\"wp-block-heading\" id=\"h-7-adjectives\">7. Przymiotniki:<\/h3>\n\n\n\n<p>Przymiotniki opisuj\u0105 lub modyfikuj\u0105 rzeczowniki i zaimki. Dowiedz si\u0119, jak poprawnie u\u017cywa\u0107 przymiotnik\u00f3w, rozumiej\u0105c ich zasady zgodno\u015bci z rodzajem i liczb\u0105 rzeczownik\u00f3w, kt\u00f3re modyfikuj\u0105.<\/p>\n\n\n\n<h3 class=\"wp-block-heading\" id=\"h-8-adverbs\">8. Przys\u0142\u00f3wki:<\/h3>\n\n\n\n<p>Przys\u0142\u00f3wki modyfikuj\u0105 czasowniki, przymiotniki lub inne przys\u0142\u00f3wki, dostarczaj\u0105c dodatkowych informacji o dzia\u0142aniach lub cechach. <a href=\"https:\/\/talkpal.ai\/pl\/naucz-sie-malajskiego\/\">Naucz si\u0119<\/a> r\u00f3\u017cnych rodzaj\u00f3w przys\u0142\u00f3wk\u00f3w i jak skutecznie ich u\u017cywa\u0107 w swoich zdaniach.<\/p>\n\n\n\n<h3 class=\"wp-block-heading\" id=\"h-9-conditionals\">9. Warunki szczeg\u00f3\u0142owe:<\/h3>\n\n\n\n<p>Instrukcje warunkowe s\u0142u\u017c\u0105 do wyra\u017cania hipotetycznych sytuacji i ich konsekwencji. Zapoznaj si\u0119 z r\u00f3\u017cnymi rodzajami instrukcji warunkowych i sposobami ich tworzenia przy u\u017cyciu prawid\u0142owych form czasownik\u00f3w i sp\u00f3jnik\u00f3w.<\/p>\n\n\n\n<h3 class=\"wp-block-heading\" id=\"h-10-prepositions\">10. Przyimki:<\/h3>\n\n\n\n<p>Przyimki to kr\u00f3tkie s\u0142owa, kt\u00f3re wskazuj\u0105 relacje mi\u0119dzy rzeczownikami, zaimkami i innymi s\u0142owami w zdaniu. Opanowanie pos\u0142ugiwania si\u0119 przyimkami ma kluczowe znaczenie dla zrozumienia i tworzenia dok\u0142adnych zda\u0144 w j\u0119zyku norweskim.<\/p>\n\n\n\n<h3 class=\"wp-block-heading\" id=\"h-11-sentences\">11. Zdania:<\/h3>\n\n\n\n<p>Na koniec prze\u0107wicz konstruowanie zda\u0144 w j\u0119zyku norweskim, \u0142\u0105cz\u0105c swoj\u0105 wiedz\u0119 na temat czasownik\u00f3w, rzeczownik\u00f3w, rodzajnik\u00f3w, zaimk\u00f3w, przymiotnik\u00f3w, przys\u0142\u00f3wk\u00f3w, trybu warunkowego i przyimk\u00f3w. Eksperymentuj z r\u00f3\u017cnymi strukturami zda\u0144 i \u0107wicz formu\u0142owanie pyta\u0144, stwierdze\u0144 i polece\u0144, aby sta\u0107 si\u0119 bieg\u0142ym w j\u0119zyku.<\/p>\n<\/div><\/div>\n\r\n<section class=\"learnNavigationSection\">\r\n            \r\n        <a href=\"https:\/\/talkpal.ai\/pl\/naucz-sie-norweskiego\/\">\r\n            <div class=\"learnNavigationWrapper\">\r\n                <div class=\"learnNavigationContent\">\r\n                    <img decoding=\"async\" src=\"https:\/\/talkpal.ai\/wp-content\/uploads\/2024\/08\/Norwegian.jpg\" alt=\"Norwegian Flag\">\r\n                    <div>\r\n                        <h4>Informacje o Norwegian Learning<\/h4>\r\n                        <p>Dowiedz si\u0119 wszystkiego o gramatyce norweskiej.<\/p>\r\n                    <\/div>\r\n                <\/div>\r\n            <\/div>\r\n        <\/a>\r\n\r\n        \r\n        <a href=\"https:\/\/talkpal.ai\/pl\/gramatyka-norweska\/\">\r\n            <div class=\"learnNavigationWrapper\">\r\n                <div class=\"learnNavigationContent\">\r\n                    <img decoding=\"async\" src=\"https:\/\/talkpal.ai\/wp-content\/uploads\/2024\/08\/Norwegian.jpg\" alt=\"Norwegian Flag\">\r\n                    <div>\r\n                        <h4>Lekcje gramatyki norweskiej<\/h4>\r\n                        <p>\u0106wicz gramatyk\u0119 norwesk\u0105.<\/p>\r\n                    <\/div>\r\n                <\/div>\r\n            <\/div>\r\n        <\/a>\r\n\r\n        \r\n        <a href=\"https:\/\/talkpal.ai\/vocabulary_language\/norwegian\/\">\r\n            <div class=\"learnNavigationWrapper\">\r\n                <div class=\"learnNavigationContent\">\r\n                    <img decoding=\"async\" src=\"https:\/\/talkpal.ai\/wp-content\/uploads\/2024\/08\/Norwegian.jpg\" alt=\"Norwegian Flag\">\r\n                    <div>\r\n                        <h4>Norweskie s\u0142ownictwo<\/h4>\r\n                        <p>Poszerz swoje norweskie s\u0142ownictwo.<\/p>\r\n                    <\/div>\r\n                <\/div>\r\n            <\/div>\r\n        <\/a>\r\n\r\n            <\/section>","protected":false},"excerpt":{"rendered":"<p>Zagadnienia gramatyki norweskiej Nauka norweskiego mo\u017ce by\u0107 ekscytuj\u0105cym i satysfakcjonuj\u0105cym do\u015bwiadczeniem, poniewa\u017c otwiera drzwi do bogatej historii kulturowej, osza\u0142amiaj\u0105cych krajobraz\u00f3w i wyj\u0105tkowego stylu \u017cycia w Norwegii. Jako j\u0119zyk p\u00f3\u0142nocnogerma\u0144ski, norweski ma wiele podobie\u0144stw z s\u0105siednimi j\u0119zykami, szwedzkim i du\u0144skim. Szczyci si\u0119 jednak w\u0142asn\u0105, odr\u0119bn\u0105 gramatyk\u0105, wymow\u0105 i s\u0142ownictwem. Aby poradzi\u0107 sobie z tym pi\u0119knym j\u0119zykiem, [&hellip;]<\/p>\n","protected":false},"author":6,"featured_media":116870,"parent":0,"menu_order":0,"comment_status":"closed","ping_status":"closed","template":"LearningContentPage.php","meta":{"_acf_changed":false,"footnotes":""},"class_list":["post-158547","page","type-page","status-publish","has-post-thumbnail","hentry"],"acf":[],"yoast_head":"<!-- This site is optimized with the Yoast SEO Premium plugin v27.2 (Yoast SEO v27.2) - https:\/\/yoast.com\/product\/yoast-seo-premium-wordpress\/ -->\n<title>\u0106wiczenia gramatyczne z gramatyki norweskiej - Talkpal<\/title>\n<meta name=\"description\" content=\"Rozwijaj swoje umiej\u0119tno\u015bci dzi\u0119ki ciekawym \u0107wiczeniom z gramatyki norweskiej. Idealny dla uczni\u00f3w na ka\u017cdym poziomie, aby skutecznie \u0107wiczy\u0107.\" \/>\n<meta name=\"robots\" content=\"index, follow, max-snippet:-1, max-image-preview:large, max-video-preview:-1\" \/>\n<link rel=\"canonical\" href=\"https:\/\/talkpal.ai\/pl\/cwiczenia-gramatyczne-z-gramatyki-norweskiej\/\" \/>\n<meta property=\"og:locale\" content=\"pl_PL\" \/>\n<meta property=\"og:type\" content=\"article\" \/>\n<meta property=\"og:title\" content=\"\u0106wiczenia gramatyczne z gramatyki norweskiej\" \/>\n<meta property=\"og:description\" content=\"Zagadnienia gramatyki norweskiej Nauka norweskiego mo\u017ce by\u0107 ekscytuj\u0105cym i satysfakcjonuj\u0105cym do\u015bwiadczeniem, poniewa\u017c otwiera drzwi do bogatej historii\" \/>\n<meta property=\"og:url\" content=\"https:\/\/talkpal.ai\/pl\/cwiczenia-gramatyczne-z-gramatyki-norweskiej\/\" \/>\n<meta property=\"og:site_name\" content=\"Talkpal\" \/>\n<meta property=\"article:publisher\" content=\"https:\/\/www.facebook.com\/profile.php?id=100090733639311\" \/>\n<meta property=\"article:modified_time\" content=\"2025-12-17T14:37:52+00:00\" \/>\n<meta property=\"og:image\" content=\"https:\/\/talkpal.ai\/wp-content\/uploads\/2023\/05\/norway.png\" \/>\n\t<meta property=\"og:image:width\" content=\"512\" \/>\n\t<meta property=\"og:image:height\" content=\"512\" \/>\n\t<meta property=\"og:image:type\" content=\"image\/png\" \/>\n<meta name=\"twitter:card\" content=\"summary_large_image\" \/>\n<meta name=\"twitter:site\" content=\"@talkpalai\" \/>\n<meta name=\"twitter:label1\" content=\"Szacowany czas czytania\" \/>\n\t<meta name=\"twitter:data1\" content=\"3 minuty\" \/>\n<script type=\"application\/ld+json\" class=\"yoast-schema-graph\">{\"@context\":\"https:\/\/schema.org\",\"@graph\":[{\"@type\":\"WebPage\",\"@id\":\"https:\/\/talkpal.ai\/pl\/cwiczenia-gramatyczne-z-gramatyki-norweskiej\/\",\"url\":\"https:\/\/talkpal.ai\/pl\/cwiczenia-gramatyczne-z-gramatyki-norweskiej\/\",\"name\":\"\u0106wiczenia gramatyczne z gramatyki norweskiej - Talkpal\",\"isPartOf\":{\"@id\":\"https:\/\/talkpal.ai\/pl\/#website\"},\"primaryImageOfPage\":{\"@id\":\"https:\/\/talkpal.ai\/pl\/cwiczenia-gramatyczne-z-gramatyki-norweskiej\/#primaryimage\"},\"image\":{\"@id\":\"https:\/\/talkpal.ai\/pl\/cwiczenia-gramatyczne-z-gramatyki-norweskiej\/#primaryimage\"},\"thumbnailUrl\":\"https:\/\/talkpal.ai\/wp-content\/uploads\/2023\/05\/norway.png\",\"datePublished\":\"2023-06-27T08:41:59+00:00\",\"dateModified\":\"2025-12-17T14:37:52+00:00\",\"description\":\"Rozwijaj swoje umiej\u0119tno\u015bci dzi\u0119ki ciekawym \u0107wiczeniom z gramatyki norweskiej. Idealny dla uczni\u00f3w na ka\u017cdym poziomie, aby skutecznie \u0107wiczy\u0107.\",\"breadcrumb\":{\"@id\":\"https:\/\/talkpal.ai\/pl\/cwiczenia-gramatyczne-z-gramatyki-norweskiej\/#breadcrumb\"},\"inLanguage\":\"pl-PL\",\"potentialAction\":[{\"@type\":\"ReadAction\",\"target\":[\"https:\/\/talkpal.ai\/pl\/cwiczenia-gramatyczne-z-gramatyki-norweskiej\/\"]}]},{\"@type\":\"ImageObject\",\"inLanguage\":\"pl-PL\",\"@id\":\"https:\/\/talkpal.ai\/pl\/cwiczenia-gramatyczne-z-gramatyki-norweskiej\/#primaryimage\",\"url\":\"https:\/\/talkpal.ai\/wp-content\/uploads\/2023\/05\/norway.png\",\"contentUrl\":\"https:\/\/talkpal.ai\/wp-content\/uploads\/2023\/05\/norway.png\",\"width\":512,\"height\":512},{\"@type\":\"BreadcrumbList\",\"@id\":\"https:\/\/talkpal.ai\/pl\/cwiczenia-gramatyczne-z-gramatyki-norweskiej\/#breadcrumb\",\"itemListElement\":[{\"@type\":\"ListItem\",\"position\":1,\"name\":\"Homepage\",\"item\":\"https:\/\/talkpal.ai\/pl\/\"},{\"@type\":\"ListItem\",\"position\":2,\"name\":\"\u0106wiczenia gramatyczne z gramatyki norweskiej\"}]},{\"@type\":\"WebSite\",\"@id\":\"https:\/\/talkpal.ai\/pl\/#website\",\"url\":\"https:\/\/talkpal.ai\/pl\/\",\"name\":\"Talkpal\",\"description\":\"AI Language Learning\",\"publisher\":{\"@id\":\"https:\/\/talkpal.ai\/pl\/#organization\"},\"alternateName\":\"Talkpal AI\",\"potentialAction\":[{\"@type\":\"SearchAction\",\"target\":{\"@type\":\"EntryPoint\",\"urlTemplate\":\"https:\/\/talkpal.ai\/pl\/?s={search_term_string}\"},\"query-input\":{\"@type\":\"PropertyValueSpecification\",\"valueRequired\":true,\"valueName\":\"search_term_string\"}}],\"inLanguage\":\"pl-PL\"},{\"@type\":\"Organization\",\"@id\":\"https:\/\/talkpal.ai\/pl\/#organization\",\"name\":\"Talkpal, Inc.\",\"alternateName\":\"Talkpal AI\",\"url\":\"https:\/\/talkpal.ai\/pl\/\",\"logo\":{\"@type\":\"ImageObject\",\"inLanguage\":\"pl-PL\",\"@id\":\"https:\/\/talkpal.ai\/pl\/#\/schema\/logo\/image\/\",\"url\":\"https:\/\/talkpal.ai\/wp-content\/uploads\/2024\/03\/Talkpal-Logo-Icon.png\",\"contentUrl\":\"https:\/\/talkpal.ai\/wp-content\/uploads\/2024\/03\/Talkpal-Logo-Icon.png\",\"width\":2880,\"height\":2880,\"caption\":\"Talkpal, Inc.\"},\"image\":{\"@id\":\"https:\/\/talkpal.ai\/pl\/#\/schema\/logo\/image\/\"},\"sameAs\":[\"https:\/\/www.facebook.com\/profile.php?id=100090733639311\",\"https:\/\/x.com\/talkpalai\",\"https:\/\/www.linkedin.com\/company\/talkpal\/\",\"https:\/\/www.youtube.com\/@TalkPal\/\",\"https:\/\/www.tiktok.com\/@talkpal\",\"https:\/\/www.instagram.com\/talkpal_ai\/\",\"https:\/\/www.crunchbase.com\/organization\/talkpal-9cde\",\"https:\/\/www.g2.com\/products\/talkpal-for-business\/\",\"https:\/\/www.trustpilot.com\/review\/talkpal.ai\",\"https:\/\/www.capterra.com\/p\/10006800\/TalkPal\/\"],\"description\":\"Talkpal is a language learning web and mobile education app, powered by the latest AI technologies, that provides engaging experiences to its customers in many different languages to help them improve their language skills. Users can chat about unlimited amount of topics with the app and use other modes to practice their language learning.\",\"email\":\"support@talkpal.ai\",\"legalName\":\"Talkpal, Inc.\",\"foundingDate\":\"2023-04-03\",\"duns\":\"118989042\",\"numberOfEmployees\":{\"@type\":\"QuantitativeValue\",\"minValue\":\"11\",\"maxValue\":\"50\"},\"publishingPrinciples\":\"https:\/\/talkpal.ai\/publishing-principles\/\",\"actionableFeedbackPolicy\":\"https:\/\/talkpal.ai\/actionable-feedback-policy\/\",\"correctionsPolicy\":\"https:\/\/talkpal.ai\/corrections-policy\/\",\"ethicsPolicy\":\"https:\/\/talkpal.ai\/ethics-policy\/\",\"diversityPolicy\":\"https:\/\/talkpal.ai\/diversity-policy\/\",\"diversityStaffingReport\":\"https:\/\/talkpal.ai\/diversity-policy\/\"}]}<\/script>\n<!-- \/ Yoast SEO Premium plugin. -->","yoast_head_json":{"title":"\u0106wiczenia gramatyczne z gramatyki norweskiej - Talkpal","description":"Rozwijaj swoje umiej\u0119tno\u015bci dzi\u0119ki ciekawym \u0107wiczeniom z gramatyki norweskiej. Idealny dla uczni\u00f3w na ka\u017cdym poziomie, aby skutecznie \u0107wiczy\u0107.","robots":{"index":"index","follow":"follow","max-snippet":"max-snippet:-1","max-image-preview":"max-image-preview:large","max-video-preview":"max-video-preview:-1"},"canonical":"https:\/\/talkpal.ai\/pl\/cwiczenia-gramatyczne-z-gramatyki-norweskiej\/","og_locale":"pl_PL","og_type":"article","og_title":"\u0106wiczenia gramatyczne z gramatyki norweskiej","og_description":"Zagadnienia gramatyki norweskiej Nauka norweskiego mo\u017ce by\u0107 ekscytuj\u0105cym i satysfakcjonuj\u0105cym do\u015bwiadczeniem, poniewa\u017c otwiera drzwi do bogatej historii","og_url":"https:\/\/talkpal.ai\/pl\/cwiczenia-gramatyczne-z-gramatyki-norweskiej\/","og_site_name":"Talkpal","article_publisher":"https:\/\/www.facebook.com\/profile.php?id=100090733639311","article_modified_time":"2025-12-17T14:37:52+00:00","og_image":[{"width":512,"height":512,"url":"https:\/\/talkpal.ai\/wp-content\/uploads\/2023\/05\/norway.png","type":"image\/png"}],"twitter_card":"summary_large_image","twitter_site":"@talkpalai","twitter_misc":{"Szacowany czas czytania":"3 minuty"},"schema":{"@context":"https:\/\/schema.org","@graph":[{"@type":"WebPage","@id":"https:\/\/talkpal.ai\/pl\/cwiczenia-gramatyczne-z-gramatyki-norweskiej\/","url":"https:\/\/talkpal.ai\/pl\/cwiczenia-gramatyczne-z-gramatyki-norweskiej\/","name":"\u0106wiczenia gramatyczne z gramatyki norweskiej - Talkpal","isPartOf":{"@id":"https:\/\/talkpal.ai\/pl\/#website"},"primaryImageOfPage":{"@id":"https:\/\/talkpal.ai\/pl\/cwiczenia-gramatyczne-z-gramatyki-norweskiej\/#primaryimage"},"image":{"@id":"https:\/\/talkpal.ai\/pl\/cwiczenia-gramatyczne-z-gramatyki-norweskiej\/#primaryimage"},"thumbnailUrl":"https:\/\/talkpal.ai\/wp-content\/uploads\/2023\/05\/norway.png","datePublished":"2023-06-27T08:41:59+00:00","dateModified":"2025-12-17T14:37:52+00:00","description":"Rozwijaj swoje umiej\u0119tno\u015bci dzi\u0119ki ciekawym \u0107wiczeniom z gramatyki norweskiej. Idealny dla uczni\u00f3w na ka\u017cdym poziomie, aby skutecznie \u0107wiczy\u0107.","breadcrumb":{"@id":"https:\/\/talkpal.ai\/pl\/cwiczenia-gramatyczne-z-gramatyki-norweskiej\/#breadcrumb"},"inLanguage":"pl-PL","potentialAction":[{"@type":"ReadAction","target":["https:\/\/talkpal.ai\/pl\/cwiczenia-gramatyczne-z-gramatyki-norweskiej\/"]}]},{"@type":"ImageObject","inLanguage":"pl-PL","@id":"https:\/\/talkpal.ai\/pl\/cwiczenia-gramatyczne-z-gramatyki-norweskiej\/#primaryimage","url":"https:\/\/talkpal.ai\/wp-content\/uploads\/2023\/05\/norway.png","contentUrl":"https:\/\/talkpal.ai\/wp-content\/uploads\/2023\/05\/norway.png","width":512,"height":512},{"@type":"BreadcrumbList","@id":"https:\/\/talkpal.ai\/pl\/cwiczenia-gramatyczne-z-gramatyki-norweskiej\/#breadcrumb","itemListElement":[{"@type":"ListItem","position":1,"name":"Homepage","item":"https:\/\/talkpal.ai\/pl\/"},{"@type":"ListItem","position":2,"name":"\u0106wiczenia gramatyczne z gramatyki norweskiej"}]},{"@type":"WebSite","@id":"https:\/\/talkpal.ai\/pl\/#website","url":"https:\/\/talkpal.ai\/pl\/","name":"Talkpal","description":"AI Language Learning","publisher":{"@id":"https:\/\/talkpal.ai\/pl\/#organization"},"alternateName":"Talkpal AI","potentialAction":[{"@type":"SearchAction","target":{"@type":"EntryPoint","urlTemplate":"https:\/\/talkpal.ai\/pl\/?s={search_term_string}"},"query-input":{"@type":"PropertyValueSpecification","valueRequired":true,"valueName":"search_term_string"}}],"inLanguage":"pl-PL"},{"@type":"Organization","@id":"https:\/\/talkpal.ai\/pl\/#organization","name":"Talkpal, Inc.","alternateName":"Talkpal AI","url":"https:\/\/talkpal.ai\/pl\/","logo":{"@type":"ImageObject","inLanguage":"pl-PL","@id":"https:\/\/talkpal.ai\/pl\/#\/schema\/logo\/image\/","url":"https:\/\/talkpal.ai\/wp-content\/uploads\/2024\/03\/Talkpal-Logo-Icon.png","contentUrl":"https:\/\/talkpal.ai\/wp-content\/uploads\/2024\/03\/Talkpal-Logo-Icon.png","width":2880,"height":2880,"caption":"Talkpal, Inc."},"image":{"@id":"https:\/\/talkpal.ai\/pl\/#\/schema\/logo\/image\/"},"sameAs":["https:\/\/www.facebook.com\/profile.php?id=100090733639311","https:\/\/x.com\/talkpalai","https:\/\/www.linkedin.com\/company\/talkpal\/","https:\/\/www.youtube.com\/@TalkPal\/","https:\/\/www.tiktok.com\/@talkpal","https:\/\/www.instagram.com\/talkpal_ai\/","https:\/\/www.crunchbase.com\/organization\/talkpal-9cde","https:\/\/www.g2.com\/products\/talkpal-for-business\/","https:\/\/www.trustpilot.com\/review\/talkpal.ai","https:\/\/www.capterra.com\/p\/10006800\/TalkPal\/"],"description":"Talkpal is a language learning web and mobile education app, powered by the latest AI technologies, that provides engaging experiences to its customers in many different languages to help them improve their language skills. Users can chat about unlimited amount of topics with the app and use other modes to practice their language learning.","email":"support@talkpal.ai","legalName":"Talkpal, Inc.","foundingDate":"2023-04-03","duns":"118989042","numberOfEmployees":{"@type":"QuantitativeValue","minValue":"11","maxValue":"50"},"publishingPrinciples":"https:\/\/talkpal.ai\/publishing-principles\/","actionableFeedbackPolicy":"https:\/\/talkpal.ai\/actionable-feedback-policy\/","correctionsPolicy":"https:\/\/talkpal.ai\/corrections-policy\/","ethicsPolicy":"https:\/\/talkpal.ai\/ethics-policy\/","diversityPolicy":"https:\/\/talkpal.ai\/diversity-policy\/","diversityStaffingReport":"https:\/\/talkpal.ai\/diversity-policy\/"}]}},"_links":{"self":[{"href":"https:\/\/talkpal.ai\/pl\/wp-json\/wp\/v2\/pages\/158547","targetHints":{"allow":["GET"]}}],"collection":[{"href":"https:\/\/talkpal.ai\/pl\/wp-json\/wp\/v2\/pages"}],"about":[{"href":"https:\/\/talkpal.ai\/pl\/wp-json\/wp\/v2\/types\/page"}],"author":[{"embeddable":true,"href":"https:\/\/talkpal.ai\/pl\/wp-json\/wp\/v2\/users\/6"}],"replies":[{"embeddable":true,"href":"https:\/\/talkpal.ai\/pl\/wp-json\/wp\/v2\/comments?post=158547"}],"version-history":[{"count":0,"href":"https:\/\/talkpal.ai\/pl\/wp-json\/wp\/v2\/pages\/158547\/revisions"}],"wp:featuredmedia":[{"embeddable":true,"href":"https:\/\/talkpal.ai\/pl\/wp-json\/wp\/v2\/media\/116870"}],"wp:attachment":[{"href":"https:\/\/talkpal.ai\/pl\/wp-json\/wp\/v2\/media?parent=158547"}],"curies":[{"name":"wp","href":"https:\/\/api.w.org\/{rel}","templated":true}]}}