{"id":156910,"date":"2023-06-28T13:54:56","date_gmt":"2023-06-28T13:54:56","guid":{"rendered":"http:\/\/talkpal.ai\/cwiczenia-gramatyczne-w-jezyku-slowenskim\/"},"modified":"2025-12-17T09:51:03","modified_gmt":"2025-12-17T09:51:03","slug":"cwiczenia-gramatyczne-w-jezyku-slowenskim","status":"publish","type":"page","link":"https:\/\/talkpal.ai\/pl\/cwiczenia-gramatyczne-w-jezyku-slowenskim\/","title":{"rendered":"\u0106wiczenia gramatyczne w j\u0119zyku s\u0142owe\u0144skim"},"content":{"rendered":"\r\n\r\n\r\n<section class=\"languageChallengeSection\">\r\n    <div class=\"languageInfoWrapper\">\r\n        \r\n        <h1>\u0106wiczenia gramatyczne w j\u0119zyku s\u0142owe\u0144skim<\/h1>\r\n        <p>Chcesz przenie\u015b\u0107 swoje s\u0142owe\u0144skie umiej\u0119tno\u015bci na wy\u017cszy poziom? \u0106wiczenie gramatyki to fantastyczny spos\u00f3b na opanowanie struktury zda\u0144, ko\u0144c\u00f3wek czasownik\u00f3w i unikalnych wzorc\u00f3w j\u0119zyka s\u0142owe\u0144skiego. Zacznij pracowa\u0107 nad s\u0142owe\u0144sk\u0105 gramatyk\u0105 ju\u017c dzi\u015b i obserwuj, jak twoja pewno\u015b\u0107 siebie i p\u0142ynno\u015b\u0107 poprawiaj\u0105 si\u0119 z ka\u017cdym \u0107wiczeniem!<\/p>\r\n\r\n                            <a class=\"getStartedHidden\" href=\"https:\/\/app.talkpal.ai\/pl\/signup?lng=\">Zaczynaj<\/a>\r\n        \r\n    <\/div>\r\n\r\n    <figure>\r\n    <img decoding=\"async\" width=\"768\" height=\"768\" src=\"https:\/\/talkpal.ai\/wp-content\/uploads\/2023\/06\/slovenian-768x768.png\" class=\"languageImage no-lazy\" alt=\"Language learning for broader perspectives\" fetchpriority=\"high\" sizes=\"(max-width: 768px) 150px, 768px\" srcset=\"https:\/\/talkpal.ai\/wp-content\/uploads\/2023\/06\/slovenian-768x768.png 768w, https:\/\/talkpal.ai\/wp-content\/uploads\/2023\/06\/slovenian-300x300.png 300w\" \/>\r\n    \r\n\r\n    <\/figure>\r\n\r\n            <a class=\"getStartedVisible\" href=\"https:\/\/app.talkpal.ai\/pl\/signup?lng=\">Zaczynaj<\/a>\r\n    \r\n<\/section>\r\n\r\n\r\n<!-- <section class=\"grammarSection\">\r\n    <div class=\"grammarLinks\">\r\n            <\/div>\r\n<\/section> -->\r\n\r\n\r\n\r\n\r\n<section class=\"promotionalBanner\">\r\n    <p class=\"promotionalText\">Najbardziej efektywny spos\u00f3b nauki j\u0119zyka<\/p>\r\n    <a class=\"promotionalLink\" href=\"https:\/\/app.talkpal.ai\/pl\/signup?lng=\">Wypr\u00f3buj Talkpal za darmo<\/a>\r\n<\/section>\n<div class=\"wp-block-group pageContainerStyle\"><div class=\"wp-block-group__inner-container is-layout-constrained wp-block-group-is-layout-constrained\">\n<h2 class=\"wp-block-heading\" id=\"h-slovenian-grammar-topics\">Zagadnienia gramatyczne w j\u0119zyku s\u0142owe\u0144skim<\/h2>\n\n\n\n<p><a href=\"https:\/\/talkpal.ai\/learn-slovenian\/\">S\u0142owe\u0144ski<\/a>, znany r\u00f3wnie\u017c jako <a href=\"https:\/\/talkpal.ai\/learn-slovenian\/\">s\u0142owe\u0144ski<\/a>, jest j\u0119zykiem po\u0142udniowos\u0142owia\u0144skim u\u017cywanym g\u0142\u00f3wnie w S\u0142owenii. Jest to jeden z 24 j\u0119zyk\u00f3w urz\u0119dowych i roboczych Unii Europejskiej. <a href=\"https:\/\/talkpal.ai\/pl\/nauka-jezyka-slowenskiego-praktyczne-wskazowki-i-skuteczne-metody\/\">Nauka j\u0119zyka s\u0142owe\u0144skiego<\/a> wymaga zrozumienia r\u00f3\u017cnych element\u00f3w gramatycznych, takich jak czasy, czasowniki, rzeczowniki, rodzajniki itp. Sugerowana jest poni\u017csza sekwencja temat\u00f3w, aby proces uczenia si\u0119 by\u0142 bardziej ustrukturyzowany i efektywny.<\/p>\n\n\n\n<h3 class=\"wp-block-heading\" id=\"h-1-nouns-and-articles\">1. Rzeczowniki i rodzajniki:<\/h3>\n\n\n\n<p>Zacznij od podstaw s\u0142owe\u0144skiej gramatyki &#8211; rzeczownik\u00f3w i rodzajnik\u00f3w. Zrozum poj\u0119cie rodzaju (m\u0119skiego, \u017ce\u0144skiego, nijakiego) i liczby (pojedynczej, podw\u00f3jnej, mnogiej) w rzeczownikach s\u0142owe\u0144skich. Rozpoznaj rodzajniki okre\u015blone i nieokre\u015blone oraz ich u\u017cycie.<\/p>\n\n\n\n<h3 class=\"wp-block-heading\" id=\"h-2-adjectives\">2. Przymiotniki:<\/h3>\n\n\n\n<p>Po zrozumieniu rzeczownik\u00f3w przejd\u017a do przymiotnik\u00f3w. Dowiedz si\u0119 wi\u0119cej o deklinacji przymiotnik\u00f3w w rodzaju, liczbie i przypadku. Zrozum tak\u017ce formy por\u00f3wnawcze i superlatywne.<\/p>\n\n\n\n<h3 class=\"wp-block-heading\" id=\"h-3-pronouns-determiners\">3. Zaimki\/okre\u015blniki:<\/h3>\n\n\n\n<p>Nast\u0119pnie skup si\u0119 na zaimkach i okre\u015blnikach. S\u0105 niezb\u0119dne w tworzeniu zda\u0144 i maj\u0105 bliski zwi\u0105zek z rzeczownikami i przymiotnikami.<\/p>\n\n\n\n<h3 class=\"wp-block-heading\" id=\"h-4-verbs\">4. Czasowniki:<\/h3>\n\n\n\n<p>Zapoznaj si\u0119 ze s\u0142owe\u0144skimi czasownikami. Dowiedz si\u0119 wi\u0119cej o trzech wzorcach koniugacji, czasownikach modalnych i czasownikach zwrotnych.<\/p>\n\n\n\n<h3 class=\"wp-block-heading\" id=\"h-5-tenses\">5. Czasy:<\/h3>\n\n\n\n<p>S\u0142owe\u0144ski ma tylko trzy czasy &#8211; przesz\u0142y, tera\u017aniejszy i przysz\u0142y. Przestudiuj szczeg\u00f3\u0142owo ka\u017cdy czas wraz z zasadami ich u\u017cycia.<\/p>\n\n\n\n<h3 class=\"wp-block-heading\" id=\"h-6-tense-comparison\">6. Por\u00f3wnanie czasu pracy:<\/h3>\n\n\n\n<p>Po zrozumieniu poszczeg\u00f3lnych czas\u00f3w <a href=\"https:\/\/talkpal.ai\/pl\/naucz-sie-malajskiego\/\">naucz si\u0119<\/a> ich por\u00f3wnywania. Pomo\u017ce Ci to wybra\u0107 odpowiedni czas w zale\u017cno\u015bci od sytuacji.<\/p>\n\n\n\n<h3 class=\"wp-block-heading\" id=\"h-7-progressive-and-perfect-progressive\">7. Progresywny i doskona\u0142y progresywny:<\/h3>\n\n\n\n<p>J\u0119zyk s\u0142owe\u0144ski nie ma bezpo\u015bredniego odpowiednika angielskiego czasu progresywnego i dokonanego progresywnego. Dowiedz si\u0119 jednak, jak wyra\u017ca\u0107 trwaj\u0105ce lub zako\u0144czone dzia\u0142ania w j\u0119zyku s\u0142owe\u0144skim.<\/p>\n\n\n\n<h3 class=\"wp-block-heading\" id=\"h-8-adverbs\">8. Przys\u0142\u00f3wki:<\/h3>\n\n\n\n<p>Modyfikuj\u0105 czasowniki, przymiotniki lub inne przys\u0142\u00f3wki. Dowiedz si\u0119 o rodzajach przys\u0142\u00f3wk\u00f3w i ich rozmieszczeniu w zdaniu.<\/p>\n\n\n\n<h3 class=\"wp-block-heading\" id=\"h-9-prepositions\">9. Przyimki:<\/h3>\n\n\n\n<p>\u0141\u0105cz\u0105 s\u0142owa z innymi s\u0142owami. Zrozum s\u0142owe\u0144skie przyimki i ich przypadki.<\/p>\n\n\n\n<h3 class=\"wp-block-heading\" id=\"h-10-conditionals\">10. Warunki warunkowe:<\/h3>\n\n\n\n<p><a href=\"https:\/\/talkpal.ai\/pl\/naucz-sie-malajskiego\/\">Naucz si\u0119<\/a> zda\u0144 warunkowych, aby wyrazi\u0107 hipotetyczne sytuacje i ich konsekwencje.<\/p>\n\n\n\n<h3 class=\"wp-block-heading\" id=\"h-11-sentences\">11. Zdania:<\/h3>\n\n\n\n<p>Na koniec prze\u0107wicz konstruowanie zda\u0144 przy u\u017cyciu wyuczonych regu\u0142 gramatycznych. Poprawi to Twoje umiej\u0119tno\u015bci pisania i konwersacji w j\u0119zyku s\u0142owe\u0144skim.<\/p>\n<\/div><\/div>\n\r\n<section class=\"learnNavigationSection\">\r\n            \r\n        <a href=\"https:\/\/talkpal.ai\/pl\/naucz-sie-slowenskiego\/\">\r\n            <div class=\"learnNavigationWrapper\">\r\n                <div class=\"learnNavigationContent\">\r\n                    <img decoding=\"async\" src=\"https:\/\/talkpal.ai\/wp-content\/uploads\/2024\/08\/Slovenian.jpg\" alt=\"Slovenian Flag\">\r\n                    <div>\r\n                        <h4>O s\u0142owe\u0144skiej nauce<\/h4>\r\n                        <p>Dowiedz si\u0119 wszystkiego o gramatyce s\u0142owe\u0144skiej .<\/p>\r\n                    <\/div>\r\n                <\/div>\r\n            <\/div>\r\n        <\/a>\r\n\r\n        \r\n        <a href=\"https:\/\/talkpal.ai\/pl\/gramatyka-slowenska\/\">\r\n            <div class=\"learnNavigationWrapper\">\r\n                <div class=\"learnNavigationContent\">\r\n                    <img decoding=\"async\" src=\"https:\/\/talkpal.ai\/wp-content\/uploads\/2024\/08\/Slovenian.jpg\" alt=\"Slovenian Flag\">\r\n                    <div>\r\n                        <h4>Lekcje gramatyki s\u0142owe\u0144skiej<\/h4>\r\n                        <p>\u0106wicz gramatyk\u0119 s\u0142owe\u0144sk\u0105 .<\/p>\r\n                    <\/div>\r\n                <\/div>\r\n            <\/div>\r\n        <\/a>\r\n\r\n        \r\n        <a href=\"https:\/\/talkpal.ai\/vocabulary_language\/slovenian\/\">\r\n            <div class=\"learnNavigationWrapper\">\r\n                <div class=\"learnNavigationContent\">\r\n                    <img decoding=\"async\" src=\"https:\/\/talkpal.ai\/wp-content\/uploads\/2024\/08\/Slovenian.jpg\" alt=\"Slovenian Flag\">\r\n                    <div>\r\n                        <h4>S\u0142ownictwo s\u0142owe\u0144skie<\/h4>\r\n                        <p>Poszerz swoje s\u0142owe\u0144skie s\u0142ownictwo.<\/p>\r\n                    <\/div>\r\n                <\/div>\r\n            <\/div>\r\n        <\/a>\r\n\r\n            <\/section>","protected":false},"excerpt":{"rendered":"<p>Zagadnienia gramatyczne w j\u0119zyku s\u0142owe\u0144skim S\u0142owe\u0144ski, znany r\u00f3wnie\u017c jako s\u0142owe\u0144ski, jest j\u0119zykiem po\u0142udniowos\u0142owia\u0144skim u\u017cywanym g\u0142\u00f3wnie w S\u0142owenii. Jest to jeden z 24 j\u0119zyk\u00f3w urz\u0119dowych i roboczych Unii Europejskiej. Nauka j\u0119zyka s\u0142owe\u0144skiego wymaga zrozumienia r\u00f3\u017cnych element\u00f3w gramatycznych, takich jak czasy, czasowniki, rzeczowniki, rodzajniki itp. Sugerowana jest poni\u017csza sekwencja temat\u00f3w, aby proces uczenia si\u0119 by\u0142 bardziej ustrukturyzowany [&hellip;]<\/p>\n","protected":false},"author":6,"featured_media":119839,"parent":0,"menu_order":0,"comment_status":"closed","ping_status":"closed","template":"LearningContentPage.php","meta":{"_acf_changed":false,"footnotes":""},"class_list":["post-156910","page","type-page","status-publish","has-post-thumbnail","hentry"],"acf":[],"yoast_head":"<!-- This site is optimized with the Yoast SEO Premium plugin v27.2 (Yoast SEO v27.2) - https:\/\/yoast.com\/product\/yoast-seo-premium-wordpress\/ -->\n<title>\u0106wiczenia gramatyczne w j\u0119zyku s\u0142owe\u0144skim - Talkpal<\/title>\n<meta name=\"description\" content=\"Popraw swoje umiej\u0119tno\u015bci gramatyczne w j\u0119zyku s\u0142owe\u0144skim dzi\u0119ki interaktywnym \u0107wiczeniom przeznaczonym dla wszystkich poziom\u00f3w. Usprawnij sw\u00f3j proces nauki j\u0119zyka ju\u017c dzi\u015b!\" \/>\n<meta name=\"robots\" content=\"index, follow, max-snippet:-1, max-image-preview:large, max-video-preview:-1\" \/>\n<link rel=\"canonical\" href=\"https:\/\/talkpal.ai\/pl\/cwiczenia-gramatyczne-w-jezyku-slowenskim\/\" \/>\n<meta property=\"og:locale\" content=\"pl_PL\" \/>\n<meta property=\"og:type\" content=\"article\" \/>\n<meta property=\"og:title\" content=\"\u0106wiczenia gramatyczne w j\u0119zyku s\u0142owe\u0144skim\" \/>\n<meta property=\"og:description\" content=\"Zagadnienia gramatyczne w j\u0119zyku s\u0142owe\u0144skim S\u0142owe\u0144ski, znany r\u00f3wnie\u017c jako s\u0142owe\u0144ski, jest j\u0119zykiem po\u0142udniowos\u0142owia\u0144skim u\u017cywanym g\u0142\u00f3wnie w S\u0142owenii. Jest\" \/>\n<meta property=\"og:url\" content=\"https:\/\/talkpal.ai\/pl\/cwiczenia-gramatyczne-w-jezyku-slowenskim\/\" \/>\n<meta property=\"og:site_name\" content=\"Talkpal\" \/>\n<meta property=\"article:publisher\" content=\"https:\/\/www.facebook.com\/profile.php?id=100090733639311\" \/>\n<meta property=\"article:modified_time\" content=\"2025-12-17T09:51:03+00:00\" \/>\n<meta property=\"og:image\" content=\"https:\/\/talkpal.ai\/wp-content\/uploads\/2023\/05\/slovenia.png\" \/>\n\t<meta property=\"og:image:width\" content=\"512\" \/>\n\t<meta property=\"og:image:height\" content=\"512\" \/>\n\t<meta property=\"og:image:type\" content=\"image\/png\" \/>\n<meta name=\"twitter:card\" content=\"summary_large_image\" \/>\n<meta name=\"twitter:site\" content=\"@talkpalai\" \/>\n<meta name=\"twitter:label1\" content=\"Szacowany czas czytania\" \/>\n\t<meta name=\"twitter:data1\" content=\"2 minuty\" \/>\n<script type=\"application\/ld+json\" class=\"yoast-schema-graph\">{\"@context\":\"https:\/\/schema.org\",\"@graph\":[{\"@type\":\"WebPage\",\"@id\":\"https:\/\/talkpal.ai\/pl\/cwiczenia-gramatyczne-w-jezyku-slowenskim\/\",\"url\":\"https:\/\/talkpal.ai\/pl\/cwiczenia-gramatyczne-w-jezyku-slowenskim\/\",\"name\":\"\u0106wiczenia gramatyczne w j\u0119zyku s\u0142owe\u0144skim - Talkpal\",\"isPartOf\":{\"@id\":\"https:\/\/talkpal.ai\/pl\/#website\"},\"primaryImageOfPage\":{\"@id\":\"https:\/\/talkpal.ai\/pl\/cwiczenia-gramatyczne-w-jezyku-slowenskim\/#primaryimage\"},\"image\":{\"@id\":\"https:\/\/talkpal.ai\/pl\/cwiczenia-gramatyczne-w-jezyku-slowenskim\/#primaryimage\"},\"thumbnailUrl\":\"https:\/\/talkpal.ai\/wp-content\/uploads\/2023\/05\/slovenia.png\",\"datePublished\":\"2023-06-28T13:54:56+00:00\",\"dateModified\":\"2025-12-17T09:51:03+00:00\",\"description\":\"Popraw swoje umiej\u0119tno\u015bci gramatyczne w j\u0119zyku s\u0142owe\u0144skim dzi\u0119ki interaktywnym \u0107wiczeniom przeznaczonym dla wszystkich poziom\u00f3w. Usprawnij sw\u00f3j proces nauki j\u0119zyka ju\u017c dzi\u015b!\",\"breadcrumb\":{\"@id\":\"https:\/\/talkpal.ai\/pl\/cwiczenia-gramatyczne-w-jezyku-slowenskim\/#breadcrumb\"},\"inLanguage\":\"pl-PL\",\"potentialAction\":[{\"@type\":\"ReadAction\",\"target\":[\"https:\/\/talkpal.ai\/pl\/cwiczenia-gramatyczne-w-jezyku-slowenskim\/\"]}]},{\"@type\":\"ImageObject\",\"inLanguage\":\"pl-PL\",\"@id\":\"https:\/\/talkpal.ai\/pl\/cwiczenia-gramatyczne-w-jezyku-slowenskim\/#primaryimage\",\"url\":\"https:\/\/talkpal.ai\/wp-content\/uploads\/2023\/05\/slovenia.png\",\"contentUrl\":\"https:\/\/talkpal.ai\/wp-content\/uploads\/2023\/05\/slovenia.png\",\"width\":512,\"height\":512},{\"@type\":\"BreadcrumbList\",\"@id\":\"https:\/\/talkpal.ai\/pl\/cwiczenia-gramatyczne-w-jezyku-slowenskim\/#breadcrumb\",\"itemListElement\":[{\"@type\":\"ListItem\",\"position\":1,\"name\":\"Homepage\",\"item\":\"https:\/\/talkpal.ai\/pl\/\"},{\"@type\":\"ListItem\",\"position\":2,\"name\":\"\u0106wiczenia gramatyczne w j\u0119zyku s\u0142owe\u0144skim\"}]},{\"@type\":\"WebSite\",\"@id\":\"https:\/\/talkpal.ai\/pl\/#website\",\"url\":\"https:\/\/talkpal.ai\/pl\/\",\"name\":\"Talkpal\",\"description\":\"AI Language Learning\",\"publisher\":{\"@id\":\"https:\/\/talkpal.ai\/pl\/#organization\"},\"alternateName\":\"Talkpal AI\",\"potentialAction\":[{\"@type\":\"SearchAction\",\"target\":{\"@type\":\"EntryPoint\",\"urlTemplate\":\"https:\/\/talkpal.ai\/pl\/?s={search_term_string}\"},\"query-input\":{\"@type\":\"PropertyValueSpecification\",\"valueRequired\":true,\"valueName\":\"search_term_string\"}}],\"inLanguage\":\"pl-PL\"},{\"@type\":\"Organization\",\"@id\":\"https:\/\/talkpal.ai\/pl\/#organization\",\"name\":\"Talkpal, Inc.\",\"alternateName\":\"Talkpal AI\",\"url\":\"https:\/\/talkpal.ai\/pl\/\",\"logo\":{\"@type\":\"ImageObject\",\"inLanguage\":\"pl-PL\",\"@id\":\"https:\/\/talkpal.ai\/pl\/#\/schema\/logo\/image\/\",\"url\":\"https:\/\/talkpal.ai\/wp-content\/uploads\/2024\/03\/Talkpal-Logo-Icon.png\",\"contentUrl\":\"https:\/\/talkpal.ai\/wp-content\/uploads\/2024\/03\/Talkpal-Logo-Icon.png\",\"width\":2880,\"height\":2880,\"caption\":\"Talkpal, Inc.\"},\"image\":{\"@id\":\"https:\/\/talkpal.ai\/pl\/#\/schema\/logo\/image\/\"},\"sameAs\":[\"https:\/\/www.facebook.com\/profile.php?id=100090733639311\",\"https:\/\/x.com\/talkpalai\",\"https:\/\/www.linkedin.com\/company\/talkpal\/\",\"https:\/\/www.youtube.com\/@TalkPal\/\",\"https:\/\/www.tiktok.com\/@talkpal\",\"https:\/\/www.instagram.com\/talkpal_ai\/\",\"https:\/\/www.crunchbase.com\/organization\/talkpal-9cde\",\"https:\/\/www.g2.com\/products\/talkpal-for-business\/\",\"https:\/\/www.trustpilot.com\/review\/talkpal.ai\",\"https:\/\/www.capterra.com\/p\/10006800\/TalkPal\/\"],\"description\":\"Talkpal is a language learning web and mobile education app, powered by the latest AI technologies, that provides engaging experiences to its customers in many different languages to help them improve their language skills. Users can chat about unlimited amount of topics with the app and use other modes to practice their language learning.\",\"email\":\"support@talkpal.ai\",\"legalName\":\"Talkpal, Inc.\",\"foundingDate\":\"2023-04-03\",\"duns\":\"118989042\",\"numberOfEmployees\":{\"@type\":\"QuantitativeValue\",\"minValue\":\"11\",\"maxValue\":\"50\"},\"publishingPrinciples\":\"https:\/\/talkpal.ai\/publishing-principles\/\",\"actionableFeedbackPolicy\":\"https:\/\/talkpal.ai\/actionable-feedback-policy\/\",\"correctionsPolicy\":\"https:\/\/talkpal.ai\/corrections-policy\/\",\"ethicsPolicy\":\"https:\/\/talkpal.ai\/ethics-policy\/\",\"diversityPolicy\":\"https:\/\/talkpal.ai\/diversity-policy\/\",\"diversityStaffingReport\":\"https:\/\/talkpal.ai\/diversity-policy\/\"}]}<\/script>\n<!-- \/ Yoast SEO Premium plugin. -->","yoast_head_json":{"title":"\u0106wiczenia gramatyczne w j\u0119zyku s\u0142owe\u0144skim - Talkpal","description":"Popraw swoje umiej\u0119tno\u015bci gramatyczne w j\u0119zyku s\u0142owe\u0144skim dzi\u0119ki interaktywnym \u0107wiczeniom przeznaczonym dla wszystkich poziom\u00f3w. Usprawnij sw\u00f3j proces nauki j\u0119zyka ju\u017c dzi\u015b!","robots":{"index":"index","follow":"follow","max-snippet":"max-snippet:-1","max-image-preview":"max-image-preview:large","max-video-preview":"max-video-preview:-1"},"canonical":"https:\/\/talkpal.ai\/pl\/cwiczenia-gramatyczne-w-jezyku-slowenskim\/","og_locale":"pl_PL","og_type":"article","og_title":"\u0106wiczenia gramatyczne w j\u0119zyku s\u0142owe\u0144skim","og_description":"Zagadnienia gramatyczne w j\u0119zyku s\u0142owe\u0144skim S\u0142owe\u0144ski, znany r\u00f3wnie\u017c jako s\u0142owe\u0144ski, jest j\u0119zykiem po\u0142udniowos\u0142owia\u0144skim u\u017cywanym g\u0142\u00f3wnie w S\u0142owenii. Jest","og_url":"https:\/\/talkpal.ai\/pl\/cwiczenia-gramatyczne-w-jezyku-slowenskim\/","og_site_name":"Talkpal","article_publisher":"https:\/\/www.facebook.com\/profile.php?id=100090733639311","article_modified_time":"2025-12-17T09:51:03+00:00","og_image":[{"width":512,"height":512,"url":"https:\/\/talkpal.ai\/wp-content\/uploads\/2023\/05\/slovenia.png","type":"image\/png"}],"twitter_card":"summary_large_image","twitter_site":"@talkpalai","twitter_misc":{"Szacowany czas czytania":"2 minuty"},"schema":{"@context":"https:\/\/schema.org","@graph":[{"@type":"WebPage","@id":"https:\/\/talkpal.ai\/pl\/cwiczenia-gramatyczne-w-jezyku-slowenskim\/","url":"https:\/\/talkpal.ai\/pl\/cwiczenia-gramatyczne-w-jezyku-slowenskim\/","name":"\u0106wiczenia gramatyczne w j\u0119zyku s\u0142owe\u0144skim - Talkpal","isPartOf":{"@id":"https:\/\/talkpal.ai\/pl\/#website"},"primaryImageOfPage":{"@id":"https:\/\/talkpal.ai\/pl\/cwiczenia-gramatyczne-w-jezyku-slowenskim\/#primaryimage"},"image":{"@id":"https:\/\/talkpal.ai\/pl\/cwiczenia-gramatyczne-w-jezyku-slowenskim\/#primaryimage"},"thumbnailUrl":"https:\/\/talkpal.ai\/wp-content\/uploads\/2023\/05\/slovenia.png","datePublished":"2023-06-28T13:54:56+00:00","dateModified":"2025-12-17T09:51:03+00:00","description":"Popraw swoje umiej\u0119tno\u015bci gramatyczne w j\u0119zyku s\u0142owe\u0144skim dzi\u0119ki interaktywnym \u0107wiczeniom przeznaczonym dla wszystkich poziom\u00f3w. Usprawnij sw\u00f3j proces nauki j\u0119zyka ju\u017c dzi\u015b!","breadcrumb":{"@id":"https:\/\/talkpal.ai\/pl\/cwiczenia-gramatyczne-w-jezyku-slowenskim\/#breadcrumb"},"inLanguage":"pl-PL","potentialAction":[{"@type":"ReadAction","target":["https:\/\/talkpal.ai\/pl\/cwiczenia-gramatyczne-w-jezyku-slowenskim\/"]}]},{"@type":"ImageObject","inLanguage":"pl-PL","@id":"https:\/\/talkpal.ai\/pl\/cwiczenia-gramatyczne-w-jezyku-slowenskim\/#primaryimage","url":"https:\/\/talkpal.ai\/wp-content\/uploads\/2023\/05\/slovenia.png","contentUrl":"https:\/\/talkpal.ai\/wp-content\/uploads\/2023\/05\/slovenia.png","width":512,"height":512},{"@type":"BreadcrumbList","@id":"https:\/\/talkpal.ai\/pl\/cwiczenia-gramatyczne-w-jezyku-slowenskim\/#breadcrumb","itemListElement":[{"@type":"ListItem","position":1,"name":"Homepage","item":"https:\/\/talkpal.ai\/pl\/"},{"@type":"ListItem","position":2,"name":"\u0106wiczenia gramatyczne w j\u0119zyku s\u0142owe\u0144skim"}]},{"@type":"WebSite","@id":"https:\/\/talkpal.ai\/pl\/#website","url":"https:\/\/talkpal.ai\/pl\/","name":"Talkpal","description":"AI Language Learning","publisher":{"@id":"https:\/\/talkpal.ai\/pl\/#organization"},"alternateName":"Talkpal AI","potentialAction":[{"@type":"SearchAction","target":{"@type":"EntryPoint","urlTemplate":"https:\/\/talkpal.ai\/pl\/?s={search_term_string}"},"query-input":{"@type":"PropertyValueSpecification","valueRequired":true,"valueName":"search_term_string"}}],"inLanguage":"pl-PL"},{"@type":"Organization","@id":"https:\/\/talkpal.ai\/pl\/#organization","name":"Talkpal, Inc.","alternateName":"Talkpal AI","url":"https:\/\/talkpal.ai\/pl\/","logo":{"@type":"ImageObject","inLanguage":"pl-PL","@id":"https:\/\/talkpal.ai\/pl\/#\/schema\/logo\/image\/","url":"https:\/\/talkpal.ai\/wp-content\/uploads\/2024\/03\/Talkpal-Logo-Icon.png","contentUrl":"https:\/\/talkpal.ai\/wp-content\/uploads\/2024\/03\/Talkpal-Logo-Icon.png","width":2880,"height":2880,"caption":"Talkpal, Inc."},"image":{"@id":"https:\/\/talkpal.ai\/pl\/#\/schema\/logo\/image\/"},"sameAs":["https:\/\/www.facebook.com\/profile.php?id=100090733639311","https:\/\/x.com\/talkpalai","https:\/\/www.linkedin.com\/company\/talkpal\/","https:\/\/www.youtube.com\/@TalkPal\/","https:\/\/www.tiktok.com\/@talkpal","https:\/\/www.instagram.com\/talkpal_ai\/","https:\/\/www.crunchbase.com\/organization\/talkpal-9cde","https:\/\/www.g2.com\/products\/talkpal-for-business\/","https:\/\/www.trustpilot.com\/review\/talkpal.ai","https:\/\/www.capterra.com\/p\/10006800\/TalkPal\/"],"description":"Talkpal is a language learning web and mobile education app, powered by the latest AI technologies, that provides engaging experiences to its customers in many different languages to help them improve their language skills. Users can chat about unlimited amount of topics with the app and use other modes to practice their language learning.","email":"support@talkpal.ai","legalName":"Talkpal, Inc.","foundingDate":"2023-04-03","duns":"118989042","numberOfEmployees":{"@type":"QuantitativeValue","minValue":"11","maxValue":"50"},"publishingPrinciples":"https:\/\/talkpal.ai\/publishing-principles\/","actionableFeedbackPolicy":"https:\/\/talkpal.ai\/actionable-feedback-policy\/","correctionsPolicy":"https:\/\/talkpal.ai\/corrections-policy\/","ethicsPolicy":"https:\/\/talkpal.ai\/ethics-policy\/","diversityPolicy":"https:\/\/talkpal.ai\/diversity-policy\/","diversityStaffingReport":"https:\/\/talkpal.ai\/diversity-policy\/"}]}},"_links":{"self":[{"href":"https:\/\/talkpal.ai\/pl\/wp-json\/wp\/v2\/pages\/156910","targetHints":{"allow":["GET"]}}],"collection":[{"href":"https:\/\/talkpal.ai\/pl\/wp-json\/wp\/v2\/pages"}],"about":[{"href":"https:\/\/talkpal.ai\/pl\/wp-json\/wp\/v2\/types\/page"}],"author":[{"embeddable":true,"href":"https:\/\/talkpal.ai\/pl\/wp-json\/wp\/v2\/users\/6"}],"replies":[{"embeddable":true,"href":"https:\/\/talkpal.ai\/pl\/wp-json\/wp\/v2\/comments?post=156910"}],"version-history":[{"count":0,"href":"https:\/\/talkpal.ai\/pl\/wp-json\/wp\/v2\/pages\/156910\/revisions"}],"wp:featuredmedia":[{"embeddable":true,"href":"https:\/\/talkpal.ai\/pl\/wp-json\/wp\/v2\/media\/119839"}],"wp:attachment":[{"href":"https:\/\/talkpal.ai\/pl\/wp-json\/wp\/v2\/media?parent=156910"}],"curies":[{"name":"wp","href":"https:\/\/api.w.org\/{rel}","templated":true}]}}