{"id":156647,"date":"2023-06-28T14:00:55","date_gmt":"2023-06-28T14:00:55","guid":{"rendered":"http:\/\/talkpal.ai\/cwiczenia-gramatyczne-w-jezyku-suahili\/"},"modified":"2025-12-17T09:49:54","modified_gmt":"2025-12-17T09:49:54","slug":"cwiczenia-gramatyczne-w-jezyku-suahili","status":"publish","type":"page","link":"https:\/\/talkpal.ai\/pl\/cwiczenia-gramatyczne-w-jezyku-suahili\/","title":{"rendered":"\u0106wiczenia gramatyczne w j\u0119zyku suahili"},"content":{"rendered":"\r\n\r\n\r\n<section class=\"languageChallengeSection\">\r\n    <div class=\"languageInfoWrapper\">\r\n        \r\n        <h1>\u0106wiczenia gramatyczne w j\u0119zyku suahili<\/h1>\r\n        <p>Chcesz wzmocni\u0107 swoje umiej\u0119tno\u015bci <a href=\"https:\/\/talkpal.ai\/learn-swahili\/\">suahili<\/a>? Skoncentrowane \u0107wiczenia gramatyczne to doskona\u0142y spos\u00f3b na zrozumienie struktury zda\u0144, wzorc\u00f3w czasownik\u00f3w i podstawowych form wyraz\u00f3w. Zanurz si\u0119 w praktyce gramatyki suahili, aby zbudowa\u0107 pewno\u015b\u0107 siebie, poszerzy\u0107 swoje s\u0142ownictwo i sprawi\u0107, \u017ce ka\u017cda rozmowa b\u0119dzie przebiega\u0107 bardziej naturalnie. Zacznij \u0107wiczy\u0107 ju\u017c dzi\u015b i zobacz, jak szybko poprawi si\u0119 twoje suahili!<\/p>\r\n\r\n                            <a class=\"getStartedHidden\" href=\"https:\/\/app.talkpal.ai\/pl\/signup?lng=\">Zaczynaj<\/a>\r\n        \r\n    <\/div>\r\n\r\n    <figure>\r\n    <img decoding=\"async\" width=\"768\" height=\"768\" src=\"https:\/\/talkpal.ai\/wp-content\/uploads\/2023\/06\/Swahili-768x768.png\" class=\"languageImage no-lazy\" alt=\"Secrets to master language learning\" fetchpriority=\"high\" sizes=\"(max-width: 768px) 150px, 768px\" srcset=\"https:\/\/talkpal.ai\/wp-content\/uploads\/2023\/06\/Swahili-768x768.png 768w, https:\/\/talkpal.ai\/wp-content\/uploads\/2023\/06\/Swahili-300x300.png 300w\" \/>\r\n    \r\n\r\n    <\/figure>\r\n\r\n            <a class=\"getStartedVisible\" href=\"https:\/\/app.talkpal.ai\/pl\/signup?lng=\">Zaczynaj<\/a>\r\n    \r\n<\/section>\r\n\r\n\r\n<!-- <section class=\"grammarSection\">\r\n    <div class=\"grammarLinks\">\r\n            <\/div>\r\n<\/section> -->\r\n\r\n\r\n\r\n\r\n<section class=\"promotionalBanner\">\r\n    <p class=\"promotionalText\">Najbardziej efektywny spos\u00f3b nauki j\u0119zyka<\/p>\r\n    <a class=\"promotionalLink\" href=\"https:\/\/app.talkpal.ai\/pl\/signup?lng=\">Wypr\u00f3buj Talkpal za darmo<\/a>\r\n<\/section>\n<div class=\"wp-block-group pageContainerStyle\"><div class=\"wp-block-group__inner-container is-layout-constrained wp-block-group-is-layout-constrained\">\n<h2 class=\"wp-block-heading\" id=\"h-swahili-grammar-topics\">Zagadnienia gramatyczne suahili<\/h2>\n\n\n\n<p>Nauka suahili to ekscytuj\u0105ca podr\u00f3\u017c do jednego z najcz\u0119\u015bciej u\u017cywanych j\u0119zyk\u00f3w w Afryce. Jest to j\u0119zyk bantu, u\u017cywany g\u0142\u00f3wnie w Afryce Wschodniej, z oko\u0142o 50-100 milionami u\u017cytkownik\u00f3w na ca\u0142ym <a href=\"https:\/\/talkpal.ai\/locations\/language-courses-in-swiecie\/\">\u015bwiecie<\/a>. <a href=\"https:\/\/talkpal.ai\/swahili-grammar\/\">Gramatyka suahili<\/a> jest charakterystyczna i oferuje fascynuj\u0105ce spojrzenie na struktur\u0119 j\u0119zyka. Aby skutecznie uczy\u0107 si\u0119 suahili, wa\u017cne jest, aby stosowa\u0107 ustrukturyzowane podej\u015bcie, koncentruj\u0105c si\u0119 na kluczowych tematach gramatycznych, takich jak czasy, czasowniki, rzeczowniki, rodzajniki, zaimki\/okre\u015blniki, przymiotniki, przys\u0142\u00f3wki, tryb warunkowy, przyimki i konstrukcja zda\u0144. Ka\u017cdy z tych element\u00f3w jest integraln\u0105 cz\u0119\u015bci\u0105 zrozumienia i opanowania j\u0119zyka.<\/p>\n\n\n\n<h3 class=\"wp-block-heading\" id=\"h-1-nouns\">1. Rzeczowniki:<\/h3>\n\n\n\n<p>Zacznij od nauki rzeczownik\u00f3w w j\u0119zyku suahili. W j\u0119zyku suahili rzeczowniki s\u0105 klasyfikowane wed\u0142ug klas rzeczownik\u00f3w, co wp\u0142ywa na form\u0119 przymiotnik\u00f3w, zaimk\u00f3w i czasownik\u00f3w, kt\u00f3re si\u0119 do nich odnosz\u0105. Zrozumienie tych klas rzeczownik\u00f3w jest podstaw\u0105 do nauki innych aspekt\u00f3w gramatyki suahili.<\/p>\n\n\n\n<h3 class=\"wp-block-heading\" id=\"h-2-articles\">2. Artyku\u0142y:<\/h3>\n\n\n\n<p>Gdy ju\u017c opanujesz rzeczowniki, przejd\u017a do artyku\u0142\u00f3w. W suahili nie ma przedimk\u00f3w okre\u015blonych ani nieokre\u015blonych, takich jak &#8222;a&#8221;, &#8222;an&#8221; czy &#8222;the&#8221;. Jednak system klas rzeczownik\u00f3w odgrywa podobn\u0105 rol\u0119, wi\u0119c wa\u017cne jest, aby go opanowa\u0107.<\/p>\n\n\n\n<h3 class=\"wp-block-heading\" id=\"h-3-pronouns-determiners\">3. Zaimki\/okre\u015blniki:<\/h3>\n\n\n\n<p>Zaimki i okre\u015blniki w j\u0119zyku suahili zmieniaj\u0105 si\u0119 w zale\u017cno\u015bci od klasy rzeczownika, do kt\u00f3rego si\u0119 odnosz\u0105. Nauczenie si\u0119 tych zmian pomo\u017ce konstruowa\u0107 pe\u0142ne zdania.<\/p>\n\n\n\n<h3 class=\"wp-block-heading\" id=\"h-4-adjectives\">4. Przymiotniki:<\/h3>\n\n\n\n<p>Przymiotniki suahili zgadzaj\u0105 si\u0119 z rzeczownikiem, kt\u00f3ry opisuj\u0105. Oznacza to, \u017ce przymiotnik zmienia swoj\u0105 form\u0119, aby dopasowa\u0107 si\u0119 do klasy rzeczownika. Zrozumienie tego poprawi konstrukcj\u0119 zdania.<\/p>\n\n\n\n<h3 class=\"wp-block-heading\" id=\"h-5-verbs\">5. Czasowniki:<\/h3>\n\n\n\n<p>Czasowniki suahili s\u0105 niezb\u0119dne do wyra\u017cania dzia\u0142a\u0144 i stan\u00f3w. Nios\u0105 r\u00f3wnie\u017c informacje o napi\u0119ciu, aspekcie i nastroju. Znajomo\u015b\u0107 zasad koniugacji czasownik\u00f3w jest kluczowa dla skutecznej komunikacji.<\/p>\n\n\n\n<h3 class=\"wp-block-heading\" id=\"h-6-tenses\">6. Czasy:<\/h3>\n\n\n\n<p>Zrozumienie czas\u00f3w jest kluczem do komunikowania wydarze\u0144, kt\u00f3re maj\u0105 miejsce w r\u00f3\u017cnym czasie. W j\u0119zyku suahili wyst\u0119puj\u0105 r\u00f3\u017cne czasy przesz\u0142ych, tera\u017aniejszych i przysz\u0142ych wydarze\u0144.<\/p>\n\n\n\n<h3 class=\"wp-block-heading\" id=\"h-7-tense-comparison\">7. Por\u00f3wnanie czasu:<\/h3>\n\n\n\n<p>Po zrozumieniu podstawowych czas\u00f3w musisz nauczy\u0107 si\u0119 je por\u00f3wnywa\u0107. Pomo\u017ce Ci to wyrazi\u0107 z\u0142o\u017cone my\u015bli i sytuacje.<\/p>\n\n\n\n<h3 class=\"wp-block-heading\" id=\"h-8-progressive-and-perfect-progressive\">8. Progresywny i doskona\u0142y progresywny:<\/h3>\n\n\n\n<p>Te aspekty czas\u00f3w wyra\u017caj\u0105 trwaj\u0105ce dzia\u0142ania lub dzia\u0142ania, kt\u00f3re zosta\u0142y zako\u0144czone. Zrozumienie ich wzbogaci Twoje mo\u017cliwo\u015bci ekspresji w j\u0119zyku suahili.<\/p>\n\n\n\n<h3 class=\"wp-block-heading\" id=\"h-9-adverbs\">9. Przys\u0142\u00f3wki:<\/h3>\n\n\n\n<p>Przys\u0142\u00f3wki modyfikuj\u0105 czasowniki, przymiotniki i inne przys\u0142\u00f3wki. Dostarczaj\u0105 dodatkowych informacji o dzia\u0142aniach, cechach lub innych okoliczno\u015bciach.<\/p>\n\n\n\n<h3 class=\"wp-block-heading\" id=\"h-10-conditionals\">10. Warunki warunkowe:<\/h3>\n\n\n\n<p>Instrukcje warunkowe wyra\u017caj\u0105 hipotetyczne sytuacje lub zale\u017cno\u015bci mi\u0119dzy zdarzeniami. S\u0105 przydatne do zaawansowanej komunikacji w j\u0119zyku suahili.<\/p>\n\n\n\n<h3 class=\"wp-block-heading\" id=\"h-11-prepositions\">11. Przyimki:<\/h3>\n\n\n\n<p>Przyimki pozwol\u0105 Ci wyrazi\u0107 relacje mi\u0119dzy r\u00f3\u017cnymi cz\u0119\u015bciami zdania, takimi jak lokalizacja, kierunek, czas, przyczyna itp.<\/p>\n\n\n\n<h3 class=\"wp-block-heading\" id=\"h-12-sentences\">12. Zdania:<\/h3>\n\n\n\n<p>Wreszcie, zrozumienie, jak konstruowa\u0107 zdania przy u\u017cyciu wszystkich wyuczonych cz\u0119\u015bci mowy, jest zwie\u0144czeniem Twojej podr\u00f3\u017cy do nauki j\u0119zyka suahili. Polega na uk\u0142adaniu s\u0142\u00f3w i fraz w celu stworzenia kompletnych my\u015bli.<\/p>\n<\/div><\/div>\n\r\n<section class=\"learnNavigationSection\">\r\n            \r\n        <a href=\"https:\/\/talkpal.ai\/pl\/naucz-sie-suahili\/\">\r\n            <div class=\"learnNavigationWrapper\">\r\n                <div class=\"learnNavigationContent\">\r\n                    <img decoding=\"async\" src=\"https:\/\/talkpal.ai\/wp-content\/uploads\/2024\/08\/Swahili.jpg\" alt=\"Kenya and Tanzania Flags\">\r\n                    <div>\r\n                        <h4>O nauce j\u0119zyka suahili<\/h4>\r\n                        <p>Dowiedz si\u0119 wszystkiego o gramatyce suahili.<\/p>\r\n                    <\/div>\r\n                <\/div>\r\n            <\/div>\r\n        <\/a>\r\n\r\n        \r\n        <a href=\"https:\/\/talkpal.ai\/pl\/gramatyka-suahili\/\">\r\n            <div class=\"learnNavigationWrapper\">\r\n                <div class=\"learnNavigationContent\">\r\n                    <img decoding=\"async\" src=\"https:\/\/talkpal.ai\/wp-content\/uploads\/2024\/08\/Swahili.jpg\" alt=\"Kenya and Tanzania Flags\">\r\n                    <div>\r\n                        <h4>Lekcje gramatyki suahili<\/h4>\r\n                        <p>\u0106wicz gramatyk\u0119 suahili.<\/p>\r\n                    <\/div>\r\n                <\/div>\r\n            <\/div>\r\n        <\/a>\r\n\r\n        \r\n        <a href=\"https:\/\/talkpal.ai\/vocabulary_language\/swahili\/\">\r\n            <div class=\"learnNavigationWrapper\">\r\n                <div class=\"learnNavigationContent\">\r\n                    <img decoding=\"async\" src=\"https:\/\/talkpal.ai\/wp-content\/uploads\/2024\/08\/Swahili.jpg\" alt=\"Kenya and Tanzania Flags\">\r\n                    <div>\r\n                        <h4>S\u0142ownictwo suahili<\/h4>\r\n                        <p>Poszerz swoje s\u0142ownictwo suahili.<\/p>\r\n                    <\/div>\r\n                <\/div>\r\n            <\/div>\r\n        <\/a>\r\n\r\n            <\/section>","protected":false},"excerpt":{"rendered":"<p>Zagadnienia gramatyczne suahili Nauka suahili to ekscytuj\u0105ca podr\u00f3\u017c do jednego z najcz\u0119\u015bciej u\u017cywanych j\u0119zyk\u00f3w w Afryce. Jest to j\u0119zyk bantu, u\u017cywany g\u0142\u00f3wnie w Afryce Wschodniej, z oko\u0142o 50-100 milionami u\u017cytkownik\u00f3w na ca\u0142ym \u015bwiecie. Gramatyka suahili jest charakterystyczna i oferuje fascynuj\u0105ce spojrzenie na struktur\u0119 j\u0119zyka. Aby skutecznie uczy\u0107 si\u0119 suahili, wa\u017cne jest, aby stosowa\u0107 ustrukturyzowane podej\u015bcie, [&hellip;]<\/p>\n","protected":false},"author":6,"featured_media":119375,"parent":0,"menu_order":0,"comment_status":"closed","ping_status":"closed","template":"LearningContentPage.php","meta":{"_acf_changed":false,"footnotes":""},"class_list":["post-156647","page","type-page","status-publish","has-post-thumbnail","hentry"],"acf":[],"yoast_head":"<!-- This site is optimized with the Yoast SEO Premium plugin v27.2 (Yoast SEO v27.2) - https:\/\/yoast.com\/product\/yoast-seo-premium-wordpress\/ -->\n<title>\u0106wiczenia gramatyczne w j\u0119zyku suahili - Talkpal<\/title>\n<meta name=\"description\" content=\"Zapoznaj si\u0119 z ciekawymi \u0107wiczeniami gramatycznymi w suahili, aby poprawi\u0107 swoje umiej\u0119tno\u015bci j\u0119zykowe i lepiej zrozumie\u0107 suahili.\" \/>\n<meta name=\"robots\" content=\"index, follow, max-snippet:-1, max-image-preview:large, max-video-preview:-1\" \/>\n<link rel=\"canonical\" href=\"https:\/\/talkpal.ai\/pl\/cwiczenia-gramatyczne-w-jezyku-suahili\/\" \/>\n<meta property=\"og:locale\" content=\"pl_PL\" \/>\n<meta property=\"og:type\" content=\"article\" \/>\n<meta property=\"og:title\" content=\"\u0106wiczenia gramatyczne w j\u0119zyku suahili\" \/>\n<meta property=\"og:description\" content=\"Zagadnienia gramatyczne suahili Nauka suahili to ekscytuj\u0105ca podr\u00f3\u017c do jednego z najcz\u0119\u015bciej u\u017cywanych j\u0119zyk\u00f3w w Afryce. Jest to j\u0119zyk bantu, u\u017cywany\" \/>\n<meta property=\"og:url\" content=\"https:\/\/talkpal.ai\/pl\/cwiczenia-gramatyczne-w-jezyku-suahili\/\" \/>\n<meta property=\"og:site_name\" content=\"Talkpal\" \/>\n<meta property=\"article:publisher\" content=\"https:\/\/www.facebook.com\/profile.php?id=100090733639311\" \/>\n<meta property=\"article:modified_time\" content=\"2025-12-17T09:49:54+00:00\" \/>\n<meta property=\"og:image\" content=\"https:\/\/talkpal.ai\/wp-content\/uploads\/2023\/05\/Swahili-tanzania.png\" \/>\n\t<meta property=\"og:image:width\" content=\"512\" \/>\n\t<meta property=\"og:image:height\" content=\"512\" \/>\n\t<meta property=\"og:image:type\" content=\"image\/png\" \/>\n<meta name=\"twitter:card\" content=\"summary_large_image\" \/>\n<meta name=\"twitter:site\" content=\"@talkpalai\" \/>\n<meta name=\"twitter:label1\" content=\"Szacowany czas czytania\" \/>\n\t<meta name=\"twitter:data1\" content=\"3 minuty\" \/>\n<script type=\"application\/ld+json\" class=\"yoast-schema-graph\">{\"@context\":\"https:\/\/schema.org\",\"@graph\":[{\"@type\":\"WebPage\",\"@id\":\"https:\/\/talkpal.ai\/pl\/cwiczenia-gramatyczne-w-jezyku-suahili\/\",\"url\":\"https:\/\/talkpal.ai\/pl\/cwiczenia-gramatyczne-w-jezyku-suahili\/\",\"name\":\"\u0106wiczenia gramatyczne w j\u0119zyku suahili - Talkpal\",\"isPartOf\":{\"@id\":\"https:\/\/talkpal.ai\/pl\/#website\"},\"primaryImageOfPage\":{\"@id\":\"https:\/\/talkpal.ai\/pl\/cwiczenia-gramatyczne-w-jezyku-suahili\/#primaryimage\"},\"image\":{\"@id\":\"https:\/\/talkpal.ai\/pl\/cwiczenia-gramatyczne-w-jezyku-suahili\/#primaryimage\"},\"thumbnailUrl\":\"https:\/\/talkpal.ai\/wp-content\/uploads\/2023\/05\/Swahili-tanzania.png\",\"datePublished\":\"2023-06-28T14:00:55+00:00\",\"dateModified\":\"2025-12-17T09:49:54+00:00\",\"description\":\"Zapoznaj si\u0119 z ciekawymi \u0107wiczeniami gramatycznymi w suahili, aby poprawi\u0107 swoje umiej\u0119tno\u015bci j\u0119zykowe i lepiej zrozumie\u0107 suahili.\",\"breadcrumb\":{\"@id\":\"https:\/\/talkpal.ai\/pl\/cwiczenia-gramatyczne-w-jezyku-suahili\/#breadcrumb\"},\"inLanguage\":\"pl-PL\",\"potentialAction\":[{\"@type\":\"ReadAction\",\"target\":[\"https:\/\/talkpal.ai\/pl\/cwiczenia-gramatyczne-w-jezyku-suahili\/\"]}]},{\"@type\":\"ImageObject\",\"inLanguage\":\"pl-PL\",\"@id\":\"https:\/\/talkpal.ai\/pl\/cwiczenia-gramatyczne-w-jezyku-suahili\/#primaryimage\",\"url\":\"https:\/\/talkpal.ai\/wp-content\/uploads\/2023\/05\/Swahili-tanzania.png\",\"contentUrl\":\"https:\/\/talkpal.ai\/wp-content\/uploads\/2023\/05\/Swahili-tanzania.png\",\"width\":512,\"height\":512},{\"@type\":\"BreadcrumbList\",\"@id\":\"https:\/\/talkpal.ai\/pl\/cwiczenia-gramatyczne-w-jezyku-suahili\/#breadcrumb\",\"itemListElement\":[{\"@type\":\"ListItem\",\"position\":1,\"name\":\"Homepage\",\"item\":\"https:\/\/talkpal.ai\/pl\/\"},{\"@type\":\"ListItem\",\"position\":2,\"name\":\"\u0106wiczenia gramatyczne w j\u0119zyku suahili\"}]},{\"@type\":\"WebSite\",\"@id\":\"https:\/\/talkpal.ai\/pl\/#website\",\"url\":\"https:\/\/talkpal.ai\/pl\/\",\"name\":\"Talkpal\",\"description\":\"AI Language Learning\",\"publisher\":{\"@id\":\"https:\/\/talkpal.ai\/pl\/#organization\"},\"alternateName\":\"Talkpal AI\",\"potentialAction\":[{\"@type\":\"SearchAction\",\"target\":{\"@type\":\"EntryPoint\",\"urlTemplate\":\"https:\/\/talkpal.ai\/pl\/?s={search_term_string}\"},\"query-input\":{\"@type\":\"PropertyValueSpecification\",\"valueRequired\":true,\"valueName\":\"search_term_string\"}}],\"inLanguage\":\"pl-PL\"},{\"@type\":\"Organization\",\"@id\":\"https:\/\/talkpal.ai\/pl\/#organization\",\"name\":\"Talkpal, Inc.\",\"alternateName\":\"Talkpal AI\",\"url\":\"https:\/\/talkpal.ai\/pl\/\",\"logo\":{\"@type\":\"ImageObject\",\"inLanguage\":\"pl-PL\",\"@id\":\"https:\/\/talkpal.ai\/pl\/#\/schema\/logo\/image\/\",\"url\":\"https:\/\/talkpal.ai\/wp-content\/uploads\/2024\/03\/Talkpal-Logo-Icon.png\",\"contentUrl\":\"https:\/\/talkpal.ai\/wp-content\/uploads\/2024\/03\/Talkpal-Logo-Icon.png\",\"width\":2880,\"height\":2880,\"caption\":\"Talkpal, Inc.\"},\"image\":{\"@id\":\"https:\/\/talkpal.ai\/pl\/#\/schema\/logo\/image\/\"},\"sameAs\":[\"https:\/\/www.facebook.com\/profile.php?id=100090733639311\",\"https:\/\/x.com\/talkpalai\",\"https:\/\/www.linkedin.com\/company\/talkpal\/\",\"https:\/\/www.youtube.com\/@TalkPal\/\",\"https:\/\/www.tiktok.com\/@talkpal\",\"https:\/\/www.instagram.com\/talkpal_ai\/\",\"https:\/\/www.crunchbase.com\/organization\/talkpal-9cde\",\"https:\/\/www.g2.com\/products\/talkpal-for-business\/\",\"https:\/\/www.trustpilot.com\/review\/talkpal.ai\",\"https:\/\/www.capterra.com\/p\/10006800\/TalkPal\/\"],\"description\":\"Talkpal is a language learning web and mobile education app, powered by the latest AI technologies, that provides engaging experiences to its customers in many different languages to help them improve their language skills. Users can chat about unlimited amount of topics with the app and use other modes to practice their language learning.\",\"email\":\"support@talkpal.ai\",\"legalName\":\"Talkpal, Inc.\",\"foundingDate\":\"2023-04-03\",\"duns\":\"118989042\",\"numberOfEmployees\":{\"@type\":\"QuantitativeValue\",\"minValue\":\"11\",\"maxValue\":\"50\"},\"publishingPrinciples\":\"https:\/\/talkpal.ai\/publishing-principles\/\",\"actionableFeedbackPolicy\":\"https:\/\/talkpal.ai\/actionable-feedback-policy\/\",\"correctionsPolicy\":\"https:\/\/talkpal.ai\/corrections-policy\/\",\"ethicsPolicy\":\"https:\/\/talkpal.ai\/ethics-policy\/\",\"diversityPolicy\":\"https:\/\/talkpal.ai\/diversity-policy\/\",\"diversityStaffingReport\":\"https:\/\/talkpal.ai\/diversity-policy\/\"}]}<\/script>\n<!-- \/ Yoast SEO Premium plugin. -->","yoast_head_json":{"title":"\u0106wiczenia gramatyczne w j\u0119zyku suahili - Talkpal","description":"Zapoznaj si\u0119 z ciekawymi \u0107wiczeniami gramatycznymi w suahili, aby poprawi\u0107 swoje umiej\u0119tno\u015bci j\u0119zykowe i lepiej zrozumie\u0107 suahili.","robots":{"index":"index","follow":"follow","max-snippet":"max-snippet:-1","max-image-preview":"max-image-preview:large","max-video-preview":"max-video-preview:-1"},"canonical":"https:\/\/talkpal.ai\/pl\/cwiczenia-gramatyczne-w-jezyku-suahili\/","og_locale":"pl_PL","og_type":"article","og_title":"\u0106wiczenia gramatyczne w j\u0119zyku suahili","og_description":"Zagadnienia gramatyczne suahili Nauka suahili to ekscytuj\u0105ca podr\u00f3\u017c do jednego z najcz\u0119\u015bciej u\u017cywanych j\u0119zyk\u00f3w w Afryce. Jest to j\u0119zyk bantu, u\u017cywany","og_url":"https:\/\/talkpal.ai\/pl\/cwiczenia-gramatyczne-w-jezyku-suahili\/","og_site_name":"Talkpal","article_publisher":"https:\/\/www.facebook.com\/profile.php?id=100090733639311","article_modified_time":"2025-12-17T09:49:54+00:00","og_image":[{"width":512,"height":512,"url":"https:\/\/talkpal.ai\/wp-content\/uploads\/2023\/05\/Swahili-tanzania.png","type":"image\/png"}],"twitter_card":"summary_large_image","twitter_site":"@talkpalai","twitter_misc":{"Szacowany czas czytania":"3 minuty"},"schema":{"@context":"https:\/\/schema.org","@graph":[{"@type":"WebPage","@id":"https:\/\/talkpal.ai\/pl\/cwiczenia-gramatyczne-w-jezyku-suahili\/","url":"https:\/\/talkpal.ai\/pl\/cwiczenia-gramatyczne-w-jezyku-suahili\/","name":"\u0106wiczenia gramatyczne w j\u0119zyku suahili - Talkpal","isPartOf":{"@id":"https:\/\/talkpal.ai\/pl\/#website"},"primaryImageOfPage":{"@id":"https:\/\/talkpal.ai\/pl\/cwiczenia-gramatyczne-w-jezyku-suahili\/#primaryimage"},"image":{"@id":"https:\/\/talkpal.ai\/pl\/cwiczenia-gramatyczne-w-jezyku-suahili\/#primaryimage"},"thumbnailUrl":"https:\/\/talkpal.ai\/wp-content\/uploads\/2023\/05\/Swahili-tanzania.png","datePublished":"2023-06-28T14:00:55+00:00","dateModified":"2025-12-17T09:49:54+00:00","description":"Zapoznaj si\u0119 z ciekawymi \u0107wiczeniami gramatycznymi w suahili, aby poprawi\u0107 swoje umiej\u0119tno\u015bci j\u0119zykowe i lepiej zrozumie\u0107 suahili.","breadcrumb":{"@id":"https:\/\/talkpal.ai\/pl\/cwiczenia-gramatyczne-w-jezyku-suahili\/#breadcrumb"},"inLanguage":"pl-PL","potentialAction":[{"@type":"ReadAction","target":["https:\/\/talkpal.ai\/pl\/cwiczenia-gramatyczne-w-jezyku-suahili\/"]}]},{"@type":"ImageObject","inLanguage":"pl-PL","@id":"https:\/\/talkpal.ai\/pl\/cwiczenia-gramatyczne-w-jezyku-suahili\/#primaryimage","url":"https:\/\/talkpal.ai\/wp-content\/uploads\/2023\/05\/Swahili-tanzania.png","contentUrl":"https:\/\/talkpal.ai\/wp-content\/uploads\/2023\/05\/Swahili-tanzania.png","width":512,"height":512},{"@type":"BreadcrumbList","@id":"https:\/\/talkpal.ai\/pl\/cwiczenia-gramatyczne-w-jezyku-suahili\/#breadcrumb","itemListElement":[{"@type":"ListItem","position":1,"name":"Homepage","item":"https:\/\/talkpal.ai\/pl\/"},{"@type":"ListItem","position":2,"name":"\u0106wiczenia gramatyczne w j\u0119zyku suahili"}]},{"@type":"WebSite","@id":"https:\/\/talkpal.ai\/pl\/#website","url":"https:\/\/talkpal.ai\/pl\/","name":"Talkpal","description":"AI Language Learning","publisher":{"@id":"https:\/\/talkpal.ai\/pl\/#organization"},"alternateName":"Talkpal AI","potentialAction":[{"@type":"SearchAction","target":{"@type":"EntryPoint","urlTemplate":"https:\/\/talkpal.ai\/pl\/?s={search_term_string}"},"query-input":{"@type":"PropertyValueSpecification","valueRequired":true,"valueName":"search_term_string"}}],"inLanguage":"pl-PL"},{"@type":"Organization","@id":"https:\/\/talkpal.ai\/pl\/#organization","name":"Talkpal, Inc.","alternateName":"Talkpal AI","url":"https:\/\/talkpal.ai\/pl\/","logo":{"@type":"ImageObject","inLanguage":"pl-PL","@id":"https:\/\/talkpal.ai\/pl\/#\/schema\/logo\/image\/","url":"https:\/\/talkpal.ai\/wp-content\/uploads\/2024\/03\/Talkpal-Logo-Icon.png","contentUrl":"https:\/\/talkpal.ai\/wp-content\/uploads\/2024\/03\/Talkpal-Logo-Icon.png","width":2880,"height":2880,"caption":"Talkpal, Inc."},"image":{"@id":"https:\/\/talkpal.ai\/pl\/#\/schema\/logo\/image\/"},"sameAs":["https:\/\/www.facebook.com\/profile.php?id=100090733639311","https:\/\/x.com\/talkpalai","https:\/\/www.linkedin.com\/company\/talkpal\/","https:\/\/www.youtube.com\/@TalkPal\/","https:\/\/www.tiktok.com\/@talkpal","https:\/\/www.instagram.com\/talkpal_ai\/","https:\/\/www.crunchbase.com\/organization\/talkpal-9cde","https:\/\/www.g2.com\/products\/talkpal-for-business\/","https:\/\/www.trustpilot.com\/review\/talkpal.ai","https:\/\/www.capterra.com\/p\/10006800\/TalkPal\/"],"description":"Talkpal is a language learning web and mobile education app, powered by the latest AI technologies, that provides engaging experiences to its customers in many different languages to help them improve their language skills. Users can chat about unlimited amount of topics with the app and use other modes to practice their language learning.","email":"support@talkpal.ai","legalName":"Talkpal, Inc.","foundingDate":"2023-04-03","duns":"118989042","numberOfEmployees":{"@type":"QuantitativeValue","minValue":"11","maxValue":"50"},"publishingPrinciples":"https:\/\/talkpal.ai\/publishing-principles\/","actionableFeedbackPolicy":"https:\/\/talkpal.ai\/actionable-feedback-policy\/","correctionsPolicy":"https:\/\/talkpal.ai\/corrections-policy\/","ethicsPolicy":"https:\/\/talkpal.ai\/ethics-policy\/","diversityPolicy":"https:\/\/talkpal.ai\/diversity-policy\/","diversityStaffingReport":"https:\/\/talkpal.ai\/diversity-policy\/"}]}},"_links":{"self":[{"href":"https:\/\/talkpal.ai\/pl\/wp-json\/wp\/v2\/pages\/156647","targetHints":{"allow":["GET"]}}],"collection":[{"href":"https:\/\/talkpal.ai\/pl\/wp-json\/wp\/v2\/pages"}],"about":[{"href":"https:\/\/talkpal.ai\/pl\/wp-json\/wp\/v2\/types\/page"}],"author":[{"embeddable":true,"href":"https:\/\/talkpal.ai\/pl\/wp-json\/wp\/v2\/users\/6"}],"replies":[{"embeddable":true,"href":"https:\/\/talkpal.ai\/pl\/wp-json\/wp\/v2\/comments?post=156647"}],"version-history":[{"count":0,"href":"https:\/\/talkpal.ai\/pl\/wp-json\/wp\/v2\/pages\/156647\/revisions"}],"wp:featuredmedia":[{"embeddable":true,"href":"https:\/\/talkpal.ai\/pl\/wp-json\/wp\/v2\/media\/119375"}],"wp:attachment":[{"href":"https:\/\/talkpal.ai\/pl\/wp-json\/wp\/v2\/media?parent=156647"}],"curies":[{"name":"wp","href":"https:\/\/api.w.org\/{rel}","templated":true}]}}