{"id":156417,"date":"2023-07-05T10:08:32","date_gmt":"2023-07-05T10:08:32","guid":{"rendered":"http:\/\/talkpal.ai\/cwiczenia-gramatyczne-w-jezyku-tagalskim\/"},"modified":"2025-12-17T09:49:03","modified_gmt":"2025-12-17T09:49:03","slug":"cwiczenia-gramatyczne-w-jezyku-tagalskim","status":"publish","type":"page","link":"https:\/\/talkpal.ai\/pl\/cwiczenia-gramatyczne-w-jezyku-tagalskim\/","title":{"rendered":"\u0106wiczenia gramatyczne w j\u0119zyku tagalskim"},"content":{"rendered":"\r\n\r\n\r\n<section class=\"languageChallengeSection\">\r\n    <div class=\"languageInfoWrapper\">\r\n        \r\n        <h1>\u0106wiczenia gramatyczne w j\u0119zyku tagalskim<\/h1>\r\n        <p>Chcesz nabra\u0107 pewno\u015bci siebie w j\u0119zyku tagalskim? \u0106wiczenie gramatyki to \u015bwietny spos\u00f3b na zrozumienie struktury zda\u0144, form czasownik\u00f3w i unikalnych wzorc\u00f3w w j\u0119zyku. Zacznij pracowa\u0107 nad gramatyk\u0105 j\u0119zyka tagalskiego ju\u017c dzi\u015b i zobacz, jak twoje umiej\u0119tno\u015bci i pewno\u015b\u0107 siebie rosn\u0105 z ka\u017cdym krokiem!<\/p>\r\n\r\n                            <a class=\"getStartedHidden\" href=\"https:\/\/app.talkpal.ai\/pl\/signup?lng=\">Zaczynaj<\/a>\r\n        \r\n    <\/div>\r\n\r\n    <figure>\r\n    <img decoding=\"async\" width=\"768\" height=\"768\" src=\"https:\/\/talkpal.ai\/wp-content\/uploads\/2023\/06\/tagalog-768x768.png\" class=\"languageImage no-lazy\" alt=\"Overcoming challenges in language learning\" fetchpriority=\"high\" sizes=\"(max-width: 768px) 150px, 768px\" srcset=\"https:\/\/talkpal.ai\/wp-content\/uploads\/2023\/06\/tagalog-768x768.png 768w, https:\/\/talkpal.ai\/wp-content\/uploads\/2023\/06\/tagalog-300x300.png 300w\" \/>\r\n    \r\n\r\n    <\/figure>\r\n\r\n            <a class=\"getStartedVisible\" href=\"https:\/\/app.talkpal.ai\/pl\/signup?lng=\">Zaczynaj<\/a>\r\n    \r\n<\/section>\r\n\r\n\r\n<!-- <section class=\"grammarSection\">\r\n    <div class=\"grammarLinks\">\r\n            <\/div>\r\n<\/section> -->\r\n\r\n\r\n\r\n\r\n<section class=\"promotionalBanner\">\r\n    <p class=\"promotionalText\">Najbardziej efektywny spos\u00f3b nauki j\u0119zyka<\/p>\r\n    <a class=\"promotionalLink\" href=\"https:\/\/app.talkpal.ai\/pl\/signup?lng=\">Wypr\u00f3buj Talkpal za darmo<\/a>\r\n<\/section>\n<div class=\"wp-block-group pageContainerStyle\"><div class=\"wp-block-group__inner-container is-layout-constrained wp-block-group-is-layout-constrained\">\n<h2 class=\"wp-block-heading\" id=\"h-tagalog-grammar-topics\">Tematy gramatyczne w j\u0119zyku tagalskim<\/h2>\n\n\n\n<p>Nauka nowego j\u0119zyka mo\u017ce by\u0107 ekscytuj\u0105c\u0105 podr\u00f3\u017c\u0105, a dla os\u00f3b zainteresowanych tagalskim, j\u0119zykiem u\u017cywanym na Filipinach, zrozumienie gramatyki jest niezb\u0119dne. <a href=\"https:\/\/talkpal.ai\/tagalog-grammar\/\">Gramatyka tagalska<\/a> ma swoje unikalne cechy pod wzgl\u0119dem czas\u00f3w, czasownik\u00f3w, rzeczownik\u00f3w, rodzajnik\u00f3w, zaimk\u00f3w\/okre\u015blnik\u00f3w, przymiotnik\u00f3w, przys\u0142\u00f3wk\u00f3w, trybu warunkowego, przyimk\u00f3w i struktur zda\u0144. Ten przewodnik zawiera sugerowan\u0105 sekwencj\u0119 nauki tych temat\u00f3w i kr\u00f3tki przegl\u0105d ka\u017cdego z nich.<\/p>\n\n\n\n<h3 class=\"wp-block-heading\" id=\"h-1-nouns\">1. Rzeczowniki:<\/h3>\n\n\n\n<p>Zacznij od zrozumienia rzeczownik\u00f3w tagalskich, poniewa\u017c s\u0105 one podstaw\u0105 j\u0119zyka. Zapoznaj si\u0119 z rzeczownikami pospolitymi, rzeczownikami specyficznymi dla p\u0142ci i ich formami liczby mnogiej.<\/p>\n\n\n\n<h3 class=\"wp-block-heading\" id=\"h-2-articles\">2. Artyku\u0142y:<\/h3>\n\n\n\n<p>Artyku\u0142y w j\u0119zyku tagalskim s\u0105 do\u015b\u0107 proste. Nie maj\u0105 poj\u0119cia przedimk\u00f3w okre\u015blonych i nieokre\u015blonych, takich jak <a href=\"https:\/\/talkpal.ai\/learn-english-with-ai\/\">angielski<\/a>. Zamiast tego u\u017cywaj\u0105 znacznik\u00f3w, kt\u00f3re oznaczaj\u0105 okre\u015blone role w zdaniu.<\/p>\n\n\n\n<h3 class=\"wp-block-heading\" id=\"h-3-pronouns-determiners\">3. Zaimki\/okre\u015blniki:<\/h3>\n\n\n\n<p>S\u0105 one u\u017cywane do zast\u0119powania rzeczownik\u00f3w w zdaniach, aby unikn\u0105\u0107 redundancji. Poznaj r\u00f3\u017cne rodzaje zaimk\u00f3w i okre\u015blnik\u00f3w w j\u0119zyku tagalskim, kt\u00f3re obejmuj\u0105 zaimki osobowe, wskazuj\u0105ce, dzier\u017cawcze i pytaj\u0105ce.<\/p>\n\n\n\n<h3 class=\"wp-block-heading\" id=\"h-4-adjectives\">4. Przymiotniki:<\/h3>\n\n\n\n<p>Przymiotniki s\u0105 u\u017cywane do opisywania lub modyfikowania rzeczownik\u00f3w. W j\u0119zyku tagalskim zwykle pod\u0105\u017caj\u0105 za rzeczownikiem, kt\u00f3ry modyfikuj\u0105, co jest przeciwie\u0144stwem j\u0119zyka angielskiego.<\/p>\n\n\n\n<h3 class=\"wp-block-heading\" id=\"h-5-verbs\">5. Czasowniki:<\/h3>\n\n\n\n<p>Kluczowa cz\u0119\u015b\u0107 ka\u017cdego j\u0119zyka. Czasowniki w j\u0119zyku tagalskim maj\u0105 kluczowe znaczenie dla nauki. Czasowniki w j\u0119zyku tagalskim maj\u0105 z\u0142o\u017cony system, skupiaj\u0105cy si\u0119 na czynno\u015bci, aktorze lub dope\u0142nieniu.<\/p>\n\n\n\n<h3 class=\"wp-block-heading\" id=\"h-6-tenses\">6. Czasy:<\/h3>\n\n\n\n<p>Gdy zrozumiesz czasowniki tagalskie, mo\u017cesz zag\u0142\u0119bi\u0107 si\u0119 w czasy. J\u0119zyk <a href=\"https:\/\/talkpal.ai\/learn-tagalog\/\">tagalski<\/a> ma trzy podstawowe czasy: przesz\u0142y, tera\u017aniejszy i przysz\u0142y.<\/p>\n\n\n\n<h3 class=\"wp-block-heading\" id=\"h-7-tense-comparison\">7. Por\u00f3wnanie czasu:<\/h3>\n\n\n\n<p>Polega to na por\u00f3wnywaniu r\u00f3\u017cnych czas\u00f3w w tym samym zdaniu lub kontek\u015bcie. Zrozumienie tego wymaga dobrego zrozumienia poszczeg\u00f3lnych czas\u00f3w.<\/p>\n\n\n\n<h3 class=\"wp-block-heading\" id=\"h-8-progressive\">8. Progresywny:<\/h3>\n\n\n\n<p>Odnosi si\u0119 to do dzia\u0142a\u0144, kt\u00f3re aktualnie maj\u0105 miejsce. W j\u0119zyku tagalskim wyra\u017ca si\u0119 to poprzez powt\u00f3rzenie pierwszej sylaby czasownika rdzeniowego.<\/p>\n\n\n\n<h3 class=\"wp-block-heading\" id=\"h-9-perfect-progressive\">9. Idealny progresywny:<\/h3>\n\n\n\n<p>Ten czas jest u\u017cywany do opisania dzia\u0142ania, kt\u00f3re trwa\u0142o i <a href=\"https:\/\/talkpal.ai\/talkpal-christmas-discount\/\">nadal<\/a> si\u0119 dzieje. Jest to wyra\u017cone w j\u0119zyku tagalskim za pomoc\u0105 okre\u015blonych form czasownik\u00f3w i znacznik\u00f3w.<\/p>\n\n\n\n<h3 class=\"wp-block-heading\" id=\"h-10-adverbs\">10. Przys\u0142\u00f3wki:<\/h3>\n\n\n\n<p>Przys\u0142\u00f3wki s\u0105 u\u017cywane do opisywania czasownik\u00f3w, przymiotnik\u00f3w lub innych przys\u0142\u00f3wk\u00f3w. Dostarczaj\u0105 dodatkowych informacji o tym, jak, kiedy, gdzie i w jakim stopniu co\u015b si\u0119 dzieje.<\/p>\n\n\n\n<h3 class=\"wp-block-heading\" id=\"h-11-conditionals\">11. Wyra\u017cenia warunkowe:<\/h3>\n\n\n\n<p>Instrukcje warunkowe s\u0142u\u017c\u0105 do wyra\u017cania hipotetycznych sytuacji i ich mo\u017cliwych wynik\u00f3w. Opanowanie tego wymaga zrozumienia czas\u00f3w czasownik\u00f3w i nastroj\u00f3w.<\/p>\n\n\n\n<h3 class=\"wp-block-heading\" id=\"h-12-prepositions\">12. Przyimki:<\/h3>\n\n\n\n<p>Przyimki s\u0142u\u017c\u0105 do \u0142\u0105czenia rzeczownik\u00f3w, zaimk\u00f3w i fraz z innymi s\u0142owami w zdaniu.<\/p>\n\n\n\n<h3 class=\"wp-block-heading\" id=\"h-13-sentences\">13. Zdania:<\/h3>\n\n\n\n<p>Wreszcie mo\u017cesz zacz\u0105\u0107 tworzy\u0107 zdania w j\u0119zyku tagalskim. Wi\u0105\u017ce si\u0119 to z u\u017cywaniem wszystkich element\u00f3w gramatycznych, kt\u00f3rych si\u0119 nauczy\u0142e\u015b, we w\u0142a\u015bciwej kolejno\u015bci i z odpowiednimi znacznikami.<\/p>\n<\/div><\/div>\n\r\n<section class=\"learnNavigationSection\">\r\n            \r\n        <a href=\"https:\/\/talkpal.ai\/pl\/naucz-sie-jezyka-tagalskiego\/\">\r\n            <div class=\"learnNavigationWrapper\">\r\n                <div class=\"learnNavigationContent\">\r\n                    <img decoding=\"async\" src=\"https:\/\/talkpal.ai\/wp-content\/uploads\/2024\/08\/Tagalog.jpg\" alt=\"Philippines Flag\">\r\n                    <div>\r\n                        <h4>O nauce j\u0119zyka tagalog<\/h4>\r\n                        <p>Dowiedz si\u0119 wszystkiego o gramatyce tagalskiej.<\/p>\r\n                    <\/div>\r\n                <\/div>\r\n            <\/div>\r\n        <\/a>\r\n\r\n        \r\n        <a href=\"https:\/\/talkpal.ai\/pl\/gramatyka-tagalska\/\">\r\n            <div class=\"learnNavigationWrapper\">\r\n                <div class=\"learnNavigationContent\">\r\n                    <img decoding=\"async\" src=\"https:\/\/talkpal.ai\/wp-content\/uploads\/2024\/08\/Tagalog.jpg\" alt=\"Philippines Flag\">\r\n                    <div>\r\n                        <h4>Lekcje gramatyki tagalskiej<\/h4>\r\n                        <p>\u0106wicz gramatyk\u0119 tagalsk\u0105.<\/p>\r\n                    <\/div>\r\n                <\/div>\r\n            <\/div>\r\n        <\/a>\r\n\r\n        \r\n        <a href=\"https:\/\/talkpal.ai\/vocabulary_language\/tagalog\/\">\r\n            <div class=\"learnNavigationWrapper\">\r\n                <div class=\"learnNavigationContent\">\r\n                    <img decoding=\"async\" src=\"https:\/\/talkpal.ai\/wp-content\/uploads\/2024\/08\/Tagalog.jpg\" alt=\"Philippines Flag\">\r\n                    <div>\r\n                        <h4>S\u0142ownictwo tagalog<\/h4>\r\n                        <p>Poszerz swoje s\u0142ownictwo w j\u0119zyku tagalog.<\/p>\r\n                    <\/div>\r\n                <\/div>\r\n            <\/div>\r\n        <\/a>\r\n\r\n            <\/section>","protected":false},"excerpt":{"rendered":"<p>Tematy gramatyczne w j\u0119zyku tagalskim Nauka nowego j\u0119zyka mo\u017ce by\u0107 ekscytuj\u0105c\u0105 podr\u00f3\u017c\u0105, a dla os\u00f3b zainteresowanych tagalskim, j\u0119zykiem u\u017cywanym na Filipinach, zrozumienie gramatyki jest niezb\u0119dne. Gramatyka tagalska ma swoje unikalne cechy pod wzgl\u0119dem czas\u00f3w, czasownik\u00f3w, rzeczownik\u00f3w, rodzajnik\u00f3w, zaimk\u00f3w\/okre\u015blnik\u00f3w, przymiotnik\u00f3w, przys\u0142\u00f3wk\u00f3w, trybu warunkowego, przyimk\u00f3w i struktur zda\u0144. Ten przewodnik zawiera sugerowan\u0105 sekwencj\u0119 nauki tych temat\u00f3w i [&hellip;]<\/p>\n","protected":false},"author":6,"featured_media":120036,"parent":0,"menu_order":0,"comment_status":"closed","ping_status":"closed","template":"LearningContentPage.php","meta":{"_acf_changed":false,"footnotes":""},"class_list":["post-156417","page","type-page","status-publish","has-post-thumbnail","hentry"],"acf":[],"yoast_head":"<!-- This site is optimized with the Yoast SEO Premium plugin v27.2 (Yoast SEO v27.2) - https:\/\/yoast.com\/product\/yoast-seo-premium-wordpress\/ -->\n<title>\u0106wiczenia gramatyczne w j\u0119zyku tagalskim - Talkpal<\/title>\n<meta name=\"description\" content=\"Odkryj wci\u0105gaj\u0105ce \u0107wiczenia gramatyczne Tagalog, aby rozwin\u0105\u0107 swoje umiej\u0119tno\u015bci j\u0119zykowe. Idealny zar\u00f3wno dla pocz\u0105tkuj\u0105cych, jak i zaawansowanych.\" \/>\n<meta name=\"robots\" content=\"index, follow, max-snippet:-1, max-image-preview:large, max-video-preview:-1\" \/>\n<link rel=\"canonical\" href=\"https:\/\/talkpal.ai\/pl\/cwiczenia-gramatyczne-w-jezyku-tagalskim\/\" \/>\n<meta property=\"og:locale\" content=\"pl_PL\" \/>\n<meta property=\"og:type\" content=\"article\" \/>\n<meta property=\"og:title\" content=\"\u0106wiczenia gramatyczne w j\u0119zyku tagalskim\" \/>\n<meta property=\"og:description\" content=\"Tematy gramatyczne w j\u0119zyku tagalskim Nauka nowego j\u0119zyka mo\u017ce by\u0107 ekscytuj\u0105c\u0105 podr\u00f3\u017c\u0105, a dla os\u00f3b zainteresowanych tagalskim, j\u0119zykiem u\u017cywanym na\" \/>\n<meta property=\"og:url\" content=\"https:\/\/talkpal.ai\/pl\/cwiczenia-gramatyczne-w-jezyku-tagalskim\/\" \/>\n<meta property=\"og:site_name\" content=\"Talkpal\" \/>\n<meta property=\"article:publisher\" content=\"https:\/\/www.facebook.com\/profile.php?id=100090733639311\" \/>\n<meta property=\"article:modified_time\" content=\"2025-12-17T09:49:03+00:00\" \/>\n<meta property=\"og:image\" content=\"https:\/\/talkpal.ai\/wp-content\/uploads\/2023\/05\/Tagalog-philippines.png\" \/>\n\t<meta property=\"og:image:width\" content=\"512\" \/>\n\t<meta property=\"og:image:height\" content=\"512\" \/>\n\t<meta property=\"og:image:type\" content=\"image\/png\" \/>\n<meta name=\"twitter:card\" content=\"summary_large_image\" \/>\n<meta name=\"twitter:site\" content=\"@talkpalai\" \/>\n<meta name=\"twitter:label1\" content=\"Szacowany czas czytania\" \/>\n\t<meta name=\"twitter:data1\" content=\"2 minuty\" \/>\n<script type=\"application\/ld+json\" class=\"yoast-schema-graph\">{\"@context\":\"https:\/\/schema.org\",\"@graph\":[{\"@type\":\"WebPage\",\"@id\":\"https:\/\/talkpal.ai\/pl\/cwiczenia-gramatyczne-w-jezyku-tagalskim\/\",\"url\":\"https:\/\/talkpal.ai\/pl\/cwiczenia-gramatyczne-w-jezyku-tagalskim\/\",\"name\":\"\u0106wiczenia gramatyczne w j\u0119zyku tagalskim - Talkpal\",\"isPartOf\":{\"@id\":\"https:\/\/talkpal.ai\/pl\/#website\"},\"primaryImageOfPage\":{\"@id\":\"https:\/\/talkpal.ai\/pl\/cwiczenia-gramatyczne-w-jezyku-tagalskim\/#primaryimage\"},\"image\":{\"@id\":\"https:\/\/talkpal.ai\/pl\/cwiczenia-gramatyczne-w-jezyku-tagalskim\/#primaryimage\"},\"thumbnailUrl\":\"https:\/\/talkpal.ai\/wp-content\/uploads\/2023\/05\/Tagalog-philippines.png\",\"datePublished\":\"2023-07-05T10:08:32+00:00\",\"dateModified\":\"2025-12-17T09:49:03+00:00\",\"description\":\"Odkryj wci\u0105gaj\u0105ce \u0107wiczenia gramatyczne Tagalog, aby rozwin\u0105\u0107 swoje umiej\u0119tno\u015bci j\u0119zykowe. Idealny zar\u00f3wno dla pocz\u0105tkuj\u0105cych, jak i zaawansowanych.\",\"breadcrumb\":{\"@id\":\"https:\/\/talkpal.ai\/pl\/cwiczenia-gramatyczne-w-jezyku-tagalskim\/#breadcrumb\"},\"inLanguage\":\"pl-PL\",\"potentialAction\":[{\"@type\":\"ReadAction\",\"target\":[\"https:\/\/talkpal.ai\/pl\/cwiczenia-gramatyczne-w-jezyku-tagalskim\/\"]}]},{\"@type\":\"ImageObject\",\"inLanguage\":\"pl-PL\",\"@id\":\"https:\/\/talkpal.ai\/pl\/cwiczenia-gramatyczne-w-jezyku-tagalskim\/#primaryimage\",\"url\":\"https:\/\/talkpal.ai\/wp-content\/uploads\/2023\/05\/Tagalog-philippines.png\",\"contentUrl\":\"https:\/\/talkpal.ai\/wp-content\/uploads\/2023\/05\/Tagalog-philippines.png\",\"width\":512,\"height\":512},{\"@type\":\"BreadcrumbList\",\"@id\":\"https:\/\/talkpal.ai\/pl\/cwiczenia-gramatyczne-w-jezyku-tagalskim\/#breadcrumb\",\"itemListElement\":[{\"@type\":\"ListItem\",\"position\":1,\"name\":\"Homepage\",\"item\":\"https:\/\/talkpal.ai\/pl\/\"},{\"@type\":\"ListItem\",\"position\":2,\"name\":\"\u0106wiczenia gramatyczne w j\u0119zyku tagalskim\"}]},{\"@type\":\"WebSite\",\"@id\":\"https:\/\/talkpal.ai\/pl\/#website\",\"url\":\"https:\/\/talkpal.ai\/pl\/\",\"name\":\"Talkpal\",\"description\":\"AI Language Learning\",\"publisher\":{\"@id\":\"https:\/\/talkpal.ai\/pl\/#organization\"},\"alternateName\":\"Talkpal AI\",\"potentialAction\":[{\"@type\":\"SearchAction\",\"target\":{\"@type\":\"EntryPoint\",\"urlTemplate\":\"https:\/\/talkpal.ai\/pl\/?s={search_term_string}\"},\"query-input\":{\"@type\":\"PropertyValueSpecification\",\"valueRequired\":true,\"valueName\":\"search_term_string\"}}],\"inLanguage\":\"pl-PL\"},{\"@type\":\"Organization\",\"@id\":\"https:\/\/talkpal.ai\/pl\/#organization\",\"name\":\"Talkpal, Inc.\",\"alternateName\":\"Talkpal AI\",\"url\":\"https:\/\/talkpal.ai\/pl\/\",\"logo\":{\"@type\":\"ImageObject\",\"inLanguage\":\"pl-PL\",\"@id\":\"https:\/\/talkpal.ai\/pl\/#\/schema\/logo\/image\/\",\"url\":\"https:\/\/talkpal.ai\/wp-content\/uploads\/2024\/03\/Talkpal-Logo-Icon.png\",\"contentUrl\":\"https:\/\/talkpal.ai\/wp-content\/uploads\/2024\/03\/Talkpal-Logo-Icon.png\",\"width\":2880,\"height\":2880,\"caption\":\"Talkpal, Inc.\"},\"image\":{\"@id\":\"https:\/\/talkpal.ai\/pl\/#\/schema\/logo\/image\/\"},\"sameAs\":[\"https:\/\/www.facebook.com\/profile.php?id=100090733639311\",\"https:\/\/x.com\/talkpalai\",\"https:\/\/www.linkedin.com\/company\/talkpal\/\",\"https:\/\/www.youtube.com\/@TalkPal\/\",\"https:\/\/www.tiktok.com\/@talkpal\",\"https:\/\/www.instagram.com\/talkpal_ai\/\",\"https:\/\/www.crunchbase.com\/organization\/talkpal-9cde\",\"https:\/\/www.g2.com\/products\/talkpal-for-business\/\",\"https:\/\/www.trustpilot.com\/review\/talkpal.ai\",\"https:\/\/www.capterra.com\/p\/10006800\/TalkPal\/\"],\"description\":\"Talkpal is a language learning web and mobile education app, powered by the latest AI technologies, that provides engaging experiences to its customers in many different languages to help them improve their language skills. Users can chat about unlimited amount of topics with the app and use other modes to practice their language learning.\",\"email\":\"support@talkpal.ai\",\"legalName\":\"Talkpal, Inc.\",\"foundingDate\":\"2023-04-03\",\"duns\":\"118989042\",\"numberOfEmployees\":{\"@type\":\"QuantitativeValue\",\"minValue\":\"11\",\"maxValue\":\"50\"},\"publishingPrinciples\":\"https:\/\/talkpal.ai\/publishing-principles\/\",\"actionableFeedbackPolicy\":\"https:\/\/talkpal.ai\/actionable-feedback-policy\/\",\"correctionsPolicy\":\"https:\/\/talkpal.ai\/corrections-policy\/\",\"ethicsPolicy\":\"https:\/\/talkpal.ai\/ethics-policy\/\",\"diversityPolicy\":\"https:\/\/talkpal.ai\/diversity-policy\/\",\"diversityStaffingReport\":\"https:\/\/talkpal.ai\/diversity-policy\/\"}]}<\/script>\n<!-- \/ Yoast SEO Premium plugin. -->","yoast_head_json":{"title":"\u0106wiczenia gramatyczne w j\u0119zyku tagalskim - Talkpal","description":"Odkryj wci\u0105gaj\u0105ce \u0107wiczenia gramatyczne Tagalog, aby rozwin\u0105\u0107 swoje umiej\u0119tno\u015bci j\u0119zykowe. Idealny zar\u00f3wno dla pocz\u0105tkuj\u0105cych, jak i zaawansowanych.","robots":{"index":"index","follow":"follow","max-snippet":"max-snippet:-1","max-image-preview":"max-image-preview:large","max-video-preview":"max-video-preview:-1"},"canonical":"https:\/\/talkpal.ai\/pl\/cwiczenia-gramatyczne-w-jezyku-tagalskim\/","og_locale":"pl_PL","og_type":"article","og_title":"\u0106wiczenia gramatyczne w j\u0119zyku tagalskim","og_description":"Tematy gramatyczne w j\u0119zyku tagalskim Nauka nowego j\u0119zyka mo\u017ce by\u0107 ekscytuj\u0105c\u0105 podr\u00f3\u017c\u0105, a dla os\u00f3b zainteresowanych tagalskim, j\u0119zykiem u\u017cywanym na","og_url":"https:\/\/talkpal.ai\/pl\/cwiczenia-gramatyczne-w-jezyku-tagalskim\/","og_site_name":"Talkpal","article_publisher":"https:\/\/www.facebook.com\/profile.php?id=100090733639311","article_modified_time":"2025-12-17T09:49:03+00:00","og_image":[{"width":512,"height":512,"url":"https:\/\/talkpal.ai\/wp-content\/uploads\/2023\/05\/Tagalog-philippines.png","type":"image\/png"}],"twitter_card":"summary_large_image","twitter_site":"@talkpalai","twitter_misc":{"Szacowany czas czytania":"2 minuty"},"schema":{"@context":"https:\/\/schema.org","@graph":[{"@type":"WebPage","@id":"https:\/\/talkpal.ai\/pl\/cwiczenia-gramatyczne-w-jezyku-tagalskim\/","url":"https:\/\/talkpal.ai\/pl\/cwiczenia-gramatyczne-w-jezyku-tagalskim\/","name":"\u0106wiczenia gramatyczne w j\u0119zyku tagalskim - Talkpal","isPartOf":{"@id":"https:\/\/talkpal.ai\/pl\/#website"},"primaryImageOfPage":{"@id":"https:\/\/talkpal.ai\/pl\/cwiczenia-gramatyczne-w-jezyku-tagalskim\/#primaryimage"},"image":{"@id":"https:\/\/talkpal.ai\/pl\/cwiczenia-gramatyczne-w-jezyku-tagalskim\/#primaryimage"},"thumbnailUrl":"https:\/\/talkpal.ai\/wp-content\/uploads\/2023\/05\/Tagalog-philippines.png","datePublished":"2023-07-05T10:08:32+00:00","dateModified":"2025-12-17T09:49:03+00:00","description":"Odkryj wci\u0105gaj\u0105ce \u0107wiczenia gramatyczne Tagalog, aby rozwin\u0105\u0107 swoje umiej\u0119tno\u015bci j\u0119zykowe. Idealny zar\u00f3wno dla pocz\u0105tkuj\u0105cych, jak i zaawansowanych.","breadcrumb":{"@id":"https:\/\/talkpal.ai\/pl\/cwiczenia-gramatyczne-w-jezyku-tagalskim\/#breadcrumb"},"inLanguage":"pl-PL","potentialAction":[{"@type":"ReadAction","target":["https:\/\/talkpal.ai\/pl\/cwiczenia-gramatyczne-w-jezyku-tagalskim\/"]}]},{"@type":"ImageObject","inLanguage":"pl-PL","@id":"https:\/\/talkpal.ai\/pl\/cwiczenia-gramatyczne-w-jezyku-tagalskim\/#primaryimage","url":"https:\/\/talkpal.ai\/wp-content\/uploads\/2023\/05\/Tagalog-philippines.png","contentUrl":"https:\/\/talkpal.ai\/wp-content\/uploads\/2023\/05\/Tagalog-philippines.png","width":512,"height":512},{"@type":"BreadcrumbList","@id":"https:\/\/talkpal.ai\/pl\/cwiczenia-gramatyczne-w-jezyku-tagalskim\/#breadcrumb","itemListElement":[{"@type":"ListItem","position":1,"name":"Homepage","item":"https:\/\/talkpal.ai\/pl\/"},{"@type":"ListItem","position":2,"name":"\u0106wiczenia gramatyczne w j\u0119zyku tagalskim"}]},{"@type":"WebSite","@id":"https:\/\/talkpal.ai\/pl\/#website","url":"https:\/\/talkpal.ai\/pl\/","name":"Talkpal","description":"AI Language Learning","publisher":{"@id":"https:\/\/talkpal.ai\/pl\/#organization"},"alternateName":"Talkpal AI","potentialAction":[{"@type":"SearchAction","target":{"@type":"EntryPoint","urlTemplate":"https:\/\/talkpal.ai\/pl\/?s={search_term_string}"},"query-input":{"@type":"PropertyValueSpecification","valueRequired":true,"valueName":"search_term_string"}}],"inLanguage":"pl-PL"},{"@type":"Organization","@id":"https:\/\/talkpal.ai\/pl\/#organization","name":"Talkpal, Inc.","alternateName":"Talkpal AI","url":"https:\/\/talkpal.ai\/pl\/","logo":{"@type":"ImageObject","inLanguage":"pl-PL","@id":"https:\/\/talkpal.ai\/pl\/#\/schema\/logo\/image\/","url":"https:\/\/talkpal.ai\/wp-content\/uploads\/2024\/03\/Talkpal-Logo-Icon.png","contentUrl":"https:\/\/talkpal.ai\/wp-content\/uploads\/2024\/03\/Talkpal-Logo-Icon.png","width":2880,"height":2880,"caption":"Talkpal, Inc."},"image":{"@id":"https:\/\/talkpal.ai\/pl\/#\/schema\/logo\/image\/"},"sameAs":["https:\/\/www.facebook.com\/profile.php?id=100090733639311","https:\/\/x.com\/talkpalai","https:\/\/www.linkedin.com\/company\/talkpal\/","https:\/\/www.youtube.com\/@TalkPal\/","https:\/\/www.tiktok.com\/@talkpal","https:\/\/www.instagram.com\/talkpal_ai\/","https:\/\/www.crunchbase.com\/organization\/talkpal-9cde","https:\/\/www.g2.com\/products\/talkpal-for-business\/","https:\/\/www.trustpilot.com\/review\/talkpal.ai","https:\/\/www.capterra.com\/p\/10006800\/TalkPal\/"],"description":"Talkpal is a language learning web and mobile education app, powered by the latest AI technologies, that provides engaging experiences to its customers in many different languages to help them improve their language skills. Users can chat about unlimited amount of topics with the app and use other modes to practice their language learning.","email":"support@talkpal.ai","legalName":"Talkpal, Inc.","foundingDate":"2023-04-03","duns":"118989042","numberOfEmployees":{"@type":"QuantitativeValue","minValue":"11","maxValue":"50"},"publishingPrinciples":"https:\/\/talkpal.ai\/publishing-principles\/","actionableFeedbackPolicy":"https:\/\/talkpal.ai\/actionable-feedback-policy\/","correctionsPolicy":"https:\/\/talkpal.ai\/corrections-policy\/","ethicsPolicy":"https:\/\/talkpal.ai\/ethics-policy\/","diversityPolicy":"https:\/\/talkpal.ai\/diversity-policy\/","diversityStaffingReport":"https:\/\/talkpal.ai\/diversity-policy\/"}]}},"_links":{"self":[{"href":"https:\/\/talkpal.ai\/pl\/wp-json\/wp\/v2\/pages\/156417","targetHints":{"allow":["GET"]}}],"collection":[{"href":"https:\/\/talkpal.ai\/pl\/wp-json\/wp\/v2\/pages"}],"about":[{"href":"https:\/\/talkpal.ai\/pl\/wp-json\/wp\/v2\/types\/page"}],"author":[{"embeddable":true,"href":"https:\/\/talkpal.ai\/pl\/wp-json\/wp\/v2\/users\/6"}],"replies":[{"embeddable":true,"href":"https:\/\/talkpal.ai\/pl\/wp-json\/wp\/v2\/comments?post=156417"}],"version-history":[{"count":0,"href":"https:\/\/talkpal.ai\/pl\/wp-json\/wp\/v2\/pages\/156417\/revisions"}],"wp:featuredmedia":[{"embeddable":true,"href":"https:\/\/talkpal.ai\/pl\/wp-json\/wp\/v2\/media\/120036"}],"wp:attachment":[{"href":"https:\/\/talkpal.ai\/pl\/wp-json\/wp\/v2\/media?parent=156417"}],"curies":[{"name":"wp","href":"https:\/\/api.w.org\/{rel}","templated":true}]}}