{"id":155685,"date":"2023-07-05T10:24:06","date_gmt":"2023-07-05T10:24:06","guid":{"rendered":"http:\/\/talkpal.ai\/cwiczenia-z-gramatyki-tajskiej\/"},"modified":"2025-12-17T15:04:01","modified_gmt":"2025-12-17T15:04:01","slug":"cwiczenia-z-gramatyki-tajskiej","status":"publish","type":"page","link":"https:\/\/talkpal.ai\/pl\/cwiczenia-z-gramatyki-tajskiej\/","title":{"rendered":"\u0106wiczenia z gramatyki tajskiej"},"content":{"rendered":"\r\n\r\n\r\n<section class=\"languageChallengeSection\">\r\n    <div class=\"languageInfoWrapper\">\r\n        \r\n        <h1>\u0106wiczenia z gramatyki tajskiej<\/h1>\r\n        <p>Gotowy, aby nauka tajskiego by\u0142a zabawna i praktyczna? Nasze interaktywne \u0107wiczenia maj\u0105 na celu pom\u00f3c ci opanowa\u0107 podstawy tajskiej gramatyki, zbudowa\u0107 pewno\u015b\u0107 siebie i zacz\u0105\u0107 tworzy\u0107 prawdziwe zdania. Wskakuj, \u0107wicz tyle, ile chcesz i obserwuj, jak rosn\u0105 twoje tajskie umiej\u0119tno\u015bci &#8211; uczmy si\u0119!<\/p>\r\n\r\n                            <a class=\"getStartedHidden\" href=\"https:\/\/app.talkpal.ai\/pl\/signup?lng=\">Zaczynaj<\/a>\r\n        \r\n    <\/div>\r\n\r\n    <figure>\r\n    <img decoding=\"async\" width=\"768\" height=\"768\" src=\"https:\/\/talkpal.ai\/wp-content\/uploads\/2023\/06\/thai-768x768.png\" class=\"languageImage no-lazy\" alt=\"Language learning for improved thought process\" fetchpriority=\"high\" sizes=\"(max-width: 768px) 150px, 768px\" srcset=\"https:\/\/talkpal.ai\/wp-content\/uploads\/2023\/06\/thai-768x768.png 768w, https:\/\/talkpal.ai\/wp-content\/uploads\/2023\/06\/thai-300x300.png 300w\" \/>\r\n    \r\n\r\n    <\/figure>\r\n\r\n            <a class=\"getStartedVisible\" href=\"https:\/\/app.talkpal.ai\/pl\/signup?lng=\">Zaczynaj<\/a>\r\n    \r\n<\/section>\r\n\r\n\r\n<!-- <section class=\"grammarSection\">\r\n    <div class=\"grammarLinks\">\r\n            <\/div>\r\n<\/section> -->\r\n\r\n\r\n\r\n\r\n<section class=\"promotionalBanner\">\r\n    <p class=\"promotionalText\">Najbardziej efektywny spos\u00f3b nauki j\u0119zyka<\/p>\r\n    <a class=\"promotionalLink\" href=\"https:\/\/app.talkpal.ai\/pl\/signup?lng=\">Wypr\u00f3buj Talkpal za darmo<\/a>\r\n<\/section>\n<div class=\"wp-block-group pageContainerStyle\"><div class=\"wp-block-group__inner-container is-layout-constrained wp-block-group-is-layout-constrained\">\n<h2 class=\"wp-block-heading\" id=\"h-thai-grammar-topics\">Tematy gramatyczne j\u0119zyka tajskiego<\/h2>\n\n\n\n<p><a href=\"https:\/\/talkpal.ai\/pl\/skuteczna-nauka-jezyka-tajskiego-szybkie-i-latwe-metody\/\">Nauka j\u0119zyka tajskiego<\/a> mo\u017ce by\u0107 fascynuj\u0105c\u0105 podr\u00f3\u017c\u0105. Jednak zrozumienie gramatyki tajskiej jest niezb\u0119dne, aby w pe\u0142ni zrozumie\u0107 j\u0119zyk i osi\u0105gn\u0105\u0107 p\u0142ynno\u015b\u0107. Poni\u017csza lista zawiera sekwencj\u0119 temat\u00f3w gramatyki tajskiej, kt\u00f3re nale\u017cy wzi\u0105\u0107 pod uwag\u0119 podczas nauki j\u0119zyka. Ta lista zaczyna si\u0119 od podstawowych temat\u00f3w i przechodzi do bardziej z\u0142o\u017conych temat\u00f3w.<\/p>\n\n\n\n<h3 class=\"wp-block-heading\" id=\"h-1-nouns\">1. Rzeczowniki:<\/h3>\n\n\n\n<p>Zacznij od nauki tajskich rzeczownik\u00f3w, poniewa\u017c s\u0105 one budulcem j\u0119zyka. Zapoznaj si\u0119 z rzeczownikami pospolitymi i ich modyfikatorami, poniewa\u017c rzeczowniki tajskie nie zmieniaj\u0105 form, aby wskaza\u0107 liczb\u0119 lub rodzaj.<\/p>\n\n\n\n<h3 class=\"wp-block-heading\" id=\"h-2-pronouns-determiners\">2. Zaimki\/okre\u015blniki:<\/h3>\n\n\n\n<p>Po opanowaniu rzeczownik\u00f3w skup si\u0119 na zaimkach i okre\u015blnikach. Zaimki tajskie s\u0105 cz\u0119sto pomijane w rozmowie, ale ich zrozumienie jest kluczowe dla formalnego j\u0119zyka tajskiego.<\/p>\n\n\n\n<h3 class=\"wp-block-heading\" id=\"h-3-verbs\">3. Czasowniki:<\/h3>\n\n\n\n<p>Czasowniki w j\u0119zyku tajskim s\u0105 nieodmienne, co oznacza, \u017ce nie zmieniaj\u0105 si\u0119, aby wskaza\u0107 czas, liczb\u0119 lub osob\u0119. To sprawia, \u017ce s\u0105 stosunkowo \u0142atwe do opanowania po zrozumieniu rzeczownik\u00f3w i zaimk\u00f3w.<\/p>\n\n\n\n<h3 class=\"wp-block-heading\" id=\"h-4-adjectives\">4. Przymiotniki:<\/h3>\n\n\n\n<p>Przymiotniki tajskie wyst\u0119puj\u0105 po rzeczownikach, kt\u00f3re modyfikuj\u0105, w przeciwie\u0144stwie do angielskiego. Nauka przymiotnik\u00f3w pomo\u017ce Ci dok\u0142adniej opisywa\u0107 przedmioty, ludzi i sytuacje.<\/p>\n\n\n\n<h3 class=\"wp-block-heading\" id=\"h-5-prepositions\">5. Przyimki:<\/h3>\n\n\n\n<p>Przyimki w j\u0119zyku tajskim cz\u0119sto wyst\u0119puj\u0105 przed rzeczownikiem lub zaimkiem, aby wskaza\u0107 kierunek, lokalizacj\u0119, czas lub metod\u0119.<\/p>\n\n\n\n<h3 class=\"wp-block-heading\" id=\"h-6-adverbs\">6. Przys\u0142\u00f3wki:<\/h3>\n\n\n\n<p><a href=\"https:\/\/talkpal.ai\/pl\/naucz-sie-malajskiego\/\">Naucz si\u0119<\/a> tajskich przys\u0142\u00f3wk\u00f3w, aby modyfikowa\u0107 czasowniki, przymiotniki lub inne przys\u0142\u00f3wki. Mog\u0105 dostarczy\u0107 wi\u0119cej szczeg\u00f3\u0142\u00f3w na temat dzia\u0142a\u0144 lub sytuacji.<\/p>\n\n\n\n<h3 class=\"wp-block-heading\" id=\"h-7-sentences\">7. Zdania:<\/h3>\n\n\n\n<p>Po opanowaniu podstaw, mo\u017cesz zacz\u0105\u0107 konstruowa\u0107 zdania w j\u0119zyku tajskim. Zrozumienie struktury zdania ma kluczowe znaczenie dla prawid\u0142owego przekazywania my\u015bli.<\/p>\n\n\n\n<h3 class=\"wp-block-heading\" id=\"h-8-conditionals\">8. Warunki szczeg\u00f3\u0142owe:<\/h3>\n\n\n\n<p>Tajskie instrukcje warunkowe wyra\u017caj\u0105 hipotetyczne sytuacje i ich konsekwencje. S\u0105 bardziej zaawansowane, ale niezb\u0119dne do z\u0142o\u017conych rozm\u00f3w.<\/p>\n\n\n\n<h3 class=\"wp-block-heading\" id=\"h-9-tenses\">9. Czasy:<\/h3>\n\n\n\n<p>J\u0119zyk <a href=\"https:\/\/talkpal.ai\/learn-thai\/\">tajski<\/a> nie u\u017cywa czas\u00f3w w taki sam spos\u00f3b jak <a href=\"https:\/\/talkpal.ai\/learn-english-with-ai\/\">angielski<\/a>. Istniej\u0105 jednak zwroty i s\u0142owa, kt\u00f3re mog\u0105 wskazywa\u0107 na przesz\u0142o\u015b\u0107, tera\u017aniejszo\u015b\u0107 lub przysz\u0142o\u015b\u0107.<\/p>\n\n\n\n<h3 class=\"wp-block-heading\" id=\"h-10-tense-comparison\">10. Por\u00f3wnanie czasu pracy:<\/h3>\n\n\n\n<p>Jest to zaawansowany temat, w kt\u00f3rym por\u00f3wnujesz r\u00f3\u017cne czasy. Pomo\u017ce Ci zrozumie\u0107 subtelne r\u00f3\u017cnice w wyra\u017ceniach czasowych.<\/p>\n\n\n\n<h3 class=\"wp-block-heading\" id=\"h-11-progressive\">11. Progresywny:<\/h3>\n\n\n\n<p>Ten temat obejmuje wyra\u017canie bie\u017c\u0105cych dzia\u0142a\u0144. Jest bardziej zaawansowany, ale pomo\u017ce Ci p\u0142ynniej m\u00f3wi\u0107 po tajsku.<\/p>\n\n\n\n<h3 class=\"wp-block-heading\" id=\"h-12-perfect-progressive\">12. Idealny progresywny:<\/h3>\n\n\n\n<p>Czas dokonany progresywny jest z\u0142o\u017conym aspektem gramatyki tajskiej. S\u0142u\u017cy do opisania dzia\u0142a\u0144, kt\u00f3re trwa\u0142y do pewnego momentu.<\/p>\n\n\n\n<h3 class=\"wp-block-heading\" id=\"h-13-articles\">13. Artyku\u0142y:<\/h3>\n\n\n\n<p>J\u0119zyk tajski nie ma rodzajnik\u00f3w okre\u015blonych ani nieokre\u015blonych, takich jak angielski. Istniej\u0105 jednak inne sposoby okre\u015blania lub uog\u00f3lniania rzeczownik\u00f3w, kt\u00f3rych mo\u017cna si\u0119 nauczy\u0107 na bardziej zaawansowanym etapie.<\/p>\n<\/div><\/div>\n\r\n<section class=\"learnNavigationSection\">\r\n            \r\n        <a href=\"https:\/\/talkpal.ai\/pl\/naucz-sie-tajskiego\/\">\r\n            <div class=\"learnNavigationWrapper\">\r\n                <div class=\"learnNavigationContent\">\r\n                    <img decoding=\"async\" src=\"https:\/\/talkpal.ai\/wp-content\/uploads\/2024\/08\/Thai.jpg\" alt=\"Thai Flag\">\r\n                    <div>\r\n                        <h4>O tajskiej nauce<\/h4>\r\n                        <p>Dowiedz si\u0119 wszystkiego o gramatyce tajskiej .<\/p>\r\n                    <\/div>\r\n                <\/div>\r\n            <\/div>\r\n        <\/a>\r\n\r\n        \r\n        <a href=\"https:\/\/talkpal.ai\/pl\/gramatyka-tajska\/\">\r\n            <div class=\"learnNavigationWrapper\">\r\n                <div class=\"learnNavigationContent\">\r\n                    <img decoding=\"async\" src=\"https:\/\/talkpal.ai\/wp-content\/uploads\/2024\/08\/Thai.jpg\" alt=\"Thai Flag\">\r\n                    <div>\r\n                        <h4>Lekcje gramatyki tajskiej<\/h4>\r\n                        <p>\u0106wicz gramatyk\u0119 tajsk\u0105 .<\/p>\r\n                    <\/div>\r\n                <\/div>\r\n            <\/div>\r\n        <\/a>\r\n\r\n        \r\n        <a href=\"https:\/\/talkpal.ai\/vocabulary_language\/thai\/\">\r\n            <div class=\"learnNavigationWrapper\">\r\n                <div class=\"learnNavigationContent\">\r\n                    <img decoding=\"async\" src=\"https:\/\/talkpal.ai\/wp-content\/uploads\/2024\/08\/Thai.jpg\" alt=\"Thai Flag\">\r\n                    <div>\r\n                        <h4>Tajskie s\u0142ownictwo<\/h4>\r\n                        <p>Poszerz swoje tajskie s\u0142ownictwo.<\/p>\r\n                    <\/div>\r\n                <\/div>\r\n            <\/div>\r\n        <\/a>\r\n\r\n            <\/section>","protected":false},"excerpt":{"rendered":"<p>Tematy gramatyczne j\u0119zyka tajskiego Nauka j\u0119zyka tajskiego mo\u017ce by\u0107 fascynuj\u0105c\u0105 podr\u00f3\u017c\u0105. Jednak zrozumienie gramatyki tajskiej jest niezb\u0119dne, aby w pe\u0142ni zrozumie\u0107 j\u0119zyk i osi\u0105gn\u0105\u0107 p\u0142ynno\u015b\u0107. Poni\u017csza lista zawiera sekwencj\u0119 temat\u00f3w gramatyki tajskiej, kt\u00f3re nale\u017cy wzi\u0105\u0107 pod uwag\u0119 podczas nauki j\u0119zyka. Ta lista zaczyna si\u0119 od podstawowych temat\u00f3w i przechodzi do bardziej z\u0142o\u017conych temat\u00f3w. 1. Rzeczowniki: [&hellip;]<\/p>\n","protected":false},"author":6,"featured_media":120825,"parent":0,"menu_order":0,"comment_status":"closed","ping_status":"closed","template":"LearningContentPage.php","meta":{"_acf_changed":false,"footnotes":""},"class_list":["post-155685","page","type-page","status-publish","has-post-thumbnail","hentry"],"acf":[],"yoast_head":"<!-- This site is optimized with the Yoast SEO Premium plugin v27.2 (Yoast SEO v27.2) - https:\/\/yoast.com\/product\/yoast-seo-premium-wordpress\/ -->\n<title>\u0106wiczenia z gramatyki tajskiej - Talkpal<\/title>\n<meta name=\"description\" content=\"Popraw swoje umiej\u0119tno\u015bci j\u0119zykowe dzi\u0119ki naszym \u0107wiczeniom z gramatyki tajskiej i zacznij opanowywa\u0107 podstawowe elementy j\u0119zyka.\" \/>\n<meta name=\"robots\" content=\"index, follow, max-snippet:-1, max-image-preview:large, max-video-preview:-1\" \/>\n<link rel=\"canonical\" href=\"https:\/\/talkpal.ai\/pl\/cwiczenia-z-gramatyki-tajskiej\/\" \/>\n<meta property=\"og:locale\" content=\"pl_PL\" \/>\n<meta property=\"og:type\" content=\"article\" \/>\n<meta property=\"og:title\" content=\"\u0106wiczenia z gramatyki tajskiej\" \/>\n<meta property=\"og:description\" content=\"Tematy gramatyczne j\u0119zyka tajskiego Nauka j\u0119zyka tajskiego mo\u017ce by\u0107 fascynuj\u0105c\u0105 podr\u00f3\u017c\u0105. Jednak zrozumienie gramatyki tajskiej jest niezb\u0119dne, aby w pe\u0142ni\" \/>\n<meta property=\"og:url\" content=\"https:\/\/talkpal.ai\/pl\/cwiczenia-z-gramatyki-tajskiej\/\" \/>\n<meta property=\"og:site_name\" content=\"Talkpal\" \/>\n<meta property=\"article:publisher\" content=\"https:\/\/www.facebook.com\/profile.php?id=100090733639311\" \/>\n<meta property=\"article:modified_time\" content=\"2025-12-17T15:04:01+00:00\" \/>\n<meta property=\"og:image\" content=\"https:\/\/talkpal.ai\/wp-content\/uploads\/2023\/05\/thailand.png\" \/>\n\t<meta property=\"og:image:width\" content=\"512\" \/>\n\t<meta property=\"og:image:height\" content=\"512\" \/>\n\t<meta property=\"og:image:type\" content=\"image\/png\" \/>\n<meta name=\"twitter:card\" content=\"summary_large_image\" \/>\n<meta name=\"twitter:site\" content=\"@talkpalai\" \/>\n<meta name=\"twitter:label1\" content=\"Szacowany czas czytania\" \/>\n\t<meta name=\"twitter:data1\" content=\"2 minuty\" \/>\n<script type=\"application\/ld+json\" class=\"yoast-schema-graph\">{\"@context\":\"https:\/\/schema.org\",\"@graph\":[{\"@type\":\"WebPage\",\"@id\":\"https:\/\/talkpal.ai\/pl\/cwiczenia-z-gramatyki-tajskiej\/\",\"url\":\"https:\/\/talkpal.ai\/pl\/cwiczenia-z-gramatyki-tajskiej\/\",\"name\":\"\u0106wiczenia z gramatyki tajskiej - Talkpal\",\"isPartOf\":{\"@id\":\"https:\/\/talkpal.ai\/pl\/#website\"},\"primaryImageOfPage\":{\"@id\":\"https:\/\/talkpal.ai\/pl\/cwiczenia-z-gramatyki-tajskiej\/#primaryimage\"},\"image\":{\"@id\":\"https:\/\/talkpal.ai\/pl\/cwiczenia-z-gramatyki-tajskiej\/#primaryimage\"},\"thumbnailUrl\":\"https:\/\/talkpal.ai\/wp-content\/uploads\/2023\/05\/thailand.png\",\"datePublished\":\"2023-07-05T10:24:06+00:00\",\"dateModified\":\"2025-12-17T15:04:01+00:00\",\"description\":\"Popraw swoje umiej\u0119tno\u015bci j\u0119zykowe dzi\u0119ki naszym \u0107wiczeniom z gramatyki tajskiej i zacznij opanowywa\u0107 podstawowe elementy j\u0119zyka.\",\"breadcrumb\":{\"@id\":\"https:\/\/talkpal.ai\/pl\/cwiczenia-z-gramatyki-tajskiej\/#breadcrumb\"},\"inLanguage\":\"pl-PL\",\"potentialAction\":[{\"@type\":\"ReadAction\",\"target\":[\"https:\/\/talkpal.ai\/pl\/cwiczenia-z-gramatyki-tajskiej\/\"]}]},{\"@type\":\"ImageObject\",\"inLanguage\":\"pl-PL\",\"@id\":\"https:\/\/talkpal.ai\/pl\/cwiczenia-z-gramatyki-tajskiej\/#primaryimage\",\"url\":\"https:\/\/talkpal.ai\/wp-content\/uploads\/2023\/05\/thailand.png\",\"contentUrl\":\"https:\/\/talkpal.ai\/wp-content\/uploads\/2023\/05\/thailand.png\",\"width\":512,\"height\":512},{\"@type\":\"BreadcrumbList\",\"@id\":\"https:\/\/talkpal.ai\/pl\/cwiczenia-z-gramatyki-tajskiej\/#breadcrumb\",\"itemListElement\":[{\"@type\":\"ListItem\",\"position\":1,\"name\":\"Homepage\",\"item\":\"https:\/\/talkpal.ai\/pl\/\"},{\"@type\":\"ListItem\",\"position\":2,\"name\":\"\u0106wiczenia z gramatyki tajskiej\"}]},{\"@type\":\"WebSite\",\"@id\":\"https:\/\/talkpal.ai\/pl\/#website\",\"url\":\"https:\/\/talkpal.ai\/pl\/\",\"name\":\"Talkpal\",\"description\":\"AI Language Learning\",\"publisher\":{\"@id\":\"https:\/\/talkpal.ai\/pl\/#organization\"},\"alternateName\":\"Talkpal AI\",\"potentialAction\":[{\"@type\":\"SearchAction\",\"target\":{\"@type\":\"EntryPoint\",\"urlTemplate\":\"https:\/\/talkpal.ai\/pl\/?s={search_term_string}\"},\"query-input\":{\"@type\":\"PropertyValueSpecification\",\"valueRequired\":true,\"valueName\":\"search_term_string\"}}],\"inLanguage\":\"pl-PL\"},{\"@type\":\"Organization\",\"@id\":\"https:\/\/talkpal.ai\/pl\/#organization\",\"name\":\"Talkpal, Inc.\",\"alternateName\":\"Talkpal AI\",\"url\":\"https:\/\/talkpal.ai\/pl\/\",\"logo\":{\"@type\":\"ImageObject\",\"inLanguage\":\"pl-PL\",\"@id\":\"https:\/\/talkpal.ai\/pl\/#\/schema\/logo\/image\/\",\"url\":\"https:\/\/talkpal.ai\/wp-content\/uploads\/2024\/03\/Talkpal-Logo-Icon.png\",\"contentUrl\":\"https:\/\/talkpal.ai\/wp-content\/uploads\/2024\/03\/Talkpal-Logo-Icon.png\",\"width\":2880,\"height\":2880,\"caption\":\"Talkpal, Inc.\"},\"image\":{\"@id\":\"https:\/\/talkpal.ai\/pl\/#\/schema\/logo\/image\/\"},\"sameAs\":[\"https:\/\/www.facebook.com\/profile.php?id=100090733639311\",\"https:\/\/x.com\/talkpalai\",\"https:\/\/www.linkedin.com\/company\/talkpal\/\",\"https:\/\/www.youtube.com\/@TalkPal\/\",\"https:\/\/www.tiktok.com\/@talkpal\",\"https:\/\/www.instagram.com\/talkpal_ai\/\",\"https:\/\/www.crunchbase.com\/organization\/talkpal-9cde\",\"https:\/\/www.g2.com\/products\/talkpal-for-business\/\",\"https:\/\/www.trustpilot.com\/review\/talkpal.ai\",\"https:\/\/www.capterra.com\/p\/10006800\/TalkPal\/\"],\"description\":\"Talkpal is a language learning web and mobile education app, powered by the latest AI technologies, that provides engaging experiences to its customers in many different languages to help them improve their language skills. Users can chat about unlimited amount of topics with the app and use other modes to practice their language learning.\",\"email\":\"support@talkpal.ai\",\"legalName\":\"Talkpal, Inc.\",\"foundingDate\":\"2023-04-03\",\"duns\":\"118989042\",\"numberOfEmployees\":{\"@type\":\"QuantitativeValue\",\"minValue\":\"11\",\"maxValue\":\"50\"},\"publishingPrinciples\":\"https:\/\/talkpal.ai\/publishing-principles\/\",\"actionableFeedbackPolicy\":\"https:\/\/talkpal.ai\/actionable-feedback-policy\/\",\"correctionsPolicy\":\"https:\/\/talkpal.ai\/corrections-policy\/\",\"ethicsPolicy\":\"https:\/\/talkpal.ai\/ethics-policy\/\",\"diversityPolicy\":\"https:\/\/talkpal.ai\/diversity-policy\/\",\"diversityStaffingReport\":\"https:\/\/talkpal.ai\/diversity-policy\/\"}]}<\/script>\n<!-- \/ Yoast SEO Premium plugin. -->","yoast_head_json":{"title":"\u0106wiczenia z gramatyki tajskiej - Talkpal","description":"Popraw swoje umiej\u0119tno\u015bci j\u0119zykowe dzi\u0119ki naszym \u0107wiczeniom z gramatyki tajskiej i zacznij opanowywa\u0107 podstawowe elementy j\u0119zyka.","robots":{"index":"index","follow":"follow","max-snippet":"max-snippet:-1","max-image-preview":"max-image-preview:large","max-video-preview":"max-video-preview:-1"},"canonical":"https:\/\/talkpal.ai\/pl\/cwiczenia-z-gramatyki-tajskiej\/","og_locale":"pl_PL","og_type":"article","og_title":"\u0106wiczenia z gramatyki tajskiej","og_description":"Tematy gramatyczne j\u0119zyka tajskiego Nauka j\u0119zyka tajskiego mo\u017ce by\u0107 fascynuj\u0105c\u0105 podr\u00f3\u017c\u0105. Jednak zrozumienie gramatyki tajskiej jest niezb\u0119dne, aby w pe\u0142ni","og_url":"https:\/\/talkpal.ai\/pl\/cwiczenia-z-gramatyki-tajskiej\/","og_site_name":"Talkpal","article_publisher":"https:\/\/www.facebook.com\/profile.php?id=100090733639311","article_modified_time":"2025-12-17T15:04:01+00:00","og_image":[{"width":512,"height":512,"url":"https:\/\/talkpal.ai\/wp-content\/uploads\/2023\/05\/thailand.png","type":"image\/png"}],"twitter_card":"summary_large_image","twitter_site":"@talkpalai","twitter_misc":{"Szacowany czas czytania":"2 minuty"},"schema":{"@context":"https:\/\/schema.org","@graph":[{"@type":"WebPage","@id":"https:\/\/talkpal.ai\/pl\/cwiczenia-z-gramatyki-tajskiej\/","url":"https:\/\/talkpal.ai\/pl\/cwiczenia-z-gramatyki-tajskiej\/","name":"\u0106wiczenia z gramatyki tajskiej - Talkpal","isPartOf":{"@id":"https:\/\/talkpal.ai\/pl\/#website"},"primaryImageOfPage":{"@id":"https:\/\/talkpal.ai\/pl\/cwiczenia-z-gramatyki-tajskiej\/#primaryimage"},"image":{"@id":"https:\/\/talkpal.ai\/pl\/cwiczenia-z-gramatyki-tajskiej\/#primaryimage"},"thumbnailUrl":"https:\/\/talkpal.ai\/wp-content\/uploads\/2023\/05\/thailand.png","datePublished":"2023-07-05T10:24:06+00:00","dateModified":"2025-12-17T15:04:01+00:00","description":"Popraw swoje umiej\u0119tno\u015bci j\u0119zykowe dzi\u0119ki naszym \u0107wiczeniom z gramatyki tajskiej i zacznij opanowywa\u0107 podstawowe elementy j\u0119zyka.","breadcrumb":{"@id":"https:\/\/talkpal.ai\/pl\/cwiczenia-z-gramatyki-tajskiej\/#breadcrumb"},"inLanguage":"pl-PL","potentialAction":[{"@type":"ReadAction","target":["https:\/\/talkpal.ai\/pl\/cwiczenia-z-gramatyki-tajskiej\/"]}]},{"@type":"ImageObject","inLanguage":"pl-PL","@id":"https:\/\/talkpal.ai\/pl\/cwiczenia-z-gramatyki-tajskiej\/#primaryimage","url":"https:\/\/talkpal.ai\/wp-content\/uploads\/2023\/05\/thailand.png","contentUrl":"https:\/\/talkpal.ai\/wp-content\/uploads\/2023\/05\/thailand.png","width":512,"height":512},{"@type":"BreadcrumbList","@id":"https:\/\/talkpal.ai\/pl\/cwiczenia-z-gramatyki-tajskiej\/#breadcrumb","itemListElement":[{"@type":"ListItem","position":1,"name":"Homepage","item":"https:\/\/talkpal.ai\/pl\/"},{"@type":"ListItem","position":2,"name":"\u0106wiczenia z gramatyki tajskiej"}]},{"@type":"WebSite","@id":"https:\/\/talkpal.ai\/pl\/#website","url":"https:\/\/talkpal.ai\/pl\/","name":"Talkpal","description":"AI Language Learning","publisher":{"@id":"https:\/\/talkpal.ai\/pl\/#organization"},"alternateName":"Talkpal AI","potentialAction":[{"@type":"SearchAction","target":{"@type":"EntryPoint","urlTemplate":"https:\/\/talkpal.ai\/pl\/?s={search_term_string}"},"query-input":{"@type":"PropertyValueSpecification","valueRequired":true,"valueName":"search_term_string"}}],"inLanguage":"pl-PL"},{"@type":"Organization","@id":"https:\/\/talkpal.ai\/pl\/#organization","name":"Talkpal, Inc.","alternateName":"Talkpal AI","url":"https:\/\/talkpal.ai\/pl\/","logo":{"@type":"ImageObject","inLanguage":"pl-PL","@id":"https:\/\/talkpal.ai\/pl\/#\/schema\/logo\/image\/","url":"https:\/\/talkpal.ai\/wp-content\/uploads\/2024\/03\/Talkpal-Logo-Icon.png","contentUrl":"https:\/\/talkpal.ai\/wp-content\/uploads\/2024\/03\/Talkpal-Logo-Icon.png","width":2880,"height":2880,"caption":"Talkpal, Inc."},"image":{"@id":"https:\/\/talkpal.ai\/pl\/#\/schema\/logo\/image\/"},"sameAs":["https:\/\/www.facebook.com\/profile.php?id=100090733639311","https:\/\/x.com\/talkpalai","https:\/\/www.linkedin.com\/company\/talkpal\/","https:\/\/www.youtube.com\/@TalkPal\/","https:\/\/www.tiktok.com\/@talkpal","https:\/\/www.instagram.com\/talkpal_ai\/","https:\/\/www.crunchbase.com\/organization\/talkpal-9cde","https:\/\/www.g2.com\/products\/talkpal-for-business\/","https:\/\/www.trustpilot.com\/review\/talkpal.ai","https:\/\/www.capterra.com\/p\/10006800\/TalkPal\/"],"description":"Talkpal is a language learning web and mobile education app, powered by the latest AI technologies, that provides engaging experiences to its customers in many different languages to help them improve their language skills. Users can chat about unlimited amount of topics with the app and use other modes to practice their language learning.","email":"support@talkpal.ai","legalName":"Talkpal, Inc.","foundingDate":"2023-04-03","duns":"118989042","numberOfEmployees":{"@type":"QuantitativeValue","minValue":"11","maxValue":"50"},"publishingPrinciples":"https:\/\/talkpal.ai\/publishing-principles\/","actionableFeedbackPolicy":"https:\/\/talkpal.ai\/actionable-feedback-policy\/","correctionsPolicy":"https:\/\/talkpal.ai\/corrections-policy\/","ethicsPolicy":"https:\/\/talkpal.ai\/ethics-policy\/","diversityPolicy":"https:\/\/talkpal.ai\/diversity-policy\/","diversityStaffingReport":"https:\/\/talkpal.ai\/diversity-policy\/"}]}},"_links":{"self":[{"href":"https:\/\/talkpal.ai\/pl\/wp-json\/wp\/v2\/pages\/155685","targetHints":{"allow":["GET"]}}],"collection":[{"href":"https:\/\/talkpal.ai\/pl\/wp-json\/wp\/v2\/pages"}],"about":[{"href":"https:\/\/talkpal.ai\/pl\/wp-json\/wp\/v2\/types\/page"}],"author":[{"embeddable":true,"href":"https:\/\/talkpal.ai\/pl\/wp-json\/wp\/v2\/users\/6"}],"replies":[{"embeddable":true,"href":"https:\/\/talkpal.ai\/pl\/wp-json\/wp\/v2\/comments?post=155685"}],"version-history":[{"count":0,"href":"https:\/\/talkpal.ai\/pl\/wp-json\/wp\/v2\/pages\/155685\/revisions"}],"wp:featuredmedia":[{"embeddable":true,"href":"https:\/\/talkpal.ai\/pl\/wp-json\/wp\/v2\/media\/120825"}],"wp:attachment":[{"href":"https:\/\/talkpal.ai\/pl\/wp-json\/wp\/v2\/media?parent=155685"}],"curies":[{"name":"wp","href":"https:\/\/api.w.org\/{rel}","templated":true}]}}