{"id":154503,"date":"2023-07-05T11:13:09","date_gmt":"2023-07-05T11:13:09","guid":{"rendered":"http:\/\/talkpal.ai\/cwiczenia-z-gramatyki-walijskiej\/"},"modified":"2025-12-17T14:59:53","modified_gmt":"2025-12-17T14:59:53","slug":"cwiczenia-z-gramatyki-walijskiej","status":"publish","type":"page","link":"https:\/\/talkpal.ai\/pl\/cwiczenia-z-gramatyki-walijskiej\/","title":{"rendered":"\u0106wiczenia z gramatyki walijskiej"},"content":{"rendered":"\r\n\r\n\r\n<section class=\"languageChallengeSection\">\r\n    <div class=\"languageInfoWrapper\">\r\n        \r\n        <h1>\u0106wiczenia z gramatyki walijskiej<\/h1>\r\n        <p>Gotowy, by zag\u0142\u0119bi\u0107 si\u0119 w walijsk\u0105 gramatyk\u0119? Prze\u0107wiczenie kilku podstaw pomo\u017ce ci poczu\u0107 si\u0119 komfortowo z tym wyj\u0105tkowym i pi\u0119knym j\u0119zykiem. Wypr\u00f3buj te \u0107wiczenia, aby zbudowa\u0107 pewno\u015b\u0107 siebie i dobrze si\u0119 przy tym bawi\u0107!<\/p>\r\n\r\n                            <a class=\"getStartedHidden\" href=\"https:\/\/app.talkpal.ai\/pl\/signup?lng=\">Zaczynaj<\/a>\r\n        \r\n    <\/div>\r\n\r\n    <figure>\r\n    <img decoding=\"async\" width=\"768\" height=\"768\" src=\"https:\/\/talkpal.ai\/wp-content\/uploads\/2023\/06\/welsh-768x768.png\" class=\"languageImage no-lazy\" alt=\"Language learning for better cognitive abilities\" fetchpriority=\"high\" sizes=\"(max-width: 768px) 150px, 768px\" srcset=\"https:\/\/talkpal.ai\/wp-content\/uploads\/2023\/06\/welsh-768x768.png 768w, https:\/\/talkpal.ai\/wp-content\/uploads\/2023\/06\/welsh-300x300.png 300w\" \/>\r\n    \r\n\r\n    <\/figure>\r\n\r\n            <a class=\"getStartedVisible\" href=\"https:\/\/app.talkpal.ai\/pl\/signup?lng=\">Zaczynaj<\/a>\r\n    \r\n<\/section>\r\n\r\n\r\n<!-- <section class=\"grammarSection\">\r\n    <div class=\"grammarLinks\">\r\n            <\/div>\r\n<\/section> -->\r\n\r\n\r\n\r\n\r\n<section class=\"promotionalBanner\">\r\n    <p class=\"promotionalText\">Najbardziej efektywny spos\u00f3b nauki j\u0119zyka<\/p>\r\n    <a class=\"promotionalLink\" href=\"https:\/\/app.talkpal.ai\/pl\/signup?lng=\">Wypr\u00f3buj Talkpal za darmo<\/a>\r\n<\/section>\n<div class=\"wp-block-group pageContainerStyle\"><div class=\"wp-block-group__inner-container is-layout-constrained wp-block-group-is-layout-constrained\">\n<h2 class=\"wp-block-heading\" id=\"h-welsh-grammar-topics\">Zagadnienia gramatyki walijskiej<\/h2>\n\n\n\n<p>Nauka nowego j\u0119zyka mo\u017ce by\u0107 trudnym, ale satysfakcjonuj\u0105cym przedsi\u0119wzi\u0119ciem. <a href=\"https:\/\/talkpal.ai\/learn-welsh\/\">Walijski<\/a>, j\u0119zyk celtycki u\u017cywany g\u0142\u00f3wnie w Walii, nie jest wyj\u0105tkiem. Dzi\u0119ki unikalnym cechom i strukturom <a href=\"https:\/\/talkpal.ai\/pl\/jak-uczyc-sie-jezyka-za-posrednictwem-czatu-talkpal\/\">nauka j\u0119zyka<\/a> walijskiego wymaga systematycznego podej\u015bcia do zrozumienia jego z\u0142o\u017conej gramatyki. Ten przewodnik przedstawia kluczowe obszary gramatyki walijskiej w logicznej kolejno\u015bci do nauki j\u0119zyka, zaczynaj\u0105c od podstaw, takich jak rzeczowniki i rodzajniki, a przechodz\u0105c do bardziej z\u0142o\u017conych obszar\u00f3w, takich jak czasy i konstrukcja zda\u0144.<\/p>\n\n\n\n<h3 class=\"wp-block-heading\" id=\"h-1-nouns\">1. Rzeczowniki:<\/h3>\n\n\n\n<p>Rozpocznij swoj\u0105 przygod\u0119 z j\u0119zykiem walijskim od nauki rzeczownik\u00f3w. Obejmuje to zrozumienie r\u00f3\u017cnych kategorii rzeczownik\u00f3w, takich jak rzeczowniki pospolite i w\u0142asne, a tak\u017ce ich formy liczby mnogiej.<\/p>\n\n\n\n<h3 class=\"wp-block-heading\" id=\"h-2-articles\">2. Artyku\u0142y:<\/h3>\n\n\n\n<p>Artyku\u0142y w j\u0119zyku walijskim s\u0105 u\u017cywane inaczej ni\u017c w j\u0119zyku angielskim. Zrozumienie, jak poprawnie u\u017cywa\u0107 przedimk\u00f3w okre\u015blonych i nieokre\u015blonych, ma kluczowe znaczenie w konstruowaniu zda\u0144.<\/p>\n\n\n\n<h3 class=\"wp-block-heading\" id=\"h-3-adjectives\">3. Przymiotniki:<\/h3>\n\n\n\n<p>Przymiotniki w j\u0119zyku walijskim nast\u0119puj\u0105 po rzeczownikach, co r\u00f3\u017cni si\u0119 od angielskiego. B\u0119dziesz tak\u017ce musia\u0142 dowiedzie\u0107 si\u0119 o ich mutacjach i o tym, jak tworzy\u0107 por\u00f3wnania i superlatywy.<\/p>\n\n\n\n<h3 class=\"wp-block-heading\" id=\"h-4-pronouns-determiners\">4. Zaimki\/okre\u015blniki:<\/h3>\n\n\n\n<p>Zaimki i okre\u015blniki s\u0105 niezb\u0119dne w j\u0119zyku walijskim; Zast\u0119puj\u0105 rzeczowniki i dostarczaj\u0105 informacji o ilo\u015bci, posiadaniu i nie tylko. Ich prawid\u0142owe u\u017cycie jest niezb\u0119dne do skutecznej komunikacji.<\/p>\n\n\n\n<h3 class=\"wp-block-heading\" id=\"h-5-verbs\">5. Czasowniki:<\/h3>\n\n\n\n<p>Czasowniki walijskie maj\u0105 r\u00f3\u017cne formy w zale\u017cno\u015bci od czasu, nastroju i g\u0142osu. Zacznij od czasu tera\u017aniejszego i stopniowo odkrywaj czas przesz\u0142y i przysz\u0142y.<\/p>\n\n\n\n<h3 class=\"wp-block-heading\" id=\"h-6-tenses\">6. Czasy:<\/h3>\n\n\n\n<p>Po opanowaniu form czasownik\u00f3w zag\u0142\u0119b si\u0119 w czasy walijskie. Obejmuje to zrozumienie r\u00f3\u017cnic mi\u0119dzy czasem tera\u017aniejszym, przesz\u0142ym i przysz\u0142ym oraz sposobu ich u\u017cycia w r\u00f3\u017cnych kontekstach.<\/p>\n\n\n\n<h3 class=\"wp-block-heading\" id=\"h-7-tense-comparison\">7. Por\u00f3wnanie czasu:<\/h3>\n\n\n\n<p>Por\u00f3wnywanie czas\u00f3w w j\u0119zyku walijskim pomaga w zrozumieniu sekwencji zdarze\u0144. Por\u00f3wnanie tego samego czasownika w r\u00f3\u017cnych czasach zapewni lepsze zrozumienie j\u0119zyka walijskiego.<\/p>\n\n\n\n<h3 class=\"wp-block-heading\" id=\"h-8-progressive\">8. Progresywny:<\/h3>\n\n\n\n<p>Czas progresywny w j\u0119zyku walijskim jest u\u017cywany do wyra\u017cania trwaj\u0105cych dzia\u0142a\u0144. Tworzy si\u0119 go za pomoc\u0105 czasownika &#8222;to be&#8221;, po kt\u00f3rym nast\u0119puje &#8222;yn&#8221; i rzeczownik odczasownikowy.<\/p>\n\n\n\n<h3 class=\"wp-block-heading\" id=\"h-9-perfect-progressive\">9. Idealny progresywny:<\/h3>\n\n\n\n<p>Ten czas jest u\u017cywany do wyra\u017cenia dzia\u0142a\u0144, kt\u00f3re trwa\u0142y do okre\u015blonego momentu. W j\u0119zyku walijskim tworzy si\u0119 go z czasownikiem &#8222;by\u0107&#8221;, imies\u0142owem biernym i rzeczownikiem odczasownikowym.<\/p>\n\n\n\n<h3 class=\"wp-block-heading\" id=\"h-10-conditionals\">10. Warunki warunkowe:<\/h3>\n\n\n\n<p>Instrukcje warunkowe wyra\u017caj\u0105 hipotetyczne sytuacje i ich mo\u017cliwe wyniki. S\u0105 wa\u017cn\u0105 cz\u0119\u015bci\u0105 gramatyki walijskiej i dodadz\u0105 z\u0142o\u017cono\u015bci Twoim umiej\u0119tno\u015bciom j\u0119zykowym.<\/p>\n\n\n\n<h3 class=\"wp-block-heading\" id=\"h-11-adverbs\">11. Przys\u0142\u00f3wki:<\/h3>\n\n\n\n<p>Przys\u0142\u00f3wki w j\u0119zyku walijskim modyfikuj\u0105 czasowniki, przymiotniki lub inne przys\u0142\u00f3wki. Dostarczaj\u0105 informacji o sposobie, miejscu, czasie, stopniu i nie tylko.<\/p>\n\n\n\n<h3 class=\"wp-block-heading\" id=\"h-12-prepositions\">12. Przyimki:<\/h3>\n\n\n\n<p>Przyimki \u0142\u0105cz\u0105 ze sob\u0105 s\u0142owa i frazy. Wyra\u017caj\u0105 relacje czasu, miejsca, kierunku i nie tylko.<\/p>\n\n\n\n<h3 class=\"wp-block-heading\" id=\"h-13-sentences\">13. Zdania:<\/h3>\n\n\n\n<p>Na koniec po\u0107wicz konstruowanie zda\u0144. B\u0119dzie to wymaga\u0142o wykorzystania wszystkich wcze\u015bniej poznanych zagadnie\u0144 gramatycznych w kontek\u015bcie, zapewniaj\u0105c w ten spos\u00f3b kompleksowe zrozumienie j\u0119zyka walijskiego.<\/p>\n<\/div><\/div>\n\r\n<section class=\"learnNavigationSection\">\r\n            \r\n        <a href=\"https:\/\/talkpal.ai\/pl\/naucz-sie-walijskiego\/\">\r\n            <div class=\"learnNavigationWrapper\">\r\n                <div class=\"learnNavigationContent\">\r\n                    <img decoding=\"async\" src=\"https:\/\/talkpal.ai\/wp-content\/uploads\/2024\/08\/Welsh.jpg\" alt=\"Welsh Flag\">\r\n                    <div>\r\n                        <h4>O Welsh Learning<\/h4>\r\n                        <p>Dowiedz si\u0119 wszystkiego o gramatyce walijskiej.<\/p>\r\n                    <\/div>\r\n                <\/div>\r\n            <\/div>\r\n        <\/a>\r\n\r\n        \r\n        <a href=\"https:\/\/talkpal.ai\/pl\/gramatyka-walijska\/\">\r\n            <div class=\"learnNavigationWrapper\">\r\n                <div class=\"learnNavigationContent\">\r\n                    <img decoding=\"async\" src=\"https:\/\/talkpal.ai\/wp-content\/uploads\/2024\/08\/Welsh.jpg\" alt=\"Welsh Flag\">\r\n                    <div>\r\n                        <h4>Lekcje gramatyki walijskiej<\/h4>\r\n                        <p>\u0106wicz gramatyk\u0119 walijsk\u0105.<\/p>\r\n                    <\/div>\r\n                <\/div>\r\n            <\/div>\r\n        <\/a>\r\n\r\n        \r\n        <a href=\"https:\/\/talkpal.ai\/vocabulary_language\/welsh\/\">\r\n            <div class=\"learnNavigationWrapper\">\r\n                <div class=\"learnNavigationContent\">\r\n                    <img decoding=\"async\" src=\"https:\/\/talkpal.ai\/wp-content\/uploads\/2024\/08\/Welsh.jpg\" alt=\"Welsh Flag\">\r\n                    <div>\r\n                        <h4>Walijskie s\u0142ownictwo<\/h4>\r\n                        <p>Poszerz swoje walijskie s\u0142ownictwo.<\/p>\r\n                    <\/div>\r\n                <\/div>\r\n            <\/div>\r\n        <\/a>\r\n\r\n            <\/section>","protected":false},"excerpt":{"rendered":"<p>Zagadnienia gramatyki walijskiej Nauka nowego j\u0119zyka mo\u017ce by\u0107 trudnym, ale satysfakcjonuj\u0105cym przedsi\u0119wzi\u0119ciem. Walijski, j\u0119zyk celtycki u\u017cywany g\u0142\u00f3wnie w Walii, nie jest wyj\u0105tkiem. Dzi\u0119ki unikalnym cechom i strukturom nauka j\u0119zyka walijskiego wymaga systematycznego podej\u015bcia do zrozumienia jego z\u0142o\u017conej gramatyki. Ten przewodnik przedstawia kluczowe obszary gramatyki walijskiej w logicznej kolejno\u015bci do nauki j\u0119zyka, zaczynaj\u0105c od podstaw, takich [&hellip;]<\/p>\n","protected":false},"author":6,"featured_media":121761,"parent":0,"menu_order":0,"comment_status":"closed","ping_status":"closed","template":"LearningContentPage.php","meta":{"_acf_changed":false,"footnotes":""},"class_list":["post-154503","page","type-page","status-publish","has-post-thumbnail","hentry"],"acf":[],"yoast_head":"<!-- This site is optimized with the Yoast SEO Premium plugin v27.2 (Yoast SEO v27.2) - https:\/\/yoast.com\/product\/yoast-seo-premium-wordpress\/ -->\n<title>\u0106wiczenia z gramatyki walijskiej - Talkpal<\/title>\n<meta name=\"description\" content=\"Opanuj podstawy dzi\u0119ki \u0107wiczeniom z gramatyki walijskiej zaprojektowanym tak, aby systematycznie i skutecznie doskonali\u0107 swoje umiej\u0119tno\u015bci j\u0119zykowe.\" \/>\n<meta name=\"robots\" content=\"index, follow, max-snippet:-1, max-image-preview:large, max-video-preview:-1\" \/>\n<link rel=\"canonical\" href=\"https:\/\/talkpal.ai\/pl\/cwiczenia-z-gramatyki-walijskiej\/\" \/>\n<meta property=\"og:locale\" content=\"pl_PL\" \/>\n<meta property=\"og:type\" content=\"article\" \/>\n<meta property=\"og:title\" content=\"\u0106wiczenia z gramatyki walijskiej\" \/>\n<meta property=\"og:description\" content=\"Zagadnienia gramatyki walijskiej Nauka nowego j\u0119zyka mo\u017ce by\u0107 trudnym, ale satysfakcjonuj\u0105cym przedsi\u0119wzi\u0119ciem. Walijski, j\u0119zyk celtycki u\u017cywany g\u0142\u00f3wnie w\" \/>\n<meta property=\"og:url\" content=\"https:\/\/talkpal.ai\/pl\/cwiczenia-z-gramatyki-walijskiej\/\" \/>\n<meta property=\"og:site_name\" content=\"Talkpal\" \/>\n<meta property=\"article:publisher\" content=\"https:\/\/www.facebook.com\/profile.php?id=100090733639311\" \/>\n<meta property=\"article:modified_time\" content=\"2025-12-17T14:59:53+00:00\" \/>\n<meta property=\"og:image\" content=\"https:\/\/talkpal.ai\/wp-content\/uploads\/2023\/05\/Wales.png\" \/>\n\t<meta property=\"og:image:width\" content=\"512\" \/>\n\t<meta property=\"og:image:height\" content=\"512\" \/>\n\t<meta property=\"og:image:type\" content=\"image\/png\" \/>\n<meta name=\"twitter:card\" content=\"summary_large_image\" \/>\n<meta name=\"twitter:site\" content=\"@talkpalai\" \/>\n<meta name=\"twitter:label1\" content=\"Szacowany czas czytania\" \/>\n\t<meta name=\"twitter:data1\" content=\"3 minuty\" \/>\n<script type=\"application\/ld+json\" class=\"yoast-schema-graph\">{\"@context\":\"https:\/\/schema.org\",\"@graph\":[{\"@type\":\"WebPage\",\"@id\":\"https:\/\/talkpal.ai\/pl\/cwiczenia-z-gramatyki-walijskiej\/\",\"url\":\"https:\/\/talkpal.ai\/pl\/cwiczenia-z-gramatyki-walijskiej\/\",\"name\":\"\u0106wiczenia z gramatyki walijskiej - Talkpal\",\"isPartOf\":{\"@id\":\"https:\/\/talkpal.ai\/pl\/#website\"},\"primaryImageOfPage\":{\"@id\":\"https:\/\/talkpal.ai\/pl\/cwiczenia-z-gramatyki-walijskiej\/#primaryimage\"},\"image\":{\"@id\":\"https:\/\/talkpal.ai\/pl\/cwiczenia-z-gramatyki-walijskiej\/#primaryimage\"},\"thumbnailUrl\":\"https:\/\/talkpal.ai\/wp-content\/uploads\/2023\/05\/Wales.png\",\"datePublished\":\"2023-07-05T11:13:09+00:00\",\"dateModified\":\"2025-12-17T14:59:53+00:00\",\"description\":\"Opanuj podstawy dzi\u0119ki \u0107wiczeniom z gramatyki walijskiej zaprojektowanym tak, aby systematycznie i skutecznie doskonali\u0107 swoje umiej\u0119tno\u015bci j\u0119zykowe.\",\"breadcrumb\":{\"@id\":\"https:\/\/talkpal.ai\/pl\/cwiczenia-z-gramatyki-walijskiej\/#breadcrumb\"},\"inLanguage\":\"pl-PL\",\"potentialAction\":[{\"@type\":\"ReadAction\",\"target\":[\"https:\/\/talkpal.ai\/pl\/cwiczenia-z-gramatyki-walijskiej\/\"]}]},{\"@type\":\"ImageObject\",\"inLanguage\":\"pl-PL\",\"@id\":\"https:\/\/talkpal.ai\/pl\/cwiczenia-z-gramatyki-walijskiej\/#primaryimage\",\"url\":\"https:\/\/talkpal.ai\/wp-content\/uploads\/2023\/05\/Wales.png\",\"contentUrl\":\"https:\/\/talkpal.ai\/wp-content\/uploads\/2023\/05\/Wales.png\",\"width\":512,\"height\":512},{\"@type\":\"BreadcrumbList\",\"@id\":\"https:\/\/talkpal.ai\/pl\/cwiczenia-z-gramatyki-walijskiej\/#breadcrumb\",\"itemListElement\":[{\"@type\":\"ListItem\",\"position\":1,\"name\":\"Homepage\",\"item\":\"https:\/\/talkpal.ai\/pl\/\"},{\"@type\":\"ListItem\",\"position\":2,\"name\":\"\u0106wiczenia z gramatyki walijskiej\"}]},{\"@type\":\"WebSite\",\"@id\":\"https:\/\/talkpal.ai\/pl\/#website\",\"url\":\"https:\/\/talkpal.ai\/pl\/\",\"name\":\"Talkpal\",\"description\":\"AI Language Learning\",\"publisher\":{\"@id\":\"https:\/\/talkpal.ai\/pl\/#organization\"},\"alternateName\":\"Talkpal AI\",\"potentialAction\":[{\"@type\":\"SearchAction\",\"target\":{\"@type\":\"EntryPoint\",\"urlTemplate\":\"https:\/\/talkpal.ai\/pl\/?s={search_term_string}\"},\"query-input\":{\"@type\":\"PropertyValueSpecification\",\"valueRequired\":true,\"valueName\":\"search_term_string\"}}],\"inLanguage\":\"pl-PL\"},{\"@type\":\"Organization\",\"@id\":\"https:\/\/talkpal.ai\/pl\/#organization\",\"name\":\"Talkpal, Inc.\",\"alternateName\":\"Talkpal AI\",\"url\":\"https:\/\/talkpal.ai\/pl\/\",\"logo\":{\"@type\":\"ImageObject\",\"inLanguage\":\"pl-PL\",\"@id\":\"https:\/\/talkpal.ai\/pl\/#\/schema\/logo\/image\/\",\"url\":\"https:\/\/talkpal.ai\/wp-content\/uploads\/2024\/03\/Talkpal-Logo-Icon.png\",\"contentUrl\":\"https:\/\/talkpal.ai\/wp-content\/uploads\/2024\/03\/Talkpal-Logo-Icon.png\",\"width\":2880,\"height\":2880,\"caption\":\"Talkpal, Inc.\"},\"image\":{\"@id\":\"https:\/\/talkpal.ai\/pl\/#\/schema\/logo\/image\/\"},\"sameAs\":[\"https:\/\/www.facebook.com\/profile.php?id=100090733639311\",\"https:\/\/x.com\/talkpalai\",\"https:\/\/www.linkedin.com\/company\/talkpal\/\",\"https:\/\/www.youtube.com\/@TalkPal\/\",\"https:\/\/www.tiktok.com\/@talkpal\",\"https:\/\/www.instagram.com\/talkpal_ai\/\",\"https:\/\/www.crunchbase.com\/organization\/talkpal-9cde\",\"https:\/\/www.g2.com\/products\/talkpal-for-business\/\",\"https:\/\/www.trustpilot.com\/review\/talkpal.ai\",\"https:\/\/www.capterra.com\/p\/10006800\/TalkPal\/\"],\"description\":\"Talkpal is a language learning web and mobile education app, powered by the latest AI technologies, that provides engaging experiences to its customers in many different languages to help them improve their language skills. Users can chat about unlimited amount of topics with the app and use other modes to practice their language learning.\",\"email\":\"support@talkpal.ai\",\"legalName\":\"Talkpal, Inc.\",\"foundingDate\":\"2023-04-03\",\"duns\":\"118989042\",\"numberOfEmployees\":{\"@type\":\"QuantitativeValue\",\"minValue\":\"11\",\"maxValue\":\"50\"},\"publishingPrinciples\":\"https:\/\/talkpal.ai\/publishing-principles\/\",\"actionableFeedbackPolicy\":\"https:\/\/talkpal.ai\/actionable-feedback-policy\/\",\"correctionsPolicy\":\"https:\/\/talkpal.ai\/corrections-policy\/\",\"ethicsPolicy\":\"https:\/\/talkpal.ai\/ethics-policy\/\",\"diversityPolicy\":\"https:\/\/talkpal.ai\/diversity-policy\/\",\"diversityStaffingReport\":\"https:\/\/talkpal.ai\/diversity-policy\/\"}]}<\/script>\n<!-- \/ Yoast SEO Premium plugin. -->","yoast_head_json":{"title":"\u0106wiczenia z gramatyki walijskiej - Talkpal","description":"Opanuj podstawy dzi\u0119ki \u0107wiczeniom z gramatyki walijskiej zaprojektowanym tak, aby systematycznie i skutecznie doskonali\u0107 swoje umiej\u0119tno\u015bci j\u0119zykowe.","robots":{"index":"index","follow":"follow","max-snippet":"max-snippet:-1","max-image-preview":"max-image-preview:large","max-video-preview":"max-video-preview:-1"},"canonical":"https:\/\/talkpal.ai\/pl\/cwiczenia-z-gramatyki-walijskiej\/","og_locale":"pl_PL","og_type":"article","og_title":"\u0106wiczenia z gramatyki walijskiej","og_description":"Zagadnienia gramatyki walijskiej Nauka nowego j\u0119zyka mo\u017ce by\u0107 trudnym, ale satysfakcjonuj\u0105cym przedsi\u0119wzi\u0119ciem. Walijski, j\u0119zyk celtycki u\u017cywany g\u0142\u00f3wnie w","og_url":"https:\/\/talkpal.ai\/pl\/cwiczenia-z-gramatyki-walijskiej\/","og_site_name":"Talkpal","article_publisher":"https:\/\/www.facebook.com\/profile.php?id=100090733639311","article_modified_time":"2025-12-17T14:59:53+00:00","og_image":[{"width":512,"height":512,"url":"https:\/\/talkpal.ai\/wp-content\/uploads\/2023\/05\/Wales.png","type":"image\/png"}],"twitter_card":"summary_large_image","twitter_site":"@talkpalai","twitter_misc":{"Szacowany czas czytania":"3 minuty"},"schema":{"@context":"https:\/\/schema.org","@graph":[{"@type":"WebPage","@id":"https:\/\/talkpal.ai\/pl\/cwiczenia-z-gramatyki-walijskiej\/","url":"https:\/\/talkpal.ai\/pl\/cwiczenia-z-gramatyki-walijskiej\/","name":"\u0106wiczenia z gramatyki walijskiej - Talkpal","isPartOf":{"@id":"https:\/\/talkpal.ai\/pl\/#website"},"primaryImageOfPage":{"@id":"https:\/\/talkpal.ai\/pl\/cwiczenia-z-gramatyki-walijskiej\/#primaryimage"},"image":{"@id":"https:\/\/talkpal.ai\/pl\/cwiczenia-z-gramatyki-walijskiej\/#primaryimage"},"thumbnailUrl":"https:\/\/talkpal.ai\/wp-content\/uploads\/2023\/05\/Wales.png","datePublished":"2023-07-05T11:13:09+00:00","dateModified":"2025-12-17T14:59:53+00:00","description":"Opanuj podstawy dzi\u0119ki \u0107wiczeniom z gramatyki walijskiej zaprojektowanym tak, aby systematycznie i skutecznie doskonali\u0107 swoje umiej\u0119tno\u015bci j\u0119zykowe.","breadcrumb":{"@id":"https:\/\/talkpal.ai\/pl\/cwiczenia-z-gramatyki-walijskiej\/#breadcrumb"},"inLanguage":"pl-PL","potentialAction":[{"@type":"ReadAction","target":["https:\/\/talkpal.ai\/pl\/cwiczenia-z-gramatyki-walijskiej\/"]}]},{"@type":"ImageObject","inLanguage":"pl-PL","@id":"https:\/\/talkpal.ai\/pl\/cwiczenia-z-gramatyki-walijskiej\/#primaryimage","url":"https:\/\/talkpal.ai\/wp-content\/uploads\/2023\/05\/Wales.png","contentUrl":"https:\/\/talkpal.ai\/wp-content\/uploads\/2023\/05\/Wales.png","width":512,"height":512},{"@type":"BreadcrumbList","@id":"https:\/\/talkpal.ai\/pl\/cwiczenia-z-gramatyki-walijskiej\/#breadcrumb","itemListElement":[{"@type":"ListItem","position":1,"name":"Homepage","item":"https:\/\/talkpal.ai\/pl\/"},{"@type":"ListItem","position":2,"name":"\u0106wiczenia z gramatyki walijskiej"}]},{"@type":"WebSite","@id":"https:\/\/talkpal.ai\/pl\/#website","url":"https:\/\/talkpal.ai\/pl\/","name":"Talkpal","description":"AI Language Learning","publisher":{"@id":"https:\/\/talkpal.ai\/pl\/#organization"},"alternateName":"Talkpal AI","potentialAction":[{"@type":"SearchAction","target":{"@type":"EntryPoint","urlTemplate":"https:\/\/talkpal.ai\/pl\/?s={search_term_string}"},"query-input":{"@type":"PropertyValueSpecification","valueRequired":true,"valueName":"search_term_string"}}],"inLanguage":"pl-PL"},{"@type":"Organization","@id":"https:\/\/talkpal.ai\/pl\/#organization","name":"Talkpal, Inc.","alternateName":"Talkpal AI","url":"https:\/\/talkpal.ai\/pl\/","logo":{"@type":"ImageObject","inLanguage":"pl-PL","@id":"https:\/\/talkpal.ai\/pl\/#\/schema\/logo\/image\/","url":"https:\/\/talkpal.ai\/wp-content\/uploads\/2024\/03\/Talkpal-Logo-Icon.png","contentUrl":"https:\/\/talkpal.ai\/wp-content\/uploads\/2024\/03\/Talkpal-Logo-Icon.png","width":2880,"height":2880,"caption":"Talkpal, Inc."},"image":{"@id":"https:\/\/talkpal.ai\/pl\/#\/schema\/logo\/image\/"},"sameAs":["https:\/\/www.facebook.com\/profile.php?id=100090733639311","https:\/\/x.com\/talkpalai","https:\/\/www.linkedin.com\/company\/talkpal\/","https:\/\/www.youtube.com\/@TalkPal\/","https:\/\/www.tiktok.com\/@talkpal","https:\/\/www.instagram.com\/talkpal_ai\/","https:\/\/www.crunchbase.com\/organization\/talkpal-9cde","https:\/\/www.g2.com\/products\/talkpal-for-business\/","https:\/\/www.trustpilot.com\/review\/talkpal.ai","https:\/\/www.capterra.com\/p\/10006800\/TalkPal\/"],"description":"Talkpal is a language learning web and mobile education app, powered by the latest AI technologies, that provides engaging experiences to its customers in many different languages to help them improve their language skills. Users can chat about unlimited amount of topics with the app and use other modes to practice their language learning.","email":"support@talkpal.ai","legalName":"Talkpal, Inc.","foundingDate":"2023-04-03","duns":"118989042","numberOfEmployees":{"@type":"QuantitativeValue","minValue":"11","maxValue":"50"},"publishingPrinciples":"https:\/\/talkpal.ai\/publishing-principles\/","actionableFeedbackPolicy":"https:\/\/talkpal.ai\/actionable-feedback-policy\/","correctionsPolicy":"https:\/\/talkpal.ai\/corrections-policy\/","ethicsPolicy":"https:\/\/talkpal.ai\/ethics-policy\/","diversityPolicy":"https:\/\/talkpal.ai\/diversity-policy\/","diversityStaffingReport":"https:\/\/talkpal.ai\/diversity-policy\/"}]}},"_links":{"self":[{"href":"https:\/\/talkpal.ai\/pl\/wp-json\/wp\/v2\/pages\/154503","targetHints":{"allow":["GET"]}}],"collection":[{"href":"https:\/\/talkpal.ai\/pl\/wp-json\/wp\/v2\/pages"}],"about":[{"href":"https:\/\/talkpal.ai\/pl\/wp-json\/wp\/v2\/types\/page"}],"author":[{"embeddable":true,"href":"https:\/\/talkpal.ai\/pl\/wp-json\/wp\/v2\/users\/6"}],"replies":[{"embeddable":true,"href":"https:\/\/talkpal.ai\/pl\/wp-json\/wp\/v2\/comments?post=154503"}],"version-history":[{"count":0,"href":"https:\/\/talkpal.ai\/pl\/wp-json\/wp\/v2\/pages\/154503\/revisions"}],"wp:featuredmedia":[{"embeddable":true,"href":"https:\/\/talkpal.ai\/pl\/wp-json\/wp\/v2\/media\/121761"}],"wp:attachment":[{"href":"https:\/\/talkpal.ai\/pl\/wp-json\/wp\/v2\/media?parent=154503"}],"curies":[{"name":"wp","href":"https:\/\/api.w.org\/{rel}","templated":true}]}}