{"id":154213,"date":"2023-06-16T11:18:42","date_gmt":"2023-06-16T11:18:42","guid":{"rendered":"http:\/\/talkpal.ai\/cwiczenia-gramatyczne-afrikaans\/"},"modified":"2025-05-23T14:06:36","modified_gmt":"2025-05-23T14:06:36","slug":"cwiczenia-gramatyczne-afrikaans","status":"publish","type":"page","link":"https:\/\/talkpal.ai\/pl\/cwiczenia-gramatyczne-afrikaans\/","title":{"rendered":"\u0106wiczenia gramatyczne afrikaans"},"content":{"rendered":"\r\n\r\n\r\n<section class=\"languageChallengeSection\">\r\n    <div class=\"languageInfoWrapper\">\r\n        \r\n        <h1>\u0106wiczenia gramatyczne afrikaans<\/h1>\r\n        <p>Gotowy do rozwijania swoich umiej\u0119tno\u015bci <a href=\"https:\/\/talkpal.ai\/learn-afrikaans\/\">afrikaans<\/a>? \u0106wiczenie gramatyki to \u015bwietny spos\u00f3b na opanowanie struktury zda\u0144, form czasownik\u00f3w i unikalnych cech j\u0119zyka <a href=\"https:\/\/talkpal.ai\/learn-afrikaans\/\">afrikaans<\/a>. Zacznij pracowa\u0107 nad gramatyk\u0105 afrikaans ju\u017c dzi\u015b i obserwuj, jak twoja pewno\u015b\u0107 siebie i p\u0142ynno\u015b\u0107 rosn\u0105 z ka\u017cdym \u0107wiczeniem!\n\n<\/p>\r\n\r\n                            <a class=\"getStartedHidden\" href=\"https:\/\/app.talkpal.ai\/pl\/signup?lng=\">Zaczynaj<\/a>\r\n        \r\n    <\/div>\r\n\r\n    <figure>\r\n    <img decoding=\"async\" width=\"768\" height=\"768\" src=\"https:\/\/talkpal.ai\/wp-content\/uploads\/2023\/06\/afrikaans-768x768.png\" class=\"languageImage no-lazy\" alt=\"Language learning for improved focus\" fetchpriority=\"high\" sizes=\"(max-width: 768px) 150px, 768px\" srcset=\"https:\/\/talkpal.ai\/wp-content\/uploads\/2023\/06\/afrikaans-768x768.png 768w, https:\/\/talkpal.ai\/wp-content\/uploads\/2023\/06\/afrikaans-300x300.png 300w\" \/>\r\n    \r\n\r\n    <\/figure>\r\n\r\n            <a class=\"getStartedVisible\" href=\"https:\/\/app.talkpal.ai\/pl\/signup?lng=\">Zaczynaj<\/a>\r\n    \r\n<\/section>\r\n\r\n\r\n<!-- <section class=\"grammarSection\">\r\n    <div class=\"grammarLinks\">\r\n            <\/div>\r\n<\/section> -->\r\n\r\n\r\n\r\n\r\n<section class=\"promotionalBanner\">\r\n    <p class=\"promotionalText\">Najbardziej efektywny spos\u00f3b nauki j\u0119zyka<\/p>\r\n    <a class=\"promotionalLink\" href=\"https:\/\/app.talkpal.ai\/pl\/signup?lng=\">Wypr\u00f3buj Talkpal za darmo<\/a>\r\n<\/section>\n<div class=\"wp-block-group pageContainerStyle\"><div class=\"wp-block-group__inner-container is-layout-constrained wp-block-group-is-layout-constrained\">\n<h2 class=\"wp-block-heading\" id=\"h-afrikaans-grammar-topics\">Zagadnienia gramatyczne afrikaans<\/h2>\n\n\n\n<p>Afrikaans, j\u0119zyk zachodniogerma\u0144ski, jest jednym z jedenastu j\u0119zyk\u00f3w urz\u0119dowych Republiki Po\u0142udniowej Afryki i pos\u0142uguje si\u0119 nim oko\u0142o 6 milion\u00f3w ludzi. <a href=\"https:\/\/talkpal.ai\/afrikaans-grammar\/\">Nauka j\u0119zyka afrikaans<\/a> mo\u017ce by\u0107 wzbogacaj\u0105cym i satysfakcjonuj\u0105cym do\u015bwiadczeniem, poniewa\u017c m\u00f3wi si\u0119 nim nie tylko w RPA, ale tak\u017ce w Namibii i w mniejszym stopniu w Zimbabwe i Botswanie. J\u0119zyk jest stosunkowo \u0142atwy do nauczenia, szczeg\u00f3lnie dla os\u00f3b angloj\u0119zycznych, poniewa\u017c ma uproszczon\u0105 gramatyk\u0119 i dzieli wiele s\u0142\u00f3w z angielskim i holenderskim. W tym przewodniku przeprowadzimy Ci\u0119 przez podstawowe zagadnienia gramatyczne afrikaans, kt\u00f3re musisz opanowa\u0107, aby p\u0142ynnie m\u00f3wi\u0107 i rozumie\u0107 j\u0119zyk.<\/p>\n\n\n\n<h3 class=\"wp-block-heading\" id=\"h-1-nouns-and-articles\">1. Rzeczowniki i rodzajniki:<\/h3>\n\n\n\n<p>W j\u0119zyku afrikaans rzeczowniki nie maj\u0105 rodzaju, co u\u0142atwia nauk\u0119 w por\u00f3wnaniu z innymi j\u0119zykami germa\u0144skimi. Przedimki s\u0105 r\u00f3wnie\u017c proste, z &#8222;die&#8221; jako przedimkiem okre\u015blonym i &#8222;n&#8221; lub &#8222;een&#8221; jako przedimkiem nieokre\u015blonym.<\/p>\n\n\n\n<h3 class=\"wp-block-heading\" id=\"h-2-pronouns-determiners\">2. Zaimki\/okre\u015blniki:<\/h3>\n\n\n\n<p>Zaimki to s\u0142owa, kt\u00f3re zast\u0119puj\u0105 rzeczowniki i pomagaj\u0105 unikn\u0105\u0107 powt\u00f3rze\u0144 w zdaniu. Afrikaans ma zaimki osobowe, dzier\u017cawcze, wskazuj\u0105ce i pytaj\u0105ce, kt\u00f3re s\u0105 niezb\u0119dne do tworzenia zda\u0144.<\/p>\n\n\n\n<h3 class=\"wp-block-heading\" id=\"h-3-adjectives\">3. Przymiotniki:<\/h3>\n\n\n\n<p>Przymiotniki opisuj\u0105 lub modyfikuj\u0105 rzeczowniki. W j\u0119zyku afrikaans zwykle wyst\u0119puj\u0105 przed rzeczownikiem i zgadzaj\u0105 si\u0119 z nim co do liczby. Nie ma zgody co do p\u0142ci, co u\u0142atwia nauk\u0119.<\/p>\n\n\n\n<h3 class=\"wp-block-heading\" id=\"h-4-verbs\">4. Czasowniki:<\/h3>\n\n\n\n<p>Czasowniki s\u0105 s\u0142owami czynno\u015bci i s\u0105 niezb\u0119dne w tworzeniu zda\u0144. W j\u0119zyku afrikaans czasowniki nie odmieniaj\u0105 si\u0119 zgodnie z podmiotem, co sprawia, \u017ce jest on \u0142atwiejszy do nauczenia si\u0119 ni\u017c inne j\u0119zyki. Czasowniki regularne maj\u0105 prosty wz\u00f3r, podczas gdy czasowniki nieregularne musz\u0105 by\u0107 zapami\u0119tywane.<\/p>\n\n\n\n<h3 class=\"wp-block-heading\" id=\"h-5-tenses-and-tense-comparison\">5. Czasy i por\u00f3wnanie czas\u00f3w:<\/h3>\n\n\n\n<p>W j\u0119zyku afrikaans wyst\u0119puj\u0105 trzy g\u0142\u00f3wne czasy: przesz\u0142y, tera\u017aniejszy i przysz\u0142y. Nauczenie si\u0119, jak tworzy\u0107 i por\u00f3wnywa\u0107 te czasy, ma kluczowe znaczenie dla zrozumienia i m\u00f3wienia w j\u0119zyku.<\/p>\n\n\n\n<h3 class=\"wp-block-heading\" id=\"h-6-progressive-and-perfect-progressive\">6. Progresywny i doskona\u0142y progresywny:<\/h3>\n\n\n\n<p>Czas progresywny jest u\u017cywany do opisania trwaj\u0105cych dzia\u0142a\u0144, podczas gdy czas dokonany progresywny wskazuje dzia\u0142ania, kt\u00f3re zosta\u0142y zako\u0144czone. Nauka tych czas\u00f3w pomaga jasno wyra\u017ca\u0107 dzia\u0142ania.<\/p>\n\n\n\n<h3 class=\"wp-block-heading\" id=\"h-7-adverbs\">7. Przys\u0142\u00f3wki:<\/h3>\n\n\n\n<p>Przys\u0142\u00f3wki modyfikuj\u0105 czasowniki, przymiotniki lub inne przys\u0142\u00f3wki, dostarczaj\u0105c wi\u0119cej informacji o akcji, jako\u015bci lub sposobie. S\u0105 one wa\u017cne dla dodania szczeg\u00f3\u0142\u00f3w do zda\u0144.<\/p>\n\n\n\n<h3 class=\"wp-block-heading\" id=\"h-8-prepositions\">8. Przyimki:<\/h3>\n\n\n\n<p>Przyimki to s\u0142owa, kt\u00f3re pokazuj\u0105 zwi\u0105zek mi\u0119dzy rzeczownikami lub zaimkami a innymi s\u0142owami w zdaniu. Maj\u0105 kluczowe znaczenie dla wyra\u017cania lokalizacji, kierunku, czasu i innych relacji.<\/p>\n\n\n\n<h3 class=\"wp-block-heading\" id=\"h-9-conditionals\">9. Warunki szczeg\u00f3\u0142owe:<\/h3>\n\n\n\n<p>Zdania warunkowe wyra\u017caj\u0105 czynno\u015b\u0107 lub stan, kt\u00f3ry zale\u017cy od spe\u0142nienia warunku. <a href=\"https:\/\/talkpal.ai\/pl\/uczenie-sie\/\">Uczenie si\u0119<\/a> instrukcji warunkowych pomaga wyrazi\u0107 hipotetyczne sytuacje i konsekwencje.<\/p>\n\n\n\n<h3 class=\"wp-block-heading\" id=\"h-10-sentences\">10. Zdania:<\/h3>\n\n\n\n<p>Zrozumienie struktury zda\u0144 afrikaans ma kluczowe znaczenie dla tworzenia w\u0142asnych zda\u0144 i rozumienia tego, co m\u00f3wi\u0105 inni. Wiedza o tym, jak korzysta\u0107 ze wszystkich wy\u017cej wymienionych element\u00f3w gramatycznych, pomo\u017ce Ci stworzy\u0107 jasne i sp\u00f3jne zdania.<\/p>\n<\/div><\/div>\n\r\n<section class=\"learnNavigationSection\">\r\n            \r\n        <a href=\"https:\/\/talkpal.ai\/pl\/naucz-sie-afrikaans\/\">\r\n            <div class=\"learnNavigationWrapper\">\r\n                <div class=\"learnNavigationContent\">\r\n                    <img decoding=\"async\" src=\"https:\/\/talkpal.ai\/wp-content\/uploads\/2024\/08\/Afrikaans.jpg\" alt=\"South Africa Flag\">\r\n                    <div>\r\n                        <h4>O nauce j\u0119zyka afrikaans<\/h4>\r\n                        <p>Dowiedz si\u0119 wszystkiego o gramatyce afrikaans.<\/p>\r\n                    <\/div>\r\n                <\/div>\r\n            <\/div>\r\n        <\/a>\r\n\r\n        \r\n        <a href=\"https:\/\/talkpal.ai\/pl\/gramatyka-afrikaans\/\">\r\n            <div class=\"learnNavigationWrapper\">\r\n                <div class=\"learnNavigationContent\">\r\n                    <img decoding=\"async\" src=\"https:\/\/talkpal.ai\/wp-content\/uploads\/2024\/08\/Afrikaans.jpg\" alt=\"South Africa Flag\">\r\n                    <div>\r\n                        <h4>Lekcje gramatyki afrikaans<\/h4>\r\n                        <p>\u0106wicz gramatyk\u0119 afrikaans.<\/p>\r\n                    <\/div>\r\n                <\/div>\r\n            <\/div>\r\n        <\/a>\r\n\r\n        \r\n        <a href=\"https:\/\/talkpal.ai\/vocabulary_language\/afrikaans\/\">\r\n            <div class=\"learnNavigationWrapper\">\r\n                <div class=\"learnNavigationContent\">\r\n                    <img decoding=\"async\" src=\"https:\/\/talkpal.ai\/wp-content\/uploads\/2024\/08\/Afrikaans.jpg\" alt=\"South Africa Flag\">\r\n                    <div>\r\n                        <h4>S\u0142ownictwo w j\u0119zyku afrikaans<\/h4>\r\n                        <p>Poszerz swoje s\u0142ownictwo w j\u0119zyku afrikaans.<\/p>\r\n                    <\/div>\r\n                <\/div>\r\n            <\/div>\r\n        <\/a>\r\n\r\n            <\/section>","protected":false},"excerpt":{"rendered":"<p>Zagadnienia gramatyczne afrikaans Afrikaans, j\u0119zyk zachodniogerma\u0144ski, jest jednym z jedenastu j\u0119zyk\u00f3w urz\u0119dowych Republiki Po\u0142udniowej Afryki i pos\u0142uguje si\u0119 nim oko\u0142o 6 milion\u00f3w ludzi. Nauka j\u0119zyka afrikaans mo\u017ce by\u0107 wzbogacaj\u0105cym i satysfakcjonuj\u0105cym do\u015bwiadczeniem, poniewa\u017c m\u00f3wi si\u0119 nim nie tylko w RPA, ale tak\u017ce w Namibii i w mniejszym stopniu w Zimbabwe i Botswanie. J\u0119zyk jest stosunkowo [&hellip;]<\/p>\n","protected":false},"author":6,"featured_media":108913,"parent":0,"menu_order":0,"comment_status":"closed","ping_status":"closed","template":"LearningContentPage.php","meta":{"_acf_changed":false,"footnotes":""},"class_list":["post-154213","page","type-page","status-publish","has-post-thumbnail","hentry"],"acf":[],"yoast_head":"<!-- This site is optimized with the Yoast SEO Premium plugin v27.2 (Yoast SEO v27.2) - https:\/\/yoast.com\/product\/yoast-seo-premium-wordpress\/ -->\n<title>\u0106wiczenia gramatyczne afrikaans - Talkpal<\/title>\n<meta name=\"description\" content=\"Opanuj j\u0119zyk afrikaans dzi\u0119ki ciekawym \u0107wiczeniom gramatycznym w tym j\u0119zyku, kt\u00f3re pomog\u0105 ci rozwin\u0105\u0107 umiej\u0119tno\u015bci j\u0119zykowe i p\u0142ynno\u015b\u0107 m\u00f3wienia.\" \/>\n<meta name=\"robots\" content=\"index, follow, max-snippet:-1, max-image-preview:large, max-video-preview:-1\" \/>\n<link rel=\"canonical\" href=\"https:\/\/talkpal.ai\/pl\/cwiczenia-gramatyczne-afrikaans\/\" \/>\n<meta property=\"og:locale\" content=\"pl_PL\" \/>\n<meta property=\"og:type\" content=\"article\" \/>\n<meta property=\"og:title\" content=\"\u0106wiczenia gramatyczne afrikaans\" \/>\n<meta property=\"og:description\" content=\"Zagadnienia gramatyczne afrikaans Afrikaans, j\u0119zyk zachodniogerma\u0144ski, jest jednym z jedenastu j\u0119zyk\u00f3w urz\u0119dowych Republiki Po\u0142udniowej Afryki i pos\u0142uguje\" \/>\n<meta property=\"og:url\" content=\"https:\/\/talkpal.ai\/pl\/cwiczenia-gramatyczne-afrikaans\/\" \/>\n<meta property=\"og:site_name\" content=\"Talkpal\" \/>\n<meta property=\"article:publisher\" content=\"https:\/\/www.facebook.com\/profile.php?id=100090733639311\" \/>\n<meta property=\"article:modified_time\" content=\"2025-05-23T14:06:36+00:00\" \/>\n<meta property=\"og:image\" content=\"https:\/\/talkpal.ai\/wp-content\/uploads\/2023\/05\/south-africa.png\" \/>\n\t<meta property=\"og:image:width\" content=\"512\" \/>\n\t<meta property=\"og:image:height\" content=\"512\" \/>\n\t<meta property=\"og:image:type\" content=\"image\/png\" \/>\n<meta name=\"twitter:card\" content=\"summary_large_image\" \/>\n<meta name=\"twitter:site\" content=\"@talkpalai\" \/>\n<meta name=\"twitter:label1\" content=\"Szacowany czas czytania\" \/>\n\t<meta name=\"twitter:data1\" content=\"3 minuty\" \/>\n<script type=\"application\/ld+json\" class=\"yoast-schema-graph\">{\"@context\":\"https:\/\/schema.org\",\"@graph\":[{\"@type\":\"WebPage\",\"@id\":\"https:\/\/talkpal.ai\/pl\/cwiczenia-gramatyczne-afrikaans\/\",\"url\":\"https:\/\/talkpal.ai\/pl\/cwiczenia-gramatyczne-afrikaans\/\",\"name\":\"\u0106wiczenia gramatyczne afrikaans - Talkpal\",\"isPartOf\":{\"@id\":\"https:\/\/talkpal.ai\/pl\/#website\"},\"primaryImageOfPage\":{\"@id\":\"https:\/\/talkpal.ai\/pl\/cwiczenia-gramatyczne-afrikaans\/#primaryimage\"},\"image\":{\"@id\":\"https:\/\/talkpal.ai\/pl\/cwiczenia-gramatyczne-afrikaans\/#primaryimage\"},\"thumbnailUrl\":\"https:\/\/talkpal.ai\/wp-content\/uploads\/2023\/05\/south-africa.png\",\"datePublished\":\"2023-06-16T11:18:42+00:00\",\"dateModified\":\"2025-05-23T14:06:36+00:00\",\"description\":\"Opanuj j\u0119zyk afrikaans dzi\u0119ki ciekawym \u0107wiczeniom gramatycznym w tym j\u0119zyku, kt\u00f3re pomog\u0105 ci rozwin\u0105\u0107 umiej\u0119tno\u015bci j\u0119zykowe i p\u0142ynno\u015b\u0107 m\u00f3wienia.\",\"breadcrumb\":{\"@id\":\"https:\/\/talkpal.ai\/pl\/cwiczenia-gramatyczne-afrikaans\/#breadcrumb\"},\"inLanguage\":\"pl-PL\",\"potentialAction\":[{\"@type\":\"ReadAction\",\"target\":[\"https:\/\/talkpal.ai\/pl\/cwiczenia-gramatyczne-afrikaans\/\"]}]},{\"@type\":\"ImageObject\",\"inLanguage\":\"pl-PL\",\"@id\":\"https:\/\/talkpal.ai\/pl\/cwiczenia-gramatyczne-afrikaans\/#primaryimage\",\"url\":\"https:\/\/talkpal.ai\/wp-content\/uploads\/2023\/05\/south-africa.png\",\"contentUrl\":\"https:\/\/talkpal.ai\/wp-content\/uploads\/2023\/05\/south-africa.png\",\"width\":512,\"height\":512},{\"@type\":\"BreadcrumbList\",\"@id\":\"https:\/\/talkpal.ai\/pl\/cwiczenia-gramatyczne-afrikaans\/#breadcrumb\",\"itemListElement\":[{\"@type\":\"ListItem\",\"position\":1,\"name\":\"Homepage\",\"item\":\"https:\/\/talkpal.ai\/pl\/\"},{\"@type\":\"ListItem\",\"position\":2,\"name\":\"\u0106wiczenia gramatyczne afrikaans\"}]},{\"@type\":\"WebSite\",\"@id\":\"https:\/\/talkpal.ai\/pl\/#website\",\"url\":\"https:\/\/talkpal.ai\/pl\/\",\"name\":\"Talkpal\",\"description\":\"AI Language Learning\",\"publisher\":{\"@id\":\"https:\/\/talkpal.ai\/pl\/#organization\"},\"alternateName\":\"Talkpal AI\",\"potentialAction\":[{\"@type\":\"SearchAction\",\"target\":{\"@type\":\"EntryPoint\",\"urlTemplate\":\"https:\/\/talkpal.ai\/pl\/?s={search_term_string}\"},\"query-input\":{\"@type\":\"PropertyValueSpecification\",\"valueRequired\":true,\"valueName\":\"search_term_string\"}}],\"inLanguage\":\"pl-PL\"},{\"@type\":\"Organization\",\"@id\":\"https:\/\/talkpal.ai\/pl\/#organization\",\"name\":\"Talkpal, Inc.\",\"alternateName\":\"Talkpal AI\",\"url\":\"https:\/\/talkpal.ai\/pl\/\",\"logo\":{\"@type\":\"ImageObject\",\"inLanguage\":\"pl-PL\",\"@id\":\"https:\/\/talkpal.ai\/pl\/#\/schema\/logo\/image\/\",\"url\":\"https:\/\/talkpal.ai\/wp-content\/uploads\/2024\/03\/Talkpal-Logo-Icon.png\",\"contentUrl\":\"https:\/\/talkpal.ai\/wp-content\/uploads\/2024\/03\/Talkpal-Logo-Icon.png\",\"width\":2880,\"height\":2880,\"caption\":\"Talkpal, Inc.\"},\"image\":{\"@id\":\"https:\/\/talkpal.ai\/pl\/#\/schema\/logo\/image\/\"},\"sameAs\":[\"https:\/\/www.facebook.com\/profile.php?id=100090733639311\",\"https:\/\/x.com\/talkpalai\",\"https:\/\/www.linkedin.com\/company\/talkpal\/\",\"https:\/\/www.youtube.com\/@TalkPal\/\",\"https:\/\/www.tiktok.com\/@talkpal\",\"https:\/\/www.instagram.com\/talkpal_ai\/\",\"https:\/\/www.crunchbase.com\/organization\/talkpal-9cde\",\"https:\/\/www.g2.com\/products\/talkpal-for-business\/\",\"https:\/\/www.trustpilot.com\/review\/talkpal.ai\",\"https:\/\/www.capterra.com\/p\/10006800\/TalkPal\/\"],\"description\":\"Talkpal is a language learning web and mobile education app, powered by the latest AI technologies, that provides engaging experiences to its customers in many different languages to help them improve their language skills. Users can chat about unlimited amount of topics with the app and use other modes to practice their language learning.\",\"email\":\"support@talkpal.ai\",\"legalName\":\"Talkpal, Inc.\",\"foundingDate\":\"2023-04-03\",\"duns\":\"118989042\",\"numberOfEmployees\":{\"@type\":\"QuantitativeValue\",\"minValue\":\"11\",\"maxValue\":\"50\"},\"publishingPrinciples\":\"https:\/\/talkpal.ai\/publishing-principles\/\",\"actionableFeedbackPolicy\":\"https:\/\/talkpal.ai\/actionable-feedback-policy\/\",\"correctionsPolicy\":\"https:\/\/talkpal.ai\/corrections-policy\/\",\"ethicsPolicy\":\"https:\/\/talkpal.ai\/ethics-policy\/\",\"diversityPolicy\":\"https:\/\/talkpal.ai\/diversity-policy\/\",\"diversityStaffingReport\":\"https:\/\/talkpal.ai\/diversity-policy\/\"}]}<\/script>\n<!-- \/ Yoast SEO Premium plugin. -->","yoast_head_json":{"title":"\u0106wiczenia gramatyczne afrikaans - Talkpal","description":"Opanuj j\u0119zyk afrikaans dzi\u0119ki ciekawym \u0107wiczeniom gramatycznym w tym j\u0119zyku, kt\u00f3re pomog\u0105 ci rozwin\u0105\u0107 umiej\u0119tno\u015bci j\u0119zykowe i p\u0142ynno\u015b\u0107 m\u00f3wienia.","robots":{"index":"index","follow":"follow","max-snippet":"max-snippet:-1","max-image-preview":"max-image-preview:large","max-video-preview":"max-video-preview:-1"},"canonical":"https:\/\/talkpal.ai\/pl\/cwiczenia-gramatyczne-afrikaans\/","og_locale":"pl_PL","og_type":"article","og_title":"\u0106wiczenia gramatyczne afrikaans","og_description":"Zagadnienia gramatyczne afrikaans Afrikaans, j\u0119zyk zachodniogerma\u0144ski, jest jednym z jedenastu j\u0119zyk\u00f3w urz\u0119dowych Republiki Po\u0142udniowej Afryki i pos\u0142uguje","og_url":"https:\/\/talkpal.ai\/pl\/cwiczenia-gramatyczne-afrikaans\/","og_site_name":"Talkpal","article_publisher":"https:\/\/www.facebook.com\/profile.php?id=100090733639311","article_modified_time":"2025-05-23T14:06:36+00:00","og_image":[{"width":512,"height":512,"url":"https:\/\/talkpal.ai\/wp-content\/uploads\/2023\/05\/south-africa.png","type":"image\/png"}],"twitter_card":"summary_large_image","twitter_site":"@talkpalai","twitter_misc":{"Szacowany czas czytania":"3 minuty"},"schema":{"@context":"https:\/\/schema.org","@graph":[{"@type":"WebPage","@id":"https:\/\/talkpal.ai\/pl\/cwiczenia-gramatyczne-afrikaans\/","url":"https:\/\/talkpal.ai\/pl\/cwiczenia-gramatyczne-afrikaans\/","name":"\u0106wiczenia gramatyczne afrikaans - Talkpal","isPartOf":{"@id":"https:\/\/talkpal.ai\/pl\/#website"},"primaryImageOfPage":{"@id":"https:\/\/talkpal.ai\/pl\/cwiczenia-gramatyczne-afrikaans\/#primaryimage"},"image":{"@id":"https:\/\/talkpal.ai\/pl\/cwiczenia-gramatyczne-afrikaans\/#primaryimage"},"thumbnailUrl":"https:\/\/talkpal.ai\/wp-content\/uploads\/2023\/05\/south-africa.png","datePublished":"2023-06-16T11:18:42+00:00","dateModified":"2025-05-23T14:06:36+00:00","description":"Opanuj j\u0119zyk afrikaans dzi\u0119ki ciekawym \u0107wiczeniom gramatycznym w tym j\u0119zyku, kt\u00f3re pomog\u0105 ci rozwin\u0105\u0107 umiej\u0119tno\u015bci j\u0119zykowe i p\u0142ynno\u015b\u0107 m\u00f3wienia.","breadcrumb":{"@id":"https:\/\/talkpal.ai\/pl\/cwiczenia-gramatyczne-afrikaans\/#breadcrumb"},"inLanguage":"pl-PL","potentialAction":[{"@type":"ReadAction","target":["https:\/\/talkpal.ai\/pl\/cwiczenia-gramatyczne-afrikaans\/"]}]},{"@type":"ImageObject","inLanguage":"pl-PL","@id":"https:\/\/talkpal.ai\/pl\/cwiczenia-gramatyczne-afrikaans\/#primaryimage","url":"https:\/\/talkpal.ai\/wp-content\/uploads\/2023\/05\/south-africa.png","contentUrl":"https:\/\/talkpal.ai\/wp-content\/uploads\/2023\/05\/south-africa.png","width":512,"height":512},{"@type":"BreadcrumbList","@id":"https:\/\/talkpal.ai\/pl\/cwiczenia-gramatyczne-afrikaans\/#breadcrumb","itemListElement":[{"@type":"ListItem","position":1,"name":"Homepage","item":"https:\/\/talkpal.ai\/pl\/"},{"@type":"ListItem","position":2,"name":"\u0106wiczenia gramatyczne afrikaans"}]},{"@type":"WebSite","@id":"https:\/\/talkpal.ai\/pl\/#website","url":"https:\/\/talkpal.ai\/pl\/","name":"Talkpal","description":"AI Language Learning","publisher":{"@id":"https:\/\/talkpal.ai\/pl\/#organization"},"alternateName":"Talkpal AI","potentialAction":[{"@type":"SearchAction","target":{"@type":"EntryPoint","urlTemplate":"https:\/\/talkpal.ai\/pl\/?s={search_term_string}"},"query-input":{"@type":"PropertyValueSpecification","valueRequired":true,"valueName":"search_term_string"}}],"inLanguage":"pl-PL"},{"@type":"Organization","@id":"https:\/\/talkpal.ai\/pl\/#organization","name":"Talkpal, Inc.","alternateName":"Talkpal AI","url":"https:\/\/talkpal.ai\/pl\/","logo":{"@type":"ImageObject","inLanguage":"pl-PL","@id":"https:\/\/talkpal.ai\/pl\/#\/schema\/logo\/image\/","url":"https:\/\/talkpal.ai\/wp-content\/uploads\/2024\/03\/Talkpal-Logo-Icon.png","contentUrl":"https:\/\/talkpal.ai\/wp-content\/uploads\/2024\/03\/Talkpal-Logo-Icon.png","width":2880,"height":2880,"caption":"Talkpal, Inc."},"image":{"@id":"https:\/\/talkpal.ai\/pl\/#\/schema\/logo\/image\/"},"sameAs":["https:\/\/www.facebook.com\/profile.php?id=100090733639311","https:\/\/x.com\/talkpalai","https:\/\/www.linkedin.com\/company\/talkpal\/","https:\/\/www.youtube.com\/@TalkPal\/","https:\/\/www.tiktok.com\/@talkpal","https:\/\/www.instagram.com\/talkpal_ai\/","https:\/\/www.crunchbase.com\/organization\/talkpal-9cde","https:\/\/www.g2.com\/products\/talkpal-for-business\/","https:\/\/www.trustpilot.com\/review\/talkpal.ai","https:\/\/www.capterra.com\/p\/10006800\/TalkPal\/"],"description":"Talkpal is a language learning web and mobile education app, powered by the latest AI technologies, that provides engaging experiences to its customers in many different languages to help them improve their language skills. Users can chat about unlimited amount of topics with the app and use other modes to practice their language learning.","email":"support@talkpal.ai","legalName":"Talkpal, Inc.","foundingDate":"2023-04-03","duns":"118989042","numberOfEmployees":{"@type":"QuantitativeValue","minValue":"11","maxValue":"50"},"publishingPrinciples":"https:\/\/talkpal.ai\/publishing-principles\/","actionableFeedbackPolicy":"https:\/\/talkpal.ai\/actionable-feedback-policy\/","correctionsPolicy":"https:\/\/talkpal.ai\/corrections-policy\/","ethicsPolicy":"https:\/\/talkpal.ai\/ethics-policy\/","diversityPolicy":"https:\/\/talkpal.ai\/diversity-policy\/","diversityStaffingReport":"https:\/\/talkpal.ai\/diversity-policy\/"}]}},"_links":{"self":[{"href":"https:\/\/talkpal.ai\/pl\/wp-json\/wp\/v2\/pages\/154213","targetHints":{"allow":["GET"]}}],"collection":[{"href":"https:\/\/talkpal.ai\/pl\/wp-json\/wp\/v2\/pages"}],"about":[{"href":"https:\/\/talkpal.ai\/pl\/wp-json\/wp\/v2\/types\/page"}],"author":[{"embeddable":true,"href":"https:\/\/talkpal.ai\/pl\/wp-json\/wp\/v2\/users\/6"}],"replies":[{"embeddable":true,"href":"https:\/\/talkpal.ai\/pl\/wp-json\/wp\/v2\/comments?post=154213"}],"version-history":[{"count":0,"href":"https:\/\/talkpal.ai\/pl\/wp-json\/wp\/v2\/pages\/154213\/revisions"}],"wp:featuredmedia":[{"embeddable":true,"href":"https:\/\/talkpal.ai\/pl\/wp-json\/wp\/v2\/media\/108913"}],"wp:attachment":[{"href":"https:\/\/talkpal.ai\/pl\/wp-json\/wp\/v2\/media?parent=154213"}],"curies":[{"name":"wp","href":"https:\/\/api.w.org\/{rel}","templated":true}]}}