{"id":153694,"date":"2023-05-14T14:25:05","date_gmt":"2023-05-14T14:25:05","guid":{"rendered":"http:\/\/talkpal.ai\/gramatyka-suahili\/"},"modified":"2025-12-13T15:50:44","modified_gmt":"2025-12-13T15:50:44","slug":"gramatyka-suahili","status":"publish","type":"page","link":"https:\/\/talkpal.ai\/pl\/gramatyka-suahili\/","title":{"rendered":"Gramatyka suahili"},"content":{"rendered":"\r\n\r\n\r\n<section class=\"languageChallengeSection\">\r\n    <div class=\"languageInfoWrapper\">\r\n        \r\n        <h1>Gramatyka suahili<\/h1>\r\n        <p>Odkryj sekrety gramatyki <a href=\"https:\/\/talkpal.ai\/learn-swahili\/\">suahili<\/a> i popraw swoje umiej\u0119tno\u015bci j\u0119zykowe dzi\u0119ki wci\u0105gaj\u0105cym lekcjom i przyk\u0142adom z \u017cycia wzi\u0119tym. Zanurz si\u0119 w podstawach struktury zda\u0144, wzorc\u00f3w czasownik\u00f3w i podstawowych zasad gramatyki. \u0106wicz to, czego si\u0119 nauczy\u0142e\u015b, dzi\u0119ki interaktywnym \u0107wiczeniom zaprojektowanym w celu wzmocnienia zrozumienia. Zacznij opanowywa\u0107 gramatyk\u0119 suahili ju\u017c dzi\u015b i komunikuj si\u0119 pewniej!<\/p>\r\n\r\n                            <a class=\"getStartedHidden\" href=\"https:\/\/app.talkpal.ai\/pl\/signup?lng=\">Zaczynaj<\/a>\r\n        \r\n    <\/div>\r\n\r\n    <figure>\r\n    <img decoding=\"async\" width=\"768\" height=\"768\" src=\"https:\/\/talkpal.ai\/wp-content\/uploads\/2023\/06\/Swahili-768x768.png\" class=\"languageImage no-lazy\" alt=\"Secrets to master language learning\" fetchpriority=\"high\" sizes=\"(max-width: 768px) 150px, 768px\" srcset=\"https:\/\/talkpal.ai\/wp-content\/uploads\/2023\/06\/Swahili-768x768.png 768w, https:\/\/talkpal.ai\/wp-content\/uploads\/2023\/06\/Swahili-300x300.png 300w\" \/>\r\n    \r\n\r\n    <\/figure>\r\n\r\n            <a class=\"getStartedVisible\" href=\"https:\/\/app.talkpal.ai\/pl\/signup?lng=\">Zaczynaj<\/a>\r\n    \r\n<\/section>\r\n<section class=\"promotionalBanner\">\r\n    <p class=\"promotionalText\">Najbardziej efektywny spos\u00f3b nauki j\u0119zyka<\/p>\r\n    <a class=\"promotionalLink\" href=\"https:\/\/app.talkpal.ai\/pl\/signup?lng=\">Wypr\u00f3buj Talkpal za darmo<\/a>\r\n<\/section>\n<div class=\"wp-block-group pageContainerStyle\"><div class=\"wp-block-group__inner-container is-layout-constrained wp-block-group-is-layout-constrained\">\n<h2 class=\"wp-block-heading\" id=\"h-swahili-grammar-demystifying-the-linguistic-adventure\">Gramatyka suahili: demistyfikacja przygody j\u0119zykowej<\/h2>\n\n\n\n<p><a href=\"https:\/\/talkpal.ai\/swahili-grammar\/\">Gramatyka suahili<\/a> &#8211; zach\u0119caj\u0105ca, ale enigmatyczna, p\u0142ynna, ale intryguj\u0105ca, \u017cywa, ale fascynuj\u0105ca. Wyruszaj\u0105c w j\u0119zykow\u0105 podr\u00f3\u017c do j\u0119zyka suahili, mo\u017cesz napotka\u0107 mieszank\u0119 fascynacji i niepewno\u015bci. Nie martwcie si\u0119, koledzy fanatycy j\u0119zyk\u00f3w! Jeste\u015bmy tutaj, aby pom\u00f3c Ci porusza\u0107 si\u0119 po tych ekscytuj\u0105cych wodach j\u0119zykowych!<\/p>\n\n\n\n<p>W tym artykule przedstawimy kompleksowy przegl\u0105d gramatyki suahili, badaj\u0105c kluczowe komponenty, oferuj\u0105c wyja\u015bnienia i przyk\u0142ady oraz upraszczaj\u0105c zawi\u0142o\u015bci. Uwolnijmy wi\u0119c magi\u0119 j\u0119zyka suahili i odkryjmy tajemnice jego gramatyki!<\/p>\n\n\n\n<h3 class=\"wp-block-heading\" id=\"h-1-noun-classes-from-people-to-abstract-ideas\">1. Klasy rzeczownik\u00f3w: od ludzi do abstrakcyjnych idei<\/h3>\n\n\n\n<p><a href=\"https:\/\/talkpal.ai\/grammar\/\">Gramatyka<\/a> suahili obraca si\u0119 wok\u00f3\u0142 charakterystycznego, ale istotnego systemu klasyfikacji rzeczownik\u00f3w. Rzeczowniki s\u0105 zorganizowane w r\u00f3\u017cne klasy w oparciu o ich znaczenie lub cechy, a ka\u017cda klasa ma okre\u015blony przedrostek. Chocia\u017c mo\u017ce si\u0119 to wydawa\u0107 onie\u015bmielaj\u0105ce, ma kluczowe znaczenie w tworzeniu zgodno\u015bci mi\u0119dzy rzeczownikami, przymiotnikami i czasownikami.<\/p>\n\n\n\n<p>Aby upro\u015bci\u0107 ten proces, zacznij od skupienia si\u0119 na najcz\u0119stszych klasach rzeczownik\u00f3w:<\/p>\n\n\n\n<p><strong>&#8211; Klasa 1: Ludzie (np. mtu &#8211; osoba)<\/strong><\/p>\n\n\n\n<p><strong>&#8211; Klasa 2: Liczba mnoga rzeczownik\u00f3w klasy 1 (np. watu &#8211; ludzie)<\/strong><\/p>\n\n\n\n<p><strong>&#8211; Klasa 3: Drzewa, ro\u015bliny i rzeczowniki abstrakcyjne (np. mti &#8211; drzewo)<\/strong><\/p>\n\n\n\n<p><strong>&#8211; Klasa 4: Przedmioty nieo\u017cywione i rzeczowniki abstrakcyjne (np. kiti &#8211; krzes\u0142o)<\/strong><\/p>\n\n\n\n<p>Pami\u0119taj, \u017ce praktyka czyni mistrza, a zrozumienie klas rzeczownik\u00f3w stanie si\u0119 z czasem \u0142atwiejsze!<\/p>\n\n\n\n<h3 class=\"wp-block-heading\" id=\"h-2-adjectives-from-basic-to-intricate-agreement\">2. Przymiotniki: od podstawowej do skomplikowanej zgody<\/h3>\n\n\n\n<p>Przymiotniki w j\u0119zyku suahili zgadzaj\u0105 si\u0119 z klas\u0105 rzeczownika i liczb\u0105, kt\u00f3r\u0105 modyfikuj\u0105. W rezultacie przymiotniki maj\u0105 wiele przedrostk\u00f3w, kt\u00f3re odpowiadaj\u0105 r\u00f3\u017cnym klasom rzeczownik\u00f3w. Dobr\u0105 wiadomo\u015bci\u0105 jest to, \u017ce wiele przymiotnik\u00f3w ma ten sam rdze\u0144 s\u0142owny, co sprawia, \u017ce nauka ich jest \u0142atwiejsza do opanowania.<\/p>\n\n\n\n<p>Na przyk\u0142ad, rdze\u0144 &#8222;-refu&#8221; oznacza &#8222;d\u0142ugi&#8221;. W zale\u017cno\u015bci od klasy rzeczownika, mo\u017ce wyst\u0119powa\u0107 jako &#8222;mrefu&#8221; (klasa 1), &#8222;wazuri&#8221; (klasa 2), &#8222;jurefu&#8221; (klasa 3) itd. Z praktyk\u0105 opanowanie zgodno\u015bci przymiotnik-rzeczownik b\u0119dzie dziecinnie proste!<\/p>\n\n\n\n<h3 class=\"wp-block-heading\" id=\"h-3-verbs-tense-subject-and-object\">3. Czasowniki: czas, podmiot i dope\u0142nienie<\/h3>\n\n\n\n<p>Czasowniki suahili s\u0105 jak skuteczne szwajcarskie scyzoryki, zwartie oddaj\u0105 czas, podmiot i przedmiot, a wszystko to w jednym zgrabnym opakowaniu. Czasy s\u0105 tworzone przez do\u0142\u0105czenie znacznik\u00f3w czasu do rdzenia czasownika, podczas gdy znaczniki podmiotu i dope\u0142nienia wyra\u017caj\u0105, kto jest zaanga\u017cowany w czynno\u015b\u0107.<\/p>\n\n\n\n<p>Na przyk\u0142ad, rdze\u0144 &#8222;-soma&#8221; oznacza &#8222;czyta\u0107&#8221;. Dodaj\u0105c r\u00f3\u017cne przedrostki i przyrostki, mo\u017cna utworzy\u0107 wiele odmian: &#8222;anasoma&#8221; (on\/ona czyta), &#8222;alisoma&#8221; (on\/ona czyta) lub &#8222;atasoma&#8221; (on\/ona b\u0119dzie czyta\u0107).<\/p>\n\n\n\n<h3 class=\"wp-block-heading\" id=\"h-4-word-order-subject-verb-object-for-clarity\">4. Szyk s\u0142\u00f3w: podmiot-orzeczenie-dope\u0142nienie dla jasno\u015bci<\/h3>\n\n\n\n<p>W j\u0119zyku suahili obowi\u0105zuje prosty, ale jasny szyk zdania podmiot-orzeczenie-dope\u0142nienie (SVO), podobny do angielskiego, co sprawia, \u017ce konstrukcja zdania jest mniej zniech\u0119caj\u0105ca. Na przyk\u0142ad, &#8222;Mwanafunzi anasoma kitabu&#8221; bezpo\u015brednio t\u0142umaczy si\u0119 jako &#8222;Student (podmiot) czyta (czasownik) ksi\u0105\u017ck\u0119 (przedmiot)&#8221;.<\/p>\n\n\n\n<h3 class=\"wp-block-heading\" id=\"h-5-embrace-the-challenges-practice-is-key\">5. Podejmij wyzwania: praktyka jest kluczem<\/h3>\n\n\n\n<p>Zag\u0142\u0119bianie si\u0119 w gramatyk\u0119 suahili mo\u017ce na pocz\u0105tku wydawa\u0107 si\u0119 nieco przyt\u0142aczaj\u0105ce. Pami\u0119taj jednak, \u017ce cierpliwo\u015b\u0107, praktyka i wytrwa\u0142o\u015b\u0107 to sekrety sukcesu. Zaanga\u017cuj si\u0119 w j\u0119zyk poprzez czytanie, pisanie, s\u0142uchanie i m\u00f3wienie, aby poprawi\u0107 swoje zrozumienie i pewno\u015b\u0107 siebie.<\/p>\n\n\n\n<p>Czy jeste\u015b gotowy, aby odkry\u0107 cuda gramatyki suahili? Poznaj jego zawi\u0142o\u015bci, delektuj si\u0119 niuansami i pami\u0119taj, \u017ce dzi\u0119ki po\u015bwi\u0119ceniu i entuzjazmowi mo\u017cesz odkry\u0107 prawdziwe pi\u0119kno j\u0119zyka suahili. Bahati njema! (<a href=\"https:\/\/talkpal.ai\/culture\/how-do-you-say-good-luck-in-polish\/\">Powodzenia<\/a>!)<\/p>\n<\/div><\/div>\n\r\n<section class=\"learnNavigationSection\">\r\n            \r\n        <a href=\"https:\/\/talkpal.ai\/pl\/naucz-sie-suahili\/\">\r\n            <div class=\"learnNavigationWrapper\">\r\n                <div class=\"learnNavigationContent\">\r\n                    <img decoding=\"async\" src=\"https:\/\/talkpal.ai\/wp-content\/uploads\/2024\/08\/Swahili.jpg\" alt=\"Kenya and Tanzania Flags\">\r\n                    <div>\r\n                        <h4>O nauce j\u0119zyka suahili<\/h4>\r\n                        <p>Dowiedz si\u0119 wszystkiego o gramatyce suahili.<\/p>\r\n                    <\/div>\r\n                <\/div>\r\n            <\/div>\r\n        <\/a>\r\n\r\n        \r\n        <a href=\"https:\/\/talkpal.ai\/pl\/cwiczenia-gramatyczne-w-jezyku-suahili\/\">\r\n            <div class=\"learnNavigationWrapper\">\r\n                <div class=\"learnNavigationContent\">\r\n                    <img decoding=\"async\" src=\"https:\/\/talkpal.ai\/wp-content\/uploads\/2024\/08\/Swahili.jpg\" alt=\"Kenya and Tanzania Flags\">\r\n                    <div>\r\n                        <h4>\u0106wiczenie gramatyczne suahili<\/h4>\r\n                        <p>\u0106wicz gramatyk\u0119 suahili.<\/p>\r\n                    <\/div>\r\n                <\/div>\r\n            <\/div>\r\n        <\/a>\r\n\r\n        \r\n        <a href=\"https:\/\/talkpal.ai\/vocabulary_language\/swahili\/\">\r\n            <div class=\"learnNavigationWrapper\">\r\n                <div class=\"learnNavigationContent\">\r\n                    <img decoding=\"async\" src=\"https:\/\/talkpal.ai\/wp-content\/uploads\/2024\/08\/Swahili.jpg\" alt=\"Kenya and Tanzania Flags\">\r\n                    <div>\r\n                        <h4>S\u0142ownictwo suahili<\/h4>\r\n                        <p>Poszerz swoje s\u0142ownictwo suahili.<\/p>\r\n                    <\/div>\r\n                <\/div>\r\n            <\/div>\r\n        <\/a>\r\n\r\n            <\/section>","protected":false},"excerpt":{"rendered":"<p>Gramatyka suahili: demistyfikacja przygody j\u0119zykowej Gramatyka suahili &#8211; zach\u0119caj\u0105ca, ale enigmatyczna, p\u0142ynna, ale intryguj\u0105ca, \u017cywa, ale fascynuj\u0105ca. Wyruszaj\u0105c w j\u0119zykow\u0105 podr\u00f3\u017c do j\u0119zyka suahili, mo\u017cesz napotka\u0107 mieszank\u0119 fascynacji i niepewno\u015bci. Nie martwcie si\u0119, koledzy fanatycy j\u0119zyk\u00f3w! Jeste\u015bmy tutaj, aby pom\u00f3c Ci porusza\u0107 si\u0119 po tych ekscytuj\u0105cych wodach j\u0119zykowych! W tym artykule przedstawimy kompleksowy przegl\u0105d gramatyki [&hellip;]<\/p>\n","protected":false},"author":1,"featured_media":119375,"parent":0,"menu_order":0,"comment_status":"closed","ping_status":"closed","template":"LearningContentPage.php","meta":{"_acf_changed":false,"footnotes":""},"class_list":["post-153694","page","type-page","status-publish","has-post-thumbnail","hentry"],"acf":[],"yoast_head":"<!-- This site is optimized with the Yoast SEO Premium plugin v27.2 (Yoast SEO v27.2) - https:\/\/yoast.com\/product\/yoast-seo-premium-wordpress\/ -->\n<title>Gramatyka suahili - Talkpal<\/title>\n<meta name=\"description\" content=\"Odkryj sekrety gramatyki suahili dzi\u0119ki naszemu kompleksowemu przewodnikowi! Odkryj jego unikalne klasy rzeczownik\u00f3w i kluczowe komponenty.\" \/>\n<meta name=\"robots\" content=\"index, follow, max-snippet:-1, max-image-preview:large, max-video-preview:-1\" \/>\n<link rel=\"canonical\" href=\"https:\/\/talkpal.ai\/pl\/gramatyka-suahili\/\" \/>\n<meta property=\"og:locale\" content=\"pl_PL\" \/>\n<meta property=\"og:type\" content=\"article\" \/>\n<meta property=\"og:title\" content=\"Gramatyka suahili\" \/>\n<meta property=\"og:description\" content=\"Gramatyka suahili: demistyfikacja przygody j\u0119zykowej Gramatyka suahili - zach\u0119caj\u0105ca, ale enigmatyczna, p\u0142ynna, ale intryguj\u0105ca, \u017cywa, ale fascynuj\u0105ca.\" \/>\n<meta property=\"og:url\" content=\"https:\/\/talkpal.ai\/pl\/gramatyka-suahili\/\" \/>\n<meta property=\"og:site_name\" content=\"Talkpal\" \/>\n<meta property=\"article:publisher\" content=\"https:\/\/www.facebook.com\/profile.php?id=100090733639311\" \/>\n<meta property=\"article:modified_time\" content=\"2025-12-13T15:50:44+00:00\" \/>\n<meta property=\"og:image\" content=\"https:\/\/talkpal.ai\/wp-content\/uploads\/2023\/05\/Swahili-tanzania.png\" \/>\n\t<meta property=\"og:image:width\" content=\"512\" \/>\n\t<meta property=\"og:image:height\" content=\"512\" \/>\n\t<meta property=\"og:image:type\" content=\"image\/png\" \/>\n<meta name=\"twitter:card\" content=\"summary_large_image\" \/>\n<meta name=\"twitter:site\" content=\"@talkpalai\" \/>\n<meta name=\"twitter:label1\" content=\"Szacowany czas czytania\" \/>\n\t<meta name=\"twitter:data1\" content=\"3 minuty\" \/>\n<script type=\"application\/ld+json\" class=\"yoast-schema-graph\">{\"@context\":\"https:\/\/schema.org\",\"@graph\":[{\"@type\":\"WebPage\",\"@id\":\"https:\/\/talkpal.ai\/pl\/gramatyka-suahili\/\",\"url\":\"https:\/\/talkpal.ai\/pl\/gramatyka-suahili\/\",\"name\":\"Gramatyka suahili - Talkpal\",\"isPartOf\":{\"@id\":\"https:\/\/talkpal.ai\/pl\/#website\"},\"primaryImageOfPage\":{\"@id\":\"https:\/\/talkpal.ai\/pl\/gramatyka-suahili\/#primaryimage\"},\"image\":{\"@id\":\"https:\/\/talkpal.ai\/pl\/gramatyka-suahili\/#primaryimage\"},\"thumbnailUrl\":\"https:\/\/talkpal.ai\/wp-content\/uploads\/2023\/05\/Swahili-tanzania.png\",\"datePublished\":\"2023-05-14T14:25:05+00:00\",\"dateModified\":\"2025-12-13T15:50:44+00:00\",\"description\":\"Odkryj sekrety gramatyki suahili dzi\u0119ki naszemu kompleksowemu przewodnikowi! Odkryj jego unikalne klasy rzeczownik\u00f3w i kluczowe komponenty.\",\"breadcrumb\":{\"@id\":\"https:\/\/talkpal.ai\/pl\/gramatyka-suahili\/#breadcrumb\"},\"inLanguage\":\"pl-PL\",\"potentialAction\":[{\"@type\":\"ReadAction\",\"target\":[\"https:\/\/talkpal.ai\/pl\/gramatyka-suahili\/\"]}]},{\"@type\":\"ImageObject\",\"inLanguage\":\"pl-PL\",\"@id\":\"https:\/\/talkpal.ai\/pl\/gramatyka-suahili\/#primaryimage\",\"url\":\"https:\/\/talkpal.ai\/wp-content\/uploads\/2023\/05\/Swahili-tanzania.png\",\"contentUrl\":\"https:\/\/talkpal.ai\/wp-content\/uploads\/2023\/05\/Swahili-tanzania.png\",\"width\":512,\"height\":512},{\"@type\":\"BreadcrumbList\",\"@id\":\"https:\/\/talkpal.ai\/pl\/gramatyka-suahili\/#breadcrumb\",\"itemListElement\":[{\"@type\":\"ListItem\",\"position\":1,\"name\":\"Homepage\",\"item\":\"https:\/\/talkpal.ai\/pl\/\"},{\"@type\":\"ListItem\",\"position\":2,\"name\":\"Gramatyka suahili\"}]},{\"@type\":\"WebSite\",\"@id\":\"https:\/\/talkpal.ai\/pl\/#website\",\"url\":\"https:\/\/talkpal.ai\/pl\/\",\"name\":\"Talkpal\",\"description\":\"AI Language Learning\",\"publisher\":{\"@id\":\"https:\/\/talkpal.ai\/pl\/#organization\"},\"alternateName\":\"Talkpal AI\",\"potentialAction\":[{\"@type\":\"SearchAction\",\"target\":{\"@type\":\"EntryPoint\",\"urlTemplate\":\"https:\/\/talkpal.ai\/pl\/?s={search_term_string}\"},\"query-input\":{\"@type\":\"PropertyValueSpecification\",\"valueRequired\":true,\"valueName\":\"search_term_string\"}}],\"inLanguage\":\"pl-PL\"},{\"@type\":\"Organization\",\"@id\":\"https:\/\/talkpal.ai\/pl\/#organization\",\"name\":\"Talkpal, Inc.\",\"alternateName\":\"Talkpal AI\",\"url\":\"https:\/\/talkpal.ai\/pl\/\",\"logo\":{\"@type\":\"ImageObject\",\"inLanguage\":\"pl-PL\",\"@id\":\"https:\/\/talkpal.ai\/pl\/#\/schema\/logo\/image\/\",\"url\":\"https:\/\/talkpal.ai\/wp-content\/uploads\/2024\/03\/Talkpal-Logo-Icon.png\",\"contentUrl\":\"https:\/\/talkpal.ai\/wp-content\/uploads\/2024\/03\/Talkpal-Logo-Icon.png\",\"width\":2880,\"height\":2880,\"caption\":\"Talkpal, Inc.\"},\"image\":{\"@id\":\"https:\/\/talkpal.ai\/pl\/#\/schema\/logo\/image\/\"},\"sameAs\":[\"https:\/\/www.facebook.com\/profile.php?id=100090733639311\",\"https:\/\/x.com\/talkpalai\",\"https:\/\/www.linkedin.com\/company\/talkpal\/\",\"https:\/\/www.youtube.com\/@TalkPal\/\",\"https:\/\/www.tiktok.com\/@talkpal\",\"https:\/\/www.instagram.com\/talkpal_ai\/\",\"https:\/\/www.crunchbase.com\/organization\/talkpal-9cde\",\"https:\/\/www.g2.com\/products\/talkpal-for-business\/\",\"https:\/\/www.trustpilot.com\/review\/talkpal.ai\",\"https:\/\/www.capterra.com\/p\/10006800\/TalkPal\/\"],\"description\":\"Talkpal is a language learning web and mobile education app, powered by the latest AI technologies, that provides engaging experiences to its customers in many different languages to help them improve their language skills. Users can chat about unlimited amount of topics with the app and use other modes to practice their language learning.\",\"email\":\"support@talkpal.ai\",\"legalName\":\"Talkpal, Inc.\",\"foundingDate\":\"2023-04-03\",\"duns\":\"118989042\",\"numberOfEmployees\":{\"@type\":\"QuantitativeValue\",\"minValue\":\"11\",\"maxValue\":\"50\"},\"publishingPrinciples\":\"https:\/\/talkpal.ai\/publishing-principles\/\",\"actionableFeedbackPolicy\":\"https:\/\/talkpal.ai\/actionable-feedback-policy\/\",\"correctionsPolicy\":\"https:\/\/talkpal.ai\/corrections-policy\/\",\"ethicsPolicy\":\"https:\/\/talkpal.ai\/ethics-policy\/\",\"diversityPolicy\":\"https:\/\/talkpal.ai\/diversity-policy\/\",\"diversityStaffingReport\":\"https:\/\/talkpal.ai\/diversity-policy\/\"}]}<\/script>\n<!-- \/ Yoast SEO Premium plugin. -->","yoast_head_json":{"title":"Gramatyka suahili - Talkpal","description":"Odkryj sekrety gramatyki suahili dzi\u0119ki naszemu kompleksowemu przewodnikowi! Odkryj jego unikalne klasy rzeczownik\u00f3w i kluczowe komponenty.","robots":{"index":"index","follow":"follow","max-snippet":"max-snippet:-1","max-image-preview":"max-image-preview:large","max-video-preview":"max-video-preview:-1"},"canonical":"https:\/\/talkpal.ai\/pl\/gramatyka-suahili\/","og_locale":"pl_PL","og_type":"article","og_title":"Gramatyka suahili","og_description":"Gramatyka suahili: demistyfikacja przygody j\u0119zykowej Gramatyka suahili - zach\u0119caj\u0105ca, ale enigmatyczna, p\u0142ynna, ale intryguj\u0105ca, \u017cywa, ale fascynuj\u0105ca.","og_url":"https:\/\/talkpal.ai\/pl\/gramatyka-suahili\/","og_site_name":"Talkpal","article_publisher":"https:\/\/www.facebook.com\/profile.php?id=100090733639311","article_modified_time":"2025-12-13T15:50:44+00:00","og_image":[{"width":512,"height":512,"url":"https:\/\/talkpal.ai\/wp-content\/uploads\/2023\/05\/Swahili-tanzania.png","type":"image\/png"}],"twitter_card":"summary_large_image","twitter_site":"@talkpalai","twitter_misc":{"Szacowany czas czytania":"3 minuty"},"schema":{"@context":"https:\/\/schema.org","@graph":[{"@type":"WebPage","@id":"https:\/\/talkpal.ai\/pl\/gramatyka-suahili\/","url":"https:\/\/talkpal.ai\/pl\/gramatyka-suahili\/","name":"Gramatyka suahili - Talkpal","isPartOf":{"@id":"https:\/\/talkpal.ai\/pl\/#website"},"primaryImageOfPage":{"@id":"https:\/\/talkpal.ai\/pl\/gramatyka-suahili\/#primaryimage"},"image":{"@id":"https:\/\/talkpal.ai\/pl\/gramatyka-suahili\/#primaryimage"},"thumbnailUrl":"https:\/\/talkpal.ai\/wp-content\/uploads\/2023\/05\/Swahili-tanzania.png","datePublished":"2023-05-14T14:25:05+00:00","dateModified":"2025-12-13T15:50:44+00:00","description":"Odkryj sekrety gramatyki suahili dzi\u0119ki naszemu kompleksowemu przewodnikowi! Odkryj jego unikalne klasy rzeczownik\u00f3w i kluczowe komponenty.","breadcrumb":{"@id":"https:\/\/talkpal.ai\/pl\/gramatyka-suahili\/#breadcrumb"},"inLanguage":"pl-PL","potentialAction":[{"@type":"ReadAction","target":["https:\/\/talkpal.ai\/pl\/gramatyka-suahili\/"]}]},{"@type":"ImageObject","inLanguage":"pl-PL","@id":"https:\/\/talkpal.ai\/pl\/gramatyka-suahili\/#primaryimage","url":"https:\/\/talkpal.ai\/wp-content\/uploads\/2023\/05\/Swahili-tanzania.png","contentUrl":"https:\/\/talkpal.ai\/wp-content\/uploads\/2023\/05\/Swahili-tanzania.png","width":512,"height":512},{"@type":"BreadcrumbList","@id":"https:\/\/talkpal.ai\/pl\/gramatyka-suahili\/#breadcrumb","itemListElement":[{"@type":"ListItem","position":1,"name":"Homepage","item":"https:\/\/talkpal.ai\/pl\/"},{"@type":"ListItem","position":2,"name":"Gramatyka suahili"}]},{"@type":"WebSite","@id":"https:\/\/talkpal.ai\/pl\/#website","url":"https:\/\/talkpal.ai\/pl\/","name":"Talkpal","description":"AI Language Learning","publisher":{"@id":"https:\/\/talkpal.ai\/pl\/#organization"},"alternateName":"Talkpal AI","potentialAction":[{"@type":"SearchAction","target":{"@type":"EntryPoint","urlTemplate":"https:\/\/talkpal.ai\/pl\/?s={search_term_string}"},"query-input":{"@type":"PropertyValueSpecification","valueRequired":true,"valueName":"search_term_string"}}],"inLanguage":"pl-PL"},{"@type":"Organization","@id":"https:\/\/talkpal.ai\/pl\/#organization","name":"Talkpal, Inc.","alternateName":"Talkpal AI","url":"https:\/\/talkpal.ai\/pl\/","logo":{"@type":"ImageObject","inLanguage":"pl-PL","@id":"https:\/\/talkpal.ai\/pl\/#\/schema\/logo\/image\/","url":"https:\/\/talkpal.ai\/wp-content\/uploads\/2024\/03\/Talkpal-Logo-Icon.png","contentUrl":"https:\/\/talkpal.ai\/wp-content\/uploads\/2024\/03\/Talkpal-Logo-Icon.png","width":2880,"height":2880,"caption":"Talkpal, Inc."},"image":{"@id":"https:\/\/talkpal.ai\/pl\/#\/schema\/logo\/image\/"},"sameAs":["https:\/\/www.facebook.com\/profile.php?id=100090733639311","https:\/\/x.com\/talkpalai","https:\/\/www.linkedin.com\/company\/talkpal\/","https:\/\/www.youtube.com\/@TalkPal\/","https:\/\/www.tiktok.com\/@talkpal","https:\/\/www.instagram.com\/talkpal_ai\/","https:\/\/www.crunchbase.com\/organization\/talkpal-9cde","https:\/\/www.g2.com\/products\/talkpal-for-business\/","https:\/\/www.trustpilot.com\/review\/talkpal.ai","https:\/\/www.capterra.com\/p\/10006800\/TalkPal\/"],"description":"Talkpal is a language learning web and mobile education app, powered by the latest AI technologies, that provides engaging experiences to its customers in many different languages to help them improve their language skills. Users can chat about unlimited amount of topics with the app and use other modes to practice their language learning.","email":"support@talkpal.ai","legalName":"Talkpal, Inc.","foundingDate":"2023-04-03","duns":"118989042","numberOfEmployees":{"@type":"QuantitativeValue","minValue":"11","maxValue":"50"},"publishingPrinciples":"https:\/\/talkpal.ai\/publishing-principles\/","actionableFeedbackPolicy":"https:\/\/talkpal.ai\/actionable-feedback-policy\/","correctionsPolicy":"https:\/\/talkpal.ai\/corrections-policy\/","ethicsPolicy":"https:\/\/talkpal.ai\/ethics-policy\/","diversityPolicy":"https:\/\/talkpal.ai\/diversity-policy\/","diversityStaffingReport":"https:\/\/talkpal.ai\/diversity-policy\/"}]}},"_links":{"self":[{"href":"https:\/\/talkpal.ai\/pl\/wp-json\/wp\/v2\/pages\/153694","targetHints":{"allow":["GET"]}}],"collection":[{"href":"https:\/\/talkpal.ai\/pl\/wp-json\/wp\/v2\/pages"}],"about":[{"href":"https:\/\/talkpal.ai\/pl\/wp-json\/wp\/v2\/types\/page"}],"author":[{"embeddable":true,"href":"https:\/\/talkpal.ai\/pl\/wp-json\/wp\/v2\/users\/1"}],"replies":[{"embeddable":true,"href":"https:\/\/talkpal.ai\/pl\/wp-json\/wp\/v2\/comments?post=153694"}],"version-history":[{"count":0,"href":"https:\/\/talkpal.ai\/pl\/wp-json\/wp\/v2\/pages\/153694\/revisions"}],"wp:featuredmedia":[{"embeddable":true,"href":"https:\/\/talkpal.ai\/pl\/wp-json\/wp\/v2\/media\/119375"}],"wp:attachment":[{"href":"https:\/\/talkpal.ai\/pl\/wp-json\/wp\/v2\/media?parent=153694"}],"curies":[{"name":"wp","href":"https:\/\/api.w.org\/{rel}","templated":true}]}}