{"id":153381,"date":"2023-05-14T14:24:42","date_gmt":"2023-05-14T14:24:42","guid":{"rendered":"http:\/\/talkpal.ai\/gramatyka-tajska\/"},"modified":"2025-12-13T15:47:00","modified_gmt":"2025-12-13T15:47:00","slug":"gramatyka-tajska","status":"publish","type":"page","link":"https:\/\/talkpal.ai\/pl\/gramatyka-tajska\/","title":{"rendered":"Gramatyka tajska"},"content":{"rendered":"\r\n\r\n\r\n<section class=\"languageChallengeSection\">\r\n    <div class=\"languageInfoWrapper\">\r\n        \r\n        <h1>Gramatyka tajska<\/h1>\r\n        <p>Naucz si\u0119 tajskiej gramatyki i poznaj pi\u0119kno j\u0119zyka, kt\u00f3ry jest zar\u00f3wno logiczny, jak i ekspresyjny. Rozpocznij swoj\u0105 podr\u00f3\u017c i otw\u00f3rz drzwi do fascynuj\u0105cego sposobu my\u015blenia i m\u00f3wienia!<\/p>\r\n\r\n                            <a class=\"getStartedHidden\" href=\"https:\/\/app.talkpal.ai\/pl\/signup?lng=\">Zaczynaj<\/a>\r\n        \r\n    <\/div>\r\n\r\n    <figure>\r\n    <img decoding=\"async\" width=\"768\" height=\"768\" src=\"https:\/\/talkpal.ai\/wp-content\/uploads\/2023\/06\/thai-768x768.png\" class=\"languageImage no-lazy\" alt=\"Language learning for improved thought process\" fetchpriority=\"high\" sizes=\"(max-width: 768px) 150px, 768px\" srcset=\"https:\/\/talkpal.ai\/wp-content\/uploads\/2023\/06\/thai-768x768.png 768w, https:\/\/talkpal.ai\/wp-content\/uploads\/2023\/06\/thai-300x300.png 300w\" \/>\r\n    \r\n\r\n    <\/figure>\r\n\r\n            <a class=\"getStartedVisible\" href=\"https:\/\/app.talkpal.ai\/pl\/signup?lng=\">Zaczynaj<\/a>\r\n    \r\n<\/section>\r\n<section class=\"promotionalBanner\">\r\n    <p class=\"promotionalText\">Najbardziej efektywny spos\u00f3b nauki j\u0119zyka<\/p>\r\n    <a class=\"promotionalLink\" href=\"https:\/\/app.talkpal.ai\/pl\/signup?lng=\">Wypr\u00f3buj Talkpal za darmo<\/a>\r\n<\/section>\n<div class=\"wp-block-group pageContainerStyle\"><div class=\"wp-block-group__inner-container is-layout-constrained wp-block-group-is-layout-constrained\">\n<h2 class=\"wp-block-heading\" id=\"h-thai-grammar-exploring-a-unique-linguistic-world\">Gramatyka tajska: odkrywanie unikalnego \u015bwiata j\u0119zykowego<\/h2>\n\n\n\n<p><a href=\"https:\/\/talkpal.ai\/learn-thai\/\">Tajska<\/a> <a href=\"https:\/\/talkpal.ai\/grammar\/\">gramatyka<\/a> &#8211; pozornie enigmatyczna, egzotyczna i urzekaj\u0105ca. Wyruszaj\u0105c w podr\u00f3\u017c, aby <a href=\"https:\/\/talkpal.ai\/pl\/jak-szybko-i-skutecznie-nauczyc-sie-nowego-jezyka\/\">nauczy\u0107 si\u0119 j\u0119zyka<\/a> tajskiego, mo\u017cesz nieoczekiwanie zafascynowa\u0107 si\u0119 jego gramatyk\u0105. Nie b\u00f3jcie si\u0119, moi koledzy lingwi\u015bci! Jeste\u015bmy tutaj, aby zaoferowa\u0107 wskaz\u00f3wki i wsparcie w tej fascynuj\u0105cej przygodzie!<\/p>\n\n\n\n<p>W tym artykule zag\u0142\u0119biamy si\u0119 w podstawowe aspekty gramatyki tajskiej, rozk\u0142adaj\u0105c kluczowe poj\u0119cia, wyja\u015bniaj\u0105c zasady, a nawet upraszczaj\u0105c zawi\u0142o\u015bci. Do\u0142\u0105cz do nas, gdy uchylimy r\u0105bka tajemnicy na temat gramatyki tajskiej i rozpali Twoj\u0105 pasj\u0119 do tego cudownie wyj\u0105tkowego j\u0119zyka!<\/p>\n\n\n\n<h3 class=\"wp-block-heading\" id=\"h-1-nouns-no-plurals-no-genders-no-worries\">1. Rzeczowniki: bez liczby mnogiej, bez p\u0142ci, bez zmartwie\u0144!<\/h3>\n\n\n\n<p>Pi\u0119kno gramatyki tajskiej tkwi w jej prostocie w odniesieniu do rzeczownik\u00f3w. Rzeczowniki tajskie nie maj\u0105 rodzaju ani liczby mnogiej, dzi\u0119ki czemu s\u0105 \u0142atwe w u\u017cyciu i zrozumieniu. Aby wskaza\u0107 liczb\u0119 mnog\u0105, wystarczy doda\u0107 s\u0142owo okre\u015blaj\u0105ce ilo\u015b\u0107, takie jak &#8222;wiele&#8221; (\u0e21\u0e32\u0e01, m\u00e2ak) lub &#8222;niekt\u00f3re&#8221; (\u0e1a\u0e49\u0e32\u0e07, b\u00e2ang) lub powt\u00f3rzy\u0107 rzeczownik, aby podkre\u015bli\u0107 znaczenie liczby mnogiej.<\/p>\n\n\n\n<h3 class=\"wp-block-heading\" id=\"h-2-pronouns-choose-wisely-based-on-politeness\">2. Zaimki: wybieraj m\u0105drze w oparciu o uprzejmo\u015b\u0107<\/h3>\n\n\n\n<p>Wyb\u00f3r odpowiedniego zaimka jest niezb\u0119dny w gramatyce tajskiej, aby okaza\u0107 szacunek i pokor\u0119. Tajskie zaimki r\u00f3\u017cni\u0105 si\u0119 w zale\u017cno\u015bci od p\u0142ci, wieku i relacji m\u00f3wcy i s\u0142uchacza. Na przyk\u0142ad &#8222;\u0e09\u0e31\u0e19&#8221; (ch\u0103n) jest powszechnym nieformalnym zaimkiem pierwszej osoby, podczas gdy &#8222;\u0e1c\u0e21&#8221; (p\u014fm) jest cz\u0119sto u\u017cywany przez m\u0119\u017cczyzn w bardziej formalnych sytuacjach.<\/p>\n\n\n\n<p>Aby zachowa\u0107 grzeczno\u015b\u0107, u\u017cywaj &#8222;\u0e04\u0e38\u0e13&#8221; (kun) dla &#8222;ty&#8221; i &#8222;\u0e40\u0e02\u0e32&#8221; (k\u0103o) dla &#8222;on\/ona\/oni&#8221;.<\/p>\n\n\n\n<h3 class=\"wp-block-heading\" id=\"h-3-verbs-no-conjugation-or-tenses-only-particles\">3. Czasowniki: bez koniugacji i czas\u00f3w, tylko partyku\u0142y<\/h3>\n\n\n\n<p>W gramatyce tajskiej czasowniki pozostaj\u0105 niezmienione niezale\u017cnie od czasu, nastroju czy podmiotu. Zamiast tego <a href=\"https:\/\/talkpal.ai\/learn-thai\/\">tajski<\/a> opiera si\u0119 na prostych s\u0142owach znanych jako partyku\u0142y, aby wskaza\u0107 czas lub postaw\u0119 zdania. Partyku\u0142y te umieszcza si\u0119 na ko\u0144cu zdania.<\/p>\n\n\n\n<p>Na przyk\u0142ad cz\u0105stka &#8222;\u0e41\u0e25\u0e49\u0e27&#8221; (l\u00e1ew) wskazuje czas przesz\u0142y lub zako\u0144czon\u0105 czynno\u015b\u0107, a &#8222;\u0e01\u0e33\u0e25\u0e31\u0e07&#8221; (gam-lang) jest u\u017cywana do czynno\u015bci w toku. Dlatego &#8222;\u0e40\u0e02\u0e32\u0e01\u0e34\u0e19&#8221; (k\u0103o gin) oznacza &#8222;on\/ona je&#8221;, podczas gdy &#8222;\u0e40\u0e02\u0e32\u0e01\u0e34\u0e19\u0e41\u0e25\u0e49\u0e27&#8221; (k\u0103o gin l\u00e1ew) oznacza &#8222;on\/ona jad\u0142&#8221;.<\/p>\n\n\n\n<h3 class=\"wp-block-heading\" id=\"h-4-sentence-structure-clear-and-straightforward\">4. Struktura zdania: jasna i prosta<\/h3>\n\n\n\n<p><a href=\"https:\/\/talkpal.ai\/thai-grammar\/\">Gramatyka tajska<\/a> ma struktur\u0119 zda\u0144 Podmiot-Orzeczenie-Dope\u0142nienie (SVO), podobn\u0105 do angielskiej, co upraszcza zrozumienie dla os\u00f3b angloj\u0119zycznych. G\u0142\u00f3wn\u0105 zasad\u0105 jest to, \u017ce przymiotniki, przys\u0142\u00f3wki i inne s\u0142owa opisowe nast\u0119puj\u0105 po rzeczowniku lub czasowniku, kt\u00f3ry opisuj\u0105.<\/p>\n\n\n\n<p>Na przyk\u0142ad &#8222;\u0e1c\u0e21\u0e0a\u0e2d\u0e1a\u0e2b\u0e19\u0e31\u0e07\u0e2a\u0e37\u0e2d\u0e19\u0e35\u0e49&#8221; (p\u014fm ch\u00e2wp n\u0103ng s\u011bu n\u00e9e) t\u0142umaczy si\u0119 jako &#8222;I (podmiot) like (czasownik) this book (obiekt)&#8221;.<\/p>\n\n\n\n<h3 class=\"wp-block-heading\" id=\"h-5-immerse-yourself-in-thai-practice-makes-perfect\">5. Zanurz si\u0119 w tajskim: praktyka czyni mistrza<\/h3>\n\n\n\n<p>Zrozumienie i opanowanie gramatyki tajskiej mo\u017ce pocz\u0105tkowo wydawa\u0107 si\u0119 trudne, ale kluczem jest wytrwa\u0142o\u015b\u0107 i konsekwentna praktyka. Zaanga\u017cuj wszystkie swoje zmys\u0142y, zanurzaj\u0105c si\u0119 w j\u0119zyku, czytaj\u0105c, pisz\u0105c, s\u0142uchaj\u0105c i rozmawiaj\u0105c z native speakerami. Im wi\u0119cej masz styczno\u015bci z gramatyk\u0105 tajsk\u0105, tym bardziej te egzotyczne poj\u0119cia b\u0119d\u0105 wydawa\u0107 si\u0119 znajome i wygodne.<\/p>\n\n\n\n<p>Czy jeste\u015b gotowy, aby zanurzy\u0107 si\u0119 w fascynuj\u0105cym <a href=\"https:\/\/talkpal.ai\/locations\/language-courses-in-swiecie\/\">\u015bwiecie<\/a> gramatyki tajskiej? Podejmij wyzwanie i poznaj unikalne cechy tajskiej gramatyki, a z czasem, po\u015bwi\u0119ceniem i poczuciem przygody mo\u017cesz odblokowa\u0107 urzekaj\u0105ce pi\u0119kno j\u0119zyka tajskiego.<\/p>\n<\/div><\/div>\n\r\n<section class=\"learnNavigationSection\">\r\n            \r\n        <a href=\"https:\/\/talkpal.ai\/pl\/naucz-sie-tajskiego\/\">\r\n            <div class=\"learnNavigationWrapper\">\r\n                <div class=\"learnNavigationContent\">\r\n                    <img decoding=\"async\" src=\"https:\/\/talkpal.ai\/wp-content\/uploads\/2024\/08\/Thai.jpg\" alt=\"Thai Flag\">\r\n                    <div>\r\n                        <h4>O tajskiej nauce<\/h4>\r\n                        <p>Dowiedz si\u0119 wszystkiego o gramatyce tajskiej .<\/p>\r\n                    <\/div>\r\n                <\/div>\r\n            <\/div>\r\n        <\/a>\r\n\r\n        \r\n        <a href=\"https:\/\/talkpal.ai\/pl\/cwiczenia-z-gramatyki-tajskiej\/\">\r\n            <div class=\"learnNavigationWrapper\">\r\n                <div class=\"learnNavigationContent\">\r\n                    <img decoding=\"async\" src=\"https:\/\/talkpal.ai\/wp-content\/uploads\/2024\/08\/Thai.jpg\" alt=\"Thai Flag\">\r\n                    <div>\r\n                        <h4>\u0106wiczenie z gramatyki tajskiej<\/h4>\r\n                        <p>\u0106wicz gramatyk\u0119 tajsk\u0105 .<\/p>\r\n                    <\/div>\r\n                <\/div>\r\n            <\/div>\r\n        <\/a>\r\n\r\n        \r\n        <a href=\"https:\/\/talkpal.ai\/vocabulary_language\/thai\/\">\r\n            <div class=\"learnNavigationWrapper\">\r\n                <div class=\"learnNavigationContent\">\r\n                    <img decoding=\"async\" src=\"https:\/\/talkpal.ai\/wp-content\/uploads\/2024\/08\/Thai.jpg\" alt=\"Thai Flag\">\r\n                    <div>\r\n                        <h4>Tajskie s\u0142ownictwo<\/h4>\r\n                        <p>Poszerz swoje tajskie s\u0142ownictwo.<\/p>\r\n                    <\/div>\r\n                <\/div>\r\n            <\/div>\r\n        <\/a>\r\n\r\n            <\/section>","protected":false},"excerpt":{"rendered":"<p>Gramatyka tajska: odkrywanie unikalnego \u015bwiata j\u0119zykowego Tajska gramatyka &#8211; pozornie enigmatyczna, egzotyczna i urzekaj\u0105ca. Wyruszaj\u0105c w podr\u00f3\u017c, aby nauczy\u0107 si\u0119 j\u0119zyka tajskiego, mo\u017cesz nieoczekiwanie zafascynowa\u0107 si\u0119 jego gramatyk\u0105. Nie b\u00f3jcie si\u0119, moi koledzy lingwi\u015bci! Jeste\u015bmy tutaj, aby zaoferowa\u0107 wskaz\u00f3wki i wsparcie w tej fascynuj\u0105cej przygodzie! W tym artykule zag\u0142\u0119biamy si\u0119 w podstawowe aspekty gramatyki tajskiej, [&hellip;]<\/p>\n","protected":false},"author":1,"featured_media":120825,"parent":0,"menu_order":0,"comment_status":"closed","ping_status":"closed","template":"LearningContentPage.php","meta":{"_acf_changed":false,"footnotes":""},"class_list":["post-153381","page","type-page","status-publish","has-post-thumbnail","hentry"],"acf":[],"yoast_head":"<!-- This site is optimized with the Yoast SEO Premium plugin v27.2 (Yoast SEO v27.2) - https:\/\/yoast.com\/product\/yoast-seo-premium-wordpress\/ -->\n<title>Gramatyka tajska - Talkpal<\/title>\n<meta name=\"description\" content=\"Poznaj fascynuj\u0105cy \u015bwiat tajskiej gramatyki. Odkryj jego prostot\u0119 i unikalne funkcje, kt\u00f3re sprawiaj\u0105, \u017ce nauka jest przyjemna.\" \/>\n<meta name=\"robots\" content=\"index, follow, max-snippet:-1, max-image-preview:large, max-video-preview:-1\" \/>\n<link rel=\"canonical\" href=\"https:\/\/talkpal.ai\/pl\/gramatyka-tajska\/\" \/>\n<meta property=\"og:locale\" content=\"pl_PL\" \/>\n<meta property=\"og:type\" content=\"article\" \/>\n<meta property=\"og:title\" content=\"Gramatyka tajska\" \/>\n<meta property=\"og:description\" content=\"Gramatyka tajska: odkrywanie unikalnego \u015bwiata j\u0119zykowego Tajska gramatyka - pozornie enigmatyczna, egzotyczna i urzekaj\u0105ca. Wyruszaj\u0105c w podr\u00f3\u017c, aby\" \/>\n<meta property=\"og:url\" content=\"https:\/\/talkpal.ai\/pl\/gramatyka-tajska\/\" \/>\n<meta property=\"og:site_name\" content=\"Talkpal\" \/>\n<meta property=\"article:publisher\" content=\"https:\/\/www.facebook.com\/profile.php?id=100090733639311\" \/>\n<meta property=\"article:modified_time\" content=\"2025-12-13T15:47:00+00:00\" \/>\n<meta property=\"og:image\" content=\"https:\/\/talkpal.ai\/wp-content\/uploads\/2023\/05\/thailand.png\" \/>\n\t<meta property=\"og:image:width\" content=\"512\" \/>\n\t<meta property=\"og:image:height\" content=\"512\" \/>\n\t<meta property=\"og:image:type\" content=\"image\/png\" \/>\n<meta name=\"twitter:card\" content=\"summary_large_image\" \/>\n<meta name=\"twitter:site\" content=\"@talkpalai\" \/>\n<meta name=\"twitter:label1\" content=\"Szacowany czas czytania\" \/>\n\t<meta name=\"twitter:data1\" content=\"3 minuty\" \/>\n<script type=\"application\/ld+json\" class=\"yoast-schema-graph\">{\"@context\":\"https:\/\/schema.org\",\"@graph\":[{\"@type\":\"WebPage\",\"@id\":\"https:\/\/talkpal.ai\/pl\/gramatyka-tajska\/\",\"url\":\"https:\/\/talkpal.ai\/pl\/gramatyka-tajska\/\",\"name\":\"Gramatyka tajska - Talkpal\",\"isPartOf\":{\"@id\":\"https:\/\/talkpal.ai\/pl\/#website\"},\"primaryImageOfPage\":{\"@id\":\"https:\/\/talkpal.ai\/pl\/gramatyka-tajska\/#primaryimage\"},\"image\":{\"@id\":\"https:\/\/talkpal.ai\/pl\/gramatyka-tajska\/#primaryimage\"},\"thumbnailUrl\":\"https:\/\/talkpal.ai\/wp-content\/uploads\/2023\/05\/thailand.png\",\"datePublished\":\"2023-05-14T14:24:42+00:00\",\"dateModified\":\"2025-12-13T15:47:00+00:00\",\"description\":\"Poznaj fascynuj\u0105cy \u015bwiat tajskiej gramatyki. Odkryj jego prostot\u0119 i unikalne funkcje, kt\u00f3re sprawiaj\u0105, \u017ce nauka jest przyjemna.\",\"breadcrumb\":{\"@id\":\"https:\/\/talkpal.ai\/pl\/gramatyka-tajska\/#breadcrumb\"},\"inLanguage\":\"pl-PL\",\"potentialAction\":[{\"@type\":\"ReadAction\",\"target\":[\"https:\/\/talkpal.ai\/pl\/gramatyka-tajska\/\"]}]},{\"@type\":\"ImageObject\",\"inLanguage\":\"pl-PL\",\"@id\":\"https:\/\/talkpal.ai\/pl\/gramatyka-tajska\/#primaryimage\",\"url\":\"https:\/\/talkpal.ai\/wp-content\/uploads\/2023\/05\/thailand.png\",\"contentUrl\":\"https:\/\/talkpal.ai\/wp-content\/uploads\/2023\/05\/thailand.png\",\"width\":512,\"height\":512},{\"@type\":\"BreadcrumbList\",\"@id\":\"https:\/\/talkpal.ai\/pl\/gramatyka-tajska\/#breadcrumb\",\"itemListElement\":[{\"@type\":\"ListItem\",\"position\":1,\"name\":\"Homepage\",\"item\":\"https:\/\/talkpal.ai\/pl\/\"},{\"@type\":\"ListItem\",\"position\":2,\"name\":\"Gramatyka tajska\"}]},{\"@type\":\"WebSite\",\"@id\":\"https:\/\/talkpal.ai\/pl\/#website\",\"url\":\"https:\/\/talkpal.ai\/pl\/\",\"name\":\"Talkpal\",\"description\":\"AI Language Learning\",\"publisher\":{\"@id\":\"https:\/\/talkpal.ai\/pl\/#organization\"},\"alternateName\":\"Talkpal AI\",\"potentialAction\":[{\"@type\":\"SearchAction\",\"target\":{\"@type\":\"EntryPoint\",\"urlTemplate\":\"https:\/\/talkpal.ai\/pl\/?s={search_term_string}\"},\"query-input\":{\"@type\":\"PropertyValueSpecification\",\"valueRequired\":true,\"valueName\":\"search_term_string\"}}],\"inLanguage\":\"pl-PL\"},{\"@type\":\"Organization\",\"@id\":\"https:\/\/talkpal.ai\/pl\/#organization\",\"name\":\"Talkpal, Inc.\",\"alternateName\":\"Talkpal AI\",\"url\":\"https:\/\/talkpal.ai\/pl\/\",\"logo\":{\"@type\":\"ImageObject\",\"inLanguage\":\"pl-PL\",\"@id\":\"https:\/\/talkpal.ai\/pl\/#\/schema\/logo\/image\/\",\"url\":\"https:\/\/talkpal.ai\/wp-content\/uploads\/2024\/03\/Talkpal-Logo-Icon.png\",\"contentUrl\":\"https:\/\/talkpal.ai\/wp-content\/uploads\/2024\/03\/Talkpal-Logo-Icon.png\",\"width\":2880,\"height\":2880,\"caption\":\"Talkpal, Inc.\"},\"image\":{\"@id\":\"https:\/\/talkpal.ai\/pl\/#\/schema\/logo\/image\/\"},\"sameAs\":[\"https:\/\/www.facebook.com\/profile.php?id=100090733639311\",\"https:\/\/x.com\/talkpalai\",\"https:\/\/www.linkedin.com\/company\/talkpal\/\",\"https:\/\/www.youtube.com\/@TalkPal\/\",\"https:\/\/www.tiktok.com\/@talkpal\",\"https:\/\/www.instagram.com\/talkpal_ai\/\",\"https:\/\/www.crunchbase.com\/organization\/talkpal-9cde\",\"https:\/\/www.g2.com\/products\/talkpal-for-business\/\",\"https:\/\/www.trustpilot.com\/review\/talkpal.ai\",\"https:\/\/www.capterra.com\/p\/10006800\/TalkPal\/\"],\"description\":\"Talkpal is a language learning web and mobile education app, powered by the latest AI technologies, that provides engaging experiences to its customers in many different languages to help them improve their language skills. Users can chat about unlimited amount of topics with the app and use other modes to practice their language learning.\",\"email\":\"support@talkpal.ai\",\"legalName\":\"Talkpal, Inc.\",\"foundingDate\":\"2023-04-03\",\"duns\":\"118989042\",\"numberOfEmployees\":{\"@type\":\"QuantitativeValue\",\"minValue\":\"11\",\"maxValue\":\"50\"},\"publishingPrinciples\":\"https:\/\/talkpal.ai\/publishing-principles\/\",\"actionableFeedbackPolicy\":\"https:\/\/talkpal.ai\/actionable-feedback-policy\/\",\"correctionsPolicy\":\"https:\/\/talkpal.ai\/corrections-policy\/\",\"ethicsPolicy\":\"https:\/\/talkpal.ai\/ethics-policy\/\",\"diversityPolicy\":\"https:\/\/talkpal.ai\/diversity-policy\/\",\"diversityStaffingReport\":\"https:\/\/talkpal.ai\/diversity-policy\/\"}]}<\/script>\n<!-- \/ Yoast SEO Premium plugin. -->","yoast_head_json":{"title":"Gramatyka tajska - Talkpal","description":"Poznaj fascynuj\u0105cy \u015bwiat tajskiej gramatyki. Odkryj jego prostot\u0119 i unikalne funkcje, kt\u00f3re sprawiaj\u0105, \u017ce nauka jest przyjemna.","robots":{"index":"index","follow":"follow","max-snippet":"max-snippet:-1","max-image-preview":"max-image-preview:large","max-video-preview":"max-video-preview:-1"},"canonical":"https:\/\/talkpal.ai\/pl\/gramatyka-tajska\/","og_locale":"pl_PL","og_type":"article","og_title":"Gramatyka tajska","og_description":"Gramatyka tajska: odkrywanie unikalnego \u015bwiata j\u0119zykowego Tajska gramatyka - pozornie enigmatyczna, egzotyczna i urzekaj\u0105ca. Wyruszaj\u0105c w podr\u00f3\u017c, aby","og_url":"https:\/\/talkpal.ai\/pl\/gramatyka-tajska\/","og_site_name":"Talkpal","article_publisher":"https:\/\/www.facebook.com\/profile.php?id=100090733639311","article_modified_time":"2025-12-13T15:47:00+00:00","og_image":[{"width":512,"height":512,"url":"https:\/\/talkpal.ai\/wp-content\/uploads\/2023\/05\/thailand.png","type":"image\/png"}],"twitter_card":"summary_large_image","twitter_site":"@talkpalai","twitter_misc":{"Szacowany czas czytania":"3 minuty"},"schema":{"@context":"https:\/\/schema.org","@graph":[{"@type":"WebPage","@id":"https:\/\/talkpal.ai\/pl\/gramatyka-tajska\/","url":"https:\/\/talkpal.ai\/pl\/gramatyka-tajska\/","name":"Gramatyka tajska - Talkpal","isPartOf":{"@id":"https:\/\/talkpal.ai\/pl\/#website"},"primaryImageOfPage":{"@id":"https:\/\/talkpal.ai\/pl\/gramatyka-tajska\/#primaryimage"},"image":{"@id":"https:\/\/talkpal.ai\/pl\/gramatyka-tajska\/#primaryimage"},"thumbnailUrl":"https:\/\/talkpal.ai\/wp-content\/uploads\/2023\/05\/thailand.png","datePublished":"2023-05-14T14:24:42+00:00","dateModified":"2025-12-13T15:47:00+00:00","description":"Poznaj fascynuj\u0105cy \u015bwiat tajskiej gramatyki. Odkryj jego prostot\u0119 i unikalne funkcje, kt\u00f3re sprawiaj\u0105, \u017ce nauka jest przyjemna.","breadcrumb":{"@id":"https:\/\/talkpal.ai\/pl\/gramatyka-tajska\/#breadcrumb"},"inLanguage":"pl-PL","potentialAction":[{"@type":"ReadAction","target":["https:\/\/talkpal.ai\/pl\/gramatyka-tajska\/"]}]},{"@type":"ImageObject","inLanguage":"pl-PL","@id":"https:\/\/talkpal.ai\/pl\/gramatyka-tajska\/#primaryimage","url":"https:\/\/talkpal.ai\/wp-content\/uploads\/2023\/05\/thailand.png","contentUrl":"https:\/\/talkpal.ai\/wp-content\/uploads\/2023\/05\/thailand.png","width":512,"height":512},{"@type":"BreadcrumbList","@id":"https:\/\/talkpal.ai\/pl\/gramatyka-tajska\/#breadcrumb","itemListElement":[{"@type":"ListItem","position":1,"name":"Homepage","item":"https:\/\/talkpal.ai\/pl\/"},{"@type":"ListItem","position":2,"name":"Gramatyka tajska"}]},{"@type":"WebSite","@id":"https:\/\/talkpal.ai\/pl\/#website","url":"https:\/\/talkpal.ai\/pl\/","name":"Talkpal","description":"AI Language Learning","publisher":{"@id":"https:\/\/talkpal.ai\/pl\/#organization"},"alternateName":"Talkpal AI","potentialAction":[{"@type":"SearchAction","target":{"@type":"EntryPoint","urlTemplate":"https:\/\/talkpal.ai\/pl\/?s={search_term_string}"},"query-input":{"@type":"PropertyValueSpecification","valueRequired":true,"valueName":"search_term_string"}}],"inLanguage":"pl-PL"},{"@type":"Organization","@id":"https:\/\/talkpal.ai\/pl\/#organization","name":"Talkpal, Inc.","alternateName":"Talkpal AI","url":"https:\/\/talkpal.ai\/pl\/","logo":{"@type":"ImageObject","inLanguage":"pl-PL","@id":"https:\/\/talkpal.ai\/pl\/#\/schema\/logo\/image\/","url":"https:\/\/talkpal.ai\/wp-content\/uploads\/2024\/03\/Talkpal-Logo-Icon.png","contentUrl":"https:\/\/talkpal.ai\/wp-content\/uploads\/2024\/03\/Talkpal-Logo-Icon.png","width":2880,"height":2880,"caption":"Talkpal, Inc."},"image":{"@id":"https:\/\/talkpal.ai\/pl\/#\/schema\/logo\/image\/"},"sameAs":["https:\/\/www.facebook.com\/profile.php?id=100090733639311","https:\/\/x.com\/talkpalai","https:\/\/www.linkedin.com\/company\/talkpal\/","https:\/\/www.youtube.com\/@TalkPal\/","https:\/\/www.tiktok.com\/@talkpal","https:\/\/www.instagram.com\/talkpal_ai\/","https:\/\/www.crunchbase.com\/organization\/talkpal-9cde","https:\/\/www.g2.com\/products\/talkpal-for-business\/","https:\/\/www.trustpilot.com\/review\/talkpal.ai","https:\/\/www.capterra.com\/p\/10006800\/TalkPal\/"],"description":"Talkpal is a language learning web and mobile education app, powered by the latest AI technologies, that provides engaging experiences to its customers in many different languages to help them improve their language skills. Users can chat about unlimited amount of topics with the app and use other modes to practice their language learning.","email":"support@talkpal.ai","legalName":"Talkpal, Inc.","foundingDate":"2023-04-03","duns":"118989042","numberOfEmployees":{"@type":"QuantitativeValue","minValue":"11","maxValue":"50"},"publishingPrinciples":"https:\/\/talkpal.ai\/publishing-principles\/","actionableFeedbackPolicy":"https:\/\/talkpal.ai\/actionable-feedback-policy\/","correctionsPolicy":"https:\/\/talkpal.ai\/corrections-policy\/","ethicsPolicy":"https:\/\/talkpal.ai\/ethics-policy\/","diversityPolicy":"https:\/\/talkpal.ai\/diversity-policy\/","diversityStaffingReport":"https:\/\/talkpal.ai\/diversity-policy\/"}]}},"_links":{"self":[{"href":"https:\/\/talkpal.ai\/pl\/wp-json\/wp\/v2\/pages\/153381","targetHints":{"allow":["GET"]}}],"collection":[{"href":"https:\/\/talkpal.ai\/pl\/wp-json\/wp\/v2\/pages"}],"about":[{"href":"https:\/\/talkpal.ai\/pl\/wp-json\/wp\/v2\/types\/page"}],"author":[{"embeddable":true,"href":"https:\/\/talkpal.ai\/pl\/wp-json\/wp\/v2\/users\/1"}],"replies":[{"embeddable":true,"href":"https:\/\/talkpal.ai\/pl\/wp-json\/wp\/v2\/comments?post=153381"}],"version-history":[{"count":0,"href":"https:\/\/talkpal.ai\/pl\/wp-json\/wp\/v2\/pages\/153381\/revisions"}],"wp:featuredmedia":[{"embeddable":true,"href":"https:\/\/talkpal.ai\/pl\/wp-json\/wp\/v2\/media\/120825"}],"wp:attachment":[{"href":"https:\/\/talkpal.ai\/pl\/wp-json\/wp\/v2\/media?parent=153381"}],"curies":[{"name":"wp","href":"https:\/\/api.w.org\/{rel}","templated":true}]}}