{"id":153071,"date":"2023-05-14T14:23:49","date_gmt":"2023-05-14T14:23:49","guid":{"rendered":"http:\/\/talkpal.ai\/gramatyka-turecka\/"},"modified":"2025-12-13T15:45:46","modified_gmt":"2025-12-13T15:45:46","slug":"gramatyka-turecka","status":"publish","type":"page","link":"https:\/\/talkpal.ai\/pl\/gramatyka-turecka\/","title":{"rendered":"Gramatyka turecka"},"content":{"rendered":"\r\n\r\n\r\n<section class=\"languageChallengeSection\">\r\n    <div class=\"languageInfoWrapper\">\r\n        \r\n        <h1>Gramatyka turecka<\/h1>\r\n        <p>Chcesz nauczy\u0107 si\u0119 tureckiego? Poznaj tureck\u0105 gramatyk\u0119 i zobacz, jak jej logiczna struktura, harmonia samog\u0142osek i \u0142atwe do na\u015bladowania wzorce czasownik\u00f3w sprawiaj\u0105, \u017ce jest ona zar\u00f3wno fascynuj\u0105ca, jak i przyst\u0119pna. Rozpocznij swoj\u0105 podr\u00f3\u017c ju\u017c dzi\u015b &#8211; opanowanie tureckiej gramatyki jest kluczem do p\u0142ynnej komunikacji i odblokowania t\u0119tni\u0105cego \u017cyciem \u015bwiata kultury i po\u0142\u0105cze\u0144!<\/p>\r\n\r\n                            <a class=\"getStartedHidden\" href=\"https:\/\/app.talkpal.ai\/pl\/signup?lng=\">Zaczynaj<\/a>\r\n        \r\n    <\/div>\r\n\r\n    <figure>\r\n    <img decoding=\"async\" width=\"768\" height=\"768\" src=\"https:\/\/talkpal.ai\/wp-content\/uploads\/2023\/06\/turkish-768x768.png\" class=\"languageImage no-lazy\" alt=\"Language learning for increased focus\" fetchpriority=\"high\" sizes=\"(max-width: 768px) 150px, 768px\" srcset=\"https:\/\/talkpal.ai\/wp-content\/uploads\/2023\/06\/turkish-768x768.png 768w, https:\/\/talkpal.ai\/wp-content\/uploads\/2023\/06\/turkish-300x300.png 300w\" \/>\r\n    \r\n\r\n    <\/figure>\r\n\r\n            <a class=\"getStartedVisible\" href=\"https:\/\/app.talkpal.ai\/pl\/signup?lng=\">Zaczynaj<\/a>\r\n    \r\n<\/section>\r\n<section class=\"promotionalBanner\">\r\n    <p class=\"promotionalText\">Najbardziej efektywny spos\u00f3b nauki j\u0119zyka<\/p>\r\n    <a class=\"promotionalLink\" href=\"https:\/\/app.talkpal.ai\/pl\/signup?lng=\">Wypr\u00f3buj Talkpal za darmo<\/a>\r\n<\/section>\n<div class=\"wp-block-group pageContainerStyle\"><div class=\"wp-block-group__inner-container is-layout-constrained wp-block-group-is-layout-constrained\">\n<h2 class=\"wp-block-heading\" id=\"h-the-ultimate-guide-to-turkish-grammar-navigating-the-intricacies-of-a-unique-language\">Kompletny przewodnik po gramatyce tureckiej: poruszanie si\u0119 po zawi\u0142o\u015bciach unikalnego j\u0119zyka<\/h2>\n\n\n\n<p><a href=\"https:\/\/talkpal.ai\/turkish-grammar\/\">Gramatyka turecka<\/a>, podobnie jak sam j\u0119zyk, przedstawia bogaty i fascynuj\u0105cy gobelin element\u00f3w j\u0119zykowych. Jako cz\u0142onek rodziny j\u0119zyk\u00f3w tureckich, <a href=\"https:\/\/talkpal.ai\/learn-turkish\/\">turecki<\/a> urzeka uczni\u00f3w swoimi r\u00f3\u017cnorodnymi cechami i stanowi wyzwanie nawet dla najbardziej bieg\u0142ych m\u00f3wc\u00f3w. W tym przewodniku zbadamy kluczowe zasady gramatyki tureckiej, obja\u015bnimy jej zawi\u0142o\u015bci i wesprzemy Ci\u0119 w drodze do p\u0142ynnego pos\u0142ugiwania si\u0119 tym urzekaj\u0105cym j\u0119zykiem. Zaczynajmy!<\/p>\n\n\n\n<h3 class=\"wp-block-heading\" id=\"h-the-nuts-and-bolts-turkish-sentence-structure\">Nakr\u0119tki i: turecka struktura zdania<\/h3>\n\n\n\n<p>Zasadniczo <a href=\"https:\/\/talkpal.ai\/turkish-grammar\/\">gramatyka turecka<\/a> jest do\u015b\u0107 prosta. J\u0119zyk generalnie ma struktur\u0119 zda\u0144 Podmiot-Przedmiot-Czasownik (SOV), w przeciwie\u0144stwie do angielskiego i wielu innych j\u0119zyk\u00f3w. Na przyk\u0142ad zdanie &#8222;Jem jab\u0142ko&#8221; t\u0142umaczy si\u0119 jako &#8222;Ben elma yiyorum&#8221; (Ben=ja, elma=jab\u0142ko, yiyorum=jedzenie). Proste, prawda? Jednak\u017ce, gdy zag\u0142\u0119bimy si\u0119 bardziej, napotkamy kilka intryguj\u0105cych i charakterystycznych cech tureckiej gramatyki.<\/p>\n\n\n\n<h3 class=\"wp-block-heading\" id=\"h-meet-the-family-turkish-nouns-and-their-suffixes\">Poznaj rodzin\u0119: tureckie rzeczowniki i ich przyrostki<\/h3>\n\n\n\n<p>Jedn\u0105 z najbardziej osobliwych cech gramatyki tureckiej jest u\u017cywanie przyrostk\u00f3w do wyra\u017cania r\u00f3\u017cnych relacji gramatycznych. W j\u0119zyku tureckim nie ma przyimk\u00f3w; Zamiast nich do rzeczownik\u00f3w do\u0142\u0105czane s\u0105 przyrostki, aby wskaza\u0107 posiadanie, bezpo\u015brednie przedmioty i lokalizacj\u0119.<\/p>\n\n\n\n<p>We\u017amy na przyk\u0142ad s\u0142owo &#8222;elma&#8221; (elma), kt\u00f3re oznacza &#8222;jab\u0142ko&#8221;:<\/p>\n\n\n\n<p><strong>&#8211; Posiadanie: Benim elmam (Moje jab\u0142ko)<\/strong><\/p>\n\n\n\n<p><strong>&#8211; Obiekt bezpo\u015bredni: Elmay\u0131 yedim (zjad\u0142em jab\u0142ko)<\/strong><\/p>\n\n\n\n<p><strong>&#8211; Lokalizacja: Elmada (Przy jab\u0142ku)<\/strong><\/p>\n\n\n\n<p>Wa\u017cne jest, aby zapozna\u0107 si\u0119 z tymi przyrostkami, poniewa\u017c mog\u0105 one radykalnie zmieni\u0107 znaczenie zda\u0144.<\/p>\n\n\n\n<h3 class=\"wp-block-heading\" id=\"h-playing-with-numbers-turkish-plurals-and-genders\">Zabawa liczbami: turecka liczba mnoga i rodzaje<\/h3>\n\n\n\n<p>Podczas tworzenia liczby mnogiej w j\u0119zyku tureckim konieczne jest dodanie tylko jednego sufiksu: -ler lub -lar, w zale\u017cno\u015bci od najbli\u017cszej samog\u0142oski w s\u0142owie. W przeciwie\u0144stwie do wielu innych j\u0119zyk\u00f3w, turecki nie posiada rodzaju gramatycznego. Oznacza to, \u017ce nie musisz martwi\u0107 si\u0119 o nauk\u0119 r\u00f3\u017cnych ko\u0144c\u00f3wek lub form dla rzeczownik\u00f3w rodzaju m\u0119skiego, \u017ce\u0144skiego lub nijakiego.<\/p>\n\n\n\n<p>Na przyk\u0142ad &#8222;k\u00f6pek&#8221; (k\u00f6pek, rzeczownik oznaczaj\u0105cy &#8222;pies&#8221;) staje si\u0119 &#8222;k\u00f6pekler&#8221; (k\u00f6pekler, psy), a &#8222;kedi&#8221; (kedi, rzeczownik oznaczaj\u0105cy &#8222;kot&#8221;) staje si\u0119 &#8222;kediler&#8221; (kediler, koty).<\/p>\n\n\n\n<h3 class=\"wp-block-heading\" id=\"h-the-art-of-conjugation-turkish-verbs\">Sztuka koniugacji: czasowniki tureckie<\/h3>\n\n\n\n<p>Tureckie czasowniki mog\u0105 pocz\u0105tkowo wydawa\u0107 si\u0119 zniech\u0119caj\u0105ce ze wzgl\u0119du na ich liczne czasy, nastroje i koniugacje. Jednak kluczem do ich zrozumienia jest rozpoznawanie wsp\u00f3lnych wzorc\u00f3w i regularne praktykowanie.<\/p>\n\n\n\n<p>W j\u0119zyku tureckim czasowniki u\u017cywaj\u0105 r\u00f3\u017cnych przyrostk\u00f3w, aby wskaza\u0107 czas, nastr\u00f3j i osob\u0119. Temat czasownika pozostaje niezmieniony. We\u017amy czasownik &#8222;yemek&#8221; (yemek, &#8222;je\u015b\u0107&#8221;) jako przyk\u0142ad:<\/p>\n\n\n\n<p><strong>Czas tera\u017aniejszy ci\u0105g\u0142y: Yiyorum (jem)<\/strong><\/p>\n\n\n\n<p><strong>Czas przesz\u0142y: Yedim (jad\u0142em)<\/strong><\/p>\n\n\n\n<p><strong>Czas przysz\u0142y: Yiyece\u011fim (B\u0119d\u0119 jad\u0142)<\/strong><\/p>\n\n\n\n<p>Jak wida\u0107, ko\u0144c\u00f3wki zmieniaj\u0105 si\u0119 w zale\u017cno\u015bci od czasu i osoby. Dzi\u0119ki praktyce i cierpliwo\u015bci zaczniesz rozpoznawa\u0107 wzorce i pokonasz to wyzwanie.<\/p>\n\n\n\n<h3 class=\"wp-block-heading\" id=\"h-the-finishing-touches-turkish-adjectives-adverbs-and-more\">Wyko\u0144czenie: tureckie przymiotniki, przys\u0142\u00f3wki i nie tylko<\/h3>\n\n\n\n<p>Je\u015bli chodzi o tureckie przymiotniki i przys\u0142\u00f3wki, odgrywaj\u0105 one kluczow\u0105 rol\u0119 w dodawaniu g\u0142\u0119bi i z\u0142o\u017cono\u015bci do Twojej mowy. Przymiotniki w j\u0119zyku tureckim nie musz\u0105 zgadza\u0107 si\u0119 z rzeczownikami, kt\u00f3re modyfikuj\u0105, co czyni je \u0142atwiejszymi w u\u017cyciu ni\u017c w wielu innych j\u0119zykach.<\/p>\n\n\n\n<p>Na przyk\u0142ad, &#8222;g\u00fczel&#8221; (g\u00fczel) oznacza &#8222;pi\u0119kny&#8221; i mo\u017cna go zobaczy\u0107 jako &#8222;g\u00fczel \u00e7i\u00e7ek&#8221; (g\u00fczel \u00e7i\u00e7ek, &#8222;pi\u0119kny kwiat&#8221;) lub &#8222;g\u00fczel k\u00f6pek&#8221; (g\u00fczel k\u00f6pek, &#8222;pi\u0119kny pies&#8221;), bez zmiany na liczb\u0119 mnog\u0105 lub p\u0142e\u0107.<\/p>\n\n\n\n<p>Przys\u0142\u00f3wki zwykle maj\u0105 podobne wzorce, cz\u0119sto pochodz\u0105ce od przymiotnik\u00f3w. W j\u0119zyku tureckim wiele przys\u0142\u00f3wk\u00f3w mo\u017cna utworzy\u0107, dodaj\u0105c do przymiotnik\u00f3w przyrostek -ce lub -ca, w zale\u017cno\u015bci od najbli\u017cszej samog\u0142oski.<\/p>\n\n\n\n<p>Podsumowuj\u0105c, z\u0142o\u017cono\u015b\u0107 i osobliwo\u015bci tureckiej gramatyki, cho\u0107 stanowi\u0105 wyzwanie, nadaj\u0105 temu j\u0119zykowi urzekaj\u0105ce pi\u0119kno i charakter. Dzi\u0119ki po\u0142\u0105czeniu wytrwa\u0142o\u015bci, ciekawo\u015bci i praktycznego zastosowania, wkr\u00f3tce b\u0119dziesz porusza\u0107 si\u0119 po tureckiej gramatyce z \u0142atwo\u015bci\u0105 i pewno\u015bci\u0105 siebie. Mi\u0142ej nauki!<\/p>\n<\/div><\/div>\n\r\n<section class=\"learnNavigationSection\">\r\n            \r\n        <a href=\"https:\/\/talkpal.ai\/pl\/naucz-sie-tureckiego\/\">\r\n            <div class=\"learnNavigationWrapper\">\r\n                <div class=\"learnNavigationContent\">\r\n                    <img decoding=\"async\" src=\"https:\/\/talkpal.ai\/wp-content\/uploads\/2024\/08\/Turkish.jpg\" alt=\"Turkish Flag\">\r\n                    <div>\r\n                        <h4>O nauce j\u0119zyka tureckiego<\/h4>\r\n                        <p>Dowiedz si\u0119 wszystkiego o gramatyce tureckiej.<\/p>\r\n                    <\/div>\r\n                <\/div>\r\n            <\/div>\r\n        <\/a>\r\n\r\n        \r\n        <a href=\"https:\/\/talkpal.ai\/pl\/cwiczenia-z-gramatyki-tureckiej\/\">\r\n            <div class=\"learnNavigationWrapper\">\r\n                <div class=\"learnNavigationContent\">\r\n                    <img decoding=\"async\" src=\"https:\/\/talkpal.ai\/wp-content\/uploads\/2024\/08\/Turkish.jpg\" alt=\"Turkish Flag\">\r\n                    <div>\r\n                        <h4>Tureckie \u0107wiczenia gramatyczne<\/h4>\r\n                        <p>\u0106wicz gramatyk\u0119 tureck\u0105.<\/p>\r\n                    <\/div>\r\n                <\/div>\r\n            <\/div>\r\n        <\/a>\r\n\r\n        \r\n        <a href=\"https:\/\/talkpal.ai\/vocabulary_language\/turkish\/\">\r\n            <div class=\"learnNavigationWrapper\">\r\n                <div class=\"learnNavigationContent\">\r\n                    <img decoding=\"async\" src=\"https:\/\/talkpal.ai\/wp-content\/uploads\/2024\/08\/Turkish.jpg\" alt=\"Turkish Flag\">\r\n                    <div>\r\n                        <h4>S\u0142ownictwo tureckie<\/h4>\r\n                        <p>Poszerz swoje tureckie s\u0142ownictwo.<\/p>\r\n                    <\/div>\r\n                <\/div>\r\n            <\/div>\r\n        <\/a>\r\n\r\n            <\/section>","protected":false},"excerpt":{"rendered":"<p>Kompletny przewodnik po gramatyce tureckiej: poruszanie si\u0119 po zawi\u0142o\u015bciach unikalnego j\u0119zyka Gramatyka turecka, podobnie jak sam j\u0119zyk, przedstawia bogaty i fascynuj\u0105cy gobelin element\u00f3w j\u0119zykowych. Jako cz\u0142onek rodziny j\u0119zyk\u00f3w tureckich, turecki urzeka uczni\u00f3w swoimi r\u00f3\u017cnorodnymi cechami i stanowi wyzwanie nawet dla najbardziej bieg\u0142ych m\u00f3wc\u00f3w. W tym przewodniku zbadamy kluczowe zasady gramatyki tureckiej, obja\u015bnimy jej zawi\u0142o\u015bci i [&hellip;]<\/p>\n","protected":false},"author":1,"featured_media":120992,"parent":0,"menu_order":0,"comment_status":"closed","ping_status":"closed","template":"LearningContentPage.php","meta":{"_acf_changed":false,"footnotes":""},"class_list":["post-153071","page","type-page","status-publish","has-post-thumbnail","hentry"],"acf":[],"yoast_head":"<!-- This site is optimized with the Yoast SEO Premium plugin v27.2 (Yoast SEO v27.2) - https:\/\/yoast.com\/product\/yoast-seo-premium-wordpress\/ -->\n<title>Gramatyka turecka - Talkpal<\/title>\n<meta name=\"description\" content=\"Odkryj sekrety tureckiej gramatyki dzi\u0119ki naszemu kompleksowemu przewodnikowi po jej kluczowych zasadach i strukturze zda\u0144.\" \/>\n<meta name=\"robots\" content=\"index, follow, max-snippet:-1, max-image-preview:large, max-video-preview:-1\" \/>\n<link rel=\"canonical\" href=\"https:\/\/talkpal.ai\/pl\/gramatyka-turecka\/\" \/>\n<meta property=\"og:locale\" content=\"pl_PL\" \/>\n<meta property=\"og:type\" content=\"article\" \/>\n<meta property=\"og:title\" content=\"Gramatyka turecka\" \/>\n<meta property=\"og:description\" content=\"Kompletny przewodnik po gramatyce tureckiej: poruszanie si\u0119 po zawi\u0142o\u015bciach unikalnego j\u0119zyka Gramatyka turecka, podobnie jak sam j\u0119zyk, przedstawia\" \/>\n<meta property=\"og:url\" content=\"https:\/\/talkpal.ai\/pl\/gramatyka-turecka\/\" \/>\n<meta property=\"og:site_name\" content=\"Talkpal\" \/>\n<meta property=\"article:publisher\" content=\"https:\/\/www.facebook.com\/profile.php?id=100090733639311\" \/>\n<meta property=\"article:modified_time\" content=\"2025-12-13T15:45:46+00:00\" \/>\n<meta property=\"og:image\" content=\"https:\/\/talkpal.ai\/wp-content\/uploads\/2023\/05\/turkish.png\" \/>\n\t<meta property=\"og:image:width\" content=\"512\" \/>\n\t<meta property=\"og:image:height\" content=\"512\" \/>\n\t<meta property=\"og:image:type\" content=\"image\/png\" \/>\n<meta name=\"twitter:card\" content=\"summary_large_image\" \/>\n<meta name=\"twitter:site\" content=\"@talkpalai\" \/>\n<meta name=\"twitter:label1\" content=\"Szacowany czas czytania\" \/>\n\t<meta name=\"twitter:data1\" content=\"3 minuty\" \/>\n<script type=\"application\/ld+json\" class=\"yoast-schema-graph\">{\"@context\":\"https:\/\/schema.org\",\"@graph\":[{\"@type\":\"WebPage\",\"@id\":\"https:\/\/talkpal.ai\/pl\/gramatyka-turecka\/\",\"url\":\"https:\/\/talkpal.ai\/pl\/gramatyka-turecka\/\",\"name\":\"Gramatyka turecka - Talkpal\",\"isPartOf\":{\"@id\":\"https:\/\/talkpal.ai\/pl\/#website\"},\"primaryImageOfPage\":{\"@id\":\"https:\/\/talkpal.ai\/pl\/gramatyka-turecka\/#primaryimage\"},\"image\":{\"@id\":\"https:\/\/talkpal.ai\/pl\/gramatyka-turecka\/#primaryimage\"},\"thumbnailUrl\":\"https:\/\/talkpal.ai\/wp-content\/uploads\/2023\/05\/turkish.png\",\"datePublished\":\"2023-05-14T14:23:49+00:00\",\"dateModified\":\"2025-12-13T15:45:46+00:00\",\"description\":\"Odkryj sekrety tureckiej gramatyki dzi\u0119ki naszemu kompleksowemu przewodnikowi po jej kluczowych zasadach i strukturze zda\u0144.\",\"breadcrumb\":{\"@id\":\"https:\/\/talkpal.ai\/pl\/gramatyka-turecka\/#breadcrumb\"},\"inLanguage\":\"pl-PL\",\"potentialAction\":[{\"@type\":\"ReadAction\",\"target\":[\"https:\/\/talkpal.ai\/pl\/gramatyka-turecka\/\"]}]},{\"@type\":\"ImageObject\",\"inLanguage\":\"pl-PL\",\"@id\":\"https:\/\/talkpal.ai\/pl\/gramatyka-turecka\/#primaryimage\",\"url\":\"https:\/\/talkpal.ai\/wp-content\/uploads\/2023\/05\/turkish.png\",\"contentUrl\":\"https:\/\/talkpal.ai\/wp-content\/uploads\/2023\/05\/turkish.png\",\"width\":512,\"height\":512},{\"@type\":\"BreadcrumbList\",\"@id\":\"https:\/\/talkpal.ai\/pl\/gramatyka-turecka\/#breadcrumb\",\"itemListElement\":[{\"@type\":\"ListItem\",\"position\":1,\"name\":\"Homepage\",\"item\":\"https:\/\/talkpal.ai\/pl\/\"},{\"@type\":\"ListItem\",\"position\":2,\"name\":\"Gramatyka turecka\"}]},{\"@type\":\"WebSite\",\"@id\":\"https:\/\/talkpal.ai\/pl\/#website\",\"url\":\"https:\/\/talkpal.ai\/pl\/\",\"name\":\"Talkpal\",\"description\":\"AI Language Learning\",\"publisher\":{\"@id\":\"https:\/\/talkpal.ai\/pl\/#organization\"},\"alternateName\":\"Talkpal AI\",\"potentialAction\":[{\"@type\":\"SearchAction\",\"target\":{\"@type\":\"EntryPoint\",\"urlTemplate\":\"https:\/\/talkpal.ai\/pl\/?s={search_term_string}\"},\"query-input\":{\"@type\":\"PropertyValueSpecification\",\"valueRequired\":true,\"valueName\":\"search_term_string\"}}],\"inLanguage\":\"pl-PL\"},{\"@type\":\"Organization\",\"@id\":\"https:\/\/talkpal.ai\/pl\/#organization\",\"name\":\"Talkpal, Inc.\",\"alternateName\":\"Talkpal AI\",\"url\":\"https:\/\/talkpal.ai\/pl\/\",\"logo\":{\"@type\":\"ImageObject\",\"inLanguage\":\"pl-PL\",\"@id\":\"https:\/\/talkpal.ai\/pl\/#\/schema\/logo\/image\/\",\"url\":\"https:\/\/talkpal.ai\/wp-content\/uploads\/2024\/03\/Talkpal-Logo-Icon.png\",\"contentUrl\":\"https:\/\/talkpal.ai\/wp-content\/uploads\/2024\/03\/Talkpal-Logo-Icon.png\",\"width\":2880,\"height\":2880,\"caption\":\"Talkpal, Inc.\"},\"image\":{\"@id\":\"https:\/\/talkpal.ai\/pl\/#\/schema\/logo\/image\/\"},\"sameAs\":[\"https:\/\/www.facebook.com\/profile.php?id=100090733639311\",\"https:\/\/x.com\/talkpalai\",\"https:\/\/www.linkedin.com\/company\/talkpal\/\",\"https:\/\/www.youtube.com\/@TalkPal\/\",\"https:\/\/www.tiktok.com\/@talkpal\",\"https:\/\/www.instagram.com\/talkpal_ai\/\",\"https:\/\/www.crunchbase.com\/organization\/talkpal-9cde\",\"https:\/\/www.g2.com\/products\/talkpal-for-business\/\",\"https:\/\/www.trustpilot.com\/review\/talkpal.ai\",\"https:\/\/www.capterra.com\/p\/10006800\/TalkPal\/\"],\"description\":\"Talkpal is a language learning web and mobile education app, powered by the latest AI technologies, that provides engaging experiences to its customers in many different languages to help them improve their language skills. Users can chat about unlimited amount of topics with the app and use other modes to practice their language learning.\",\"email\":\"support@talkpal.ai\",\"legalName\":\"Talkpal, Inc.\",\"foundingDate\":\"2023-04-03\",\"duns\":\"118989042\",\"numberOfEmployees\":{\"@type\":\"QuantitativeValue\",\"minValue\":\"11\",\"maxValue\":\"50\"},\"publishingPrinciples\":\"https:\/\/talkpal.ai\/publishing-principles\/\",\"actionableFeedbackPolicy\":\"https:\/\/talkpal.ai\/actionable-feedback-policy\/\",\"correctionsPolicy\":\"https:\/\/talkpal.ai\/corrections-policy\/\",\"ethicsPolicy\":\"https:\/\/talkpal.ai\/ethics-policy\/\",\"diversityPolicy\":\"https:\/\/talkpal.ai\/diversity-policy\/\",\"diversityStaffingReport\":\"https:\/\/talkpal.ai\/diversity-policy\/\"}]}<\/script>\n<!-- \/ Yoast SEO Premium plugin. -->","yoast_head_json":{"title":"Gramatyka turecka - Talkpal","description":"Odkryj sekrety tureckiej gramatyki dzi\u0119ki naszemu kompleksowemu przewodnikowi po jej kluczowych zasadach i strukturze zda\u0144.","robots":{"index":"index","follow":"follow","max-snippet":"max-snippet:-1","max-image-preview":"max-image-preview:large","max-video-preview":"max-video-preview:-1"},"canonical":"https:\/\/talkpal.ai\/pl\/gramatyka-turecka\/","og_locale":"pl_PL","og_type":"article","og_title":"Gramatyka turecka","og_description":"Kompletny przewodnik po gramatyce tureckiej: poruszanie si\u0119 po zawi\u0142o\u015bciach unikalnego j\u0119zyka Gramatyka turecka, podobnie jak sam j\u0119zyk, przedstawia","og_url":"https:\/\/talkpal.ai\/pl\/gramatyka-turecka\/","og_site_name":"Talkpal","article_publisher":"https:\/\/www.facebook.com\/profile.php?id=100090733639311","article_modified_time":"2025-12-13T15:45:46+00:00","og_image":[{"width":512,"height":512,"url":"https:\/\/talkpal.ai\/wp-content\/uploads\/2023\/05\/turkish.png","type":"image\/png"}],"twitter_card":"summary_large_image","twitter_site":"@talkpalai","twitter_misc":{"Szacowany czas czytania":"3 minuty"},"schema":{"@context":"https:\/\/schema.org","@graph":[{"@type":"WebPage","@id":"https:\/\/talkpal.ai\/pl\/gramatyka-turecka\/","url":"https:\/\/talkpal.ai\/pl\/gramatyka-turecka\/","name":"Gramatyka turecka - Talkpal","isPartOf":{"@id":"https:\/\/talkpal.ai\/pl\/#website"},"primaryImageOfPage":{"@id":"https:\/\/talkpal.ai\/pl\/gramatyka-turecka\/#primaryimage"},"image":{"@id":"https:\/\/talkpal.ai\/pl\/gramatyka-turecka\/#primaryimage"},"thumbnailUrl":"https:\/\/talkpal.ai\/wp-content\/uploads\/2023\/05\/turkish.png","datePublished":"2023-05-14T14:23:49+00:00","dateModified":"2025-12-13T15:45:46+00:00","description":"Odkryj sekrety tureckiej gramatyki dzi\u0119ki naszemu kompleksowemu przewodnikowi po jej kluczowych zasadach i strukturze zda\u0144.","breadcrumb":{"@id":"https:\/\/talkpal.ai\/pl\/gramatyka-turecka\/#breadcrumb"},"inLanguage":"pl-PL","potentialAction":[{"@type":"ReadAction","target":["https:\/\/talkpal.ai\/pl\/gramatyka-turecka\/"]}]},{"@type":"ImageObject","inLanguage":"pl-PL","@id":"https:\/\/talkpal.ai\/pl\/gramatyka-turecka\/#primaryimage","url":"https:\/\/talkpal.ai\/wp-content\/uploads\/2023\/05\/turkish.png","contentUrl":"https:\/\/talkpal.ai\/wp-content\/uploads\/2023\/05\/turkish.png","width":512,"height":512},{"@type":"BreadcrumbList","@id":"https:\/\/talkpal.ai\/pl\/gramatyka-turecka\/#breadcrumb","itemListElement":[{"@type":"ListItem","position":1,"name":"Homepage","item":"https:\/\/talkpal.ai\/pl\/"},{"@type":"ListItem","position":2,"name":"Gramatyka turecka"}]},{"@type":"WebSite","@id":"https:\/\/talkpal.ai\/pl\/#website","url":"https:\/\/talkpal.ai\/pl\/","name":"Talkpal","description":"AI Language Learning","publisher":{"@id":"https:\/\/talkpal.ai\/pl\/#organization"},"alternateName":"Talkpal AI","potentialAction":[{"@type":"SearchAction","target":{"@type":"EntryPoint","urlTemplate":"https:\/\/talkpal.ai\/pl\/?s={search_term_string}"},"query-input":{"@type":"PropertyValueSpecification","valueRequired":true,"valueName":"search_term_string"}}],"inLanguage":"pl-PL"},{"@type":"Organization","@id":"https:\/\/talkpal.ai\/pl\/#organization","name":"Talkpal, Inc.","alternateName":"Talkpal AI","url":"https:\/\/talkpal.ai\/pl\/","logo":{"@type":"ImageObject","inLanguage":"pl-PL","@id":"https:\/\/talkpal.ai\/pl\/#\/schema\/logo\/image\/","url":"https:\/\/talkpal.ai\/wp-content\/uploads\/2024\/03\/Talkpal-Logo-Icon.png","contentUrl":"https:\/\/talkpal.ai\/wp-content\/uploads\/2024\/03\/Talkpal-Logo-Icon.png","width":2880,"height":2880,"caption":"Talkpal, Inc."},"image":{"@id":"https:\/\/talkpal.ai\/pl\/#\/schema\/logo\/image\/"},"sameAs":["https:\/\/www.facebook.com\/profile.php?id=100090733639311","https:\/\/x.com\/talkpalai","https:\/\/www.linkedin.com\/company\/talkpal\/","https:\/\/www.youtube.com\/@TalkPal\/","https:\/\/www.tiktok.com\/@talkpal","https:\/\/www.instagram.com\/talkpal_ai\/","https:\/\/www.crunchbase.com\/organization\/talkpal-9cde","https:\/\/www.g2.com\/products\/talkpal-for-business\/","https:\/\/www.trustpilot.com\/review\/talkpal.ai","https:\/\/www.capterra.com\/p\/10006800\/TalkPal\/"],"description":"Talkpal is a language learning web and mobile education app, powered by the latest AI technologies, that provides engaging experiences to its customers in many different languages to help them improve their language skills. Users can chat about unlimited amount of topics with the app and use other modes to practice their language learning.","email":"support@talkpal.ai","legalName":"Talkpal, Inc.","foundingDate":"2023-04-03","duns":"118989042","numberOfEmployees":{"@type":"QuantitativeValue","minValue":"11","maxValue":"50"},"publishingPrinciples":"https:\/\/talkpal.ai\/publishing-principles\/","actionableFeedbackPolicy":"https:\/\/talkpal.ai\/actionable-feedback-policy\/","correctionsPolicy":"https:\/\/talkpal.ai\/corrections-policy\/","ethicsPolicy":"https:\/\/talkpal.ai\/ethics-policy\/","diversityPolicy":"https:\/\/talkpal.ai\/diversity-policy\/","diversityStaffingReport":"https:\/\/talkpal.ai\/diversity-policy\/"}]}},"_links":{"self":[{"href":"https:\/\/talkpal.ai\/pl\/wp-json\/wp\/v2\/pages\/153071","targetHints":{"allow":["GET"]}}],"collection":[{"href":"https:\/\/talkpal.ai\/pl\/wp-json\/wp\/v2\/pages"}],"about":[{"href":"https:\/\/talkpal.ai\/pl\/wp-json\/wp\/v2\/types\/page"}],"author":[{"embeddable":true,"href":"https:\/\/talkpal.ai\/pl\/wp-json\/wp\/v2\/users\/1"}],"replies":[{"embeddable":true,"href":"https:\/\/talkpal.ai\/pl\/wp-json\/wp\/v2\/comments?post=153071"}],"version-history":[{"count":0,"href":"https:\/\/talkpal.ai\/pl\/wp-json\/wp\/v2\/pages\/153071\/revisions"}],"wp:featuredmedia":[{"embeddable":true,"href":"https:\/\/talkpal.ai\/pl\/wp-json\/wp\/v2\/media\/120992"}],"wp:attachment":[{"href":"https:\/\/talkpal.ai\/pl\/wp-json\/wp\/v2\/media?parent=153071"}],"curies":[{"name":"wp","href":"https:\/\/api.w.org\/{rel}","templated":true}]}}