{"id":152767,"date":"2023-05-14T14:23:21","date_gmt":"2023-05-14T14:23:21","guid":{"rendered":"http:\/\/talkpal.ai\/gramatyka-tagalska\/"},"modified":"2025-12-17T15:38:39","modified_gmt":"2025-12-17T15:38:39","slug":"gramatyka-tagalska","status":"publish","type":"page","link":"https:\/\/talkpal.ai\/pl\/gramatyka-tagalska\/","title":{"rendered":"Gramatyka tagalska"},"content":{"rendered":"\r\n\r\n\r\n<section class=\"languageChallengeSection\">\r\n    <div class=\"languageInfoWrapper\">\r\n        \r\n        <h1>Gramatyka tagalska<\/h1>\r\n        <p>Nie mo\u017cesz si\u0119 doczeka\u0107 nauki j\u0119zyka tagalskiego? Poznaj gramatyk\u0119 tagalsk\u0105, w kt\u00f3rej unikalne systemy koncentracji czasownik\u00f3w, elastyczny porz\u0105dek zda\u0144 i pomocne partyku\u0142y tworz\u0105 j\u0119zyk, kt\u00f3ry jest r\u00f3wnie wyrazisty, co interesuj\u0105cy. Rozpocznij swoj\u0105 podr\u00f3\u017c ju\u017c teraz &#8211; opanowanie gramatyki tagalskiej pozwoli Ci komunikowa\u0107 si\u0119 pewnie i zanurzy\u0107 si\u0119 w t\u0119tni\u0105cej \u017cyciem kulturze Filipin!<\/p>\r\n\r\n                            <a class=\"getStartedHidden\" href=\"https:\/\/app.talkpal.ai\/pl\/signup?lng=\">Zaczynaj<\/a>\r\n        \r\n    <\/div>\r\n\r\n    <figure>\r\n    <img decoding=\"async\" width=\"768\" height=\"768\" src=\"https:\/\/talkpal.ai\/wp-content\/uploads\/2023\/06\/tagalog-768x768.png\" class=\"languageImage no-lazy\" alt=\"Overcoming challenges in language learning\" fetchpriority=\"high\" sizes=\"(max-width: 768px) 150px, 768px\" srcset=\"https:\/\/talkpal.ai\/wp-content\/uploads\/2023\/06\/tagalog-768x768.png 768w, https:\/\/talkpal.ai\/wp-content\/uploads\/2023\/06\/tagalog-300x300.png 300w\" \/>\r\n    \r\n\r\n    <\/figure>\r\n\r\n            <a class=\"getStartedVisible\" href=\"https:\/\/app.talkpal.ai\/pl\/signup?lng=\">Zaczynaj<\/a>\r\n    \r\n<\/section>\r\n<section class=\"promotionalBanner\">\r\n    <p class=\"promotionalText\">Najbardziej efektywny spos\u00f3b nauki j\u0119zyka<\/p>\r\n    <a class=\"promotionalLink\" href=\"https:\/\/app.talkpal.ai\/pl\/signup?lng=\">Wypr\u00f3buj Talkpal za darmo<\/a>\r\n<\/section>\n<div class=\"wp-block-group pageContainerStyle\"><div class=\"wp-block-group__inner-container is-layout-constrained wp-block-group-is-layout-constrained\">\n<h1 class=\"wp-block-heading\" id=\"h-tagalog-grammar-get-to-know-the-heart-of-filipino-language\">Gramatyka tagalska: poznaj serce j\u0119zyka filipi\u0144skiego<\/h1>\n\n\n\n<p><a href=\"https:\/\/talkpal.ai\/learn-tagalog\/\">Tagalog<\/a>, podstawa j\u0119zyka narodowego Filipin, filipi\u0144skiego, jest u\u017cywany przez miliony ludzi na ca\u0142ym <a href=\"https:\/\/talkpal.ai\/locations\/language-courses-in-swiecie\/\">\u015bwiecie<\/a>. Aby <a href=\"https:\/\/talkpal.ai\/pl\/jak-szybko-i-skutecznie-nauczyc-sie-nowego-jezyka\/\">nauczy\u0107 si\u0119 j\u0119zyka<\/a> tagalskiego, musisz najpierw zrozumie\u0107 jego zawi\u0142\u0105 i fascynuj\u0105c\u0105 gramatyk\u0119. W tym artykule zag\u0142\u0119bimy si\u0119 w podstawowe aspekty gramatyki tagalskiej, pomagaj\u0105c Ci doceni\u0107 ten pi\u0119kny j\u0119zyk w konwersacyjny i przyjazny spos\u00f3b.<\/p>\n\n\n\n<h3 class=\"wp-block-heading\" id=\"h-1-nouns-genderless-countable-and-uncountable\">1. Rzeczowniki \u2013 bezp\u0142ciowe, policzalne i niepoliczalne<\/h3>\n\n\n\n<p>W j\u0119zyku tagalskim rzeczowniki (pangngalan) nie s\u0105 kategoryzowane wed\u0142ug p\u0142ci, co sprawia, \u017ce jest \u0142atwiejszy w zarz\u0105dzaniu ni\u017c w przypadku niekt\u00f3rych innych j\u0119zyk\u00f3w. Rzeczowniki pospolite odnosz\u0105 si\u0119 do ludzi, zwierz\u0105t, miejsc, rzeczy lub idei, a rzeczowniki w\u0142asne oznaczaj\u0105 okre\u015blone nazwy. Spotkasz si\u0119 zar\u00f3wno z rzeczownikami policzalnymi (tahanan, czyli &#8222;dom&#8221;), jak i niepoliczalnymi (tubig, czyli &#8222;woda&#8221;). Rzeczowniki mo\u017cna r\u00f3wnie\u017c przekszta\u0142ci\u0107 w liczb\u0119 mnog\u0105, dodaj\u0105c okre\u015blone znaczniki, takie jak &#8222;mga&#8221;.<\/p>\n\n\n\n<h3 class=\"wp-block-heading\" id=\"h-2-adjectives-describing-with-flair\">2. Przymiotniki \u2013 opisywanie z polotem<\/h3>\n\n\n\n<p>Przymiotniki (pang-uri) dostarczaj\u0105 wi\u0119cej informacji o rzeczownikach, z kilkoma sposobami u\u017cycia przymiotnik\u00f3w w j\u0119zyku tagalskim. Por\u00f3wnywanie rzeczownik\u00f3w odbywa si\u0119 za pomoc\u0105 przymiotnik\u00f3w przy u\u017cyciu znacznik\u00f3w &#8222;mas&#8221; i &#8222;pinaka&#8221; do tworzenia stopni por\u00f3wnawczych i najwy\u017cszych. Na przyk\u0142ad &#8222;maganda&#8221; oznacza &#8222;pi\u0119kny&#8221;, podczas gdy &#8222;mas maganda&#8221; oznacza &#8222;pi\u0119kniejszy&#8221;, a &#8222;pinakamaganda&#8221; oznacza &#8222;najpi\u0119kniejszy&#8221;.<\/p>\n\n\n\n<h3 class=\"wp-block-heading\" id=\"h-3-pronouns-keeping-it-personal\">3. Zaimki \u2013 osobisty<\/h3>\n\n\n\n<p><a href=\"https:\/\/talkpal.ai\/tagalog-grammar\/\">Gramatyka tagalska<\/a> sk\u0142ada si\u0119 z zaimk\u00f3w osobowych, dzier\u017cawczych, wskazuj\u0105cych, pytaj\u0105cych i wzgl\u0119dnych. Zaimki osobowe wyst\u0119puj\u0105 w trzech przypadkach: mianownik (wskazuj\u0105cy podmiot), dope\u0142niacz (wskazuj\u0105cy na posiadanie) i zbieranik (wskazuj\u0105cy na dope\u0142nienie). Zaimki wskazuj\u0105ce, takie jak &#8222;ito&#8221; (to) i &#8222;iyan&#8221; (tamto), s\u0105 u\u017cywane do wskazywania konkretnych rzeczy, podczas gdy zaimki pytaj\u0105ce s\u0105 u\u017cywane do zadawania pyta\u0144.<\/p>\n\n\n\n<h3 class=\"wp-block-heading\" id=\"h-4-verbs-conjugation-and-focus\">4. Czasowniki \u2013 koniugacja i skupienie<\/h3>\n\n\n\n<p>Czasowniki tagalskie (pandiwa) odgrywaj\u0105 istotn\u0105 rol\u0119 w konstruowaniu zda\u0144, a ich koniugacja jest wyra\u017ana. Zamiast zmian czasu, koniugacje czasownik\u00f3w w j\u0119zyku tagalskim obejmuj\u0105 zmiany aspekt\u00f3w. Istniej\u0105 trzy aspekty czasownika: zako\u0144czony (dokonany), niedoko\u0144czony (niedokonany) i kontemplowany (przysz\u0142y).  <\/p>\n\n\n\n<p>Co wi\u0119cej, j\u0119zyk <a href=\"https:\/\/talkpal.ai\/learn-tagalog\/\">tagalski<\/a> ma unikalny system skupienia zwi\u0105zany z czasownikami. W tym systemie forma czasownika zmienia si\u0119 w zale\u017cno\u015bci od tego, na kt\u00f3rej cz\u0119\u015bci zdania si\u0119 skupiamy, na przyk\u0142ad od dope\u0142nienia, podmiotu lub kierunku czynno\u015bci. Kluczowe znaczniki, takie jak &#8222;um-&#8222;, &#8222;mag-&#8221; i &#8222;-in&#8221;, pomagaj\u0105 przekaza\u0107 r\u00f3\u017cne niuanse w zdaniach.<\/p>\n\n\n\n<h3 class=\"wp-block-heading\" id=\"h-5-embracing-the-journey\">5. Obj\u0119cie podr\u00f3\u017cy<\/h3>\n\n\n\n<p>Nauka gramatyki tagalskiej wymaga czasu, wysi\u0142ku i odrobiny cierpliwo\u015bci. Jednak jego wyj\u0105tkowo\u015b\u0107, gdy ju\u017c zostanie opanowana, zapewnia niezr\u00f3wnany wgl\u0105d w filipi\u0144sk\u0105 kultur\u0119 i dziedzictwo. Zachowaj otwarty umys\u0142, \u0107wicz konsekwentnie i nie b\u00f3j si\u0119 pope\u0142nia\u0107 b\u0142\u0119d\u00f3w podczas m\u00f3wienia.<\/p>\n\n\n\n<p>Zanurzaj\u0105c si\u0119 g\u0142\u0119biej w niuanse gramatyki j\u0119zyka tagalog, po\u015bwi\u0119\u0107 troch\u0119 czasu na rozkoszowanie si\u0119 jej \u017cywio\u0142owo\u015bci\u0105 i bogactwem. Delektuj si\u0119 zrozumieniem z\u0142o\u017cono\u015bci, kt\u00f3ra czyni ten j\u0119zyk naprawd\u0119 wyj\u0105tkowym. Maligayang pag-aaral \u2013 mi\u0142ej nauki!<\/p>\n<\/div><\/div>\n\r\n<section class=\"learnNavigationSection\">\r\n            \r\n        <a href=\"https:\/\/talkpal.ai\/pl\/naucz-sie-jezyka-tagalskiego\/\">\r\n            <div class=\"learnNavigationWrapper\">\r\n                <div class=\"learnNavigationContent\">\r\n                    <img decoding=\"async\" src=\"https:\/\/talkpal.ai\/wp-content\/uploads\/2024\/08\/Tagalog.jpg\" alt=\"Philippines Flag\">\r\n                    <div>\r\n                        <h4>O nauce j\u0119zyka tagalog<\/h4>\r\n                        <p>Dowiedz si\u0119 wszystkiego o gramatyce tagalskiej.<\/p>\r\n                    <\/div>\r\n                <\/div>\r\n            <\/div>\r\n        <\/a>\r\n\r\n        \r\n        <a href=\"https:\/\/talkpal.ai\/pl\/cwiczenia-gramatyczne-w-jezyku-tagalskim\/\">\r\n            <div class=\"learnNavigationWrapper\">\r\n                <div class=\"learnNavigationContent\">\r\n                    <img decoding=\"async\" src=\"https:\/\/talkpal.ai\/wp-content\/uploads\/2024\/08\/Tagalog.jpg\" alt=\"Philippines Flag\">\r\n                    <div>\r\n                        <h4>\u0106wiczenie gramatyczne Tagalog<\/h4>\r\n                        <p>\u0106wicz gramatyk\u0119 tagalsk\u0105.<\/p>\r\n                    <\/div>\r\n                <\/div>\r\n            <\/div>\r\n        <\/a>\r\n\r\n        \r\n        <a href=\"https:\/\/talkpal.ai\/vocabulary_language\/tagalog\/\">\r\n            <div class=\"learnNavigationWrapper\">\r\n                <div class=\"learnNavigationContent\">\r\n                    <img decoding=\"async\" src=\"https:\/\/talkpal.ai\/wp-content\/uploads\/2024\/08\/Tagalog.jpg\" alt=\"Philippines Flag\">\r\n                    <div>\r\n                        <h4>S\u0142ownictwo tagalog<\/h4>\r\n                        <p>Poszerz swoje s\u0142ownictwo w j\u0119zyku tagalog.<\/p>\r\n                    <\/div>\r\n                <\/div>\r\n            <\/div>\r\n        <\/a>\r\n\r\n            <\/section>","protected":false},"excerpt":{"rendered":"<p>Gramatyka tagalska: poznaj serce j\u0119zyka filipi\u0144skiego Tagalog, podstawa j\u0119zyka narodowego Filipin, filipi\u0144skiego, jest u\u017cywany przez miliony ludzi na ca\u0142ym \u015bwiecie. Aby nauczy\u0107 si\u0119 j\u0119zyka tagalskiego, musisz najpierw zrozumie\u0107 jego zawi\u0142\u0105 i fascynuj\u0105c\u0105 gramatyk\u0119. W tym artykule zag\u0142\u0119bimy si\u0119 w podstawowe aspekty gramatyki tagalskiej, pomagaj\u0105c Ci doceni\u0107 ten pi\u0119kny j\u0119zyk w konwersacyjny i przyjazny spos\u00f3b. 1. [&hellip;]<\/p>\n","protected":false},"author":1,"featured_media":120036,"parent":0,"menu_order":0,"comment_status":"closed","ping_status":"closed","template":"LearningContentPage.php","meta":{"_acf_changed":false,"footnotes":""},"class_list":["post-152767","page","type-page","status-publish","has-post-thumbnail","hentry"],"acf":[],"yoast_head":"<!-- This site is optimized with the Yoast SEO Premium plugin v27.2 (Yoast SEO v27.2) - https:\/\/yoast.com\/product\/yoast-seo-premium-wordpress\/ -->\n<title>Gramatyka tagalska - Talkpal<\/title>\n<meta name=\"description\" content=\"Poznaj podstawy gramatyki j\u0119zyka tagalskiego i dowiedz si\u0119, jak doceni\u0107 ten pi\u0119kny j\u0119zyk w prosty i przyjazny spos\u00f3b.\" \/>\n<meta name=\"robots\" content=\"index, follow, max-snippet:-1, max-image-preview:large, max-video-preview:-1\" \/>\n<link rel=\"canonical\" href=\"https:\/\/talkpal.ai\/pl\/gramatyka-tagalska\/\" \/>\n<meta property=\"og:locale\" content=\"pl_PL\" \/>\n<meta property=\"og:type\" content=\"article\" \/>\n<meta property=\"og:title\" content=\"Gramatyka tagalska\" \/>\n<meta property=\"og:description\" content=\"Gramatyka tagalska: poznaj serce j\u0119zyka filipi\u0144skiego Tagalog, podstawa j\u0119zyka narodowego Filipin, filipi\u0144skiego, jest u\u017cywany przez miliony ludzi na\" \/>\n<meta property=\"og:url\" content=\"https:\/\/talkpal.ai\/pl\/gramatyka-tagalska\/\" \/>\n<meta property=\"og:site_name\" content=\"Talkpal\" \/>\n<meta property=\"article:publisher\" content=\"https:\/\/www.facebook.com\/profile.php?id=100090733639311\" \/>\n<meta property=\"article:modified_time\" content=\"2025-12-17T15:38:39+00:00\" \/>\n<meta property=\"og:image\" content=\"https:\/\/talkpal.ai\/wp-content\/uploads\/2023\/05\/Tagalog-philippines.png\" \/>\n\t<meta property=\"og:image:width\" content=\"512\" \/>\n\t<meta property=\"og:image:height\" content=\"512\" \/>\n\t<meta property=\"og:image:type\" content=\"image\/png\" \/>\n<meta name=\"twitter:card\" content=\"summary_large_image\" \/>\n<meta name=\"twitter:site\" content=\"@talkpalai\" \/>\n<meta name=\"twitter:label1\" content=\"Szacowany czas czytania\" \/>\n\t<meta name=\"twitter:data1\" content=\"3 minuty\" \/>\n<script type=\"application\/ld+json\" class=\"yoast-schema-graph\">{\"@context\":\"https:\/\/schema.org\",\"@graph\":[{\"@type\":\"WebPage\",\"@id\":\"https:\/\/talkpal.ai\/pl\/gramatyka-tagalska\/\",\"url\":\"https:\/\/talkpal.ai\/pl\/gramatyka-tagalska\/\",\"name\":\"Gramatyka tagalska - Talkpal\",\"isPartOf\":{\"@id\":\"https:\/\/talkpal.ai\/pl\/#website\"},\"primaryImageOfPage\":{\"@id\":\"https:\/\/talkpal.ai\/pl\/gramatyka-tagalska\/#primaryimage\"},\"image\":{\"@id\":\"https:\/\/talkpal.ai\/pl\/gramatyka-tagalska\/#primaryimage\"},\"thumbnailUrl\":\"https:\/\/talkpal.ai\/wp-content\/uploads\/2023\/05\/Tagalog-philippines.png\",\"datePublished\":\"2023-05-14T14:23:21+00:00\",\"dateModified\":\"2025-12-17T15:38:39+00:00\",\"description\":\"Poznaj podstawy gramatyki j\u0119zyka tagalskiego i dowiedz si\u0119, jak doceni\u0107 ten pi\u0119kny j\u0119zyk w prosty i przyjazny spos\u00f3b.\",\"breadcrumb\":{\"@id\":\"https:\/\/talkpal.ai\/pl\/gramatyka-tagalska\/#breadcrumb\"},\"inLanguage\":\"pl-PL\",\"potentialAction\":[{\"@type\":\"ReadAction\",\"target\":[\"https:\/\/talkpal.ai\/pl\/gramatyka-tagalska\/\"]}]},{\"@type\":\"ImageObject\",\"inLanguage\":\"pl-PL\",\"@id\":\"https:\/\/talkpal.ai\/pl\/gramatyka-tagalska\/#primaryimage\",\"url\":\"https:\/\/talkpal.ai\/wp-content\/uploads\/2023\/05\/Tagalog-philippines.png\",\"contentUrl\":\"https:\/\/talkpal.ai\/wp-content\/uploads\/2023\/05\/Tagalog-philippines.png\",\"width\":512,\"height\":512},{\"@type\":\"BreadcrumbList\",\"@id\":\"https:\/\/talkpal.ai\/pl\/gramatyka-tagalska\/#breadcrumb\",\"itemListElement\":[{\"@type\":\"ListItem\",\"position\":1,\"name\":\"Homepage\",\"item\":\"https:\/\/talkpal.ai\/pl\/\"},{\"@type\":\"ListItem\",\"position\":2,\"name\":\"Gramatyka tagalska\"}]},{\"@type\":\"WebSite\",\"@id\":\"https:\/\/talkpal.ai\/pl\/#website\",\"url\":\"https:\/\/talkpal.ai\/pl\/\",\"name\":\"Talkpal\",\"description\":\"AI Language Learning\",\"publisher\":{\"@id\":\"https:\/\/talkpal.ai\/pl\/#organization\"},\"alternateName\":\"Talkpal AI\",\"potentialAction\":[{\"@type\":\"SearchAction\",\"target\":{\"@type\":\"EntryPoint\",\"urlTemplate\":\"https:\/\/talkpal.ai\/pl\/?s={search_term_string}\"},\"query-input\":{\"@type\":\"PropertyValueSpecification\",\"valueRequired\":true,\"valueName\":\"search_term_string\"}}],\"inLanguage\":\"pl-PL\"},{\"@type\":\"Organization\",\"@id\":\"https:\/\/talkpal.ai\/pl\/#organization\",\"name\":\"Talkpal, Inc.\",\"alternateName\":\"Talkpal AI\",\"url\":\"https:\/\/talkpal.ai\/pl\/\",\"logo\":{\"@type\":\"ImageObject\",\"inLanguage\":\"pl-PL\",\"@id\":\"https:\/\/talkpal.ai\/pl\/#\/schema\/logo\/image\/\",\"url\":\"https:\/\/talkpal.ai\/wp-content\/uploads\/2024\/03\/Talkpal-Logo-Icon.png\",\"contentUrl\":\"https:\/\/talkpal.ai\/wp-content\/uploads\/2024\/03\/Talkpal-Logo-Icon.png\",\"width\":2880,\"height\":2880,\"caption\":\"Talkpal, Inc.\"},\"image\":{\"@id\":\"https:\/\/talkpal.ai\/pl\/#\/schema\/logo\/image\/\"},\"sameAs\":[\"https:\/\/www.facebook.com\/profile.php?id=100090733639311\",\"https:\/\/x.com\/talkpalai\",\"https:\/\/www.linkedin.com\/company\/talkpal\/\",\"https:\/\/www.youtube.com\/@TalkPal\/\",\"https:\/\/www.tiktok.com\/@talkpal\",\"https:\/\/www.instagram.com\/talkpal_ai\/\",\"https:\/\/www.crunchbase.com\/organization\/talkpal-9cde\",\"https:\/\/www.g2.com\/products\/talkpal-for-business\/\",\"https:\/\/www.trustpilot.com\/review\/talkpal.ai\",\"https:\/\/www.capterra.com\/p\/10006800\/TalkPal\/\"],\"description\":\"Talkpal is a language learning web and mobile education app, powered by the latest AI technologies, that provides engaging experiences to its customers in many different languages to help them improve their language skills. Users can chat about unlimited amount of topics with the app and use other modes to practice their language learning.\",\"email\":\"support@talkpal.ai\",\"legalName\":\"Talkpal, Inc.\",\"foundingDate\":\"2023-04-03\",\"duns\":\"118989042\",\"numberOfEmployees\":{\"@type\":\"QuantitativeValue\",\"minValue\":\"11\",\"maxValue\":\"50\"},\"publishingPrinciples\":\"https:\/\/talkpal.ai\/publishing-principles\/\",\"actionableFeedbackPolicy\":\"https:\/\/talkpal.ai\/actionable-feedback-policy\/\",\"correctionsPolicy\":\"https:\/\/talkpal.ai\/corrections-policy\/\",\"ethicsPolicy\":\"https:\/\/talkpal.ai\/ethics-policy\/\",\"diversityPolicy\":\"https:\/\/talkpal.ai\/diversity-policy\/\",\"diversityStaffingReport\":\"https:\/\/talkpal.ai\/diversity-policy\/\"}]}<\/script>\n<!-- \/ Yoast SEO Premium plugin. -->","yoast_head_json":{"title":"Gramatyka tagalska - Talkpal","description":"Poznaj podstawy gramatyki j\u0119zyka tagalskiego i dowiedz si\u0119, jak doceni\u0107 ten pi\u0119kny j\u0119zyk w prosty i przyjazny spos\u00f3b.","robots":{"index":"index","follow":"follow","max-snippet":"max-snippet:-1","max-image-preview":"max-image-preview:large","max-video-preview":"max-video-preview:-1"},"canonical":"https:\/\/talkpal.ai\/pl\/gramatyka-tagalska\/","og_locale":"pl_PL","og_type":"article","og_title":"Gramatyka tagalska","og_description":"Gramatyka tagalska: poznaj serce j\u0119zyka filipi\u0144skiego Tagalog, podstawa j\u0119zyka narodowego Filipin, filipi\u0144skiego, jest u\u017cywany przez miliony ludzi na","og_url":"https:\/\/talkpal.ai\/pl\/gramatyka-tagalska\/","og_site_name":"Talkpal","article_publisher":"https:\/\/www.facebook.com\/profile.php?id=100090733639311","article_modified_time":"2025-12-17T15:38:39+00:00","og_image":[{"width":512,"height":512,"url":"https:\/\/talkpal.ai\/wp-content\/uploads\/2023\/05\/Tagalog-philippines.png","type":"image\/png"}],"twitter_card":"summary_large_image","twitter_site":"@talkpalai","twitter_misc":{"Szacowany czas czytania":"3 minuty"},"schema":{"@context":"https:\/\/schema.org","@graph":[{"@type":"WebPage","@id":"https:\/\/talkpal.ai\/pl\/gramatyka-tagalska\/","url":"https:\/\/talkpal.ai\/pl\/gramatyka-tagalska\/","name":"Gramatyka tagalska - Talkpal","isPartOf":{"@id":"https:\/\/talkpal.ai\/pl\/#website"},"primaryImageOfPage":{"@id":"https:\/\/talkpal.ai\/pl\/gramatyka-tagalska\/#primaryimage"},"image":{"@id":"https:\/\/talkpal.ai\/pl\/gramatyka-tagalska\/#primaryimage"},"thumbnailUrl":"https:\/\/talkpal.ai\/wp-content\/uploads\/2023\/05\/Tagalog-philippines.png","datePublished":"2023-05-14T14:23:21+00:00","dateModified":"2025-12-17T15:38:39+00:00","description":"Poznaj podstawy gramatyki j\u0119zyka tagalskiego i dowiedz si\u0119, jak doceni\u0107 ten pi\u0119kny j\u0119zyk w prosty i przyjazny spos\u00f3b.","breadcrumb":{"@id":"https:\/\/talkpal.ai\/pl\/gramatyka-tagalska\/#breadcrumb"},"inLanguage":"pl-PL","potentialAction":[{"@type":"ReadAction","target":["https:\/\/talkpal.ai\/pl\/gramatyka-tagalska\/"]}]},{"@type":"ImageObject","inLanguage":"pl-PL","@id":"https:\/\/talkpal.ai\/pl\/gramatyka-tagalska\/#primaryimage","url":"https:\/\/talkpal.ai\/wp-content\/uploads\/2023\/05\/Tagalog-philippines.png","contentUrl":"https:\/\/talkpal.ai\/wp-content\/uploads\/2023\/05\/Tagalog-philippines.png","width":512,"height":512},{"@type":"BreadcrumbList","@id":"https:\/\/talkpal.ai\/pl\/gramatyka-tagalska\/#breadcrumb","itemListElement":[{"@type":"ListItem","position":1,"name":"Homepage","item":"https:\/\/talkpal.ai\/pl\/"},{"@type":"ListItem","position":2,"name":"Gramatyka tagalska"}]},{"@type":"WebSite","@id":"https:\/\/talkpal.ai\/pl\/#website","url":"https:\/\/talkpal.ai\/pl\/","name":"Talkpal","description":"AI Language Learning","publisher":{"@id":"https:\/\/talkpal.ai\/pl\/#organization"},"alternateName":"Talkpal AI","potentialAction":[{"@type":"SearchAction","target":{"@type":"EntryPoint","urlTemplate":"https:\/\/talkpal.ai\/pl\/?s={search_term_string}"},"query-input":{"@type":"PropertyValueSpecification","valueRequired":true,"valueName":"search_term_string"}}],"inLanguage":"pl-PL"},{"@type":"Organization","@id":"https:\/\/talkpal.ai\/pl\/#organization","name":"Talkpal, Inc.","alternateName":"Talkpal AI","url":"https:\/\/talkpal.ai\/pl\/","logo":{"@type":"ImageObject","inLanguage":"pl-PL","@id":"https:\/\/talkpal.ai\/pl\/#\/schema\/logo\/image\/","url":"https:\/\/talkpal.ai\/wp-content\/uploads\/2024\/03\/Talkpal-Logo-Icon.png","contentUrl":"https:\/\/talkpal.ai\/wp-content\/uploads\/2024\/03\/Talkpal-Logo-Icon.png","width":2880,"height":2880,"caption":"Talkpal, Inc."},"image":{"@id":"https:\/\/talkpal.ai\/pl\/#\/schema\/logo\/image\/"},"sameAs":["https:\/\/www.facebook.com\/profile.php?id=100090733639311","https:\/\/x.com\/talkpalai","https:\/\/www.linkedin.com\/company\/talkpal\/","https:\/\/www.youtube.com\/@TalkPal\/","https:\/\/www.tiktok.com\/@talkpal","https:\/\/www.instagram.com\/talkpal_ai\/","https:\/\/www.crunchbase.com\/organization\/talkpal-9cde","https:\/\/www.g2.com\/products\/talkpal-for-business\/","https:\/\/www.trustpilot.com\/review\/talkpal.ai","https:\/\/www.capterra.com\/p\/10006800\/TalkPal\/"],"description":"Talkpal is a language learning web and mobile education app, powered by the latest AI technologies, that provides engaging experiences to its customers in many different languages to help them improve their language skills. Users can chat about unlimited amount of topics with the app and use other modes to practice their language learning.","email":"support@talkpal.ai","legalName":"Talkpal, Inc.","foundingDate":"2023-04-03","duns":"118989042","numberOfEmployees":{"@type":"QuantitativeValue","minValue":"11","maxValue":"50"},"publishingPrinciples":"https:\/\/talkpal.ai\/publishing-principles\/","actionableFeedbackPolicy":"https:\/\/talkpal.ai\/actionable-feedback-policy\/","correctionsPolicy":"https:\/\/talkpal.ai\/corrections-policy\/","ethicsPolicy":"https:\/\/talkpal.ai\/ethics-policy\/","diversityPolicy":"https:\/\/talkpal.ai\/diversity-policy\/","diversityStaffingReport":"https:\/\/talkpal.ai\/diversity-policy\/"}]}},"_links":{"self":[{"href":"https:\/\/talkpal.ai\/pl\/wp-json\/wp\/v2\/pages\/152767","targetHints":{"allow":["GET"]}}],"collection":[{"href":"https:\/\/talkpal.ai\/pl\/wp-json\/wp\/v2\/pages"}],"about":[{"href":"https:\/\/talkpal.ai\/pl\/wp-json\/wp\/v2\/types\/page"}],"author":[{"embeddable":true,"href":"https:\/\/talkpal.ai\/pl\/wp-json\/wp\/v2\/users\/1"}],"replies":[{"embeddable":true,"href":"https:\/\/talkpal.ai\/pl\/wp-json\/wp\/v2\/comments?post=152767"}],"version-history":[{"count":0,"href":"https:\/\/talkpal.ai\/pl\/wp-json\/wp\/v2\/pages\/152767\/revisions"}],"wp:featuredmedia":[{"embeddable":true,"href":"https:\/\/talkpal.ai\/pl\/wp-json\/wp\/v2\/media\/120036"}],"wp:attachment":[{"href":"https:\/\/talkpal.ai\/pl\/wp-json\/wp\/v2\/media?parent=152767"}],"curies":[{"name":"wp","href":"https:\/\/api.w.org\/{rel}","templated":true}]}}