{"id":152462,"date":"2023-05-14T14:23:00","date_gmt":"2023-05-14T14:23:00","guid":{"rendered":"http:\/\/talkpal.ai\/gramatyka-wietnamska\/"},"modified":"2025-12-12T11:04:36","modified_gmt":"2025-12-12T11:04:36","slug":"gramatyka-wietnamska","status":"publish","type":"page","link":"https:\/\/talkpal.ai\/pl\/gramatyka-wietnamska\/","title":{"rendered":"Gramatyka wietnamska"},"content":{"rendered":"\r\n\r\n\r\n<section class=\"languageChallengeSection\">\r\n    <div class=\"languageInfoWrapper\">\r\n        \r\n        <h1>Gramatyka wietnamska<\/h1>\r\n        <p><a href=\"https:\/\/talkpal.ai\/vietnamese-grammar\/\">Gramatyka wietnamska<\/a> jest znana ze swojej prostoty i logicznej struktury, dzi\u0119ki czemu jest przyst\u0119pna dla nowych uczni\u00f3w. Dzi\u0119ki zromanizowanemu alfabetowi, braku koniugacji czasownik\u00f3w i minimalnemu u\u017cyciu liczby mnogiej, uczniowie mog\u0105 szybko skupi\u0107 si\u0119 na budowaniu s\u0142ownictwa i umiej\u0119tno\u015bci konwersacyjnych. Poznawanie wietnamskiego to nie tylko nauka j\u0119zyka &#8211; to tak\u017ce okno na bogat\u0105 kultur\u0119 i histori\u0119 tego kraju.<\/p>\r\n\r\n                            <a class=\"getStartedHidden\" href=\"https:\/\/app.talkpal.ai\/pl\/signup?lng=\">Zaczynaj<\/a>\r\n        \r\n    <\/div>\r\n\r\n    <figure>\r\n    <img decoding=\"async\" width=\"768\" height=\"768\" src=\"https:\/\/talkpal.ai\/wp-content\/uploads\/2023\/06\/vietnamese-768x768.png\" class=\"languageImage no-lazy\" alt=\"Language learning for extensive cultural knowledge\" fetchpriority=\"high\" sizes=\"(max-width: 768px) 150px, 768px\" srcset=\"https:\/\/talkpal.ai\/wp-content\/uploads\/2023\/06\/vietnamese-768x768.png 768w, https:\/\/talkpal.ai\/wp-content\/uploads\/2023\/06\/vietnamese-300x300.png 300w\" \/>\r\n    \r\n\r\n    <\/figure>\r\n\r\n            <a class=\"getStartedVisible\" href=\"https:\/\/app.talkpal.ai\/pl\/signup?lng=\">Zaczynaj<\/a>\r\n    \r\n<\/section>\r\n<section class=\"promotionalBanner\">\r\n    <p class=\"promotionalText\">Najbardziej efektywny spos\u00f3b nauki j\u0119zyka<\/p>\r\n    <a class=\"promotionalLink\" href=\"https:\/\/app.talkpal.ai\/pl\/signup?lng=\">Wypr\u00f3buj Talkpal za darmo<\/a>\r\n<\/section>\n<div class=\"wp-block-group pageContainerStyle\"><div class=\"wp-block-group__inner-container is-layout-constrained wp-block-group-is-layout-constrained\">\n<h2 class=\"wp-block-heading\" id=\"h-the-intricacies-of-vietnamese-grammar-an-engaging-exploration\">Zawi\u0142o\u015bci gramatyki wietnamskiej: wci\u0105gaj\u0105ca eksploracja<\/h2>\n\n\n\n<p>J\u0119zyk <a href=\"https:\/\/talkpal.ai\/learn-vietnamese\/\">wietnamski<\/a>, ze swoimi g\u0142\u0119bokimi korzeniami historycznymi i unikalnym t\u0142em kulturowym, oferuje kusz\u0105c\u0105 przygod\u0119 zar\u00f3wno dla lingwist\u00f3w, jak i os\u00f3b ucz\u0105cych si\u0119 j\u0119zyka. Chocia\u017c gramatyka wietnamska mo\u017ce pocz\u0105tkowo wydawa\u0107 si\u0119 wyzwaniem, jej prosta logika i sp\u00f3jno\u015b\u0107 toruj\u0105 drog\u0119 do ekscytuj\u0105cego do\u015bwiadczenia edukacyjnego. Przygotuj si\u0119 wi\u0119c na intryguj\u0105c\u0105 podr\u00f3\u017c j\u0119zykow\u0105, podczas kt\u00f3rej zag\u0142\u0119bimy si\u0119 w osobliwo\u015bci gramatyki wietnamskiej.<\/p>\n\n\n\n<h3 class=\"wp-block-heading\" id=\"h-1-the-alphabet-a-gift-from-the-past\">1. Alfabet: dar z przesz\u0142o\u015bci<\/h3>\n\n\n\n<p>Alfabet wietnamski, sk\u0142adaj\u0105cy si\u0119 z 29 liter, wywodzi si\u0119 g\u0142\u00f3wnie z pisma \u0142aci\u0144skiego, z portugalskimi i francuskimi pocz\u0105tkami. Dzi\u0119ki pismu Qu\u1ed1c Ng\u1eef przej\u015bcie na pismo zromanizowane sprawi\u0142o, \u017ce alfabet sta\u0142 si\u0119 znany i \u0142atwo dost\u0119pny dla os\u00f3b pos\u0142uguj\u0105cych si\u0119 innymi j\u0119zykami \u0142aci\u0144skimi. Pozwala to pocz\u0105tkuj\u0105cym na p\u0142ynne wej\u015bcie do skupienia si\u0119 na unikalnych d\u017awi\u0119kach i wymowie j\u0119zyka.<\/p>\n\n\n\n<h3 class=\"wp-block-heading\" id=\"h-2-tones-vietnamese-s-musical-notation\">2. Tony: Wietnamska notacja muzyczna<\/h3>\n\n\n\n<p>Wietnamski jest j\u0119zykiem tonalnym, zawieraj\u0105cym sze\u015b\u0107 charakterystycznych ton\u00f3w, kt\u00f3re zmieniaj\u0105 znaczenie s\u0142owa poprzez u\u017cycie r\u00f3\u017cnych znak\u00f3w diakrytycznych. Opanowanie tych ton\u00f3w mo\u017ce by\u0107 wyzwaniem, ale dodaje muzykalno\u015bci i niuans\u00f3w j\u0119zykowi, co czyni go jeszcze bardziej urzekaj\u0105cym. Cierpliwo\u015b\u0107 i praktyka sprawi\u0105, \u017ce b\u0119dzie idealny, pozwalaj\u0105c w pe\u0142ni doceni\u0107 melodyjne pi\u0119kno wietnamskiego.<\/p>\n\n\n\n<h3 class=\"wp-block-heading\" id=\"h-3-word-order-unraveling-the-vietnamese-sentence-structure\">3. Szyk wyraz\u00f3w: rozwik\u0142anie wietnamskiej struktury zda\u0144<\/h3>\n\n\n\n<p>Na szcz\u0119\u015bcie wietnamski szyk wyraz\u00f3w jest do\u015b\u0107 prosty, zgodnie ze znanym formatem Podmiot-Orzeczenie-Dope\u0142nienie (SVO). Ta przyst\u0119pna struktura u\u0142atwia osobom angloj\u0119zycznym tworzenie zda\u0144 w j\u0119zyku wietnamskim bez do\u015bwiadczania powa\u017cnych zmian w j\u0119zykoznawstwie. We\u017amy przyk\u0142ad &#8222;T\u00f4i y\u00eau Vi\u1ec7t Nam!&#8221; (Kocham Wietnam!), gdzie oba j\u0119zyki dziel\u0105 r\u00f3wnoleg\u0142e konstrukcje.<\/p>\n\n\n\n<h3 class=\"wp-block-heading\" id=\"h-4-no-more-plural-nouns-or-verb-conjugations\">4. Koniec z rzeczownikami w liczbie mnogiej lub koniugacjami czasownik\u00f3w<\/h3>\n\n\n\n<p>W j\u0119zyku wietnamskim rzeczowniki nie zmieniaj\u0105 swojej formy, aby wskaza\u0107 liczb\u0119 mnog\u0105, a czasowniki pozostaj\u0105 sp\u00f3jne niezale\u017cnie od czasu lub podmiotu. Cho\u0107 na pocz\u0105tku mo\u017ce si\u0119 to wydawa\u0107 myl\u0105ce, znacznie upraszcza nauk\u0119 regu\u0142 gramatycznych. Zamiast tego kontekst i u\u017cycie dodatkowych s\u0142\u00f3w wyja\u015bniaj\u0105 znaczenie zdania. Odetchnij wi\u0119c z ulg\u0105, \u017cegnaj\u0105c si\u0119 z k\u0142opotami koniugacji.<\/p>\n\n\n\n<h3 class=\"wp-block-heading\" id=\"h-5-immerse-yourself-in-the-vietnamese-mindset\">5. Zanurz si\u0119 w wietnamskim sposobie my\u015blenia<\/h3>\n\n\n\n<p>Nauka wietnamskiego to nie tylko opanowanie gramatyki &#8211; to tak\u017ce uwzgl\u0119dnienie kontekstu kulturowego, historycznego i spo\u0142ecznego, kt\u00f3ry ukszta\u0142towa\u0142 ten j\u0119zyk. Nawi\u0105\u017c <a href=\"https:\/\/talkpal.ai\/contact\/\">kontakt<\/a> z rodzimymi u\u017cytkownikami j\u0119zyka, poznaj wietnamsk\u0105 literatur\u0119 i sztuk\u0119 oraz spr\u00f3buj po\u0142\u0105czy\u0107 si\u0119 z warto\u015bciami i zwyczajami narodu. To holistyczne podej\u015bcie nie tylko poprawi Twoje umiej\u0119tno\u015bci j\u0119zykowe, ale tak\u017ce pog\u0142\u0119bi zrozumienie wieloaspektowego pi\u0119kna Wietnamu.<\/p>\n\n\n\n<h3 class=\"wp-block-heading\" id=\"h-in-conclusion-relish-the-charm-of-vietnamese-grammar\">Podsumowuj\u0105c: rozkoszuj si\u0119 urokiem gramatyki wietnamskiej<\/h3>\n\n\n\n<p>Chocia\u017c gramatyka wietnamska mo\u017ce wydawa\u0107 si\u0119 k\u0142opotliwa na pierwszy rzut oka, jej fascynuj\u0105ca struktura i nieod\u0142\u0105czna prostota zach\u0119caj\u0105 uczni\u00f3w do wyruszenia w satysfakcjonuj\u0105c\u0105 podr\u00f3\u017c j\u0119zykow\u0105. Zag\u0142\u0119biaj\u0105c si\u0119 w \u015bwiat j\u0119zyka wietnamskiego, b\u0119dziesz zachwycony elegancj\u0105 i pi\u0119knem jego gramatyki oraz bogatym gobelinem kulturowym, kt\u00f3ry ukszta\u0142towa\u0142 ten j\u0119zyk na przestrzeni wiek\u00f3w. Wi\u0119c \u015bmia\u0142o odkrywaj cuda gramatyki wietnamskiej, poruszaj\u0105c si\u0119 po krajobrazie j\u0119zykowym tego czaruj\u0105cego j\u0119zyka.<\/p>\n<\/div><\/div>\n\r\n<section class=\"learnNavigationSection\">\r\n            \r\n        <a href=\"https:\/\/talkpal.ai\/pl\/naucz-sie-wietnamskiego\/\">\r\n            <div class=\"learnNavigationWrapper\">\r\n                <div class=\"learnNavigationContent\">\r\n                    <img decoding=\"async\" src=\"https:\/\/talkpal.ai\/wp-content\/uploads\/2024\/08\/Vietnamese.jpg\" alt=\"Vietnamise Flag\">\r\n                    <div>\r\n                        <h4>O nauce wietnamskiego<\/h4>\r\n                        <p>Dowiedz si\u0119 wszystkiego o gramatyce wietnamskiej .<\/p>\r\n                    <\/div>\r\n                <\/div>\r\n            <\/div>\r\n        <\/a>\r\n\r\n        \r\n        <a href=\"https:\/\/talkpal.ai\/pl\/cwiczenia-gramatyczne-z-jezyka-wietnamskiego\/\">\r\n            <div class=\"learnNavigationWrapper\">\r\n                <div class=\"learnNavigationContent\">\r\n                    <img decoding=\"async\" src=\"https:\/\/talkpal.ai\/wp-content\/uploads\/2024\/08\/Vietnamese.jpg\" alt=\"Vietnamise Flag\">\r\n                    <div>\r\n                        <h4>Wietnamskie \u0107wiczenia gramatyczne<\/h4>\r\n                        <p>\u0106wicz gramatyk\u0119 wietnamsk\u0105 .<\/p>\r\n                    <\/div>\r\n                <\/div>\r\n            <\/div>\r\n        <\/a>\r\n\r\n        \r\n        <a href=\"https:\/\/talkpal.ai\/vocabulary_language\/vietnamese\/\">\r\n            <div class=\"learnNavigationWrapper\">\r\n                <div class=\"learnNavigationContent\">\r\n                    <img decoding=\"async\" src=\"https:\/\/talkpal.ai\/wp-content\/uploads\/2024\/08\/Vietnamese.jpg\" alt=\"Vietnamise Flag\">\r\n                    <div>\r\n                        <h4>S\u0142ownictwo wietnamskie<\/h4>\r\n                        <p>Poszerz swoje wietnamskie s\u0142ownictwo.<\/p>\r\n                    <\/div>\r\n                <\/div>\r\n            <\/div>\r\n        <\/a>\r\n\r\n            <\/section>","protected":false},"excerpt":{"rendered":"<p>Zawi\u0142o\u015bci gramatyki wietnamskiej: wci\u0105gaj\u0105ca eksploracja J\u0119zyk wietnamski, ze swoimi g\u0142\u0119bokimi korzeniami historycznymi i unikalnym t\u0142em kulturowym, oferuje kusz\u0105c\u0105 przygod\u0119 zar\u00f3wno dla lingwist\u00f3w, jak i os\u00f3b ucz\u0105cych si\u0119 j\u0119zyka. Chocia\u017c gramatyka wietnamska mo\u017ce pocz\u0105tkowo wydawa\u0107 si\u0119 wyzwaniem, jej prosta logika i sp\u00f3jno\u015b\u0107 toruj\u0105 drog\u0119 do ekscytuj\u0105cego do\u015bwiadczenia edukacyjnego. Przygotuj si\u0119 wi\u0119c na intryguj\u0105c\u0105 podr\u00f3\u017c j\u0119zykow\u0105, podczas [&hellip;]<\/p>\n","protected":false},"author":1,"featured_media":120493,"parent":0,"menu_order":0,"comment_status":"closed","ping_status":"closed","template":"LearningContentPage.php","meta":{"_acf_changed":false,"footnotes":""},"class_list":["post-152462","page","type-page","status-publish","has-post-thumbnail","hentry"],"acf":[],"yoast_head":"<!-- This site is optimized with the Yoast SEO Premium plugin v27.2 (Yoast SEO v27.2) - https:\/\/yoast.com\/product\/yoast-seo-premium-wordpress\/ -->\n<title>Gramatyka wietnamska - Talkpal<\/title>\n<meta name=\"description\" content=\"Poznaj fascynuj\u0105ce aspekty gramatyki wietnamskiej i odkryj rado\u015b\u0107 z nauki tego wyj\u0105tkowego j\u0119zyka.\" \/>\n<meta name=\"robots\" content=\"index, follow, max-snippet:-1, max-image-preview:large, max-video-preview:-1\" \/>\n<link rel=\"canonical\" href=\"https:\/\/talkpal.ai\/pl\/gramatyka-wietnamska\/\" \/>\n<meta property=\"og:locale\" content=\"pl_PL\" \/>\n<meta property=\"og:type\" content=\"article\" \/>\n<meta property=\"og:title\" content=\"Gramatyka wietnamska\" \/>\n<meta property=\"og:description\" content=\"Zawi\u0142o\u015bci gramatyki wietnamskiej: wci\u0105gaj\u0105ca eksploracja J\u0119zyk wietnamski, ze swoimi g\u0142\u0119bokimi korzeniami historycznymi i unikalnym t\u0142em kulturowym,\" \/>\n<meta property=\"og:url\" content=\"https:\/\/talkpal.ai\/pl\/gramatyka-wietnamska\/\" \/>\n<meta property=\"og:site_name\" content=\"Talkpal\" \/>\n<meta property=\"article:publisher\" content=\"https:\/\/www.facebook.com\/profile.php?id=100090733639311\" \/>\n<meta property=\"article:modified_time\" content=\"2025-12-12T11:04:36+00:00\" \/>\n<meta property=\"og:image\" content=\"https:\/\/talkpal.ai\/wp-content\/uploads\/2023\/05\/vietnam.png\" \/>\n\t<meta property=\"og:image:width\" content=\"512\" \/>\n\t<meta property=\"og:image:height\" content=\"512\" \/>\n\t<meta property=\"og:image:type\" content=\"image\/png\" \/>\n<meta name=\"twitter:card\" content=\"summary_large_image\" \/>\n<meta name=\"twitter:site\" content=\"@talkpalai\" \/>\n<meta name=\"twitter:label1\" content=\"Szacowany czas czytania\" \/>\n\t<meta name=\"twitter:data1\" content=\"3 minuty\" \/>\n<script type=\"application\/ld+json\" class=\"yoast-schema-graph\">{\"@context\":\"https:\/\/schema.org\",\"@graph\":[{\"@type\":\"WebPage\",\"@id\":\"https:\/\/talkpal.ai\/pl\/gramatyka-wietnamska\/\",\"url\":\"https:\/\/talkpal.ai\/pl\/gramatyka-wietnamska\/\",\"name\":\"Gramatyka wietnamska - Talkpal\",\"isPartOf\":{\"@id\":\"https:\/\/talkpal.ai\/pl\/#website\"},\"primaryImageOfPage\":{\"@id\":\"https:\/\/talkpal.ai\/pl\/gramatyka-wietnamska\/#primaryimage\"},\"image\":{\"@id\":\"https:\/\/talkpal.ai\/pl\/gramatyka-wietnamska\/#primaryimage\"},\"thumbnailUrl\":\"https:\/\/talkpal.ai\/wp-content\/uploads\/2023\/05\/vietnam.png\",\"datePublished\":\"2023-05-14T14:23:00+00:00\",\"dateModified\":\"2025-12-12T11:04:36+00:00\",\"description\":\"Poznaj fascynuj\u0105ce aspekty gramatyki wietnamskiej i odkryj rado\u015b\u0107 z nauki tego wyj\u0105tkowego j\u0119zyka.\",\"breadcrumb\":{\"@id\":\"https:\/\/talkpal.ai\/pl\/gramatyka-wietnamska\/#breadcrumb\"},\"inLanguage\":\"pl-PL\",\"potentialAction\":[{\"@type\":\"ReadAction\",\"target\":[\"https:\/\/talkpal.ai\/pl\/gramatyka-wietnamska\/\"]}]},{\"@type\":\"ImageObject\",\"inLanguage\":\"pl-PL\",\"@id\":\"https:\/\/talkpal.ai\/pl\/gramatyka-wietnamska\/#primaryimage\",\"url\":\"https:\/\/talkpal.ai\/wp-content\/uploads\/2023\/05\/vietnam.png\",\"contentUrl\":\"https:\/\/talkpal.ai\/wp-content\/uploads\/2023\/05\/vietnam.png\",\"width\":512,\"height\":512},{\"@type\":\"BreadcrumbList\",\"@id\":\"https:\/\/talkpal.ai\/pl\/gramatyka-wietnamska\/#breadcrumb\",\"itemListElement\":[{\"@type\":\"ListItem\",\"position\":1,\"name\":\"Homepage\",\"item\":\"https:\/\/talkpal.ai\/pl\/\"},{\"@type\":\"ListItem\",\"position\":2,\"name\":\"Gramatyka wietnamska\"}]},{\"@type\":\"WebSite\",\"@id\":\"https:\/\/talkpal.ai\/pl\/#website\",\"url\":\"https:\/\/talkpal.ai\/pl\/\",\"name\":\"Talkpal\",\"description\":\"AI Language Learning\",\"publisher\":{\"@id\":\"https:\/\/talkpal.ai\/pl\/#organization\"},\"alternateName\":\"Talkpal AI\",\"potentialAction\":[{\"@type\":\"SearchAction\",\"target\":{\"@type\":\"EntryPoint\",\"urlTemplate\":\"https:\/\/talkpal.ai\/pl\/?s={search_term_string}\"},\"query-input\":{\"@type\":\"PropertyValueSpecification\",\"valueRequired\":true,\"valueName\":\"search_term_string\"}}],\"inLanguage\":\"pl-PL\"},{\"@type\":\"Organization\",\"@id\":\"https:\/\/talkpal.ai\/pl\/#organization\",\"name\":\"Talkpal, Inc.\",\"alternateName\":\"Talkpal AI\",\"url\":\"https:\/\/talkpal.ai\/pl\/\",\"logo\":{\"@type\":\"ImageObject\",\"inLanguage\":\"pl-PL\",\"@id\":\"https:\/\/talkpal.ai\/pl\/#\/schema\/logo\/image\/\",\"url\":\"https:\/\/talkpal.ai\/wp-content\/uploads\/2024\/03\/Talkpal-Logo-Icon.png\",\"contentUrl\":\"https:\/\/talkpal.ai\/wp-content\/uploads\/2024\/03\/Talkpal-Logo-Icon.png\",\"width\":2880,\"height\":2880,\"caption\":\"Talkpal, Inc.\"},\"image\":{\"@id\":\"https:\/\/talkpal.ai\/pl\/#\/schema\/logo\/image\/\"},\"sameAs\":[\"https:\/\/www.facebook.com\/profile.php?id=100090733639311\",\"https:\/\/x.com\/talkpalai\",\"https:\/\/www.linkedin.com\/company\/talkpal\/\",\"https:\/\/www.youtube.com\/@TalkPal\/\",\"https:\/\/www.tiktok.com\/@talkpal\",\"https:\/\/www.instagram.com\/talkpal_ai\/\",\"https:\/\/www.crunchbase.com\/organization\/talkpal-9cde\",\"https:\/\/www.g2.com\/products\/talkpal-for-business\/\",\"https:\/\/www.trustpilot.com\/review\/talkpal.ai\",\"https:\/\/www.capterra.com\/p\/10006800\/TalkPal\/\"],\"description\":\"Talkpal is a language learning web and mobile education app, powered by the latest AI technologies, that provides engaging experiences to its customers in many different languages to help them improve their language skills. Users can chat about unlimited amount of topics with the app and use other modes to practice their language learning.\",\"email\":\"support@talkpal.ai\",\"legalName\":\"Talkpal, Inc.\",\"foundingDate\":\"2023-04-03\",\"duns\":\"118989042\",\"numberOfEmployees\":{\"@type\":\"QuantitativeValue\",\"minValue\":\"11\",\"maxValue\":\"50\"},\"publishingPrinciples\":\"https:\/\/talkpal.ai\/publishing-principles\/\",\"actionableFeedbackPolicy\":\"https:\/\/talkpal.ai\/actionable-feedback-policy\/\",\"correctionsPolicy\":\"https:\/\/talkpal.ai\/corrections-policy\/\",\"ethicsPolicy\":\"https:\/\/talkpal.ai\/ethics-policy\/\",\"diversityPolicy\":\"https:\/\/talkpal.ai\/diversity-policy\/\",\"diversityStaffingReport\":\"https:\/\/talkpal.ai\/diversity-policy\/\"}]}<\/script>\n<!-- \/ Yoast SEO Premium plugin. -->","yoast_head_json":{"title":"Gramatyka wietnamska - Talkpal","description":"Poznaj fascynuj\u0105ce aspekty gramatyki wietnamskiej i odkryj rado\u015b\u0107 z nauki tego wyj\u0105tkowego j\u0119zyka.","robots":{"index":"index","follow":"follow","max-snippet":"max-snippet:-1","max-image-preview":"max-image-preview:large","max-video-preview":"max-video-preview:-1"},"canonical":"https:\/\/talkpal.ai\/pl\/gramatyka-wietnamska\/","og_locale":"pl_PL","og_type":"article","og_title":"Gramatyka wietnamska","og_description":"Zawi\u0142o\u015bci gramatyki wietnamskiej: wci\u0105gaj\u0105ca eksploracja J\u0119zyk wietnamski, ze swoimi g\u0142\u0119bokimi korzeniami historycznymi i unikalnym t\u0142em kulturowym,","og_url":"https:\/\/talkpal.ai\/pl\/gramatyka-wietnamska\/","og_site_name":"Talkpal","article_publisher":"https:\/\/www.facebook.com\/profile.php?id=100090733639311","article_modified_time":"2025-12-12T11:04:36+00:00","og_image":[{"width":512,"height":512,"url":"https:\/\/talkpal.ai\/wp-content\/uploads\/2023\/05\/vietnam.png","type":"image\/png"}],"twitter_card":"summary_large_image","twitter_site":"@talkpalai","twitter_misc":{"Szacowany czas czytania":"3 minuty"},"schema":{"@context":"https:\/\/schema.org","@graph":[{"@type":"WebPage","@id":"https:\/\/talkpal.ai\/pl\/gramatyka-wietnamska\/","url":"https:\/\/talkpal.ai\/pl\/gramatyka-wietnamska\/","name":"Gramatyka wietnamska - Talkpal","isPartOf":{"@id":"https:\/\/talkpal.ai\/pl\/#website"},"primaryImageOfPage":{"@id":"https:\/\/talkpal.ai\/pl\/gramatyka-wietnamska\/#primaryimage"},"image":{"@id":"https:\/\/talkpal.ai\/pl\/gramatyka-wietnamska\/#primaryimage"},"thumbnailUrl":"https:\/\/talkpal.ai\/wp-content\/uploads\/2023\/05\/vietnam.png","datePublished":"2023-05-14T14:23:00+00:00","dateModified":"2025-12-12T11:04:36+00:00","description":"Poznaj fascynuj\u0105ce aspekty gramatyki wietnamskiej i odkryj rado\u015b\u0107 z nauki tego wyj\u0105tkowego j\u0119zyka.","breadcrumb":{"@id":"https:\/\/talkpal.ai\/pl\/gramatyka-wietnamska\/#breadcrumb"},"inLanguage":"pl-PL","potentialAction":[{"@type":"ReadAction","target":["https:\/\/talkpal.ai\/pl\/gramatyka-wietnamska\/"]}]},{"@type":"ImageObject","inLanguage":"pl-PL","@id":"https:\/\/talkpal.ai\/pl\/gramatyka-wietnamska\/#primaryimage","url":"https:\/\/talkpal.ai\/wp-content\/uploads\/2023\/05\/vietnam.png","contentUrl":"https:\/\/talkpal.ai\/wp-content\/uploads\/2023\/05\/vietnam.png","width":512,"height":512},{"@type":"BreadcrumbList","@id":"https:\/\/talkpal.ai\/pl\/gramatyka-wietnamska\/#breadcrumb","itemListElement":[{"@type":"ListItem","position":1,"name":"Homepage","item":"https:\/\/talkpal.ai\/pl\/"},{"@type":"ListItem","position":2,"name":"Gramatyka wietnamska"}]},{"@type":"WebSite","@id":"https:\/\/talkpal.ai\/pl\/#website","url":"https:\/\/talkpal.ai\/pl\/","name":"Talkpal","description":"AI Language Learning","publisher":{"@id":"https:\/\/talkpal.ai\/pl\/#organization"},"alternateName":"Talkpal AI","potentialAction":[{"@type":"SearchAction","target":{"@type":"EntryPoint","urlTemplate":"https:\/\/talkpal.ai\/pl\/?s={search_term_string}"},"query-input":{"@type":"PropertyValueSpecification","valueRequired":true,"valueName":"search_term_string"}}],"inLanguage":"pl-PL"},{"@type":"Organization","@id":"https:\/\/talkpal.ai\/pl\/#organization","name":"Talkpal, Inc.","alternateName":"Talkpal AI","url":"https:\/\/talkpal.ai\/pl\/","logo":{"@type":"ImageObject","inLanguage":"pl-PL","@id":"https:\/\/talkpal.ai\/pl\/#\/schema\/logo\/image\/","url":"https:\/\/talkpal.ai\/wp-content\/uploads\/2024\/03\/Talkpal-Logo-Icon.png","contentUrl":"https:\/\/talkpal.ai\/wp-content\/uploads\/2024\/03\/Talkpal-Logo-Icon.png","width":2880,"height":2880,"caption":"Talkpal, Inc."},"image":{"@id":"https:\/\/talkpal.ai\/pl\/#\/schema\/logo\/image\/"},"sameAs":["https:\/\/www.facebook.com\/profile.php?id=100090733639311","https:\/\/x.com\/talkpalai","https:\/\/www.linkedin.com\/company\/talkpal\/","https:\/\/www.youtube.com\/@TalkPal\/","https:\/\/www.tiktok.com\/@talkpal","https:\/\/www.instagram.com\/talkpal_ai\/","https:\/\/www.crunchbase.com\/organization\/talkpal-9cde","https:\/\/www.g2.com\/products\/talkpal-for-business\/","https:\/\/www.trustpilot.com\/review\/talkpal.ai","https:\/\/www.capterra.com\/p\/10006800\/TalkPal\/"],"description":"Talkpal is a language learning web and mobile education app, powered by the latest AI technologies, that provides engaging experiences to its customers in many different languages to help them improve their language skills. Users can chat about unlimited amount of topics with the app and use other modes to practice their language learning.","email":"support@talkpal.ai","legalName":"Talkpal, Inc.","foundingDate":"2023-04-03","duns":"118989042","numberOfEmployees":{"@type":"QuantitativeValue","minValue":"11","maxValue":"50"},"publishingPrinciples":"https:\/\/talkpal.ai\/publishing-principles\/","actionableFeedbackPolicy":"https:\/\/talkpal.ai\/actionable-feedback-policy\/","correctionsPolicy":"https:\/\/talkpal.ai\/corrections-policy\/","ethicsPolicy":"https:\/\/talkpal.ai\/ethics-policy\/","diversityPolicy":"https:\/\/talkpal.ai\/diversity-policy\/","diversityStaffingReport":"https:\/\/talkpal.ai\/diversity-policy\/"}]}},"_links":{"self":[{"href":"https:\/\/talkpal.ai\/pl\/wp-json\/wp\/v2\/pages\/152462","targetHints":{"allow":["GET"]}}],"collection":[{"href":"https:\/\/talkpal.ai\/pl\/wp-json\/wp\/v2\/pages"}],"about":[{"href":"https:\/\/talkpal.ai\/pl\/wp-json\/wp\/v2\/types\/page"}],"author":[{"embeddable":true,"href":"https:\/\/talkpal.ai\/pl\/wp-json\/wp\/v2\/users\/1"}],"replies":[{"embeddable":true,"href":"https:\/\/talkpal.ai\/pl\/wp-json\/wp\/v2\/comments?post=152462"}],"version-history":[{"count":0,"href":"https:\/\/talkpal.ai\/pl\/wp-json\/wp\/v2\/pages\/152462\/revisions"}],"wp:featuredmedia":[{"embeddable":true,"href":"https:\/\/talkpal.ai\/pl\/wp-json\/wp\/v2\/media\/120493"}],"wp:attachment":[{"href":"https:\/\/talkpal.ai\/pl\/wp-json\/wp\/v2\/media?parent=152462"}],"curies":[{"name":"wp","href":"https:\/\/api.w.org\/{rel}","templated":true}]}}