{"id":152159,"date":"2023-05-14T14:22:39","date_gmt":"2023-05-14T14:22:39","guid":{"rendered":"http:\/\/talkpal.ai\/gramatyka-urdu\/"},"modified":"2025-12-11T16:25:49","modified_gmt":"2025-12-11T16:25:49","slug":"gramatyka-urdu","status":"publish","type":"page","link":"https:\/\/talkpal.ai\/pl\/gramatyka-urdu\/","title":{"rendered":"Gramatyka urdu"},"content":{"rendered":"\r\n\r\n\r\n<section class=\"languageChallengeSection\">\r\n    <div class=\"languageInfoWrapper\">\r\n        \r\n        <h1>Gramatyka urdu<\/h1>\r\n        <p>Zainteresowany nauk\u0105 j\u0119zyka <a href=\"https:\/\/talkpal.ai\/learn-urdu\/\">urdu<\/a>? Zanurz si\u0119 w gramatyce <a href=\"https:\/\/talkpal.ai\/learn-urdu\/\">urdu<\/a>, gdzie eleganckie pismo, rzeczowniki rodzajowe i ekspresyjne formy czasownik\u00f3w tworz\u0105 j\u0119zyk zar\u00f3wno poetycki, jak i praktyczny. Rozpocznij swoj\u0105 przygod\u0119 z j\u0119zykiem urdu ju\u017c dzi\u015b &#8211; opanowanie gramatyki otworzy przed Tob\u0105 nowe \u015bcie\u017cki komunikacji i po\u0142\u0105czy Ci\u0119 z bogatymi tradycjami literackimi i kulturowymi Azji Po\u0142udniowej!<\/p>\r\n\r\n                            <a class=\"getStartedHidden\" href=\"https:\/\/app.talkpal.ai\/pl\/signup?lng=\">Zaczynaj<\/a>\r\n        \r\n    <\/div>\r\n\r\n    <figure>\r\n    <img decoding=\"async\" width=\"768\" height=\"768\" src=\"https:\/\/talkpal.ai\/wp-content\/uploads\/2023\/06\/urdu-768x768.png\" class=\"languageImage no-lazy\" alt=\"Language learning for global understanding\" fetchpriority=\"high\" sizes=\"(max-width: 768px) 150px, 768px\" srcset=\"https:\/\/talkpal.ai\/wp-content\/uploads\/2023\/06\/urdu-768x768.png 768w, https:\/\/talkpal.ai\/wp-content\/uploads\/2023\/06\/urdu-300x300.png 300w\" \/>\r\n    \r\n\r\n    <\/figure>\r\n\r\n            <a class=\"getStartedVisible\" href=\"https:\/\/app.talkpal.ai\/pl\/signup?lng=\">Zaczynaj<\/a>\r\n    \r\n<\/section>\r\n<section class=\"promotionalBanner\">\r\n    <p class=\"promotionalText\">Najbardziej efektywny spos\u00f3b nauki j\u0119zyka<\/p>\r\n    <a class=\"promotionalLink\" href=\"https:\/\/app.talkpal.ai\/pl\/signup?lng=\">Wypr\u00f3buj Talkpal za darmo<\/a>\r\n<\/section>\n<div class=\"wp-block-group pageContainerStyle\"><div class=\"wp-block-group__inner-container is-layout-constrained wp-block-group-is-layout-constrained\">\n<h2 class=\"wp-block-heading\" id=\"h-urdu-grammar-exploring-the-beauty-and-intricacies-of-the-indo-aryan-language\">Gramatyka urdu: odkrywanie pi\u0119kna i zawi\u0142o\u015bci j\u0119zyka indoaryjskiego<\/h2>\n\n\n\n<p><a href=\"https:\/\/talkpal.ai\/talkpal-discount-for-language-enthusiasts\/\">Entuzja\u015bci j\u0119zyk\u00f3w<\/a> i ciekawi uczniowie, czy jeste\u015bcie gotowi, aby zanurzy\u0107 si\u0119 w fascynuj\u0105cym <a href=\"https:\/\/talkpal.ai\/locations\/language-courses-in-swiecie\/\">\u015bwiecie<\/a> gramatyki urdu? Urdu, j\u0119zyk indoaryjski, jest j\u0119zykiem narodowym Pakistanu i jednym z j\u0119zyk\u00f3w urz\u0119dowych Indii. Z oko\u0142o 70 milionami u\u017cytkownik\u00f3w na ca\u0142ym \u015bwiecie, urdu jest nie tylko bogatym i ekspresyjnym j\u0119zykiem, ale tak\u017ce pomostem do t\u0119tni\u0105cej \u017cyciem kultury i historii. W tym artykule zag\u0142\u0119bimy si\u0119 w unikalne aspekty gramatyki urdu i odkryjemy, co odr\u00f3\u017cnia j\u0105 od innych j\u0119zyk\u00f3w.<\/p>\n\n\n\n<h3 class=\"wp-block-heading\" id=\"h-script-and-pronunciation-the-elegant-nastaliq\">Skrypt i wymowa: The Elegant Nastaliq<\/h3>\n\n\n\n<p>Pismo urdu opiera si\u0119 na persko-arabskim stylu Nastaliq, kt\u00f3ry jest pisany i czytany od prawej do lewej. Sk\u0142adaj\u0105cy si\u0119 z 38 liter z dodatkowymi znakami diakrytycznymi dla samog\u0142osek i wymowy, pismo Nastaliq jest zar\u00f3wno eleganckie, jak i p\u0142ynne. Nauka pisma i opanowanie wymowy d\u017awi\u0119k\u00f3w urdu b\u0119dzie pierwszym krokiem w kierunku zrozumienia gramatyki tego j\u0119zyka.<\/p>\n\n\n\n<h3 class=\"wp-block-heading\" id=\"h-nouns-and-pronouns-exploring-gender-number-and-case\">Rzeczowniki i zaimki: badanie rodzaju, liczby i przypadku<\/h3>\n\n\n\n<p>Rzeczowniki urdu s\u0105 klasyfikowane wed\u0142ug rodzaju (m\u0119ski lub \u017ce\u0144ski), liczby (w liczbie pojedynczej lub mnogiej) i przypadku (w liczbie bezpo\u015bredniej lub uko\u015bnej). J\u0119zyk ten nie ma przedimk\u00f3w (takich jak &#8222;a&#8221; lub &#8222;the&#8221;), zamiast tego polega na kontek\u015bcie, aby przekaza\u0107 definicj\u0119. Zaimki urdu s\u0105 r\u00f3wnie\u017c zgodne z podzia\u0142em na rodzaj, liczb\u0119 i przypadek oraz maj\u0105 r\u00f3\u017cne formy uprzejmo\u015bci i poufa\u0142o\u015bci.<\/p>\n\n\n\n<h3 class=\"wp-block-heading\" id=\"h-postpositions-and-cases-urdu-s-unique-approach-to-indicating-relationships\">Postpozycje i przypadki: Unikalne podej\u015bcie j\u0119zyka urdu do wskazywania relacji<\/h3>\n\n\n\n<p>Zamiast przyimk\u00f3w urdu u\u017cywa postpozycji \u2013 s\u0142\u00f3w, kt\u00f3re pojawiaj\u0105 si\u0119 po rzeczownikach, kt\u00f3rymi rz\u0105dz\u0105. Ta wyra\u017ana cecha jest widoczna w ca\u0142ym j\u0119zyku i znacz\u0105co wp\u0142ywa na oznaczenia przypadk\u00f3w. Dwa przypadki w j\u0119zyku urdu, bezpo\u015bredni i uko\u015bny, s\u0105 u\u017cywane w po\u0142\u0105czeniu z postpozycjami w celu wskazania relacji mi\u0119dzy s\u0142owami.<\/p>\n\n\n\n<h3 class=\"wp-block-heading\" id=\"h-harnessing-the-power-of-verbs-tense-aspect-and-moods\">Wykorzystanie mocy czasownik\u00f3w: czas, aspekt i nastroje<\/h3>\n\n\n\n<p>Czasowniki urdu s\u0105 fascynuj\u0105ce ze wzgl\u0119du na r\u00f3\u017cnorodny zakres czas\u00f3w (przesz\u0142y, tera\u017aniejszy i przysz\u0142y), aspekt\u00f3w (dokonany, niedokonany i nawykowy) oraz nastroj\u00f3w (oznajmuj\u0105cy, rozkazuj\u0105cy i \u0142\u0105cz\u0105cy). J\u0119zyk szeroko wykorzystuje r\u00f3wnie\u017c czasowniki posi\u0142kowe do tworzenia czas\u00f3w z\u0142o\u017conych, wyra\u017caj\u0105c niuanse w czasie i zako\u0144czeniu czynno\u015bci.<\/p>\n\n\n\n<p>Czasowniki zgadzaj\u0105 si\u0119 r\u00f3wnie\u017c ze swoimi podmiotami pod wzgl\u0119dem rodzaju i liczby, co dodatkowo dodaje warstwy z\u0142o\u017cono\u015bci i bogactwa do gramatyki urdu.<\/p>\n\n\n\n<h3 class=\"wp-block-heading\" id=\"h-adjectives-adverbs-and-more-adding-color-to-your-language\">Przymiotniki, przys\u0142\u00f3wki i nie tylko: dodawanie koloru do j\u0119zyka<\/h3>\n\n\n\n<p>Przymiotniki urdu zwykle pod\u0105\u017caj\u0105 za rzeczownikami, kt\u00f3re modyfikuj\u0105 i zgadzaj\u0105 si\u0119 z nimi pod wzgl\u0119dem rodzaju i liczby. Przymiotniki mo\u017cna zintensyfikowa\u0107 za pomoc\u0105 por\u00f3wna\u0144 i superlatyw\u00f3w, dodaj\u0105c g\u0142\u0119bi opisom. Przys\u0142\u00f3wki urdu, wywodz\u0105ce si\u0119 od przymiotnik\u00f3w lub istniej\u0105ce niezale\u017cnie, r\u00f3wnie\u017c odgrywaj\u0105 istotn\u0105 rol\u0119 w j\u0119zyku, dostarczaj\u0105c informacji o czasie, sposobie, miejscu i stopniu.<\/p>\n\n\n\n<p><a href=\"https:\/\/talkpal.ai\/urdu-grammar\/\">Gramatyka urdu<\/a> oferuje mn\u00f3stwo sp\u00f3jnik\u00f3w, wykrzyknik\u00f3w, partyku\u0142y i nie tylko, pomagaj\u0105c konstruowa\u0107 bogate, znacz\u0105ce i ekspresyjne zdania.<\/p>\n\n\n\n<h3 class=\"wp-block-heading\" id=\"h-embracing-the-world-of-urdu-grammar\">Poznawanie \u015bwiata gramatyki urdu<\/h3>\n\n\n\n<p><a href=\"https:\/\/talkpal.ai\/grammar\/\">Gramatyka<\/a> urdu mo\u017ce pocz\u0105tkowo wydawa\u0107 si\u0119 skomplikowana, ale w miar\u0119 zag\u0142\u0119biania si\u0119 w jej zawi\u0142o\u015bci, j\u0119zyk ten b\u0119dzie pe\u0142en pi\u0119kna i ekspresji. Nauka urdu nie tylko poprawi Twoje zrozumienie rodziny j\u0119zyk\u00f3w indoaryjskich, ale tak\u017ce pomo\u017ce Ci po\u0142\u0105czy\u0107 si\u0119 z czaruj\u0105c\u0105 kultur\u0105, literatur\u0105 i histori\u0105.<\/p>\n\n\n\n<p>Dlaczego wi\u0119c nie wyruszy\u0107 w ekscytuj\u0105c\u0105 podr\u00f3\u017c nauki gramatyki urdu? Dzi\u0119ki zaanga\u017cowaniu i ciekawo\u015bci wkr\u00f3tce mo\u017cesz rozmawia\u0107 z native speakerami, wymieniaj\u0105c si\u0119 pomys\u0142ami i historiami w tym pot\u0119\u017cnym j\u0119zyku. Mi\u0142ej nauki!<\/p>\n<\/div><\/div>\n\r\n<section class=\"learnNavigationSection\">\r\n            \r\n        <a href=\"https:\/\/talkpal.ai\/pl\/naucz-sie-urdu\/\">\r\n            <div class=\"learnNavigationWrapper\">\r\n                <div class=\"learnNavigationContent\">\r\n                    <img decoding=\"async\" src=\"https:\/\/talkpal.ai\/wp-content\/uploads\/2024\/08\/Urdu.jpg\" alt=\"Pakistani Flag\">\r\n                    <div>\r\n                        <h4>O nauce j\u0119zyka urdu<\/h4>\r\n                        <p>Dowiedz si\u0119 wszystkiego o gramatyce urdu.<\/p>\r\n                    <\/div>\r\n                <\/div>\r\n            <\/div>\r\n        <\/a>\r\n\r\n        \r\n        <a href=\"https:\/\/talkpal.ai\/pl\/cwiczenia-gramatyczne-w-jezyku-urdu\/\">\r\n            <div class=\"learnNavigationWrapper\">\r\n                <div class=\"learnNavigationContent\">\r\n                    <img decoding=\"async\" src=\"https:\/\/talkpal.ai\/wp-content\/uploads\/2024\/08\/Urdu.jpg\" alt=\"Pakistani Flag\">\r\n                    <div>\r\n                        <h4>\u0106wiczenie gramatyczne urdu<\/h4>\r\n                        <p>\u0106wicz gramatyk\u0119 urdu.<\/p>\r\n                    <\/div>\r\n                <\/div>\r\n            <\/div>\r\n        <\/a>\r\n\r\n        \r\n        <a href=\"https:\/\/talkpal.ai\/vocabulary_language\/urdu\/\">\r\n            <div class=\"learnNavigationWrapper\">\r\n                <div class=\"learnNavigationContent\">\r\n                    <img decoding=\"async\" src=\"https:\/\/talkpal.ai\/wp-content\/uploads\/2024\/08\/Urdu.jpg\" alt=\"Pakistani Flag\">\r\n                    <div>\r\n                        <h4>S\u0142ownictwo urdu<\/h4>\r\n                        <p>Poszerz swoje s\u0142ownictwo w j\u0119zyku urdu.<\/p>\r\n                    <\/div>\r\n                <\/div>\r\n            <\/div>\r\n        <\/a>\r\n\r\n            <\/section>","protected":false},"excerpt":{"rendered":"<p>Gramatyka urdu: odkrywanie pi\u0119kna i zawi\u0142o\u015bci j\u0119zyka indoaryjskiego Entuzja\u015bci j\u0119zyk\u00f3w i ciekawi uczniowie, czy jeste\u015bcie gotowi, aby zanurzy\u0107 si\u0119 w fascynuj\u0105cym \u015bwiecie gramatyki urdu? Urdu, j\u0119zyk indoaryjski, jest j\u0119zykiem narodowym Pakistanu i jednym z j\u0119zyk\u00f3w urz\u0119dowych Indii. Z oko\u0142o 70 milionami u\u017cytkownik\u00f3w na ca\u0142ym \u015bwiecie, urdu jest nie tylko bogatym i ekspresyjnym j\u0119zykiem, ale tak\u017ce [&hellip;]<\/p>\n","protected":false},"author":1,"featured_media":121246,"parent":0,"menu_order":0,"comment_status":"closed","ping_status":"closed","template":"LearningContentPage.php","meta":{"_acf_changed":false,"footnotes":""},"class_list":["post-152159","page","type-page","status-publish","has-post-thumbnail","hentry"],"acf":[],"yoast_head":"<!-- This site is optimized with the Yoast SEO Premium plugin v27.2 (Yoast SEO v27.2) - https:\/\/yoast.com\/product\/yoast-seo-premium-wordpress\/ -->\n<title>Gramatyka urdu - Talkpal<\/title>\n<meta name=\"description\" content=\"Odkryj pi\u0119kno gramatyki j\u0119zyka urdu. Poznaj jego unikalne aspekty, scenariusz i spos\u00f3b, w jaki \u0142\u0105czy si\u0119 z kultur\u0105 i histori\u0105.\" \/>\n<meta name=\"robots\" content=\"index, follow, max-snippet:-1, max-image-preview:large, max-video-preview:-1\" \/>\n<link rel=\"canonical\" href=\"https:\/\/talkpal.ai\/pl\/gramatyka-urdu\/\" \/>\n<meta property=\"og:locale\" content=\"pl_PL\" \/>\n<meta property=\"og:type\" content=\"article\" \/>\n<meta property=\"og:title\" content=\"Gramatyka urdu\" \/>\n<meta property=\"og:description\" content=\"Gramatyka urdu: odkrywanie pi\u0119kna i zawi\u0142o\u015bci j\u0119zyka indoaryjskiego Entuzja\u015bci j\u0119zyk\u00f3w i ciekawi uczniowie, czy jeste\u015bcie gotowi, aby zanurzy\u0107 si\u0119 w\" \/>\n<meta property=\"og:url\" content=\"https:\/\/talkpal.ai\/pl\/gramatyka-urdu\/\" \/>\n<meta property=\"og:site_name\" content=\"Talkpal\" \/>\n<meta property=\"article:publisher\" content=\"https:\/\/www.facebook.com\/profile.php?id=100090733639311\" \/>\n<meta property=\"article:modified_time\" content=\"2025-12-11T16:25:49+00:00\" \/>\n<meta property=\"og:image\" content=\"https:\/\/talkpal.ai\/wp-content\/uploads\/2023\/05\/Urdu-pakistan.png\" \/>\n\t<meta property=\"og:image:width\" content=\"512\" \/>\n\t<meta property=\"og:image:height\" content=\"512\" \/>\n\t<meta property=\"og:image:type\" content=\"image\/png\" \/>\n<meta name=\"twitter:card\" content=\"summary_large_image\" \/>\n<meta name=\"twitter:site\" content=\"@talkpalai\" \/>\n<meta name=\"twitter:label1\" content=\"Szacowany czas czytania\" \/>\n\t<meta name=\"twitter:data1\" content=\"3 minuty\" \/>\n<script type=\"application\/ld+json\" class=\"yoast-schema-graph\">{\"@context\":\"https:\/\/schema.org\",\"@graph\":[{\"@type\":\"WebPage\",\"@id\":\"https:\/\/talkpal.ai\/pl\/gramatyka-urdu\/\",\"url\":\"https:\/\/talkpal.ai\/pl\/gramatyka-urdu\/\",\"name\":\"Gramatyka urdu - Talkpal\",\"isPartOf\":{\"@id\":\"https:\/\/talkpal.ai\/pl\/#website\"},\"primaryImageOfPage\":{\"@id\":\"https:\/\/talkpal.ai\/pl\/gramatyka-urdu\/#primaryimage\"},\"image\":{\"@id\":\"https:\/\/talkpal.ai\/pl\/gramatyka-urdu\/#primaryimage\"},\"thumbnailUrl\":\"https:\/\/talkpal.ai\/wp-content\/uploads\/2023\/05\/Urdu-pakistan.png\",\"datePublished\":\"2023-05-14T14:22:39+00:00\",\"dateModified\":\"2025-12-11T16:25:49+00:00\",\"description\":\"Odkryj pi\u0119kno gramatyki j\u0119zyka urdu. Poznaj jego unikalne aspekty, scenariusz i spos\u00f3b, w jaki \u0142\u0105czy si\u0119 z kultur\u0105 i histori\u0105.\",\"breadcrumb\":{\"@id\":\"https:\/\/talkpal.ai\/pl\/gramatyka-urdu\/#breadcrumb\"},\"inLanguage\":\"pl-PL\",\"potentialAction\":[{\"@type\":\"ReadAction\",\"target\":[\"https:\/\/talkpal.ai\/pl\/gramatyka-urdu\/\"]}]},{\"@type\":\"ImageObject\",\"inLanguage\":\"pl-PL\",\"@id\":\"https:\/\/talkpal.ai\/pl\/gramatyka-urdu\/#primaryimage\",\"url\":\"https:\/\/talkpal.ai\/wp-content\/uploads\/2023\/05\/Urdu-pakistan.png\",\"contentUrl\":\"https:\/\/talkpal.ai\/wp-content\/uploads\/2023\/05\/Urdu-pakistan.png\",\"width\":512,\"height\":512},{\"@type\":\"BreadcrumbList\",\"@id\":\"https:\/\/talkpal.ai\/pl\/gramatyka-urdu\/#breadcrumb\",\"itemListElement\":[{\"@type\":\"ListItem\",\"position\":1,\"name\":\"Homepage\",\"item\":\"https:\/\/talkpal.ai\/pl\/\"},{\"@type\":\"ListItem\",\"position\":2,\"name\":\"Gramatyka urdu\"}]},{\"@type\":\"WebSite\",\"@id\":\"https:\/\/talkpal.ai\/pl\/#website\",\"url\":\"https:\/\/talkpal.ai\/pl\/\",\"name\":\"Talkpal\",\"description\":\"AI Language Learning\",\"publisher\":{\"@id\":\"https:\/\/talkpal.ai\/pl\/#organization\"},\"alternateName\":\"Talkpal AI\",\"potentialAction\":[{\"@type\":\"SearchAction\",\"target\":{\"@type\":\"EntryPoint\",\"urlTemplate\":\"https:\/\/talkpal.ai\/pl\/?s={search_term_string}\"},\"query-input\":{\"@type\":\"PropertyValueSpecification\",\"valueRequired\":true,\"valueName\":\"search_term_string\"}}],\"inLanguage\":\"pl-PL\"},{\"@type\":\"Organization\",\"@id\":\"https:\/\/talkpal.ai\/pl\/#organization\",\"name\":\"Talkpal, Inc.\",\"alternateName\":\"Talkpal AI\",\"url\":\"https:\/\/talkpal.ai\/pl\/\",\"logo\":{\"@type\":\"ImageObject\",\"inLanguage\":\"pl-PL\",\"@id\":\"https:\/\/talkpal.ai\/pl\/#\/schema\/logo\/image\/\",\"url\":\"https:\/\/talkpal.ai\/wp-content\/uploads\/2024\/03\/Talkpal-Logo-Icon.png\",\"contentUrl\":\"https:\/\/talkpal.ai\/wp-content\/uploads\/2024\/03\/Talkpal-Logo-Icon.png\",\"width\":2880,\"height\":2880,\"caption\":\"Talkpal, Inc.\"},\"image\":{\"@id\":\"https:\/\/talkpal.ai\/pl\/#\/schema\/logo\/image\/\"},\"sameAs\":[\"https:\/\/www.facebook.com\/profile.php?id=100090733639311\",\"https:\/\/x.com\/talkpalai\",\"https:\/\/www.linkedin.com\/company\/talkpal\/\",\"https:\/\/www.youtube.com\/@TalkPal\/\",\"https:\/\/www.tiktok.com\/@talkpal\",\"https:\/\/www.instagram.com\/talkpal_ai\/\",\"https:\/\/www.crunchbase.com\/organization\/talkpal-9cde\",\"https:\/\/www.g2.com\/products\/talkpal-for-business\/\",\"https:\/\/www.trustpilot.com\/review\/talkpal.ai\",\"https:\/\/www.capterra.com\/p\/10006800\/TalkPal\/\"],\"description\":\"Talkpal is a language learning web and mobile education app, powered by the latest AI technologies, that provides engaging experiences to its customers in many different languages to help them improve their language skills. Users can chat about unlimited amount of topics with the app and use other modes to practice their language learning.\",\"email\":\"support@talkpal.ai\",\"legalName\":\"Talkpal, Inc.\",\"foundingDate\":\"2023-04-03\",\"duns\":\"118989042\",\"numberOfEmployees\":{\"@type\":\"QuantitativeValue\",\"minValue\":\"11\",\"maxValue\":\"50\"},\"publishingPrinciples\":\"https:\/\/talkpal.ai\/publishing-principles\/\",\"actionableFeedbackPolicy\":\"https:\/\/talkpal.ai\/actionable-feedback-policy\/\",\"correctionsPolicy\":\"https:\/\/talkpal.ai\/corrections-policy\/\",\"ethicsPolicy\":\"https:\/\/talkpal.ai\/ethics-policy\/\",\"diversityPolicy\":\"https:\/\/talkpal.ai\/diversity-policy\/\",\"diversityStaffingReport\":\"https:\/\/talkpal.ai\/diversity-policy\/\"}]}<\/script>\n<!-- \/ Yoast SEO Premium plugin. -->","yoast_head_json":{"title":"Gramatyka urdu - Talkpal","description":"Odkryj pi\u0119kno gramatyki j\u0119zyka urdu. Poznaj jego unikalne aspekty, scenariusz i spos\u00f3b, w jaki \u0142\u0105czy si\u0119 z kultur\u0105 i histori\u0105.","robots":{"index":"index","follow":"follow","max-snippet":"max-snippet:-1","max-image-preview":"max-image-preview:large","max-video-preview":"max-video-preview:-1"},"canonical":"https:\/\/talkpal.ai\/pl\/gramatyka-urdu\/","og_locale":"pl_PL","og_type":"article","og_title":"Gramatyka urdu","og_description":"Gramatyka urdu: odkrywanie pi\u0119kna i zawi\u0142o\u015bci j\u0119zyka indoaryjskiego Entuzja\u015bci j\u0119zyk\u00f3w i ciekawi uczniowie, czy jeste\u015bcie gotowi, aby zanurzy\u0107 si\u0119 w","og_url":"https:\/\/talkpal.ai\/pl\/gramatyka-urdu\/","og_site_name":"Talkpal","article_publisher":"https:\/\/www.facebook.com\/profile.php?id=100090733639311","article_modified_time":"2025-12-11T16:25:49+00:00","og_image":[{"width":512,"height":512,"url":"https:\/\/talkpal.ai\/wp-content\/uploads\/2023\/05\/Urdu-pakistan.png","type":"image\/png"}],"twitter_card":"summary_large_image","twitter_site":"@talkpalai","twitter_misc":{"Szacowany czas czytania":"3 minuty"},"schema":{"@context":"https:\/\/schema.org","@graph":[{"@type":"WebPage","@id":"https:\/\/talkpal.ai\/pl\/gramatyka-urdu\/","url":"https:\/\/talkpal.ai\/pl\/gramatyka-urdu\/","name":"Gramatyka urdu - Talkpal","isPartOf":{"@id":"https:\/\/talkpal.ai\/pl\/#website"},"primaryImageOfPage":{"@id":"https:\/\/talkpal.ai\/pl\/gramatyka-urdu\/#primaryimage"},"image":{"@id":"https:\/\/talkpal.ai\/pl\/gramatyka-urdu\/#primaryimage"},"thumbnailUrl":"https:\/\/talkpal.ai\/wp-content\/uploads\/2023\/05\/Urdu-pakistan.png","datePublished":"2023-05-14T14:22:39+00:00","dateModified":"2025-12-11T16:25:49+00:00","description":"Odkryj pi\u0119kno gramatyki j\u0119zyka urdu. Poznaj jego unikalne aspekty, scenariusz i spos\u00f3b, w jaki \u0142\u0105czy si\u0119 z kultur\u0105 i histori\u0105.","breadcrumb":{"@id":"https:\/\/talkpal.ai\/pl\/gramatyka-urdu\/#breadcrumb"},"inLanguage":"pl-PL","potentialAction":[{"@type":"ReadAction","target":["https:\/\/talkpal.ai\/pl\/gramatyka-urdu\/"]}]},{"@type":"ImageObject","inLanguage":"pl-PL","@id":"https:\/\/talkpal.ai\/pl\/gramatyka-urdu\/#primaryimage","url":"https:\/\/talkpal.ai\/wp-content\/uploads\/2023\/05\/Urdu-pakistan.png","contentUrl":"https:\/\/talkpal.ai\/wp-content\/uploads\/2023\/05\/Urdu-pakistan.png","width":512,"height":512},{"@type":"BreadcrumbList","@id":"https:\/\/talkpal.ai\/pl\/gramatyka-urdu\/#breadcrumb","itemListElement":[{"@type":"ListItem","position":1,"name":"Homepage","item":"https:\/\/talkpal.ai\/pl\/"},{"@type":"ListItem","position":2,"name":"Gramatyka urdu"}]},{"@type":"WebSite","@id":"https:\/\/talkpal.ai\/pl\/#website","url":"https:\/\/talkpal.ai\/pl\/","name":"Talkpal","description":"AI Language Learning","publisher":{"@id":"https:\/\/talkpal.ai\/pl\/#organization"},"alternateName":"Talkpal AI","potentialAction":[{"@type":"SearchAction","target":{"@type":"EntryPoint","urlTemplate":"https:\/\/talkpal.ai\/pl\/?s={search_term_string}"},"query-input":{"@type":"PropertyValueSpecification","valueRequired":true,"valueName":"search_term_string"}}],"inLanguage":"pl-PL"},{"@type":"Organization","@id":"https:\/\/talkpal.ai\/pl\/#organization","name":"Talkpal, Inc.","alternateName":"Talkpal AI","url":"https:\/\/talkpal.ai\/pl\/","logo":{"@type":"ImageObject","inLanguage":"pl-PL","@id":"https:\/\/talkpal.ai\/pl\/#\/schema\/logo\/image\/","url":"https:\/\/talkpal.ai\/wp-content\/uploads\/2024\/03\/Talkpal-Logo-Icon.png","contentUrl":"https:\/\/talkpal.ai\/wp-content\/uploads\/2024\/03\/Talkpal-Logo-Icon.png","width":2880,"height":2880,"caption":"Talkpal, Inc."},"image":{"@id":"https:\/\/talkpal.ai\/pl\/#\/schema\/logo\/image\/"},"sameAs":["https:\/\/www.facebook.com\/profile.php?id=100090733639311","https:\/\/x.com\/talkpalai","https:\/\/www.linkedin.com\/company\/talkpal\/","https:\/\/www.youtube.com\/@TalkPal\/","https:\/\/www.tiktok.com\/@talkpal","https:\/\/www.instagram.com\/talkpal_ai\/","https:\/\/www.crunchbase.com\/organization\/talkpal-9cde","https:\/\/www.g2.com\/products\/talkpal-for-business\/","https:\/\/www.trustpilot.com\/review\/talkpal.ai","https:\/\/www.capterra.com\/p\/10006800\/TalkPal\/"],"description":"Talkpal is a language learning web and mobile education app, powered by the latest AI technologies, that provides engaging experiences to its customers in many different languages to help them improve their language skills. Users can chat about unlimited amount of topics with the app and use other modes to practice their language learning.","email":"support@talkpal.ai","legalName":"Talkpal, Inc.","foundingDate":"2023-04-03","duns":"118989042","numberOfEmployees":{"@type":"QuantitativeValue","minValue":"11","maxValue":"50"},"publishingPrinciples":"https:\/\/talkpal.ai\/publishing-principles\/","actionableFeedbackPolicy":"https:\/\/talkpal.ai\/actionable-feedback-policy\/","correctionsPolicy":"https:\/\/talkpal.ai\/corrections-policy\/","ethicsPolicy":"https:\/\/talkpal.ai\/ethics-policy\/","diversityPolicy":"https:\/\/talkpal.ai\/diversity-policy\/","diversityStaffingReport":"https:\/\/talkpal.ai\/diversity-policy\/"}]}},"_links":{"self":[{"href":"https:\/\/talkpal.ai\/pl\/wp-json\/wp\/v2\/pages\/152159","targetHints":{"allow":["GET"]}}],"collection":[{"href":"https:\/\/talkpal.ai\/pl\/wp-json\/wp\/v2\/pages"}],"about":[{"href":"https:\/\/talkpal.ai\/pl\/wp-json\/wp\/v2\/types\/page"}],"author":[{"embeddable":true,"href":"https:\/\/talkpal.ai\/pl\/wp-json\/wp\/v2\/users\/1"}],"replies":[{"embeddable":true,"href":"https:\/\/talkpal.ai\/pl\/wp-json\/wp\/v2\/comments?post=152159"}],"version-history":[{"count":0,"href":"https:\/\/talkpal.ai\/pl\/wp-json\/wp\/v2\/pages\/152159\/revisions"}],"wp:featuredmedia":[{"embeddable":true,"href":"https:\/\/talkpal.ai\/pl\/wp-json\/wp\/v2\/media\/121246"}],"wp:attachment":[{"href":"https:\/\/talkpal.ai\/pl\/wp-json\/wp\/v2\/media?parent=152159"}],"curies":[{"name":"wp","href":"https:\/\/api.w.org\/{rel}","templated":true}]}}