{"id":151959,"date":"2023-05-14T14:22:16","date_gmt":"2023-05-14T14:22:16","guid":{"rendered":"http:\/\/talkpal.ai\/gramatyka-tamilska\/"},"modified":"2025-12-12T11:02:09","modified_gmt":"2025-12-12T11:02:09","slug":"gramatyka-tamilska","status":"publish","type":"page","link":"https:\/\/talkpal.ai\/pl\/gramatyka-tamilska\/","title":{"rendered":"Gramatyka tamilska"},"content":{"rendered":"\r\n\r\n\r\n<section class=\"languageChallengeSection\">\r\n    <div class=\"languageInfoWrapper\">\r\n        \r\n        <h1>Gramatyka tamilska<\/h1>\r\n        <p>Przenie\u015b swoje umiej\u0119tno\u015bci pos\u0142ugiwania si\u0119 j\u0119zykiem tamilskim na wy\u017cszy poziom, opanowuj\u0105c podstawy gramatyki i zaawansowane poj\u0119cia. Zapoznaj si\u0119 z jasnymi wyja\u015bnieniami, praktycznymi przyk\u0142adami i interaktywnymi \u0107wiczeniami zaprojektowanymi w celu budowania pewno\u015bci siebie. Rozpocznij nauk\u0119 o strukturze zda\u0144, koniugacji czasownik\u00f3w i podstawowych zasadach ju\u017c dzi\u015b. Rozpocznij swoj\u0105 podr\u00f3\u017c do m\u00f3wienia i pisania w j\u0119zyku tamilskim z dok\u0142adno\u015bci\u0105 i \u0142atwo\u015bci\u0105!<\/p>\r\n\r\n                            <a class=\"getStartedHidden\" href=\"https:\/\/app.talkpal.ai\/pl\/signup?lng=\">Zaczynaj<\/a>\r\n        \r\n    <\/div>\r\n\r\n    <figure>\r\n    <img decoding=\"async\" width=\"768\" height=\"768\" src=\"https:\/\/talkpal.ai\/wp-content\/uploads\/2023\/06\/tamil-768x768.png\" class=\"languageImage no-lazy\" alt=\"Language learning for enhanced creativity\" fetchpriority=\"high\" sizes=\"(max-width: 768px) 150px, 768px\" srcset=\"https:\/\/talkpal.ai\/wp-content\/uploads\/2023\/06\/tamil-768x768.png 768w, https:\/\/talkpal.ai\/wp-content\/uploads\/2023\/06\/tamil-300x300.png 300w\" \/>\r\n    \r\n\r\n    <\/figure>\r\n\r\n            <a class=\"getStartedVisible\" href=\"https:\/\/app.talkpal.ai\/pl\/signup?lng=\">Zaczynaj<\/a>\r\n    \r\n<\/section>\r\n<section class=\"promotionalBanner\">\r\n    <p class=\"promotionalText\">Najbardziej efektywny spos\u00f3b nauki j\u0119zyka<\/p>\r\n    <a class=\"promotionalLink\" href=\"https:\/\/app.talkpal.ai\/pl\/signup?lng=\">Wypr\u00f3buj Talkpal za darmo<\/a>\r\n<\/section>\n<div class=\"wp-block-group pageContainerStyle\"><div class=\"wp-block-group__inner-container is-layout-constrained wp-block-group-is-layout-constrained\">\n<h2 class=\"wp-block-heading\" id=\"h-tamil-grammar-understanding-the-richness-of-the-tamil-language\">Gramatyka tamilska: zrozumienie bogactwa j\u0119zyka tamilskiego<\/h2>\n\n\n\n<p>Kiedy zaczynasz uczy\u0107 si\u0119 tamilskiego &#8211; jednego z najstarszych \u017cywych j\u0119zyk\u00f3w na <a href=\"https:\/\/talkpal.ai\/locations\/language-courses-in-swiecie\/\">\u015bwiecie<\/a> &#8211; rozwik\u0142anie jego z\u0142o\u017cono\u015bci i bogactwa gramatyki jest niezb\u0119dne. <a href=\"https:\/\/talkpal.ai\/learn-tamil\/\">Tamilski<\/a>, kt\u00f3ry szczyci si\u0119 tradycj\u0105 pisan\u0105 si\u0119gaj\u0105c\u0105 ponad 2000 lat wstecz, pozostaje podstawowym j\u0119zykiem dla 70 milion\u00f3w u\u017cytkownik\u00f3w na ca\u0142ym \u015bwiecie. Aby pom\u00f3c Ci zacz\u0105\u0107, w tym artykule przedstawiono niekt\u00f3re kluczowe aspekty gramatyki tamilskiej z podej\u015bciem konwersacyjnym i nieformalnym.<\/p>\n\n\n\n<h3 class=\"wp-block-heading\" id=\"h-1-nouns-classifications-and-cases\">1. Rzeczowniki \u2013 klasyfikacje i przypadki<\/h3>\n\n\n\n<p>Znacz\u0105cym aspektem gramatyki tamilskiej s\u0105 jej rzeczowniki, kt\u00f3re s\u0105 klasyfikowane na podstawie rodzaju (m\u0119skiego, \u017ce\u0144skiego i nijakiego), liczby (w liczbie pojedynczej i mnogiej) oraz przypadku (mianownik, celownik, celownik, dope\u0142niacz, miejscownik, instrumentalny, komitacyjny, abessive i wo\u0142acz). Chocia\u017c mo\u017ce si\u0119 to wydawa\u0107 przyt\u0142aczaj\u0105ce, jest to niezb\u0119dne do zrozumienia relacji mi\u0119dzy s\u0142owami w zdaniach i dekodowania nieod\u0142\u0105cznej logiki <a href=\"https:\/\/talkpal.ai\/learn-tamil\/\">Tamil<\/a>.<\/p>\n\n\n\n<p>Na przyk\u0142ad s\u0142owo &#8222;ksi\u0105\u017cka&#8221; w j\u0119zyku tamilskim to &#8222;\u0baa\u0bc1\u0ba4\u0bcd\u0ba4\u0b95\u0bae\u0bcd&#8221; (puththakam). Aby powiedzie\u0107 &#8222;czytam ksi\u0105\u017ck\u0119&#8221;, u\u017cy\u0142by\u015b przypadku oskar\u017cycielskiego, kt\u00f3ry sugeruje, \u017ce ksi\u0105\u017cka jest przedmiotem dzia\u0142ania: &#8222;\u0ba8\u0bbe\u0ba9\u0bcd \u0baa\u0bc1\u0ba4\u0bcd\u0ba4\u0b95\u0ba4\u0bcd\u0ba4\u0bc8 \u0bb5\u0bbe\u0b9a\u0bbf\u0b95\u0bcd\u0b95\u0bbf\u0ba9\u0bcd\u0bb1\u0bc7\u0ba9\u0bcd&#8221; (Naan puththakaththai vaasikkiren).<\/p>\n\n\n\n<h3 class=\"wp-block-heading\" id=\"h-2-adjectives-and-pronouns-consistent-harmony\">2. Przymiotniki i zaimki \u2013 konsekwentna harmonia<\/h3>\n\n\n\n<p>W j\u0119zyku tamilskim przymiotniki (\u0baa\u0ba3\u0bcd\u0baa\u0bc1\u0b9f\u0bc8\u0bae\u0bc8) i zaimki (\u0ba4\u0ba9\u0bbf\u0baa\u0bcd\u0baa\u0bca\u0bb0\u0bc1\u0bb3\u0bcd) podlegaj\u0105 kluczowej zasadzie: musz\u0105 zgadza\u0107 si\u0119 pod wzgl\u0119dem rodzaju i liczby z rzeczownikami, kt\u00f3re modyfikuj\u0105. Ta sp\u00f3jno\u015b\u0107 sprzyja harmonii j\u0119zykowej i zwi\u0119ksza jasno\u015b\u0107 wypowiedzi.<\/p>\n\n\n\n<h3 class=\"wp-block-heading\" id=\"h-3-verbs-conjugation-and-tenses\">3. Czasowniki \u2013 koniugacja i czasy<\/h3>\n\n\n\n<p>Czasowniki tamilskie odgrywaj\u0105 kluczow\u0105 rol\u0119 w kszta\u0142towaniu zda\u0144. Czasowniki ulegaj\u0105 koniugacji w oparciu o osob\u0119, liczb\u0119, czas, g\u0142os i nastr\u00f3j. Tamilski ma trzy g\u0142\u00f3wne czasy (przesz\u0142y, tera\u017aniejszy i przysz\u0142y) oraz trzy nastroje (oznajmuj\u0105cy, rozkazuj\u0105cy i \u0142\u0105cz\u0105cy). Koniugacja mo\u017ce pocz\u0105tkowo wydawa\u0107 si\u0119 zniech\u0119caj\u0105ca, ale opanowanie jej pomo\u017ce ci wyrazi\u0107 wiele emocji, dzia\u0142a\u0144 i niuans\u00f3w.<\/p>\n\n\n\n<h3 class=\"wp-block-heading\" id=\"h-4-sentence-structure-word-order-and-agreement\">4. Struktura zdania \u2013 szyk wyraz\u00f3w i umowa<\/h3>\n\n\n\n<p>J\u0119zyk tamilski ma szyk wyraz\u00f3w Podmiot-Przedmiot-Czasownik (SOV), co odr\u00f3\u017cnia go od angielskiego, kt\u00f3ry ma struktur\u0119 Podmiot-Czasownik-Dope\u0142nienie (SVO). Ponadto <a href=\"https:\/\/talkpal.ai\/tamil-grammar\/\">gramatyka tamilska<\/a> k\u0142adzie nacisk na zgodno\u015b\u0107 s\u0142\u00f3w, zapewniaj\u0105c sp\u00f3jno\u015b\u0107 mi\u0119dzy rzeczownikami, przymiotnikami i zaimkami.<\/p>\n\n\n\n<p>Na przyk\u0142ad w j\u0119zyku tamilskim zdanie &#8222;Ona je jab\u0142ko&#8221; jest zapisane jako &#8222;\u0b85\u0bb5\u0bb3\u0bcd \u0b92\u0bb0\u0bc1 \u0b86\u0baa\u0bcd\u0baa\u0bbf\u0bb3\u0bcd \u0b9a\u0bbe\u0baa\u0bcd\u0baa\u0bbf\u0b9f\u0bc1\u0b95\u0bbf\u0bb1\u0bbe\u0bb3\u0bcd&#8221; (Ava\u1e37 oru \u0101ppi\u1e37 s\u0101ppi\u1e6dugi\u1e5f\u0101\u1e37), gdzie rzeczownik i czasownik zgadzaj\u0105 si\u0119 pod wzgl\u0119dem rodzaju i liczby.<\/p>\n\n\n\n<h3 class=\"wp-block-heading\" id=\"h-5-embrace-the-journey\">5. Podejmij podr\u00f3\u017c<\/h3>\n\n\n\n<p>Nauka gramatyki tamilskiej mo\u017ce by\u0107 trudna, ale oferuje bram\u0119 do t\u0119tni\u0105cej \u017cyciem tradycji literackiej i bogatego dziedzictwa kulturowego. Pami\u0119taj, \u017ce wa\u017cne jest, aby robi\u0107 krok po kroku i docenia\u0107 zawi\u0142o\u015bci, kt\u00f3re sprawiaj\u0105, \u017ce j\u0119zyk tamilski jest tak wyj\u0105tkowy.<\/p>\n\n\n\n<p>Zg\u0142\u0119biaj\u0105c zawi\u0142o\u015bci gramatyki tamilskiej, pami\u0119taj o regularnych \u0107wiczeniach, kontaktach z native speakerami i cierpliwo\u015bci wobec siebie. Dzi\u0119ki po\u015bwi\u0119ceniu odblokujesz pi\u0119kno i bogactwo tego staro\u017cytnego j\u0119zyka. \u0b87\u0ba9\u0bbf\u0baf \u0b95\u0bb1\u0bcd\u0bb1\u0bb2\u0bcd &#8211; Iniy ka\u1e5f\u1e5fal (szcz\u0119\u015bliwej nauki)!<\/p>\n<\/div><\/div>\n\r\n<section class=\"learnNavigationSection\">\r\n            \r\n        <a href=\"https:\/\/talkpal.ai\/pl\/naucz-sie-tamilskiego\/\">\r\n            <div class=\"learnNavigationWrapper\">\r\n                <div class=\"learnNavigationContent\">\r\n                    <img decoding=\"async\" src=\"https:\/\/talkpal.ai\/wp-content\/uploads\/2024\/08\/Tamil.jpg\" alt=\"Indian Simplified Flag\">\r\n                    <div>\r\n                        <h4>O Tamil Learning<\/h4>\r\n                        <p>Dowiedz si\u0119 wszystkiego o gramatyce tamilskiej.<\/p>\r\n                    <\/div>\r\n                <\/div>\r\n            <\/div>\r\n        <\/a>\r\n\r\n        \r\n        <a href=\"https:\/\/talkpal.ai\/pl\/cwiczenia-gramatyczne-z-jezyka-tamilskiego\/\">\r\n            <div class=\"learnNavigationWrapper\">\r\n                <div class=\"learnNavigationContent\">\r\n                    <img decoding=\"async\" src=\"https:\/\/talkpal.ai\/wp-content\/uploads\/2024\/08\/Tamil.jpg\" alt=\"Indian Simplified Flag\">\r\n                    <div>\r\n                        <h4>Tamilskie \u0107wiczenie gramatyczne<\/h4>\r\n                        <p>\u0106wicz gramatyk\u0119 tamilsk\u0105.<\/p>\r\n                    <\/div>\r\n                <\/div>\r\n            <\/div>\r\n        <\/a>\r\n\r\n        \r\n        <a href=\"https:\/\/talkpal.ai\/vocabulary_language\/tamil\/\">\r\n            <div class=\"learnNavigationWrapper\">\r\n                <div class=\"learnNavigationContent\">\r\n                    <img decoding=\"async\" src=\"https:\/\/talkpal.ai\/wp-content\/uploads\/2024\/08\/Tamil.jpg\" alt=\"Indian Simplified Flag\">\r\n                    <div>\r\n                        <h4>S\u0142ownictwo tamilskie<\/h4>\r\n                        <p>Poszerz swoje tamilskie s\u0142ownictwo.<\/p>\r\n                    <\/div>\r\n                <\/div>\r\n            <\/div>\r\n        <\/a>\r\n\r\n            <\/section>","protected":false},"excerpt":{"rendered":"<p>Gramatyka tamilska: zrozumienie bogactwa j\u0119zyka tamilskiego Kiedy zaczynasz uczy\u0107 si\u0119 tamilskiego &#8211; jednego z najstarszych \u017cywych j\u0119zyk\u00f3w na \u015bwiecie &#8211; rozwik\u0142anie jego z\u0142o\u017cono\u015bci i bogactwa gramatyki jest niezb\u0119dne. Tamilski, kt\u00f3ry szczyci si\u0119 tradycj\u0105 pisan\u0105 si\u0119gaj\u0105c\u0105 ponad 2000 lat wstecz, pozostaje podstawowym j\u0119zykiem dla 70 milion\u00f3w u\u017cytkownik\u00f3w na ca\u0142ym \u015bwiecie. Aby pom\u00f3c Ci zacz\u0105\u0107, w tym [&hellip;]<\/p>\n","protected":false},"author":1,"featured_media":120347,"parent":0,"menu_order":0,"comment_status":"closed","ping_status":"closed","template":"LearningContentPage.php","meta":{"_acf_changed":false,"footnotes":""},"class_list":["post-151959","page","type-page","status-publish","has-post-thumbnail","hentry"],"acf":[],"yoast_head":"<!-- This site is optimized with the Yoast SEO Premium plugin v27.2 (Yoast SEO v27.2) - https:\/\/yoast.com\/product\/yoast-seo-premium-wordpress\/ -->\n<title>Gramatyka tamilska - Talkpal<\/title>\n<meta name=\"description\" content=\"Poznaj podstawy gramatyki tamilskiej i lepiej zrozum ten bogaty j\u0119zyk.\" \/>\n<meta name=\"robots\" content=\"index, follow, max-snippet:-1, max-image-preview:large, max-video-preview:-1\" \/>\n<link rel=\"canonical\" href=\"https:\/\/talkpal.ai\/pl\/gramatyka-tamilska\/\" \/>\n<meta property=\"og:locale\" content=\"pl_PL\" \/>\n<meta property=\"og:type\" content=\"article\" \/>\n<meta property=\"og:title\" content=\"Gramatyka tamilska\" \/>\n<meta property=\"og:description\" content=\"Gramatyka tamilska: zrozumienie bogactwa j\u0119zyka tamilskiego Kiedy zaczynasz uczy\u0107 si\u0119 tamilskiego - jednego z najstarszych \u017cywych j\u0119zyk\u00f3w na \u015bwiecie -\" \/>\n<meta property=\"og:url\" content=\"https:\/\/talkpal.ai\/pl\/gramatyka-tamilska\/\" \/>\n<meta property=\"og:site_name\" content=\"Talkpal\" \/>\n<meta property=\"article:publisher\" content=\"https:\/\/www.facebook.com\/profile.php?id=100090733639311\" \/>\n<meta property=\"article:modified_time\" content=\"2025-12-12T11:02:09+00:00\" \/>\n<meta property=\"og:image\" content=\"https:\/\/talkpal.ai\/wp-content\/uploads\/2023\/05\/Tamil-india.png\" \/>\n\t<meta property=\"og:image:width\" content=\"512\" \/>\n\t<meta property=\"og:image:height\" content=\"512\" \/>\n\t<meta property=\"og:image:type\" content=\"image\/png\" \/>\n<meta name=\"twitter:card\" content=\"summary_large_image\" \/>\n<meta name=\"twitter:site\" content=\"@talkpalai\" \/>\n<meta name=\"twitter:label1\" content=\"Szacowany czas czytania\" \/>\n\t<meta name=\"twitter:data1\" content=\"2 minuty\" \/>\n<script type=\"application\/ld+json\" class=\"yoast-schema-graph\">{\"@context\":\"https:\/\/schema.org\",\"@graph\":[{\"@type\":\"WebPage\",\"@id\":\"https:\/\/talkpal.ai\/pl\/gramatyka-tamilska\/\",\"url\":\"https:\/\/talkpal.ai\/pl\/gramatyka-tamilska\/\",\"name\":\"Gramatyka tamilska - Talkpal\",\"isPartOf\":{\"@id\":\"https:\/\/talkpal.ai\/pl\/#website\"},\"primaryImageOfPage\":{\"@id\":\"https:\/\/talkpal.ai\/pl\/gramatyka-tamilska\/#primaryimage\"},\"image\":{\"@id\":\"https:\/\/talkpal.ai\/pl\/gramatyka-tamilska\/#primaryimage\"},\"thumbnailUrl\":\"https:\/\/talkpal.ai\/wp-content\/uploads\/2023\/05\/Tamil-india.png\",\"datePublished\":\"2023-05-14T14:22:16+00:00\",\"dateModified\":\"2025-12-12T11:02:09+00:00\",\"description\":\"Poznaj podstawy gramatyki tamilskiej i lepiej zrozum ten bogaty j\u0119zyk.\",\"breadcrumb\":{\"@id\":\"https:\/\/talkpal.ai\/pl\/gramatyka-tamilska\/#breadcrumb\"},\"inLanguage\":\"pl-PL\",\"potentialAction\":[{\"@type\":\"ReadAction\",\"target\":[\"https:\/\/talkpal.ai\/pl\/gramatyka-tamilska\/\"]}]},{\"@type\":\"ImageObject\",\"inLanguage\":\"pl-PL\",\"@id\":\"https:\/\/talkpal.ai\/pl\/gramatyka-tamilska\/#primaryimage\",\"url\":\"https:\/\/talkpal.ai\/wp-content\/uploads\/2023\/05\/Tamil-india.png\",\"contentUrl\":\"https:\/\/talkpal.ai\/wp-content\/uploads\/2023\/05\/Tamil-india.png\",\"width\":512,\"height\":512},{\"@type\":\"BreadcrumbList\",\"@id\":\"https:\/\/talkpal.ai\/pl\/gramatyka-tamilska\/#breadcrumb\",\"itemListElement\":[{\"@type\":\"ListItem\",\"position\":1,\"name\":\"Homepage\",\"item\":\"https:\/\/talkpal.ai\/pl\/\"},{\"@type\":\"ListItem\",\"position\":2,\"name\":\"Gramatyka tamilska\"}]},{\"@type\":\"WebSite\",\"@id\":\"https:\/\/talkpal.ai\/pl\/#website\",\"url\":\"https:\/\/talkpal.ai\/pl\/\",\"name\":\"Talkpal\",\"description\":\"AI Language Learning\",\"publisher\":{\"@id\":\"https:\/\/talkpal.ai\/pl\/#organization\"},\"alternateName\":\"Talkpal AI\",\"potentialAction\":[{\"@type\":\"SearchAction\",\"target\":{\"@type\":\"EntryPoint\",\"urlTemplate\":\"https:\/\/talkpal.ai\/pl\/?s={search_term_string}\"},\"query-input\":{\"@type\":\"PropertyValueSpecification\",\"valueRequired\":true,\"valueName\":\"search_term_string\"}}],\"inLanguage\":\"pl-PL\"},{\"@type\":\"Organization\",\"@id\":\"https:\/\/talkpal.ai\/pl\/#organization\",\"name\":\"Talkpal, Inc.\",\"alternateName\":\"Talkpal AI\",\"url\":\"https:\/\/talkpal.ai\/pl\/\",\"logo\":{\"@type\":\"ImageObject\",\"inLanguage\":\"pl-PL\",\"@id\":\"https:\/\/talkpal.ai\/pl\/#\/schema\/logo\/image\/\",\"url\":\"https:\/\/talkpal.ai\/wp-content\/uploads\/2024\/03\/Talkpal-Logo-Icon.png\",\"contentUrl\":\"https:\/\/talkpal.ai\/wp-content\/uploads\/2024\/03\/Talkpal-Logo-Icon.png\",\"width\":2880,\"height\":2880,\"caption\":\"Talkpal, Inc.\"},\"image\":{\"@id\":\"https:\/\/talkpal.ai\/pl\/#\/schema\/logo\/image\/\"},\"sameAs\":[\"https:\/\/www.facebook.com\/profile.php?id=100090733639311\",\"https:\/\/x.com\/talkpalai\",\"https:\/\/www.linkedin.com\/company\/talkpal\/\",\"https:\/\/www.youtube.com\/@TalkPal\/\",\"https:\/\/www.tiktok.com\/@talkpal\",\"https:\/\/www.instagram.com\/talkpal_ai\/\",\"https:\/\/www.crunchbase.com\/organization\/talkpal-9cde\",\"https:\/\/www.g2.com\/products\/talkpal-for-business\/\",\"https:\/\/www.trustpilot.com\/review\/talkpal.ai\",\"https:\/\/www.capterra.com\/p\/10006800\/TalkPal\/\"],\"description\":\"Talkpal is a language learning web and mobile education app, powered by the latest AI technologies, that provides engaging experiences to its customers in many different languages to help them improve their language skills. Users can chat about unlimited amount of topics with the app and use other modes to practice their language learning.\",\"email\":\"support@talkpal.ai\",\"legalName\":\"Talkpal, Inc.\",\"foundingDate\":\"2023-04-03\",\"duns\":\"118989042\",\"numberOfEmployees\":{\"@type\":\"QuantitativeValue\",\"minValue\":\"11\",\"maxValue\":\"50\"},\"publishingPrinciples\":\"https:\/\/talkpal.ai\/publishing-principles\/\",\"actionableFeedbackPolicy\":\"https:\/\/talkpal.ai\/actionable-feedback-policy\/\",\"correctionsPolicy\":\"https:\/\/talkpal.ai\/corrections-policy\/\",\"ethicsPolicy\":\"https:\/\/talkpal.ai\/ethics-policy\/\",\"diversityPolicy\":\"https:\/\/talkpal.ai\/diversity-policy\/\",\"diversityStaffingReport\":\"https:\/\/talkpal.ai\/diversity-policy\/\"}]}<\/script>\n<!-- \/ Yoast SEO Premium plugin. -->","yoast_head_json":{"title":"Gramatyka tamilska - Talkpal","description":"Poznaj podstawy gramatyki tamilskiej i lepiej zrozum ten bogaty j\u0119zyk.","robots":{"index":"index","follow":"follow","max-snippet":"max-snippet:-1","max-image-preview":"max-image-preview:large","max-video-preview":"max-video-preview:-1"},"canonical":"https:\/\/talkpal.ai\/pl\/gramatyka-tamilska\/","og_locale":"pl_PL","og_type":"article","og_title":"Gramatyka tamilska","og_description":"Gramatyka tamilska: zrozumienie bogactwa j\u0119zyka tamilskiego Kiedy zaczynasz uczy\u0107 si\u0119 tamilskiego - jednego z najstarszych \u017cywych j\u0119zyk\u00f3w na \u015bwiecie -","og_url":"https:\/\/talkpal.ai\/pl\/gramatyka-tamilska\/","og_site_name":"Talkpal","article_publisher":"https:\/\/www.facebook.com\/profile.php?id=100090733639311","article_modified_time":"2025-12-12T11:02:09+00:00","og_image":[{"width":512,"height":512,"url":"https:\/\/talkpal.ai\/wp-content\/uploads\/2023\/05\/Tamil-india.png","type":"image\/png"}],"twitter_card":"summary_large_image","twitter_site":"@talkpalai","twitter_misc":{"Szacowany czas czytania":"2 minuty"},"schema":{"@context":"https:\/\/schema.org","@graph":[{"@type":"WebPage","@id":"https:\/\/talkpal.ai\/pl\/gramatyka-tamilska\/","url":"https:\/\/talkpal.ai\/pl\/gramatyka-tamilska\/","name":"Gramatyka tamilska - Talkpal","isPartOf":{"@id":"https:\/\/talkpal.ai\/pl\/#website"},"primaryImageOfPage":{"@id":"https:\/\/talkpal.ai\/pl\/gramatyka-tamilska\/#primaryimage"},"image":{"@id":"https:\/\/talkpal.ai\/pl\/gramatyka-tamilska\/#primaryimage"},"thumbnailUrl":"https:\/\/talkpal.ai\/wp-content\/uploads\/2023\/05\/Tamil-india.png","datePublished":"2023-05-14T14:22:16+00:00","dateModified":"2025-12-12T11:02:09+00:00","description":"Poznaj podstawy gramatyki tamilskiej i lepiej zrozum ten bogaty j\u0119zyk.","breadcrumb":{"@id":"https:\/\/talkpal.ai\/pl\/gramatyka-tamilska\/#breadcrumb"},"inLanguage":"pl-PL","potentialAction":[{"@type":"ReadAction","target":["https:\/\/talkpal.ai\/pl\/gramatyka-tamilska\/"]}]},{"@type":"ImageObject","inLanguage":"pl-PL","@id":"https:\/\/talkpal.ai\/pl\/gramatyka-tamilska\/#primaryimage","url":"https:\/\/talkpal.ai\/wp-content\/uploads\/2023\/05\/Tamil-india.png","contentUrl":"https:\/\/talkpal.ai\/wp-content\/uploads\/2023\/05\/Tamil-india.png","width":512,"height":512},{"@type":"BreadcrumbList","@id":"https:\/\/talkpal.ai\/pl\/gramatyka-tamilska\/#breadcrumb","itemListElement":[{"@type":"ListItem","position":1,"name":"Homepage","item":"https:\/\/talkpal.ai\/pl\/"},{"@type":"ListItem","position":2,"name":"Gramatyka tamilska"}]},{"@type":"WebSite","@id":"https:\/\/talkpal.ai\/pl\/#website","url":"https:\/\/talkpal.ai\/pl\/","name":"Talkpal","description":"AI Language Learning","publisher":{"@id":"https:\/\/talkpal.ai\/pl\/#organization"},"alternateName":"Talkpal AI","potentialAction":[{"@type":"SearchAction","target":{"@type":"EntryPoint","urlTemplate":"https:\/\/talkpal.ai\/pl\/?s={search_term_string}"},"query-input":{"@type":"PropertyValueSpecification","valueRequired":true,"valueName":"search_term_string"}}],"inLanguage":"pl-PL"},{"@type":"Organization","@id":"https:\/\/talkpal.ai\/pl\/#organization","name":"Talkpal, Inc.","alternateName":"Talkpal AI","url":"https:\/\/talkpal.ai\/pl\/","logo":{"@type":"ImageObject","inLanguage":"pl-PL","@id":"https:\/\/talkpal.ai\/pl\/#\/schema\/logo\/image\/","url":"https:\/\/talkpal.ai\/wp-content\/uploads\/2024\/03\/Talkpal-Logo-Icon.png","contentUrl":"https:\/\/talkpal.ai\/wp-content\/uploads\/2024\/03\/Talkpal-Logo-Icon.png","width":2880,"height":2880,"caption":"Talkpal, Inc."},"image":{"@id":"https:\/\/talkpal.ai\/pl\/#\/schema\/logo\/image\/"},"sameAs":["https:\/\/www.facebook.com\/profile.php?id=100090733639311","https:\/\/x.com\/talkpalai","https:\/\/www.linkedin.com\/company\/talkpal\/","https:\/\/www.youtube.com\/@TalkPal\/","https:\/\/www.tiktok.com\/@talkpal","https:\/\/www.instagram.com\/talkpal_ai\/","https:\/\/www.crunchbase.com\/organization\/talkpal-9cde","https:\/\/www.g2.com\/products\/talkpal-for-business\/","https:\/\/www.trustpilot.com\/review\/talkpal.ai","https:\/\/www.capterra.com\/p\/10006800\/TalkPal\/"],"description":"Talkpal is a language learning web and mobile education app, powered by the latest AI technologies, that provides engaging experiences to its customers in many different languages to help them improve their language skills. Users can chat about unlimited amount of topics with the app and use other modes to practice their language learning.","email":"support@talkpal.ai","legalName":"Talkpal, Inc.","foundingDate":"2023-04-03","duns":"118989042","numberOfEmployees":{"@type":"QuantitativeValue","minValue":"11","maxValue":"50"},"publishingPrinciples":"https:\/\/talkpal.ai\/publishing-principles\/","actionableFeedbackPolicy":"https:\/\/talkpal.ai\/actionable-feedback-policy\/","correctionsPolicy":"https:\/\/talkpal.ai\/corrections-policy\/","ethicsPolicy":"https:\/\/talkpal.ai\/ethics-policy\/","diversityPolicy":"https:\/\/talkpal.ai\/diversity-policy\/","diversityStaffingReport":"https:\/\/talkpal.ai\/diversity-policy\/"}]}},"_links":{"self":[{"href":"https:\/\/talkpal.ai\/pl\/wp-json\/wp\/v2\/pages\/151959","targetHints":{"allow":["GET"]}}],"collection":[{"href":"https:\/\/talkpal.ai\/pl\/wp-json\/wp\/v2\/pages"}],"about":[{"href":"https:\/\/talkpal.ai\/pl\/wp-json\/wp\/v2\/types\/page"}],"author":[{"embeddable":true,"href":"https:\/\/talkpal.ai\/pl\/wp-json\/wp\/v2\/users\/1"}],"replies":[{"embeddable":true,"href":"https:\/\/talkpal.ai\/pl\/wp-json\/wp\/v2\/comments?post=151959"}],"version-history":[{"count":0,"href":"https:\/\/talkpal.ai\/pl\/wp-json\/wp\/v2\/pages\/151959\/revisions"}],"wp:featuredmedia":[{"embeddable":true,"href":"https:\/\/talkpal.ai\/pl\/wp-json\/wp\/v2\/media\/120347"}],"wp:attachment":[{"href":"https:\/\/talkpal.ai\/pl\/wp-json\/wp\/v2\/media?parent=151959"}],"curies":[{"name":"wp","href":"https:\/\/api.w.org\/{rel}","templated":true}]}}