{"id":150633,"date":"2023-05-14T14:20:10","date_gmt":"2023-05-14T14:20:10","guid":{"rendered":"http:\/\/talkpal.ai\/gramatyka-slowenska\/"},"modified":"2025-12-12T11:14:58","modified_gmt":"2025-12-12T11:14:58","slug":"gramatyka-slowenska","status":"publish","type":"page","link":"https:\/\/talkpal.ai\/pl\/gramatyka-slowenska\/","title":{"rendered":"Gramatyka s\u0142owe\u0144ska"},"content":{"rendered":"\r\n\r\n\r\n<section class=\"languageChallengeSection\">\r\n    <div class=\"languageInfoWrapper\">\r\n        \r\n        <h1>Gramatyka s\u0142owe\u0144ska<\/h1>\r\n        <p>Odblokuj charakterystyczny urok j\u0119zyka s\u0142owe\u0144skiego, opanowuj\u0105c jego podstawowe zasady gramatyczne. Dzi\u0119ki solidnemu opanowaniu s\u0142owe\u0144skiej gramatyki b\u0119dziesz w stanie nawi\u0105za\u0107 kontakt z native speakerami i lepiej doceni\u0107 bogate dziedzictwo kulturowe tego kraju. Zacznij uczy\u0107 si\u0119 s\u0142owe\u0144skiej gramatyki ju\u017c dzi\u015b i zr\u00f3b pierwszy krok w kierunku p\u0142ynnego m\u00f3wienia!<\/p>\r\n\r\n                            <a class=\"getStartedHidden\" href=\"https:\/\/app.talkpal.ai\/pl\/signup?lng=\">Zaczynaj<\/a>\r\n        \r\n    <\/div>\r\n\r\n    <figure>\r\n    <img decoding=\"async\" width=\"768\" height=\"768\" src=\"https:\/\/talkpal.ai\/wp-content\/uploads\/2023\/06\/slovenian-768x768.png\" class=\"languageImage no-lazy\" alt=\"Language learning for broader perspectives\" fetchpriority=\"high\" sizes=\"(max-width: 768px) 150px, 768px\" srcset=\"https:\/\/talkpal.ai\/wp-content\/uploads\/2023\/06\/slovenian-768x768.png 768w, https:\/\/talkpal.ai\/wp-content\/uploads\/2023\/06\/slovenian-300x300.png 300w\" \/>\r\n    \r\n\r\n    <\/figure>\r\n\r\n            <a class=\"getStartedVisible\" href=\"https:\/\/app.talkpal.ai\/pl\/signup?lng=\">Zaczynaj<\/a>\r\n    \r\n<\/section>\r\n<section class=\"promotionalBanner\">\r\n    <p class=\"promotionalText\">Najbardziej efektywny spos\u00f3b nauki j\u0119zyka<\/p>\r\n    <a class=\"promotionalLink\" href=\"https:\/\/app.talkpal.ai\/pl\/signup?lng=\">Wypr\u00f3buj Talkpal za darmo<\/a>\r\n<\/section>\n<div class=\"wp-block-group pageContainerStyle\"><div class=\"wp-block-group__inner-container is-layout-constrained wp-block-group-is-layout-constrained\">\n<h1 class=\"wp-block-heading\" id=\"h-slovenian-grammar-a-short-introduction-for-language-lovers\">Gramatyka s\u0142owe\u0144ska: kr\u00f3tkie wprowadzenie dla mi\u0142o\u015bnik\u00f3w j\u0119zyk\u00f3w<\/h1>\n\n\n\n<p>Czy jeste\u015b gotowy, aby zanurzy\u0107 si\u0119 w czaruj\u0105cym <a href=\"https:\/\/talkpal.ai\/locations\/language-courses-in-swiecie\/\">\u015bwiecie<\/a> s\u0142owe\u0144skiego, osza\u0142amiaj\u0105cego j\u0119zyka s\u0142owia\u0144skiego? Czeka ci\u0119 nie lada gratka! Ten kr\u00f3tki przewodnik pozwoli Ci zapozna\u0107 si\u0119 z gramatyk\u0105 s\u0142owe\u0144sk\u0105, kt\u00f3ra jest niezb\u0119dna do zrozumienia i opanowania tego urzekaj\u0105cego j\u0119zyka. Rozpocznijmy wi\u0119c t\u0119 j\u0119zykow\u0105 przygod\u0119 i krok po kroku odkrywajmy zawi\u0142o\u015bci s\u0142owe\u0144skiej gramatyki.<\/p>\n\n\n\n<p>J\u0119zyk <a href=\"https:\/\/talkpal.ai\/learn-slovenian\/\">s\u0142owe\u0144ski<\/a>, znany r\u00f3wnie\u017c jako s\u0142owe\u0144ski, jest u\u017cywany g\u0142\u00f3wnie w S\u0142owenii przez oko\u0142o 2,5 miliona os\u00f3b. Jako j\u0119zyk po\u0142udniowos\u0142owia\u0144ski ma kilka cech wsp\u00f3lnych ze swoimi bliskimi krewnymi, takimi jak <a href=\"https:\/\/talkpal.ai\/learn-serbian\/\">serbski<\/a>, <a href=\"https:\/\/talkpal.ai\/learn-croatian\/\">chorwacki<\/a> i <a href=\"https:\/\/talkpal.ai\/learn-bulgarian\/\">bu\u0142garski<\/a>. Jednak s\u0142owe\u0144ski mo\u017ce pochwali\u0107 si\u0119 wyj\u0105tkowymi zwrotami akcji i stylem.<\/p>\n\n\n\n<p>Bez zb\u0119dnych ceregieli, zag\u0142\u0119bmy si\u0119 w kluczowe aspekty s\u0142owe\u0144skiej gramatyki:<\/p>\n\n\n\n<h3 class=\"wp-block-heading\" id=\"h-1-nouns-and-cases\">1. Rzeczowniki i przypadki:<\/h3>\n\n\n\n<p>Rzeczowniki s\u0142owe\u0144skie wyst\u0119puj\u0105 w trzech rodzajach \u2013 m\u0119skim, \u017ce\u0144skim i nijakim. Ka\u017cdy rzeczownik mo\u017ce by\u0107 u\u017cyty w jednym z sze\u015bciu przypadk\u00f3w s\u0142owe\u0144skich: mianowniku, dope\u0142niaczu, celowniku, bierniku, miejscowniku i narz\u0119dniku. Przypadki te wyra\u017caj\u0105 r\u00f3\u017cne funkcje gramatyczne lub relacje mi\u0119dzy s\u0142owami, dlatego wa\u017cne jest, aby nauczy\u0107 si\u0119 ich prawid\u0142owego u\u017cycia w kontek\u015bcie.<\/p>\n\n\n\n<h3 class=\"wp-block-heading\" id=\"h-2-articles\">2. Artyku\u0142y:<\/h3>\n\n\n\n<p>Mamy dobr\u0105 wiadomo\u015b\u0107 &#8211; s\u0142owe\u0144ski nie u\u017cywa przedimk\u00f3w takich jak &#8222;the&#8221; czy &#8222;a&#8221;! Zamiast tego znaczenie jest przekazywane za pomoc\u0105 przypadk\u00f3w i szyku wyraz\u00f3w. Mo\u017ce to nieco u\u0142atwi\u0107 nauk\u0119 s\u0142owe\u0144skiego, zw\u0142aszcza je\u015bli nie jeste\u015b przyzwyczajony do j\u0119zyk\u00f3w ze z\u0142o\u017conym systemem rodzajnik\u00f3w.<\/p>\n\n\n\n<h3 class=\"wp-block-heading\" id=\"h-3-adjectives\">3. Przymiotniki:<\/h3>\n\n\n\n<p>Podobnie jak rzeczowniki, przymiotniki w j\u0119zyku s\u0142owe\u0144skim zgadzaj\u0105 si\u0119 pod wzgl\u0119dem rodzaju, liczby i wielko\u015bci liter z rzeczownikiem, kt\u00f3ry modyfikuj\u0105. Sprawia to, \u017ce u\u017cycie przymiotnik\u00f3w jest nieco bardziej skomplikowane ni\u017c w j\u0119zyku angielskim, ale nie obawiaj si\u0119 &#8211; dzi\u0119ki praktyce opanujesz s\u0142owe\u0144skie przymiotniki w mgnieniu oka!<\/p>\n\n\n\n<h3 class=\"wp-block-heading\" id=\"h-4-verbs\">4. Czasowniki:<\/h3>\n\n\n\n<p>J\u0119zyk s\u0142owe\u0144ski ma trzypoziomowy system czasownik\u00f3w: trzy grupy koniugacyjne w zale\u017cno\u015bci od rdzenia czasownika ko\u0144cz\u0105cego si\u0119 w formie bezokolicznika. Czasowniki s\u0142owe\u0144skie maj\u0105 r\u00f3wnie\u017c r\u00f3\u017cne czasy i nastroje, w tym unikaln\u0105 form\u0119 podw\u00f3jn\u0105, kt\u00f3ra jest u\u017cywana w odniesieniu do dw\u00f3ch podmiot\u00f3w lub przedmiot\u00f3w. Przygotuj si\u0119 na po\u015bwi\u0119cenie troch\u0119 czasu na nauk\u0119 i \u0107wiczenie koniugacji czasownik\u00f3w w j\u0119zyku s\u0142owe\u0144skim, aby zyska\u0107 pewno\u015b\u0107 siebie w swoich umiej\u0119tno\u015bciach j\u0119zykowych.<\/p>\n\n\n\n<h3 class=\"wp-block-heading\" id=\"h-5-word-order\">5. Kolejno\u015b\u0107 wyraz\u00f3w:<\/h3>\n\n\n\n<p>W j\u0119zyku s\u0142owe\u0144skim obowi\u0105zuje szyk zdania podmiot-orzeczenie-dope\u0142nienie (SVO), kt\u00f3ry powinien by\u0107 znany osobom angloj\u0119zycznym. J\u0119zyk cieszy si\u0119 jednak pewnym stopniem elastyczno\u015bci, pozwalaj\u0105c na podkre\u015blenie okre\u015blonych cz\u0119\u015bci zdania poprzez zmian\u0119 kolejno\u015bci wyraz\u00f3w. Wa\u017cne jest, aby u\u017cywa\u0107 przypadk\u00f3w poprawnie, aby unikn\u0105\u0107 nieporozumie\u0144 i przekaza\u0107 zamierzone znaczenie.<\/p>\n\n\n\n<h3 class=\"wp-block-heading\" id=\"h-6-pronouns-and-prepositions\">6. Zaimki i przyimki:<\/h3>\n\n\n\n<p>Na zaimki s\u0142owe\u0144skie, podobnie jak na inne elementy j\u0119zyka, wp\u0142ywa rodzaj, liczba i wielko\u015b\u0107 liter. Wyst\u0119puj\u0105 w r\u00f3\u017cnych formach, takich jak osobista, dzier\u017cawcza, wskazuj\u0105ca i zwrotna. Zapoznanie si\u0119 ze s\u0142owe\u0144skimi przyimkami pomo\u017ce Ci r\u00f3wnie\u017c po\u0142\u0105czy\u0107 s\u0142owa i zwroty w celu stworzenia bardziej z\u0142o\u017conych zda\u0144.<\/p>\n\n\n\n<p>Teraz masz ju\u017c podstawow\u0105 wiedz\u0119 na temat s\u0142owe\u0144skiej gramatyki! Pami\u0119taj, \u017ce bieg\u0142o\u015b\u0107 w pos\u0142ugiwaniu si\u0119 dowolnym j\u0119zykiem wymaga po\u015bwi\u0119cenia i praktyki. Podejmuj wyzwania i nie wahaj si\u0119 uczy\u0107 na b\u0142\u0119dach. Pami\u0119taj, \u017ce nauka nowego j\u0119zyka to ekscytuj\u0105ca podr\u00f3\u017c wype\u0142niona niezapomnianymi do\u015bwiadczeniami i satysfakcjonuj\u0105cymi odkryciami. Sre\u010dno!<\/p>\n<\/div><\/div>\n\r\n<section class=\"learnNavigationSection\">\r\n            \r\n        <a href=\"https:\/\/talkpal.ai\/pl\/naucz-sie-slowenskiego\/\">\r\n            <div class=\"learnNavigationWrapper\">\r\n                <div class=\"learnNavigationContent\">\r\n                    <img decoding=\"async\" src=\"https:\/\/talkpal.ai\/wp-content\/uploads\/2024\/08\/Slovenian.jpg\" alt=\"Slovenian Flag\">\r\n                    <div>\r\n                        <h4>O s\u0142owe\u0144skiej nauce<\/h4>\r\n                        <p>Dowiedz si\u0119 wszystkiego o gramatyce s\u0142owe\u0144skiej .<\/p>\r\n                    <\/div>\r\n                <\/div>\r\n            <\/div>\r\n        <\/a>\r\n\r\n        \r\n        <a href=\"https:\/\/talkpal.ai\/pl\/cwiczenia-gramatyczne-w-jezyku-slowenskim\/\">\r\n            <div class=\"learnNavigationWrapper\">\r\n                <div class=\"learnNavigationContent\">\r\n                    <img decoding=\"async\" src=\"https:\/\/talkpal.ai\/wp-content\/uploads\/2024\/08\/Slovenian.jpg\" alt=\"Slovenian Flag\">\r\n                    <div>\r\n                        <h4>S\u0142owe\u0144ski \u0106wiczenie gramatyczne<\/h4>\r\n                        <p>\u0106wicz gramatyk\u0119 s\u0142owe\u0144sk\u0105 .<\/p>\r\n                    <\/div>\r\n                <\/div>\r\n            <\/div>\r\n        <\/a>\r\n\r\n        \r\n        <a href=\"https:\/\/talkpal.ai\/vocabulary_language\/slovenian\/\">\r\n            <div class=\"learnNavigationWrapper\">\r\n                <div class=\"learnNavigationContent\">\r\n                    <img decoding=\"async\" src=\"https:\/\/talkpal.ai\/wp-content\/uploads\/2024\/08\/Slovenian.jpg\" alt=\"Slovenian Flag\">\r\n                    <div>\r\n                        <h4>S\u0142ownictwo s\u0142owe\u0144skie<\/h4>\r\n                        <p>Poszerz swoje s\u0142owe\u0144skie s\u0142ownictwo.<\/p>\r\n                    <\/div>\r\n                <\/div>\r\n            <\/div>\r\n        <\/a>\r\n\r\n            <\/section>","protected":false},"excerpt":{"rendered":"<p>Gramatyka s\u0142owe\u0144ska: kr\u00f3tkie wprowadzenie dla mi\u0142o\u015bnik\u00f3w j\u0119zyk\u00f3w Czy jeste\u015b gotowy, aby zanurzy\u0107 si\u0119 w czaruj\u0105cym \u015bwiecie s\u0142owe\u0144skiego, osza\u0142amiaj\u0105cego j\u0119zyka s\u0142owia\u0144skiego? Czeka ci\u0119 nie lada gratka! Ten kr\u00f3tki przewodnik pozwoli Ci zapozna\u0107 si\u0119 z gramatyk\u0105 s\u0142owe\u0144sk\u0105, kt\u00f3ra jest niezb\u0119dna do zrozumienia i opanowania tego urzekaj\u0105cego j\u0119zyka. Rozpocznijmy wi\u0119c t\u0119 j\u0119zykow\u0105 przygod\u0119 i krok po kroku odkrywajmy [&hellip;]<\/p>\n","protected":false},"author":1,"featured_media":119839,"parent":0,"menu_order":0,"comment_status":"closed","ping_status":"closed","template":"LearningContentPage.php","meta":{"_acf_changed":false,"footnotes":""},"class_list":["post-150633","page","type-page","status-publish","has-post-thumbnail","hentry"],"acf":[],"yoast_head":"<!-- This site is optimized with the Yoast SEO Premium plugin v27.2 (Yoast SEO v27.2) - https:\/\/yoast.com\/product\/yoast-seo-premium-wordpress\/ -->\n<title>Gramatyka s\u0142owe\u0144ska - Talkpal<\/title>\n<meta name=\"description\" content=\"Poznaj zawi\u0142o\u015bci s\u0142owe\u0144skiej gramatyki, aby lepiej opanowa\u0107 i zrozumie\u0107 j\u0119zyk s\u0142owe\u0144ski. Opanuj sztuk\u0119 gramatyki ju\u017c dzi\u015b.\" \/>\n<meta name=\"robots\" content=\"index, follow, max-snippet:-1, max-image-preview:large, max-video-preview:-1\" \/>\n<link rel=\"canonical\" href=\"https:\/\/talkpal.ai\/pl\/gramatyka-slowenska\/\" \/>\n<meta property=\"og:locale\" content=\"pl_PL\" \/>\n<meta property=\"og:type\" content=\"article\" \/>\n<meta property=\"og:title\" content=\"Gramatyka s\u0142owe\u0144ska\" \/>\n<meta property=\"og:description\" content=\"Gramatyka s\u0142owe\u0144ska: kr\u00f3tkie wprowadzenie dla mi\u0142o\u015bnik\u00f3w j\u0119zyk\u00f3w Czy jeste\u015b gotowy, aby zanurzy\u0107 si\u0119 w czaruj\u0105cym \u015bwiecie s\u0142owe\u0144skiego, osza\u0142amiaj\u0105cego\" \/>\n<meta property=\"og:url\" content=\"https:\/\/talkpal.ai\/pl\/gramatyka-slowenska\/\" \/>\n<meta property=\"og:site_name\" content=\"Talkpal\" \/>\n<meta property=\"article:publisher\" content=\"https:\/\/www.facebook.com\/profile.php?id=100090733639311\" \/>\n<meta property=\"article:modified_time\" content=\"2025-12-12T11:14:58+00:00\" \/>\n<meta property=\"og:image\" content=\"https:\/\/talkpal.ai\/wp-content\/uploads\/2023\/05\/slovenia.png\" \/>\n\t<meta property=\"og:image:width\" content=\"512\" \/>\n\t<meta property=\"og:image:height\" content=\"512\" \/>\n\t<meta property=\"og:image:type\" content=\"image\/png\" \/>\n<meta name=\"twitter:card\" content=\"summary_large_image\" \/>\n<meta name=\"twitter:site\" content=\"@talkpalai\" \/>\n<meta name=\"twitter:label1\" content=\"Szacowany czas czytania\" \/>\n\t<meta name=\"twitter:data1\" content=\"3 minuty\" \/>\n<script type=\"application\/ld+json\" class=\"yoast-schema-graph\">{\"@context\":\"https:\/\/schema.org\",\"@graph\":[{\"@type\":\"WebPage\",\"@id\":\"https:\/\/talkpal.ai\/pl\/gramatyka-slowenska\/\",\"url\":\"https:\/\/talkpal.ai\/pl\/gramatyka-slowenska\/\",\"name\":\"Gramatyka s\u0142owe\u0144ska - Talkpal\",\"isPartOf\":{\"@id\":\"https:\/\/talkpal.ai\/pl\/#website\"},\"primaryImageOfPage\":{\"@id\":\"https:\/\/talkpal.ai\/pl\/gramatyka-slowenska\/#primaryimage\"},\"image\":{\"@id\":\"https:\/\/talkpal.ai\/pl\/gramatyka-slowenska\/#primaryimage\"},\"thumbnailUrl\":\"https:\/\/talkpal.ai\/wp-content\/uploads\/2023\/05\/slovenia.png\",\"datePublished\":\"2023-05-14T14:20:10+00:00\",\"dateModified\":\"2025-12-12T11:14:58+00:00\",\"description\":\"Poznaj zawi\u0142o\u015bci s\u0142owe\u0144skiej gramatyki, aby lepiej opanowa\u0107 i zrozumie\u0107 j\u0119zyk s\u0142owe\u0144ski. Opanuj sztuk\u0119 gramatyki ju\u017c dzi\u015b.\",\"breadcrumb\":{\"@id\":\"https:\/\/talkpal.ai\/pl\/gramatyka-slowenska\/#breadcrumb\"},\"inLanguage\":\"pl-PL\",\"potentialAction\":[{\"@type\":\"ReadAction\",\"target\":[\"https:\/\/talkpal.ai\/pl\/gramatyka-slowenska\/\"]}]},{\"@type\":\"ImageObject\",\"inLanguage\":\"pl-PL\",\"@id\":\"https:\/\/talkpal.ai\/pl\/gramatyka-slowenska\/#primaryimage\",\"url\":\"https:\/\/talkpal.ai\/wp-content\/uploads\/2023\/05\/slovenia.png\",\"contentUrl\":\"https:\/\/talkpal.ai\/wp-content\/uploads\/2023\/05\/slovenia.png\",\"width\":512,\"height\":512},{\"@type\":\"BreadcrumbList\",\"@id\":\"https:\/\/talkpal.ai\/pl\/gramatyka-slowenska\/#breadcrumb\",\"itemListElement\":[{\"@type\":\"ListItem\",\"position\":1,\"name\":\"Homepage\",\"item\":\"https:\/\/talkpal.ai\/pl\/\"},{\"@type\":\"ListItem\",\"position\":2,\"name\":\"Gramatyka s\u0142owe\u0144ska\"}]},{\"@type\":\"WebSite\",\"@id\":\"https:\/\/talkpal.ai\/pl\/#website\",\"url\":\"https:\/\/talkpal.ai\/pl\/\",\"name\":\"Talkpal\",\"description\":\"AI Language Learning\",\"publisher\":{\"@id\":\"https:\/\/talkpal.ai\/pl\/#organization\"},\"alternateName\":\"Talkpal AI\",\"potentialAction\":[{\"@type\":\"SearchAction\",\"target\":{\"@type\":\"EntryPoint\",\"urlTemplate\":\"https:\/\/talkpal.ai\/pl\/?s={search_term_string}\"},\"query-input\":{\"@type\":\"PropertyValueSpecification\",\"valueRequired\":true,\"valueName\":\"search_term_string\"}}],\"inLanguage\":\"pl-PL\"},{\"@type\":\"Organization\",\"@id\":\"https:\/\/talkpal.ai\/pl\/#organization\",\"name\":\"Talkpal, Inc.\",\"alternateName\":\"Talkpal AI\",\"url\":\"https:\/\/talkpal.ai\/pl\/\",\"logo\":{\"@type\":\"ImageObject\",\"inLanguage\":\"pl-PL\",\"@id\":\"https:\/\/talkpal.ai\/pl\/#\/schema\/logo\/image\/\",\"url\":\"https:\/\/talkpal.ai\/wp-content\/uploads\/2024\/03\/Talkpal-Logo-Icon.png\",\"contentUrl\":\"https:\/\/talkpal.ai\/wp-content\/uploads\/2024\/03\/Talkpal-Logo-Icon.png\",\"width\":2880,\"height\":2880,\"caption\":\"Talkpal, Inc.\"},\"image\":{\"@id\":\"https:\/\/talkpal.ai\/pl\/#\/schema\/logo\/image\/\"},\"sameAs\":[\"https:\/\/www.facebook.com\/profile.php?id=100090733639311\",\"https:\/\/x.com\/talkpalai\",\"https:\/\/www.linkedin.com\/company\/talkpal\/\",\"https:\/\/www.youtube.com\/@TalkPal\/\",\"https:\/\/www.tiktok.com\/@talkpal\",\"https:\/\/www.instagram.com\/talkpal_ai\/\",\"https:\/\/www.crunchbase.com\/organization\/talkpal-9cde\",\"https:\/\/www.g2.com\/products\/talkpal-for-business\/\",\"https:\/\/www.trustpilot.com\/review\/talkpal.ai\",\"https:\/\/www.capterra.com\/p\/10006800\/TalkPal\/\"],\"description\":\"Talkpal is a language learning web and mobile education app, powered by the latest AI technologies, that provides engaging experiences to its customers in many different languages to help them improve their language skills. Users can chat about unlimited amount of topics with the app and use other modes to practice their language learning.\",\"email\":\"support@talkpal.ai\",\"legalName\":\"Talkpal, Inc.\",\"foundingDate\":\"2023-04-03\",\"duns\":\"118989042\",\"numberOfEmployees\":{\"@type\":\"QuantitativeValue\",\"minValue\":\"11\",\"maxValue\":\"50\"},\"publishingPrinciples\":\"https:\/\/talkpal.ai\/publishing-principles\/\",\"actionableFeedbackPolicy\":\"https:\/\/talkpal.ai\/actionable-feedback-policy\/\",\"correctionsPolicy\":\"https:\/\/talkpal.ai\/corrections-policy\/\",\"ethicsPolicy\":\"https:\/\/talkpal.ai\/ethics-policy\/\",\"diversityPolicy\":\"https:\/\/talkpal.ai\/diversity-policy\/\",\"diversityStaffingReport\":\"https:\/\/talkpal.ai\/diversity-policy\/\"}]}<\/script>\n<!-- \/ Yoast SEO Premium plugin. -->","yoast_head_json":{"title":"Gramatyka s\u0142owe\u0144ska - Talkpal","description":"Poznaj zawi\u0142o\u015bci s\u0142owe\u0144skiej gramatyki, aby lepiej opanowa\u0107 i zrozumie\u0107 j\u0119zyk s\u0142owe\u0144ski. Opanuj sztuk\u0119 gramatyki ju\u017c dzi\u015b.","robots":{"index":"index","follow":"follow","max-snippet":"max-snippet:-1","max-image-preview":"max-image-preview:large","max-video-preview":"max-video-preview:-1"},"canonical":"https:\/\/talkpal.ai\/pl\/gramatyka-slowenska\/","og_locale":"pl_PL","og_type":"article","og_title":"Gramatyka s\u0142owe\u0144ska","og_description":"Gramatyka s\u0142owe\u0144ska: kr\u00f3tkie wprowadzenie dla mi\u0142o\u015bnik\u00f3w j\u0119zyk\u00f3w Czy jeste\u015b gotowy, aby zanurzy\u0107 si\u0119 w czaruj\u0105cym \u015bwiecie s\u0142owe\u0144skiego, osza\u0142amiaj\u0105cego","og_url":"https:\/\/talkpal.ai\/pl\/gramatyka-slowenska\/","og_site_name":"Talkpal","article_publisher":"https:\/\/www.facebook.com\/profile.php?id=100090733639311","article_modified_time":"2025-12-12T11:14:58+00:00","og_image":[{"width":512,"height":512,"url":"https:\/\/talkpal.ai\/wp-content\/uploads\/2023\/05\/slovenia.png","type":"image\/png"}],"twitter_card":"summary_large_image","twitter_site":"@talkpalai","twitter_misc":{"Szacowany czas czytania":"3 minuty"},"schema":{"@context":"https:\/\/schema.org","@graph":[{"@type":"WebPage","@id":"https:\/\/talkpal.ai\/pl\/gramatyka-slowenska\/","url":"https:\/\/talkpal.ai\/pl\/gramatyka-slowenska\/","name":"Gramatyka s\u0142owe\u0144ska - Talkpal","isPartOf":{"@id":"https:\/\/talkpal.ai\/pl\/#website"},"primaryImageOfPage":{"@id":"https:\/\/talkpal.ai\/pl\/gramatyka-slowenska\/#primaryimage"},"image":{"@id":"https:\/\/talkpal.ai\/pl\/gramatyka-slowenska\/#primaryimage"},"thumbnailUrl":"https:\/\/talkpal.ai\/wp-content\/uploads\/2023\/05\/slovenia.png","datePublished":"2023-05-14T14:20:10+00:00","dateModified":"2025-12-12T11:14:58+00:00","description":"Poznaj zawi\u0142o\u015bci s\u0142owe\u0144skiej gramatyki, aby lepiej opanowa\u0107 i zrozumie\u0107 j\u0119zyk s\u0142owe\u0144ski. Opanuj sztuk\u0119 gramatyki ju\u017c dzi\u015b.","breadcrumb":{"@id":"https:\/\/talkpal.ai\/pl\/gramatyka-slowenska\/#breadcrumb"},"inLanguage":"pl-PL","potentialAction":[{"@type":"ReadAction","target":["https:\/\/talkpal.ai\/pl\/gramatyka-slowenska\/"]}]},{"@type":"ImageObject","inLanguage":"pl-PL","@id":"https:\/\/talkpal.ai\/pl\/gramatyka-slowenska\/#primaryimage","url":"https:\/\/talkpal.ai\/wp-content\/uploads\/2023\/05\/slovenia.png","contentUrl":"https:\/\/talkpal.ai\/wp-content\/uploads\/2023\/05\/slovenia.png","width":512,"height":512},{"@type":"BreadcrumbList","@id":"https:\/\/talkpal.ai\/pl\/gramatyka-slowenska\/#breadcrumb","itemListElement":[{"@type":"ListItem","position":1,"name":"Homepage","item":"https:\/\/talkpal.ai\/pl\/"},{"@type":"ListItem","position":2,"name":"Gramatyka s\u0142owe\u0144ska"}]},{"@type":"WebSite","@id":"https:\/\/talkpal.ai\/pl\/#website","url":"https:\/\/talkpal.ai\/pl\/","name":"Talkpal","description":"AI Language Learning","publisher":{"@id":"https:\/\/talkpal.ai\/pl\/#organization"},"alternateName":"Talkpal AI","potentialAction":[{"@type":"SearchAction","target":{"@type":"EntryPoint","urlTemplate":"https:\/\/talkpal.ai\/pl\/?s={search_term_string}"},"query-input":{"@type":"PropertyValueSpecification","valueRequired":true,"valueName":"search_term_string"}}],"inLanguage":"pl-PL"},{"@type":"Organization","@id":"https:\/\/talkpal.ai\/pl\/#organization","name":"Talkpal, Inc.","alternateName":"Talkpal AI","url":"https:\/\/talkpal.ai\/pl\/","logo":{"@type":"ImageObject","inLanguage":"pl-PL","@id":"https:\/\/talkpal.ai\/pl\/#\/schema\/logo\/image\/","url":"https:\/\/talkpal.ai\/wp-content\/uploads\/2024\/03\/Talkpal-Logo-Icon.png","contentUrl":"https:\/\/talkpal.ai\/wp-content\/uploads\/2024\/03\/Talkpal-Logo-Icon.png","width":2880,"height":2880,"caption":"Talkpal, Inc."},"image":{"@id":"https:\/\/talkpal.ai\/pl\/#\/schema\/logo\/image\/"},"sameAs":["https:\/\/www.facebook.com\/profile.php?id=100090733639311","https:\/\/x.com\/talkpalai","https:\/\/www.linkedin.com\/company\/talkpal\/","https:\/\/www.youtube.com\/@TalkPal\/","https:\/\/www.tiktok.com\/@talkpal","https:\/\/www.instagram.com\/talkpal_ai\/","https:\/\/www.crunchbase.com\/organization\/talkpal-9cde","https:\/\/www.g2.com\/products\/talkpal-for-business\/","https:\/\/www.trustpilot.com\/review\/talkpal.ai","https:\/\/www.capterra.com\/p\/10006800\/TalkPal\/"],"description":"Talkpal is a language learning web and mobile education app, powered by the latest AI technologies, that provides engaging experiences to its customers in many different languages to help them improve their language skills. Users can chat about unlimited amount of topics with the app and use other modes to practice their language learning.","email":"support@talkpal.ai","legalName":"Talkpal, Inc.","foundingDate":"2023-04-03","duns":"118989042","numberOfEmployees":{"@type":"QuantitativeValue","minValue":"11","maxValue":"50"},"publishingPrinciples":"https:\/\/talkpal.ai\/publishing-principles\/","actionableFeedbackPolicy":"https:\/\/talkpal.ai\/actionable-feedback-policy\/","correctionsPolicy":"https:\/\/talkpal.ai\/corrections-policy\/","ethicsPolicy":"https:\/\/talkpal.ai\/ethics-policy\/","diversityPolicy":"https:\/\/talkpal.ai\/diversity-policy\/","diversityStaffingReport":"https:\/\/talkpal.ai\/diversity-policy\/"}]}},"_links":{"self":[{"href":"https:\/\/talkpal.ai\/pl\/wp-json\/wp\/v2\/pages\/150633","targetHints":{"allow":["GET"]}}],"collection":[{"href":"https:\/\/talkpal.ai\/pl\/wp-json\/wp\/v2\/pages"}],"about":[{"href":"https:\/\/talkpal.ai\/pl\/wp-json\/wp\/v2\/types\/page"}],"author":[{"embeddable":true,"href":"https:\/\/talkpal.ai\/pl\/wp-json\/wp\/v2\/users\/1"}],"replies":[{"embeddable":true,"href":"https:\/\/talkpal.ai\/pl\/wp-json\/wp\/v2\/comments?post=150633"}],"version-history":[{"count":0,"href":"https:\/\/talkpal.ai\/pl\/wp-json\/wp\/v2\/pages\/150633\/revisions"}],"wp:featuredmedia":[{"embeddable":true,"href":"https:\/\/talkpal.ai\/pl\/wp-json\/wp\/v2\/media\/119839"}],"wp:attachment":[{"href":"https:\/\/talkpal.ai\/pl\/wp-json\/wp\/v2\/media?parent=150633"}],"curies":[{"name":"wp","href":"https:\/\/api.w.org\/{rel}","templated":true}]}}