{"id":150137,"date":"2023-05-14T14:19:49","date_gmt":"2023-05-14T14:19:49","guid":{"rendered":"http:\/\/talkpal.ai\/gramatyka-slowacka\/"},"modified":"2025-12-12T11:10:09","modified_gmt":"2025-12-12T11:10:09","slug":"gramatyka-slowacka","status":"publish","type":"page","link":"https:\/\/talkpal.ai\/pl\/gramatyka-slowacka\/","title":{"rendered":"Gramatyka s\u0142owacka"},"content":{"rendered":"\r\n\r\n\r\n<section class=\"languageChallengeSection\">\r\n    <div class=\"languageInfoWrapper\">\r\n        \r\n        <h1>Gramatyka s\u0142owacka<\/h1>\r\n        <p>Odkryj pi\u0119kno j\u0119zyka s\u0142owackiego, poznaj\u0105c jego podstawowe zasady gramatyczne. Zrozumienie s\u0142owackiej gramatyki pomo\u017ce ci komunikowa\u0107 si\u0119 z pewno\u015bci\u0105 siebie i g\u0142\u0119biej po\u0142\u0105czy\u0107 si\u0119 z bogatymi tradycjami S\u0142owacji. Rozpocznij swoj\u0105 podr\u00f3\u017c ju\u017c dzi\u015b i zr\u00f3b pierwszy krok w kierunku opanowania j\u0119zyka s\u0142owackiego!\n\n<\/p>\r\n\r\n                            <a class=\"getStartedHidden\" href=\"https:\/\/app.talkpal.ai\/pl\/signup?lng=\">Zaczynaj<\/a>\r\n        \r\n    <\/div>\r\n\r\n    <figure>\r\n    <img decoding=\"async\" width=\"768\" height=\"768\" src=\"https:\/\/talkpal.ai\/wp-content\/uploads\/2023\/06\/slovak-768x768.png\" class=\"languageImage no-lazy\" alt=\"Language learning for cross-cultural competence\" fetchpriority=\"high\" sizes=\"(max-width: 768px) 150px, 768px\" srcset=\"https:\/\/talkpal.ai\/wp-content\/uploads\/2023\/06\/slovak-768x768.png 768w, https:\/\/talkpal.ai\/wp-content\/uploads\/2023\/06\/slovak-300x300.png 300w\" \/>\r\n    \r\n\r\n    <\/figure>\r\n\r\n            <a class=\"getStartedVisible\" href=\"https:\/\/app.talkpal.ai\/pl\/signup?lng=\">Zaczynaj<\/a>\r\n    \r\n<\/section>\r\n<section class=\"promotionalBanner\">\r\n    <p class=\"promotionalText\">Najbardziej efektywny spos\u00f3b nauki j\u0119zyka<\/p>\r\n    <a class=\"promotionalLink\" href=\"https:\/\/app.talkpal.ai\/pl\/signup?lng=\">Wypr\u00f3buj Talkpal za darmo<\/a>\r\n<\/section>\n<div class=\"wp-block-group pageContainerStyle\"><div class=\"wp-block-group__inner-container is-layout-constrained wp-block-group-is-layout-constrained\">\n<h2 class=\"wp-block-heading\" id=\"h-slovak-grammar-the-key-to-unlocking-a-beautiful-language\">Gramatyka s\u0142owacka: klucz do odblokowania pi\u0119knego j\u0119zyka<\/h2>\n\n\n\n<p>Planujesz nauczy\u0107 si\u0119 s\u0142owackiego lub po prostu jeste\u015b ciekawy jego unikalnej gramatyki? Jeste\u015b we w\u0142a\u015bciwym miejscu! S\u0142owacka <a href=\"https:\/\/talkpal.ai\/grammar\/\">gramatyka<\/a> mo\u017ce wydawa\u0107 si\u0119 onie\u015bmielaj\u0105ca na pierwszy rzut oka, ale nie martw si\u0119 &#8211; jest ca\u0142kiem logiczna i \u0142atwa do opanowania. W tym artykule zg\u0142\u0119bimy tajniki s\u0142owackiej gramatyki, aby pom\u00f3c ci lepiej zrozumie\u0107 i doceni\u0107 jej pi\u0119kno.<\/p>\n\n\n\n<p>Najpierw zacznijmy od ma\u0142ego t\u0142a. <a href=\"https:\/\/talkpal.ai\/learn-slovak\/\">S\u0142owacki<\/a> jest j\u0119zykiem zachodnios\u0142owia\u0144skim, u\u017cywanym g\u0142\u00f3wnie na S\u0142owacji, ale mo\u017cna go spotka\u0107 r\u00f3wnie\u017c w s\u0105siednich krajach. Jako j\u0119zyk s\u0142owia\u0144ski ma wiele podobie\u0144stw z innymi j\u0119zykami regionu, takimi jak <a href=\"https:\/\/talkpal.ai\/learn-czech\/\">czeski<\/a> i <a href=\"https:\/\/talkpal.ai\/learn-polish\/\">polski<\/a>. Ma jednak swoje w\u0142asne, odr\u0119bne regu\u0142y gramatyczne i wzorce u\u017cytkowania, kt\u00f3re go wyr\u00f3\u017cniaj\u0105.<\/p>\n\n\n\n<p>Przejd\u017amy teraz do najwa\u017cniejszych aspekt\u00f3w s\u0142owackiej gramatyki.<\/p>\n\n\n\n<h3 class=\"wp-block-heading\" id=\"h-1-nouns-and-their-cases\">1. Rzeczowniki i ich przypadki<\/h3>\n\n\n\n<p>Jedn\u0105 z najbardziej uderzaj\u0105cych cech gramatyki s\u0142owackiej jest jej z\u0142o\u017cony system przypadk\u00f3w. Je\u015bli jeste\u015b zaznajomiony z j\u0119zykiem niemieckim lub rosyjskim, b\u0119dziesz wiedzia\u0142, o czym m\u00f3wimy: S\u0142owackie rzeczowniki zmieniaj\u0105 swoj\u0105 form\u0119 w zale\u017cno\u015bci od ich funkcji w zdaniu. Z siedmioma przypadkami (mianownik, dope\u0142niacz, celownik, biernik, miejscownik, narz\u0119dnik i wo\u0142acz), na pocz\u0105tku mo\u017ce si\u0119 to wydawa\u0107 przyt\u0142aczaj\u0105ce, ale nie poddawaj si\u0119! Kiedy ju\u017c si\u0119 to opanuje, jest to niezwykle logiczne, a nawet zabawne.<\/p>\n\n\n\n<p>We\u017amy jako przyk\u0142ad rzeczownik &#8222;chlapec&#8221; (ch\u0142opiec). Mo\u017ce zmieni\u0107 si\u0119 w &#8222;chlapca&#8221;, &#8222;chlapcovi&#8221;, &#8222;chlapcom&#8221; i tak dalej, w zale\u017cno\u015bci od tego, czy jest podmiotem, przedmiotem lub odbiorc\u0105 akcji. Ko\u0144c\u00f3wki zale\u017c\u0105 r\u00f3wnie\u017c od rodzaju rzeczownika (m\u0119ski, \u017ce\u0144ski lub nijaki), co jeszcze bardziej urozmaica j\u0119zyk.<\/p>\n\n\n\n<h3 class=\"wp-block-heading\" id=\"h-2-verb-conjugation-and-tenses\">2. Koniugacja czasownik\u00f3w i czasy<\/h3>\n\n\n\n<p>S\u0142owackie czasowniki zmieniaj\u0105 swoje ko\u0144c\u00f3wki w zale\u017cno\u015bci od osoby i liczby (w liczbie pojedynczej lub mnogiej) podmiotu. Na przyk\u0142ad, czasownik &#8222;vidie\u0165&#8221; (widzie\u0107) mo\u017ce zosta\u0107 przekszta\u0142cony w &#8222;vid\u00edm&#8221; (widz\u0119), &#8222;vid\u00ed\u0161&#8221; (widzisz), &#8222;vidia&#8221; (oni widz\u0105) i inne.<\/p>\n\n\n\n<p>S\u0142owacki ma trzy g\u0142\u00f3wne czasy: przesz\u0142y, tera\u017aniejszy i przysz\u0142y. Ciekaw\u0105 rzecz\u0105 jest to, \u017ce w przeciwie\u0144stwie do angielskiego, s\u0142owacki zazwyczaj nie u\u017cywa czasownik\u00f3w posi\u0142kowych do tworzenia tych czas\u00f3w. Zamiast tego s\u0105 tworzone przez zmian\u0119 ko\u0144c\u00f3wek czasownik\u00f3w. Na przyk\u0142ad &#8222;widz\u0119&#8221; to &#8222;vid\u00edm&#8221;, &#8222;widzia\u0142em&#8221; to &#8222;videl som&#8221;, a &#8222;zobacz\u0119&#8221; to &#8222;uvid\u00edm&#8221;.<\/p>\n\n\n\n<h3 class=\"wp-block-heading\" id=\"h-3-sentence-structure-and-word-order\">3. Struktura zdania i szyk wyraz\u00f3w<\/h3>\n\n\n\n<p>J\u0119zyk s\u0142owacki ma stosunkowo elastyczny szyk wyraz\u00f3w, dzi\u0119ki systemowi koniugacji rzeczownik\u00f3w i czasownik\u00f3w. Oznacza to, \u017ce w przeciwie\u0144stwie do j\u0119zyka angielskiego, mo\u017cna umieszcza\u0107 s\u0142owa w r\u00f3\u017cnych pozycjach w zdaniu bez zmiany jego znaczenia &#8211; na przyk\u0142ad &#8222;chlapec vid\u00ed psa&#8221; (ch\u0142opiec widzi psa) mo\u017ce by\u0107 r\u00f3wnie\u017c &#8222;psa vid\u00ed chlapec&#8221; i <a href=\"https:\/\/talkpal.ai\/talkpal-christmas-discount\/\">nadal<\/a> mie\u0107 to samo znaczenie.<\/p>\n\n\n\n<p>To powiedziawszy, najpopularniejszy szyk wyraz\u00f3w w j\u0119zyku s\u0142owackim to podmiot-orzeczenie-dope\u0142nienie lub SVO. Jest to podobne do j\u0119zyka angielskiego i stanowi \u015bwietny punkt wyj\u015bcia dla uczni\u00f3w. Gdy poczujesz si\u0119 bardziej komfortowo z j\u0119zykiem, mo\u017cesz eksperymentowa\u0107 z r\u00f3\u017cnymi szykami wyraz\u00f3w, aby podkre\u015bli\u0107 lub uwydatni\u0107 swoje zdania.<\/p>\n\n\n\n<h3 class=\"wp-block-heading\" id=\"h-4-adjectives-and-adverbs\">4. Przymiotniki i przys\u0142\u00f3wki<\/h3>\n\n\n\n<p>Podobnie jak w wielu innych j\u0119zykach, przymiotniki i przys\u0142\u00f3wki w j\u0119zyku s\u0142owackim s\u0105 u\u017cywane do opisywania rzeczownik\u00f3w i czasownik\u00f3w. Jednak maj\u0105 r\u00f3wnie\u017c w\u0142asne zasady dotycz\u0105ce umowy dotycz\u0105cej przypadku i umowy dotycz\u0105cej p\u0142ci, co mo\u017ce nieco skomplikowa\u0107 spraw\u0119. Na szcz\u0119\u015bcie, gdy opanujesz przypadki rzeczownik\u00f3w i koniugacje czasownik\u00f3w, te zasady przyjd\u0105 bardziej naturalnie.<\/p>\n\n\n\n<p>Czy jeste\u015b gotowy, aby zmierzy\u0107 si\u0119 ze s\u0142owack\u0105 gramatyk\u0105? Przy odpowiednim nastawieniu i zasobach <a href=\"https:\/\/talkpal.ai\/pl\/jak-uczyc-sie-jezyka-za-posrednictwem-czatu-talkpal\/\">nauka j\u0119zyka<\/a> s\u0142owackiego jest satysfakcjonuj\u0105cym do\u015bwiadczeniem, kt\u00f3re mo\u017ce otworzy\u0107 drzwi do bogatej kultury i pi\u0119knego kraju. R\u00f3b to krok po kroku, \u0107wicz regularnie i nie b\u00f3j si\u0119 pope\u0142nia\u0107 b\u0142\u0119d\u00f3w &#8211; w ko\u0144cu w ten spos\u00f3b wszyscy si\u0119 uczymy. Ve\u013ea \u0161\u0165astia! (<a href=\"https:\/\/talkpal.ai\/culture\/how-do-you-say-good-luck-in-polish\/\">Powodzenia<\/a>!)<\/p>\n<\/div><\/div>\n\r\n<section class=\"learnNavigationSection\">\r\n            \r\n        <a href=\"https:\/\/talkpal.ai\/pl\/naucz-sie-slowackiego\/\">\r\n            <div class=\"learnNavigationWrapper\">\r\n                <div class=\"learnNavigationContent\">\r\n                    <img decoding=\"async\" src=\"https:\/\/talkpal.ai\/wp-content\/uploads\/2024\/08\/Slovak.jpg\" alt=\"Slovak Flag\">\r\n                    <div>\r\n                        <h4>O nauce j\u0119zyka s\u0142owackiego<\/h4>\r\n                        <p>Dowiedz si\u0119 wszystkiego o s\u0142owackiej gramatyce.<\/p>\r\n                    <\/div>\r\n                <\/div>\r\n            <\/div>\r\n        <\/a>\r\n\r\n        \r\n        <a href=\"https:\/\/talkpal.ai\/pl\/cwiczenia-z-gramatyki-slowackiej\/\">\r\n            <div class=\"learnNavigationWrapper\">\r\n                <div class=\"learnNavigationContent\">\r\n                    <img decoding=\"async\" src=\"https:\/\/talkpal.ai\/wp-content\/uploads\/2024\/08\/Slovak.jpg\" alt=\"Slovak Flag\">\r\n                    <div>\r\n                        <h4>\u0106wiczenia z gramatyki j\u0119zyka s\u0142owackiego<\/h4>\r\n                        <p>\u0106wicz gramatyk\u0119 s\u0142owack\u0105 .<\/p>\r\n                    <\/div>\r\n                <\/div>\r\n            <\/div>\r\n        <\/a>\r\n\r\n        \r\n        <a href=\"https:\/\/talkpal.ai\/vocabulary_language\/slovak\/\">\r\n            <div class=\"learnNavigationWrapper\">\r\n                <div class=\"learnNavigationContent\">\r\n                    <img decoding=\"async\" src=\"https:\/\/talkpal.ai\/wp-content\/uploads\/2024\/08\/Slovak.jpg\" alt=\"Slovak Flag\">\r\n                    <div>\r\n                        <h4>S\u0142ownictwo s\u0142owackie<\/h4>\r\n                        <p>Poszerz swoje s\u0142ownictwo w j\u0119zyku s\u0142owackim.<\/p>\r\n                    <\/div>\r\n                <\/div>\r\n            <\/div>\r\n        <\/a>\r\n\r\n            <\/section>","protected":false},"excerpt":{"rendered":"<p>Gramatyka s\u0142owacka: klucz do odblokowania pi\u0119knego j\u0119zyka Planujesz nauczy\u0107 si\u0119 s\u0142owackiego lub po prostu jeste\u015b ciekawy jego unikalnej gramatyki? Jeste\u015b we w\u0142a\u015bciwym miejscu! S\u0142owacka gramatyka mo\u017ce wydawa\u0107 si\u0119 onie\u015bmielaj\u0105ca na pierwszy rzut oka, ale nie martw si\u0119 &#8211; jest ca\u0142kiem logiczna i \u0142atwa do opanowania. W tym artykule zg\u0142\u0119bimy tajniki s\u0142owackiej gramatyki, aby pom\u00f3c ci [&hellip;]<\/p>\n","protected":false},"author":1,"featured_media":118476,"parent":0,"menu_order":0,"comment_status":"closed","ping_status":"closed","template":"LearningContentPage.php","meta":{"_acf_changed":false,"footnotes":""},"class_list":["post-150137","page","type-page","status-publish","has-post-thumbnail","hentry"],"acf":[],"yoast_head":"<!-- This site is optimized with the Yoast SEO Premium plugin v27.2 (Yoast SEO v27.2) - https:\/\/yoast.com\/product\/yoast-seo-premium-wordpress\/ -->\n<title>Gramatyka s\u0142owacka - Talkpal<\/title>\n<meta name=\"description\" content=\"Opanuj s\u0142owack\u0105 gramatyk\u0119 dzi\u0119ki jasnym obja\u015bnieniom, praktycznym przyk\u0142adom i interaktywnym \u0107wiczeniom. Popraw swoje umiej\u0119tno\u015bci!\" \/>\n<meta name=\"robots\" content=\"index, follow, max-snippet:-1, max-image-preview:large, max-video-preview:-1\" \/>\n<link rel=\"canonical\" href=\"https:\/\/talkpal.ai\/pl\/gramatyka-slowacka\/\" \/>\n<meta property=\"og:locale\" content=\"pl_PL\" \/>\n<meta property=\"og:type\" content=\"article\" \/>\n<meta property=\"og:title\" content=\"Gramatyka s\u0142owacka\" \/>\n<meta property=\"og:description\" content=\"Gramatyka s\u0142owacka: klucz do odblokowania pi\u0119knego j\u0119zyka Planujesz nauczy\u0107 si\u0119 s\u0142owackiego lub po prostu jeste\u015b ciekawy jego unikalnej gramatyki? Jeste\u015b\" \/>\n<meta property=\"og:url\" content=\"https:\/\/talkpal.ai\/pl\/gramatyka-slowacka\/\" \/>\n<meta property=\"og:site_name\" content=\"Talkpal\" \/>\n<meta property=\"article:publisher\" content=\"https:\/\/www.facebook.com\/profile.php?id=100090733639311\" \/>\n<meta property=\"article:modified_time\" content=\"2025-12-12T11:10:09+00:00\" \/>\n<meta property=\"og:image\" content=\"https:\/\/talkpal.ai\/wp-content\/uploads\/2023\/05\/slovakia.png\" \/>\n\t<meta property=\"og:image:width\" content=\"512\" \/>\n\t<meta property=\"og:image:height\" content=\"512\" \/>\n\t<meta property=\"og:image:type\" content=\"image\/png\" \/>\n<meta name=\"twitter:card\" content=\"summary_large_image\" \/>\n<meta name=\"twitter:site\" content=\"@talkpalai\" \/>\n<meta name=\"twitter:label1\" content=\"Szacowany czas czytania\" \/>\n\t<meta name=\"twitter:data1\" content=\"3 minuty\" \/>\n<script type=\"application\/ld+json\" class=\"yoast-schema-graph\">{\"@context\":\"https:\/\/schema.org\",\"@graph\":[{\"@type\":\"WebPage\",\"@id\":\"https:\/\/talkpal.ai\/pl\/gramatyka-slowacka\/\",\"url\":\"https:\/\/talkpal.ai\/pl\/gramatyka-slowacka\/\",\"name\":\"Gramatyka s\u0142owacka - Talkpal\",\"isPartOf\":{\"@id\":\"https:\/\/talkpal.ai\/pl\/#website\"},\"primaryImageOfPage\":{\"@id\":\"https:\/\/talkpal.ai\/pl\/gramatyka-slowacka\/#primaryimage\"},\"image\":{\"@id\":\"https:\/\/talkpal.ai\/pl\/gramatyka-slowacka\/#primaryimage\"},\"thumbnailUrl\":\"https:\/\/talkpal.ai\/wp-content\/uploads\/2023\/05\/slovakia.png\",\"datePublished\":\"2023-05-14T14:19:49+00:00\",\"dateModified\":\"2025-12-12T11:10:09+00:00\",\"description\":\"Opanuj s\u0142owack\u0105 gramatyk\u0119 dzi\u0119ki jasnym obja\u015bnieniom, praktycznym przyk\u0142adom i interaktywnym \u0107wiczeniom. Popraw swoje umiej\u0119tno\u015bci!\",\"breadcrumb\":{\"@id\":\"https:\/\/talkpal.ai\/pl\/gramatyka-slowacka\/#breadcrumb\"},\"inLanguage\":\"pl-PL\",\"potentialAction\":[{\"@type\":\"ReadAction\",\"target\":[\"https:\/\/talkpal.ai\/pl\/gramatyka-slowacka\/\"]}]},{\"@type\":\"ImageObject\",\"inLanguage\":\"pl-PL\",\"@id\":\"https:\/\/talkpal.ai\/pl\/gramatyka-slowacka\/#primaryimage\",\"url\":\"https:\/\/talkpal.ai\/wp-content\/uploads\/2023\/05\/slovakia.png\",\"contentUrl\":\"https:\/\/talkpal.ai\/wp-content\/uploads\/2023\/05\/slovakia.png\",\"width\":512,\"height\":512},{\"@type\":\"BreadcrumbList\",\"@id\":\"https:\/\/talkpal.ai\/pl\/gramatyka-slowacka\/#breadcrumb\",\"itemListElement\":[{\"@type\":\"ListItem\",\"position\":1,\"name\":\"Homepage\",\"item\":\"https:\/\/talkpal.ai\/pl\/\"},{\"@type\":\"ListItem\",\"position\":2,\"name\":\"Gramatyka s\u0142owacka\"}]},{\"@type\":\"WebSite\",\"@id\":\"https:\/\/talkpal.ai\/pl\/#website\",\"url\":\"https:\/\/talkpal.ai\/pl\/\",\"name\":\"Talkpal\",\"description\":\"AI Language Learning\",\"publisher\":{\"@id\":\"https:\/\/talkpal.ai\/pl\/#organization\"},\"alternateName\":\"Talkpal AI\",\"potentialAction\":[{\"@type\":\"SearchAction\",\"target\":{\"@type\":\"EntryPoint\",\"urlTemplate\":\"https:\/\/talkpal.ai\/pl\/?s={search_term_string}\"},\"query-input\":{\"@type\":\"PropertyValueSpecification\",\"valueRequired\":true,\"valueName\":\"search_term_string\"}}],\"inLanguage\":\"pl-PL\"},{\"@type\":\"Organization\",\"@id\":\"https:\/\/talkpal.ai\/pl\/#organization\",\"name\":\"Talkpal, Inc.\",\"alternateName\":\"Talkpal AI\",\"url\":\"https:\/\/talkpal.ai\/pl\/\",\"logo\":{\"@type\":\"ImageObject\",\"inLanguage\":\"pl-PL\",\"@id\":\"https:\/\/talkpal.ai\/pl\/#\/schema\/logo\/image\/\",\"url\":\"https:\/\/talkpal.ai\/wp-content\/uploads\/2024\/03\/Talkpal-Logo-Icon.png\",\"contentUrl\":\"https:\/\/talkpal.ai\/wp-content\/uploads\/2024\/03\/Talkpal-Logo-Icon.png\",\"width\":2880,\"height\":2880,\"caption\":\"Talkpal, Inc.\"},\"image\":{\"@id\":\"https:\/\/talkpal.ai\/pl\/#\/schema\/logo\/image\/\"},\"sameAs\":[\"https:\/\/www.facebook.com\/profile.php?id=100090733639311\",\"https:\/\/x.com\/talkpalai\",\"https:\/\/www.linkedin.com\/company\/talkpal\/\",\"https:\/\/www.youtube.com\/@TalkPal\/\",\"https:\/\/www.tiktok.com\/@talkpal\",\"https:\/\/www.instagram.com\/talkpal_ai\/\",\"https:\/\/www.crunchbase.com\/organization\/talkpal-9cde\",\"https:\/\/www.g2.com\/products\/talkpal-for-business\/\",\"https:\/\/www.trustpilot.com\/review\/talkpal.ai\",\"https:\/\/www.capterra.com\/p\/10006800\/TalkPal\/\"],\"description\":\"Talkpal is a language learning web and mobile education app, powered by the latest AI technologies, that provides engaging experiences to its customers in many different languages to help them improve their language skills. Users can chat about unlimited amount of topics with the app and use other modes to practice their language learning.\",\"email\":\"support@talkpal.ai\",\"legalName\":\"Talkpal, Inc.\",\"foundingDate\":\"2023-04-03\",\"duns\":\"118989042\",\"numberOfEmployees\":{\"@type\":\"QuantitativeValue\",\"minValue\":\"11\",\"maxValue\":\"50\"},\"publishingPrinciples\":\"https:\/\/talkpal.ai\/publishing-principles\/\",\"actionableFeedbackPolicy\":\"https:\/\/talkpal.ai\/actionable-feedback-policy\/\",\"correctionsPolicy\":\"https:\/\/talkpal.ai\/corrections-policy\/\",\"ethicsPolicy\":\"https:\/\/talkpal.ai\/ethics-policy\/\",\"diversityPolicy\":\"https:\/\/talkpal.ai\/diversity-policy\/\",\"diversityStaffingReport\":\"https:\/\/talkpal.ai\/diversity-policy\/\"}]}<\/script>\n<!-- \/ Yoast SEO Premium plugin. -->","yoast_head_json":{"title":"Gramatyka s\u0142owacka - Talkpal","description":"Opanuj s\u0142owack\u0105 gramatyk\u0119 dzi\u0119ki jasnym obja\u015bnieniom, praktycznym przyk\u0142adom i interaktywnym \u0107wiczeniom. Popraw swoje umiej\u0119tno\u015bci!","robots":{"index":"index","follow":"follow","max-snippet":"max-snippet:-1","max-image-preview":"max-image-preview:large","max-video-preview":"max-video-preview:-1"},"canonical":"https:\/\/talkpal.ai\/pl\/gramatyka-slowacka\/","og_locale":"pl_PL","og_type":"article","og_title":"Gramatyka s\u0142owacka","og_description":"Gramatyka s\u0142owacka: klucz do odblokowania pi\u0119knego j\u0119zyka Planujesz nauczy\u0107 si\u0119 s\u0142owackiego lub po prostu jeste\u015b ciekawy jego unikalnej gramatyki? Jeste\u015b","og_url":"https:\/\/talkpal.ai\/pl\/gramatyka-slowacka\/","og_site_name":"Talkpal","article_publisher":"https:\/\/www.facebook.com\/profile.php?id=100090733639311","article_modified_time":"2025-12-12T11:10:09+00:00","og_image":[{"width":512,"height":512,"url":"https:\/\/talkpal.ai\/wp-content\/uploads\/2023\/05\/slovakia.png","type":"image\/png"}],"twitter_card":"summary_large_image","twitter_site":"@talkpalai","twitter_misc":{"Szacowany czas czytania":"3 minuty"},"schema":{"@context":"https:\/\/schema.org","@graph":[{"@type":"WebPage","@id":"https:\/\/talkpal.ai\/pl\/gramatyka-slowacka\/","url":"https:\/\/talkpal.ai\/pl\/gramatyka-slowacka\/","name":"Gramatyka s\u0142owacka - Talkpal","isPartOf":{"@id":"https:\/\/talkpal.ai\/pl\/#website"},"primaryImageOfPage":{"@id":"https:\/\/talkpal.ai\/pl\/gramatyka-slowacka\/#primaryimage"},"image":{"@id":"https:\/\/talkpal.ai\/pl\/gramatyka-slowacka\/#primaryimage"},"thumbnailUrl":"https:\/\/talkpal.ai\/wp-content\/uploads\/2023\/05\/slovakia.png","datePublished":"2023-05-14T14:19:49+00:00","dateModified":"2025-12-12T11:10:09+00:00","description":"Opanuj s\u0142owack\u0105 gramatyk\u0119 dzi\u0119ki jasnym obja\u015bnieniom, praktycznym przyk\u0142adom i interaktywnym \u0107wiczeniom. Popraw swoje umiej\u0119tno\u015bci!","breadcrumb":{"@id":"https:\/\/talkpal.ai\/pl\/gramatyka-slowacka\/#breadcrumb"},"inLanguage":"pl-PL","potentialAction":[{"@type":"ReadAction","target":["https:\/\/talkpal.ai\/pl\/gramatyka-slowacka\/"]}]},{"@type":"ImageObject","inLanguage":"pl-PL","@id":"https:\/\/talkpal.ai\/pl\/gramatyka-slowacka\/#primaryimage","url":"https:\/\/talkpal.ai\/wp-content\/uploads\/2023\/05\/slovakia.png","contentUrl":"https:\/\/talkpal.ai\/wp-content\/uploads\/2023\/05\/slovakia.png","width":512,"height":512},{"@type":"BreadcrumbList","@id":"https:\/\/talkpal.ai\/pl\/gramatyka-slowacka\/#breadcrumb","itemListElement":[{"@type":"ListItem","position":1,"name":"Homepage","item":"https:\/\/talkpal.ai\/pl\/"},{"@type":"ListItem","position":2,"name":"Gramatyka s\u0142owacka"}]},{"@type":"WebSite","@id":"https:\/\/talkpal.ai\/pl\/#website","url":"https:\/\/talkpal.ai\/pl\/","name":"Talkpal","description":"AI Language Learning","publisher":{"@id":"https:\/\/talkpal.ai\/pl\/#organization"},"alternateName":"Talkpal AI","potentialAction":[{"@type":"SearchAction","target":{"@type":"EntryPoint","urlTemplate":"https:\/\/talkpal.ai\/pl\/?s={search_term_string}"},"query-input":{"@type":"PropertyValueSpecification","valueRequired":true,"valueName":"search_term_string"}}],"inLanguage":"pl-PL"},{"@type":"Organization","@id":"https:\/\/talkpal.ai\/pl\/#organization","name":"Talkpal, Inc.","alternateName":"Talkpal AI","url":"https:\/\/talkpal.ai\/pl\/","logo":{"@type":"ImageObject","inLanguage":"pl-PL","@id":"https:\/\/talkpal.ai\/pl\/#\/schema\/logo\/image\/","url":"https:\/\/talkpal.ai\/wp-content\/uploads\/2024\/03\/Talkpal-Logo-Icon.png","contentUrl":"https:\/\/talkpal.ai\/wp-content\/uploads\/2024\/03\/Talkpal-Logo-Icon.png","width":2880,"height":2880,"caption":"Talkpal, Inc."},"image":{"@id":"https:\/\/talkpal.ai\/pl\/#\/schema\/logo\/image\/"},"sameAs":["https:\/\/www.facebook.com\/profile.php?id=100090733639311","https:\/\/x.com\/talkpalai","https:\/\/www.linkedin.com\/company\/talkpal\/","https:\/\/www.youtube.com\/@TalkPal\/","https:\/\/www.tiktok.com\/@talkpal","https:\/\/www.instagram.com\/talkpal_ai\/","https:\/\/www.crunchbase.com\/organization\/talkpal-9cde","https:\/\/www.g2.com\/products\/talkpal-for-business\/","https:\/\/www.trustpilot.com\/review\/talkpal.ai","https:\/\/www.capterra.com\/p\/10006800\/TalkPal\/"],"description":"Talkpal is a language learning web and mobile education app, powered by the latest AI technologies, that provides engaging experiences to its customers in many different languages to help them improve their language skills. Users can chat about unlimited amount of topics with the app and use other modes to practice their language learning.","email":"support@talkpal.ai","legalName":"Talkpal, Inc.","foundingDate":"2023-04-03","duns":"118989042","numberOfEmployees":{"@type":"QuantitativeValue","minValue":"11","maxValue":"50"},"publishingPrinciples":"https:\/\/talkpal.ai\/publishing-principles\/","actionableFeedbackPolicy":"https:\/\/talkpal.ai\/actionable-feedback-policy\/","correctionsPolicy":"https:\/\/talkpal.ai\/corrections-policy\/","ethicsPolicy":"https:\/\/talkpal.ai\/ethics-policy\/","diversityPolicy":"https:\/\/talkpal.ai\/diversity-policy\/","diversityStaffingReport":"https:\/\/talkpal.ai\/diversity-policy\/"}]}},"_links":{"self":[{"href":"https:\/\/talkpal.ai\/pl\/wp-json\/wp\/v2\/pages\/150137","targetHints":{"allow":["GET"]}}],"collection":[{"href":"https:\/\/talkpal.ai\/pl\/wp-json\/wp\/v2\/pages"}],"about":[{"href":"https:\/\/talkpal.ai\/pl\/wp-json\/wp\/v2\/types\/page"}],"author":[{"embeddable":true,"href":"https:\/\/talkpal.ai\/pl\/wp-json\/wp\/v2\/users\/1"}],"replies":[{"embeddable":true,"href":"https:\/\/talkpal.ai\/pl\/wp-json\/wp\/v2\/comments?post=150137"}],"version-history":[{"count":0,"href":"https:\/\/talkpal.ai\/pl\/wp-json\/wp\/v2\/pages\/150137\/revisions"}],"wp:featuredmedia":[{"embeddable":true,"href":"https:\/\/talkpal.ai\/pl\/wp-json\/wp\/v2\/media\/118476"}],"wp:attachment":[{"href":"https:\/\/talkpal.ai\/pl\/wp-json\/wp\/v2\/media?parent=150137"}],"curies":[{"name":"wp","href":"https:\/\/api.w.org\/{rel}","templated":true}]}}