{"id":149737,"date":"2023-05-14T14:19:26","date_gmt":"2023-05-14T14:19:26","guid":{"rendered":"http:\/\/talkpal.ai\/gramatyka-serbska\/"},"modified":"2025-12-17T15:36:30","modified_gmt":"2025-12-17T15:36:30","slug":"gramatyka-serbska","status":"publish","type":"page","link":"https:\/\/talkpal.ai\/pl\/gramatyka-serbska\/","title":{"rendered":"Gramatyka serbska"},"content":{"rendered":"\r\n\r\n\r\n<section class=\"languageChallengeSection\">\r\n    <div class=\"languageInfoWrapper\">\r\n        \r\n        <h1>Gramatyka serbska<\/h1>\r\n        <p>Rozpocznij swoj\u0105 przygod\u0119 z j\u0119zykiem rosyjskim i otw\u00f3rz drzwi do bogatej kultury i historii. Opanowanie rosyjskiej gramatyki i s\u0142ownictwa zwi\u0119kszy mo\u017cliwo\u015bci podr\u00f3\u017cowania, kariery i komunikacji. Rozpocznij nauk\u0119 rosyjskiego ju\u017c dzi\u015b i zr\u00f3b pierwszy krok w kierunku p\u0142ynnej nauki!\n\n<\/p>\r\n\r\n                            <a class=\"getStartedHidden\" href=\"https:\/\/app.talkpal.ai\/pl\/signup?lng=\">Zaczynaj<\/a>\r\n        \r\n    <\/div>\r\n\r\n    <figure>\r\n    <img decoding=\"async\" width=\"768\" height=\"768\" src=\"https:\/\/talkpal.ai\/wp-content\/uploads\/2023\/06\/serbian-768x768.png\" class=\"languageImage no-lazy\" alt=\"Fast-track to fluency with language learning\" fetchpriority=\"high\" sizes=\"(max-width: 768px) 150px, 768px\" srcset=\"https:\/\/talkpal.ai\/wp-content\/uploads\/2023\/06\/serbian-768x768.png 768w, https:\/\/talkpal.ai\/wp-content\/uploads\/2023\/06\/serbian-300x300.png 300w\" \/>\r\n    \r\n\r\n    <\/figure>\r\n\r\n            <a class=\"getStartedVisible\" href=\"https:\/\/app.talkpal.ai\/pl\/signup?lng=\">Zaczynaj<\/a>\r\n    \r\n<\/section>\r\n<section class=\"promotionalBanner\">\r\n    <p class=\"promotionalText\">Najbardziej efektywny spos\u00f3b nauki j\u0119zyka<\/p>\r\n    <a class=\"promotionalLink\" href=\"https:\/\/app.talkpal.ai\/pl\/signup?lng=\">Wypr\u00f3buj Talkpal za darmo<\/a>\r\n<\/section>\n<div class=\"wp-block-group pageContainerStyle\"><div class=\"wp-block-group__inner-container is-layout-constrained wp-block-group-is-layout-constrained\">\n<h1 class=\"wp-block-heading\" id=\"h-serbian-grammar-unraveling-the-intricacies-of-the-south-slavic-language\">Gramatyka serbska: odkrywanie zawi\u0142o\u015bci j\u0119zyka po\u0142udniowos\u0142owia\u0144skiego<\/h1>\n\n\n\n<p>Wzywamy wszystkich entuzjast\u00f3w j\u0119zyk\u00f3w i mi\u0142o\u015bnik\u00f3w Ba\u0142kan\u00f3w! Czy kiedykolwiek zastanawia\u0142e\u015b si\u0119 nad zanurzeniem si\u0119 w <a href=\"https:\/\/talkpal.ai\/locations\/language-courses-in-swiecie\/\">\u015bwiecie<\/a> gramatyki serbskiej? <a href=\"https:\/\/talkpal.ai\/learn-serbian\/\">Serbski<\/a>, j\u0119zyk po\u0142udniowos\u0142owia\u0144ski, jest j\u0119zykiem urz\u0119dowym Serbii i jednym z j\u0119zyk\u00f3w urz\u0119dowych Bo\u015bni i Hercegowiny. Z oko\u0142o 9 milionami rodzimych u\u017cytkownik\u00f3w, ten intryguj\u0105cy j\u0119zyk ma podobie\u0144stwa z chorwackim, bo\u015bniackim i czarnog\u00f3rskim, ale ma charakterystyczne cechy, kt\u00f3re go wyr\u00f3\u017cniaj\u0105. W tym artykule poznamy fascynuj\u0105ce aspekty serbskiej gramatyki.<\/p>\n\n\n\n<h3 class=\"wp-block-heading\" id=\"h-the-dual-alphabet-cyrillic-and-latin\">Podw\u00f3jny alfabet: cyrylica i \u0142acina<\/h3>\n\n\n\n<p>Jedn\u0105 z pierwszych rzeczy, kt\u00f3re zauwa\u017cysz w j\u0119zyku serbskim, jest u\u017cycie dw\u00f3ch alfabet\u00f3w: cyrylicy i alfabetu \u0142aci\u0144skiego. Serbska cyrylica, sk\u0142adaj\u0105ca si\u0119 z 30 liter, zosta\u0142a ujednolicona przez j\u0119zykoznawc\u0119 Vuka Karad\u017eicia w 1818 roku i jest oficjalnym alfabetem kraju. Jednak alfabet \u0142aci\u0144ski, r\u00f3wnie\u017c sk\u0142adaj\u0105cy si\u0119 z 30 liter, jest szeroko stosowany, zw\u0142aszcza w komunikacji cyfrowej i kontekstach nieformalnych. Zastosowanie dw\u00f3ch alfabet\u00f3w nadaje serbskiemu niepowtarzalny, uniwersalny charakter.<\/p>\n\n\n\n<h3 class=\"wp-block-heading\" id=\"h-the-building-blocks-nouns-pronouns-and-cases\">Elementy sk\u0142adowe: rzeczowniki, zaimki i przypadki<\/h3>\n\n\n\n<p>Podobnie jak inne j\u0119zyki s\u0142owia\u0144skie, <a href=\"https:\/\/talkpal.ai\/serbian-grammar\/\">gramatyka serbska<\/a> obraca si\u0119 wok\u00f3\u0142 fleksji, w kt\u00f3rej s\u0142owa zmieniaj\u0105 swoje ko\u0144c\u00f3wki zgodnie z ich funkcj\u0105 gramatyczn\u0105. Jest to najbardziej widoczne w rzeczownikach, zaimkach i przymiotnikach. <a href=\"https:\/\/talkpal.ai\/learn-serbian\/\">Serb<\/a> ma siedem przypadk\u00f3w:<\/p>\n\n\n\n<p><strong>1. Mianownik &#8211; wskazuje podmiot zdania<\/strong><\/p>\n\n\n\n<p><strong>2. Rodzajnik &#8211; wskazuje na posiadanie, przedmiot negacji lub znaczenie partytywne<\/strong><\/p>\n\n\n\n<p><strong>3. Celownik &#8211; oznacza dope\u0142nienie po\u015brednie<\/strong><\/p>\n\n\n\n<p><strong>4. Accusative &#8211; oznacza bezpo\u015bredni obiekt<\/strong><\/p>\n\n\n\n<p><strong>5. Wokatywny &#8211; u\u017cywany do zwracania si\u0119 lub nazywania kogo\u015b<\/strong><\/p>\n\n\n\n<p><strong>6. Instrumentalny &#8211; wyra\u017ca \u015brodki lub metod\u0119 dzia\u0142ania<\/strong><\/p>\n\n\n\n<p><strong>7. Miejscownik &#8211; okre\u015bla lokalizacj\u0119 lub przedmiot niekt\u00f3rych przyimk\u00f3w<\/strong><\/p>\n\n\n\n<p>Rzeczowniki serbskie maj\u0105 trzy rodzaje (m\u0119ski, \u017ce\u0144ski i nijaki) oraz dwie liczby (pojedyncz\u0105 i mnog\u0105). Specyficzne ko\u0144c\u00f3wki dla ka\u017cdej p\u0142ci i liczby r\u00f3\u017cni\u0105 si\u0119 w zale\u017cno\u015bci od przypadku, wi\u0119c wa\u017cne jest, aby zapami\u0119ta\u0107 te ko\u0144c\u00f3wki w celu konstruowania poprawnych gramatycznie zda\u0144.<\/p>\n\n\n\n<h3 class=\"wp-block-heading\" id=\"h-get-moving-with-verbs-tenses-aspects-and-moods\">Ruszaj si\u0119 z czasownikami: czasy, aspekty i nastroje<\/h3>\n\n\n\n<p>Czasowniki serbskie wykazuj\u0105 fascynuj\u0105c\u0105 z\u0142o\u017cono\u015b\u0107 z ich czasami (przesz\u0142y, tera\u017aniejszy i przysz\u0142y), aspektami (dokonany i niedokonany) oraz nastrojami (oznajmuj\u0105cy, rozkazuj\u0105cy i warunkowy). Aspekt odgrywa znacz\u0105c\u0105 rol\u0119 w serbskich czasownikach, poniewa\u017c informuje, czy czynno\u015b\u0107 jest postrzegana jako zako\u0144czona (dokonana), czy trwaj\u0105ca (niedokonana). Wiele czasownik\u00f3w wyst\u0119puje w parach, kt\u00f3re wskazuj\u0105 na r\u00f3\u017cne aspekty, cz\u0119sto poprzez u\u017cycie okre\u015blonych przedrostk\u00f3w lub przyrostk\u00f3w.<\/p>\n\n\n\n<h3 class=\"wp-block-heading\" id=\"h-adjectives-adverbs-and-all-that-jazz\">Przymiotniki, przys\u0142\u00f3wki i ca\u0142y ten jazz<\/h3>\n\n\n\n<p>Serbskie przymiotniki zgadzaj\u0105 si\u0119 z rzeczownikami, kt\u00f3re modyfikuj\u0105 pod wzgl\u0119dem rodzaju, liczby i przypadku. Maj\u0105 r\u00f3wnie\u017c formy por\u00f3wnawcze i superlatywne, aby wyrazi\u0107 r\u00f3\u017cne stopnie jako\u015bci. Co wi\u0119cej, przys\u0142\u00f3wki cz\u0119sto pochodz\u0105 od przymiotnik\u00f3w i przekazuj\u0105 r\u00f3\u017cne znaczenia, takie jak czas, spos\u00f3b, miejsce i stopie\u0144.<\/p>\n\n\n\n<p>J\u0119zyk serbski szczyci si\u0119 r\u00f3wnie\u017c szeregiem sp\u00f3jnik\u00f3w, przyimk\u00f3w, liczebnik\u00f3w i partyku\u0142, kt\u00f3re przyczyniaj\u0105 si\u0119 do pi\u0119kna j\u0119zyka i pomagaj\u0105 tworzy\u0107 z\u0142o\u017cone, znacz\u0105ce zdania.<\/p>\n\n\n\n<h3 class=\"wp-block-heading\" id=\"h-embracing-the-world-of-serbian-grammar\">\u015awiat gramatyki serbskiej<\/h3>\n\n\n\n<p><a href=\"https:\/\/talkpal.ai\/serbian-grammar\/\">Gramatyka serbska<\/a> mo\u017ce na pierwszy rzut oka wydawa\u0107 si\u0119 przyt\u0142aczaj\u0105ca. Jednak zag\u0142\u0119biaj\u0105c si\u0119 w bogaty krajobraz przypadk\u00f3w, aspekt\u00f3w i dziwactw j\u0119zykowych, odkryjesz \u017cywy i ekspresyjny j\u0119zyk. <a href=\"https:\/\/talkpal.ai\/pl\/nauka-serbskiego-za-darmo-najlepsze-metody-i-zasoby-online\/\">Nauka serbskiego<\/a> nie tylko wyostrzy Twoje zrozumienie rodziny j\u0119zyk\u00f3w s\u0142owia\u0144skich, ale tak\u017ce pomo\u017ce Ci po\u0142\u0105czy\u0107 si\u0119 z urzekaj\u0105c\u0105 histori\u0105 i kultur\u0105.<\/p>\n\n\n\n<p>Dlaczego wi\u0119c nie podj\u0105\u0107 wyzwania dalszego zg\u0142\u0119biania gramatyki serbskiej? Dzi\u0119ki wytrwa\u0142o\u015bci i pasji pewnego dnia mo\u017cesz spacerowa\u0107 ulicami Belgradu, prowadz\u0105c o\u017cywione rozmowy z mieszka\u0144cami w ich ojczystym j\u0119zyku. Mi\u0142ej nauki!<\/p>\n<\/div><\/div>\n\r\n<section class=\"learnNavigationSection\">\r\n            \r\n        <a href=\"https:\/\/talkpal.ai\/pl\/naucz-sie-serbskiego\/\">\r\n            <div class=\"learnNavigationWrapper\">\r\n                <div class=\"learnNavigationContent\">\r\n                    <img decoding=\"async\" src=\"https:\/\/talkpal.ai\/wp-content\/uploads\/2024\/08\/Serbian.jpg\" alt=\"Serbian Flag\">\r\n                    <div>\r\n                        <h4>O Serbia Learning<\/h4>\r\n                        <p>Dowiedz si\u0119 wi\u0119cej o Serbia gramatyka.<\/p>\r\n                    <\/div>\r\n                <\/div>\r\n            <\/div>\r\n        <\/a>\r\n\r\n        \r\n        <a href=\"https:\/\/talkpal.ai\/pl\/cwiczenia-gramatyczne-z-jezyka-serbskiego\/\">\r\n            <div class=\"learnNavigationWrapper\">\r\n                <div class=\"learnNavigationContent\">\r\n                    <img decoding=\"async\" src=\"https:\/\/talkpal.ai\/wp-content\/uploads\/2024\/08\/Serbian.jpg\" alt=\"Serbian Flag\">\r\n                    <div>\r\n                        <h4>Serbski \u0106wiczenie gramatyczne<\/h4>\r\n                        <p>\u0106wicz gramatyk\u0119 serbsk\u0105 .<\/p>\r\n                    <\/div>\r\n                <\/div>\r\n            <\/div>\r\n        <\/a>\r\n\r\n        \r\n        <a href=\"https:\/\/talkpal.ai\/vocabulary_language\/serbian\/\">\r\n            <div class=\"learnNavigationWrapper\">\r\n                <div class=\"learnNavigationContent\">\r\n                    <img decoding=\"async\" src=\"https:\/\/talkpal.ai\/wp-content\/uploads\/2024\/08\/Serbian.jpg\" alt=\"Serbian Flag\">\r\n                    <div>\r\n                        <h4>S\u0142ownictwo serbskie<\/h4>\r\n                        <p>Poszerz swoje serbskie s\u0142ownictwo.<\/p>\r\n                    <\/div>\r\n                <\/div>\r\n            <\/div>\r\n        <\/a>\r\n\r\n            <\/section>","protected":false},"excerpt":{"rendered":"<p>Gramatyka serbska: odkrywanie zawi\u0142o\u015bci j\u0119zyka po\u0142udniowos\u0142owia\u0144skiego Wzywamy wszystkich entuzjast\u00f3w j\u0119zyk\u00f3w i mi\u0142o\u015bnik\u00f3w Ba\u0142kan\u00f3w! Czy kiedykolwiek zastanawia\u0142e\u015b si\u0119 nad zanurzeniem si\u0119 w \u015bwiecie gramatyki serbskiej? Serbski, j\u0119zyk po\u0142udniowos\u0142owia\u0144ski, jest j\u0119zykiem urz\u0119dowym Serbii i jednym z j\u0119zyk\u00f3w urz\u0119dowych Bo\u015bni i Hercegowiny. Z oko\u0142o 9 milionami rodzimych u\u017cytkownik\u00f3w, ten intryguj\u0105cy j\u0119zyk ma podobie\u0144stwa z chorwackim, bo\u015bniackim i czarnog\u00f3rskim, [&hellip;]<\/p>\n","protected":false},"author":1,"featured_media":118057,"parent":0,"menu_order":0,"comment_status":"closed","ping_status":"closed","template":"LearningContentPage.php","meta":{"_acf_changed":false,"footnotes":""},"class_list":["post-149737","page","type-page","status-publish","has-post-thumbnail","hentry"],"acf":[],"yoast_head":"<!-- This site is optimized with the Yoast SEO Premium plugin v27.2 (Yoast SEO v27.2) - https:\/\/yoast.com\/product\/yoast-seo-premium-wordpress\/ -->\n<title>Gramatyka serbska - Talkpal<\/title>\n<meta name=\"description\" content=\"Poznaj zawi\u0142o\u015bci gramatyki j\u0119zyka serbskiego i odkryj unikalne cechy, kt\u00f3re odr\u00f3\u017cniaj\u0105 go od innych j\u0119zyk\u00f3w ba\u0142ka\u0144skich.\" \/>\n<meta name=\"robots\" content=\"index, follow, max-snippet:-1, max-image-preview:large, max-video-preview:-1\" \/>\n<link rel=\"canonical\" href=\"https:\/\/talkpal.ai\/pl\/gramatyka-serbska\/\" \/>\n<meta property=\"og:locale\" content=\"pl_PL\" \/>\n<meta property=\"og:type\" content=\"article\" \/>\n<meta property=\"og:title\" content=\"Gramatyka serbska\" \/>\n<meta property=\"og:description\" content=\"Gramatyka serbska: odkrywanie zawi\u0142o\u015bci j\u0119zyka po\u0142udniowos\u0142owia\u0144skiego Wzywamy wszystkich entuzjast\u00f3w j\u0119zyk\u00f3w i mi\u0142o\u015bnik\u00f3w Ba\u0142kan\u00f3w! Czy kiedykolwiek\" \/>\n<meta property=\"og:url\" content=\"https:\/\/talkpal.ai\/pl\/gramatyka-serbska\/\" \/>\n<meta property=\"og:site_name\" content=\"Talkpal\" \/>\n<meta property=\"article:publisher\" content=\"https:\/\/www.facebook.com\/profile.php?id=100090733639311\" \/>\n<meta property=\"article:modified_time\" content=\"2025-12-17T15:36:30+00:00\" \/>\n<meta property=\"og:image\" content=\"https:\/\/talkpal.ai\/wp-content\/uploads\/2023\/05\/serbia.png\" \/>\n\t<meta property=\"og:image:width\" content=\"512\" \/>\n\t<meta property=\"og:image:height\" content=\"512\" \/>\n\t<meta property=\"og:image:type\" content=\"image\/png\" \/>\n<meta name=\"twitter:card\" content=\"summary_large_image\" \/>\n<meta name=\"twitter:site\" content=\"@talkpalai\" \/>\n<meta name=\"twitter:label1\" content=\"Szacowany czas czytania\" \/>\n\t<meta name=\"twitter:data1\" content=\"3 minuty\" \/>\n<script type=\"application\/ld+json\" class=\"yoast-schema-graph\">{\"@context\":\"https:\/\/schema.org\",\"@graph\":[{\"@type\":\"WebPage\",\"@id\":\"https:\/\/talkpal.ai\/pl\/gramatyka-serbska\/\",\"url\":\"https:\/\/talkpal.ai\/pl\/gramatyka-serbska\/\",\"name\":\"Gramatyka serbska - Talkpal\",\"isPartOf\":{\"@id\":\"https:\/\/talkpal.ai\/pl\/#website\"},\"primaryImageOfPage\":{\"@id\":\"https:\/\/talkpal.ai\/pl\/gramatyka-serbska\/#primaryimage\"},\"image\":{\"@id\":\"https:\/\/talkpal.ai\/pl\/gramatyka-serbska\/#primaryimage\"},\"thumbnailUrl\":\"https:\/\/talkpal.ai\/wp-content\/uploads\/2023\/05\/serbia.png\",\"datePublished\":\"2023-05-14T14:19:26+00:00\",\"dateModified\":\"2025-12-17T15:36:30+00:00\",\"description\":\"Poznaj zawi\u0142o\u015bci gramatyki j\u0119zyka serbskiego i odkryj unikalne cechy, kt\u00f3re odr\u00f3\u017cniaj\u0105 go od innych j\u0119zyk\u00f3w ba\u0142ka\u0144skich.\",\"breadcrumb\":{\"@id\":\"https:\/\/talkpal.ai\/pl\/gramatyka-serbska\/#breadcrumb\"},\"inLanguage\":\"pl-PL\",\"potentialAction\":[{\"@type\":\"ReadAction\",\"target\":[\"https:\/\/talkpal.ai\/pl\/gramatyka-serbska\/\"]}]},{\"@type\":\"ImageObject\",\"inLanguage\":\"pl-PL\",\"@id\":\"https:\/\/talkpal.ai\/pl\/gramatyka-serbska\/#primaryimage\",\"url\":\"https:\/\/talkpal.ai\/wp-content\/uploads\/2023\/05\/serbia.png\",\"contentUrl\":\"https:\/\/talkpal.ai\/wp-content\/uploads\/2023\/05\/serbia.png\",\"width\":512,\"height\":512},{\"@type\":\"BreadcrumbList\",\"@id\":\"https:\/\/talkpal.ai\/pl\/gramatyka-serbska\/#breadcrumb\",\"itemListElement\":[{\"@type\":\"ListItem\",\"position\":1,\"name\":\"Homepage\",\"item\":\"https:\/\/talkpal.ai\/pl\/\"},{\"@type\":\"ListItem\",\"position\":2,\"name\":\"Gramatyka serbska\"}]},{\"@type\":\"WebSite\",\"@id\":\"https:\/\/talkpal.ai\/pl\/#website\",\"url\":\"https:\/\/talkpal.ai\/pl\/\",\"name\":\"Talkpal\",\"description\":\"AI Language Learning\",\"publisher\":{\"@id\":\"https:\/\/talkpal.ai\/pl\/#organization\"},\"alternateName\":\"Talkpal AI\",\"potentialAction\":[{\"@type\":\"SearchAction\",\"target\":{\"@type\":\"EntryPoint\",\"urlTemplate\":\"https:\/\/talkpal.ai\/pl\/?s={search_term_string}\"},\"query-input\":{\"@type\":\"PropertyValueSpecification\",\"valueRequired\":true,\"valueName\":\"search_term_string\"}}],\"inLanguage\":\"pl-PL\"},{\"@type\":\"Organization\",\"@id\":\"https:\/\/talkpal.ai\/pl\/#organization\",\"name\":\"Talkpal, Inc.\",\"alternateName\":\"Talkpal AI\",\"url\":\"https:\/\/talkpal.ai\/pl\/\",\"logo\":{\"@type\":\"ImageObject\",\"inLanguage\":\"pl-PL\",\"@id\":\"https:\/\/talkpal.ai\/pl\/#\/schema\/logo\/image\/\",\"url\":\"https:\/\/talkpal.ai\/wp-content\/uploads\/2024\/03\/Talkpal-Logo-Icon.png\",\"contentUrl\":\"https:\/\/talkpal.ai\/wp-content\/uploads\/2024\/03\/Talkpal-Logo-Icon.png\",\"width\":2880,\"height\":2880,\"caption\":\"Talkpal, Inc.\"},\"image\":{\"@id\":\"https:\/\/talkpal.ai\/pl\/#\/schema\/logo\/image\/\"},\"sameAs\":[\"https:\/\/www.facebook.com\/profile.php?id=100090733639311\",\"https:\/\/x.com\/talkpalai\",\"https:\/\/www.linkedin.com\/company\/talkpal\/\",\"https:\/\/www.youtube.com\/@TalkPal\/\",\"https:\/\/www.tiktok.com\/@talkpal\",\"https:\/\/www.instagram.com\/talkpal_ai\/\",\"https:\/\/www.crunchbase.com\/organization\/talkpal-9cde\",\"https:\/\/www.g2.com\/products\/talkpal-for-business\/\",\"https:\/\/www.trustpilot.com\/review\/talkpal.ai\",\"https:\/\/www.capterra.com\/p\/10006800\/TalkPal\/\"],\"description\":\"Talkpal is a language learning web and mobile education app, powered by the latest AI technologies, that provides engaging experiences to its customers in many different languages to help them improve their language skills. Users can chat about unlimited amount of topics with the app and use other modes to practice their language learning.\",\"email\":\"support@talkpal.ai\",\"legalName\":\"Talkpal, Inc.\",\"foundingDate\":\"2023-04-03\",\"duns\":\"118989042\",\"numberOfEmployees\":{\"@type\":\"QuantitativeValue\",\"minValue\":\"11\",\"maxValue\":\"50\"},\"publishingPrinciples\":\"https:\/\/talkpal.ai\/publishing-principles\/\",\"actionableFeedbackPolicy\":\"https:\/\/talkpal.ai\/actionable-feedback-policy\/\",\"correctionsPolicy\":\"https:\/\/talkpal.ai\/corrections-policy\/\",\"ethicsPolicy\":\"https:\/\/talkpal.ai\/ethics-policy\/\",\"diversityPolicy\":\"https:\/\/talkpal.ai\/diversity-policy\/\",\"diversityStaffingReport\":\"https:\/\/talkpal.ai\/diversity-policy\/\"}]}<\/script>\n<!-- \/ Yoast SEO Premium plugin. -->","yoast_head_json":{"title":"Gramatyka serbska - Talkpal","description":"Poznaj zawi\u0142o\u015bci gramatyki j\u0119zyka serbskiego i odkryj unikalne cechy, kt\u00f3re odr\u00f3\u017cniaj\u0105 go od innych j\u0119zyk\u00f3w ba\u0142ka\u0144skich.","robots":{"index":"index","follow":"follow","max-snippet":"max-snippet:-1","max-image-preview":"max-image-preview:large","max-video-preview":"max-video-preview:-1"},"canonical":"https:\/\/talkpal.ai\/pl\/gramatyka-serbska\/","og_locale":"pl_PL","og_type":"article","og_title":"Gramatyka serbska","og_description":"Gramatyka serbska: odkrywanie zawi\u0142o\u015bci j\u0119zyka po\u0142udniowos\u0142owia\u0144skiego Wzywamy wszystkich entuzjast\u00f3w j\u0119zyk\u00f3w i mi\u0142o\u015bnik\u00f3w Ba\u0142kan\u00f3w! Czy kiedykolwiek","og_url":"https:\/\/talkpal.ai\/pl\/gramatyka-serbska\/","og_site_name":"Talkpal","article_publisher":"https:\/\/www.facebook.com\/profile.php?id=100090733639311","article_modified_time":"2025-12-17T15:36:30+00:00","og_image":[{"width":512,"height":512,"url":"https:\/\/talkpal.ai\/wp-content\/uploads\/2023\/05\/serbia.png","type":"image\/png"}],"twitter_card":"summary_large_image","twitter_site":"@talkpalai","twitter_misc":{"Szacowany czas czytania":"3 minuty"},"schema":{"@context":"https:\/\/schema.org","@graph":[{"@type":"WebPage","@id":"https:\/\/talkpal.ai\/pl\/gramatyka-serbska\/","url":"https:\/\/talkpal.ai\/pl\/gramatyka-serbska\/","name":"Gramatyka serbska - Talkpal","isPartOf":{"@id":"https:\/\/talkpal.ai\/pl\/#website"},"primaryImageOfPage":{"@id":"https:\/\/talkpal.ai\/pl\/gramatyka-serbska\/#primaryimage"},"image":{"@id":"https:\/\/talkpal.ai\/pl\/gramatyka-serbska\/#primaryimage"},"thumbnailUrl":"https:\/\/talkpal.ai\/wp-content\/uploads\/2023\/05\/serbia.png","datePublished":"2023-05-14T14:19:26+00:00","dateModified":"2025-12-17T15:36:30+00:00","description":"Poznaj zawi\u0142o\u015bci gramatyki j\u0119zyka serbskiego i odkryj unikalne cechy, kt\u00f3re odr\u00f3\u017cniaj\u0105 go od innych j\u0119zyk\u00f3w ba\u0142ka\u0144skich.","breadcrumb":{"@id":"https:\/\/talkpal.ai\/pl\/gramatyka-serbska\/#breadcrumb"},"inLanguage":"pl-PL","potentialAction":[{"@type":"ReadAction","target":["https:\/\/talkpal.ai\/pl\/gramatyka-serbska\/"]}]},{"@type":"ImageObject","inLanguage":"pl-PL","@id":"https:\/\/talkpal.ai\/pl\/gramatyka-serbska\/#primaryimage","url":"https:\/\/talkpal.ai\/wp-content\/uploads\/2023\/05\/serbia.png","contentUrl":"https:\/\/talkpal.ai\/wp-content\/uploads\/2023\/05\/serbia.png","width":512,"height":512},{"@type":"BreadcrumbList","@id":"https:\/\/talkpal.ai\/pl\/gramatyka-serbska\/#breadcrumb","itemListElement":[{"@type":"ListItem","position":1,"name":"Homepage","item":"https:\/\/talkpal.ai\/pl\/"},{"@type":"ListItem","position":2,"name":"Gramatyka serbska"}]},{"@type":"WebSite","@id":"https:\/\/talkpal.ai\/pl\/#website","url":"https:\/\/talkpal.ai\/pl\/","name":"Talkpal","description":"AI Language Learning","publisher":{"@id":"https:\/\/talkpal.ai\/pl\/#organization"},"alternateName":"Talkpal AI","potentialAction":[{"@type":"SearchAction","target":{"@type":"EntryPoint","urlTemplate":"https:\/\/talkpal.ai\/pl\/?s={search_term_string}"},"query-input":{"@type":"PropertyValueSpecification","valueRequired":true,"valueName":"search_term_string"}}],"inLanguage":"pl-PL"},{"@type":"Organization","@id":"https:\/\/talkpal.ai\/pl\/#organization","name":"Talkpal, Inc.","alternateName":"Talkpal AI","url":"https:\/\/talkpal.ai\/pl\/","logo":{"@type":"ImageObject","inLanguage":"pl-PL","@id":"https:\/\/talkpal.ai\/pl\/#\/schema\/logo\/image\/","url":"https:\/\/talkpal.ai\/wp-content\/uploads\/2024\/03\/Talkpal-Logo-Icon.png","contentUrl":"https:\/\/talkpal.ai\/wp-content\/uploads\/2024\/03\/Talkpal-Logo-Icon.png","width":2880,"height":2880,"caption":"Talkpal, Inc."},"image":{"@id":"https:\/\/talkpal.ai\/pl\/#\/schema\/logo\/image\/"},"sameAs":["https:\/\/www.facebook.com\/profile.php?id=100090733639311","https:\/\/x.com\/talkpalai","https:\/\/www.linkedin.com\/company\/talkpal\/","https:\/\/www.youtube.com\/@TalkPal\/","https:\/\/www.tiktok.com\/@talkpal","https:\/\/www.instagram.com\/talkpal_ai\/","https:\/\/www.crunchbase.com\/organization\/talkpal-9cde","https:\/\/www.g2.com\/products\/talkpal-for-business\/","https:\/\/www.trustpilot.com\/review\/talkpal.ai","https:\/\/www.capterra.com\/p\/10006800\/TalkPal\/"],"description":"Talkpal is a language learning web and mobile education app, powered by the latest AI technologies, that provides engaging experiences to its customers in many different languages to help them improve their language skills. Users can chat about unlimited amount of topics with the app and use other modes to practice their language learning.","email":"support@talkpal.ai","legalName":"Talkpal, Inc.","foundingDate":"2023-04-03","duns":"118989042","numberOfEmployees":{"@type":"QuantitativeValue","minValue":"11","maxValue":"50"},"publishingPrinciples":"https:\/\/talkpal.ai\/publishing-principles\/","actionableFeedbackPolicy":"https:\/\/talkpal.ai\/actionable-feedback-policy\/","correctionsPolicy":"https:\/\/talkpal.ai\/corrections-policy\/","ethicsPolicy":"https:\/\/talkpal.ai\/ethics-policy\/","diversityPolicy":"https:\/\/talkpal.ai\/diversity-policy\/","diversityStaffingReport":"https:\/\/talkpal.ai\/diversity-policy\/"}]}},"_links":{"self":[{"href":"https:\/\/talkpal.ai\/pl\/wp-json\/wp\/v2\/pages\/149737","targetHints":{"allow":["GET"]}}],"collection":[{"href":"https:\/\/talkpal.ai\/pl\/wp-json\/wp\/v2\/pages"}],"about":[{"href":"https:\/\/talkpal.ai\/pl\/wp-json\/wp\/v2\/types\/page"}],"author":[{"embeddable":true,"href":"https:\/\/talkpal.ai\/pl\/wp-json\/wp\/v2\/users\/1"}],"replies":[{"embeddable":true,"href":"https:\/\/talkpal.ai\/pl\/wp-json\/wp\/v2\/comments?post=149737"}],"version-history":[{"count":0,"href":"https:\/\/talkpal.ai\/pl\/wp-json\/wp\/v2\/pages\/149737\/revisions"}],"wp:featuredmedia":[{"embeddable":true,"href":"https:\/\/talkpal.ai\/pl\/wp-json\/wp\/v2\/media\/118057"}],"wp:attachment":[{"href":"https:\/\/talkpal.ai\/pl\/wp-json\/wp\/v2\/media?parent=149737"}],"curies":[{"name":"wp","href":"https:\/\/api.w.org\/{rel}","templated":true}]}}