{"id":149303,"date":"2023-05-14T14:19:07","date_gmt":"2023-05-14T14:19:07","guid":{"rendered":"http:\/\/talkpal.ai\/gramatyka-rumunska\/"},"modified":"2025-12-17T15:34:20","modified_gmt":"2025-12-17T15:34:20","slug":"gramatyka-rumunska","status":"publish","type":"page","link":"https:\/\/talkpal.ai\/pl\/gramatyka-rumunska\/","title":{"rendered":"Gramatyka rumu\u0144ska"},"content":{"rendered":"\r\n\r\n\r\n<section class=\"languageChallengeSection\">\r\n    <div class=\"languageInfoWrapper\">\r\n        \r\n        <h1>Gramatyka rumu\u0144ska<\/h1>\r\n        <p>Odkryj pi\u0119kno j\u0119zyka rumu\u0144skiego, poznaj\u0105c jego podstawowe zasady gramatyczne. Opanowanie rumu\u0144skiej gramatyki pomo\u017ce ci komunikowa\u0107 si\u0119 pewnie i nawi\u0105za\u0107 <a href=\"https:\/\/talkpal.ai\/contact\/\">kontakt<\/a> z bogat\u0105 kultur\u0105 i histori\u0105 Rumunii. Zacznij uczy\u0107 si\u0119 gramatyki rumu\u0144skiej ju\u017c dzi\u015b i zr\u00f3b pierwszy krok w kierunku p\u0142ynnego m\u00f3wienia!<\/p>\r\n\r\n                            <a class=\"getStartedHidden\" href=\"https:\/\/app.talkpal.ai\/pl\/signup?lng=\">Zaczynaj<\/a>\r\n        \r\n    <\/div>\r\n\r\n    <figure>\r\n    <img decoding=\"async\" width=\"768\" height=\"768\" src=\"https:\/\/talkpal.ai\/wp-content\/uploads\/2023\/06\/romanian-768x768.png\" class=\"languageImage no-lazy\" alt=\"Language learning for intellectual challenge\" fetchpriority=\"high\" sizes=\"(max-width: 768px) 150px, 768px\" srcset=\"https:\/\/talkpal.ai\/wp-content\/uploads\/2023\/06\/romanian-768x768.png 768w, https:\/\/talkpal.ai\/wp-content\/uploads\/2023\/06\/romanian-300x300.png 300w\" \/>\r\n    \r\n\r\n    <\/figure>\r\n\r\n            <a class=\"getStartedVisible\" href=\"https:\/\/app.talkpal.ai\/pl\/signup?lng=\">Zaczynaj<\/a>\r\n    \r\n<\/section>\r\n<section class=\"promotionalBanner\">\r\n    <p class=\"promotionalText\">Najbardziej efektywny spos\u00f3b nauki j\u0119zyka<\/p>\r\n    <a class=\"promotionalLink\" href=\"https:\/\/app.talkpal.ai\/pl\/signup?lng=\">Wypr\u00f3buj Talkpal za darmo<\/a>\r\n<\/section>\n<div class=\"wp-block-group pageContainerStyle\"><div class=\"wp-block-group__inner-container is-layout-constrained wp-block-group-is-layout-constrained\">\n<h2 class=\"wp-block-heading\" id=\"h-unraveling-the-mysteries-of-romanian-grammar\">Odkrywanie tajemnic gramatyki rumu\u0144skiej<\/h2>\n\n\n\n<p><a href=\"https:\/\/talkpal.ai\/learn-romanian\/\">Rumu\u0144ski<\/a>, jedyny j\u0119zyk roma\u0144ski u\u017cywany w Europie Wschodniej, oferuje wyj\u0105tkow\u0105 i interesuj\u0105c\u0105 podr\u00f3\u017c j\u0119zykow\u0105. \u0141\u0105cz\u0105c dziedzictwo kulturowe zar\u00f3wno \u015bwiata \u0142aci\u0144skiego, jak i s\u0142owia\u0144skiego, j\u0119zyk <a href=\"https:\/\/talkpal.ai\/learn-romanian\/\">rumu\u0144ski<\/a> ma fascynuj\u0105c\u0105 histori\u0119 i ekscytuj\u0105cy system gramatyczny do odkrycia. Niezale\u017cnie od tego, czy jeste\u015b entuzjast\u0105 poliglot\u0105, czy po prostu szukasz nowej przygody j\u0119zykowej, zapnij pasy i przygotuj si\u0119 na odkrywanie pi\u0119kna rumu\u0144skiej gramatyki!<\/p>\n\n\n\n<h3 class=\"wp-block-heading\" id=\"h-1-the-alphabet-a-familiar-friend-with-a-twist\">1. Alfabet: znajomy przyjaciel z niespodziank\u0105<\/h3>\n\n\n\n<p>Alfabet rumu\u0144ski oparty jest na alfabecie \u0142aci\u0144skim, sk\u0142adaj\u0105cym si\u0119 z 31 liter. Na szcz\u0119\u015bcie dla os\u00f3b m\u00f3wi\u0105cych po angielsku, jest on do\u015b\u0107 podobny do alfabetu angielskiego, z kilkoma dodatkowymi znakami reprezentuj\u0105cymi specyficzne rumu\u0144skie d\u017awi\u0119ki. Przy odrobinie praktyki opanowanie podstaw (takich jak pisownia imienia lub czytanie znak\u00f3w drogowych) b\u0119dzie dziecinnie proste!<\/p>\n\n\n\n<h3 class=\"wp-block-heading\" id=\"h-2-nouns-meet-cases-the-dynamic-duo\">2. Rzeczowniki spotykaj\u0105 si\u0119 z przypadkami: dynamiczny duet<\/h3>\n\n\n\n<p>Rzeczowniki rumu\u0144skie dziel\u0105 si\u0119 na trzy rodzaje (m\u0119ski, \u017ce\u0144ski i nijaki) i zmieniaj\u0105 form\u0119 w zale\u017cno\u015bci od przypadku gramatycznego (mianownik, dope\u0142niacz, celownik, celownik lub wo\u0142acz). Cho\u0107 na pocz\u0105tku mo\u017ce si\u0119 to wydawa\u0107 zniech\u0119caj\u0105ce, ten system daje rumu\u0144skiemu bogactwo, kt\u00f3re pozwala na niuanse i kreatywno\u015b\u0107 w komponowaniu zda\u0144, dzi\u0119ki czemu Twoja podr\u00f3\u017c j\u0119zykowa jest jeszcze bardziej satysfakcjonuj\u0105ca.<\/p>\n\n\n\n<h3 class=\"wp-block-heading\" id=\"h-3-verbs-conjugating-your-way-to-success\">3. Czasowniki: Odmienianie drogi do sukcesu<\/h3>\n\n\n\n<p>Rumu\u0144ska koniugacja czasownik\u00f3w, cho\u0107 nieco prostsza ni\u017c deklinacja rzeczownika, jest <a href=\"https:\/\/talkpal.ai\/talkpal-christmas-discount\/\">nadal<\/a> procesem wieloaspektowym. Czasowniki zmieniaj\u0105 form\u0119 w zale\u017cno\u015bci od czasu, nastroju, g\u0142osu oraz osoby i liczby podmiotu. Podobnie jak precyzyjnie dostrojony instrument, rumu\u0144skie czasowniki mog\u0105 przekazywa\u0107 szeroki zakres dzia\u0142a\u0144, emocji i intencji, pozwalaj\u0105c zar\u00f3wno na precyzyjn\u0105, jak i poetyck\u0105 ekspresj\u0119.<\/p>\n\n\n\n<h3 class=\"wp-block-heading\" id=\"h-4-flexible-word-order-shuffle-the-sentences\">4. Elastyczny szyk wyraz\u00f3w: tasuj zdania<\/h3>\n\n\n\n<p>J\u0119zyk rumu\u0144ski jest do\u015b\u0107 elastyczny, je\u015bli chodzi o szyk wyraz\u00f3w, co pozwala na uk\u0142adanie temat\u00f3w, czasownik\u00f3w i dope\u0142nie\u0144 na r\u00f3\u017cne sposoby bez uszczerbku dla znaczenia. Ta elastyczno\u015b\u0107 mo\u017ce zwi\u0119kszy\u0107 nacisk, stworzy\u0107 kontrasty lub po prostu sprawi\u0107, \u017ce mowa b\u0119dzie bardziej wci\u0105gaj\u0105ca. W miar\u0119 jak b\u0119dziesz coraz bardziej bieg\u0142y w j\u0119zyku rumu\u0144skim, b\u0119dziesz si\u0119 dobrze bawi\u0107 eksperymentuj\u0105c z r\u00f3\u017cnymi sposobami powiedzenia tego samego, znajduj\u0105c idealny ton w ka\u017cdej sytuacji.<\/p>\n\n\n\n<h3 class=\"wp-block-heading\" id=\"h-5-wading-deeper-language-through-culture\">5. Brodzenie g\u0142\u0119biej: j\u0119zyk poprzez kultur\u0119<\/h3>\n\n\n\n<p>Aby naprawd\u0119 doceni\u0107 rumu\u0144ski, musisz g\u0142\u0119biej zanurzy\u0107 si\u0119 w kulturze, historii i sposobie my\u015blenia, kt\u00f3re ukszta\u0142towa\u0142y ten j\u0119zyk. Nawi\u0105\u017c kontakt z native speakerami, poznaj literatur\u0119 rumu\u0144sk\u0105 i zanurz si\u0119 w lokalnych zwyczajach i tradycjach. W ten spos\u00f3b nie tylko poprawisz swoj\u0105 znajomo\u015b\u0107 j\u0119zyka, ale tak\u017ce odkryjesz wieloaspektowe pi\u0119kno rumu\u0144skiej kultury.<\/p>\n\n\n\n<h3 class=\"wp-block-heading\" id=\"h-in-conclusion-embrace-the-magic-of-romanian-grammar\">Podsumowuj\u0105c: Wykorzystaj magi\u0119 rumu\u0144skiej gramatyki<\/h3>\n\n\n\n<p>Rumu\u0144ska <a href=\"https:\/\/talkpal.ai\/grammar\/\">gramatyka<\/a> mo\u017ce pocz\u0105tkowo wydawa\u0107 si\u0119 zagadk\u0105, ale z czasem, cierpliwo\u015bci\u0105 i \u017cywym zainteresowaniem j\u0119zykiem, odkryjesz sekrety tego niezwyk\u0142ego j\u0119zykowego skarbu. Po co wi\u0119c czeka\u0107? Rozpocznij swoj\u0105 podr\u00f3\u017c z j\u0119zykiem rumu\u0144skim ju\u017c dzi\u015b i rozkoszuj si\u0119 pi\u0119knem jego gramatyki, kultury i urzekaj\u0105cego \u015bwiata, kt\u00f3ry przed Tob\u0105 otwiera.<\/p>\n<\/div><\/div>\n\r\n<section class=\"learnNavigationSection\">\r\n            \r\n        <a href=\"https:\/\/talkpal.ai\/pl\/naucz-sie-rumunskiego\/\">\r\n            <div class=\"learnNavigationWrapper\">\r\n                <div class=\"learnNavigationContent\">\r\n                    <img decoding=\"async\" src=\"https:\/\/talkpal.ai\/wp-content\/uploads\/2024\/08\/Romanian.jpg\" alt=\"Romanian Flag\">\r\n                    <div>\r\n                        <h4>O nauce rumu\u0144skiego<\/h4>\r\n                        <p>Dowiedz si\u0119 wszystkiego o gramatyce rumu\u0144skiej .<\/p>\r\n                    <\/div>\r\n                <\/div>\r\n            <\/div>\r\n        <\/a>\r\n\r\n        \r\n        <a href=\"https:\/\/talkpal.ai\/pl\/cwiczenia-gramatyczne-z-jezyka-rumunskiego\/\">\r\n            <div class=\"learnNavigationWrapper\">\r\n                <div class=\"learnNavigationContent\">\r\n                    <img decoding=\"async\" src=\"https:\/\/talkpal.ai\/wp-content\/uploads\/2024\/08\/Romanian.jpg\" alt=\"Romanian Flag\">\r\n                    <div>\r\n                        <h4>\u0106wiczenie gramatyki rumu\u0144skiej<\/h4>\r\n                        <p>\u0106wicz gramatyk\u0119 rumu\u0144sk\u0105 .<\/p>\r\n                    <\/div>\r\n                <\/div>\r\n            <\/div>\r\n        <\/a>\r\n\r\n        \r\n        <a href=\"https:\/\/talkpal.ai\/vocabulary_language\/romanian\/\">\r\n            <div class=\"learnNavigationWrapper\">\r\n                <div class=\"learnNavigationContent\">\r\n                    <img decoding=\"async\" src=\"https:\/\/talkpal.ai\/wp-content\/uploads\/2024\/08\/Romanian.jpg\" alt=\"Romanian Flag\">\r\n                    <div>\r\n                        <h4>S\u0142ownictwo rumu\u0144skie<\/h4>\r\n                        <p>Poszerz swoje rumu\u0144skie s\u0142ownictwo.<\/p>\r\n                    <\/div>\r\n                <\/div>\r\n            <\/div>\r\n        <\/a>\r\n\r\n            <\/section>","protected":false},"excerpt":{"rendered":"<p>Odkrywanie tajemnic gramatyki rumu\u0144skiej Rumu\u0144ski, jedyny j\u0119zyk roma\u0144ski u\u017cywany w Europie Wschodniej, oferuje wyj\u0105tkow\u0105 i interesuj\u0105c\u0105 podr\u00f3\u017c j\u0119zykow\u0105. \u0141\u0105cz\u0105c dziedzictwo kulturowe zar\u00f3wno \u015bwiata \u0142aci\u0144skiego, jak i s\u0142owia\u0144skiego, j\u0119zyk rumu\u0144ski ma fascynuj\u0105c\u0105 histori\u0119 i ekscytuj\u0105cy system gramatyczny do odkrycia. Niezale\u017cnie od tego, czy jeste\u015b entuzjast\u0105 poliglot\u0105, czy po prostu szukasz nowej przygody j\u0119zykowej, zapnij pasy i [&hellip;]<\/p>\n","protected":false},"author":1,"featured_media":117740,"parent":0,"menu_order":0,"comment_status":"closed","ping_status":"closed","template":"LearningContentPage.php","meta":{"_acf_changed":false,"footnotes":""},"class_list":["post-149303","page","type-page","status-publish","has-post-thumbnail","hentry"],"acf":[],"yoast_head":"<!-- This site is optimized with the Yoast SEO Premium plugin v27.2 (Yoast SEO v27.2) - https:\/\/yoast.com\/product\/yoast-seo-premium-wordpress\/ -->\n<title>Gramatyka rumu\u0144ska - Talkpal<\/title>\n<meta name=\"description\" content=\"Poznaj fascynuj\u0105cy \u015bwiat rumu\u0144skiej gramatyki i odkryj unikalne cechy tego pi\u0119knego j\u0119zyka roma\u0144skiego.\" \/>\n<meta name=\"robots\" content=\"index, follow, max-snippet:-1, max-image-preview:large, max-video-preview:-1\" \/>\n<link rel=\"canonical\" href=\"https:\/\/talkpal.ai\/pl\/gramatyka-rumunska\/\" \/>\n<meta property=\"og:locale\" content=\"pl_PL\" \/>\n<meta property=\"og:type\" content=\"article\" \/>\n<meta property=\"og:title\" content=\"Gramatyka rumu\u0144ska\" \/>\n<meta property=\"og:description\" content=\"Odkrywanie tajemnic gramatyki rumu\u0144skiej Rumu\u0144ski, jedyny j\u0119zyk roma\u0144ski u\u017cywany w Europie Wschodniej, oferuje wyj\u0105tkow\u0105 i interesuj\u0105c\u0105 podr\u00f3\u017c j\u0119zykow\u0105.\" \/>\n<meta property=\"og:url\" content=\"https:\/\/talkpal.ai\/pl\/gramatyka-rumunska\/\" \/>\n<meta property=\"og:site_name\" content=\"Talkpal\" \/>\n<meta property=\"article:publisher\" content=\"https:\/\/www.facebook.com\/profile.php?id=100090733639311\" \/>\n<meta property=\"article:modified_time\" content=\"2025-12-17T15:34:20+00:00\" \/>\n<meta property=\"og:image\" content=\"https:\/\/talkpal.ai\/wp-content\/uploads\/2023\/05\/romania.png\" \/>\n\t<meta property=\"og:image:width\" content=\"512\" \/>\n\t<meta property=\"og:image:height\" content=\"512\" \/>\n\t<meta property=\"og:image:type\" content=\"image\/png\" \/>\n<meta name=\"twitter:card\" content=\"summary_large_image\" \/>\n<meta name=\"twitter:site\" content=\"@talkpalai\" \/>\n<meta name=\"twitter:label1\" content=\"Szacowany czas czytania\" \/>\n\t<meta name=\"twitter:data1\" content=\"3 minuty\" \/>\n<script type=\"application\/ld+json\" class=\"yoast-schema-graph\">{\"@context\":\"https:\/\/schema.org\",\"@graph\":[{\"@type\":\"WebPage\",\"@id\":\"https:\/\/talkpal.ai\/pl\/gramatyka-rumunska\/\",\"url\":\"https:\/\/talkpal.ai\/pl\/gramatyka-rumunska\/\",\"name\":\"Gramatyka rumu\u0144ska - Talkpal\",\"isPartOf\":{\"@id\":\"https:\/\/talkpal.ai\/pl\/#website\"},\"primaryImageOfPage\":{\"@id\":\"https:\/\/talkpal.ai\/pl\/gramatyka-rumunska\/#primaryimage\"},\"image\":{\"@id\":\"https:\/\/talkpal.ai\/pl\/gramatyka-rumunska\/#primaryimage\"},\"thumbnailUrl\":\"https:\/\/talkpal.ai\/wp-content\/uploads\/2023\/05\/romania.png\",\"datePublished\":\"2023-05-14T14:19:07+00:00\",\"dateModified\":\"2025-12-17T15:34:20+00:00\",\"description\":\"Poznaj fascynuj\u0105cy \u015bwiat rumu\u0144skiej gramatyki i odkryj unikalne cechy tego pi\u0119knego j\u0119zyka roma\u0144skiego.\",\"breadcrumb\":{\"@id\":\"https:\/\/talkpal.ai\/pl\/gramatyka-rumunska\/#breadcrumb\"},\"inLanguage\":\"pl-PL\",\"potentialAction\":[{\"@type\":\"ReadAction\",\"target\":[\"https:\/\/talkpal.ai\/pl\/gramatyka-rumunska\/\"]}]},{\"@type\":\"ImageObject\",\"inLanguage\":\"pl-PL\",\"@id\":\"https:\/\/talkpal.ai\/pl\/gramatyka-rumunska\/#primaryimage\",\"url\":\"https:\/\/talkpal.ai\/wp-content\/uploads\/2023\/05\/romania.png\",\"contentUrl\":\"https:\/\/talkpal.ai\/wp-content\/uploads\/2023\/05\/romania.png\",\"width\":512,\"height\":512},{\"@type\":\"BreadcrumbList\",\"@id\":\"https:\/\/talkpal.ai\/pl\/gramatyka-rumunska\/#breadcrumb\",\"itemListElement\":[{\"@type\":\"ListItem\",\"position\":1,\"name\":\"Homepage\",\"item\":\"https:\/\/talkpal.ai\/pl\/\"},{\"@type\":\"ListItem\",\"position\":2,\"name\":\"Gramatyka rumu\u0144ska\"}]},{\"@type\":\"WebSite\",\"@id\":\"https:\/\/talkpal.ai\/pl\/#website\",\"url\":\"https:\/\/talkpal.ai\/pl\/\",\"name\":\"Talkpal\",\"description\":\"AI Language Learning\",\"publisher\":{\"@id\":\"https:\/\/talkpal.ai\/pl\/#organization\"},\"alternateName\":\"Talkpal AI\",\"potentialAction\":[{\"@type\":\"SearchAction\",\"target\":{\"@type\":\"EntryPoint\",\"urlTemplate\":\"https:\/\/talkpal.ai\/pl\/?s={search_term_string}\"},\"query-input\":{\"@type\":\"PropertyValueSpecification\",\"valueRequired\":true,\"valueName\":\"search_term_string\"}}],\"inLanguage\":\"pl-PL\"},{\"@type\":\"Organization\",\"@id\":\"https:\/\/talkpal.ai\/pl\/#organization\",\"name\":\"Talkpal, Inc.\",\"alternateName\":\"Talkpal AI\",\"url\":\"https:\/\/talkpal.ai\/pl\/\",\"logo\":{\"@type\":\"ImageObject\",\"inLanguage\":\"pl-PL\",\"@id\":\"https:\/\/talkpal.ai\/pl\/#\/schema\/logo\/image\/\",\"url\":\"https:\/\/talkpal.ai\/wp-content\/uploads\/2024\/03\/Talkpal-Logo-Icon.png\",\"contentUrl\":\"https:\/\/talkpal.ai\/wp-content\/uploads\/2024\/03\/Talkpal-Logo-Icon.png\",\"width\":2880,\"height\":2880,\"caption\":\"Talkpal, Inc.\"},\"image\":{\"@id\":\"https:\/\/talkpal.ai\/pl\/#\/schema\/logo\/image\/\"},\"sameAs\":[\"https:\/\/www.facebook.com\/profile.php?id=100090733639311\",\"https:\/\/x.com\/talkpalai\",\"https:\/\/www.linkedin.com\/company\/talkpal\/\",\"https:\/\/www.youtube.com\/@TalkPal\/\",\"https:\/\/www.tiktok.com\/@talkpal\",\"https:\/\/www.instagram.com\/talkpal_ai\/\",\"https:\/\/www.crunchbase.com\/organization\/talkpal-9cde\",\"https:\/\/www.g2.com\/products\/talkpal-for-business\/\",\"https:\/\/www.trustpilot.com\/review\/talkpal.ai\",\"https:\/\/www.capterra.com\/p\/10006800\/TalkPal\/\"],\"description\":\"Talkpal is a language learning web and mobile education app, powered by the latest AI technologies, that provides engaging experiences to its customers in many different languages to help them improve their language skills. Users can chat about unlimited amount of topics with the app and use other modes to practice their language learning.\",\"email\":\"support@talkpal.ai\",\"legalName\":\"Talkpal, Inc.\",\"foundingDate\":\"2023-04-03\",\"duns\":\"118989042\",\"numberOfEmployees\":{\"@type\":\"QuantitativeValue\",\"minValue\":\"11\",\"maxValue\":\"50\"},\"publishingPrinciples\":\"https:\/\/talkpal.ai\/publishing-principles\/\",\"actionableFeedbackPolicy\":\"https:\/\/talkpal.ai\/actionable-feedback-policy\/\",\"correctionsPolicy\":\"https:\/\/talkpal.ai\/corrections-policy\/\",\"ethicsPolicy\":\"https:\/\/talkpal.ai\/ethics-policy\/\",\"diversityPolicy\":\"https:\/\/talkpal.ai\/diversity-policy\/\",\"diversityStaffingReport\":\"https:\/\/talkpal.ai\/diversity-policy\/\"}]}<\/script>\n<!-- \/ Yoast SEO Premium plugin. -->","yoast_head_json":{"title":"Gramatyka rumu\u0144ska - Talkpal","description":"Poznaj fascynuj\u0105cy \u015bwiat rumu\u0144skiej gramatyki i odkryj unikalne cechy tego pi\u0119knego j\u0119zyka roma\u0144skiego.","robots":{"index":"index","follow":"follow","max-snippet":"max-snippet:-1","max-image-preview":"max-image-preview:large","max-video-preview":"max-video-preview:-1"},"canonical":"https:\/\/talkpal.ai\/pl\/gramatyka-rumunska\/","og_locale":"pl_PL","og_type":"article","og_title":"Gramatyka rumu\u0144ska","og_description":"Odkrywanie tajemnic gramatyki rumu\u0144skiej Rumu\u0144ski, jedyny j\u0119zyk roma\u0144ski u\u017cywany w Europie Wschodniej, oferuje wyj\u0105tkow\u0105 i interesuj\u0105c\u0105 podr\u00f3\u017c j\u0119zykow\u0105.","og_url":"https:\/\/talkpal.ai\/pl\/gramatyka-rumunska\/","og_site_name":"Talkpal","article_publisher":"https:\/\/www.facebook.com\/profile.php?id=100090733639311","article_modified_time":"2025-12-17T15:34:20+00:00","og_image":[{"width":512,"height":512,"url":"https:\/\/talkpal.ai\/wp-content\/uploads\/2023\/05\/romania.png","type":"image\/png"}],"twitter_card":"summary_large_image","twitter_site":"@talkpalai","twitter_misc":{"Szacowany czas czytania":"3 minuty"},"schema":{"@context":"https:\/\/schema.org","@graph":[{"@type":"WebPage","@id":"https:\/\/talkpal.ai\/pl\/gramatyka-rumunska\/","url":"https:\/\/talkpal.ai\/pl\/gramatyka-rumunska\/","name":"Gramatyka rumu\u0144ska - Talkpal","isPartOf":{"@id":"https:\/\/talkpal.ai\/pl\/#website"},"primaryImageOfPage":{"@id":"https:\/\/talkpal.ai\/pl\/gramatyka-rumunska\/#primaryimage"},"image":{"@id":"https:\/\/talkpal.ai\/pl\/gramatyka-rumunska\/#primaryimage"},"thumbnailUrl":"https:\/\/talkpal.ai\/wp-content\/uploads\/2023\/05\/romania.png","datePublished":"2023-05-14T14:19:07+00:00","dateModified":"2025-12-17T15:34:20+00:00","description":"Poznaj fascynuj\u0105cy \u015bwiat rumu\u0144skiej gramatyki i odkryj unikalne cechy tego pi\u0119knego j\u0119zyka roma\u0144skiego.","breadcrumb":{"@id":"https:\/\/talkpal.ai\/pl\/gramatyka-rumunska\/#breadcrumb"},"inLanguage":"pl-PL","potentialAction":[{"@type":"ReadAction","target":["https:\/\/talkpal.ai\/pl\/gramatyka-rumunska\/"]}]},{"@type":"ImageObject","inLanguage":"pl-PL","@id":"https:\/\/talkpal.ai\/pl\/gramatyka-rumunska\/#primaryimage","url":"https:\/\/talkpal.ai\/wp-content\/uploads\/2023\/05\/romania.png","contentUrl":"https:\/\/talkpal.ai\/wp-content\/uploads\/2023\/05\/romania.png","width":512,"height":512},{"@type":"BreadcrumbList","@id":"https:\/\/talkpal.ai\/pl\/gramatyka-rumunska\/#breadcrumb","itemListElement":[{"@type":"ListItem","position":1,"name":"Homepage","item":"https:\/\/talkpal.ai\/pl\/"},{"@type":"ListItem","position":2,"name":"Gramatyka rumu\u0144ska"}]},{"@type":"WebSite","@id":"https:\/\/talkpal.ai\/pl\/#website","url":"https:\/\/talkpal.ai\/pl\/","name":"Talkpal","description":"AI Language Learning","publisher":{"@id":"https:\/\/talkpal.ai\/pl\/#organization"},"alternateName":"Talkpal AI","potentialAction":[{"@type":"SearchAction","target":{"@type":"EntryPoint","urlTemplate":"https:\/\/talkpal.ai\/pl\/?s={search_term_string}"},"query-input":{"@type":"PropertyValueSpecification","valueRequired":true,"valueName":"search_term_string"}}],"inLanguage":"pl-PL"},{"@type":"Organization","@id":"https:\/\/talkpal.ai\/pl\/#organization","name":"Talkpal, Inc.","alternateName":"Talkpal AI","url":"https:\/\/talkpal.ai\/pl\/","logo":{"@type":"ImageObject","inLanguage":"pl-PL","@id":"https:\/\/talkpal.ai\/pl\/#\/schema\/logo\/image\/","url":"https:\/\/talkpal.ai\/wp-content\/uploads\/2024\/03\/Talkpal-Logo-Icon.png","contentUrl":"https:\/\/talkpal.ai\/wp-content\/uploads\/2024\/03\/Talkpal-Logo-Icon.png","width":2880,"height":2880,"caption":"Talkpal, Inc."},"image":{"@id":"https:\/\/talkpal.ai\/pl\/#\/schema\/logo\/image\/"},"sameAs":["https:\/\/www.facebook.com\/profile.php?id=100090733639311","https:\/\/x.com\/talkpalai","https:\/\/www.linkedin.com\/company\/talkpal\/","https:\/\/www.youtube.com\/@TalkPal\/","https:\/\/www.tiktok.com\/@talkpal","https:\/\/www.instagram.com\/talkpal_ai\/","https:\/\/www.crunchbase.com\/organization\/talkpal-9cde","https:\/\/www.g2.com\/products\/talkpal-for-business\/","https:\/\/www.trustpilot.com\/review\/talkpal.ai","https:\/\/www.capterra.com\/p\/10006800\/TalkPal\/"],"description":"Talkpal is a language learning web and mobile education app, powered by the latest AI technologies, that provides engaging experiences to its customers in many different languages to help them improve their language skills. Users can chat about unlimited amount of topics with the app and use other modes to practice their language learning.","email":"support@talkpal.ai","legalName":"Talkpal, Inc.","foundingDate":"2023-04-03","duns":"118989042","numberOfEmployees":{"@type":"QuantitativeValue","minValue":"11","maxValue":"50"},"publishingPrinciples":"https:\/\/talkpal.ai\/publishing-principles\/","actionableFeedbackPolicy":"https:\/\/talkpal.ai\/actionable-feedback-policy\/","correctionsPolicy":"https:\/\/talkpal.ai\/corrections-policy\/","ethicsPolicy":"https:\/\/talkpal.ai\/ethics-policy\/","diversityPolicy":"https:\/\/talkpal.ai\/diversity-policy\/","diversityStaffingReport":"https:\/\/talkpal.ai\/diversity-policy\/"}]}},"_links":{"self":[{"href":"https:\/\/talkpal.ai\/pl\/wp-json\/wp\/v2\/pages\/149303","targetHints":{"allow":["GET"]}}],"collection":[{"href":"https:\/\/talkpal.ai\/pl\/wp-json\/wp\/v2\/pages"}],"about":[{"href":"https:\/\/talkpal.ai\/pl\/wp-json\/wp\/v2\/types\/page"}],"author":[{"embeddable":true,"href":"https:\/\/talkpal.ai\/pl\/wp-json\/wp\/v2\/users\/1"}],"replies":[{"embeddable":true,"href":"https:\/\/talkpal.ai\/pl\/wp-json\/wp\/v2\/comments?post=149303"}],"version-history":[{"count":0,"href":"https:\/\/talkpal.ai\/pl\/wp-json\/wp\/v2\/pages\/149303\/revisions"}],"wp:featuredmedia":[{"embeddable":true,"href":"https:\/\/talkpal.ai\/pl\/wp-json\/wp\/v2\/media\/117740"}],"wp:attachment":[{"href":"https:\/\/talkpal.ai\/pl\/wp-json\/wp\/v2\/media?parent=149303"}],"curies":[{"name":"wp","href":"https:\/\/api.w.org\/{rel}","templated":true}]}}