{"id":148798,"date":"2023-05-14T14:18:22","date_gmt":"2023-05-14T14:18:22","guid":{"rendered":"http:\/\/talkpal.ai\/gramatyka-perska\/"},"modified":"2025-12-12T10:33:42","modified_gmt":"2025-12-12T10:33:42","slug":"gramatyka-perska","status":"publish","type":"page","link":"https:\/\/talkpal.ai\/pl\/gramatyka-perska\/","title":{"rendered":"Gramatyka perska"},"content":{"rendered":"\r\n\r\n\r\n<section class=\"languageChallengeSection\">\r\n    <div class=\"languageInfoWrapper\">\r\n        \r\n        <h1>Gramatyka perska<\/h1>\r\n        <p>Ciekawi Ci\u0119 j\u0119zyk perski? Poznaj gramatyk\u0119 j\u0119zyka perskiego, kt\u00f3ra s\u0142ynie z prostoty &#8211; brak rodzaj\u00f3w rzeczownik\u00f3w, proste koniugacje czasownik\u00f3w i elastyczna struktura zda\u0144 sprawiaj\u0105, \u017ce jest ona od\u015bwie\u017caj\u0105co przyst\u0119pna. Rozpocznij swoj\u0105 przygod\u0119 z perskim ju\u017c dzi\u015b &#8211; opanowanie gramatyki tego j\u0119zyka otworzy przed Tob\u0105 nowe mo\u017cliwo\u015bci komunikacji i pozwoli zanurzy\u0107 si\u0119 w bogatej poezji i kulturze Iranu i nie tylko!<\/p>\r\n\r\n                            <a class=\"getStartedHidden\" href=\"https:\/\/app.talkpal.ai\/pl\/signup?lng=\">Zaczynaj<\/a>\r\n        \r\n    <\/div>\r\n\r\n    <figure>\r\n    <img decoding=\"async\" width=\"768\" height=\"768\" src=\"https:\/\/talkpal.ai\/wp-content\/uploads\/2023\/06\/persian-768x768.png\" class=\"languageImage no-lazy\" alt=\"Language learning to comprehend global news\" fetchpriority=\"high\" sizes=\"(max-width: 768px) 150px, 768px\" srcset=\"https:\/\/talkpal.ai\/wp-content\/uploads\/2023\/06\/persian-768x768.png 768w, https:\/\/talkpal.ai\/wp-content\/uploads\/2023\/06\/persian-300x300.png 300w\" \/>\r\n    \r\n\r\n    <\/figure>\r\n\r\n            <a class=\"getStartedVisible\" href=\"https:\/\/app.talkpal.ai\/pl\/signup?lng=\">Zaczynaj<\/a>\r\n    \r\n<\/section>\r\n<section class=\"promotionalBanner\">\r\n    <p class=\"promotionalText\">Najbardziej efektywny spos\u00f3b nauki j\u0119zyka<\/p>\r\n    <a class=\"promotionalLink\" href=\"https:\/\/app.talkpal.ai\/pl\/signup?lng=\">Wypr\u00f3buj Talkpal za darmo<\/a>\r\n<\/section>\n<div class=\"wp-block-group pageContainerStyle\"><div class=\"wp-block-group__inner-container is-layout-constrained wp-block-group-is-layout-constrained\">\n<h2 class=\"wp-block-heading\" id=\"h-mastering-persian-grammar-your-ultimate-guide\">Opanowanie gramatyki perskiej: Tw\u00f3j ostateczny przewodnik<\/h2>\n\n\n\n<p>Salam, <a href=\"https:\/\/talkpal.ai\/talkpal-discount-for-language-enthusiasts\/\">entuzja\u015bci j\u0119zyk\u00f3w<\/a>! Czy jeste\u015b gotowy, aby wyruszy\u0107 w podr\u00f3\u017c do \u015bwiata gramatyki perskiej? Trafi\u0142e\u015b we w\u0142a\u015bciwe miejsce. Ten artyku\u0142, wype\u0142niony \u0142atwymi do zrozumienia informacjami i konwersacyjnym tonem, poprowadzi Ci\u0119 przez urzekaj\u0105c\u0105 dziedzin\u0119 gramatyki perskiej. Wkr\u00f3tce b\u0119dziesz w stanie konstruowa\u0107 zdania i anga\u017cowa\u0107 si\u0119 w znacz\u0105ce rozmowy z rodzimymi u\u017cytkownikami j\u0119zyka. Zacznijmy wi\u0119c odkrywa\u0107 sekrety perskiej gramatyki!<\/p>\n\n\n\n<p><strong>Ale najpierw, dlaczego gramatyka perska?<\/strong><\/p>\n\n\n\n<p>Je\u015bli uczysz si\u0119 j\u0119zyka perskiego, solidne podstawy gramatyki s\u0105 niezb\u0119dne do p\u0142ynnego m\u00f3wienia, czytania i pisania. Chocia\u017c <a href=\"https:\/\/talkpal.ai\/persian-grammar\/\">gramatyka perska<\/a> mo\u017ce pocz\u0105tkowo wydawa\u0107 si\u0119 skomplikowana, staje si\u0119 bardziej przyst\u0119pna, gdy podzielisz j\u0105 na mniejsze, \u0142atwiejsze do opanowania segmenty. Zacznijmy wi\u0119c swoj\u0105 podr\u00f3\u017c do opanowania gramatyki perskiej!<\/p>\n\n\n\n<h3 class=\"wp-block-heading\" id=\"h-1-nouns-gender-and-number\">1. Rzeczowniki, rodzaj i liczba<\/h3>\n\n\n\n<p>W j\u0119zyku perskim rzeczowniki nie maj\u0105 p\u0142ci, co czyni go prostszym ni\u017c wiele innych j\u0119zyk\u00f3w. Liczba pojedyncza rzeczownik\u00f3w pozostaje taka <a href=\"https:\/\/talkpal.ai\/locations\/language-courses-in-sama\/\">sama<\/a>, podczas gdy liczba mnoga zazwyczaj ko\u0144czy si\u0119 na &#8222;-\u0647\u0627&#8221; lub &#8222;-\u0627\u0646&#8221;. Na przyk\u0142ad:<\/p>\n\n\n\n<p>&#8211; \u06a9\u062a\u0627\u0628 (ket\u0101b &#8211; ksi\u0105\u017cka)<\/p>\n\n\n\n<p>&#8211; \u06a9\u062a\u0627\u0628\u0647\u0627 (ket\u0101b-h\u0101 &#8211; ksi\u0105\u017cki)<\/p>\n\n\n\n<h3 class=\"wp-block-heading\" id=\"h-2-adjectives-agreement-and-definite-articles\">2. Przymiotniki, zgoda i rodzajniki okre\u015blone<\/h3>\n\n\n\n<p>Przymiotniki w j\u0119zyku perskim zazwyczaj nast\u0119puj\u0105 po rzeczowniku, kt\u00f3ry modyfikuj\u0105 i nie musz\u0105 zgadza\u0107 si\u0119 co do rodzaju lub liczby. Na przyk\u0142ad:<\/p>\n\n\n\n<p><strong>&#8211; \u062e\u0627\u0646\u0647 \u0628\u0632\u0631\u06af (kh\u0101ne bozorg &#8211; du\u017cy dom)<\/strong><\/p>\n\n\n\n<p><strong>&#8211; \u0645\u0646\u0632\u0644 \u06a9\u0648\u0686\u06a9 (manzel kuchak &#8211; ma\u0142y dom)<\/strong><\/p>\n\n\n\n<p>W j\u0119zyku perskim nie ma przedimka okre\u015blonego, ale przedimek nieokre\u015blony jest dodawany jako sufiks &#8222;-\u06cc&#8221; (i) dla s\u0142\u00f3w w liczbie pojedynczej.<\/p>\n\n\n\n<h3 class=\"wp-block-heading\" id=\"h-3-verbs-tense-and-conjugation\">3. Czasowniki, czasy i koniugacja<\/h3>\n\n\n\n<p>Perskie czasowniki odgrywaj\u0105 kluczow\u0105 rol\u0119 w gramatyce i s\u0105 niezb\u0119dne do konstruowania zda\u0144. Ka\u017cdy czasownik ma rdze\u0144, kt\u00f3ry \u0142\u0105czy si\u0119 z r\u00f3\u017cnymi przedrostkami i przyrostkami, aby wskaza\u0107 czas i zgodno\u015b\u0107 z podmiotem.<\/p>\n\n\n\n<p>Aby da\u0107 ci kr\u00f3tki przegl\u0105d, om\u00f3wmy czasowniki regularne w czasie tera\u017aniejszym:<\/p>\n\n\n\n<p><strong>&#8211; \u0645\u0646 \u0645\u06cc\u062e\u0648\u0627\u0646\u0645 (man mikh\u0101nam &#8211; czytam)<\/strong><\/p>\n\n\n\n<p><strong>&#8211; \u062a\u0648 \u0645\u06cc\u062e\u0648\u0627\u0646\u06cc (to mikh\u0101ni &#8211; czytasz, nieformalne)<\/strong><\/p>\n\n\n\n<p><strong>&#8211; \u0627\u0648 \u0645\u06cc\u062e\u0648\u0627\u0646\u062f (u mikh\u0101nad &#8211; on\/ona czyta)<\/strong><\/p>\n\n\n\n<p>Pami\u0119taj, \u017ce to dopiero pocz\u0105tek! Napotkasz r\u00f3\u017cne inne czasy, czasowniki nieregularne i zawi\u0142o\u015bci, zag\u0142\u0119biaj\u0105c si\u0119 w gramatyk\u0119 persk\u0105.<\/p>\n\n\n\n<h3 class=\"wp-block-heading\" id=\"h-4-pronouns-prepositions-and-more\">4. Zaimki, przyimki i nie tylko!<\/h3>\n\n\n\n<p><a href=\"https:\/\/talkpal.ai\/grammar\/\">Gramatyka<\/a> perska obejmuje inne elementy, takie jak zaimki (\u0645\u0646, \u062a\u0648, \u0627\u0648 itp.), przyimki (\u0628\u0647, \u0627\u0632, \u062f\u0631 itp.) oraz wyra\u017cenia idiomatyczne. Opanowanie ka\u017cdego elementu krok po kroku jest kluczem do osi\u0105gni\u0119cia pe\u0142nej p\u0142ynno\u015bci w j\u0119zyku perskim.<\/p>\n\n\n\n<p>Podsumowuj\u0105c, nie ma drogi na skr\u00f3ty do opanowania gramatyki perskiej. Wymaga wytrwa\u0142o\u015bci, praktyki i cierpliwo\u015bci. Jednak\u017ce, gdy ju\u017c zrozumiesz jego zawi\u0142o\u015bci, b\u0119dziesz dobrze przygotowany, aby doceni\u0107 niuanse konwersacji w j\u0119zyku perskim, odkrywania bogatej kultury i historii region\u00f3w perskoj\u0119zycznych oraz pog\u0142\u0119biania swojej mi\u0142o\u015bci do tego j\u0119zyka. \u0645\u0648\u0641\u0642 \u0628\u0627\u0634\u06cc\u062f (movaffagh b\u0101shid &#8211; <a href=\"https:\/\/talkpal.ai\/culture\/how-do-you-say-good-luck-in-polish\/\">powodzenia<\/a>)!<\/p>\n<\/div><\/div>\n\r\n<section class=\"learnNavigationSection\">\r\n            \r\n        <a href=\"https:\/\/talkpal.ai\/pl\/naucz-sie-perskiego\/\">\r\n            <div class=\"learnNavigationWrapper\">\r\n                <div class=\"learnNavigationContent\">\r\n                    <img decoding=\"async\" src=\"https:\/\/talkpal.ai\/wp-content\/uploads\/2024\/08\/Persian.jpg\" alt=\"Persian Flag\">\r\n                    <div>\r\n                        <h4>O Persian Learning<\/h4>\r\n                        <p>Dowiedz si\u0119 wszystkiego o gramatyce perskiej .<\/p>\r\n                    <\/div>\r\n                <\/div>\r\n            <\/div>\r\n        <\/a>\r\n\r\n        \r\n        <a href=\"https:\/\/talkpal.ai\/pl\/cwiczenia-gramatyczne-z-jezyka-perskiego\/\">\r\n            <div class=\"learnNavigationWrapper\">\r\n                <div class=\"learnNavigationContent\">\r\n                    <img decoding=\"async\" src=\"https:\/\/talkpal.ai\/wp-content\/uploads\/2024\/08\/Persian.jpg\" alt=\"Persian Flag\">\r\n                    <div>\r\n                        <h4>\u0106wiczenie z gramatyki j\u0119zyka perskiego<\/h4>\r\n                        <p>\u0106wicz gramatyk\u0119 persk\u0105 .<\/p>\r\n                    <\/div>\r\n                <\/div>\r\n            <\/div>\r\n        <\/a>\r\n\r\n        \r\n        <a href=\"https:\/\/talkpal.ai\/vocabulary_language\/persian\/\">\r\n            <div class=\"learnNavigationWrapper\">\r\n                <div class=\"learnNavigationContent\">\r\n                    <img decoding=\"async\" src=\"https:\/\/talkpal.ai\/wp-content\/uploads\/2024\/08\/Persian.jpg\" alt=\"Persian Flag\">\r\n                    <div>\r\n                        <h4>S\u0142ownictwo perskie<\/h4>\r\n                        <p>Poszerz swoje perskie s\u0142ownictwo.<\/p>\r\n                    <\/div>\r\n                <\/div>\r\n            <\/div>\r\n        <\/a>\r\n\r\n            <\/section>","protected":false},"excerpt":{"rendered":"<p>Opanowanie gramatyki perskiej: Tw\u00f3j ostateczny przewodnik Salam, entuzja\u015bci j\u0119zyk\u00f3w! Czy jeste\u015b gotowy, aby wyruszy\u0107 w podr\u00f3\u017c do \u015bwiata gramatyki perskiej? Trafi\u0142e\u015b we w\u0142a\u015bciwe miejsce. Ten artyku\u0142, wype\u0142niony \u0142atwymi do zrozumienia informacjami i konwersacyjnym tonem, poprowadzi Ci\u0119 przez urzekaj\u0105c\u0105 dziedzin\u0119 gramatyki perskiej. Wkr\u00f3tce b\u0119dziesz w stanie konstruowa\u0107 zdania i anga\u017cowa\u0107 si\u0119 w znacz\u0105ce rozmowy z rodzimymi [&hellip;]<\/p>\n","protected":false},"author":1,"featured_media":117140,"parent":0,"menu_order":0,"comment_status":"closed","ping_status":"closed","template":"LearningContentPage.php","meta":{"_acf_changed":false,"footnotes":""},"class_list":["post-148798","page","type-page","status-publish","has-post-thumbnail","hentry"],"acf":[],"yoast_head":"<!-- This site is optimized with the Yoast SEO Premium plugin v27.2 (Yoast SEO v27.2) - https:\/\/yoast.com\/product\/yoast-seo-premium-wordpress\/ -->\n<title>Gramatyka perska - Talkpal<\/title>\n<meta name=\"description\" content=\"Poznaj zawi\u0142o\u015bci gramatyki perskiej, aby lepiej zrozumie\u0107 i p\u0142ynnie pos\u0142ugiwa\u0107 si\u0119 j\u0119zykiem perskim.\" \/>\n<meta name=\"robots\" content=\"index, follow, max-snippet:-1, max-image-preview:large, max-video-preview:-1\" \/>\n<link rel=\"canonical\" href=\"https:\/\/talkpal.ai\/pl\/gramatyka-perska\/\" \/>\n<meta property=\"og:locale\" content=\"pl_PL\" \/>\n<meta property=\"og:type\" content=\"article\" \/>\n<meta property=\"og:title\" content=\"Gramatyka perska\" \/>\n<meta property=\"og:description\" content=\"Opanowanie gramatyki perskiej: Tw\u00f3j ostateczny przewodnik Salam, entuzja\u015bci j\u0119zyk\u00f3w! Czy jeste\u015b gotowy, aby wyruszy\u0107 w podr\u00f3\u017c do \u015bwiata gramatyki\" \/>\n<meta property=\"og:url\" content=\"https:\/\/talkpal.ai\/pl\/gramatyka-perska\/\" \/>\n<meta property=\"og:site_name\" content=\"Talkpal\" \/>\n<meta property=\"article:publisher\" content=\"https:\/\/www.facebook.com\/profile.php?id=100090733639311\" \/>\n<meta property=\"article:modified_time\" content=\"2025-12-12T10:33:42+00:00\" \/>\n<meta property=\"og:image\" content=\"https:\/\/talkpal.ai\/wp-content\/uploads\/2023\/05\/Persian-iran.png\" \/>\n\t<meta property=\"og:image:width\" content=\"512\" \/>\n\t<meta property=\"og:image:height\" content=\"512\" \/>\n\t<meta property=\"og:image:type\" content=\"image\/png\" \/>\n<meta name=\"twitter:card\" content=\"summary_large_image\" \/>\n<meta name=\"twitter:site\" content=\"@talkpalai\" \/>\n<meta name=\"twitter:label1\" content=\"Szacowany czas czytania\" \/>\n\t<meta name=\"twitter:data1\" content=\"2 minuty\" \/>\n<script type=\"application\/ld+json\" class=\"yoast-schema-graph\">{\"@context\":\"https:\/\/schema.org\",\"@graph\":[{\"@type\":\"WebPage\",\"@id\":\"https:\/\/talkpal.ai\/pl\/gramatyka-perska\/\",\"url\":\"https:\/\/talkpal.ai\/pl\/gramatyka-perska\/\",\"name\":\"Gramatyka perska - Talkpal\",\"isPartOf\":{\"@id\":\"https:\/\/talkpal.ai\/pl\/#website\"},\"primaryImageOfPage\":{\"@id\":\"https:\/\/talkpal.ai\/pl\/gramatyka-perska\/#primaryimage\"},\"image\":{\"@id\":\"https:\/\/talkpal.ai\/pl\/gramatyka-perska\/#primaryimage\"},\"thumbnailUrl\":\"https:\/\/talkpal.ai\/wp-content\/uploads\/2023\/05\/Persian-iran.png\",\"datePublished\":\"2023-05-14T14:18:22+00:00\",\"dateModified\":\"2025-12-12T10:33:42+00:00\",\"description\":\"Poznaj zawi\u0142o\u015bci gramatyki perskiej, aby lepiej zrozumie\u0107 i p\u0142ynnie pos\u0142ugiwa\u0107 si\u0119 j\u0119zykiem perskim.\",\"breadcrumb\":{\"@id\":\"https:\/\/talkpal.ai\/pl\/gramatyka-perska\/#breadcrumb\"},\"inLanguage\":\"pl-PL\",\"potentialAction\":[{\"@type\":\"ReadAction\",\"target\":[\"https:\/\/talkpal.ai\/pl\/gramatyka-perska\/\"]}]},{\"@type\":\"ImageObject\",\"inLanguage\":\"pl-PL\",\"@id\":\"https:\/\/talkpal.ai\/pl\/gramatyka-perska\/#primaryimage\",\"url\":\"https:\/\/talkpal.ai\/wp-content\/uploads\/2023\/05\/Persian-iran.png\",\"contentUrl\":\"https:\/\/talkpal.ai\/wp-content\/uploads\/2023\/05\/Persian-iran.png\",\"width\":512,\"height\":512},{\"@type\":\"BreadcrumbList\",\"@id\":\"https:\/\/talkpal.ai\/pl\/gramatyka-perska\/#breadcrumb\",\"itemListElement\":[{\"@type\":\"ListItem\",\"position\":1,\"name\":\"Homepage\",\"item\":\"https:\/\/talkpal.ai\/pl\/\"},{\"@type\":\"ListItem\",\"position\":2,\"name\":\"Gramatyka perska\"}]},{\"@type\":\"WebSite\",\"@id\":\"https:\/\/talkpal.ai\/pl\/#website\",\"url\":\"https:\/\/talkpal.ai\/pl\/\",\"name\":\"Talkpal\",\"description\":\"AI Language Learning\",\"publisher\":{\"@id\":\"https:\/\/talkpal.ai\/pl\/#organization\"},\"alternateName\":\"Talkpal AI\",\"potentialAction\":[{\"@type\":\"SearchAction\",\"target\":{\"@type\":\"EntryPoint\",\"urlTemplate\":\"https:\/\/talkpal.ai\/pl\/?s={search_term_string}\"},\"query-input\":{\"@type\":\"PropertyValueSpecification\",\"valueRequired\":true,\"valueName\":\"search_term_string\"}}],\"inLanguage\":\"pl-PL\"},{\"@type\":\"Organization\",\"@id\":\"https:\/\/talkpal.ai\/pl\/#organization\",\"name\":\"Talkpal, Inc.\",\"alternateName\":\"Talkpal AI\",\"url\":\"https:\/\/talkpal.ai\/pl\/\",\"logo\":{\"@type\":\"ImageObject\",\"inLanguage\":\"pl-PL\",\"@id\":\"https:\/\/talkpal.ai\/pl\/#\/schema\/logo\/image\/\",\"url\":\"https:\/\/talkpal.ai\/wp-content\/uploads\/2024\/03\/Talkpal-Logo-Icon.png\",\"contentUrl\":\"https:\/\/talkpal.ai\/wp-content\/uploads\/2024\/03\/Talkpal-Logo-Icon.png\",\"width\":2880,\"height\":2880,\"caption\":\"Talkpal, Inc.\"},\"image\":{\"@id\":\"https:\/\/talkpal.ai\/pl\/#\/schema\/logo\/image\/\"},\"sameAs\":[\"https:\/\/www.facebook.com\/profile.php?id=100090733639311\",\"https:\/\/x.com\/talkpalai\",\"https:\/\/www.linkedin.com\/company\/talkpal\/\",\"https:\/\/www.youtube.com\/@TalkPal\/\",\"https:\/\/www.tiktok.com\/@talkpal\",\"https:\/\/www.instagram.com\/talkpal_ai\/\",\"https:\/\/www.crunchbase.com\/organization\/talkpal-9cde\",\"https:\/\/www.g2.com\/products\/talkpal-for-business\/\",\"https:\/\/www.trustpilot.com\/review\/talkpal.ai\",\"https:\/\/www.capterra.com\/p\/10006800\/TalkPal\/\"],\"description\":\"Talkpal is a language learning web and mobile education app, powered by the latest AI technologies, that provides engaging experiences to its customers in many different languages to help them improve their language skills. Users can chat about unlimited amount of topics with the app and use other modes to practice their language learning.\",\"email\":\"support@talkpal.ai\",\"legalName\":\"Talkpal, Inc.\",\"foundingDate\":\"2023-04-03\",\"duns\":\"118989042\",\"numberOfEmployees\":{\"@type\":\"QuantitativeValue\",\"minValue\":\"11\",\"maxValue\":\"50\"},\"publishingPrinciples\":\"https:\/\/talkpal.ai\/publishing-principles\/\",\"actionableFeedbackPolicy\":\"https:\/\/talkpal.ai\/actionable-feedback-policy\/\",\"correctionsPolicy\":\"https:\/\/talkpal.ai\/corrections-policy\/\",\"ethicsPolicy\":\"https:\/\/talkpal.ai\/ethics-policy\/\",\"diversityPolicy\":\"https:\/\/talkpal.ai\/diversity-policy\/\",\"diversityStaffingReport\":\"https:\/\/talkpal.ai\/diversity-policy\/\"}]}<\/script>\n<!-- \/ Yoast SEO Premium plugin. -->","yoast_head_json":{"title":"Gramatyka perska - Talkpal","description":"Poznaj zawi\u0142o\u015bci gramatyki perskiej, aby lepiej zrozumie\u0107 i p\u0142ynnie pos\u0142ugiwa\u0107 si\u0119 j\u0119zykiem perskim.","robots":{"index":"index","follow":"follow","max-snippet":"max-snippet:-1","max-image-preview":"max-image-preview:large","max-video-preview":"max-video-preview:-1"},"canonical":"https:\/\/talkpal.ai\/pl\/gramatyka-perska\/","og_locale":"pl_PL","og_type":"article","og_title":"Gramatyka perska","og_description":"Opanowanie gramatyki perskiej: Tw\u00f3j ostateczny przewodnik Salam, entuzja\u015bci j\u0119zyk\u00f3w! Czy jeste\u015b gotowy, aby wyruszy\u0107 w podr\u00f3\u017c do \u015bwiata gramatyki","og_url":"https:\/\/talkpal.ai\/pl\/gramatyka-perska\/","og_site_name":"Talkpal","article_publisher":"https:\/\/www.facebook.com\/profile.php?id=100090733639311","article_modified_time":"2025-12-12T10:33:42+00:00","og_image":[{"width":512,"height":512,"url":"https:\/\/talkpal.ai\/wp-content\/uploads\/2023\/05\/Persian-iran.png","type":"image\/png"}],"twitter_card":"summary_large_image","twitter_site":"@talkpalai","twitter_misc":{"Szacowany czas czytania":"2 minuty"},"schema":{"@context":"https:\/\/schema.org","@graph":[{"@type":"WebPage","@id":"https:\/\/talkpal.ai\/pl\/gramatyka-perska\/","url":"https:\/\/talkpal.ai\/pl\/gramatyka-perska\/","name":"Gramatyka perska - Talkpal","isPartOf":{"@id":"https:\/\/talkpal.ai\/pl\/#website"},"primaryImageOfPage":{"@id":"https:\/\/talkpal.ai\/pl\/gramatyka-perska\/#primaryimage"},"image":{"@id":"https:\/\/talkpal.ai\/pl\/gramatyka-perska\/#primaryimage"},"thumbnailUrl":"https:\/\/talkpal.ai\/wp-content\/uploads\/2023\/05\/Persian-iran.png","datePublished":"2023-05-14T14:18:22+00:00","dateModified":"2025-12-12T10:33:42+00:00","description":"Poznaj zawi\u0142o\u015bci gramatyki perskiej, aby lepiej zrozumie\u0107 i p\u0142ynnie pos\u0142ugiwa\u0107 si\u0119 j\u0119zykiem perskim.","breadcrumb":{"@id":"https:\/\/talkpal.ai\/pl\/gramatyka-perska\/#breadcrumb"},"inLanguage":"pl-PL","potentialAction":[{"@type":"ReadAction","target":["https:\/\/talkpal.ai\/pl\/gramatyka-perska\/"]}]},{"@type":"ImageObject","inLanguage":"pl-PL","@id":"https:\/\/talkpal.ai\/pl\/gramatyka-perska\/#primaryimage","url":"https:\/\/talkpal.ai\/wp-content\/uploads\/2023\/05\/Persian-iran.png","contentUrl":"https:\/\/talkpal.ai\/wp-content\/uploads\/2023\/05\/Persian-iran.png","width":512,"height":512},{"@type":"BreadcrumbList","@id":"https:\/\/talkpal.ai\/pl\/gramatyka-perska\/#breadcrumb","itemListElement":[{"@type":"ListItem","position":1,"name":"Homepage","item":"https:\/\/talkpal.ai\/pl\/"},{"@type":"ListItem","position":2,"name":"Gramatyka perska"}]},{"@type":"WebSite","@id":"https:\/\/talkpal.ai\/pl\/#website","url":"https:\/\/talkpal.ai\/pl\/","name":"Talkpal","description":"AI Language Learning","publisher":{"@id":"https:\/\/talkpal.ai\/pl\/#organization"},"alternateName":"Talkpal AI","potentialAction":[{"@type":"SearchAction","target":{"@type":"EntryPoint","urlTemplate":"https:\/\/talkpal.ai\/pl\/?s={search_term_string}"},"query-input":{"@type":"PropertyValueSpecification","valueRequired":true,"valueName":"search_term_string"}}],"inLanguage":"pl-PL"},{"@type":"Organization","@id":"https:\/\/talkpal.ai\/pl\/#organization","name":"Talkpal, Inc.","alternateName":"Talkpal AI","url":"https:\/\/talkpal.ai\/pl\/","logo":{"@type":"ImageObject","inLanguage":"pl-PL","@id":"https:\/\/talkpal.ai\/pl\/#\/schema\/logo\/image\/","url":"https:\/\/talkpal.ai\/wp-content\/uploads\/2024\/03\/Talkpal-Logo-Icon.png","contentUrl":"https:\/\/talkpal.ai\/wp-content\/uploads\/2024\/03\/Talkpal-Logo-Icon.png","width":2880,"height":2880,"caption":"Talkpal, Inc."},"image":{"@id":"https:\/\/talkpal.ai\/pl\/#\/schema\/logo\/image\/"},"sameAs":["https:\/\/www.facebook.com\/profile.php?id=100090733639311","https:\/\/x.com\/talkpalai","https:\/\/www.linkedin.com\/company\/talkpal\/","https:\/\/www.youtube.com\/@TalkPal\/","https:\/\/www.tiktok.com\/@talkpal","https:\/\/www.instagram.com\/talkpal_ai\/","https:\/\/www.crunchbase.com\/organization\/talkpal-9cde","https:\/\/www.g2.com\/products\/talkpal-for-business\/","https:\/\/www.trustpilot.com\/review\/talkpal.ai","https:\/\/www.capterra.com\/p\/10006800\/TalkPal\/"],"description":"Talkpal is a language learning web and mobile education app, powered by the latest AI technologies, that provides engaging experiences to its customers in many different languages to help them improve their language skills. Users can chat about unlimited amount of topics with the app and use other modes to practice their language learning.","email":"support@talkpal.ai","legalName":"Talkpal, Inc.","foundingDate":"2023-04-03","duns":"118989042","numberOfEmployees":{"@type":"QuantitativeValue","minValue":"11","maxValue":"50"},"publishingPrinciples":"https:\/\/talkpal.ai\/publishing-principles\/","actionableFeedbackPolicy":"https:\/\/talkpal.ai\/actionable-feedback-policy\/","correctionsPolicy":"https:\/\/talkpal.ai\/corrections-policy\/","ethicsPolicy":"https:\/\/talkpal.ai\/ethics-policy\/","diversityPolicy":"https:\/\/talkpal.ai\/diversity-policy\/","diversityStaffingReport":"https:\/\/talkpal.ai\/diversity-policy\/"}]}},"_links":{"self":[{"href":"https:\/\/talkpal.ai\/pl\/wp-json\/wp\/v2\/pages\/148798","targetHints":{"allow":["GET"]}}],"collection":[{"href":"https:\/\/talkpal.ai\/pl\/wp-json\/wp\/v2\/pages"}],"about":[{"href":"https:\/\/talkpal.ai\/pl\/wp-json\/wp\/v2\/types\/page"}],"author":[{"embeddable":true,"href":"https:\/\/talkpal.ai\/pl\/wp-json\/wp\/v2\/users\/1"}],"replies":[{"embeddable":true,"href":"https:\/\/talkpal.ai\/pl\/wp-json\/wp\/v2\/comments?post=148798"}],"version-history":[{"count":0,"href":"https:\/\/talkpal.ai\/pl\/wp-json\/wp\/v2\/pages\/148798\/revisions"}],"wp:featuredmedia":[{"embeddable":true,"href":"https:\/\/talkpal.ai\/pl\/wp-json\/wp\/v2\/media\/117140"}],"wp:attachment":[{"href":"https:\/\/talkpal.ai\/pl\/wp-json\/wp\/v2\/media?parent=148798"}],"curies":[{"name":"wp","href":"https:\/\/api.w.org\/{rel}","templated":true}]}}