{"id":148490,"date":"2023-05-14T14:13:06","date_gmt":"2023-05-14T14:13:06","guid":{"rendered":"http:\/\/talkpal.ai\/gramatyka-norweska\/"},"modified":"2025-12-17T17:35:55","modified_gmt":"2025-12-17T17:35:55","slug":"gramatyka-norweska","status":"publish","type":"page","link":"https:\/\/talkpal.ai\/pl\/gramatyka-norweska\/","title":{"rendered":"Gramatyka norweska"},"content":{"rendered":"\r\n\r\n\r\n<section class=\"languageChallengeSection\">\r\n    <div class=\"languageInfoWrapper\">\r\n        \r\n        <h1>Gramatyka norweska<\/h1>\r\n        <p>Odkryj podstawy norweskiej gramatyki i odblokuj umiej\u0119tno\u015b\u0107 komunikowania si\u0119 z pewno\u015bci\u0105 siebie w jednym z najpi\u0119kniejszych j\u0119zyk\u00f3w Skandynawii. Zrozumienie norweskiej gramatyki otworzy drzwi do nowych do\u015bwiadcze\u0144 kulturowych i znacz\u0105cych rozm\u00f3w. Zacznij uczy\u0107 si\u0119 norweskiej gramatyki ju\u017c dzi\u015b i zr\u00f3b pierwszy krok w kierunku p\u0142ynnego m\u00f3wienia!<\/p>\r\n\r\n                            <a class=\"getStartedHidden\" href=\"https:\/\/app.talkpal.ai\/pl\/signup?lng=\">Zaczynaj<\/a>\r\n        \r\n    <\/div>\r\n\r\n    <figure>\r\n    <img decoding=\"async\" width=\"768\" height=\"768\" src=\"https:\/\/talkpal.ai\/wp-content\/uploads\/2023\/06\/norwegian-768x768.png\" class=\"languageImage no-lazy\" alt=\"Language learning for extensive vocabulary\" fetchpriority=\"high\" sizes=\"(max-width: 768px) 150px, 768px\" srcset=\"https:\/\/talkpal.ai\/wp-content\/uploads\/2023\/06\/norwegian-768x768.png 768w, https:\/\/talkpal.ai\/wp-content\/uploads\/2023\/06\/norwegian-300x300.png 300w\" \/>\r\n    \r\n\r\n    <\/figure>\r\n\r\n            <a class=\"getStartedVisible\" href=\"https:\/\/app.talkpal.ai\/pl\/signup?lng=\">Zaczynaj<\/a>\r\n    \r\n<\/section>\r\n<section class=\"promotionalBanner\">\r\n    <p class=\"promotionalText\">Najbardziej efektywny spos\u00f3b nauki j\u0119zyka<\/p>\r\n    <a class=\"promotionalLink\" href=\"https:\/\/app.talkpal.ai\/pl\/signup?lng=\">Wypr\u00f3buj Talkpal za darmo<\/a>\r\n<\/section>\n<div class=\"wp-block-group pageContainerStyle\"><div class=\"wp-block-group__inner-container is-layout-constrained wp-block-group-is-layout-constrained\">\n<h2 class=\"wp-block-heading\" id=\"h-dive-into-norwegian-grammar-a-comprehensive-guide\">Zanurz si\u0119 w gramatyce norweskiej: kompleksowy przewodnik<\/h2>\n\n\n\n<p>J\u0119zyk <a href=\"https:\/\/talkpal.ai\/learn-norwegian\/\">norweski<\/a>, fascynuj\u0105cy i ekspresyjny, oferuje ucz\u0105cym si\u0119 j\u0119zyka wyj\u0105tkow\u0105 okazj\u0119 do poznania bogatego dziedzictwa kulturowego i historycznego Norwegii. Dobr\u0105 wiadomo\u015bci\u0105 jest to, \u017ce <a href=\"https:\/\/talkpal.ai\/norwegian-grammar\/\">gramatyka norweska<\/a> ma pewne podobie\u0144stwa z angielskim, co czyni j\u0105 j\u0119zykiem przyst\u0119pnym do nauki. Ten artyku\u0142 poprowadzi Ci\u0119 przez podstawowe aspekty gramatyki norweskiej, zapewniaj\u0105c solidne podstawy i pewne zrozumienie j\u0119zyka.<\/p>\n\n\n\n<h3 class=\"wp-block-heading\" id=\"h-1-embracing-norwegian-nouns-and-articles\">1. Obj\u0119cie norweskich rzeczownik\u00f3w i rodzajnik\u00f3w<\/h3>\n\n\n\n<p>Norweskie rzeczowniki, podobnie jak ich angielskie odpowiedniki, reprezentuj\u0105 ludzi, miejsca, rzeczy lub idee. Dziel\u0105 si\u0119 na trzy p\u0142cie: m\u0119sk\u0105, \u017ce\u0144sk\u0105 i nijaka. P\u0142e\u0107 ma kluczowe znaczenie przy okre\u015blaniu ko\u0144c\u00f3wek rzeczownik\u00f3w i przedimk\u00f3w, z kt\u00f3rymi powinny by\u0107 \u0142\u0105czone.<\/p>\n\n\n\n<p>W j\u0119zyku norweskim istniej\u0105 dwa rodzaje rodzajnik\u00f3w: okre\u015blony i nieokre\u015blony. Rodzajniki okre\u015blone pojawiaj\u0105 si\u0119 jako przyrostki na ko\u0144cu rzeczownik\u00f3w, podczas gdy przedimki nieokre\u015blone to oddzielne s\u0142owa poprzedzaj\u0105ce rzeczowniki. Artyku\u0142y musz\u0105 zgadza\u0107 si\u0119 z rzeczownikami pod wzgl\u0119dem rodzaju i liczby.<\/p>\n\n\n\n<p><strong>&#8211; Przedimki okre\u015blone: -en (rodzaj m\u0119ski), -a (rodzaj \u017ce\u0144ski), -et (rodzaj nijaki)<\/strong><\/p>\n\n\n\n<p><strong>&#8211; Przedimki nieokre\u015blone: en (rodzaj m\u0119ski), ei (rodzaj \u017ce\u0144ski), et (rodzaj nijaki)<\/strong><\/p>\n\n\n\n<h3 class=\"wp-block-heading\" id=\"h-2-mastering-norwegian-verbs-conjugation-and-tenses\">2. Opanowanie czasownik\u00f3w norweskich: koniugacja i czasy<\/h3>\n\n\n\n<p>Czasowniki norweskie s\u0105 stosunkowo \u0142atwe do nauczenia, poniewa\u017c maj\u0105 mniej koniugacji ni\u017c wiele innych j\u0119zyk\u00f3w. Czasowniki odmieniaj\u0105 si\u0119 zgodnie z czasem i nastrojem. Czasowniki norweskie dziel\u0105 si\u0119 przede wszystkim na cztery grupy, z kt\u00f3rych ka\u017cda ma sw\u00f3j wz\u00f3r koniugacji. Jednak dobr\u0105 wiadomo\u015bci\u0105 jest to, \u017ce w przeciwie\u0144stwie do wielu innych j\u0119zyk\u00f3w, norweskie czasowniki nie zmieniaj\u0105 swojej formy w zale\u017cno\u015bci od podmiotu lub liczby.<\/p>\n\n\n\n<p><a href=\"https:\/\/talkpal.ai\/learn-norwegian\/\">Norweski<\/a> ma mniej czas\u00f3w ni\u017c <a href=\"https:\/\/talkpal.ai\/learn-english-with-ai\/\">angielski<\/a>, tylko trzy czasy: czas tera\u017aniejszy, czas przesz\u0142y i czas przesz\u0142y dokonany. Czas tera\u017aniejszy s\u0142u\u017cy do wyra\u017cania wydarze\u0144 tera\u017aniejszych i przysz\u0142ych, podczas gdy czas przesz\u0142y oznacza zako\u0144czone dzia\u0142ania, a czas przesz\u0142y dokonany wskazuje na do\u015bwiadczenie lub stany, kt\u00f3re mia\u0142y miejsce przed okre\u015blonym punktem w przesz\u0142o\u015bci.<\/p>\n\n\n\n<h3 class=\"wp-block-heading\" id=\"h-3-expressing-yourself-with-norwegian-adjectives-and-adverbs\">3. Wyra\u017canie siebie za pomoc\u0105 norweskich przymiotnik\u00f3w i przys\u0142\u00f3wk\u00f3w<\/h3>\n\n\n\n<p>U\u017cywanie przymiotnik\u00f3w skutecznie zwi\u0119ksza zdolno\u015b\u0107 wyra\u017cania siebie w j\u0119zyku norweskim. Przymiotniki opisuj\u0105 cechy lub cechy rzeczownik\u00f3w i musz\u0105 zgadza\u0107 si\u0119 z rzeczownikami pod wzgl\u0119dem rodzaju i liczby. W j\u0119zyku norweskim przymiotniki zazwyczaj wyst\u0119puj\u0105 przed rzeczownikiem, kt\u00f3ry opisuj\u0105.<\/p>\n\n\n\n<p>Przys\u0142\u00f3wki w j\u0119zyku norweskim modyfikuj\u0105 czasowniki, przymiotniki lub inne przys\u0142\u00f3wki. Przekazuj\u0105 informacje o tym, jak, kiedy, gdzie i w jakim zakresie ma miejsce dana czynno\u015b\u0107. W przeciwie\u0144stwie do przymiotnik\u00f3w, przys\u0142\u00f3wki pozostaj\u0105 takie same niezale\u017cnie od rodzaju lub liczby opisywanych rzeczownik\u00f3w.<\/p>\n\n\n\n<h3 class=\"wp-block-heading\" id=\"h-4-constructing-sentences-with-norwegian-pronouns-and-word-order\">4. Konstruowanie zda\u0144 z norweskimi zaimkami i szykiem wyraz\u00f3w<\/h3>\n\n\n\n<p>Zaimki norweskie zast\u0119puj\u0105 rzeczowniki i zwykle zgadzaj\u0105 si\u0119 z rzeczownikiem, kt\u00f3ry reprezentuj\u0105 pod wzgl\u0119dem rodzaju, liczby i przypadku. W j\u0119zyku norweskim istniej\u0105 r\u00f3\u017cne rodzaje zaimk\u00f3w, w tym zaimki osobowe, dzier\u017cawcze, wskazuj\u0105ce, zwrotne, wzgl\u0119dne i pytaj\u0105ce.<\/p>\n\n\n\n<p>Norweska struktura zdania jest zgodna z kolejno\u015bci\u0105 podmiot-orzeczenie-dope\u0142nienie (SVO), podobnie jak w j\u0119zyku angielskim. Jednak stosuje r\u00f3wnie\u017c regu\u0142\u0119 czasownik-sekunda (V2), w kt\u00f3rej czasownik zwykle zajmuje drug\u0105 pozycj\u0119 w zdaniach g\u0142\u00f3wnych. Rozumienie i \u0107wiczenie szyku wyraz\u00f3w w j\u0119zyku norweskim jest niezb\u0119dne do osi\u0105gni\u0119cia p\u0142ynno\u015bci w tym j\u0119zyku.<\/p>\n\n\n\n<h3 class=\"wp-block-heading\" id=\"h-conclusion\">Wnioski<\/h3>\n\n\n\n<p>Osi\u0105gni\u0119cie p\u0142ynno\u015bci w gramatyce norweskiej wymaga po\u015bwi\u0119cenia, praktyki i otwartego umys\u0142u na odkrywanie unikalnych cech tego j\u0119zyka. Niezale\u017cnie od tego, czy chcesz zanurzy\u0107 si\u0119 w kulturze Norwegii, czy te\u017c chcesz nauczy\u0107 si\u0119 nowego j\u0119zyka, opanowanie gramatyki norweskiej stanowi podstaw\u0119 udanej komunikacji. Zag\u0142\u0119biaj\u0105c si\u0119 w norweskie rzeczowniki, czasowniki, przymiotniki i szyk wyraz\u00f3w, pami\u0119taj, aby cieszy\u0107 si\u0119 tym procesem i piel\u0119gnowa\u0107 bogate do\u015bwiadczenia j\u0119zykowe, kt\u00f3re na Ciebie czekaj\u0105. <a href=\"https:\/\/talkpal.ai\/culture\/how-do-you-say-good-luck-with-that-in-norwegian\/\">Lykke til<\/a>!<\/p>\n<\/div><\/div>\n\r\n<section class=\"learnNavigationSection\">\r\n            \r\n        <a href=\"https:\/\/talkpal.ai\/pl\/naucz-sie-norweskiego\/\">\r\n            <div class=\"learnNavigationWrapper\">\r\n                <div class=\"learnNavigationContent\">\r\n                    <img decoding=\"async\" src=\"https:\/\/talkpal.ai\/wp-content\/uploads\/2024\/08\/Norwegian.jpg\" alt=\"Norwegian Flag\">\r\n                    <div>\r\n                        <h4>Informacje o Norwegian Learning<\/h4>\r\n                        <p>Dowiedz si\u0119 wszystkiego o gramatyce norweskiej.<\/p>\r\n                    <\/div>\r\n                <\/div>\r\n            <\/div>\r\n        <\/a>\r\n\r\n        \r\n        <a href=\"https:\/\/talkpal.ai\/pl\/cwiczenia-gramatyczne-z-gramatyki-norweskiej\/\">\r\n            <div class=\"learnNavigationWrapper\">\r\n                <div class=\"learnNavigationContent\">\r\n                    <img decoding=\"async\" src=\"https:\/\/talkpal.ai\/wp-content\/uploads\/2024\/08\/Norwegian.jpg\" alt=\"Norwegian Flag\">\r\n                    <div>\r\n                        <h4>Norweski \u0106wiczenie gramatyczne<\/h4>\r\n                        <p>\u0106wicz gramatyk\u0119 norwesk\u0105.<\/p>\r\n                    <\/div>\r\n                <\/div>\r\n            <\/div>\r\n        <\/a>\r\n\r\n        \r\n        <a href=\"https:\/\/talkpal.ai\/vocabulary_language\/norwegian\/\">\r\n            <div class=\"learnNavigationWrapper\">\r\n                <div class=\"learnNavigationContent\">\r\n                    <img decoding=\"async\" src=\"https:\/\/talkpal.ai\/wp-content\/uploads\/2024\/08\/Norwegian.jpg\" alt=\"Norwegian Flag\">\r\n                    <div>\r\n                        <h4>Norweskie s\u0142ownictwo<\/h4>\r\n                        <p>Poszerz swoje norweskie s\u0142ownictwo.<\/p>\r\n                    <\/div>\r\n                <\/div>\r\n            <\/div>\r\n        <\/a>\r\n\r\n            <\/section>","protected":false},"excerpt":{"rendered":"<p>Zanurz si\u0119 w gramatyce norweskiej: kompleksowy przewodnik J\u0119zyk norweski, fascynuj\u0105cy i ekspresyjny, oferuje ucz\u0105cym si\u0119 j\u0119zyka wyj\u0105tkow\u0105 okazj\u0119 do poznania bogatego dziedzictwa kulturowego i historycznego Norwegii. Dobr\u0105 wiadomo\u015bci\u0105 jest to, \u017ce gramatyka norweska ma pewne podobie\u0144stwa z angielskim, co czyni j\u0105 j\u0119zykiem przyst\u0119pnym do nauki. Ten artyku\u0142 poprowadzi Ci\u0119 przez podstawowe aspekty gramatyki norweskiej, zapewniaj\u0105c [&hellip;]<\/p>\n","protected":false},"author":1,"featured_media":116870,"parent":0,"menu_order":0,"comment_status":"closed","ping_status":"closed","template":"LearningContentPage.php","meta":{"_acf_changed":false,"footnotes":""},"class_list":["post-148490","page","type-page","status-publish","has-post-thumbnail","hentry"],"acf":[],"yoast_head":"<!-- This site is optimized with the Yoast SEO Premium plugin v27.2 (Yoast SEO v27.2) - https:\/\/yoast.com\/product\/yoast-seo-premium-wordpress\/ -->\n<title>Gramatyka norweska - Talkpal<\/title>\n<meta name=\"description\" content=\"Poznaj zawi\u0142o\u015bci norweskiej gramatyki i podnie\u015b swoje umiej\u0119tno\u015bci j\u0119zykowe na wy\u017cszy poziom.\" \/>\n<meta name=\"robots\" content=\"index, follow, max-snippet:-1, max-image-preview:large, max-video-preview:-1\" \/>\n<link rel=\"canonical\" href=\"https:\/\/talkpal.ai\/pl\/gramatyka-norweska\/\" \/>\n<meta property=\"og:locale\" content=\"pl_PL\" \/>\n<meta property=\"og:type\" content=\"article\" \/>\n<meta property=\"og:title\" content=\"Gramatyka norweska\" \/>\n<meta property=\"og:description\" content=\"Zanurz si\u0119 w gramatyce norweskiej: kompleksowy przewodnik J\u0119zyk norweski, fascynuj\u0105cy i ekspresyjny, oferuje ucz\u0105cym si\u0119 j\u0119zyka wyj\u0105tkow\u0105 okazj\u0119 do\" \/>\n<meta property=\"og:url\" content=\"https:\/\/talkpal.ai\/pl\/gramatyka-norweska\/\" \/>\n<meta property=\"og:site_name\" content=\"Talkpal\" \/>\n<meta property=\"article:publisher\" content=\"https:\/\/www.facebook.com\/profile.php?id=100090733639311\" \/>\n<meta property=\"article:modified_time\" content=\"2025-12-17T17:35:55+00:00\" \/>\n<meta property=\"og:image\" content=\"https:\/\/talkpal.ai\/wp-content\/uploads\/2023\/05\/norway.png\" \/>\n\t<meta property=\"og:image:width\" content=\"512\" \/>\n\t<meta property=\"og:image:height\" content=\"512\" \/>\n\t<meta property=\"og:image:type\" content=\"image\/png\" \/>\n<meta name=\"twitter:card\" content=\"summary_large_image\" \/>\n<meta name=\"twitter:site\" content=\"@talkpalai\" \/>\n<meta name=\"twitter:label1\" content=\"Szacowany czas czytania\" \/>\n\t<meta name=\"twitter:data1\" content=\"3 minuty\" \/>\n<script type=\"application\/ld+json\" class=\"yoast-schema-graph\">{\"@context\":\"https:\/\/schema.org\",\"@graph\":[{\"@type\":\"WebPage\",\"@id\":\"https:\/\/talkpal.ai\/pl\/gramatyka-norweska\/\",\"url\":\"https:\/\/talkpal.ai\/pl\/gramatyka-norweska\/\",\"name\":\"Gramatyka norweska - Talkpal\",\"isPartOf\":{\"@id\":\"https:\/\/talkpal.ai\/pl\/#website\"},\"primaryImageOfPage\":{\"@id\":\"https:\/\/talkpal.ai\/pl\/gramatyka-norweska\/#primaryimage\"},\"image\":{\"@id\":\"https:\/\/talkpal.ai\/pl\/gramatyka-norweska\/#primaryimage\"},\"thumbnailUrl\":\"https:\/\/talkpal.ai\/wp-content\/uploads\/2023\/05\/norway.png\",\"datePublished\":\"2023-05-14T14:13:06+00:00\",\"dateModified\":\"2025-12-17T17:35:55+00:00\",\"description\":\"Poznaj zawi\u0142o\u015bci norweskiej gramatyki i podnie\u015b swoje umiej\u0119tno\u015bci j\u0119zykowe na wy\u017cszy poziom.\",\"breadcrumb\":{\"@id\":\"https:\/\/talkpal.ai\/pl\/gramatyka-norweska\/#breadcrumb\"},\"inLanguage\":\"pl-PL\",\"potentialAction\":[{\"@type\":\"ReadAction\",\"target\":[\"https:\/\/talkpal.ai\/pl\/gramatyka-norweska\/\"]}]},{\"@type\":\"ImageObject\",\"inLanguage\":\"pl-PL\",\"@id\":\"https:\/\/talkpal.ai\/pl\/gramatyka-norweska\/#primaryimage\",\"url\":\"https:\/\/talkpal.ai\/wp-content\/uploads\/2023\/05\/norway.png\",\"contentUrl\":\"https:\/\/talkpal.ai\/wp-content\/uploads\/2023\/05\/norway.png\",\"width\":512,\"height\":512},{\"@type\":\"BreadcrumbList\",\"@id\":\"https:\/\/talkpal.ai\/pl\/gramatyka-norweska\/#breadcrumb\",\"itemListElement\":[{\"@type\":\"ListItem\",\"position\":1,\"name\":\"Homepage\",\"item\":\"https:\/\/talkpal.ai\/pl\/\"},{\"@type\":\"ListItem\",\"position\":2,\"name\":\"Gramatyka norweska\"}]},{\"@type\":\"WebSite\",\"@id\":\"https:\/\/talkpal.ai\/pl\/#website\",\"url\":\"https:\/\/talkpal.ai\/pl\/\",\"name\":\"Talkpal\",\"description\":\"AI Language Learning\",\"publisher\":{\"@id\":\"https:\/\/talkpal.ai\/pl\/#organization\"},\"alternateName\":\"Talkpal AI\",\"potentialAction\":[{\"@type\":\"SearchAction\",\"target\":{\"@type\":\"EntryPoint\",\"urlTemplate\":\"https:\/\/talkpal.ai\/pl\/?s={search_term_string}\"},\"query-input\":{\"@type\":\"PropertyValueSpecification\",\"valueRequired\":true,\"valueName\":\"search_term_string\"}}],\"inLanguage\":\"pl-PL\"},{\"@type\":\"Organization\",\"@id\":\"https:\/\/talkpal.ai\/pl\/#organization\",\"name\":\"Talkpal, Inc.\",\"alternateName\":\"Talkpal AI\",\"url\":\"https:\/\/talkpal.ai\/pl\/\",\"logo\":{\"@type\":\"ImageObject\",\"inLanguage\":\"pl-PL\",\"@id\":\"https:\/\/talkpal.ai\/pl\/#\/schema\/logo\/image\/\",\"url\":\"https:\/\/talkpal.ai\/wp-content\/uploads\/2024\/03\/Talkpal-Logo-Icon.png\",\"contentUrl\":\"https:\/\/talkpal.ai\/wp-content\/uploads\/2024\/03\/Talkpal-Logo-Icon.png\",\"width\":2880,\"height\":2880,\"caption\":\"Talkpal, Inc.\"},\"image\":{\"@id\":\"https:\/\/talkpal.ai\/pl\/#\/schema\/logo\/image\/\"},\"sameAs\":[\"https:\/\/www.facebook.com\/profile.php?id=100090733639311\",\"https:\/\/x.com\/talkpalai\",\"https:\/\/www.linkedin.com\/company\/talkpal\/\",\"https:\/\/www.youtube.com\/@TalkPal\/\",\"https:\/\/www.tiktok.com\/@talkpal\",\"https:\/\/www.instagram.com\/talkpal_ai\/\",\"https:\/\/www.crunchbase.com\/organization\/talkpal-9cde\",\"https:\/\/www.g2.com\/products\/talkpal-for-business\/\",\"https:\/\/www.trustpilot.com\/review\/talkpal.ai\",\"https:\/\/www.capterra.com\/p\/10006800\/TalkPal\/\"],\"description\":\"Talkpal is a language learning web and mobile education app, powered by the latest AI technologies, that provides engaging experiences to its customers in many different languages to help them improve their language skills. Users can chat about unlimited amount of topics with the app and use other modes to practice their language learning.\",\"email\":\"support@talkpal.ai\",\"legalName\":\"Talkpal, Inc.\",\"foundingDate\":\"2023-04-03\",\"duns\":\"118989042\",\"numberOfEmployees\":{\"@type\":\"QuantitativeValue\",\"minValue\":\"11\",\"maxValue\":\"50\"},\"publishingPrinciples\":\"https:\/\/talkpal.ai\/publishing-principles\/\",\"actionableFeedbackPolicy\":\"https:\/\/talkpal.ai\/actionable-feedback-policy\/\",\"correctionsPolicy\":\"https:\/\/talkpal.ai\/corrections-policy\/\",\"ethicsPolicy\":\"https:\/\/talkpal.ai\/ethics-policy\/\",\"diversityPolicy\":\"https:\/\/talkpal.ai\/diversity-policy\/\",\"diversityStaffingReport\":\"https:\/\/talkpal.ai\/diversity-policy\/\"}]}<\/script>\n<!-- \/ Yoast SEO Premium plugin. -->","yoast_head_json":{"title":"Gramatyka norweska - Talkpal","description":"Poznaj zawi\u0142o\u015bci norweskiej gramatyki i podnie\u015b swoje umiej\u0119tno\u015bci j\u0119zykowe na wy\u017cszy poziom.","robots":{"index":"index","follow":"follow","max-snippet":"max-snippet:-1","max-image-preview":"max-image-preview:large","max-video-preview":"max-video-preview:-1"},"canonical":"https:\/\/talkpal.ai\/pl\/gramatyka-norweska\/","og_locale":"pl_PL","og_type":"article","og_title":"Gramatyka norweska","og_description":"Zanurz si\u0119 w gramatyce norweskiej: kompleksowy przewodnik J\u0119zyk norweski, fascynuj\u0105cy i ekspresyjny, oferuje ucz\u0105cym si\u0119 j\u0119zyka wyj\u0105tkow\u0105 okazj\u0119 do","og_url":"https:\/\/talkpal.ai\/pl\/gramatyka-norweska\/","og_site_name":"Talkpal","article_publisher":"https:\/\/www.facebook.com\/profile.php?id=100090733639311","article_modified_time":"2025-12-17T17:35:55+00:00","og_image":[{"width":512,"height":512,"url":"https:\/\/talkpal.ai\/wp-content\/uploads\/2023\/05\/norway.png","type":"image\/png"}],"twitter_card":"summary_large_image","twitter_site":"@talkpalai","twitter_misc":{"Szacowany czas czytania":"3 minuty"},"schema":{"@context":"https:\/\/schema.org","@graph":[{"@type":"WebPage","@id":"https:\/\/talkpal.ai\/pl\/gramatyka-norweska\/","url":"https:\/\/talkpal.ai\/pl\/gramatyka-norweska\/","name":"Gramatyka norweska - Talkpal","isPartOf":{"@id":"https:\/\/talkpal.ai\/pl\/#website"},"primaryImageOfPage":{"@id":"https:\/\/talkpal.ai\/pl\/gramatyka-norweska\/#primaryimage"},"image":{"@id":"https:\/\/talkpal.ai\/pl\/gramatyka-norweska\/#primaryimage"},"thumbnailUrl":"https:\/\/talkpal.ai\/wp-content\/uploads\/2023\/05\/norway.png","datePublished":"2023-05-14T14:13:06+00:00","dateModified":"2025-12-17T17:35:55+00:00","description":"Poznaj zawi\u0142o\u015bci norweskiej gramatyki i podnie\u015b swoje umiej\u0119tno\u015bci j\u0119zykowe na wy\u017cszy poziom.","breadcrumb":{"@id":"https:\/\/talkpal.ai\/pl\/gramatyka-norweska\/#breadcrumb"},"inLanguage":"pl-PL","potentialAction":[{"@type":"ReadAction","target":["https:\/\/talkpal.ai\/pl\/gramatyka-norweska\/"]}]},{"@type":"ImageObject","inLanguage":"pl-PL","@id":"https:\/\/talkpal.ai\/pl\/gramatyka-norweska\/#primaryimage","url":"https:\/\/talkpal.ai\/wp-content\/uploads\/2023\/05\/norway.png","contentUrl":"https:\/\/talkpal.ai\/wp-content\/uploads\/2023\/05\/norway.png","width":512,"height":512},{"@type":"BreadcrumbList","@id":"https:\/\/talkpal.ai\/pl\/gramatyka-norweska\/#breadcrumb","itemListElement":[{"@type":"ListItem","position":1,"name":"Homepage","item":"https:\/\/talkpal.ai\/pl\/"},{"@type":"ListItem","position":2,"name":"Gramatyka norweska"}]},{"@type":"WebSite","@id":"https:\/\/talkpal.ai\/pl\/#website","url":"https:\/\/talkpal.ai\/pl\/","name":"Talkpal","description":"AI Language Learning","publisher":{"@id":"https:\/\/talkpal.ai\/pl\/#organization"},"alternateName":"Talkpal AI","potentialAction":[{"@type":"SearchAction","target":{"@type":"EntryPoint","urlTemplate":"https:\/\/talkpal.ai\/pl\/?s={search_term_string}"},"query-input":{"@type":"PropertyValueSpecification","valueRequired":true,"valueName":"search_term_string"}}],"inLanguage":"pl-PL"},{"@type":"Organization","@id":"https:\/\/talkpal.ai\/pl\/#organization","name":"Talkpal, Inc.","alternateName":"Talkpal AI","url":"https:\/\/talkpal.ai\/pl\/","logo":{"@type":"ImageObject","inLanguage":"pl-PL","@id":"https:\/\/talkpal.ai\/pl\/#\/schema\/logo\/image\/","url":"https:\/\/talkpal.ai\/wp-content\/uploads\/2024\/03\/Talkpal-Logo-Icon.png","contentUrl":"https:\/\/talkpal.ai\/wp-content\/uploads\/2024\/03\/Talkpal-Logo-Icon.png","width":2880,"height":2880,"caption":"Talkpal, Inc."},"image":{"@id":"https:\/\/talkpal.ai\/pl\/#\/schema\/logo\/image\/"},"sameAs":["https:\/\/www.facebook.com\/profile.php?id=100090733639311","https:\/\/x.com\/talkpalai","https:\/\/www.linkedin.com\/company\/talkpal\/","https:\/\/www.youtube.com\/@TalkPal\/","https:\/\/www.tiktok.com\/@talkpal","https:\/\/www.instagram.com\/talkpal_ai\/","https:\/\/www.crunchbase.com\/organization\/talkpal-9cde","https:\/\/www.g2.com\/products\/talkpal-for-business\/","https:\/\/www.trustpilot.com\/review\/talkpal.ai","https:\/\/www.capterra.com\/p\/10006800\/TalkPal\/"],"description":"Talkpal is a language learning web and mobile education app, powered by the latest AI technologies, that provides engaging experiences to its customers in many different languages to help them improve their language skills. Users can chat about unlimited amount of topics with the app and use other modes to practice their language learning.","email":"support@talkpal.ai","legalName":"Talkpal, Inc.","foundingDate":"2023-04-03","duns":"118989042","numberOfEmployees":{"@type":"QuantitativeValue","minValue":"11","maxValue":"50"},"publishingPrinciples":"https:\/\/talkpal.ai\/publishing-principles\/","actionableFeedbackPolicy":"https:\/\/talkpal.ai\/actionable-feedback-policy\/","correctionsPolicy":"https:\/\/talkpal.ai\/corrections-policy\/","ethicsPolicy":"https:\/\/talkpal.ai\/ethics-policy\/","diversityPolicy":"https:\/\/talkpal.ai\/diversity-policy\/","diversityStaffingReport":"https:\/\/talkpal.ai\/diversity-policy\/"}]}},"_links":{"self":[{"href":"https:\/\/talkpal.ai\/pl\/wp-json\/wp\/v2\/pages\/148490","targetHints":{"allow":["GET"]}}],"collection":[{"href":"https:\/\/talkpal.ai\/pl\/wp-json\/wp\/v2\/pages"}],"about":[{"href":"https:\/\/talkpal.ai\/pl\/wp-json\/wp\/v2\/types\/page"}],"author":[{"embeddable":true,"href":"https:\/\/talkpal.ai\/pl\/wp-json\/wp\/v2\/users\/1"}],"replies":[{"embeddable":true,"href":"https:\/\/talkpal.ai\/pl\/wp-json\/wp\/v2\/comments?post=148490"}],"version-history":[{"count":0,"href":"https:\/\/talkpal.ai\/pl\/wp-json\/wp\/v2\/pages\/148490\/revisions"}],"wp:featuredmedia":[{"embeddable":true,"href":"https:\/\/talkpal.ai\/pl\/wp-json\/wp\/v2\/media\/116870"}],"wp:attachment":[{"href":"https:\/\/talkpal.ai\/pl\/wp-json\/wp\/v2\/media?parent=148490"}],"curies":[{"name":"wp","href":"https:\/\/api.w.org\/{rel}","templated":true}]}}