{"id":148176,"date":"2023-05-14T14:12:45","date_gmt":"2023-05-14T14:12:45","guid":{"rendered":"http:\/\/talkpal.ai\/gramatyka-nepalska\/"},"modified":"2025-12-17T16:59:40","modified_gmt":"2025-12-17T16:59:40","slug":"gramatyka-nepalska","status":"publish","type":"page","link":"https:\/\/talkpal.ai\/pl\/gramatyka-nepalska\/","title":{"rendered":"Gramatyka nepalska"},"content":{"rendered":"\r\n\r\n\r\n<section class=\"languageChallengeSection\">\r\n    <div class=\"languageInfoWrapper\">\r\n        \r\n        <h1>Gramatyka nepalska<\/h1>\r\n        <p>Ciekawi Ci\u0119 j\u0119zyk <a href=\"https:\/\/talkpal.ai\/learn-nepali\/\">nepalski<\/a>? Odkryj gramatyk\u0119 nepalsk\u0105 z rzeczownikami rodzaju nepalskiego, przyimkami i elastyczn\u0105 struktur\u0105 zda\u0144, kt\u00f3ra sprawia, \u017ce j\u0119zyk jest zar\u00f3wno ekspresyjny, jak i wci\u0105gaj\u0105cy. Zacznij uczy\u0107 si\u0119 ju\u017c dzi\u015b &#8211; opanowanie gramatyki nepalskiej odblokuje znacz\u0105ce rozmowy i po\u0142\u0105czy Ci\u0119 z r\u00f3\u017cnorodnymi kulturami i tradycjami Nepalu!<\/p>\r\n\r\n                            <a class=\"getStartedHidden\" href=\"https:\/\/app.talkpal.ai\/pl\/signup?lng=\">Zaczynaj<\/a>\r\n        \r\n    <\/div>\r\n\r\n    <figure>\r\n    <img decoding=\"async\" width=\"768\" height=\"768\" src=\"https:\/\/talkpal.ai\/wp-content\/uploads\/2023\/06\/nepali-768x768.png\" class=\"languageImage no-lazy\" alt=\"Practical language learning for real-life application\" fetchpriority=\"high\" sizes=\"(max-width: 768px) 150px, 768px\" srcset=\"https:\/\/talkpal.ai\/wp-content\/uploads\/2023\/06\/nepali-768x768.png 768w, https:\/\/talkpal.ai\/wp-content\/uploads\/2023\/06\/nepali-300x300.png 300w\" \/>\r\n    \r\n\r\n    <\/figure>\r\n\r\n            <a class=\"getStartedVisible\" href=\"https:\/\/app.talkpal.ai\/pl\/signup?lng=\">Zaczynaj<\/a>\r\n    \r\n<\/section>\r\n<section class=\"promotionalBanner\">\r\n    <p class=\"promotionalText\">Najbardziej efektywny spos\u00f3b nauki j\u0119zyka<\/p>\r\n    <a class=\"promotionalLink\" href=\"https:\/\/app.talkpal.ai\/pl\/signup?lng=\">Wypr\u00f3buj Talkpal za darmo<\/a>\r\n<\/section>\n<div class=\"wp-block-group pageContainerStyle\"><div class=\"wp-block-group__inner-container is-layout-constrained wp-block-group-is-layout-constrained\">\n<h2 class=\"wp-block-heading\" id=\"h-delving-into-the-richness-of-nepali-grammar-an-insightful-guide\">Zag\u0142\u0119bianie si\u0119 w bogactwo gramatyki nepalskiej: wnikliwy przewodnik<\/h2>\n\n\n\n<p>Nepalski, j\u0119zyk indoaryjski, kt\u00f3rym pos\u0142uguje si\u0119 ponad 25 milion\u00f3w ludzi w Nepalu i s\u0105siednich regionach, jest wspania\u0142ym j\u0119zykiem, kt\u00f3ry pokazuje bogactwo kulturowe i r\u00f3\u017cnorodno\u015b\u0107 j\u0119zykow\u0105 Azji Po\u0142udniowej. Aby skutecznie porozumiewa\u0107 si\u0119 w j\u0119zyku nepalskim i naprawd\u0119 doceni\u0107 jego pi\u0119kno, trzeba zrozumie\u0107 jego gramatyk\u0119. W tym artykule przedstawimy przegl\u0105d podstawowych aspekt\u00f3w gramatyki nepalskiej i zaoferujemy praktyczne wskaz\u00f3wki, kt\u00f3re pomog\u0105 Ci opanowa\u0107 ten fascynuj\u0105cy j\u0119zyk.<\/p>\n\n\n\n<h3 class=\"wp-block-heading\" id=\"h-key-aspects-of-nepali-grammar\">Kluczowe aspekty gramatyki nepalskiej:<\/h3>\n\n\n\n<p><a href=\"https:\/\/talkpal.ai\/nepali-grammar\/\">Gramatyka nepalska<\/a> mo\u017ce pocz\u0105tkowo wydawa\u0107 si\u0119 trudna, ale z czasem i praktyk\u0105 mo\u017cesz j\u0105 opanowa\u0107. Oto kilka podstawowych element\u00f3w gramatyki nepalskiej, z kt\u00f3rymi warto si\u0119 zapozna\u0107:<\/p>\n\n\n\n<p><strong>1. Rzeczowniki: Rzeczowniki<\/strong> nepalskie nie maj\u0105 rodzaju gramatycznego, co u\u0142atwia nauk\u0119, poniewa\u017c nie ma potrzeby zapami\u0119tywania rodzaju ka\u017cdego rzeczownika. Jednak rzeczowniki odmieniaj\u0105 si\u0119 przez liczb\u0119 (pojedyncz\u0105 i mnog\u0105) i przypadek (mianownik, dope\u0142niacz, celownik itp.).<\/p>\n\n\n\n<p><strong>2. Zaimki: Zaimki<\/strong> osobowe w j\u0119zyku nepalskim maj\u0105 trzy formy: subiektywn\u0105, obiektywn\u0105 i dzier\u017cawcz\u0105. Zgadzaj\u0105 si\u0119 z rzeczownikiem, do kt\u00f3rego si\u0119 odnosz\u0105, pod wzgl\u0119dem liczby, ale nie p\u0142ci. Istniej\u0105 r\u00f3wnie\u017c r\u00f3\u017cne zaimki i formy koniugacji czasownik\u00f3w w zale\u017cno\u015bci od poziomu formalno\u015bci (uprzejmy, rodzinny lub intymny).<\/p>\n\n\n\n<p><strong>3. Czasowniki: Czasowniki<\/strong> nepalskie odmieniaj\u0105 si\u0119 przez czas (tera\u017aniejszy, przesz\u0142y i przysz\u0142y), nastr\u00f3j (oznajmuj\u0105cy, rozkazuj\u0105cy lub \u0142\u0105cz\u0105cy) i aspekt (ci\u0105g\u0142y, dokonany lub prosty). Istniej\u0105 r\u00f3wnie\u017c r\u00f3\u017cne wzorce koniugacji czasownik\u00f3w w zale\u017cno\u015bci od poziomu formalno\u015bci podmiotu.<\/p>\n\n\n\n<p>4. Przymiotniki i <strong>przys\u0142\u00f3wki: Przymiotniki<\/strong> w j\u0119zyku nepalskim zwykle nast\u0119puj\u0105 po rzeczowniku, kt\u00f3ry modyfikuj\u0105 i zgadzaj\u0105 si\u0119 co do liczby i przypadku. Przys\u0142\u00f3wki mog\u0105 by\u0107 u\u017cywane do dostarczania dodatkowych informacji i na og\u00f3\u0142 nie zmieniaj\u0105 swojej formy.<\/p>\n\n\n\n<p><strong>5. Struktura<\/strong> zdania: Typowa <a href=\"https:\/\/talkpal.ai\/learn-nepali\/\">nepalska<\/a> struktura zdania jest zgodna z kolejno\u015bci\u0105 podmiot-dope\u0142nienie-czasownik (SOV). Jednak szyk wyraz\u00f3w mo\u017ce by\u0107 elastyczny, w zale\u017cno\u015bci od akcentu i kontekstu.<\/p>\n\n\n\n<h3 class=\"wp-block-heading\" id=\"h-tips-for-learning-nepali-grammar\">Wskaz\u00f3wki dotycz\u0105ce nauki gramatyki nepalskiej:<\/h3>\n\n\n\n<p>Oto kilka skutecznych strategii, kt\u00f3re sprawi\u0105, \u017ce Twoja podr\u00f3\u017c do nauki gramatyki nepalskiej b\u0119dzie p\u0142ynniejsza:<\/p>\n\n\n\n<p><strong>1. Zacznij od podstaw:<\/strong> Skoncentruj si\u0119 na nauce podstaw gramatyki nepalskiej, takich jak przypadki rzeczownik\u00f3w, zaimki i koniugacja czasownik\u00f3w. W miar\u0119 jak twoje zrozumienie wzrasta, stopniowo wprowadzaj bardziej z\u0142o\u017cone struktury i zasady.<\/p>\n\n\n\n<p><strong>2. \u0106wicz regularnie:<\/strong> Konsekwencja ma kluczowe znaczenie podczas nauki nowego j\u0119zyka. Przeznacz okre\u015blone godziny ka\u017cdego dnia lub tygodnia na \u0107wiczenie \u0107wicze\u0144 gramatycznych, czytania i pisania w j\u0119zyku nepalskim.<\/p>\n\n\n\n<p><strong>3. Korzystaj z natywnych zasob\u00f3w:<\/strong> Zanurz si\u0119 w autentycznych nepalskich materia\u0142ach, takich jak literatura, artyku\u0142y prasowe i podcasty. Pomo\u017ce Ci to nie tylko zrozumie\u0107 gramatyk\u0119 nepalsk\u0105 w kontek\u015bcie, ale tak\u017ce poprawi og\u00f3lne umiej\u0119tno\u015bci j\u0119zykowe.<\/p>\n\n\n\n<p><strong>4. Nawi\u0105\u017c kontakt z native speakerami:<\/strong> Anga\u017cowanie si\u0119 w rozmowy z rodzimymi u\u017cytkownikami j\u0119zyka nepalskiego pozwala <a href=\"https:\/\/talkpal.ai\/grammar\/\">\u0107wiczy\u0107 gramatyk\u0119<\/a> w rzeczywistych sytuacjach i otrzymywa\u0107 cenne informacje zwrotne. Rozwa\u017c do\u0142\u0105czenie do grup wymiany j\u0119zykowej lub for\u00f3w internetowych, aby nawi\u0105za\u0107 <a href=\"https:\/\/talkpal.ai\/contact\/\">kontakt<\/a> z osobami m\u00f3wi\u0105cymi po nepalsku.<\/p>\n\n\n\n<p><strong>5. B\u0105d\u017a cierpliwy i wytrwa\u0142y:<\/strong> Pami\u0119taj, \u017ce nauka nowego j\u0119zyka wymaga czasu, wytrwa\u0142o\u015bci i cierpliwo\u015bci. Podejmij wyzwania i \u015bwi\u0119tuj swoje post\u0119py po drodze.<\/p>\n\n\n\n<h3 class=\"wp-block-heading\" id=\"h-conclusion\">Wnioski:<\/h3>\n\n\n\n<p>Gramatyka nepalska, ze swoimi unikalnymi cechami i powi\u0105zaniami z rodzin\u0105 j\u0119zyk\u00f3w indoaryjskich, oferuje fascynuj\u0105c\u0105 podr\u00f3\u017c j\u0119zykow\u0105. Rozumiej\u0105c jego kluczowe aspekty i stosuj\u0105c si\u0119 do naszych praktycznych wskaz\u00f3wek, utorujesz sobie drog\u0119 do bieg\u0142o\u015bci j\u0119zykowej i zyskasz g\u0142\u0119bsze uznanie dla j\u0119zyka nepalskiego. Wyrusz wi\u0119c w podr\u00f3\u017c z entuzjazmem i ciekawo\u015bci\u0105 i poznaj j\u0119zykowe skarby Nepalu!<\/p>\n<\/div><\/div>\n\r\n<section class=\"learnNavigationSection\">\r\n            \r\n        <a href=\"https:\/\/talkpal.ai\/pl\/naucz-sie-nepalskiego\/\">\r\n            <div class=\"learnNavigationWrapper\">\r\n                <div class=\"learnNavigationContent\">\r\n                    <img decoding=\"async\" src=\"https:\/\/talkpal.ai\/wp-content\/uploads\/2024\/08\/Nepali.jpg\" alt=\"Nepali Flag\">\r\n                    <div>\r\n                        <h4>O nauce nepalskiego<\/h4>\r\n                        <p>Dowiedz si\u0119 wszystkiego o gramatyce nepalskiej .<\/p>\r\n                    <\/div>\r\n                <\/div>\r\n            <\/div>\r\n        <\/a>\r\n\r\n        \r\n        <a href=\"https:\/\/talkpal.ai\/pl\/cwiczenia-gramatyczne-z-jezyka-nepalskiego\/\">\r\n            <div class=\"learnNavigationWrapper\">\r\n                <div class=\"learnNavigationContent\">\r\n                    <img decoding=\"async\" src=\"https:\/\/talkpal.ai\/wp-content\/uploads\/2024\/08\/Nepali.jpg\" alt=\"Nepali Flag\">\r\n                    <div>\r\n                        <h4>\u0106wiczenie gramatyczne w j\u0119zyku nepalskim<\/h4>\r\n                        <p>\u0106wicz gramatyk\u0119 nepalsk\u0105 .<\/p>\r\n                    <\/div>\r\n                <\/div>\r\n            <\/div>\r\n        <\/a>\r\n\r\n        \r\n        <a href=\"https:\/\/talkpal.ai\/vocabulary_language\/nepali\/\">\r\n            <div class=\"learnNavigationWrapper\">\r\n                <div class=\"learnNavigationContent\">\r\n                    <img decoding=\"async\" src=\"https:\/\/talkpal.ai\/wp-content\/uploads\/2024\/08\/Nepali.jpg\" alt=\"Nepali Flag\">\r\n                    <div>\r\n                        <h4>S\u0142ownictwo nepalskie<\/h4>\r\n                        <p>Poszerz swoje nepalskie s\u0142ownictwo.<\/p>\r\n                    <\/div>\r\n                <\/div>\r\n            <\/div>\r\n        <\/a>\r\n\r\n            <\/section>","protected":false},"excerpt":{"rendered":"<p>Zag\u0142\u0119bianie si\u0119 w bogactwo gramatyki nepalskiej: wnikliwy przewodnik Nepalski, j\u0119zyk indoaryjski, kt\u00f3rym pos\u0142uguje si\u0119 ponad 25 milion\u00f3w ludzi w Nepalu i s\u0105siednich regionach, jest wspania\u0142ym j\u0119zykiem, kt\u00f3ry pokazuje bogactwo kulturowe i r\u00f3\u017cnorodno\u015b\u0107 j\u0119zykow\u0105 Azji Po\u0142udniowej. Aby skutecznie porozumiewa\u0107 si\u0119 w j\u0119zyku nepalskim i naprawd\u0119 doceni\u0107 jego pi\u0119kno, trzeba zrozumie\u0107 jego gramatyk\u0119. W tym artykule przedstawimy [&hellip;]<\/p>\n","protected":false},"author":1,"featured_media":116117,"parent":0,"menu_order":0,"comment_status":"closed","ping_status":"closed","template":"LearningContentPage.php","meta":{"_acf_changed":false,"footnotes":""},"class_list":["post-148176","page","type-page","status-publish","has-post-thumbnail","hentry"],"acf":[],"yoast_head":"<!-- This site is optimized with the Yoast SEO Premium plugin v27.2 (Yoast SEO v27.2) - https:\/\/yoast.com\/product\/yoast-seo-premium-wordpress\/ -->\n<title>Gramatyka nepalska - Talkpal<\/title>\n<meta name=\"description\" content=\"Poznaj gramatyk\u0119 nepalsk\u0105 i lepiej zrozum j\u0119zyk dzi\u0119ki jasnym i zwi\u0119z\u0142ym obja\u015bnieniom.\" \/>\n<meta name=\"robots\" content=\"index, follow, max-snippet:-1, max-image-preview:large, max-video-preview:-1\" \/>\n<link rel=\"canonical\" href=\"https:\/\/talkpal.ai\/pl\/gramatyka-nepalska\/\" \/>\n<meta property=\"og:locale\" content=\"pl_PL\" \/>\n<meta property=\"og:type\" content=\"article\" \/>\n<meta property=\"og:title\" content=\"Gramatyka nepalska\" \/>\n<meta property=\"og:description\" content=\"Zag\u0142\u0119bianie si\u0119 w bogactwo gramatyki nepalskiej: wnikliwy przewodnik Nepalski, j\u0119zyk indoaryjski, kt\u00f3rym pos\u0142uguje si\u0119 ponad 25 milion\u00f3w ludzi w Nepalu i\" \/>\n<meta property=\"og:url\" content=\"https:\/\/talkpal.ai\/pl\/gramatyka-nepalska\/\" \/>\n<meta property=\"og:site_name\" content=\"Talkpal\" \/>\n<meta property=\"article:publisher\" content=\"https:\/\/www.facebook.com\/profile.php?id=100090733639311\" \/>\n<meta property=\"article:modified_time\" content=\"2025-12-17T16:59:40+00:00\" \/>\n<meta property=\"og:image\" content=\"https:\/\/talkpal.ai\/wp-content\/uploads\/2023\/05\/nepal.png\" \/>\n\t<meta property=\"og:image:width\" content=\"512\" \/>\n\t<meta property=\"og:image:height\" content=\"512\" \/>\n\t<meta property=\"og:image:type\" content=\"image\/png\" \/>\n<meta name=\"twitter:card\" content=\"summary_large_image\" \/>\n<meta name=\"twitter:site\" content=\"@talkpalai\" \/>\n<meta name=\"twitter:label1\" content=\"Szacowany czas czytania\" \/>\n\t<meta name=\"twitter:data1\" content=\"3 minuty\" \/>\n<script type=\"application\/ld+json\" class=\"yoast-schema-graph\">{\"@context\":\"https:\/\/schema.org\",\"@graph\":[{\"@type\":\"WebPage\",\"@id\":\"https:\/\/talkpal.ai\/pl\/gramatyka-nepalska\/\",\"url\":\"https:\/\/talkpal.ai\/pl\/gramatyka-nepalska\/\",\"name\":\"Gramatyka nepalska - Talkpal\",\"isPartOf\":{\"@id\":\"https:\/\/talkpal.ai\/pl\/#website\"},\"primaryImageOfPage\":{\"@id\":\"https:\/\/talkpal.ai\/pl\/gramatyka-nepalska\/#primaryimage\"},\"image\":{\"@id\":\"https:\/\/talkpal.ai\/pl\/gramatyka-nepalska\/#primaryimage\"},\"thumbnailUrl\":\"https:\/\/talkpal.ai\/wp-content\/uploads\/2023\/05\/nepal.png\",\"datePublished\":\"2023-05-14T14:12:45+00:00\",\"dateModified\":\"2025-12-17T16:59:40+00:00\",\"description\":\"Poznaj gramatyk\u0119 nepalsk\u0105 i lepiej zrozum j\u0119zyk dzi\u0119ki jasnym i zwi\u0119z\u0142ym obja\u015bnieniom.\",\"breadcrumb\":{\"@id\":\"https:\/\/talkpal.ai\/pl\/gramatyka-nepalska\/#breadcrumb\"},\"inLanguage\":\"pl-PL\",\"potentialAction\":[{\"@type\":\"ReadAction\",\"target\":[\"https:\/\/talkpal.ai\/pl\/gramatyka-nepalska\/\"]}]},{\"@type\":\"ImageObject\",\"inLanguage\":\"pl-PL\",\"@id\":\"https:\/\/talkpal.ai\/pl\/gramatyka-nepalska\/#primaryimage\",\"url\":\"https:\/\/talkpal.ai\/wp-content\/uploads\/2023\/05\/nepal.png\",\"contentUrl\":\"https:\/\/talkpal.ai\/wp-content\/uploads\/2023\/05\/nepal.png\",\"width\":512,\"height\":512},{\"@type\":\"BreadcrumbList\",\"@id\":\"https:\/\/talkpal.ai\/pl\/gramatyka-nepalska\/#breadcrumb\",\"itemListElement\":[{\"@type\":\"ListItem\",\"position\":1,\"name\":\"Homepage\",\"item\":\"https:\/\/talkpal.ai\/pl\/\"},{\"@type\":\"ListItem\",\"position\":2,\"name\":\"Gramatyka nepalska\"}]},{\"@type\":\"WebSite\",\"@id\":\"https:\/\/talkpal.ai\/pl\/#website\",\"url\":\"https:\/\/talkpal.ai\/pl\/\",\"name\":\"Talkpal\",\"description\":\"AI Language Learning\",\"publisher\":{\"@id\":\"https:\/\/talkpal.ai\/pl\/#organization\"},\"alternateName\":\"Talkpal AI\",\"potentialAction\":[{\"@type\":\"SearchAction\",\"target\":{\"@type\":\"EntryPoint\",\"urlTemplate\":\"https:\/\/talkpal.ai\/pl\/?s={search_term_string}\"},\"query-input\":{\"@type\":\"PropertyValueSpecification\",\"valueRequired\":true,\"valueName\":\"search_term_string\"}}],\"inLanguage\":\"pl-PL\"},{\"@type\":\"Organization\",\"@id\":\"https:\/\/talkpal.ai\/pl\/#organization\",\"name\":\"Talkpal, Inc.\",\"alternateName\":\"Talkpal AI\",\"url\":\"https:\/\/talkpal.ai\/pl\/\",\"logo\":{\"@type\":\"ImageObject\",\"inLanguage\":\"pl-PL\",\"@id\":\"https:\/\/talkpal.ai\/pl\/#\/schema\/logo\/image\/\",\"url\":\"https:\/\/talkpal.ai\/wp-content\/uploads\/2024\/03\/Talkpal-Logo-Icon.png\",\"contentUrl\":\"https:\/\/talkpal.ai\/wp-content\/uploads\/2024\/03\/Talkpal-Logo-Icon.png\",\"width\":2880,\"height\":2880,\"caption\":\"Talkpal, Inc.\"},\"image\":{\"@id\":\"https:\/\/talkpal.ai\/pl\/#\/schema\/logo\/image\/\"},\"sameAs\":[\"https:\/\/www.facebook.com\/profile.php?id=100090733639311\",\"https:\/\/x.com\/talkpalai\",\"https:\/\/www.linkedin.com\/company\/talkpal\/\",\"https:\/\/www.youtube.com\/@TalkPal\/\",\"https:\/\/www.tiktok.com\/@talkpal\",\"https:\/\/www.instagram.com\/talkpal_ai\/\",\"https:\/\/www.crunchbase.com\/organization\/talkpal-9cde\",\"https:\/\/www.g2.com\/products\/talkpal-for-business\/\",\"https:\/\/www.trustpilot.com\/review\/talkpal.ai\",\"https:\/\/www.capterra.com\/p\/10006800\/TalkPal\/\"],\"description\":\"Talkpal is a language learning web and mobile education app, powered by the latest AI technologies, that provides engaging experiences to its customers in many different languages to help them improve their language skills. Users can chat about unlimited amount of topics with the app and use other modes to practice their language learning.\",\"email\":\"support@talkpal.ai\",\"legalName\":\"Talkpal, Inc.\",\"foundingDate\":\"2023-04-03\",\"duns\":\"118989042\",\"numberOfEmployees\":{\"@type\":\"QuantitativeValue\",\"minValue\":\"11\",\"maxValue\":\"50\"},\"publishingPrinciples\":\"https:\/\/talkpal.ai\/publishing-principles\/\",\"actionableFeedbackPolicy\":\"https:\/\/talkpal.ai\/actionable-feedback-policy\/\",\"correctionsPolicy\":\"https:\/\/talkpal.ai\/corrections-policy\/\",\"ethicsPolicy\":\"https:\/\/talkpal.ai\/ethics-policy\/\",\"diversityPolicy\":\"https:\/\/talkpal.ai\/diversity-policy\/\",\"diversityStaffingReport\":\"https:\/\/talkpal.ai\/diversity-policy\/\"}]}<\/script>\n<!-- \/ Yoast SEO Premium plugin. -->","yoast_head_json":{"title":"Gramatyka nepalska - Talkpal","description":"Poznaj gramatyk\u0119 nepalsk\u0105 i lepiej zrozum j\u0119zyk dzi\u0119ki jasnym i zwi\u0119z\u0142ym obja\u015bnieniom.","robots":{"index":"index","follow":"follow","max-snippet":"max-snippet:-1","max-image-preview":"max-image-preview:large","max-video-preview":"max-video-preview:-1"},"canonical":"https:\/\/talkpal.ai\/pl\/gramatyka-nepalska\/","og_locale":"pl_PL","og_type":"article","og_title":"Gramatyka nepalska","og_description":"Zag\u0142\u0119bianie si\u0119 w bogactwo gramatyki nepalskiej: wnikliwy przewodnik Nepalski, j\u0119zyk indoaryjski, kt\u00f3rym pos\u0142uguje si\u0119 ponad 25 milion\u00f3w ludzi w Nepalu i","og_url":"https:\/\/talkpal.ai\/pl\/gramatyka-nepalska\/","og_site_name":"Talkpal","article_publisher":"https:\/\/www.facebook.com\/profile.php?id=100090733639311","article_modified_time":"2025-12-17T16:59:40+00:00","og_image":[{"width":512,"height":512,"url":"https:\/\/talkpal.ai\/wp-content\/uploads\/2023\/05\/nepal.png","type":"image\/png"}],"twitter_card":"summary_large_image","twitter_site":"@talkpalai","twitter_misc":{"Szacowany czas czytania":"3 minuty"},"schema":{"@context":"https:\/\/schema.org","@graph":[{"@type":"WebPage","@id":"https:\/\/talkpal.ai\/pl\/gramatyka-nepalska\/","url":"https:\/\/talkpal.ai\/pl\/gramatyka-nepalska\/","name":"Gramatyka nepalska - Talkpal","isPartOf":{"@id":"https:\/\/talkpal.ai\/pl\/#website"},"primaryImageOfPage":{"@id":"https:\/\/talkpal.ai\/pl\/gramatyka-nepalska\/#primaryimage"},"image":{"@id":"https:\/\/talkpal.ai\/pl\/gramatyka-nepalska\/#primaryimage"},"thumbnailUrl":"https:\/\/talkpal.ai\/wp-content\/uploads\/2023\/05\/nepal.png","datePublished":"2023-05-14T14:12:45+00:00","dateModified":"2025-12-17T16:59:40+00:00","description":"Poznaj gramatyk\u0119 nepalsk\u0105 i lepiej zrozum j\u0119zyk dzi\u0119ki jasnym i zwi\u0119z\u0142ym obja\u015bnieniom.","breadcrumb":{"@id":"https:\/\/talkpal.ai\/pl\/gramatyka-nepalska\/#breadcrumb"},"inLanguage":"pl-PL","potentialAction":[{"@type":"ReadAction","target":["https:\/\/talkpal.ai\/pl\/gramatyka-nepalska\/"]}]},{"@type":"ImageObject","inLanguage":"pl-PL","@id":"https:\/\/talkpal.ai\/pl\/gramatyka-nepalska\/#primaryimage","url":"https:\/\/talkpal.ai\/wp-content\/uploads\/2023\/05\/nepal.png","contentUrl":"https:\/\/talkpal.ai\/wp-content\/uploads\/2023\/05\/nepal.png","width":512,"height":512},{"@type":"BreadcrumbList","@id":"https:\/\/talkpal.ai\/pl\/gramatyka-nepalska\/#breadcrumb","itemListElement":[{"@type":"ListItem","position":1,"name":"Homepage","item":"https:\/\/talkpal.ai\/pl\/"},{"@type":"ListItem","position":2,"name":"Gramatyka nepalska"}]},{"@type":"WebSite","@id":"https:\/\/talkpal.ai\/pl\/#website","url":"https:\/\/talkpal.ai\/pl\/","name":"Talkpal","description":"AI Language Learning","publisher":{"@id":"https:\/\/talkpal.ai\/pl\/#organization"},"alternateName":"Talkpal AI","potentialAction":[{"@type":"SearchAction","target":{"@type":"EntryPoint","urlTemplate":"https:\/\/talkpal.ai\/pl\/?s={search_term_string}"},"query-input":{"@type":"PropertyValueSpecification","valueRequired":true,"valueName":"search_term_string"}}],"inLanguage":"pl-PL"},{"@type":"Organization","@id":"https:\/\/talkpal.ai\/pl\/#organization","name":"Talkpal, Inc.","alternateName":"Talkpal AI","url":"https:\/\/talkpal.ai\/pl\/","logo":{"@type":"ImageObject","inLanguage":"pl-PL","@id":"https:\/\/talkpal.ai\/pl\/#\/schema\/logo\/image\/","url":"https:\/\/talkpal.ai\/wp-content\/uploads\/2024\/03\/Talkpal-Logo-Icon.png","contentUrl":"https:\/\/talkpal.ai\/wp-content\/uploads\/2024\/03\/Talkpal-Logo-Icon.png","width":2880,"height":2880,"caption":"Talkpal, Inc."},"image":{"@id":"https:\/\/talkpal.ai\/pl\/#\/schema\/logo\/image\/"},"sameAs":["https:\/\/www.facebook.com\/profile.php?id=100090733639311","https:\/\/x.com\/talkpalai","https:\/\/www.linkedin.com\/company\/talkpal\/","https:\/\/www.youtube.com\/@TalkPal\/","https:\/\/www.tiktok.com\/@talkpal","https:\/\/www.instagram.com\/talkpal_ai\/","https:\/\/www.crunchbase.com\/organization\/talkpal-9cde","https:\/\/www.g2.com\/products\/talkpal-for-business\/","https:\/\/www.trustpilot.com\/review\/talkpal.ai","https:\/\/www.capterra.com\/p\/10006800\/TalkPal\/"],"description":"Talkpal is a language learning web and mobile education app, powered by the latest AI technologies, that provides engaging experiences to its customers in many different languages to help them improve their language skills. Users can chat about unlimited amount of topics with the app and use other modes to practice their language learning.","email":"support@talkpal.ai","legalName":"Talkpal, Inc.","foundingDate":"2023-04-03","duns":"118989042","numberOfEmployees":{"@type":"QuantitativeValue","minValue":"11","maxValue":"50"},"publishingPrinciples":"https:\/\/talkpal.ai\/publishing-principles\/","actionableFeedbackPolicy":"https:\/\/talkpal.ai\/actionable-feedback-policy\/","correctionsPolicy":"https:\/\/talkpal.ai\/corrections-policy\/","ethicsPolicy":"https:\/\/talkpal.ai\/ethics-policy\/","diversityPolicy":"https:\/\/talkpal.ai\/diversity-policy\/","diversityStaffingReport":"https:\/\/talkpal.ai\/diversity-policy\/"}]}},"_links":{"self":[{"href":"https:\/\/talkpal.ai\/pl\/wp-json\/wp\/v2\/pages\/148176","targetHints":{"allow":["GET"]}}],"collection":[{"href":"https:\/\/talkpal.ai\/pl\/wp-json\/wp\/v2\/pages"}],"about":[{"href":"https:\/\/talkpal.ai\/pl\/wp-json\/wp\/v2\/types\/page"}],"author":[{"embeddable":true,"href":"https:\/\/talkpal.ai\/pl\/wp-json\/wp\/v2\/users\/1"}],"replies":[{"embeddable":true,"href":"https:\/\/talkpal.ai\/pl\/wp-json\/wp\/v2\/comments?post=148176"}],"version-history":[{"count":0,"href":"https:\/\/talkpal.ai\/pl\/wp-json\/wp\/v2\/pages\/148176\/revisions"}],"wp:featuredmedia":[{"embeddable":true,"href":"https:\/\/talkpal.ai\/pl\/wp-json\/wp\/v2\/media\/116117"}],"wp:attachment":[{"href":"https:\/\/talkpal.ai\/pl\/wp-json\/wp\/v2\/media?parent=148176"}],"curies":[{"name":"wp","href":"https:\/\/api.w.org\/{rel}","templated":true}]}}