{"id":1481483,"date":"2025-11-27T17:03:24","date_gmt":"2025-11-27T17:03:24","guid":{"rendered":"https:\/\/talkpal.ai\/talkpal-halloween-znizka\/"},"modified":"2026-01-22T15:18:46","modified_gmt":"2026-01-22T15:18:46","slug":"talkpal-halloween-znizka","status":"publish","type":"page","link":"https:\/\/talkpal.ai\/pl\/talkpal-halloween-znizka\/","title":{"rendered":"Talkpal Halloween Zni\u017cka"},"content":{"rendered":"<section class=\"languageChallengeSection\">\r\n    <div class=\"languageInfoWrapper\">\r\n        \r\n        <h1>Talkpal Halloween Zni\u017cka<\/h1>\r\n        <p>Czy jeste\u015b gotowy, by wzmocni\u0107 swoje umiej\u0119tno\u015bci j\u0119zykowe? W to Halloween Talkpal oferuje ekskluzywn\u0105 79% zni\u017ck\u0119, kt\u00f3ra pomo\u017ce Ci uczy\u0107 si\u0119 szybciej i m\u0105drzej. Odblokuj wszystkie funkcje premium, \u0107wicz prawdziwe rozmowy z AI i buduj p\u0142ynno\u015b\u0107 za po\u0142ow\u0119 koszt\u00f3w.<\/p>\r\n\r\n                    <a class=\"getStartedHidden\" href=\"https:\/\/app.talkpal.ai\/signup?discount=50\">\r\n                Uzyskaj zni\u017ck\u0119            <\/a>\r\n            <\/div>\r\n\r\n            <figure>\r\n            <img decoding=\"async\" class=\"no-lazy\" src=\"https:\/\/talkpal.ai\/wp-content\/uploads\/2026\/01\/curly-girl-with-phone-light-background.webp\" alt=\"\" fetchpriority=\"high\" \/>\r\n        <\/figure>\r\n        \r\n                    <a class=\"getStartedVisible\" href=\"https:\/\/app.talkpal.ai\/signup?discount=50\">\r\n                Uzyskaj zni\u017ck\u0119            <\/a>\r\n        <\/section><section class=\"featureSection\">\r\n    <div class=\"featureIntroduce\">\r\n        <a class=\"introduceLink\" href=\"https:\/\/app.talkpal.ai\/pl\/signup?lng=\">\r\n            <img decoding=\"async\" src=\"https:\/\/talkpal.ai\/wp-content\/themes\/talkpal\/assets\/img\/Sparkle.svg\" alt=\"\" \/>Najbardziej zaawansowany\n  AI<\/a>\r\n        <h3 class=\"featureTitle\">R\u00f3\u017cnica talkpal<\/h3>\r\n    <\/div>\r\n            <div class=\"introduceWrapper\">\r\n                            <a class=\"introducCard\" href=\"https:\/\/app.talkpal.ai\/pl\/signup?lng=\">\r\n\r\n                    \r\n                                                <img decoding=\"async\" src=\"https:\/\/talkpal.ai\/wp-content\/uploads\/2025\/05\/Immersive_conversations.png\" alt=\"Immersive Conversation Screenshot\" \/>\r\n                        <h4 class=\"introduceTitle\">Spersonalizowana edukacja<\/h4>\r\n                        <p class=\"cardText\">\u015acie\u017cka ka\u017cdego ucznia jest inna, z podr\u00f3\u017cami, prac\u0105 i napi\u0119tymi grafikami. Talkpal wykorzystuje zaawansowan\u0105 sztuczn\u0105 inteligencj\u0119, aby uczy\u0107 si\u0119 z milion\u00f3w wzorc\u00f3w nauki i tworzy\u0107 spersonalizowane, efektywne i anga\u017cuj\u0105ce do\u015bwiadczenia dostosowane do Ciebie.<\/p>\r\n                    \r\n                <\/a>\r\n                            <a class=\"introducCard\" href=\"https:\/\/app.talkpal.ai\/pl\/signup?lng=\">\r\n\r\n                    \r\n                                                <img decoding=\"async\" src=\"https:\/\/talkpal.ai\/wp-content\/uploads\/2025\/05\/Realtime_feedback.png\" alt=\"Feedback Screenshot\" \/>\r\n                        <h4 class=\"introduceTitle\">Najnowocze\u015bniejsza technologia<\/h4>\r\n                        <p class=\"cardText\">Nasz\u0105 misj\u0105 jest udost\u0119pnienie spersonalizowanej nauki j\u0119zyka ka\u017cdemu poprzez po\u0142\u0105czenie nowoczesnej sztucznej inteligencji z sprawdzonymi metodami nauczania. W to Halloween jest bardziej dost\u0119pne ni\u017c kiedykolwiek. Dzi\u0119ki Talkpal otrzymujesz dopasowan\u0105 podr\u00f3\u017c, dostosowan\u0105 do Twojego tempa, stylu \u017cycia i cel\u00f3w, gdziekolwiek zaprowadzi Ci\u0119 \u017cycie.<\/p>\r\n                    \r\n                <\/a>\r\n                            <a class=\"introducCard\" href=\"https:\/\/app.talkpal.ai\/pl\/signup?lng=\">\r\n\r\n                    \r\n                                                <img decoding=\"async\" src=\"https:\/\/talkpal.ai\/wp-content\/uploads\/2025\/05\/Personalization.png\" alt=\"Personalization Screenshot\" \/>\r\n                        <h4 class=\"introduceTitle\">Zabawa w nauk\u0119<\/h4>\r\n                        <p class=\"cardText\">Wierzymy, \u017ce nauka j\u0119zyk\u00f3w powinna by\u0107 przyjemna i motywuj\u0105ca. Dlatego Talkpal utrzymuje zaanga\u017cowanie i inspiracj\u0119, dzi\u0119ki czemu nie przypomina nauki, a bardziej przygod\u0119. Do\u0142\u0105cz do tysi\u0119cy uczni\u00f3w na ca\u0142ym \u015bwiecie i skorzystaj z naszej halloweenowej oferty, aby zacz\u0105\u0107 opanowa\u0107 sw\u00f3j kolejny j\u0119zyk.<\/p>\r\n                    \r\n                <\/a>\r\n                            <\/div>\r\n                     <a class=\"featureSectionLink\" href=\"https:\/\/app.talkpal.ai\/signup?discount=50\">\r\n                Uzyskaj zni\u017ck\u0119            <\/a>\r\n                \r\n<\/section>\r\n\r\n\r\n<section class=\"smartFunSection\">\r\n            \r\n            <div class=\"smartFunCard\">\r\n                <div class=\"smartFunWrapper\"><img decoding=\"async\" src=\"https:\/\/talkpal.ai\/wp-content\/uploads\/2025\/05\/1.png\" alt=\"Learning Stats Screenshot\"><\/div>\r\n                <h3>Dopasowane do Ciebie<\/h3>\r\n                <p>Talkpal wykorzystuje technologi\u0119 opart\u0105 na AI, aby dostarcza\u0107 spersonalizowane sesje dopasowane do Twojego poziomu i tempa. Ka\u017cda lekcja spe\u0142nia Twoje potrzeby i pomaga robi\u0107 sta\u0142e post\u0119py, niezale\u017cnie od tego, czy jeste\u015b w kraju, czy za granic\u0105.<\/p>\r\n            <\/div>\r\n\r\n        \r\n            <div class=\"smartFunCard\">\r\n                <div class=\"smartFunWrapper\"><img decoding=\"async\" src=\"https:\/\/talkpal.ai\/wp-content\/uploads\/2025\/05\/2.png\" alt=\"Pronunciation Score Screenshot\"><\/div>\r\n                <h3>Efektywno\u015b\u0107 i wydajno\u015b\u0107<\/h3>\r\n                <p>Wzmacniaj swoje umiej\u0119tno\u015bci czytania, s\u0142uchania i m\u00f3wienia efektywnie dzi\u0119ki Talkpal. Nasze innowacyjne narz\u0119dzia sprawiaj\u0105, \u017ce nauka j\u0119zyka jest zar\u00f3wno efektywna, jak i przyjemna dla uczni\u00f3w o r\u00f3\u017cnych harmonogramach.<\/p>\r\n            <\/div>\r\n\r\n        \r\n            <div class=\"smartFunCard\">\r\n                <div class=\"smartFunWrapper\"><img decoding=\"async\" src=\"https:\/\/talkpal.ai\/wp-content\/uploads\/2025\/05\/3.png\" alt=\"Chat Topics Screenshot\"><\/div>\r\n                <h3>Zachowaj zaanga\u017cowanie<\/h3>\r\n                <p>Platforma \u0142\u0105czy elementy grywalizacji, anga\u017cuj\u0105ce wyzwania i prowokuj\u0105ce do refleksji motywacje, kt\u00f3re pomagaj\u0105 utrzyma\u0107 motywacj\u0119 i konsekwencj\u0119. Dzi\u0119ki Talkpalowi nauka j\u0119zyka staje si\u0119 codziennym nawykiem, a nie kolejnym obowi\u0105zkiem.<\/p>\r\n            <\/div>\r\n\r\n        \r\n            <div class=\"smartFunCard\">\r\n                <div class=\"smartFunWrapper\"><img decoding=\"async\" src=\"https:\/\/talkpal.ai\/wp-content\/uploads\/2025\/05\/4.png\" alt=\"Dashboard Screenshot\"><\/div>\r\n                <h3>Ciesz si\u0119 nauk\u0105<\/h3>\r\n                <p>Opanowanie nowego j\u0119zyka nie musi by\u0107 \u017cmudne. Talkpal oferuje interaktywne \u0107wiczenia, \u017cywe postacie i lekkie rozmowy z AI, kt\u00f3re sprawiaj\u0105, \u017ce nauka b\u0119dzie przyjemn\u0105 cz\u0119\u015bci\u0105 Twojego dnia. Zabezpiecz 79% zni\u017cki na Halloween i zacznij ju\u017c dzi\u015b.<\/p>\r\n            <\/div>\r\n\r\n            \r\n<\/section>\r\n\r\n<section class=\"promotionalBanner\">\r\n    <p class=\"promotionalText\">Talkpal Halloween Discount \u2013 zacznij uczy\u0107 si\u0119 od obni\u017conej ceny<\/p>\r\n                <a class=\"promotionalLink\" href=\"https:\/\/app.talkpal.ai\/signup?discount=50\">\r\n                Uzyskaj zni\u017ck\u0119            <\/a>\r\n            \r\n<\/section>","protected":false},"excerpt":{"rendered":"","protected":false},"author":20,"featured_media":0,"parent":0,"menu_order":0,"comment_status":"closed","ping_status":"closed","template":"LearningContentPage.php","meta":{"_acf_changed":false,"footnotes":""},"class_list":["post-1481483","page","type-page","status-publish","hentry"],"acf":[],"yoast_head":"<!-- This site is optimized with the Yoast SEO Premium plugin v27.2 (Yoast SEO v27.2) - https:\/\/yoast.com\/product\/yoast-seo-premium-wordpress\/ -->\n<title>Talkpal Halloween Zni\u017cka - Talkpal<\/title>\n<meta name=\"description\" content=\"Zaoszcz\u0119d\u017a 79% na Talkpal Premium w to Halloween i opanuj dowolny j\u0119zyk dzi\u0119ki naszemu zaawansowanemu korepetytorowi AI.\" \/>\n<meta name=\"robots\" content=\"index, follow, max-snippet:-1, max-image-preview:large, max-video-preview:-1\" \/>\n<link rel=\"canonical\" href=\"https:\/\/talkpal.ai\/pl\/talkpal-halloween-znizka\/\" \/>\n<meta property=\"og:locale\" content=\"pl_PL\" \/>\n<meta property=\"og:type\" content=\"article\" \/>\n<meta property=\"og:title\" content=\"Talkpal Halloween Zni\u017cka\" \/>\n<meta property=\"og:url\" content=\"https:\/\/talkpal.ai\/pl\/talkpal-halloween-znizka\/\" \/>\n<meta property=\"og:site_name\" content=\"Talkpal\" \/>\n<meta property=\"article:publisher\" content=\"https:\/\/www.facebook.com\/profile.php?id=100090733639311\" \/>\n<meta property=\"article:modified_time\" content=\"2026-01-22T15:18:46+00:00\" \/>\n<meta property=\"og:image\" content=\"https:\/\/talkpal.ai\/wp-content\/uploads\/2025\/02\/Progress-tab-16_9.png\" \/>\n\t<meta property=\"og:image:width\" content=\"2880\" \/>\n\t<meta property=\"og:image:height\" content=\"1620\" \/>\n\t<meta property=\"og:image:type\" content=\"image\/png\" \/>\n<meta name=\"twitter:card\" content=\"summary_large_image\" \/>\n<meta name=\"twitter:site\" content=\"@talkpalai\" \/>\n<script type=\"application\/ld+json\" class=\"yoast-schema-graph\">{\"@context\":\"https:\/\/schema.org\",\"@graph\":[{\"@type\":\"WebPage\",\"@id\":\"https:\/\/talkpal.ai\/pl\/talkpal-halloween-znizka\/\",\"url\":\"https:\/\/talkpal.ai\/pl\/talkpal-halloween-znizka\/\",\"name\":\"Talkpal Halloween Zni\u017cka - Talkpal\",\"isPartOf\":{\"@id\":\"https:\/\/talkpal.ai\/pl\/#website\"},\"datePublished\":\"2025-11-27T17:03:24+00:00\",\"dateModified\":\"2026-01-22T15:18:46+00:00\",\"description\":\"Zaoszcz\u0119d\u017a 79% na Talkpal Premium w to Halloween i opanuj dowolny j\u0119zyk dzi\u0119ki naszemu zaawansowanemu korepetytorowi AI.\",\"breadcrumb\":{\"@id\":\"https:\/\/talkpal.ai\/pl\/talkpal-halloween-znizka\/#breadcrumb\"},\"inLanguage\":\"pl-PL\",\"potentialAction\":[{\"@type\":\"ReadAction\",\"target\":[\"https:\/\/talkpal.ai\/pl\/talkpal-halloween-znizka\/\"]}]},{\"@type\":\"BreadcrumbList\",\"@id\":\"https:\/\/talkpal.ai\/pl\/talkpal-halloween-znizka\/#breadcrumb\",\"itemListElement\":[{\"@type\":\"ListItem\",\"position\":1,\"name\":\"Homepage\",\"item\":\"https:\/\/talkpal.ai\/pl\/\"},{\"@type\":\"ListItem\",\"position\":2,\"name\":\"Talkpal Halloween Zni\u017cka\"}]},{\"@type\":\"WebSite\",\"@id\":\"https:\/\/talkpal.ai\/pl\/#website\",\"url\":\"https:\/\/talkpal.ai\/pl\/\",\"name\":\"Talkpal\",\"description\":\"AI Language Learning\",\"publisher\":{\"@id\":\"https:\/\/talkpal.ai\/pl\/#organization\"},\"alternateName\":\"Talkpal AI\",\"potentialAction\":[{\"@type\":\"SearchAction\",\"target\":{\"@type\":\"EntryPoint\",\"urlTemplate\":\"https:\/\/talkpal.ai\/pl\/?s={search_term_string}\"},\"query-input\":{\"@type\":\"PropertyValueSpecification\",\"valueRequired\":true,\"valueName\":\"search_term_string\"}}],\"inLanguage\":\"pl-PL\"},{\"@type\":\"Organization\",\"@id\":\"https:\/\/talkpal.ai\/pl\/#organization\",\"name\":\"Talkpal, Inc.\",\"alternateName\":\"Talkpal AI\",\"url\":\"https:\/\/talkpal.ai\/pl\/\",\"logo\":{\"@type\":\"ImageObject\",\"inLanguage\":\"pl-PL\",\"@id\":\"https:\/\/talkpal.ai\/pl\/#\/schema\/logo\/image\/\",\"url\":\"https:\/\/talkpal.ai\/wp-content\/uploads\/2024\/03\/Talkpal-Logo-Icon.png\",\"contentUrl\":\"https:\/\/talkpal.ai\/wp-content\/uploads\/2024\/03\/Talkpal-Logo-Icon.png\",\"width\":2880,\"height\":2880,\"caption\":\"Talkpal, Inc.\"},\"image\":{\"@id\":\"https:\/\/talkpal.ai\/pl\/#\/schema\/logo\/image\/\"},\"sameAs\":[\"https:\/\/www.facebook.com\/profile.php?id=100090733639311\",\"https:\/\/x.com\/talkpalai\",\"https:\/\/www.linkedin.com\/company\/talkpal\/\",\"https:\/\/www.youtube.com\/@TalkPal\/\",\"https:\/\/www.tiktok.com\/@talkpal\",\"https:\/\/www.instagram.com\/talkpal_ai\/\",\"https:\/\/www.crunchbase.com\/organization\/talkpal-9cde\",\"https:\/\/www.g2.com\/products\/talkpal-for-business\/\",\"https:\/\/www.trustpilot.com\/review\/talkpal.ai\",\"https:\/\/www.capterra.com\/p\/10006800\/TalkPal\/\"],\"description\":\"Talkpal is a language learning web and mobile education app, powered by the latest AI technologies, that provides engaging experiences to its customers in many different languages to help them improve their language skills. Users can chat about unlimited amount of topics with the app and use other modes to practice their language learning.\",\"email\":\"support@talkpal.ai\",\"legalName\":\"Talkpal, Inc.\",\"foundingDate\":\"2023-04-03\",\"duns\":\"118989042\",\"numberOfEmployees\":{\"@type\":\"QuantitativeValue\",\"minValue\":\"11\",\"maxValue\":\"50\"},\"publishingPrinciples\":\"https:\/\/talkpal.ai\/publishing-principles\/\",\"actionableFeedbackPolicy\":\"https:\/\/talkpal.ai\/actionable-feedback-policy\/\",\"correctionsPolicy\":\"https:\/\/talkpal.ai\/corrections-policy\/\",\"ethicsPolicy\":\"https:\/\/talkpal.ai\/ethics-policy\/\",\"diversityPolicy\":\"https:\/\/talkpal.ai\/diversity-policy\/\",\"diversityStaffingReport\":\"https:\/\/talkpal.ai\/diversity-policy\/\"}]}<\/script>\n<!-- \/ Yoast SEO Premium plugin. -->","yoast_head_json":{"title":"Talkpal Halloween Zni\u017cka - Talkpal","description":"Zaoszcz\u0119d\u017a 79% na Talkpal Premium w to Halloween i opanuj dowolny j\u0119zyk dzi\u0119ki naszemu zaawansowanemu korepetytorowi AI.","robots":{"index":"index","follow":"follow","max-snippet":"max-snippet:-1","max-image-preview":"max-image-preview:large","max-video-preview":"max-video-preview:-1"},"canonical":"https:\/\/talkpal.ai\/pl\/talkpal-halloween-znizka\/","og_locale":"pl_PL","og_type":"article","og_title":"Talkpal Halloween Zni\u017cka","og_url":"https:\/\/talkpal.ai\/pl\/talkpal-halloween-znizka\/","og_site_name":"Talkpal","article_publisher":"https:\/\/www.facebook.com\/profile.php?id=100090733639311","article_modified_time":"2026-01-22T15:18:46+00:00","og_image":[{"width":2880,"height":1620,"url":"https:\/\/talkpal.ai\/wp-content\/uploads\/2025\/02\/Progress-tab-16_9.png","type":"image\/png"}],"twitter_card":"summary_large_image","twitter_site":"@talkpalai","schema":{"@context":"https:\/\/schema.org","@graph":[{"@type":"WebPage","@id":"https:\/\/talkpal.ai\/pl\/talkpal-halloween-znizka\/","url":"https:\/\/talkpal.ai\/pl\/talkpal-halloween-znizka\/","name":"Talkpal Halloween Zni\u017cka - Talkpal","isPartOf":{"@id":"https:\/\/talkpal.ai\/pl\/#website"},"datePublished":"2025-11-27T17:03:24+00:00","dateModified":"2026-01-22T15:18:46+00:00","description":"Zaoszcz\u0119d\u017a 79% na Talkpal Premium w to Halloween i opanuj dowolny j\u0119zyk dzi\u0119ki naszemu zaawansowanemu korepetytorowi AI.","breadcrumb":{"@id":"https:\/\/talkpal.ai\/pl\/talkpal-halloween-znizka\/#breadcrumb"},"inLanguage":"pl-PL","potentialAction":[{"@type":"ReadAction","target":["https:\/\/talkpal.ai\/pl\/talkpal-halloween-znizka\/"]}]},{"@type":"BreadcrumbList","@id":"https:\/\/talkpal.ai\/pl\/talkpal-halloween-znizka\/#breadcrumb","itemListElement":[{"@type":"ListItem","position":1,"name":"Homepage","item":"https:\/\/talkpal.ai\/pl\/"},{"@type":"ListItem","position":2,"name":"Talkpal Halloween Zni\u017cka"}]},{"@type":"WebSite","@id":"https:\/\/talkpal.ai\/pl\/#website","url":"https:\/\/talkpal.ai\/pl\/","name":"Talkpal","description":"AI Language Learning","publisher":{"@id":"https:\/\/talkpal.ai\/pl\/#organization"},"alternateName":"Talkpal AI","potentialAction":[{"@type":"SearchAction","target":{"@type":"EntryPoint","urlTemplate":"https:\/\/talkpal.ai\/pl\/?s={search_term_string}"},"query-input":{"@type":"PropertyValueSpecification","valueRequired":true,"valueName":"search_term_string"}}],"inLanguage":"pl-PL"},{"@type":"Organization","@id":"https:\/\/talkpal.ai\/pl\/#organization","name":"Talkpal, Inc.","alternateName":"Talkpal AI","url":"https:\/\/talkpal.ai\/pl\/","logo":{"@type":"ImageObject","inLanguage":"pl-PL","@id":"https:\/\/talkpal.ai\/pl\/#\/schema\/logo\/image\/","url":"https:\/\/talkpal.ai\/wp-content\/uploads\/2024\/03\/Talkpal-Logo-Icon.png","contentUrl":"https:\/\/talkpal.ai\/wp-content\/uploads\/2024\/03\/Talkpal-Logo-Icon.png","width":2880,"height":2880,"caption":"Talkpal, Inc."},"image":{"@id":"https:\/\/talkpal.ai\/pl\/#\/schema\/logo\/image\/"},"sameAs":["https:\/\/www.facebook.com\/profile.php?id=100090733639311","https:\/\/x.com\/talkpalai","https:\/\/www.linkedin.com\/company\/talkpal\/","https:\/\/www.youtube.com\/@TalkPal\/","https:\/\/www.tiktok.com\/@talkpal","https:\/\/www.instagram.com\/talkpal_ai\/","https:\/\/www.crunchbase.com\/organization\/talkpal-9cde","https:\/\/www.g2.com\/products\/talkpal-for-business\/","https:\/\/www.trustpilot.com\/review\/talkpal.ai","https:\/\/www.capterra.com\/p\/10006800\/TalkPal\/"],"description":"Talkpal is a language learning web and mobile education app, powered by the latest AI technologies, that provides engaging experiences to its customers in many different languages to help them improve their language skills. Users can chat about unlimited amount of topics with the app and use other modes to practice their language learning.","email":"support@talkpal.ai","legalName":"Talkpal, Inc.","foundingDate":"2023-04-03","duns":"118989042","numberOfEmployees":{"@type":"QuantitativeValue","minValue":"11","maxValue":"50"},"publishingPrinciples":"https:\/\/talkpal.ai\/publishing-principles\/","actionableFeedbackPolicy":"https:\/\/talkpal.ai\/actionable-feedback-policy\/","correctionsPolicy":"https:\/\/talkpal.ai\/corrections-policy\/","ethicsPolicy":"https:\/\/talkpal.ai\/ethics-policy\/","diversityPolicy":"https:\/\/talkpal.ai\/diversity-policy\/","diversityStaffingReport":"https:\/\/talkpal.ai\/diversity-policy\/"}]}},"_links":{"self":[{"href":"https:\/\/talkpal.ai\/pl\/wp-json\/wp\/v2\/pages\/1481483","targetHints":{"allow":["GET"]}}],"collection":[{"href":"https:\/\/talkpal.ai\/pl\/wp-json\/wp\/v2\/pages"}],"about":[{"href":"https:\/\/talkpal.ai\/pl\/wp-json\/wp\/v2\/types\/page"}],"author":[{"embeddable":true,"href":"https:\/\/talkpal.ai\/pl\/wp-json\/wp\/v2\/users\/20"}],"replies":[{"embeddable":true,"href":"https:\/\/talkpal.ai\/pl\/wp-json\/wp\/v2\/comments?post=1481483"}],"version-history":[{"count":0,"href":"https:\/\/talkpal.ai\/pl\/wp-json\/wp\/v2\/pages\/1481483\/revisions"}],"wp:attachment":[{"href":"https:\/\/talkpal.ai\/pl\/wp-json\/wp\/v2\/media?parent=1481483"}],"curies":[{"name":"wp","href":"https:\/\/api.w.org\/{rel}","templated":true}]}}