{"id":1477651,"date":"2025-11-11T15:33:20","date_gmt":"2025-11-11T15:33:20","guid":{"rendered":"https:\/\/talkpal.ai\/cwiczenia-z-gramatyki-baskijskiej\/"},"modified":"2025-12-30T15:35:36","modified_gmt":"2025-12-30T15:35:36","slug":"cwiczenia-z-gramatyki-baskijskiej","status":"publish","type":"page","link":"https:\/\/talkpal.ai\/pl\/cwiczenia-z-gramatyki-baskijskiej\/","title":{"rendered":"\u0106wiczenia z gramatyki baskijskiej"},"content":{"rendered":"\r\n\r\n\r\n<section class=\"languageChallengeSection\">\r\n    <div class=\"languageInfoWrapper\">\r\n        \r\n        <h1>\u0106wiczenia z gramatyki baskijskiej<\/h1>\r\n        <p>Gotowy, aby zag\u0142\u0119bi\u0107 si\u0119 w gramatyk\u0119 baskijsk\u0105? Prze\u0107wiczenie kilku podstaw pomo\u017ce ci poczu\u0107 si\u0119 komfortowo z tym wyj\u0105tkowym i pi\u0119knym j\u0119zykiem. Wypr\u00f3buj te \u0107wiczenia, aby zbudowa\u0107 pewno\u015b\u0107 siebie i dobrze si\u0119 przy tym bawi\u0107!<\/p>\r\n\r\n                            <a class=\"getStartedHidden\" href=\"https:\/\/app.talkpal.ai\/pl\/signup?lng=\">Zaczynaj<\/a>\r\n        \r\n    <\/div>\r\n\r\n    <figure>\r\n    <img decoding=\"async\" width=\"768\" height=\"768\" src=\"https:\/\/talkpal.ai\/wp-content\/uploads\/2023\/06\/welsh-768x768.png\" class=\"languageImage no-lazy\" alt=\"Language learning for better cognitive abilities\" fetchpriority=\"high\" sizes=\"(max-width: 768px) 150px, 768px\" srcset=\"https:\/\/talkpal.ai\/wp-content\/uploads\/2023\/06\/welsh-768x768.png 768w, https:\/\/talkpal.ai\/wp-content\/uploads\/2023\/06\/welsh-300x300.png 300w\" \/>\r\n    \r\n\r\n    <\/figure>\r\n\r\n            <a class=\"getStartedVisible\" href=\"https:\/\/app.talkpal.ai\/pl\/signup?lng=\">Zaczynaj<\/a>\r\n    \r\n<\/section><section class=\"promotionalBanner\">\r\n    <p class=\"promotionalText\">Najbardziej efektywny spos\u00f3b nauki j\u0119zyka<\/p>\r\n    <a class=\"promotionalLink\" href=\"https:\/\/app.talkpal.ai\/pl\/signup?lng=\">Wypr\u00f3buj Talkpal za darmo<\/a>\r\n<\/section>\n<div class=\"wp-block-group pageContainerStyle\"><div class=\"wp-block-group__inner-container is-layout-constrained wp-block-group-is-layout-constrained\">\n<h2 class=\"wp-block-heading\" id=\"h-basque-grammar-topics\">Zagadnienia gramatyki baskijskiej<\/h2>\n\n\n\n<p><a href=\"https:\/\/talkpal.ai\/pl\/najwieksze-bledy-ktorych-nalezy-unikac-podczas-nauki-nowego-jezyka\/\">Nauka nowego j\u0119zyka<\/a> Nauka nowego j\u0119zyka mo\u017ce by\u0107 trudnym, ale satysfakcjonuj\u0105cym przedsi\u0119wzi\u0119ciem. J\u0119zyk <a href=\"https:\/\/talkpal.ai\/learn-basque\/\">baskijski<\/a>, izolowany w Kraju Bask\u00f3w, nie jest wyj\u0105tkiem. Dzi\u0119ki swoim unikalnym cechom i strukturom, w tym ergatywno\u015bci i rozbudowanemu systemowi przypadk\u00f3w, <a href=\"https:\/\/talkpal.ai\/pl\/talkpal-dla-edukacji\/\">nauka<\/a> j\u0119zyka baskijskiego wymaga systematycznego podej\u015bcia do zrozumienia jego gramatyki. Ten przewodnik przedstawia kluczowe obszary<a href=\"https:\/\/talkpal.ai\/pl\/gramatyka-baskijska\/\"> gramatyki <\/a>baskijskiej w logicznej kolejno\u015bci do <a href=\"https:\/\/talkpal.ai\/pl\/chatbot-ai-do-nauki-jezykow-obcych\/\">nauki j\u0119zyka<\/a>, zaczynaj\u0105c od podstaw, takich jak rzeczowniki i rodzajniki, a ko\u0144cz\u0105c na bardziej z\u0142o\u017conych obszarach, takich jak czasy i konstrukcja zda\u0144.<\/p>\n\n\n\n<h3 class=\"wp-block-heading\" id=\"h-1-nouns\">1. Rzeczowniki:<\/h3>\n\n\n\n<p>Rozpocznij swoj\u0105 przygod\u0119 z j\u0119zykiem baskijskim od nauki rzeczownik\u00f3w. Obejmuje to zrozumienie rzeczownik\u00f3w pospolitych i w\u0142asnych, tego, jak liczba i okre\u015blono\u015b\u0107 s\u0105 oznaczane sufiksami oraz jak ko\u0144c\u00f3wki przypadk\u00f3w dzia\u0142aj\u0105 dla r\u00f3l takich jak absolutny, ergatywny i celownik.<\/p>\n\n\n\n<h3 class=\"wp-block-heading\" id=\"h-2-articles\">2. Artyku\u0142y:<\/h3>\n\n\n\n<p>Artyku\u0142y w j\u0119zyku baskijskim funkcjonuj\u0105 inaczej ni\u017c w <a href=\"https:\/\/talkpal.ai\/pl\/praktyka-mowienia-po-angielsku-ai\/\">j\u0119zyku angielskim<\/a>. Rodzajnik okre\u015blony jest przyrostkiem do\u0142\u0105czonym do rzeczownika i nie ma prawdziwego rodzajnika nieokre\u015blonego. Opanowanie sposobu oznaczania okre\u015blono\u015bci i liczby jest kluczowe w konstruowaniu zda\u0144.<\/p>\n\n\n\n<h3 class=\"wp-block-heading\" id=\"h-3-adjectives\">3. Przymiotniki:<\/h3>\n\n\n\n<p>Przymiotniki w j\u0119zyku baskijskim zazwyczaj nast\u0119puj\u0105 po rzeczownikach. Dowiedz si\u0119, jak rodzajnik do\u0142\u0105cza si\u0119 do ko\u0144ca ca\u0142ej frazy rzeczownikowej i jak tworzy\u0107 por\u00f3wnania i superlatywy, na przyk\u0142ad z -ago dla por\u00f3wnania i -en z rodzajnikiem dla stopnia wy\u017cszego.<\/p>\n\n\n\n<h3 class=\"wp-block-heading\" id=\"h-4-pronouns-determiners\">4. Zaimki\/okre\u015blniki:<\/h3>\n\n\n\n<p>Zaimki i okre\u015blniki s\u0105 niezb\u0119dne w j\u0119zyku baskijskim; Zast\u0119puj\u0105 rzeczowniki i dostarczaj\u0105 informacji o ilo\u015bci, posiadaniu i nie tylko. Zwr\u00f3\u0107 uwag\u0119 na okre\u015blniki dzier\u017cawcze i na to, jak osoba i liczba s\u0105 odzwierciedlone w czasowniku posi\u0142kowym.<\/p>\n\n\n\n<h3 class=\"wp-block-heading\" id=\"h-5-verbs\">5. Czasowniki:<\/h3>\n\n\n\n<p>Czasowniki baskijskie s\u0105 w du\u017cej mierze peryfrazowe, u\u017cywaj\u0105 \u015brodk\u00f3w pomocniczych, kt\u00f3re zgadzaj\u0105 si\u0119 z podmiotem i dope\u0142nieniem. Zacznij od czasu tera\u017aniejszego pospolitych posi\u0142kowych i imies\u0142ow\u00f3w czasownik\u00f3w g\u0142\u00f3wnych, a nast\u0119pnie stopniowo badaj przesz\u0142o\u015b\u0107 i przysz\u0142o\u015b\u0107, a tak\u017ce formy rozkazuj\u0105ce.<\/p>\n\n\n\n<h3 class=\"wp-block-heading\" id=\"h-6-tenses\">6. Czasy:<\/h3>\n\n\n\n<p>Po opanowaniu form czasownik\u00f3w zag\u0142\u0119b si\u0119 w baskijski czas i aspekt. Zrozumienie, w jaki spos\u00f3b tera\u017aniejsze, przesz\u0142e i przysz\u0142e znaczenia s\u0105 wyra\u017cane za pomoc\u0105 imies\u0142ow\u00f3w pomocniczych i imies\u0142ow\u00f3w oraz jak r\u00f3\u017cnice aspektowe wp\u0142ywaj\u0105 na u\u017cycie w r\u00f3\u017cnych kontekstach.<\/p>\n\n\n\n<h3 class=\"wp-block-heading\" id=\"h-7-tense-comparison\">7. Por\u00f3wnanie czasu:<\/h3>\n\n\n\n<p>Por\u00f3wnywanie czas\u00f3w w j\u0119zyku baskijskim pomaga w zrozumieniu sekwencji wydarze\u0144. Por\u00f3wnanie tej samej frazy czasownikowej w tera\u017aniejszych, przesz\u0142ych i przysz\u0142ych jednostkach pomocniczych zapewni lepsze zrozumienie, w jaki spos\u00f3b j\u0119zyk baskijski radzi sobie z czasem i aspektem.<\/p>\n\n\n\n<h3 class=\"wp-block-heading\" id=\"h-8-progressive\">8. Progresywny:<\/h3>\n\n\n\n<p>S\u0142owo &#8222;post\u0119p&#8221; w j\u0119zyku baskijskim jest u\u017cywane do wyra\u017cania trwaj\u0105cych dzia\u0142a\u0144. Tworzy si\u0119 go z form\u0105 -tzen czasownika wraz z ari izan jako \u015brodkiem pomocniczym.<\/p>\n\n\n\n<h3 class=\"wp-block-heading\" id=\"h-9-perfect-progressive\">9. Idealny progresywny:<\/h3>\n\n\n\n<p>S\u0142u\u017cy do wyra\u017cania dzia\u0142a\u0144, kt\u00f3re by\u0142y trwaj\u0105ce do pewnego momentu. W j\u0119zyku baskijskim tworzy si\u0119 go z liczby dokonanej izan wraz z ari i form\u0105 -tzen czasownika g\u0142\u00f3wnego.<\/p>\n\n\n\n<h3 class=\"wp-block-heading\" id=\"h-10-conditionals\">10. Warunki warunkowe:<\/h3>\n\n\n\n<p>Instrukcje warunkowe wyra\u017caj\u0105 hipotetyczne sytuacje i ich mo\u017cliwe wyniki. W j\u0119zyku baskijskim s\u0105 one tworzone z warunkowych jednostek pomocniczych i zda\u0144 wprowadzanych przez ba, kt\u00f3re dodadz\u0105 niuans\u00f3w i precyzji do Twoich umiej\u0119tno\u015bci j\u0119zykowych.<\/p>\n\n\n\n<h3 class=\"wp-block-heading\" id=\"h-11-adverbs\">11. Przys\u0142\u00f3wki:<\/h3>\n\n\n\n<p>Przys\u0142\u00f3wki w j\u0119zyku baskijskim modyfikuj\u0105 czasowniki, przymiotniki lub inne przys\u0142\u00f3wki. Dostarczaj\u0105 informacji o sposobie, miejscu, czasie, stopniu i nie tylko, i mog\u0105 by\u0107 tworzone z typowych s\u0142\u00f3w przys\u0142\u00f3wkowych lub z przyrostkami, takimi jak -ki lub -z, w zale\u017cno\u015bci od kontekstu.<\/p>\n\n\n\n<h3 class=\"wp-block-heading\" id=\"h-12-prepositions\">12. Przyimki:<\/h3>\n\n\n\n<p>W j\u0119zyku baskijskim u\u017cywa si\u0119 przede wszystkim postpozycji i ko\u0144c\u00f3wek przypadk\u00f3w, a nie przyimk\u00f3w. Wyra\u017caj\u0105 relacje czasu, miejsca, kierunku i nie tylko, i s\u0105 niezb\u0119dne do \u0142\u0105czenia ze sob\u0105 s\u0142\u00f3w i fraz.<\/p>\n\n\n\n<h3 class=\"wp-block-heading\" id=\"h-13-sentences\">13. Zdania:<\/h3>\n\n\n\n<p>Na koniec po\u0107wicz konstruowanie zda\u0144. B\u0119dzie to wymaga\u0142o wykorzystania wszystkich wcze\u015bniej poznanych punkt\u00f3w gramatycznych w kontek\u015bcie, zwr\u00f3cenia uwagi na typowy dla baskijskiego szyku s\u0142\u00f3w SOV, rozmieszczenie ostro\u015bci i negacj\u0119, zapewniaj\u0105c w ten spos\u00f3b kompleksowe zrozumienie j\u0119zyka baskijskiego.<\/p>\n<\/div><\/div>\n\r\n<section class=\"learnNavigationSection\">\r\n            \r\n        <a href=\"https:\/\/talkpal.ai\/pl\/naucz-sie-baskijskiego\/\">\r\n            <div class=\"learnNavigationWrapper\">\r\n                <div class=\"learnNavigationContent\">\r\n                    <img decoding=\"async\" src=\"https:\/\/talkpal.ai\/wp-content\/uploads\/2025\/11\/Basque.png\" alt=\"Basque Flag\">\r\n                    <div>\r\n                        <h4>O nauce j\u0119zyka baskijskiego<\/h4>\r\n                        <p>Dowiedz si\u0119 wszystkiego o gramatyce baskijskiej.<\/p>\r\n                    <\/div>\r\n                <\/div>\r\n            <\/div>\r\n        <\/a>\r\n\r\n        \r\n        <a href=\"https:\/\/talkpal.ai\/pl\/gramatyka-baskijska\/\">\r\n            <div class=\"learnNavigationWrapper\">\r\n                <div class=\"learnNavigationContent\">\r\n                    <img decoding=\"async\" src=\"https:\/\/talkpal.ai\/wp-content\/uploads\/2025\/11\/Basque.png\" alt=\"Basque Flag\">\r\n                    <div>\r\n                        <h4>Lekcje gramatyki baskijskiej<\/h4>\r\n                        <p>\u0106wicz gramatyk\u0119 baskijsk\u0105.<\/p>\r\n                    <\/div>\r\n                <\/div>\r\n            <\/div>\r\n        <\/a>\r\n\r\n            <\/section>","protected":false},"excerpt":{"rendered":"<p>Zagadnienia gramatyki baskijskiej Nauka nowego j\u0119zyka Nauka nowego j\u0119zyka mo\u017ce by\u0107 trudnym, ale satysfakcjonuj\u0105cym przedsi\u0119wzi\u0119ciem. J\u0119zyk baskijski, izolowany w Kraju Bask\u00f3w, nie jest wyj\u0105tkiem. Dzi\u0119ki swoim unikalnym cechom i strukturom, w tym ergatywno\u015bci i rozbudowanemu systemowi przypadk\u00f3w, nauka j\u0119zyka baskijskiego wymaga systematycznego podej\u015bcia do zrozumienia jego gramatyki. Ten przewodnik przedstawia kluczowe obszary gramatyki baskijskiej w [&hellip;]<\/p>\n","protected":false},"author":20,"featured_media":0,"parent":0,"menu_order":0,"comment_status":"closed","ping_status":"closed","template":"LearningContentPage.php","meta":{"_acf_changed":false,"footnotes":""},"class_list":["post-1477651","page","type-page","status-publish","hentry"],"acf":[],"yoast_head":"<!-- This site is optimized with the Yoast SEO Premium plugin v27.2 (Yoast SEO v27.2) - https:\/\/yoast.com\/product\/yoast-seo-premium-wordpress\/ -->\n<title>\u0106wiczenia z gramatyki baskijskiej - Talkpal<\/title>\n<meta name=\"description\" content=\"Opanuj gramatyk\u0119 baskijsk\u0105 dzi\u0119ki wci\u0105gaj\u0105cym \u0107wiczeniom obejmuj\u0105cym rzeczowniki, czasowniki i czasy, aby zwi\u0119kszy\u0107 swoj\u0105 bieg\u0142o\u015b\u0107 j\u0119zykow\u0105.\" \/>\n<meta name=\"robots\" content=\"index, follow, max-snippet:-1, max-image-preview:large, max-video-preview:-1\" \/>\n<link rel=\"canonical\" href=\"https:\/\/talkpal.ai\/pl\/cwiczenia-z-gramatyki-baskijskiej\/\" \/>\n<meta property=\"og:locale\" content=\"pl_PL\" \/>\n<meta property=\"og:type\" content=\"article\" \/>\n<meta property=\"og:title\" content=\"\u0106wiczenia z gramatyki baskijskiej\" \/>\n<meta property=\"og:description\" content=\"Zagadnienia gramatyki baskijskiej Nauka nowego j\u0119zyka Nauka nowego j\u0119zyka mo\u017ce by\u0107 trudnym, ale satysfakcjonuj\u0105cym przedsi\u0119wzi\u0119ciem. J\u0119zyk baskijski,\" \/>\n<meta property=\"og:url\" content=\"https:\/\/talkpal.ai\/pl\/cwiczenia-z-gramatyki-baskijskiej\/\" \/>\n<meta property=\"og:site_name\" content=\"Talkpal\" \/>\n<meta property=\"article:publisher\" content=\"https:\/\/www.facebook.com\/profile.php?id=100090733639311\" \/>\n<meta property=\"article:modified_time\" content=\"2025-12-30T15:35:36+00:00\" \/>\n<meta property=\"og:image\" content=\"https:\/\/talkpal.ai\/wp-content\/uploads\/2025\/02\/Progress-tab-16_9.png\" \/>\n\t<meta property=\"og:image:width\" content=\"2880\" \/>\n\t<meta property=\"og:image:height\" content=\"1620\" \/>\n\t<meta property=\"og:image:type\" content=\"image\/png\" \/>\n<meta name=\"twitter:card\" content=\"summary_large_image\" \/>\n<meta name=\"twitter:site\" content=\"@talkpalai\" \/>\n<meta name=\"twitter:label1\" content=\"Szacowany czas czytania\" \/>\n\t<meta name=\"twitter:data1\" content=\"4 minuty\" \/>\n<script type=\"application\/ld+json\" class=\"yoast-schema-graph\">{\"@context\":\"https:\/\/schema.org\",\"@graph\":[{\"@type\":\"WebPage\",\"@id\":\"https:\/\/talkpal.ai\/pl\/cwiczenia-z-gramatyki-baskijskiej\/\",\"url\":\"https:\/\/talkpal.ai\/pl\/cwiczenia-z-gramatyki-baskijskiej\/\",\"name\":\"\u0106wiczenia z gramatyki baskijskiej - Talkpal\",\"isPartOf\":{\"@id\":\"https:\/\/talkpal.ai\/pl\/#website\"},\"datePublished\":\"2025-11-11T15:33:20+00:00\",\"dateModified\":\"2025-12-30T15:35:36+00:00\",\"description\":\"Opanuj gramatyk\u0119 baskijsk\u0105 dzi\u0119ki wci\u0105gaj\u0105cym \u0107wiczeniom obejmuj\u0105cym rzeczowniki, czasowniki i czasy, aby zwi\u0119kszy\u0107 swoj\u0105 bieg\u0142o\u015b\u0107 j\u0119zykow\u0105.\",\"breadcrumb\":{\"@id\":\"https:\/\/talkpal.ai\/pl\/cwiczenia-z-gramatyki-baskijskiej\/#breadcrumb\"},\"inLanguage\":\"pl-PL\",\"potentialAction\":[{\"@type\":\"ReadAction\",\"target\":[\"https:\/\/talkpal.ai\/pl\/cwiczenia-z-gramatyki-baskijskiej\/\"]}]},{\"@type\":\"BreadcrumbList\",\"@id\":\"https:\/\/talkpal.ai\/pl\/cwiczenia-z-gramatyki-baskijskiej\/#breadcrumb\",\"itemListElement\":[{\"@type\":\"ListItem\",\"position\":1,\"name\":\"Homepage\",\"item\":\"https:\/\/talkpal.ai\/pl\/\"},{\"@type\":\"ListItem\",\"position\":2,\"name\":\"\u0106wiczenia z gramatyki baskijskiej\"}]},{\"@type\":\"WebSite\",\"@id\":\"https:\/\/talkpal.ai\/pl\/#website\",\"url\":\"https:\/\/talkpal.ai\/pl\/\",\"name\":\"Talkpal\",\"description\":\"AI Language Learning\",\"publisher\":{\"@id\":\"https:\/\/talkpal.ai\/pl\/#organization\"},\"alternateName\":\"Talkpal AI\",\"potentialAction\":[{\"@type\":\"SearchAction\",\"target\":{\"@type\":\"EntryPoint\",\"urlTemplate\":\"https:\/\/talkpal.ai\/pl\/?s={search_term_string}\"},\"query-input\":{\"@type\":\"PropertyValueSpecification\",\"valueRequired\":true,\"valueName\":\"search_term_string\"}}],\"inLanguage\":\"pl-PL\"},{\"@type\":\"Organization\",\"@id\":\"https:\/\/talkpal.ai\/pl\/#organization\",\"name\":\"Talkpal, Inc.\",\"alternateName\":\"Talkpal AI\",\"url\":\"https:\/\/talkpal.ai\/pl\/\",\"logo\":{\"@type\":\"ImageObject\",\"inLanguage\":\"pl-PL\",\"@id\":\"https:\/\/talkpal.ai\/pl\/#\/schema\/logo\/image\/\",\"url\":\"https:\/\/talkpal.ai\/wp-content\/uploads\/2024\/03\/Talkpal-Logo-Icon.png\",\"contentUrl\":\"https:\/\/talkpal.ai\/wp-content\/uploads\/2024\/03\/Talkpal-Logo-Icon.png\",\"width\":2880,\"height\":2880,\"caption\":\"Talkpal, Inc.\"},\"image\":{\"@id\":\"https:\/\/talkpal.ai\/pl\/#\/schema\/logo\/image\/\"},\"sameAs\":[\"https:\/\/www.facebook.com\/profile.php?id=100090733639311\",\"https:\/\/x.com\/talkpalai\",\"https:\/\/www.linkedin.com\/company\/talkpal\/\",\"https:\/\/www.youtube.com\/@TalkPal\/\",\"https:\/\/www.tiktok.com\/@talkpal\",\"https:\/\/www.instagram.com\/talkpal_ai\/\",\"https:\/\/www.crunchbase.com\/organization\/talkpal-9cde\",\"https:\/\/www.g2.com\/products\/talkpal-for-business\/\",\"https:\/\/www.trustpilot.com\/review\/talkpal.ai\",\"https:\/\/www.capterra.com\/p\/10006800\/TalkPal\/\"],\"description\":\"Talkpal is a language learning web and mobile education app, powered by the latest AI technologies, that provides engaging experiences to its customers in many different languages to help them improve their language skills. Users can chat about unlimited amount of topics with the app and use other modes to practice their language learning.\",\"email\":\"support@talkpal.ai\",\"legalName\":\"Talkpal, Inc.\",\"foundingDate\":\"2023-04-03\",\"duns\":\"118989042\",\"numberOfEmployees\":{\"@type\":\"QuantitativeValue\",\"minValue\":\"11\",\"maxValue\":\"50\"},\"publishingPrinciples\":\"https:\/\/talkpal.ai\/publishing-principles\/\",\"actionableFeedbackPolicy\":\"https:\/\/talkpal.ai\/actionable-feedback-policy\/\",\"correctionsPolicy\":\"https:\/\/talkpal.ai\/corrections-policy\/\",\"ethicsPolicy\":\"https:\/\/talkpal.ai\/ethics-policy\/\",\"diversityPolicy\":\"https:\/\/talkpal.ai\/diversity-policy\/\",\"diversityStaffingReport\":\"https:\/\/talkpal.ai\/diversity-policy\/\"}]}<\/script>\n<!-- \/ Yoast SEO Premium plugin. -->","yoast_head_json":{"title":"\u0106wiczenia z gramatyki baskijskiej - Talkpal","description":"Opanuj gramatyk\u0119 baskijsk\u0105 dzi\u0119ki wci\u0105gaj\u0105cym \u0107wiczeniom obejmuj\u0105cym rzeczowniki, czasowniki i czasy, aby zwi\u0119kszy\u0107 swoj\u0105 bieg\u0142o\u015b\u0107 j\u0119zykow\u0105.","robots":{"index":"index","follow":"follow","max-snippet":"max-snippet:-1","max-image-preview":"max-image-preview:large","max-video-preview":"max-video-preview:-1"},"canonical":"https:\/\/talkpal.ai\/pl\/cwiczenia-z-gramatyki-baskijskiej\/","og_locale":"pl_PL","og_type":"article","og_title":"\u0106wiczenia z gramatyki baskijskiej","og_description":"Zagadnienia gramatyki baskijskiej Nauka nowego j\u0119zyka Nauka nowego j\u0119zyka mo\u017ce by\u0107 trudnym, ale satysfakcjonuj\u0105cym przedsi\u0119wzi\u0119ciem. J\u0119zyk baskijski,","og_url":"https:\/\/talkpal.ai\/pl\/cwiczenia-z-gramatyki-baskijskiej\/","og_site_name":"Talkpal","article_publisher":"https:\/\/www.facebook.com\/profile.php?id=100090733639311","article_modified_time":"2025-12-30T15:35:36+00:00","og_image":[{"width":2880,"height":1620,"url":"https:\/\/talkpal.ai\/wp-content\/uploads\/2025\/02\/Progress-tab-16_9.png","type":"image\/png"}],"twitter_card":"summary_large_image","twitter_site":"@talkpalai","twitter_misc":{"Szacowany czas czytania":"4 minuty"},"schema":{"@context":"https:\/\/schema.org","@graph":[{"@type":"WebPage","@id":"https:\/\/talkpal.ai\/pl\/cwiczenia-z-gramatyki-baskijskiej\/","url":"https:\/\/talkpal.ai\/pl\/cwiczenia-z-gramatyki-baskijskiej\/","name":"\u0106wiczenia z gramatyki baskijskiej - Talkpal","isPartOf":{"@id":"https:\/\/talkpal.ai\/pl\/#website"},"datePublished":"2025-11-11T15:33:20+00:00","dateModified":"2025-12-30T15:35:36+00:00","description":"Opanuj gramatyk\u0119 baskijsk\u0105 dzi\u0119ki wci\u0105gaj\u0105cym \u0107wiczeniom obejmuj\u0105cym rzeczowniki, czasowniki i czasy, aby zwi\u0119kszy\u0107 swoj\u0105 bieg\u0142o\u015b\u0107 j\u0119zykow\u0105.","breadcrumb":{"@id":"https:\/\/talkpal.ai\/pl\/cwiczenia-z-gramatyki-baskijskiej\/#breadcrumb"},"inLanguage":"pl-PL","potentialAction":[{"@type":"ReadAction","target":["https:\/\/talkpal.ai\/pl\/cwiczenia-z-gramatyki-baskijskiej\/"]}]},{"@type":"BreadcrumbList","@id":"https:\/\/talkpal.ai\/pl\/cwiczenia-z-gramatyki-baskijskiej\/#breadcrumb","itemListElement":[{"@type":"ListItem","position":1,"name":"Homepage","item":"https:\/\/talkpal.ai\/pl\/"},{"@type":"ListItem","position":2,"name":"\u0106wiczenia z gramatyki baskijskiej"}]},{"@type":"WebSite","@id":"https:\/\/talkpal.ai\/pl\/#website","url":"https:\/\/talkpal.ai\/pl\/","name":"Talkpal","description":"AI Language Learning","publisher":{"@id":"https:\/\/talkpal.ai\/pl\/#organization"},"alternateName":"Talkpal AI","potentialAction":[{"@type":"SearchAction","target":{"@type":"EntryPoint","urlTemplate":"https:\/\/talkpal.ai\/pl\/?s={search_term_string}"},"query-input":{"@type":"PropertyValueSpecification","valueRequired":true,"valueName":"search_term_string"}}],"inLanguage":"pl-PL"},{"@type":"Organization","@id":"https:\/\/talkpal.ai\/pl\/#organization","name":"Talkpal, Inc.","alternateName":"Talkpal AI","url":"https:\/\/talkpal.ai\/pl\/","logo":{"@type":"ImageObject","inLanguage":"pl-PL","@id":"https:\/\/talkpal.ai\/pl\/#\/schema\/logo\/image\/","url":"https:\/\/talkpal.ai\/wp-content\/uploads\/2024\/03\/Talkpal-Logo-Icon.png","contentUrl":"https:\/\/talkpal.ai\/wp-content\/uploads\/2024\/03\/Talkpal-Logo-Icon.png","width":2880,"height":2880,"caption":"Talkpal, Inc."},"image":{"@id":"https:\/\/talkpal.ai\/pl\/#\/schema\/logo\/image\/"},"sameAs":["https:\/\/www.facebook.com\/profile.php?id=100090733639311","https:\/\/x.com\/talkpalai","https:\/\/www.linkedin.com\/company\/talkpal\/","https:\/\/www.youtube.com\/@TalkPal\/","https:\/\/www.tiktok.com\/@talkpal","https:\/\/www.instagram.com\/talkpal_ai\/","https:\/\/www.crunchbase.com\/organization\/talkpal-9cde","https:\/\/www.g2.com\/products\/talkpal-for-business\/","https:\/\/www.trustpilot.com\/review\/talkpal.ai","https:\/\/www.capterra.com\/p\/10006800\/TalkPal\/"],"description":"Talkpal is a language learning web and mobile education app, powered by the latest AI technologies, that provides engaging experiences to its customers in many different languages to help them improve their language skills. Users can chat about unlimited amount of topics with the app and use other modes to practice their language learning.","email":"support@talkpal.ai","legalName":"Talkpal, Inc.","foundingDate":"2023-04-03","duns":"118989042","numberOfEmployees":{"@type":"QuantitativeValue","minValue":"11","maxValue":"50"},"publishingPrinciples":"https:\/\/talkpal.ai\/publishing-principles\/","actionableFeedbackPolicy":"https:\/\/talkpal.ai\/actionable-feedback-policy\/","correctionsPolicy":"https:\/\/talkpal.ai\/corrections-policy\/","ethicsPolicy":"https:\/\/talkpal.ai\/ethics-policy\/","diversityPolicy":"https:\/\/talkpal.ai\/diversity-policy\/","diversityStaffingReport":"https:\/\/talkpal.ai\/diversity-policy\/"}]}},"_links":{"self":[{"href":"https:\/\/talkpal.ai\/pl\/wp-json\/wp\/v2\/pages\/1477651","targetHints":{"allow":["GET"]}}],"collection":[{"href":"https:\/\/talkpal.ai\/pl\/wp-json\/wp\/v2\/pages"}],"about":[{"href":"https:\/\/talkpal.ai\/pl\/wp-json\/wp\/v2\/types\/page"}],"author":[{"embeddable":true,"href":"https:\/\/talkpal.ai\/pl\/wp-json\/wp\/v2\/users\/20"}],"replies":[{"embeddable":true,"href":"https:\/\/talkpal.ai\/pl\/wp-json\/wp\/v2\/comments?post=1477651"}],"version-history":[{"count":0,"href":"https:\/\/talkpal.ai\/pl\/wp-json\/wp\/v2\/pages\/1477651\/revisions"}],"wp:attachment":[{"href":"https:\/\/talkpal.ai\/pl\/wp-json\/wp\/v2\/media?parent=1477651"}],"curies":[{"name":"wp","href":"https:\/\/api.w.org\/{rel}","templated":true}]}}