{"id":1477503,"date":"2025-11-11T15:06:39","date_gmt":"2025-11-11T15:06:39","guid":{"rendered":"https:\/\/talkpal.ai\/gramatyka-assamska\/"},"modified":"2025-12-30T15:41:33","modified_gmt":"2025-12-30T15:41:33","slug":"gramatyka-assamska","status":"publish","type":"page","link":"https:\/\/talkpal.ai\/pl\/gramatyka-assamska\/","title":{"rendered":"Gramatyka assamska"},"content":{"rendered":"\r\n\r\n\r\n<section class=\"languageChallengeSection\">\r\n    <div class=\"languageInfoWrapper\">\r\n        \r\n        <h1>Gramatyka assamska<\/h1>\r\n        <p><a href=\"https:\/\/talkpal.ai\/grammar\/\">Gramatyka<\/a> <a href=\"https:\/\/talkpal.ai\/learn-assamese\/\">assamska<\/a> mo\u017ce pocz\u0105tkowo wydawa\u0107 si\u0119 trudna, ale jej unikalne cechy sprawiaj\u0105, \u017ce <a href=\"https:\/\/talkpal.ai\/pl\/jak-uczyc-sie-jezyka-za-posrednictwem-czatu-talkpal\/\">nauka j\u0119zyka<\/a> jest satysfakcjonuj\u0105cym do\u015bwiadczeniem. Badaj\u0105c jego alfabet, mutacje i zasady gramatyczne, zyskasz wgl\u0105d w bogat\u0105 tradycj\u0119 j\u0119zykow\u0105. Rozpocznij swoj\u0105 podr\u00f3\u017c i odkryj pi\u0119kno Assamu!<\/p>\r\n\r\n                            <a class=\"getStartedHidden\" href=\"https:\/\/app.talkpal.ai\/pl\/signup?lng=\">Zaczynaj<\/a>\r\n        \r\n    <\/div>\r\n\r\n    <figure>\r\n    <img decoding=\"async\" width=\"768\" height=\"768\" src=\"https:\/\/talkpal.ai\/wp-content\/uploads\/2023\/06\/welsh-768x768.png\" class=\"languageImage no-lazy\" alt=\"Language learning for better cognitive abilities\" fetchpriority=\"high\" sizes=\"(max-width: 768px) 150px, 768px\" srcset=\"https:\/\/talkpal.ai\/wp-content\/uploads\/2023\/06\/welsh-768x768.png 768w, https:\/\/talkpal.ai\/wp-content\/uploads\/2023\/06\/welsh-300x300.png 300w\" \/>\r\n    \r\n\r\n    <\/figure>\r\n\r\n            <a class=\"getStartedVisible\" href=\"https:\/\/app.talkpal.ai\/pl\/signup?lng=\">Zaczynaj<\/a>\r\n    \r\n<\/section><section class=\"promotionalBanner\">\r\n    <p class=\"promotionalText\">Najbardziej efektywny spos\u00f3b nauki j\u0119zyka<\/p>\r\n    <a class=\"promotionalLink\" href=\"https:\/\/app.talkpal.ai\/pl\/signup?lng=\">Wypr\u00f3buj Talkpal za darmo<\/a>\r\n<\/section>\n<div class=\"wp-block-group pageContainerStyle\"><div class=\"wp-block-group__inner-container is-layout-constrained wp-block-group-is-layout-constrained\">\n<h2 class=\"wp-block-heading\" id=\"h-navigating-the-intricacies-of-assamese-grammar\">Poruszanie si\u0119 po zawi\u0142o\u015bciach gramatyki assamskiej<\/h2>\n\n\n\n<p><a href=\"https:\/\/talkpal.ai\/pl\/naucz-sie-assamskiego\/\">J\u0119zyk asamski<\/a>, j\u0119zyk indoaryjski o bogatej historii i znaczeniu kulturowym, oferuje ekscytuj\u0105ce do\u015bwiadczenie j\u0119zykowe dla tych, kt\u00f3rzy chc\u0105 pozna\u0107 jego unikalny system gramatyczny. Zapuszczaj\u0105c si\u0119 w kr\u00f3lestwo Asamu, nie tylko wzbogacisz sw\u00f3j repertuar j\u0119zykowy, ale tak\u017ce we\u017amiesz udzia\u0142 w fascynuj\u0105cej podr\u00f3\u017cy kulturowej. Chocia\u017c gramatyka assamska mo\u017ce pocz\u0105tkowo wydawa\u0107 si\u0119 skomplikowana, rozbicie jej na podstawowe elementy sprawia, \u017ce nauka j\u0119zyka jest bardziej przyst\u0119pna. W tym artykule poznamy fascynuj\u0105cy \u015bwiat gramatyki assamskiej i udzielimy wskaz\u00f3wek, jak opanowa\u0107 jego z\u0142o\u017cono\u015b\u0107.<\/p>\n\n\n\n<h3 class=\"wp-block-heading\" id=\"h-1-assamese-alphabet-and-phonetics\">1. Alfabet asamski i fonetyka<\/h3>\n\n\n\n<p>System pisma asamskiego wykorzystuje wschodnie pismo nagari i zawiera charakterystyczne znaki i warto\u015bci d\u017awi\u0119kowe, takie jak \u09f0 ra i \u09f1 wa, a tak\u017ce zbitki sp\u00f3\u0142g\u0142osek i znaki diakrytyczne samog\u0142osek. Aby <a href=\"https:\/\/talkpal.ai\/grammar\/\">nauczy\u0107 si\u0119 gramatyki<\/a> asamskiej, wa\u017cne jest, aby zapozna\u0107 si\u0119 z tym pismem i jego fonetyk\u0105, \u0107wicz\u0105c czytanie i pisanie w j\u0119zyku asamskim.<\/p>\n\n\n\n<h3 class=\"wp-block-heading\" id=\"h-2-sandhi-and-sound-changes-a-peculiar-assamese-feature\">2. Sandhi i zmiany d\u017awi\u0119ku: osobliwa cecha Assamu<\/h3>\n\n\n\n<p>Uderzaj\u0105cym aspektem j\u0119zyka asamskiego jest rola sandhi i zmian fonologicznych, kt\u00f3re wyst\u0119puj\u0105, gdy s\u0142owa \u0142\u0105cz\u0105 si\u0119 lub gdy do\u0142\u0105czaj\u0105 si\u0119 przyrostki. Spotkasz si\u0119 z procesami takimi jak usuwanie schwa w mowie potocznej, wstawianie \u015blizgu mi\u0119dzy samog\u0142oskami oraz naprzemienne formy znacznik\u00f3w przypadk\u00f3w i przyrostk\u00f3w, na przyk\u0142ad -or lub -ar dla dope\u0142niacza i -ok lub -ak dla biernika lub celownika. Zrozumienie, kiedy i w jaki spos\u00f3b zachodz\u0105 te zmiany, ma kluczowe znaczenie dla dok\u0142adnej i naturalnej komunikacji w j\u0119zyku asamskim.<\/p>\n\n\n\n<h3 class=\"wp-block-heading\" id=\"h-3-nouns-and-pronouns-number-classifiers-and-cases\">3. Rzeczowniki i zaimki: liczba, klasyfikatory i przypadki<\/h3>\n\n\n\n<p>Rzeczowniki asamskie nie maj\u0105 rodzaju gramatycznego, ale liczba i okre\u015blono\u015b\u0107 s\u0105 wyra\u017cane za pomoc\u0105 znacznik\u00f3w liczby mnogiej i klasyfikator\u00f3w. Typowe znaczniki liczby mnogiej to -bor i -bilak, podczas gdy klasyfikatory takie jak -ta, -khon i -zoni s\u0105 cz\u0119ste w wyra\u017ceniach rzeczownikowych z liczebnikami lub okre\u015blono\u015bci\u0105. W j\u0119zyku asamskim u\u017cywa si\u0119 postpozycji i znacznik\u00f3w przypadk\u00f3w, w tym dope\u0142niacza -or lub -ar, biernika lub celownika -ok lub -ak, miejscownika -at lub -ot, przyzwole\u0144czego lub sprawczego -e, ablatywnego -pora i comitative logot. Zaimki obejmuj\u0105 formy osobowe, takie jak moi I, toi lub tumi lub apuni you o r\u00f3\u017cnym poziomie poufa\u0142o\u015bci i uprzejmo\u015bci, oraz se he lub she, z liczb\u0105 mnog\u0105, tak\u0105 jak <a href=\"https:\/\/talkpal.ai\/locations\/language-courses-in-ami\/\">ami<\/a> we i teolok they. Formy dzier\u017cawcze s\u0105 tworzone z dope\u0142niaczem, takie jak mur my, tomar ur, apunar your polite, tar his lub her. Zwrotne nij i nijeke, demonstratory eita to i seita tamto oraz pytania pytaj\u0105ce, takie jak kune who, ki what, kot where i ketiya when s\u0105 niezb\u0119dne do nauki.<\/p>\n\n\n\n<h3 class=\"wp-block-heading\" id=\"h-4-verbs-structure-and-conjugation\">4. Czasowniki: struktura i koniugacja<\/h3>\n\n\n\n<p>Czasowniki asamskie s\u0105 oznaczone ze wzgl\u0119du na czas, aspekt, nastr\u00f3j i polaryzacj\u0119, cz\u0119sto z rodzajnikami posi\u0142kowymi i wykazuj\u0105 ograniczon\u0105 zgodno\u015b\u0107. Podstawowe czasy to tera\u017aniejszy, przesz\u0142y i przysz\u0142y, wraz z aspektami takimi jak progresywny i dokonany. Negacja zazwyczaj u\u017cywa na przed czasownikiem lub posi\u0142kowym, a przecz\u0105cy egzystencjalny to nai. Imperatywy r\u00f3\u017cni\u0105 si\u0119 w zale\u017cno\u015bci od poziomu uprzejmo\u015bci, na przyk\u0142ad kor do, kora lub korun polite. Poznanie podstawowych wzorc\u00f3w koniugacji i tego, jak pomocniki wyra\u017caj\u0105 aspekt, znacznie poprawi Twoj\u0105 zdolno\u015b\u0107 do skutecznego komunikowania si\u0119 w j\u0119zyku asamskim.<\/p>\n\n\n\n<h3 class=\"wp-block-heading\" id=\"h-5-adjectives-agreement-and-placement\">5. Przymiotniki: umowa i umiejscowienie<\/h3>\n\n\n\n<p>W gramatyce assamskiej przymiotniki zazwyczaj poprzedzaj\u0105 rzeczownik, kt\u00f3ry modyfikuj\u0105 i nie zgadzaj\u0105 si\u0119 z rzeczownikiem pod wzgl\u0119dem rodzaju lub liczby. Stopnie por\u00f3wnania s\u0105 cz\u0119sto tworzone za pomoc\u0105 przys\u0142\u00f3wk\u00f3w i konstrukcji peryfrazowych, na przyk\u0142ad przy u\u017cyciu besi dla wi\u0119cej i bardzo marker\u00f3w dla podkre\u015blenia. Poznanie typowych wzorc\u00f3w pomo\u017ce Ci brzmie\u0107 naturalnie w codziennej mowie.  <\/p>\n\n\n\n<p><strong>Przyk\u0142ady:<\/strong><\/p>\n\n\n\n<p><strong>\u2013 Dangor Morom (Wielka mi\u0142o\u015b\u0107)<\/strong><\/p>\n\n\n\n<p><strong>\u2013 Xoru Sishu-bilak (Ma\u0142e dzieci)<\/strong><\/p>\n\n\n\n<h3 class=\"wp-block-heading\" id=\"h-6-engaging-with-the-language\">6. Anga\u017cowanie si\u0119 w j\u0119zyk<\/h3>\n\n\n\n<p>Najskuteczniejszym sposobem na pe\u0142ne zrozumienie i przyswojenie gramatyki assamskiej jest konsekwentne anga\u017cowanie si\u0119 w ten j\u0119zyk. Czytaj\u0105c literatur\u0119 asamsk\u0105, ogl\u0105daj\u0105c filmy lub seriale telewizyjne w j\u0119zyku asamskim, s\u0142uchaj\u0105c wiadomo\u015bci lub radia w j\u0119zyku asamskim oraz aktywnie komunikuj\u0105c si\u0119 z native speakerami, wzmocnisz swoje zrozumienie gramatyki, jednocze\u015bnie poszerzaj\u0105c swoje s\u0142ownictwo.<\/p>\n\n\n\n<h3 class=\"wp-block-heading\" id=\"h-conclusion\">Wnioski<\/h3>\n\n\n\n<p>Chocia\u017c <a href=\"https:\/\/talkpal.ai\/assamese-grammar\/\">gramatyka asamska<\/a> mo\u017ce wydawa\u0107 si\u0119 skomplikowana, mo\u017cesz sta\u0107 si\u0119 bieg\u0142y w tym pi\u0119knym j\u0119zyku dzi\u0119ki po\u015bwi\u0119ceniu, praktyce i entuzjazmowi. Koncentruj\u0105c si\u0119 na podstawowych zasadach i anga\u017cuj\u0105c si\u0119 w j\u0119zyk w r\u00f3\u017cnych kontekstach, szybko poprawisz swoje <a href=\"https:\/\/talkpal.ai\/pl\/gramatyka\/\">umiej\u0119tno\u015bci gramatyczne<\/a> w j\u0119zyku asamskim. Xubheccha (<a href=\"https:\/\/talkpal.ai\/culture\/how-do-you-say-good-luck-in-polish\/\">powodzenia<\/a>) w podr\u00f3\u017cy z j\u0119zykiem asamskim i ciesz si\u0119 odkrywaniem bogatego i urzekaj\u0105cego \u015bwiata gramatyki asamskiej!<\/p>\n<\/div><\/div>\n\r\n<section class=\"learnNavigationSection\">\r\n            \r\n        <a href=\"https:\/\/talkpal.ai\/pl\/naucz-sie-assamskiego\/\">\r\n            <div class=\"learnNavigationWrapper\">\r\n                <div class=\"learnNavigationContent\">\r\n                    <img decoding=\"async\" src=\"https:\/\/talkpal.ai\/wp-content\/uploads\/2025\/11\/Assamese.png\" alt=\"Indian Simplified Flag\">\r\n                    <div>\r\n                        <h4>O nauce j\u0119zyka assamskiego<\/h4>\r\n                        <p>Dowiedz si\u0119 wszystkiego o gramatyce assamskiej.<\/p>\r\n                    <\/div>\r\n                <\/div>\r\n            <\/div>\r\n        <\/a>\r\n\r\n        \r\n        <a href=\"https:\/\/talkpal.ai\/pl\/cwiczenia-gramatyczne-z-jezyka-asamskiego\/\">\r\n            <div class=\"learnNavigationWrapper\">\r\n                <div class=\"learnNavigationContent\">\r\n                    <img decoding=\"async\" src=\"https:\/\/talkpal.ai\/wp-content\/uploads\/2025\/11\/Assamese.png\" alt=\"Indian Simplified Flag\">\r\n                    <div>\r\n                        <h4>\u0106wiczenie z gramatyki assamskiej<\/h4>\r\n                        <p>\u0106wicz gramatyk\u0119 assamsk\u0105.<\/p>\r\n                    <\/div>\r\n                <\/div>\r\n            <\/div>\r\n        <\/a>\r\n\r\n            <\/section>","protected":false},"excerpt":{"rendered":"<p>Poruszanie si\u0119 po zawi\u0142o\u015bciach gramatyki assamskiej J\u0119zyk asamski, j\u0119zyk indoaryjski o bogatej historii i znaczeniu kulturowym, oferuje ekscytuj\u0105ce do\u015bwiadczenie j\u0119zykowe dla tych, kt\u00f3rzy chc\u0105 pozna\u0107 jego unikalny system gramatyczny. Zapuszczaj\u0105c si\u0119 w kr\u00f3lestwo Asamu, nie tylko wzbogacisz sw\u00f3j repertuar j\u0119zykowy, ale tak\u017ce we\u017amiesz udzia\u0142 w fascynuj\u0105cej podr\u00f3\u017cy kulturowej. Chocia\u017c gramatyka assamska mo\u017ce pocz\u0105tkowo wydawa\u0107 si\u0119 [&hellip;]<\/p>\n","protected":false},"author":20,"featured_media":0,"parent":0,"menu_order":0,"comment_status":"closed","ping_status":"closed","template":"LearningContentPage.php","meta":{"_acf_changed":false,"footnotes":""},"class_list":["post-1477503","page","type-page","status-publish","hentry"],"acf":[],"yoast_head":"<!-- This site is optimized with the Yoast SEO Premium plugin v27.2 (Yoast SEO v27.2) - https:\/\/yoast.com\/product\/yoast-seo-premium-wordpress\/ -->\n<title>Gramatyka assamska - Talkpal<\/title>\n<meta name=\"description\" content=\"Opanuj zawi\u0142o\u015bci gramatyki asamskiej dzi\u0119ki Talkpal AI, aby zwi\u0119kszy\u0107 swoj\u0105 bieg\u0142o\u015b\u0107 i m\u00f3wi\u0107 z absolutn\u0105 pewno\u015bci\u0105 siebie ju\u017c dzi\u015b.\" \/>\n<meta name=\"robots\" content=\"index, follow, max-snippet:-1, max-image-preview:large, max-video-preview:-1\" \/>\n<link rel=\"canonical\" href=\"https:\/\/talkpal.ai\/pl\/gramatyka-assamska\/\" \/>\n<meta property=\"og:locale\" content=\"pl_PL\" \/>\n<meta property=\"og:type\" content=\"article\" \/>\n<meta property=\"og:title\" content=\"Gramatyka assamska\" \/>\n<meta property=\"og:description\" content=\"Poruszanie si\u0119 po zawi\u0142o\u015bciach gramatyki assamskiej J\u0119zyk asamski, j\u0119zyk indoaryjski o bogatej historii i znaczeniu kulturowym, oferuje ekscytuj\u0105ce\" \/>\n<meta property=\"og:url\" content=\"https:\/\/talkpal.ai\/pl\/gramatyka-assamska\/\" \/>\n<meta property=\"og:site_name\" content=\"Talkpal\" \/>\n<meta property=\"article:publisher\" content=\"https:\/\/www.facebook.com\/profile.php?id=100090733639311\" \/>\n<meta property=\"article:modified_time\" content=\"2025-12-30T15:41:33+00:00\" \/>\n<meta property=\"og:image\" content=\"https:\/\/talkpal.ai\/wp-content\/uploads\/2025\/02\/Progress-tab-16_9.png\" \/>\n\t<meta property=\"og:image:width\" content=\"2880\" \/>\n\t<meta property=\"og:image:height\" content=\"1620\" \/>\n\t<meta property=\"og:image:type\" content=\"image\/png\" \/>\n<meta name=\"twitter:card\" content=\"summary_large_image\" \/>\n<meta name=\"twitter:site\" content=\"@talkpalai\" \/>\n<meta name=\"twitter:label1\" content=\"Szacowany czas czytania\" \/>\n\t<meta name=\"twitter:data1\" content=\"4 minuty\" \/>\n<script type=\"application\/ld+json\" class=\"yoast-schema-graph\">{\"@context\":\"https:\/\/schema.org\",\"@graph\":[{\"@type\":\"WebPage\",\"@id\":\"https:\/\/talkpal.ai\/pl\/gramatyka-assamska\/\",\"url\":\"https:\/\/talkpal.ai\/pl\/gramatyka-assamska\/\",\"name\":\"Gramatyka assamska - Talkpal\",\"isPartOf\":{\"@id\":\"https:\/\/talkpal.ai\/pl\/#website\"},\"datePublished\":\"2025-11-11T15:06:39+00:00\",\"dateModified\":\"2025-12-30T15:41:33+00:00\",\"description\":\"Opanuj zawi\u0142o\u015bci gramatyki asamskiej dzi\u0119ki Talkpal AI, aby zwi\u0119kszy\u0107 swoj\u0105 bieg\u0142o\u015b\u0107 i m\u00f3wi\u0107 z absolutn\u0105 pewno\u015bci\u0105 siebie ju\u017c dzi\u015b.\",\"breadcrumb\":{\"@id\":\"https:\/\/talkpal.ai\/pl\/gramatyka-assamska\/#breadcrumb\"},\"inLanguage\":\"pl-PL\",\"potentialAction\":[{\"@type\":\"ReadAction\",\"target\":[\"https:\/\/talkpal.ai\/pl\/gramatyka-assamska\/\"]}]},{\"@type\":\"BreadcrumbList\",\"@id\":\"https:\/\/talkpal.ai\/pl\/gramatyka-assamska\/#breadcrumb\",\"itemListElement\":[{\"@type\":\"ListItem\",\"position\":1,\"name\":\"Homepage\",\"item\":\"https:\/\/talkpal.ai\/pl\/\"},{\"@type\":\"ListItem\",\"position\":2,\"name\":\"Gramatyka assamska\"}]},{\"@type\":\"WebSite\",\"@id\":\"https:\/\/talkpal.ai\/pl\/#website\",\"url\":\"https:\/\/talkpal.ai\/pl\/\",\"name\":\"Talkpal\",\"description\":\"AI Language Learning\",\"publisher\":{\"@id\":\"https:\/\/talkpal.ai\/pl\/#organization\"},\"alternateName\":\"Talkpal AI\",\"potentialAction\":[{\"@type\":\"SearchAction\",\"target\":{\"@type\":\"EntryPoint\",\"urlTemplate\":\"https:\/\/talkpal.ai\/pl\/?s={search_term_string}\"},\"query-input\":{\"@type\":\"PropertyValueSpecification\",\"valueRequired\":true,\"valueName\":\"search_term_string\"}}],\"inLanguage\":\"pl-PL\"},{\"@type\":\"Organization\",\"@id\":\"https:\/\/talkpal.ai\/pl\/#organization\",\"name\":\"Talkpal, Inc.\",\"alternateName\":\"Talkpal AI\",\"url\":\"https:\/\/talkpal.ai\/pl\/\",\"logo\":{\"@type\":\"ImageObject\",\"inLanguage\":\"pl-PL\",\"@id\":\"https:\/\/talkpal.ai\/pl\/#\/schema\/logo\/image\/\",\"url\":\"https:\/\/talkpal.ai\/wp-content\/uploads\/2024\/03\/Talkpal-Logo-Icon.png\",\"contentUrl\":\"https:\/\/talkpal.ai\/wp-content\/uploads\/2024\/03\/Talkpal-Logo-Icon.png\",\"width\":2880,\"height\":2880,\"caption\":\"Talkpal, Inc.\"},\"image\":{\"@id\":\"https:\/\/talkpal.ai\/pl\/#\/schema\/logo\/image\/\"},\"sameAs\":[\"https:\/\/www.facebook.com\/profile.php?id=100090733639311\",\"https:\/\/x.com\/talkpalai\",\"https:\/\/www.linkedin.com\/company\/talkpal\/\",\"https:\/\/www.youtube.com\/@TalkPal\/\",\"https:\/\/www.tiktok.com\/@talkpal\",\"https:\/\/www.instagram.com\/talkpal_ai\/\",\"https:\/\/www.crunchbase.com\/organization\/talkpal-9cde\",\"https:\/\/www.g2.com\/products\/talkpal-for-business\/\",\"https:\/\/www.trustpilot.com\/review\/talkpal.ai\",\"https:\/\/www.capterra.com\/p\/10006800\/TalkPal\/\"],\"description\":\"Talkpal is a language learning web and mobile education app, powered by the latest AI technologies, that provides engaging experiences to its customers in many different languages to help them improve their language skills. Users can chat about unlimited amount of topics with the app and use other modes to practice their language learning.\",\"email\":\"support@talkpal.ai\",\"legalName\":\"Talkpal, Inc.\",\"foundingDate\":\"2023-04-03\",\"duns\":\"118989042\",\"numberOfEmployees\":{\"@type\":\"QuantitativeValue\",\"minValue\":\"11\",\"maxValue\":\"50\"},\"publishingPrinciples\":\"https:\/\/talkpal.ai\/publishing-principles\/\",\"actionableFeedbackPolicy\":\"https:\/\/talkpal.ai\/actionable-feedback-policy\/\",\"correctionsPolicy\":\"https:\/\/talkpal.ai\/corrections-policy\/\",\"ethicsPolicy\":\"https:\/\/talkpal.ai\/ethics-policy\/\",\"diversityPolicy\":\"https:\/\/talkpal.ai\/diversity-policy\/\",\"diversityStaffingReport\":\"https:\/\/talkpal.ai\/diversity-policy\/\"}]}<\/script>\n<!-- \/ Yoast SEO Premium plugin. -->","yoast_head_json":{"title":"Gramatyka assamska - Talkpal","description":"Opanuj zawi\u0142o\u015bci gramatyki asamskiej dzi\u0119ki Talkpal AI, aby zwi\u0119kszy\u0107 swoj\u0105 bieg\u0142o\u015b\u0107 i m\u00f3wi\u0107 z absolutn\u0105 pewno\u015bci\u0105 siebie ju\u017c dzi\u015b.","robots":{"index":"index","follow":"follow","max-snippet":"max-snippet:-1","max-image-preview":"max-image-preview:large","max-video-preview":"max-video-preview:-1"},"canonical":"https:\/\/talkpal.ai\/pl\/gramatyka-assamska\/","og_locale":"pl_PL","og_type":"article","og_title":"Gramatyka assamska","og_description":"Poruszanie si\u0119 po zawi\u0142o\u015bciach gramatyki assamskiej J\u0119zyk asamski, j\u0119zyk indoaryjski o bogatej historii i znaczeniu kulturowym, oferuje ekscytuj\u0105ce","og_url":"https:\/\/talkpal.ai\/pl\/gramatyka-assamska\/","og_site_name":"Talkpal","article_publisher":"https:\/\/www.facebook.com\/profile.php?id=100090733639311","article_modified_time":"2025-12-30T15:41:33+00:00","og_image":[{"width":2880,"height":1620,"url":"https:\/\/talkpal.ai\/wp-content\/uploads\/2025\/02\/Progress-tab-16_9.png","type":"image\/png"}],"twitter_card":"summary_large_image","twitter_site":"@talkpalai","twitter_misc":{"Szacowany czas czytania":"4 minuty"},"schema":{"@context":"https:\/\/schema.org","@graph":[{"@type":"WebPage","@id":"https:\/\/talkpal.ai\/pl\/gramatyka-assamska\/","url":"https:\/\/talkpal.ai\/pl\/gramatyka-assamska\/","name":"Gramatyka assamska - Talkpal","isPartOf":{"@id":"https:\/\/talkpal.ai\/pl\/#website"},"datePublished":"2025-11-11T15:06:39+00:00","dateModified":"2025-12-30T15:41:33+00:00","description":"Opanuj zawi\u0142o\u015bci gramatyki asamskiej dzi\u0119ki Talkpal AI, aby zwi\u0119kszy\u0107 swoj\u0105 bieg\u0142o\u015b\u0107 i m\u00f3wi\u0107 z absolutn\u0105 pewno\u015bci\u0105 siebie ju\u017c dzi\u015b.","breadcrumb":{"@id":"https:\/\/talkpal.ai\/pl\/gramatyka-assamska\/#breadcrumb"},"inLanguage":"pl-PL","potentialAction":[{"@type":"ReadAction","target":["https:\/\/talkpal.ai\/pl\/gramatyka-assamska\/"]}]},{"@type":"BreadcrumbList","@id":"https:\/\/talkpal.ai\/pl\/gramatyka-assamska\/#breadcrumb","itemListElement":[{"@type":"ListItem","position":1,"name":"Homepage","item":"https:\/\/talkpal.ai\/pl\/"},{"@type":"ListItem","position":2,"name":"Gramatyka assamska"}]},{"@type":"WebSite","@id":"https:\/\/talkpal.ai\/pl\/#website","url":"https:\/\/talkpal.ai\/pl\/","name":"Talkpal","description":"AI Language Learning","publisher":{"@id":"https:\/\/talkpal.ai\/pl\/#organization"},"alternateName":"Talkpal AI","potentialAction":[{"@type":"SearchAction","target":{"@type":"EntryPoint","urlTemplate":"https:\/\/talkpal.ai\/pl\/?s={search_term_string}"},"query-input":{"@type":"PropertyValueSpecification","valueRequired":true,"valueName":"search_term_string"}}],"inLanguage":"pl-PL"},{"@type":"Organization","@id":"https:\/\/talkpal.ai\/pl\/#organization","name":"Talkpal, Inc.","alternateName":"Talkpal AI","url":"https:\/\/talkpal.ai\/pl\/","logo":{"@type":"ImageObject","inLanguage":"pl-PL","@id":"https:\/\/talkpal.ai\/pl\/#\/schema\/logo\/image\/","url":"https:\/\/talkpal.ai\/wp-content\/uploads\/2024\/03\/Talkpal-Logo-Icon.png","contentUrl":"https:\/\/talkpal.ai\/wp-content\/uploads\/2024\/03\/Talkpal-Logo-Icon.png","width":2880,"height":2880,"caption":"Talkpal, Inc."},"image":{"@id":"https:\/\/talkpal.ai\/pl\/#\/schema\/logo\/image\/"},"sameAs":["https:\/\/www.facebook.com\/profile.php?id=100090733639311","https:\/\/x.com\/talkpalai","https:\/\/www.linkedin.com\/company\/talkpal\/","https:\/\/www.youtube.com\/@TalkPal\/","https:\/\/www.tiktok.com\/@talkpal","https:\/\/www.instagram.com\/talkpal_ai\/","https:\/\/www.crunchbase.com\/organization\/talkpal-9cde","https:\/\/www.g2.com\/products\/talkpal-for-business\/","https:\/\/www.trustpilot.com\/review\/talkpal.ai","https:\/\/www.capterra.com\/p\/10006800\/TalkPal\/"],"description":"Talkpal is a language learning web and mobile education app, powered by the latest AI technologies, that provides engaging experiences to its customers in many different languages to help them improve their language skills. Users can chat about unlimited amount of topics with the app and use other modes to practice their language learning.","email":"support@talkpal.ai","legalName":"Talkpal, Inc.","foundingDate":"2023-04-03","duns":"118989042","numberOfEmployees":{"@type":"QuantitativeValue","minValue":"11","maxValue":"50"},"publishingPrinciples":"https:\/\/talkpal.ai\/publishing-principles\/","actionableFeedbackPolicy":"https:\/\/talkpal.ai\/actionable-feedback-policy\/","correctionsPolicy":"https:\/\/talkpal.ai\/corrections-policy\/","ethicsPolicy":"https:\/\/talkpal.ai\/ethics-policy\/","diversityPolicy":"https:\/\/talkpal.ai\/diversity-policy\/","diversityStaffingReport":"https:\/\/talkpal.ai\/diversity-policy\/"}]}},"_links":{"self":[{"href":"https:\/\/talkpal.ai\/pl\/wp-json\/wp\/v2\/pages\/1477503","targetHints":{"allow":["GET"]}}],"collection":[{"href":"https:\/\/talkpal.ai\/pl\/wp-json\/wp\/v2\/pages"}],"about":[{"href":"https:\/\/talkpal.ai\/pl\/wp-json\/wp\/v2\/types\/page"}],"author":[{"embeddable":true,"href":"https:\/\/talkpal.ai\/pl\/wp-json\/wp\/v2\/users\/20"}],"replies":[{"embeddable":true,"href":"https:\/\/talkpal.ai\/pl\/wp-json\/wp\/v2\/comments?post=1477503"}],"version-history":[{"count":0,"href":"https:\/\/talkpal.ai\/pl\/wp-json\/wp\/v2\/pages\/1477503\/revisions"}],"wp:attachment":[{"href":"https:\/\/talkpal.ai\/pl\/wp-json\/wp\/v2\/media?parent=1477503"}],"curies":[{"name":"wp","href":"https:\/\/api.w.org\/{rel}","templated":true}]}}