{"id":1477218,"date":"2025-10-22T22:29:01","date_gmt":"2025-10-22T22:29:01","guid":{"rendered":"https:\/\/talkpal.ai\/znizka-talkpal-dla-czlonkow-organizacji-kulturalnych\/"},"modified":"2026-01-22T14:34:58","modified_gmt":"2026-01-22T14:34:58","slug":"znizka-talkpal-dla-czlonkow-organizacji-kulturalnych","status":"publish","type":"page","link":"https:\/\/talkpal.ai\/pl\/znizka-talkpal-dla-czlonkow-organizacji-kulturalnych\/","title":{"rendered":"Zni\u017cka Talkpal dla cz\u0142onk\u00f3w organizacji kulturalnych"},"content":{"rendered":"<section class=\"languageChallengeSection\">\r\n    <div class=\"languageInfoWrapper\">\r\n        \r\n        <h1>Zni\u017cka Talkpal dla cz\u0142onk\u00f3w organizacji kulturalnych<\/h1>\r\n        <p>Jeste\u015b cz\u0142onkiem organizacji kulturalnej, kt\u00f3ra chce podnie\u015b\u0107 swoje umiej\u0119tno\u015bci j\u0119zykowe? Talkpal oferuje ekskluzywn\u0105 79% zni\u017ck\u0119 dla cz\u0142onk\u00f3w organizacji kulturalnych. Uzyskaj dost\u0119p do wszystkich funkcji premium, \u0107wicz autentyczne rozmowy za pomoc\u0105 sztucznej inteligencji i buduj pewn\u0105 komunikacj\u0119 mi\u0119dzykulturow\u0105 \u2014 za po\u0142ow\u0119 ceny.<\/p>\r\n\r\n                    <a class=\"getStartedHidden\" href=\"https:\/\/app.talkpal.ai\/signup?discount=50\">\r\n                Uzyskaj zni\u017ck\u0119            <\/a>\r\n            <\/div>\r\n\r\n            <figure>\r\n            <img decoding=\"async\" class=\"no-lazy\" src=\"https:\/\/talkpal.ai\/wp-content\/uploads\/2026\/01\/straight-hair-girl-with-phone-light-background.webp\" alt=\"\" fetchpriority=\"high\" \/>\r\n        <\/figure>\r\n        \r\n                    <a class=\"getStartedVisible\" href=\"https:\/\/app.talkpal.ai\/signup?discount=50\">\r\n                Uzyskaj zni\u017ck\u0119            <\/a>\r\n        <\/section><section class=\"featureSection\">\r\n    <div class=\"featureIntroduce\">\r\n        <a class=\"introduceLink\" href=\"https:\/\/app.talkpal.ai\/pl\/signup?lng=\">\r\n            <img decoding=\"async\" src=\"https:\/\/talkpal.ai\/wp-content\/themes\/talkpal\/assets\/img\/Sparkle.svg\" alt=\"\" \/>Najbardziej zaawansowany\n  AI<\/a>\r\n        <h3 class=\"featureTitle\">R\u00f3\u017cnica talkpal<\/h3>\r\n    <\/div>\r\n            <div class=\"introduceWrapper\">\r\n                            <a class=\"introducCard\" href=\"https:\/\/app.talkpal.ai\/pl\/signup?lng=\">\r\n\r\n                    \r\n                                                <img decoding=\"async\" src=\"https:\/\/talkpal.ai\/wp-content\/uploads\/2025\/05\/Immersive_conversations.png\" alt=\"Immersive Conversation Screenshot\" \/>\r\n                        <h4 class=\"introduceTitle\">Spersonalizowana edukacja<\/h4>\r\n                        <p class=\"cardText\">Ka\u017cda organizacja kulturalna ma inne cele, a droga ka\u017cdego cz\u0142onka do nowego j\u0119zyka jest inna. W Talkpal u\u017cywamy zaawansowanej sztucznej inteligencji, aby zrozumie\u0107, jakie post\u0119py robi\u0105 miliony uczni\u00f3w ka\u017cdego dnia. Pomaga nam to tworzy\u0107 spersonalizowane, efektywne i anga\u017cuj\u0105ce do\u015bwiadczenia edukacyjne zaprojektowane specjalnie dla cz\u0142onk\u00f3w organizacji kulturalnych.<\/p>\r\n                    \r\n                <\/a>\r\n                            <a class=\"introducCard\" href=\"https:\/\/app.talkpal.ai\/pl\/signup?lng=\">\r\n\r\n                    \r\n                                                <img decoding=\"async\" src=\"https:\/\/talkpal.ai\/wp-content\/uploads\/2025\/05\/Realtime_feedback.png\" alt=\"Feedback Screenshot\" \/>\r\n                        <h4 class=\"introduceTitle\">Najnowocze\u015bniejsza technologia<\/h4>\r\n                        <p class=\"cardText\">Nasz\u0105 misj\u0105 jest zapewnienie dost\u0119pno\u015bci spersonalizowanej nauki j\u0119zyk\u00f3w obcych w ca\u0142ym sektorze kultury poprzez po\u0142\u0105czenie najnowocze\u015bniejszej sztucznej inteligencji ze sprawdzonymi metodami edukacyjnymi. Dzi\u0119ki Talkpal nie tylko bierzesz lekcje \u2014 pod\u0105\u017casz dostosowan\u0105 do Twoich potrzeb, ale tak\u017ce pod\u0105\u017casz \u015bcie\u017ck\u0105 dostosowan\u0105 do Twojego tempa, roli i cel\u00f3w, od zaanga\u017cowania odbiorc\u00f3w po wsp\u00f3\u0142prac\u0119 mi\u0119dzynarodow\u0105.<\/p>\r\n                    \r\n                <\/a>\r\n                            <a class=\"introducCard\" href=\"https:\/\/app.talkpal.ai\/pl\/signup?lng=\">\r\n\r\n                    \r\n                                                <img decoding=\"async\" src=\"https:\/\/talkpal.ai\/wp-content\/uploads\/2025\/05\/Personalization.png\" alt=\"Personalization Screenshot\" \/>\r\n                        <h4 class=\"introduceTitle\">Zabawa w nauk\u0119<\/h4>\r\n                        <p class=\"cardText\">Wierzymy, \u017ce nauka j\u0119zyk\u00f3w obcych powinna by\u0107 inspiruj\u0105ca i znacz\u0105ca. W\u0142a\u015bnie dlatego Talkpal zosta\u0142 stworzony tak, aby cz\u0142onkowie organizacji kulturalnych byli zaanga\u017cowani i zmotywowani &#8211; dzi\u0119ki czemu praktyka nie przypomina nauki, a bardziej celow\u0105 eksploracj\u0119. Do\u0142\u0105cz do tysi\u0119cy cz\u0142onk\u00f3w na ca\u0142ym \u015bwiecie i zacznij rozwija\u0107 sw\u00f3j nast\u0119pny j\u0119zyk dzi\u0119ki Talkpal.<\/p>\r\n                    \r\n                <\/a>\r\n                            <\/div>\r\n                     <a class=\"featureSectionLink\" href=\"https:\/\/app.talkpal.ai\/signup?discount=50\">\r\n                Uzyskaj zni\u017ck\u0119            <\/a>\r\n                \r\n<\/section>\r\n\r\n\r\n<section class=\"smartFunSection\">\r\n            \r\n            <div class=\"smartFunCard\">\r\n                <div class=\"smartFunWrapper\"><img decoding=\"async\" src=\"https:\/\/talkpal.ai\/wp-content\/uploads\/2025\/05\/1.png\" alt=\"Learning Stats Screenshot\"><\/div>\r\n                <h3>Dopasowane do Ciebie<\/h3>\r\n                <p>Talkpal wykorzystuje technologi\u0119 opart\u0105 na sztucznej inteligencji, aby zapewni\u0107 spersonalizowane sesje nauki j\u0119zyka dostosowane do poziomu i tempa ka\u017cdego cz\u0142onka. Ka\u017cda lekcja jest dostosowana do Twoich indywidualnych potrzeb i pomaga w osi\u0105ganiu sta\u0142ych, mierzalnych post\u0119p\u00f3w.<\/p>\r\n            <\/div>\r\n\r\n        \r\n            <div class=\"smartFunCard\">\r\n                <div class=\"smartFunWrapper\"><img decoding=\"async\" src=\"https:\/\/talkpal.ai\/wp-content\/uploads\/2025\/05\/2.png\" alt=\"Pronunciation Score Screenshot\"><\/div>\r\n                <h3>Efektywno\u015b\u0107 i wydajno\u015b\u0107<\/h3>\r\n                <p>Popraw swoje umiej\u0119tno\u015bci czytania, s\u0142uchania i m\u00f3wienia dzi\u0119ki Talkpal. Nasze innowacyjne narz\u0119dzia sprawiaj\u0105, \u017ce rozw\u00f3j j\u0119zykowy jest zar\u00f3wno skuteczny, jak i przyjemny dla cz\u0142onk\u00f3w muze\u00f3w, bibliotek, teatr\u00f3w, centr\u00f3w dziedzictwa i lokalnych organizacji artystycznych.<\/p>\r\n            <\/div>\r\n\r\n        \r\n            <div class=\"smartFunCard\">\r\n                <div class=\"smartFunWrapper\"><img decoding=\"async\" src=\"https:\/\/talkpal.ai\/wp-content\/uploads\/2025\/05\/3.png\" alt=\"Chat Topics Screenshot\"><\/div>\r\n                <h3>Zachowaj zaanga\u017cowanie<\/h3>\r\n                <p>Platforma \u0142\u0105czy elementy grywalizacji, anga\u017cuj\u0105ce wyzwania i prowokuj\u0105ce do my\u015blenia podpowiedzi, aby utrzyma\u0107 motywacj\u0119 i sp\u00f3jno\u015b\u0107 cz\u0142onk\u00f3w. Dzi\u0119ki Talkpal nauka j\u0119zyka staje si\u0119 satysfakcjonuj\u0105cym codziennym nawykiem, a nie zadaniem.<\/p>\r\n            <\/div>\r\n\r\n        \r\n            <div class=\"smartFunCard\">\r\n                <div class=\"smartFunWrapper\"><img decoding=\"async\" src=\"https:\/\/talkpal.ai\/wp-content\/uploads\/2025\/05\/4.png\" alt=\"Dashboard Screenshot\"><\/div>\r\n                <h3>Ciesz si\u0119 nauk\u0105<\/h3>\r\n                <p>Opanowanie nowego j\u0119zyka nie musi by\u0107 \u017cmudne. Talkpal oferuje interaktywne \u0107wiczenia, \u017cywe postacie i beztroskie rozmowy ze sztuczn\u0105 inteligencj\u0105, dzi\u0119ki czemu nauka jest przyjemn\u0105 i inspiruj\u0105c\u0105 cz\u0119\u015bci\u0105 dnia ka\u017cdego cz\u0142onka organizacji kulturalnej.<\/p>\r\n            <\/div>\r\n\r\n            \r\n<\/section>\r\n\r\n<section class=\"promotionalBanner\">\r\n    <p class=\"promotionalText\">Talkpal dla cz\u0142onk\u00f3w organizacji kulturalnych &#8211; Rozpocznij nauk\u0119 po obni\u017conej cenie<\/p>\r\n                <a class=\"promotionalLink\" href=\"https:\/\/app.talkpal.ai\/signup?discount=50\">\r\n                Uzyskaj zni\u017ck\u0119            <\/a>\r\n            \r\n<\/section>","protected":false},"excerpt":{"rendered":"","protected":false},"author":20,"featured_media":0,"parent":0,"menu_order":0,"comment_status":"closed","ping_status":"closed","template":"LearningContentPage.php","meta":{"_acf_changed":false,"footnotes":""},"class_list":["post-1477218","page","type-page","status-publish","hentry"],"acf":[],"yoast_head":"<!-- This site is optimized with the Yoast SEO Premium plugin v27.2 (Yoast SEO v27.2) - https:\/\/yoast.com\/product\/yoast-seo-premium-wordpress\/ -->\n<title>Zni\u017cka Talkpal dla cz\u0142onk\u00f3w organizacji kulturalnych - Talkpal<\/title>\n<meta name=\"description\" content=\"Odblokuj 79% zni\u017cki na Talkpal Premium dla cz\u0142onk\u00f3w organizacji kulturalnych i opanuj nowe j\u0119zyki dzi\u0119ki zaawansowanym korepetycjom AI.\" \/>\n<meta name=\"robots\" content=\"index, follow, max-snippet:-1, max-image-preview:large, max-video-preview:-1\" \/>\n<link rel=\"canonical\" href=\"https:\/\/talkpal.ai\/pl\/znizka-talkpal-dla-czlonkow-organizacji-kulturalnych\/\" \/>\n<meta property=\"og:locale\" content=\"pl_PL\" \/>\n<meta property=\"og:type\" content=\"article\" \/>\n<meta property=\"og:title\" content=\"Zni\u017cka Talkpal dla cz\u0142onk\u00f3w organizacji kulturalnych\" \/>\n<meta property=\"og:url\" content=\"https:\/\/talkpal.ai\/pl\/znizka-talkpal-dla-czlonkow-organizacji-kulturalnych\/\" \/>\n<meta property=\"og:site_name\" content=\"Talkpal\" \/>\n<meta property=\"article:publisher\" content=\"https:\/\/www.facebook.com\/profile.php?id=100090733639311\" \/>\n<meta property=\"article:modified_time\" content=\"2026-01-22T14:34:58+00:00\" \/>\n<meta property=\"og:image\" content=\"https:\/\/talkpal.ai\/wp-content\/uploads\/2025\/02\/Progress-tab-16_9.png\" \/>\n\t<meta property=\"og:image:width\" content=\"2880\" \/>\n\t<meta property=\"og:image:height\" content=\"1620\" \/>\n\t<meta property=\"og:image:type\" content=\"image\/png\" \/>\n<meta name=\"twitter:card\" content=\"summary_large_image\" \/>\n<meta name=\"twitter:site\" content=\"@talkpalai\" \/>\n<script type=\"application\/ld+json\" class=\"yoast-schema-graph\">{\"@context\":\"https:\/\/schema.org\",\"@graph\":[{\"@type\":\"WebPage\",\"@id\":\"https:\/\/talkpal.ai\/pl\/znizka-talkpal-dla-czlonkow-organizacji-kulturalnych\/\",\"url\":\"https:\/\/talkpal.ai\/pl\/znizka-talkpal-dla-czlonkow-organizacji-kulturalnych\/\",\"name\":\"Zni\u017cka Talkpal dla cz\u0142onk\u00f3w organizacji kulturalnych - Talkpal\",\"isPartOf\":{\"@id\":\"https:\/\/talkpal.ai\/pl\/#website\"},\"datePublished\":\"2025-10-22T22:29:01+00:00\",\"dateModified\":\"2026-01-22T14:34:58+00:00\",\"description\":\"Odblokuj 79% zni\u017cki na Talkpal Premium dla cz\u0142onk\u00f3w organizacji kulturalnych i opanuj nowe j\u0119zyki dzi\u0119ki zaawansowanym korepetycjom AI.\",\"breadcrumb\":{\"@id\":\"https:\/\/talkpal.ai\/pl\/znizka-talkpal-dla-czlonkow-organizacji-kulturalnych\/#breadcrumb\"},\"inLanguage\":\"pl-PL\",\"potentialAction\":[{\"@type\":\"ReadAction\",\"target\":[\"https:\/\/talkpal.ai\/pl\/znizka-talkpal-dla-czlonkow-organizacji-kulturalnych\/\"]}]},{\"@type\":\"BreadcrumbList\",\"@id\":\"https:\/\/talkpal.ai\/pl\/znizka-talkpal-dla-czlonkow-organizacji-kulturalnych\/#breadcrumb\",\"itemListElement\":[{\"@type\":\"ListItem\",\"position\":1,\"name\":\"Homepage\",\"item\":\"https:\/\/talkpal.ai\/pl\/\"},{\"@type\":\"ListItem\",\"position\":2,\"name\":\"Zni\u017cka Talkpal dla cz\u0142onk\u00f3w organizacji kulturalnych\"}]},{\"@type\":\"WebSite\",\"@id\":\"https:\/\/talkpal.ai\/pl\/#website\",\"url\":\"https:\/\/talkpal.ai\/pl\/\",\"name\":\"Talkpal\",\"description\":\"AI Language Learning\",\"publisher\":{\"@id\":\"https:\/\/talkpal.ai\/pl\/#organization\"},\"alternateName\":\"Talkpal AI\",\"potentialAction\":[{\"@type\":\"SearchAction\",\"target\":{\"@type\":\"EntryPoint\",\"urlTemplate\":\"https:\/\/talkpal.ai\/pl\/?s={search_term_string}\"},\"query-input\":{\"@type\":\"PropertyValueSpecification\",\"valueRequired\":true,\"valueName\":\"search_term_string\"}}],\"inLanguage\":\"pl-PL\"},{\"@type\":\"Organization\",\"@id\":\"https:\/\/talkpal.ai\/pl\/#organization\",\"name\":\"Talkpal, Inc.\",\"alternateName\":\"Talkpal AI\",\"url\":\"https:\/\/talkpal.ai\/pl\/\",\"logo\":{\"@type\":\"ImageObject\",\"inLanguage\":\"pl-PL\",\"@id\":\"https:\/\/talkpal.ai\/pl\/#\/schema\/logo\/image\/\",\"url\":\"https:\/\/talkpal.ai\/wp-content\/uploads\/2024\/03\/Talkpal-Logo-Icon.png\",\"contentUrl\":\"https:\/\/talkpal.ai\/wp-content\/uploads\/2024\/03\/Talkpal-Logo-Icon.png\",\"width\":2880,\"height\":2880,\"caption\":\"Talkpal, Inc.\"},\"image\":{\"@id\":\"https:\/\/talkpal.ai\/pl\/#\/schema\/logo\/image\/\"},\"sameAs\":[\"https:\/\/www.facebook.com\/profile.php?id=100090733639311\",\"https:\/\/x.com\/talkpalai\",\"https:\/\/www.linkedin.com\/company\/talkpal\/\",\"https:\/\/www.youtube.com\/@TalkPal\/\",\"https:\/\/www.tiktok.com\/@talkpal\",\"https:\/\/www.instagram.com\/talkpal_ai\/\",\"https:\/\/www.crunchbase.com\/organization\/talkpal-9cde\",\"https:\/\/www.g2.com\/products\/talkpal-for-business\/\",\"https:\/\/www.trustpilot.com\/review\/talkpal.ai\",\"https:\/\/www.capterra.com\/p\/10006800\/TalkPal\/\"],\"description\":\"Talkpal is a language learning web and mobile education app, powered by the latest AI technologies, that provides engaging experiences to its customers in many different languages to help them improve their language skills. Users can chat about unlimited amount of topics with the app and use other modes to practice their language learning.\",\"email\":\"support@talkpal.ai\",\"legalName\":\"Talkpal, Inc.\",\"foundingDate\":\"2023-04-03\",\"duns\":\"118989042\",\"numberOfEmployees\":{\"@type\":\"QuantitativeValue\",\"minValue\":\"11\",\"maxValue\":\"50\"},\"publishingPrinciples\":\"https:\/\/talkpal.ai\/publishing-principles\/\",\"actionableFeedbackPolicy\":\"https:\/\/talkpal.ai\/actionable-feedback-policy\/\",\"correctionsPolicy\":\"https:\/\/talkpal.ai\/corrections-policy\/\",\"ethicsPolicy\":\"https:\/\/talkpal.ai\/ethics-policy\/\",\"diversityPolicy\":\"https:\/\/talkpal.ai\/diversity-policy\/\",\"diversityStaffingReport\":\"https:\/\/talkpal.ai\/diversity-policy\/\"}]}<\/script>\n<!-- \/ Yoast SEO Premium plugin. -->","yoast_head_json":{"title":"Zni\u017cka Talkpal dla cz\u0142onk\u00f3w organizacji kulturalnych - Talkpal","description":"Odblokuj 79% zni\u017cki na Talkpal Premium dla cz\u0142onk\u00f3w organizacji kulturalnych i opanuj nowe j\u0119zyki dzi\u0119ki zaawansowanym korepetycjom AI.","robots":{"index":"index","follow":"follow","max-snippet":"max-snippet:-1","max-image-preview":"max-image-preview:large","max-video-preview":"max-video-preview:-1"},"canonical":"https:\/\/talkpal.ai\/pl\/znizka-talkpal-dla-czlonkow-organizacji-kulturalnych\/","og_locale":"pl_PL","og_type":"article","og_title":"Zni\u017cka Talkpal dla cz\u0142onk\u00f3w organizacji kulturalnych","og_url":"https:\/\/talkpal.ai\/pl\/znizka-talkpal-dla-czlonkow-organizacji-kulturalnych\/","og_site_name":"Talkpal","article_publisher":"https:\/\/www.facebook.com\/profile.php?id=100090733639311","article_modified_time":"2026-01-22T14:34:58+00:00","og_image":[{"width":2880,"height":1620,"url":"https:\/\/talkpal.ai\/wp-content\/uploads\/2025\/02\/Progress-tab-16_9.png","type":"image\/png"}],"twitter_card":"summary_large_image","twitter_site":"@talkpalai","schema":{"@context":"https:\/\/schema.org","@graph":[{"@type":"WebPage","@id":"https:\/\/talkpal.ai\/pl\/znizka-talkpal-dla-czlonkow-organizacji-kulturalnych\/","url":"https:\/\/talkpal.ai\/pl\/znizka-talkpal-dla-czlonkow-organizacji-kulturalnych\/","name":"Zni\u017cka Talkpal dla cz\u0142onk\u00f3w organizacji kulturalnych - Talkpal","isPartOf":{"@id":"https:\/\/talkpal.ai\/pl\/#website"},"datePublished":"2025-10-22T22:29:01+00:00","dateModified":"2026-01-22T14:34:58+00:00","description":"Odblokuj 79% zni\u017cki na Talkpal Premium dla cz\u0142onk\u00f3w organizacji kulturalnych i opanuj nowe j\u0119zyki dzi\u0119ki zaawansowanym korepetycjom AI.","breadcrumb":{"@id":"https:\/\/talkpal.ai\/pl\/znizka-talkpal-dla-czlonkow-organizacji-kulturalnych\/#breadcrumb"},"inLanguage":"pl-PL","potentialAction":[{"@type":"ReadAction","target":["https:\/\/talkpal.ai\/pl\/znizka-talkpal-dla-czlonkow-organizacji-kulturalnych\/"]}]},{"@type":"BreadcrumbList","@id":"https:\/\/talkpal.ai\/pl\/znizka-talkpal-dla-czlonkow-organizacji-kulturalnych\/#breadcrumb","itemListElement":[{"@type":"ListItem","position":1,"name":"Homepage","item":"https:\/\/talkpal.ai\/pl\/"},{"@type":"ListItem","position":2,"name":"Zni\u017cka Talkpal dla cz\u0142onk\u00f3w organizacji kulturalnych"}]},{"@type":"WebSite","@id":"https:\/\/talkpal.ai\/pl\/#website","url":"https:\/\/talkpal.ai\/pl\/","name":"Talkpal","description":"AI Language Learning","publisher":{"@id":"https:\/\/talkpal.ai\/pl\/#organization"},"alternateName":"Talkpal AI","potentialAction":[{"@type":"SearchAction","target":{"@type":"EntryPoint","urlTemplate":"https:\/\/talkpal.ai\/pl\/?s={search_term_string}"},"query-input":{"@type":"PropertyValueSpecification","valueRequired":true,"valueName":"search_term_string"}}],"inLanguage":"pl-PL"},{"@type":"Organization","@id":"https:\/\/talkpal.ai\/pl\/#organization","name":"Talkpal, Inc.","alternateName":"Talkpal AI","url":"https:\/\/talkpal.ai\/pl\/","logo":{"@type":"ImageObject","inLanguage":"pl-PL","@id":"https:\/\/talkpal.ai\/pl\/#\/schema\/logo\/image\/","url":"https:\/\/talkpal.ai\/wp-content\/uploads\/2024\/03\/Talkpal-Logo-Icon.png","contentUrl":"https:\/\/talkpal.ai\/wp-content\/uploads\/2024\/03\/Talkpal-Logo-Icon.png","width":2880,"height":2880,"caption":"Talkpal, Inc."},"image":{"@id":"https:\/\/talkpal.ai\/pl\/#\/schema\/logo\/image\/"},"sameAs":["https:\/\/www.facebook.com\/profile.php?id=100090733639311","https:\/\/x.com\/talkpalai","https:\/\/www.linkedin.com\/company\/talkpal\/","https:\/\/www.youtube.com\/@TalkPal\/","https:\/\/www.tiktok.com\/@talkpal","https:\/\/www.instagram.com\/talkpal_ai\/","https:\/\/www.crunchbase.com\/organization\/talkpal-9cde","https:\/\/www.g2.com\/products\/talkpal-for-business\/","https:\/\/www.trustpilot.com\/review\/talkpal.ai","https:\/\/www.capterra.com\/p\/10006800\/TalkPal\/"],"description":"Talkpal is a language learning web and mobile education app, powered by the latest AI technologies, that provides engaging experiences to its customers in many different languages to help them improve their language skills. Users can chat about unlimited amount of topics with the app and use other modes to practice their language learning.","email":"support@talkpal.ai","legalName":"Talkpal, Inc.","foundingDate":"2023-04-03","duns":"118989042","numberOfEmployees":{"@type":"QuantitativeValue","minValue":"11","maxValue":"50"},"publishingPrinciples":"https:\/\/talkpal.ai\/publishing-principles\/","actionableFeedbackPolicy":"https:\/\/talkpal.ai\/actionable-feedback-policy\/","correctionsPolicy":"https:\/\/talkpal.ai\/corrections-policy\/","ethicsPolicy":"https:\/\/talkpal.ai\/ethics-policy\/","diversityPolicy":"https:\/\/talkpal.ai\/diversity-policy\/","diversityStaffingReport":"https:\/\/talkpal.ai\/diversity-policy\/"}]}},"_links":{"self":[{"href":"https:\/\/talkpal.ai\/pl\/wp-json\/wp\/v2\/pages\/1477218","targetHints":{"allow":["GET"]}}],"collection":[{"href":"https:\/\/talkpal.ai\/pl\/wp-json\/wp\/v2\/pages"}],"about":[{"href":"https:\/\/talkpal.ai\/pl\/wp-json\/wp\/v2\/types\/page"}],"author":[{"embeddable":true,"href":"https:\/\/talkpal.ai\/pl\/wp-json\/wp\/v2\/users\/20"}],"replies":[{"embeddable":true,"href":"https:\/\/talkpal.ai\/pl\/wp-json\/wp\/v2\/comments?post=1477218"}],"version-history":[{"count":0,"href":"https:\/\/talkpal.ai\/pl\/wp-json\/wp\/v2\/pages\/1477218\/revisions"}],"wp:attachment":[{"href":"https:\/\/talkpal.ai\/pl\/wp-json\/wp\/v2\/media?parent=1477218"}],"curies":[{"name":"wp","href":"https:\/\/api.w.org\/{rel}","templated":true}]}}