{"id":1477195,"date":"2025-11-12T17:36:06","date_gmt":"2025-11-12T17:36:06","guid":{"rendered":"https:\/\/talkpal.ai\/cwiczenia-gramatyczne-zulusow\/"},"modified":"2025-12-30T13:21:27","modified_gmt":"2025-12-30T13:21:27","slug":"cwiczenia-gramatyczne-zulusow","status":"publish","type":"page","link":"https:\/\/talkpal.ai\/pl\/cwiczenia-gramatyczne-zulusow\/","title":{"rendered":"\u0106wiczenia gramatyczne Zulus\u00f3w"},"content":{"rendered":"\r\n\r\n\r\n<section class=\"languageChallengeSection\">\r\n    <div class=\"languageInfoWrapper\">\r\n        \r\n        <h1>\u0106wiczenia gramatyczne Zulus\u00f3w<\/h1>\r\n        <p>Gotowy, aby zag\u0142\u0119bi\u0107 si\u0119 w gramatyk\u0119 <a href=\"https:\/\/talkpal.ai\/learn-zulu\/\">Zulu<\/a>? Prze\u0107wiczenie kilku podstaw pomo\u017ce ci poczu\u0107 si\u0119 komfortowo z tym wyj\u0105tkowym i pi\u0119knym j\u0119zykiem. Wypr\u00f3buj te \u0107wiczenia, aby zbudowa\u0107 pewno\u015b\u0107 siebie i dobrze si\u0119 przy tym bawi\u0107!<\/p>\r\n\r\n                            <a class=\"getStartedHidden\" href=\"https:\/\/app.talkpal.ai\/pl\/signup?lng=\">Zaczynaj<\/a>\r\n        \r\n    <\/div>\r\n\r\n    <figure>\r\n    <img decoding=\"async\" width=\"768\" height=\"768\" src=\"https:\/\/talkpal.ai\/wp-content\/uploads\/2023\/06\/welsh-768x768.png\" class=\"languageImage no-lazy\" alt=\"Language learning for better cognitive abilities\" fetchpriority=\"high\" sizes=\"(max-width: 768px) 150px, 768px\" srcset=\"https:\/\/talkpal.ai\/wp-content\/uploads\/2023\/06\/welsh-768x768.png 768w, https:\/\/talkpal.ai\/wp-content\/uploads\/2023\/06\/welsh-300x300.png 300w\" \/>\r\n    \r\n\r\n    <\/figure>\r\n\r\n            <a class=\"getStartedVisible\" href=\"https:\/\/app.talkpal.ai\/pl\/signup?lng=\">Zaczynaj<\/a>\r\n    \r\n<\/section><section class=\"promotionalBanner\">\r\n    <p class=\"promotionalText\">Najbardziej efektywny spos\u00f3b nauki j\u0119zyka<\/p>\r\n    <a class=\"promotionalLink\" href=\"https:\/\/app.talkpal.ai\/pl\/signup?lng=\">Wypr\u00f3buj Talkpal za darmo<\/a>\r\n<\/section>\n<div class=\"wp-block-group pageContainerStyle\"><div class=\"wp-block-group__inner-container is-layout-constrained wp-block-group-is-layout-constrained\">\n<h2 class=\"wp-block-heading\" id=\"h-zulu-grammar-topics\">Zagadnienia gramatyczne j\u0119zyka Zulu<\/h2>\n\n\n\n<p><a href=\"https:\/\/talkpal.ai\/pl\/najwieksze-bledy-ktorych-nalezy-unikac-podczas-nauki-nowego-jezyka\/\">Nauka nowego j\u0119zyka<\/a> mo\u017ce by\u0107 trudnym, ale satysfakcjonuj\u0105cym przedsi\u0119wzi\u0119ciem. Zulu, j\u0119zyk bantu u\u017cywany g\u0142\u00f3wnie w Afryce Po\u0142udniowej, nie jest wyj\u0105tkiem. Dzi\u0119ki swoim unikalnym cechom i strukturom, <a href=\"https:\/\/talkpal.ai\/pl\/talkpal-dla-edukacji\/\">nauka<\/a> j\u0119zyka zulu wymaga systematycznego podej\u015bcia do zrozumienia jego bogatej, aglutynacyjnej gramatyki. Ten przewodnik przedstawia kluczowe obszary <a href=\"https:\/\/talkpal.ai\/pl\/gramatyka-zulusow\/\">gramatyki zuluskiej<\/a> w logicznej kolejno\u015bci do <a href=\"https:\/\/talkpal.ai\/pl\/talkpal-dla-edukacji\/\">nauki j\u0119zyka<\/a>, zaczynaj\u0105c od podstaw, takich jak rzeczowniki i rodzajniki, a ko\u0144cz\u0105c na bardziej z\u0142o\u017conych obszarach, takich jak czasy i konstrukcje zda\u0144.<\/p>\n\n\n\n<h3 class=\"wp-block-heading\" id=\"h-1-nouns\">1. Rzeczowniki:<\/h3>\n\n\n\n<p>Rozpocznij swoj\u0105 przygod\u0119 z j\u0119zykiem zuluskim od nauki rzeczownik\u00f3w. Obejmuje to zrozumienie systemu klas rzeczownik\u00f3w z jego przedrostkami, sposobu dzia\u0142ania zgodno\u015bci w zdaniu oraz sposobu tworzenia form liczby mnogiej przez zmian\u0119 przedrostka klasy rzeczownika.<\/p>\n\n\n\n<h3 class=\"wp-block-heading\" id=\"h-2-articles\">2. Artyku\u0142y:<\/h3>\n\n\n\n<p>Zulusi nie u\u017cywaj\u0105 przedimk\u00f3w okre\u015blonych ani nieokre\u015blonych, tak jak <a href=\"https:\/\/talkpal.ai\/pl\/praktyka-mowienia-po-angielsku-ai\/\">robi to j\u0119zyk angielski<\/a> . Okre\u015blono\u015b\u0107 jest zwykle okre\u015blana przez kontekst, szyk s\u0142\u00f3w lub wskazuj\u0105ce. Nauka poprawnego u\u017cywania wska\u017anik\u00f3w ma kluczowe znaczenie w konstruowaniu zda\u0144.<\/p>\n\n\n\n<h3 class=\"wp-block-heading\" id=\"h-3-adjectives\">3. Przymiotniki:<\/h3>\n\n\n\n<p>Przymiotniki w j\u0119zyku zuluskim zazwyczaj nast\u0119puj\u0105 po swoich rzeczownikach i musz\u0105 zgadza\u0107 si\u0119 z klas\u0105 rzeczownik\u00f3w poprzez zgody przymiotnikowe. B\u0119dziesz tak\u017ce musia\u0142 nauczy\u0107 si\u0119 tworzy\u0107 por\u00f3wnania i liczby superlatywne, cz\u0119sto u\u017cywaj\u0105c konstrukcji z czasownikiem oznaczaj\u0105cym przewy\u017cszy\u0107 lub partyku\u0142\u0105 oznaczaj\u0105c\u0105 than, oraz wzmacniaczy, takich jak kakhulu.<\/p>\n\n\n\n<h3 class=\"wp-block-heading\" id=\"h-4-pronouns-determiners\">4. Zaimki\/okre\u015blniki:<\/h3>\n\n\n\n<p>Zaimki i okre\u015blniki s\u0105 niezb\u0119dne w j\u0119zyku zuluskim; Obejmuj\u0105 one zaimki niezale\u017cne, zgodno\u015b\u0107 podmiotu i dope\u0142nienia czasownika, dzier\u017cawcze zbudowane z klasowych zgodnych dzier\u017cawc\u00f3w, wskazuj\u0105ce i kwantyfikatory. Ich prawid\u0142owa, klasowa zgoda jest niezb\u0119dna do skutecznej komunikacji.<\/p>\n\n\n\n<h3 class=\"wp-block-heading\" id=\"h-5-verbs\">5. Czasowniki:<\/h3>\n\n\n\n<p>Czasowniki Zulus\u00f3w zmieniaj\u0105 form\u0119 poprzez przedrostki i przyrostki, kt\u00f3re oznaczaj\u0105 temat, dope\u0142nienie, czas, aspekt i nastr\u00f3j. Zacznij od form tera\u017aniejszych, a nast\u0119pnie zbadaj przesz\u0142o\u015b\u0107 i przysz\u0142o\u015b\u0107, wraz z typowymi rozszerzeniami, takimi jak przyczynowy, aplikatywny i bierny.<\/p>\n\n\n\n<h3 class=\"wp-block-heading\" id=\"h-6-tenses\">6. Czasy:<\/h3>\n\n\n\n<p>Po opanowaniu struktury czasownika zag\u0142\u0119b si\u0119 w czasy zuluskie. Obejmuje to rozumienie tera\u017aniejszo\u015bci, niedawnej przesz\u0142o\u015bci, odleg\u0142ej przesz\u0142o\u015bci i przysz\u0142o\u015bci, a tak\u017ce form dokonanych oraz tego, jak aspekt oddzia\u0142uje z czasem w r\u00f3\u017cnych kontekstach.<\/p>\n\n\n\n<h3 class=\"wp-block-heading\" id=\"h-7-tense-comparison\">7. Por\u00f3wnanie czasu:<\/h3>\n\n\n\n<p>Por\u00f3wnywanie czas\u00f3w w j\u0119zyku zuluskim pomaga w zrozumieniu sekwencji i niuans\u00f3w. Por\u00f3wnaj formy tera\u017aniejsze, dokonane, przesz\u0142e, odleg\u0142e przesz\u0142e i przysz\u0142e tego samego czasownika, aby uzyska\u0107 ja\u015bniejsze poczucie czasu i aspektu.<\/p>\n\n\n\n<h3 class=\"wp-block-heading\" id=\"h-8-progressive\">8. Progresywny:<\/h3>\n\n\n\n<p>Post\u0119p w j\u0119zyku zuluskim jest wyra\u017cany w czasie tera\u017aniejszym za pomoc\u0105 znacznika -ya- po podmiocie zgoda, oraz za pomoc\u0105 znacznik\u00f3w aspekt\u00f3w, takich jak -sa still i se already. Zulu nie u\u017cywa w tym celu czasownika posi\u0142kowego.<\/p>\n\n\n\n<h3 class=\"wp-block-heading\" id=\"h-9-perfect-progressive\">9. Idealny progresywny:<\/h3>\n\n\n\n<p>Znaczenie to jest wyra\u017cane za pomoc\u0105 pomocniczego by\u0107 w po\u0142\u0105czeniu z progresywnym, cz\u0119sto wskazuj\u0105c na dzia\u0142anie trwaj\u0105ce do okre\u015blonego punktu. Zulu powszechnie u\u017cywaj\u0105 be z aspektowymi znacznikami lub przys\u0142\u00f3wkami ci\u0105g\u0142o\u015bci, aby przekaza\u0107.<\/p>\n\n\n\n<h3 class=\"wp-block-heading\" id=\"h-10-conditionals\">10. Warunki warunkowe:<\/h3>\n\n\n\n<p>Instrukcje warunkowe wyra\u017caj\u0105 hipotetyczne sytuacje i ich mo\u017cliwe wyniki. W j\u0119zyku zuluskim s\u0105 one tworzone za pomoc\u0105 warunkowych znacznik\u00f3w nastroju i sp\u00f3jnik\u00f3w, takich jak uma if, z odpowiednimi formami czasownik\u00f3w dla warunk\u00f3w rzeczywistych i kontrfaktycznych.<\/p>\n\n\n\n<h3 class=\"wp-block-heading\" id=\"h-11-adverbs\">11. Przys\u0142\u00f3wki:<\/h3>\n\n\n\n<p>Przys\u0142\u00f3wki w j\u0119zyku zuluskim modyfikuj\u0105 czasowniki, przymiotniki lub inne przys\u0142\u00f3wki. Obejmuj\u0105 one partyku\u0142y przys\u0142\u00f3wkowe, ideofony i s\u0142owa w czasie lub sposobie, a wiele znacze\u0144 przys\u0142\u00f3wkowych jest r\u00f3wnie\u017c wyra\u017canych za pomoc\u0105 form miejscownikowych i fraz.<\/p>\n\n\n\n<h3 class=\"wp-block-heading\" id=\"h-12-prepositions\">12. Przyimki:<\/h3>\n\n\n\n<p>Relacje czasu, miejsca i sposobu s\u0105 cz\u0119sto wyra\u017cane za pomoc\u0105 form rzeczownik\u00f3w miejscownikowych i przedrostk\u00f3w przyimkowych, takich jak ku, e, na i nga, wraz z ich wzorcami zgodno\u015bci.<\/p>\n\n\n\n<h3 class=\"wp-block-heading\" id=\"h-13-sentences\">13. Zdania:<\/h3>\n\n\n\n<p>Na koniec po\u0107wicz konstruowanie zda\u0144. B\u0119dzie to wymaga\u0142o wykorzystania wszystkich wcze\u015bniej poznanych punkt\u00f3w gramatycznych w kontek\u015bcie, w tym kolejno\u015bci dope\u0142nie\u0144 czasownika podmiotu, zgodno\u015bci mi\u0119dzy klasami rzeczownik\u00f3w, wzorc\u00f3w negacji i formu\u0142owania pyta\u0144, zapewniaj\u0105c w ten spos\u00f3b kompleksowe zrozumienie j\u0119zyka Zulu.<\/p>\n<\/div><\/div>\n\r\n<section class=\"learnNavigationSection\">\r\n            \r\n        <a href=\"https:\/\/talkpal.ai\/pl\/naucz-sie-jezyka-zulu\/\">\r\n            <div class=\"learnNavigationWrapper\">\r\n                <div class=\"learnNavigationContent\">\r\n                    <img decoding=\"async\" src=\"https:\/\/talkpal.ai\/wp-content\/uploads\/2025\/11\/Zulu.png\" alt=\"South African Flag\">\r\n                    <div>\r\n                        <h4>O nauce Zulu<\/h4>\r\n                        <p>Dowiedz si\u0119 wszystkiego o gramatyce Zulu.<\/p>\r\n                    <\/div>\r\n                <\/div>\r\n            <\/div>\r\n        <\/a>\r\n\r\n        \r\n        <a href=\"https:\/\/talkpal.ai\/pl\/gramatyka-zulusow\/\">\r\n            <div class=\"learnNavigationWrapper\">\r\n                <div class=\"learnNavigationContent\">\r\n                    <img decoding=\"async\" src=\"https:\/\/talkpal.ai\/wp-content\/uploads\/2025\/11\/Zulu.png\" alt=\"South African Flag\">\r\n                    <div>\r\n                        <h4>Lekcje gramatyki Zulus\u00f3w<\/h4>\r\n                        <p>\u0106wicz gramatyk\u0119 Zulus\u00f3w.<\/p>\r\n                    <\/div>\r\n                <\/div>\r\n            <\/div>\r\n        <\/a>\r\n\r\n            <\/section>","protected":false},"excerpt":{"rendered":"<p>Zagadnienia gramatyczne j\u0119zyka Zulu Nauka nowego j\u0119zyka mo\u017ce by\u0107 trudnym, ale satysfakcjonuj\u0105cym przedsi\u0119wzi\u0119ciem. Zulu, j\u0119zyk bantu u\u017cywany g\u0142\u00f3wnie w Afryce Po\u0142udniowej, nie jest wyj\u0105tkiem. Dzi\u0119ki swoim unikalnym cechom i strukturom, nauka j\u0119zyka zulu wymaga systematycznego podej\u015bcia do zrozumienia jego bogatej, aglutynacyjnej gramatyki. Ten przewodnik przedstawia kluczowe obszary gramatyki zuluskiej w logicznej kolejno\u015bci do nauki j\u0119zyka, [&hellip;]<\/p>\n","protected":false},"author":20,"featured_media":0,"parent":0,"menu_order":0,"comment_status":"closed","ping_status":"closed","template":"LearningContentPage.php","meta":{"_acf_changed":false,"footnotes":""},"class_list":["post-1477195","page","type-page","status-publish","hentry"],"acf":[],"yoast_head":"<!-- This site is optimized with the Yoast SEO Premium plugin v27.2 (Yoast SEO v27.2) - https:\/\/yoast.com\/product\/yoast-seo-premium-wordpress\/ -->\n<title>\u0106wiczenia gramatyczne Zulus\u00f3w - Talkpal<\/title>\n<meta name=\"description\" content=\"Opanuj gramatyk\u0119 j\u0119zyka zulu dzi\u0119ki interaktywnym \u0107wiczeniom obejmuj\u0105cym rzeczowniki, czasowniki i czasy, aby rozwin\u0105\u0107 p\u0142ynno\u015b\u0107 i pewno\u015b\u0107 siebie.\" \/>\n<meta name=\"robots\" content=\"index, follow, max-snippet:-1, max-image-preview:large, max-video-preview:-1\" \/>\n<link rel=\"canonical\" href=\"https:\/\/talkpal.ai\/pl\/cwiczenia-gramatyczne-zulusow\/\" \/>\n<meta property=\"og:locale\" content=\"pl_PL\" \/>\n<meta property=\"og:type\" content=\"article\" \/>\n<meta property=\"og:title\" content=\"\u0106wiczenia gramatyczne Zulus\u00f3w\" \/>\n<meta property=\"og:description\" content=\"Zagadnienia gramatyczne j\u0119zyka Zulu Nauka nowego j\u0119zyka mo\u017ce by\u0107 trudnym, ale satysfakcjonuj\u0105cym przedsi\u0119wzi\u0119ciem. Zulu, j\u0119zyk bantu u\u017cywany g\u0142\u00f3wnie w\" \/>\n<meta property=\"og:url\" content=\"https:\/\/talkpal.ai\/pl\/cwiczenia-gramatyczne-zulusow\/\" \/>\n<meta property=\"og:site_name\" content=\"Talkpal\" \/>\n<meta property=\"article:publisher\" content=\"https:\/\/www.facebook.com\/profile.php?id=100090733639311\" \/>\n<meta property=\"article:modified_time\" content=\"2025-12-30T13:21:27+00:00\" \/>\n<meta property=\"og:image\" content=\"https:\/\/talkpal.ai\/wp-content\/uploads\/2025\/02\/Progress-tab-16_9.png\" \/>\n\t<meta property=\"og:image:width\" content=\"2880\" \/>\n\t<meta property=\"og:image:height\" content=\"1620\" \/>\n\t<meta property=\"og:image:type\" content=\"image\/png\" \/>\n<meta name=\"twitter:card\" content=\"summary_large_image\" \/>\n<meta name=\"twitter:site\" content=\"@talkpalai\" \/>\n<meta name=\"twitter:label1\" content=\"Szacowany czas czytania\" \/>\n\t<meta name=\"twitter:data1\" content=\"3 minuty\" \/>\n<script type=\"application\/ld+json\" class=\"yoast-schema-graph\">{\"@context\":\"https:\/\/schema.org\",\"@graph\":[{\"@type\":\"WebPage\",\"@id\":\"https:\/\/talkpal.ai\/pl\/cwiczenia-gramatyczne-zulusow\/\",\"url\":\"https:\/\/talkpal.ai\/pl\/cwiczenia-gramatyczne-zulusow\/\",\"name\":\"\u0106wiczenia gramatyczne Zulus\u00f3w - Talkpal\",\"isPartOf\":{\"@id\":\"https:\/\/talkpal.ai\/pl\/#website\"},\"datePublished\":\"2025-11-12T17:36:06+00:00\",\"dateModified\":\"2025-12-30T13:21:27+00:00\",\"description\":\"Opanuj gramatyk\u0119 j\u0119zyka zulu dzi\u0119ki interaktywnym \u0107wiczeniom obejmuj\u0105cym rzeczowniki, czasowniki i czasy, aby rozwin\u0105\u0107 p\u0142ynno\u015b\u0107 i pewno\u015b\u0107 siebie.\",\"breadcrumb\":{\"@id\":\"https:\/\/talkpal.ai\/pl\/cwiczenia-gramatyczne-zulusow\/#breadcrumb\"},\"inLanguage\":\"pl-PL\",\"potentialAction\":[{\"@type\":\"ReadAction\",\"target\":[\"https:\/\/talkpal.ai\/pl\/cwiczenia-gramatyczne-zulusow\/\"]}]},{\"@type\":\"BreadcrumbList\",\"@id\":\"https:\/\/talkpal.ai\/pl\/cwiczenia-gramatyczne-zulusow\/#breadcrumb\",\"itemListElement\":[{\"@type\":\"ListItem\",\"position\":1,\"name\":\"Homepage\",\"item\":\"https:\/\/talkpal.ai\/pl\/\"},{\"@type\":\"ListItem\",\"position\":2,\"name\":\"\u0106wiczenia gramatyczne Zulus\u00f3w\"}]},{\"@type\":\"WebSite\",\"@id\":\"https:\/\/talkpal.ai\/pl\/#website\",\"url\":\"https:\/\/talkpal.ai\/pl\/\",\"name\":\"Talkpal\",\"description\":\"AI Language Learning\",\"publisher\":{\"@id\":\"https:\/\/talkpal.ai\/pl\/#organization\"},\"alternateName\":\"Talkpal AI\",\"potentialAction\":[{\"@type\":\"SearchAction\",\"target\":{\"@type\":\"EntryPoint\",\"urlTemplate\":\"https:\/\/talkpal.ai\/pl\/?s={search_term_string}\"},\"query-input\":{\"@type\":\"PropertyValueSpecification\",\"valueRequired\":true,\"valueName\":\"search_term_string\"}}],\"inLanguage\":\"pl-PL\"},{\"@type\":\"Organization\",\"@id\":\"https:\/\/talkpal.ai\/pl\/#organization\",\"name\":\"Talkpal, Inc.\",\"alternateName\":\"Talkpal AI\",\"url\":\"https:\/\/talkpal.ai\/pl\/\",\"logo\":{\"@type\":\"ImageObject\",\"inLanguage\":\"pl-PL\",\"@id\":\"https:\/\/talkpal.ai\/pl\/#\/schema\/logo\/image\/\",\"url\":\"https:\/\/talkpal.ai\/wp-content\/uploads\/2024\/03\/Talkpal-Logo-Icon.png\",\"contentUrl\":\"https:\/\/talkpal.ai\/wp-content\/uploads\/2024\/03\/Talkpal-Logo-Icon.png\",\"width\":2880,\"height\":2880,\"caption\":\"Talkpal, Inc.\"},\"image\":{\"@id\":\"https:\/\/talkpal.ai\/pl\/#\/schema\/logo\/image\/\"},\"sameAs\":[\"https:\/\/www.facebook.com\/profile.php?id=100090733639311\",\"https:\/\/x.com\/talkpalai\",\"https:\/\/www.linkedin.com\/company\/talkpal\/\",\"https:\/\/www.youtube.com\/@TalkPal\/\",\"https:\/\/www.tiktok.com\/@talkpal\",\"https:\/\/www.instagram.com\/talkpal_ai\/\",\"https:\/\/www.crunchbase.com\/organization\/talkpal-9cde\",\"https:\/\/www.g2.com\/products\/talkpal-for-business\/\",\"https:\/\/www.trustpilot.com\/review\/talkpal.ai\",\"https:\/\/www.capterra.com\/p\/10006800\/TalkPal\/\"],\"description\":\"Talkpal is a language learning web and mobile education app, powered by the latest AI technologies, that provides engaging experiences to its customers in many different languages to help them improve their language skills. Users can chat about unlimited amount of topics with the app and use other modes to practice their language learning.\",\"email\":\"support@talkpal.ai\",\"legalName\":\"Talkpal, Inc.\",\"foundingDate\":\"2023-04-03\",\"duns\":\"118989042\",\"numberOfEmployees\":{\"@type\":\"QuantitativeValue\",\"minValue\":\"11\",\"maxValue\":\"50\"},\"publishingPrinciples\":\"https:\/\/talkpal.ai\/publishing-principles\/\",\"actionableFeedbackPolicy\":\"https:\/\/talkpal.ai\/actionable-feedback-policy\/\",\"correctionsPolicy\":\"https:\/\/talkpal.ai\/corrections-policy\/\",\"ethicsPolicy\":\"https:\/\/talkpal.ai\/ethics-policy\/\",\"diversityPolicy\":\"https:\/\/talkpal.ai\/diversity-policy\/\",\"diversityStaffingReport\":\"https:\/\/talkpal.ai\/diversity-policy\/\"}]}<\/script>\n<!-- \/ Yoast SEO Premium plugin. -->","yoast_head_json":{"title":"\u0106wiczenia gramatyczne Zulus\u00f3w - Talkpal","description":"Opanuj gramatyk\u0119 j\u0119zyka zulu dzi\u0119ki interaktywnym \u0107wiczeniom obejmuj\u0105cym rzeczowniki, czasowniki i czasy, aby rozwin\u0105\u0107 p\u0142ynno\u015b\u0107 i pewno\u015b\u0107 siebie.","robots":{"index":"index","follow":"follow","max-snippet":"max-snippet:-1","max-image-preview":"max-image-preview:large","max-video-preview":"max-video-preview:-1"},"canonical":"https:\/\/talkpal.ai\/pl\/cwiczenia-gramatyczne-zulusow\/","og_locale":"pl_PL","og_type":"article","og_title":"\u0106wiczenia gramatyczne Zulus\u00f3w","og_description":"Zagadnienia gramatyczne j\u0119zyka Zulu Nauka nowego j\u0119zyka mo\u017ce by\u0107 trudnym, ale satysfakcjonuj\u0105cym przedsi\u0119wzi\u0119ciem. Zulu, j\u0119zyk bantu u\u017cywany g\u0142\u00f3wnie w","og_url":"https:\/\/talkpal.ai\/pl\/cwiczenia-gramatyczne-zulusow\/","og_site_name":"Talkpal","article_publisher":"https:\/\/www.facebook.com\/profile.php?id=100090733639311","article_modified_time":"2025-12-30T13:21:27+00:00","og_image":[{"width":2880,"height":1620,"url":"https:\/\/talkpal.ai\/wp-content\/uploads\/2025\/02\/Progress-tab-16_9.png","type":"image\/png"}],"twitter_card":"summary_large_image","twitter_site":"@talkpalai","twitter_misc":{"Szacowany czas czytania":"3 minuty"},"schema":{"@context":"https:\/\/schema.org","@graph":[{"@type":"WebPage","@id":"https:\/\/talkpal.ai\/pl\/cwiczenia-gramatyczne-zulusow\/","url":"https:\/\/talkpal.ai\/pl\/cwiczenia-gramatyczne-zulusow\/","name":"\u0106wiczenia gramatyczne Zulus\u00f3w - Talkpal","isPartOf":{"@id":"https:\/\/talkpal.ai\/pl\/#website"},"datePublished":"2025-11-12T17:36:06+00:00","dateModified":"2025-12-30T13:21:27+00:00","description":"Opanuj gramatyk\u0119 j\u0119zyka zulu dzi\u0119ki interaktywnym \u0107wiczeniom obejmuj\u0105cym rzeczowniki, czasowniki i czasy, aby rozwin\u0105\u0107 p\u0142ynno\u015b\u0107 i pewno\u015b\u0107 siebie.","breadcrumb":{"@id":"https:\/\/talkpal.ai\/pl\/cwiczenia-gramatyczne-zulusow\/#breadcrumb"},"inLanguage":"pl-PL","potentialAction":[{"@type":"ReadAction","target":["https:\/\/talkpal.ai\/pl\/cwiczenia-gramatyczne-zulusow\/"]}]},{"@type":"BreadcrumbList","@id":"https:\/\/talkpal.ai\/pl\/cwiczenia-gramatyczne-zulusow\/#breadcrumb","itemListElement":[{"@type":"ListItem","position":1,"name":"Homepage","item":"https:\/\/talkpal.ai\/pl\/"},{"@type":"ListItem","position":2,"name":"\u0106wiczenia gramatyczne Zulus\u00f3w"}]},{"@type":"WebSite","@id":"https:\/\/talkpal.ai\/pl\/#website","url":"https:\/\/talkpal.ai\/pl\/","name":"Talkpal","description":"AI Language Learning","publisher":{"@id":"https:\/\/talkpal.ai\/pl\/#organization"},"alternateName":"Talkpal AI","potentialAction":[{"@type":"SearchAction","target":{"@type":"EntryPoint","urlTemplate":"https:\/\/talkpal.ai\/pl\/?s={search_term_string}"},"query-input":{"@type":"PropertyValueSpecification","valueRequired":true,"valueName":"search_term_string"}}],"inLanguage":"pl-PL"},{"@type":"Organization","@id":"https:\/\/talkpal.ai\/pl\/#organization","name":"Talkpal, Inc.","alternateName":"Talkpal AI","url":"https:\/\/talkpal.ai\/pl\/","logo":{"@type":"ImageObject","inLanguage":"pl-PL","@id":"https:\/\/talkpal.ai\/pl\/#\/schema\/logo\/image\/","url":"https:\/\/talkpal.ai\/wp-content\/uploads\/2024\/03\/Talkpal-Logo-Icon.png","contentUrl":"https:\/\/talkpal.ai\/wp-content\/uploads\/2024\/03\/Talkpal-Logo-Icon.png","width":2880,"height":2880,"caption":"Talkpal, Inc."},"image":{"@id":"https:\/\/talkpal.ai\/pl\/#\/schema\/logo\/image\/"},"sameAs":["https:\/\/www.facebook.com\/profile.php?id=100090733639311","https:\/\/x.com\/talkpalai","https:\/\/www.linkedin.com\/company\/talkpal\/","https:\/\/www.youtube.com\/@TalkPal\/","https:\/\/www.tiktok.com\/@talkpal","https:\/\/www.instagram.com\/talkpal_ai\/","https:\/\/www.crunchbase.com\/organization\/talkpal-9cde","https:\/\/www.g2.com\/products\/talkpal-for-business\/","https:\/\/www.trustpilot.com\/review\/talkpal.ai","https:\/\/www.capterra.com\/p\/10006800\/TalkPal\/"],"description":"Talkpal is a language learning web and mobile education app, powered by the latest AI technologies, that provides engaging experiences to its customers in many different languages to help them improve their language skills. Users can chat about unlimited amount of topics with the app and use other modes to practice their language learning.","email":"support@talkpal.ai","legalName":"Talkpal, Inc.","foundingDate":"2023-04-03","duns":"118989042","numberOfEmployees":{"@type":"QuantitativeValue","minValue":"11","maxValue":"50"},"publishingPrinciples":"https:\/\/talkpal.ai\/publishing-principles\/","actionableFeedbackPolicy":"https:\/\/talkpal.ai\/actionable-feedback-policy\/","correctionsPolicy":"https:\/\/talkpal.ai\/corrections-policy\/","ethicsPolicy":"https:\/\/talkpal.ai\/ethics-policy\/","diversityPolicy":"https:\/\/talkpal.ai\/diversity-policy\/","diversityStaffingReport":"https:\/\/talkpal.ai\/diversity-policy\/"}]}},"_links":{"self":[{"href":"https:\/\/talkpal.ai\/pl\/wp-json\/wp\/v2\/pages\/1477195","targetHints":{"allow":["GET"]}}],"collection":[{"href":"https:\/\/talkpal.ai\/pl\/wp-json\/wp\/v2\/pages"}],"about":[{"href":"https:\/\/talkpal.ai\/pl\/wp-json\/wp\/v2\/types\/page"}],"author":[{"embeddable":true,"href":"https:\/\/talkpal.ai\/pl\/wp-json\/wp\/v2\/users\/20"}],"replies":[{"embeddable":true,"href":"https:\/\/talkpal.ai\/pl\/wp-json\/wp\/v2\/comments?post=1477195"}],"version-history":[{"count":0,"href":"https:\/\/talkpal.ai\/pl\/wp-json\/wp\/v2\/pages\/1477195\/revisions"}],"wp:attachment":[{"href":"https:\/\/talkpal.ai\/pl\/wp-json\/wp\/v2\/media?parent=1477195"}],"curies":[{"name":"wp","href":"https:\/\/api.w.org\/{rel}","templated":true}]}}