{"id":1477167,"date":"2025-11-12T17:34:19","date_gmt":"2025-11-12T17:34:19","guid":{"rendered":"https:\/\/talkpal.ai\/gramatyka-zulusow\/"},"modified":"2025-12-30T13:31:05","modified_gmt":"2025-12-30T13:31:05","slug":"gramatyka-zulusow","status":"publish","type":"page","link":"https:\/\/talkpal.ai\/pl\/gramatyka-zulusow\/","title":{"rendered":"Gramatyka Zulus\u00f3w"},"content":{"rendered":"\r\n\r\n\r\n<section class=\"languageChallengeSection\">\r\n    <div class=\"languageInfoWrapper\">\r\n        \r\n        <h1>Gramatyka Zulus\u00f3w<\/h1>\r\n        <p><a href=\"https:\/\/talkpal.ai\/grammar\/\">Gramatyka<\/a> Zulus\u00f3w mo\u017ce pocz\u0105tkowo wydawa\u0107 si\u0119 trudna, ale jej unikalne cechy sprawiaj\u0105, \u017ce <a href=\"https:\/\/talkpal.ai\/pl\/jak-uczyc-sie-jezyka-za-posrednictwem-czatu-talkpal\/\">nauka j\u0119zyka<\/a> jest satysfakcjonuj\u0105cym do\u015bwiadczeniem. Badaj\u0105c jego alfabet, mutacje i zasady gramatyczne, zyskasz wgl\u0105d w bogat\u0105 tradycj\u0119 j\u0119zykow\u0105. Rozpocznij swoj\u0105 podr\u00f3\u017c i odkryj pi\u0119kno Zulus\u00f3w!<\/p>\r\n\r\n                            <a class=\"getStartedHidden\" href=\"https:\/\/app.talkpal.ai\/pl\/signup?lng=\">Zaczynaj<\/a>\r\n        \r\n    <\/div>\r\n\r\n    <figure>\r\n    <img decoding=\"async\" width=\"768\" height=\"768\" src=\"https:\/\/talkpal.ai\/wp-content\/uploads\/2023\/06\/welsh-768x768.png\" class=\"languageImage no-lazy\" alt=\"Language learning for better cognitive abilities\" fetchpriority=\"high\" sizes=\"(max-width: 768px) 150px, 768px\" srcset=\"https:\/\/talkpal.ai\/wp-content\/uploads\/2023\/06\/welsh-768x768.png 768w, https:\/\/talkpal.ai\/wp-content\/uploads\/2023\/06\/welsh-300x300.png 300w\" \/>\r\n    \r\n\r\n    <\/figure>\r\n\r\n            <a class=\"getStartedVisible\" href=\"https:\/\/app.talkpal.ai\/pl\/signup?lng=\">Zaczynaj<\/a>\r\n    \r\n<\/section><section class=\"promotionalBanner\">\r\n    <p class=\"promotionalText\">Najbardziej efektywny spos\u00f3b nauki j\u0119zyka<\/p>\r\n    <a class=\"promotionalLink\" href=\"https:\/\/app.talkpal.ai\/pl\/signup?lng=\">Wypr\u00f3buj Talkpal za darmo<\/a>\r\n<\/section>\n<div class=\"wp-block-group pageContainerStyle\"><div class=\"wp-block-group__inner-container is-layout-constrained wp-block-group-is-layout-constrained\">\n<h2 class=\"wp-block-heading\" id=\"h-navigating-the-intricacies-of-zulu-grammar\">Poruszanie si\u0119 po zawi\u0142o\u015bciach gramatyki zuluskiej<\/h2>\n\n\n\n<p><a href=\"https:\/\/talkpal.ai\/pl\/naucz-sie-jezyka-zulu\/\">Zulu<\/a>, po\u0142udniowy j\u0119zyk Bantu z grupy Nguni o bogatej historii i znaczeniu kulturowym, oferuje ekscytuj\u0105ce do\u015bwiadczenie j\u0119zykowe dla tych, kt\u00f3rzy chc\u0105 pozna\u0107 jego unikalny system gramatyczny. Zapuszczaj\u0105c si\u0119 w kr\u00f3lestwo Zulus\u00f3w, nie tylko wzbogacisz sw\u00f3j repertuar j\u0119zykowy, ale tak\u017ce we\u017amiesz udzia\u0142 w fascynuj\u0105cej podr\u00f3\u017cy kulturowej. Chocia\u017c gramatyka Zulus\u00f3w mo\u017ce pocz\u0105tkowo wydawa\u0107 si\u0119 skomplikowana, rozbicie jej na podstawowe elementy sprawia, \u017ce nauka j\u0119zyka jest bardziej przyst\u0119pna. W tym artykule przyjrzymy si\u0119 wci\u0105gaj\u0105cemu \u015bwiatu gramatyki zuluskiej i udzielimy wskaz\u00f3wek, jak opanowa\u0107 jej z\u0142o\u017cono\u015b\u0107.<\/p>\n\n\n\n<h3 class=\"wp-block-heading\" id=\"h-1-zulu-alphabet-and-phonetics\">1. Alfabet i fonetyka Zulus\u00f3w<\/h3>\n\n\n\n<p>System pisma Zulus\u00f3w wykorzystuje alfabet \u0142aci\u0144ski i reprezentuje charakterystyczne d\u017awi\u0119ki, w tym sp\u00f3\u0142g\u0142oski klik zapisywane jako c, q i x, a tak\u017ce sp\u00f3\u0142g\u0142oski przydechowe zapisane dwuznakami, takimi jak ph, th i kh. J\u0119zyk zuluski ma pi\u0119\u0107 liter samog\u0142osek (a, e, i, o, u) i jest j\u0119zykiem tonalnym, w kt\u00f3rym wysoko\u015b\u0107 d\u017awi\u0119ku mo\u017ce rozr\u00f3\u017cnia\u0107 znaczenie, chocia\u017c ton nie jest oznaczony w standardowej ortografii. Aby <a href=\"https:\/\/talkpal.ai\/grammar\/\">nauczy\u0107 si\u0119 gramatyki<\/a> <a href=\"https:\/\/talkpal.ai\/learn-zulu\/\">Zulu<\/a>, wa\u017cne jest, aby zapozna\u0107 si\u0119 z tym systemem d\u017awi\u0119kowym, \u0107wicz\u0105c czytanie, s\u0142uchanie i m\u00f3wienie w j\u0119zyku Zulu.<\/p>\n\n\n\n<h3 class=\"wp-block-heading\" id=\"h-2-noun-classes-and-concords-a-distinctive-zulu-feature\">2. Klasy rzeczownik\u00f3w i zgody: charakterystyczna cecha Zulus\u00f3w<\/h3>\n\n\n\n<p>Jednym z najbardziej uderzaj\u0105cych aspekt\u00f3w gramatyki Zulus\u00f3w jest rozbudowany system klas rzeczownik\u00f3w, z kt\u00f3rych ka\u017cda jest oznaczona okre\u015blonym przedrostkiem i sparowana z sieci\u0105 zgodno\u015bci. Klasy rzeczownik\u00f3w nap\u0119dzaj\u0105 zgodno\u015b\u0107 w ca\u0142ym zdaniu, wp\u0142ywaj\u0105c na znaczniki podmiotu, znaczniki obiekt\u00f3w, przymiotniki, dzier\u017cawcze, wskazuj\u0105ce i krewne. Zrozumienie, kiedy i w jaki spos\u00f3b pojawiaj\u0105 si\u0119 te zgody, jest niezb\u0119dne do dok\u0142adnej komunikacji w j\u0119zyku zuluskim.<\/p>\n\n\n\n<h3 class=\"wp-block-heading\" id=\"h-3-nouns-and-pronouns-noun-classes-and-agreement\">3. Rzeczowniki i zaimki: klasy rzeczownik\u00f3w i zgodno\u015b\u0107<\/h3>\n\n\n\n<p>Rzeczowniki zuluskie nale\u017c\u0105 do klas rzeczownik\u00f3w, a nie rodzaju gramatycznego, a ich formy liczby mnogiej s\u0105 okre\u015blane przez pary klas (na przyk\u0142ad umuntu, abantu). Zaimki w j\u0119zyku zuluskim obejmuj\u0105 formy niezale\u017cne (mina, wena, yena, thina, nina, bona), formy dzier\u017cawcze zbudowane z rdzeni dzier\u017cawczych, takich jak -ami, -akho, -akhe, -akhe, kt\u00f3re zgadzaj\u0105 si\u0119 z klas\u0105 rzeczownika (incwadi yami, izincwadi zami), oznaczenia zwrotne na czasownikach (zi-), wskazuj\u0105ce, kt\u00f3re zgadzaj\u0105 si\u0119 z klas\u0105 rzeczownika (lo, laba, le, lezi) i pytaj\u0105ce (ubani, ini, kuphi, nini, kanjani). Zapoznanie si\u0119 z tymi formami i ich wzorcami zgodno\u015bci znacznie poprawi Twoje zrozumienie gramatyki Zulu.<\/p>\n\n\n\n<h3 class=\"wp-block-heading\" id=\"h-4-verbs-structure-and-conjugation\">4. Czasowniki: struktura i koniugacja<\/h3>\n\n\n\n<p>Czasowniki Zulu maj\u0105 bogat\u0105 struktur\u0119 aglutynacyjn\u0105, kt\u00f3ra koduje podmiot, dope\u0142nienie, czas, aspekt, nastr\u00f3j i polarno\u015b\u0107. Czasy podstawowe obejmuj\u0105 czas tera\u017aniejszy (ngiyabona lub ngibona), przesz\u0142y (dokonany -ile, ngibonile) i przysz\u0142o\u015b\u0107 z zo- (ngizobona), z dodatkowymi nastrojami, takimi jak tryb \u0142\u0105cz\u0105cy (ko\u0144cowe -e) i tryb rozkazuj\u0105cy (hamba, hambani). Negacja jest zazwyczaj oznaczana przez a- i ko\u0144cowe -i (angiboni, akaboni). Poznanie szablonu czasownika i popularnych rozszerze\u0144 (przyczynowe -isa, aplikatywne -ela, odwrotne -ana, bierne -wa) poprawi Twoj\u0105 zdolno\u015b\u0107 do skutecznego komunikowania si\u0119 w j\u0119zyku zuluskim.<\/p>\n\n\n\n<h3 class=\"wp-block-heading\" id=\"h-5-adjectives-agreement-and-placement\">5. Przymiotniki: umowa i umiejscowienie<\/h3>\n\n\n\n<p>W gramatyce zuluskiej przymiotniki zazwyczaj nast\u0119puj\u0105 po rzeczowniku, kt\u00f3ry modyfikuj\u0105, i zgadzaj\u0105 si\u0119 z klas\u0105 rzeczownika za pomoc\u0105 zgody przymiotnikowej. Zulu ma ograniczony zestaw prawdziwych rdzeni przymiotnikowych (takich jak -khulu du\u017cy, -ncane ma\u0142y, -mnyama ciemny, -de wysoki), a wiele znacze\u0144 opisowych jest wyra\u017conych za pomoc\u0105 konstrukcji wzgl\u0119dnych. Por\u00f3wnania i liczby najwy\u017csze s\u0105 cz\u0119sto tworzone peryfrazowo, na przyk\u0142ad przy u\u017cyciu kakhulu (bardzo) i por\u00f3wnania z ukwedlula lub ngaphezu kuka dla &#8222;wi\u0119cej ni\u017c&#8221;.<\/p>\n\n\n\n<p><strong>Przyk\u0142ady:<\/strong><\/p>\n\n\n\n<p><strong>\u2013 Uthando Olukhulu (Wielka mi\u0142o\u015b\u0107)<\/strong><\/p>\n\n\n\n<p><strong>\u2013 Izingane Ezincane (ma\u0142e dzieci)<\/strong><\/p>\n\n\n\n<h3 class=\"wp-block-heading\" id=\"h-6-engaging-with-the-language\">6. Anga\u017cowanie si\u0119 w j\u0119zyk<\/h3>\n\n\n\n<p>Najskuteczniejszym sposobem na pe\u0142ne zrozumienie i przyswojenie gramatyki Zulus\u00f3w jest konsekwentne anga\u017cowanie si\u0119 w ten j\u0119zyk. Czytaj\u0105c literatur\u0119 Zulus\u00f3w, ogl\u0105daj\u0105c filmy lub seriale telewizyjne w j\u0119zyku Zulu, s\u0142uchaj\u0105c radia i muzyki w tym j\u0119zyku oraz aktywnie komunikuj\u0105c si\u0119 z native speakerami, wzmocnisz swoje zrozumienie gramatyki, jednocze\u015bnie poszerzaj\u0105c swoje s\u0142ownictwo.<\/p>\n\n\n\n<h3 class=\"wp-block-heading\" id=\"h-conclusion\">Wnioski<\/h3>\n\n\n\n<p>Chocia\u017c gramatyka Zulus\u00f3w mo\u017ce wydawa\u0107 si\u0119 skomplikowana, mo\u017cesz sta\u0107 si\u0119 bieg\u0142y w tym pi\u0119knym j\u0119zyku dzi\u0119ki po\u015bwi\u0119ceniu, praktyce i entuzjazmowi. Koncentruj\u0105c si\u0119 na podstawowych zasadach i anga\u017cuj\u0105c si\u0119 w j\u0119zyk w r\u00f3\u017cnych kontekstach, szybko poprawisz swoje <a href=\"https:\/\/talkpal.ai\/pl\/gramatyka\/\">umiej\u0119tno\u015bci gramatyczne<\/a> Zulu. <a href=\"https:\/\/talkpal.ai\/culture\/how-do-you-say-good-luck-in-polish\/\">Powodzenia<\/a> w podr\u00f3\u017cy j\u0119zykowej Zulus\u00f3w i ciesz si\u0119 odkrywaniem enigmatycznego, ale wci\u0105gaj\u0105cego \u015bwiata gramatyki Zulu!<\/p>\n<\/div><\/div>\n\r\n<section class=\"learnNavigationSection\">\r\n            \r\n        <a href=\"https:\/\/talkpal.ai\/pl\/naucz-sie-jezyka-zulu\/\">\r\n            <div class=\"learnNavigationWrapper\">\r\n                <div class=\"learnNavigationContent\">\r\n                    <img decoding=\"async\" src=\"https:\/\/talkpal.ai\/wp-content\/uploads\/2025\/11\/Zulu.png\" alt=\"South African Flag\">\r\n                    <div>\r\n                        <h4>O nauce Zulu<\/h4>\r\n                        <p>Dowiedz si\u0119 wszystkiego o gramatyce Zulu.<\/p>\r\n                    <\/div>\r\n                <\/div>\r\n            <\/div>\r\n        <\/a>\r\n\r\n        \r\n        <a href=\"https:\/\/talkpal.ai\/pl\/cwiczenia-gramatyczne-zulusow\/\">\r\n            <div class=\"learnNavigationWrapper\">\r\n                <div class=\"learnNavigationContent\">\r\n                    <img decoding=\"async\" src=\"https:\/\/talkpal.ai\/wp-content\/uploads\/2025\/11\/Zulu.png\" alt=\"South African Flag\">\r\n                    <div>\r\n                        <h4>\u0106wiczenie gramatyczne Zulus\u00f3w<\/h4>\r\n                        <p>\u0106wicz gramatyk\u0119 Zulus\u00f3w.<\/p>\r\n                    <\/div>\r\n                <\/div>\r\n            <\/div>\r\n        <\/a>\r\n\r\n            <\/section>","protected":false},"excerpt":{"rendered":"<p>Poruszanie si\u0119 po zawi\u0142o\u015bciach gramatyki zuluskiej Zulu, po\u0142udniowy j\u0119zyk Bantu z grupy Nguni o bogatej historii i znaczeniu kulturowym, oferuje ekscytuj\u0105ce do\u015bwiadczenie j\u0119zykowe dla tych, kt\u00f3rzy chc\u0105 pozna\u0107 jego unikalny system gramatyczny. Zapuszczaj\u0105c si\u0119 w kr\u00f3lestwo Zulus\u00f3w, nie tylko wzbogacisz sw\u00f3j repertuar j\u0119zykowy, ale tak\u017ce we\u017amiesz udzia\u0142 w fascynuj\u0105cej podr\u00f3\u017cy kulturowej. Chocia\u017c gramatyka Zulus\u00f3w mo\u017ce [&hellip;]<\/p>\n","protected":false},"author":20,"featured_media":0,"parent":0,"menu_order":0,"comment_status":"closed","ping_status":"closed","template":"LearningContentPage.php","meta":{"_acf_changed":false,"footnotes":""},"class_list":["post-1477167","page","type-page","status-publish","hentry"],"acf":[],"yoast_head":"<!-- This site is optimized with the Yoast SEO Premium plugin v27.2 (Yoast SEO v27.2) - https:\/\/yoast.com\/product\/yoast-seo-premium-wordpress\/ -->\n<title>Gramatyka Zulus\u00f3w - Talkpal<\/title>\n<meta name=\"description\" content=\"Opanuj zawi\u0142o\u015bci gramatyki Zulu dzi\u0119ki naszemu kompleksowemu przewodnikowi opartemu na sztucznej inteligencji, zaprojektowanemu z my\u015bl\u0105 o szybkiej i skutecznej nauce j\u0119zyka.\" \/>\n<meta name=\"robots\" content=\"index, follow, max-snippet:-1, max-image-preview:large, max-video-preview:-1\" \/>\n<link rel=\"canonical\" href=\"https:\/\/talkpal.ai\/pl\/gramatyka-zulusow\/\" \/>\n<meta property=\"og:locale\" content=\"pl_PL\" \/>\n<meta property=\"og:type\" content=\"article\" \/>\n<meta property=\"og:title\" content=\"Gramatyka Zulus\u00f3w\" \/>\n<meta property=\"og:description\" content=\"Poruszanie si\u0119 po zawi\u0142o\u015bciach gramatyki zuluskiej Zulu, po\u0142udniowy j\u0119zyk Bantu z grupy Nguni o bogatej historii i znaczeniu kulturowym, oferuje\" \/>\n<meta property=\"og:url\" content=\"https:\/\/talkpal.ai\/pl\/gramatyka-zulusow\/\" \/>\n<meta property=\"og:site_name\" content=\"Talkpal\" \/>\n<meta property=\"article:publisher\" content=\"https:\/\/www.facebook.com\/profile.php?id=100090733639311\" \/>\n<meta property=\"article:modified_time\" content=\"2025-12-30T13:31:05+00:00\" \/>\n<meta property=\"og:image\" content=\"https:\/\/talkpal.ai\/wp-content\/uploads\/2025\/02\/Progress-tab-16_9.png\" \/>\n\t<meta property=\"og:image:width\" content=\"2880\" \/>\n\t<meta property=\"og:image:height\" content=\"1620\" \/>\n\t<meta property=\"og:image:type\" content=\"image\/png\" \/>\n<meta name=\"twitter:card\" content=\"summary_large_image\" \/>\n<meta name=\"twitter:site\" content=\"@talkpalai\" \/>\n<meta name=\"twitter:label1\" content=\"Szacowany czas czytania\" \/>\n\t<meta name=\"twitter:data1\" content=\"4 minuty\" \/>\n<script type=\"application\/ld+json\" class=\"yoast-schema-graph\">{\"@context\":\"https:\/\/schema.org\",\"@graph\":[{\"@type\":\"WebPage\",\"@id\":\"https:\/\/talkpal.ai\/pl\/gramatyka-zulusow\/\",\"url\":\"https:\/\/talkpal.ai\/pl\/gramatyka-zulusow\/\",\"name\":\"Gramatyka Zulus\u00f3w - Talkpal\",\"isPartOf\":{\"@id\":\"https:\/\/talkpal.ai\/pl\/#website\"},\"datePublished\":\"2025-11-12T17:34:19+00:00\",\"dateModified\":\"2025-12-30T13:31:05+00:00\",\"description\":\"Opanuj zawi\u0142o\u015bci gramatyki Zulu dzi\u0119ki naszemu kompleksowemu przewodnikowi opartemu na sztucznej inteligencji, zaprojektowanemu z my\u015bl\u0105 o szybkiej i skutecznej nauce j\u0119zyka.\",\"breadcrumb\":{\"@id\":\"https:\/\/talkpal.ai\/pl\/gramatyka-zulusow\/#breadcrumb\"},\"inLanguage\":\"pl-PL\",\"potentialAction\":[{\"@type\":\"ReadAction\",\"target\":[\"https:\/\/talkpal.ai\/pl\/gramatyka-zulusow\/\"]}]},{\"@type\":\"BreadcrumbList\",\"@id\":\"https:\/\/talkpal.ai\/pl\/gramatyka-zulusow\/#breadcrumb\",\"itemListElement\":[{\"@type\":\"ListItem\",\"position\":1,\"name\":\"Homepage\",\"item\":\"https:\/\/talkpal.ai\/pl\/\"},{\"@type\":\"ListItem\",\"position\":2,\"name\":\"Gramatyka Zulus\u00f3w\"}]},{\"@type\":\"WebSite\",\"@id\":\"https:\/\/talkpal.ai\/pl\/#website\",\"url\":\"https:\/\/talkpal.ai\/pl\/\",\"name\":\"Talkpal\",\"description\":\"AI Language Learning\",\"publisher\":{\"@id\":\"https:\/\/talkpal.ai\/pl\/#organization\"},\"alternateName\":\"Talkpal AI\",\"potentialAction\":[{\"@type\":\"SearchAction\",\"target\":{\"@type\":\"EntryPoint\",\"urlTemplate\":\"https:\/\/talkpal.ai\/pl\/?s={search_term_string}\"},\"query-input\":{\"@type\":\"PropertyValueSpecification\",\"valueRequired\":true,\"valueName\":\"search_term_string\"}}],\"inLanguage\":\"pl-PL\"},{\"@type\":\"Organization\",\"@id\":\"https:\/\/talkpal.ai\/pl\/#organization\",\"name\":\"Talkpal, Inc.\",\"alternateName\":\"Talkpal AI\",\"url\":\"https:\/\/talkpal.ai\/pl\/\",\"logo\":{\"@type\":\"ImageObject\",\"inLanguage\":\"pl-PL\",\"@id\":\"https:\/\/talkpal.ai\/pl\/#\/schema\/logo\/image\/\",\"url\":\"https:\/\/talkpal.ai\/wp-content\/uploads\/2024\/03\/Talkpal-Logo-Icon.png\",\"contentUrl\":\"https:\/\/talkpal.ai\/wp-content\/uploads\/2024\/03\/Talkpal-Logo-Icon.png\",\"width\":2880,\"height\":2880,\"caption\":\"Talkpal, Inc.\"},\"image\":{\"@id\":\"https:\/\/talkpal.ai\/pl\/#\/schema\/logo\/image\/\"},\"sameAs\":[\"https:\/\/www.facebook.com\/profile.php?id=100090733639311\",\"https:\/\/x.com\/talkpalai\",\"https:\/\/www.linkedin.com\/company\/talkpal\/\",\"https:\/\/www.youtube.com\/@TalkPal\/\",\"https:\/\/www.tiktok.com\/@talkpal\",\"https:\/\/www.instagram.com\/talkpal_ai\/\",\"https:\/\/www.crunchbase.com\/organization\/talkpal-9cde\",\"https:\/\/www.g2.com\/products\/talkpal-for-business\/\",\"https:\/\/www.trustpilot.com\/review\/talkpal.ai\",\"https:\/\/www.capterra.com\/p\/10006800\/TalkPal\/\"],\"description\":\"Talkpal is a language learning web and mobile education app, powered by the latest AI technologies, that provides engaging experiences to its customers in many different languages to help them improve their language skills. Users can chat about unlimited amount of topics with the app and use other modes to practice their language learning.\",\"email\":\"support@talkpal.ai\",\"legalName\":\"Talkpal, Inc.\",\"foundingDate\":\"2023-04-03\",\"duns\":\"118989042\",\"numberOfEmployees\":{\"@type\":\"QuantitativeValue\",\"minValue\":\"11\",\"maxValue\":\"50\"},\"publishingPrinciples\":\"https:\/\/talkpal.ai\/publishing-principles\/\",\"actionableFeedbackPolicy\":\"https:\/\/talkpal.ai\/actionable-feedback-policy\/\",\"correctionsPolicy\":\"https:\/\/talkpal.ai\/corrections-policy\/\",\"ethicsPolicy\":\"https:\/\/talkpal.ai\/ethics-policy\/\",\"diversityPolicy\":\"https:\/\/talkpal.ai\/diversity-policy\/\",\"diversityStaffingReport\":\"https:\/\/talkpal.ai\/diversity-policy\/\"}]}<\/script>\n<!-- \/ Yoast SEO Premium plugin. -->","yoast_head_json":{"title":"Gramatyka Zulus\u00f3w - Talkpal","description":"Opanuj zawi\u0142o\u015bci gramatyki Zulu dzi\u0119ki naszemu kompleksowemu przewodnikowi opartemu na sztucznej inteligencji, zaprojektowanemu z my\u015bl\u0105 o szybkiej i skutecznej nauce j\u0119zyka.","robots":{"index":"index","follow":"follow","max-snippet":"max-snippet:-1","max-image-preview":"max-image-preview:large","max-video-preview":"max-video-preview:-1"},"canonical":"https:\/\/talkpal.ai\/pl\/gramatyka-zulusow\/","og_locale":"pl_PL","og_type":"article","og_title":"Gramatyka Zulus\u00f3w","og_description":"Poruszanie si\u0119 po zawi\u0142o\u015bciach gramatyki zuluskiej Zulu, po\u0142udniowy j\u0119zyk Bantu z grupy Nguni o bogatej historii i znaczeniu kulturowym, oferuje","og_url":"https:\/\/talkpal.ai\/pl\/gramatyka-zulusow\/","og_site_name":"Talkpal","article_publisher":"https:\/\/www.facebook.com\/profile.php?id=100090733639311","article_modified_time":"2025-12-30T13:31:05+00:00","og_image":[{"width":2880,"height":1620,"url":"https:\/\/talkpal.ai\/wp-content\/uploads\/2025\/02\/Progress-tab-16_9.png","type":"image\/png"}],"twitter_card":"summary_large_image","twitter_site":"@talkpalai","twitter_misc":{"Szacowany czas czytania":"4 minuty"},"schema":{"@context":"https:\/\/schema.org","@graph":[{"@type":"WebPage","@id":"https:\/\/talkpal.ai\/pl\/gramatyka-zulusow\/","url":"https:\/\/talkpal.ai\/pl\/gramatyka-zulusow\/","name":"Gramatyka Zulus\u00f3w - Talkpal","isPartOf":{"@id":"https:\/\/talkpal.ai\/pl\/#website"},"datePublished":"2025-11-12T17:34:19+00:00","dateModified":"2025-12-30T13:31:05+00:00","description":"Opanuj zawi\u0142o\u015bci gramatyki Zulu dzi\u0119ki naszemu kompleksowemu przewodnikowi opartemu na sztucznej inteligencji, zaprojektowanemu z my\u015bl\u0105 o szybkiej i skutecznej nauce j\u0119zyka.","breadcrumb":{"@id":"https:\/\/talkpal.ai\/pl\/gramatyka-zulusow\/#breadcrumb"},"inLanguage":"pl-PL","potentialAction":[{"@type":"ReadAction","target":["https:\/\/talkpal.ai\/pl\/gramatyka-zulusow\/"]}]},{"@type":"BreadcrumbList","@id":"https:\/\/talkpal.ai\/pl\/gramatyka-zulusow\/#breadcrumb","itemListElement":[{"@type":"ListItem","position":1,"name":"Homepage","item":"https:\/\/talkpal.ai\/pl\/"},{"@type":"ListItem","position":2,"name":"Gramatyka Zulus\u00f3w"}]},{"@type":"WebSite","@id":"https:\/\/talkpal.ai\/pl\/#website","url":"https:\/\/talkpal.ai\/pl\/","name":"Talkpal","description":"AI Language Learning","publisher":{"@id":"https:\/\/talkpal.ai\/pl\/#organization"},"alternateName":"Talkpal AI","potentialAction":[{"@type":"SearchAction","target":{"@type":"EntryPoint","urlTemplate":"https:\/\/talkpal.ai\/pl\/?s={search_term_string}"},"query-input":{"@type":"PropertyValueSpecification","valueRequired":true,"valueName":"search_term_string"}}],"inLanguage":"pl-PL"},{"@type":"Organization","@id":"https:\/\/talkpal.ai\/pl\/#organization","name":"Talkpal, Inc.","alternateName":"Talkpal AI","url":"https:\/\/talkpal.ai\/pl\/","logo":{"@type":"ImageObject","inLanguage":"pl-PL","@id":"https:\/\/talkpal.ai\/pl\/#\/schema\/logo\/image\/","url":"https:\/\/talkpal.ai\/wp-content\/uploads\/2024\/03\/Talkpal-Logo-Icon.png","contentUrl":"https:\/\/talkpal.ai\/wp-content\/uploads\/2024\/03\/Talkpal-Logo-Icon.png","width":2880,"height":2880,"caption":"Talkpal, Inc."},"image":{"@id":"https:\/\/talkpal.ai\/pl\/#\/schema\/logo\/image\/"},"sameAs":["https:\/\/www.facebook.com\/profile.php?id=100090733639311","https:\/\/x.com\/talkpalai","https:\/\/www.linkedin.com\/company\/talkpal\/","https:\/\/www.youtube.com\/@TalkPal\/","https:\/\/www.tiktok.com\/@talkpal","https:\/\/www.instagram.com\/talkpal_ai\/","https:\/\/www.crunchbase.com\/organization\/talkpal-9cde","https:\/\/www.g2.com\/products\/talkpal-for-business\/","https:\/\/www.trustpilot.com\/review\/talkpal.ai","https:\/\/www.capterra.com\/p\/10006800\/TalkPal\/"],"description":"Talkpal is a language learning web and mobile education app, powered by the latest AI technologies, that provides engaging experiences to its customers in many different languages to help them improve their language skills. Users can chat about unlimited amount of topics with the app and use other modes to practice their language learning.","email":"support@talkpal.ai","legalName":"Talkpal, Inc.","foundingDate":"2023-04-03","duns":"118989042","numberOfEmployees":{"@type":"QuantitativeValue","minValue":"11","maxValue":"50"},"publishingPrinciples":"https:\/\/talkpal.ai\/publishing-principles\/","actionableFeedbackPolicy":"https:\/\/talkpal.ai\/actionable-feedback-policy\/","correctionsPolicy":"https:\/\/talkpal.ai\/corrections-policy\/","ethicsPolicy":"https:\/\/talkpal.ai\/ethics-policy\/","diversityPolicy":"https:\/\/talkpal.ai\/diversity-policy\/","diversityStaffingReport":"https:\/\/talkpal.ai\/diversity-policy\/"}]}},"_links":{"self":[{"href":"https:\/\/talkpal.ai\/pl\/wp-json\/wp\/v2\/pages\/1477167","targetHints":{"allow":["GET"]}}],"collection":[{"href":"https:\/\/talkpal.ai\/pl\/wp-json\/wp\/v2\/pages"}],"about":[{"href":"https:\/\/talkpal.ai\/pl\/wp-json\/wp\/v2\/types\/page"}],"author":[{"embeddable":true,"href":"https:\/\/talkpal.ai\/pl\/wp-json\/wp\/v2\/users\/20"}],"replies":[{"embeddable":true,"href":"https:\/\/talkpal.ai\/pl\/wp-json\/wp\/v2\/comments?post=1477167"}],"version-history":[{"count":0,"href":"https:\/\/talkpal.ai\/pl\/wp-json\/wp\/v2\/pages\/1477167\/revisions"}],"wp:attachment":[{"href":"https:\/\/talkpal.ai\/pl\/wp-json\/wp\/v2\/media?parent=1477167"}],"curies":[{"name":"wp","href":"https:\/\/api.w.org\/{rel}","templated":true}]}}