{"id":1477108,"date":"2025-11-12T17:13:26","date_gmt":"2025-11-12T17:13:26","guid":{"rendered":"https:\/\/talkpal.ai\/cwiczenia-gramatyczne-telugu\/"},"modified":"2025-12-30T13:38:54","modified_gmt":"2025-12-30T13:38:54","slug":"cwiczenia-gramatyczne-telugu","status":"publish","type":"page","link":"https:\/\/talkpal.ai\/pl\/cwiczenia-gramatyczne-telugu\/","title":{"rendered":"\u0106wiczenia gramatyczne telugu"},"content":{"rendered":"\r\n\r\n\r\n<section class=\"languageChallengeSection\">\r\n    <div class=\"languageInfoWrapper\">\r\n        \r\n        <h1>\u0106wiczenia gramatyczne telugu<\/h1>\r\n        <p>Gotowy, aby zanurzy\u0107 si\u0119 w gramatyce <a href=\"https:\/\/talkpal.ai\/learn-telugu\/\">telugu<\/a>? Prze\u0107wiczenie kilku podstaw pomo\u017ce ci poczu\u0107 si\u0119 komfortowo z tym wyj\u0105tkowym i pi\u0119knym j\u0119zykiem. Wypr\u00f3buj te \u0107wiczenia, aby zbudowa\u0107 pewno\u015b\u0107 siebie i dobrze si\u0119 przy tym bawi\u0107!<\/p>\r\n\r\n                            <a class=\"getStartedHidden\" href=\"https:\/\/app.talkpal.ai\/pl\/signup?lng=\">Zaczynaj<\/a>\r\n        \r\n    <\/div>\r\n\r\n    <figure>\r\n    <img decoding=\"async\" width=\"768\" height=\"768\" src=\"https:\/\/talkpal.ai\/wp-content\/uploads\/2023\/06\/welsh-768x768.png\" class=\"languageImage no-lazy\" alt=\"Language learning for better cognitive abilities\" fetchpriority=\"high\" sizes=\"(max-width: 768px) 150px, 768px\" srcset=\"https:\/\/talkpal.ai\/wp-content\/uploads\/2023\/06\/welsh-768x768.png 768w, https:\/\/talkpal.ai\/wp-content\/uploads\/2023\/06\/welsh-300x300.png 300w\" \/>\r\n    \r\n\r\n    <\/figure>\r\n\r\n            <a class=\"getStartedVisible\" href=\"https:\/\/app.talkpal.ai\/pl\/signup?lng=\">Zaczynaj<\/a>\r\n    \r\n<\/section><section class=\"promotionalBanner\">\r\n    <p class=\"promotionalText\">Najbardziej efektywny spos\u00f3b nauki j\u0119zyka<\/p>\r\n    <a class=\"promotionalLink\" href=\"https:\/\/app.talkpal.ai\/pl\/signup?lng=\">Wypr\u00f3buj Talkpal za darmo<\/a>\r\n<\/section>\n<div class=\"wp-block-group pageContainerStyle\"><div class=\"wp-block-group__inner-container is-layout-constrained wp-block-group-is-layout-constrained\">\n<h2 class=\"wp-block-heading\" id=\"h-telugu-grammar-topics\">Zagadnienia gramatyczne telugu<\/h2>\n\n\n\n<p><a href=\"https:\/\/talkpal.ai\/pl\/najwieksze-bledy-ktorych-nalezy-unikac-podczas-nauki-nowego-jezyka\/\">Nauka nowego j\u0119zyka <\/a>mo\u017ce by\u0107 trudnym, ale satysfakcjonuj\u0105cym przedsi\u0119wzi\u0119ciem. <a href=\"https:\/\/talkpal.ai\/learn-telugu\/\">Telugu<\/a>, j\u0119zyk drawidyjski u\u017cywany g\u0142\u00f3wnie w indyjskich stanach Andhra Pradesh i Telangana, nie jest wyj\u0105tkiem. Dzi\u0119ki swoim unikalnym cechom i strukturom <a href=\"https:\/\/talkpal.ai\/pl\/talkpal-dla-edukacji\/\">nauka<\/a> telugu wymaga systematycznego podej\u015bcia do zrozumienia jego gramatyki. Ten przewodnik przedstawia kluczowe obszary <a href=\"https:\/\/talkpal.ai\/pl\/gramatyka-telugu\/\">gramatyki telugu<\/a> w logicznej kolejno\u015bci do <a href=\"https:\/\/talkpal.ai\/pl\/talkpal-dla-edukacji\/\">nauki j\u0119zyka<\/a>, zaczynaj\u0105c od podstaw, takich jak rzeczowniki i rodzajniki, a przechodz\u0105c do bardziej z\u0142o\u017conych obszar\u00f3w, takich jak czasy i konstrukcje zda\u0144.<\/p>\n\n\n\n<h3 class=\"wp-block-heading\" id=\"h-1-nouns\">1. Rzeczowniki:<\/h3>\n\n\n\n<p>Rozpocznij swoj\u0105 przygod\u0119 z j\u0119zykiem telugu od nauki rzeczownik\u00f3w. Obejmuje to zrozumienie r\u00f3\u017cnych kategorii rzeczownik\u00f3w, takich jak rzeczowniki pospolite i w\u0142asne, ich formy liczby pojedynczej i mnogiej oraz spos\u00f3b, w jaki znaczniki wielko\u015bci liter do\u0142\u0105czaj\u0105 si\u0119 do rzeczownik\u00f3w, aby pokaza\u0107 relacje, takie jak obiekt, posiadanie, lokalizacja i kierunek.<\/p>\n\n\n\n<h3 class=\"wp-block-heading\" id=\"h-2-articles\">2. Artyku\u0142y:<\/h3>\n\n\n\n<p>W telugu nie u\u017cywa si\u0119 przedimk\u00f3w okre\u015blonych ani nieokre\u015blonych, tak jak <a href=\"https:\/\/talkpal.ai\/pl\/praktyka-mowienia-po-angielsku-ai\/\">w j\u0119zyku angielskim<\/a> . Okre\u015blono\u015b\u0107 i nieokre\u015blono\u015b\u0107 s\u0105 wyra\u017cane przez kontekst lub za pomoc\u0105 wska\u017anik\u00f3w takich jak ten i tamten, a liczebnik mo\u017ce funkcjonowa\u0107 jak rodzajnik nieokre\u015blony.<\/p>\n\n\n\n<h3 class=\"wp-block-heading\" id=\"h-3-adjectives\">3. Przymiotniki:<\/h3>\n\n\n\n<p>W j\u0119zyku telugu przymiotniki zazwyczaj poprzedzaj\u0105 rzeczowniki, kt\u00f3re modyfikuj\u0105. <a href=\"https:\/\/talkpal.ai\/pl\/naucz-sie-malajskiego\/\">Naucz si\u0119<\/a> typowych form przymiotnik\u00f3w, imies\u0142ow\u00f3w przymiotnikowych i tworzenia por\u00f3wna\u0144 za pomoc\u0105 s\u0142\u00f3w takich jak wi\u0119cej i ni\u017c, a tak\u017ce stopni najwy\u017cszych przy u\u017cyciu wyra\u017ce\u0144, takich jak bardzo lub najbardziej w grupie.<\/p>\n\n\n\n<h3 class=\"wp-block-heading\" id=\"h-4-pronouns-determiners\">4. Zaimki\/okre\u015blniki:<\/h3>\n\n\n\n<p>Zaimki i okre\u015blniki s\u0105 niezb\u0119dne w telugu. Ucz si\u0119 zaimk\u00f3w osobowych, wskazuj\u0105cych i pytaj\u0105cych, a tak\u017ce kwantyfikator\u00f3w i dzier\u017cawc\u00f3w. Op\u0119tanie jest pokazywane za pomoc\u0105 dope\u0142niaczy lub form dzier\u017cawczych, a poprawne u\u017cycie jest niezb\u0119dne do skutecznej komunikacji i odpowiednich poziom\u00f3w grzeczno\u015bciowych.<\/p>\n\n\n\n<h3 class=\"wp-block-heading\" id=\"h-5-verbs\">5. Czasowniki:<\/h3>\n\n\n\n<p>Czasowniki telugu zmieniaj\u0105 form\u0119 w zale\u017cno\u015bci od czasu, aspektu, nastroju, osoby, liczby, a czasem p\u0142ci lub poziomu grzeczno\u015bciowego. Zacznij od podstawowych temat\u00f3w czasownik\u00f3w oraz form tera\u017aniejszych, przesz\u0142ych i przysz\u0142ych, a nast\u0119pnie <a href=\"https:\/\/talkpal.ai\/pl\/naucz-sie-malajskiego\/\">naucz si\u0119<\/a> pospolitych imperatyw\u00f3w i rzeczownik\u00f3w ods\u0142ownych u\u017cywanych w funkcjach podobnych do bezokolicznika.<\/p>\n\n\n\n<h3 class=\"wp-block-heading\" id=\"h-6-tenses\">6. Czasy:<\/h3>\n\n\n\n<p>Po opanowaniu podstawowych form czasownik\u00f3w zag\u0142\u0119b si\u0119 w czas i aspekt telugu. Zrozum, jak dzia\u0142aj\u0105 czasy tera\u017aniejszy, przesz\u0142y i przysz\u0142y, wraz ze znaczeniami dokonanymi i nawykowymi oraz jak elementy pomocnicze przyczyniaj\u0105 si\u0119 do niuans\u00f3w.<\/p>\n\n\n\n<h3 class=\"wp-block-heading\" id=\"h-7-tense-comparison\">7. Por\u00f3wnanie czasu:<\/h3>\n\n\n\n<p>Por\u00f3wnywanie czas\u00f3w w j\u0119zyku telugu pomaga w zrozumieniu kolejno\u015bci i aspektu wydarze\u0144. Sprz\u0119\u017cenie tego samego czasownika w tera\u017aniejszych, przesz\u0142ych, przysz\u0142ych i dokonanych lub nawykowych zastosowaniach zapewni lepsze zrozumienie, w jaki spos\u00f3b telugu wyra\u017ca czas.<\/p>\n\n\n\n<h3 class=\"wp-block-heading\" id=\"h-8-progressive\">8. Progresywny:<\/h3>\n\n\n\n<p>Progresywny w telugu wyra\u017ca trwaj\u0105ce dzia\u0142ania i jest utworzony z rdzenia czasownika oraz znacznika progresywnego i ko\u0144c\u00f3wek osobowych. Na przyk\u0142ad I am coming jest utworzony z progresywnym rdzeniem i odpowiednim zako\u0144czeniem.<\/p>\n\n\n\n<h3 class=\"wp-block-heading\" id=\"h-9-perfect-progressive\">9. Idealny progresywny:<\/h3>\n\n\n\n<p>Dzia\u0142ania, kt\u00f3re trwa\u0142y do pewnego momentu, s\u0105 zwykle wyra\u017cane za pomoc\u0105 formy progresywnej wraz z wyra\u017ceniami czasowymi, takimi jak od, lub przez po\u0142\u0105czenie progresywnego z pomocniczym znaczeniem by\u0107 w odpowiednim czasie.<\/p>\n\n\n\n<h3 class=\"wp-block-heading\" id=\"h-10-conditionals\">10. Warunki warunkowe:<\/h3>\n\n\n\n<p>Instrukcje warunkowe wyra\u017caj\u0105 hipotetyczne sytuacje i ich mo\u017cliwe wyniki. Telugu u\u017cywa ko\u0144c\u00f3wek warunkowych i partyku\u0142ek oznaczaj\u0105cych je\u015bli, kt\u00f3re s\u0105 wa\u017cne dla budowania bardziej zniuansowanych zda\u0144.<\/p>\n\n\n\n<h3 class=\"wp-block-heading\" id=\"h-11-adverbs\">11. Przys\u0142\u00f3wki:<\/h3>\n\n\n\n<p>Przys\u0142\u00f3wki w telugu modyfikuj\u0105 czasowniki, przymiotniki lub inne przys\u0142\u00f3wki. Dostarczaj\u0105 informacji o sposobie, miejscu, czasie, stopniu i nie tylko, a wiele z nich jest tworzonych z przymiotnik\u00f3w z dedykowanym zako\u0144czeniem przys\u0142\u00f3wkowym.<\/p>\n\n\n\n<h3 class=\"wp-block-heading\" id=\"h-12-prepositions\">12. Przyimki:<\/h3>\n\n\n\n<p>W telugu u\u017cywa si\u0119 przede wszystkim postpozycji, a nie przyimk\u00f3w. Pod\u0105\u017caj\u0105 one za rzeczownikiem lub fraz\u0105 rzeczownikow\u0105 i wyra\u017caj\u0105 relacje czasu, miejsca, kierunku, akompaniamentu i nie tylko, cz\u0119sto w po\u0142\u0105czeniu ze znacznikami przypadk\u00f3w.<\/p>\n\n\n\n<h3 class=\"wp-block-heading\" id=\"h-13-sentences\">13. Zdania:<\/h3>\n\n\n\n<p>Na koniec po\u0107wicz konstruowanie zda\u0144. Telugu generalnie pod\u0105\u017ca za kolejno\u015bci\u0105 czasownik\u00f3w podmiotu, a budowanie zda\u0144 b\u0119dzie wymaga\u0142o u\u017cycia wszystkich wcze\u015bniej poznanych punkt\u00f3w gramatycznych w kontek\u015bcie, zapewniaj\u0105c kompleksowe zrozumienie j\u0119zyka.<\/p>\n<\/div><\/div>\n\r\n<section class=\"learnNavigationSection\">\r\n            \r\n        <a href=\"https:\/\/talkpal.ai\/pl\/naucz-sie-telugu\/\">\r\n            <div class=\"learnNavigationWrapper\">\r\n                <div class=\"learnNavigationContent\">\r\n                    <img decoding=\"async\" src=\"https:\/\/talkpal.ai\/wp-content\/uploads\/2025\/11\/Telugu.png\" alt=\"Indian Simplified Flag\">\r\n                    <div>\r\n                        <h4>O nauce telugu<\/h4>\r\n                        <p>Dowiedz si\u0119 wszystkiego o gramatyce telugu.<\/p>\r\n                    <\/div>\r\n                <\/div>\r\n            <\/div>\r\n        <\/a>\r\n\r\n        \r\n        <a href=\"https:\/\/talkpal.ai\/pl\/gramatyka-telugu\/\">\r\n            <div class=\"learnNavigationWrapper\">\r\n                <div class=\"learnNavigationContent\">\r\n                    <img decoding=\"async\" src=\"https:\/\/talkpal.ai\/wp-content\/uploads\/2025\/11\/Telugu.png\" alt=\"Indian Simplified Flag\">\r\n                    <div>\r\n                        <h4>Lekcje gramatyki telugu<\/h4>\r\n                        <p>\u0106wicz gramatyk\u0119 telugu.<\/p>\r\n                    <\/div>\r\n                <\/div>\r\n            <\/div>\r\n        <\/a>\r\n\r\n            <\/section>","protected":false},"excerpt":{"rendered":"<p>Zagadnienia gramatyczne telugu Nauka nowego j\u0119zyka mo\u017ce by\u0107 trudnym, ale satysfakcjonuj\u0105cym przedsi\u0119wzi\u0119ciem. Telugu, j\u0119zyk drawidyjski u\u017cywany g\u0142\u00f3wnie w indyjskich stanach Andhra Pradesh i Telangana, nie jest wyj\u0105tkiem. Dzi\u0119ki swoim unikalnym cechom i strukturom nauka telugu wymaga systematycznego podej\u015bcia do zrozumienia jego gramatyki. Ten przewodnik przedstawia kluczowe obszary gramatyki telugu w logicznej kolejno\u015bci do nauki j\u0119zyka, [&hellip;]<\/p>\n","protected":false},"author":20,"featured_media":0,"parent":0,"menu_order":0,"comment_status":"closed","ping_status":"closed","template":"LearningContentPage.php","meta":{"_acf_changed":false,"footnotes":""},"class_list":["post-1477108","page","type-page","status-publish","hentry"],"acf":[],"yoast_head":"<!-- This site is optimized with the Yoast SEO Premium plugin v27.2 (Yoast SEO v27.2) - https:\/\/yoast.com\/product\/yoast-seo-premium-wordpress\/ -->\n<title>\u0106wiczenia gramatyczne telugu - Talkpal<\/title>\n<meta name=\"description\" content=\"Opanuj gramatyk\u0119 j\u0119zyka telugu dzi\u0119ki naszym opartym na sztucznej inteligencji \u0107wiczeniom obejmuj\u0105cym rzeczowniki, czasowniki, czasy i struktur\u0119 zda\u0144.\" \/>\n<meta name=\"robots\" content=\"index, follow, max-snippet:-1, max-image-preview:large, max-video-preview:-1\" \/>\n<link rel=\"canonical\" href=\"https:\/\/talkpal.ai\/pl\/cwiczenia-gramatyczne-telugu\/\" \/>\n<meta property=\"og:locale\" content=\"pl_PL\" \/>\n<meta property=\"og:type\" content=\"article\" \/>\n<meta property=\"og:title\" content=\"\u0106wiczenia gramatyczne telugu\" \/>\n<meta property=\"og:description\" content=\"Zagadnienia gramatyczne telugu Nauka nowego j\u0119zyka mo\u017ce by\u0107 trudnym, ale satysfakcjonuj\u0105cym przedsi\u0119wzi\u0119ciem. Telugu, j\u0119zyk drawidyjski u\u017cywany g\u0142\u00f3wnie w\" \/>\n<meta property=\"og:url\" content=\"https:\/\/talkpal.ai\/pl\/cwiczenia-gramatyczne-telugu\/\" \/>\n<meta property=\"og:site_name\" content=\"Talkpal\" \/>\n<meta property=\"article:publisher\" content=\"https:\/\/www.facebook.com\/profile.php?id=100090733639311\" \/>\n<meta property=\"article:modified_time\" content=\"2025-12-30T13:38:54+00:00\" \/>\n<meta property=\"og:image\" content=\"https:\/\/talkpal.ai\/wp-content\/uploads\/2025\/02\/Progress-tab-16_9.png\" \/>\n\t<meta property=\"og:image:width\" content=\"2880\" \/>\n\t<meta property=\"og:image:height\" content=\"1620\" \/>\n\t<meta property=\"og:image:type\" content=\"image\/png\" \/>\n<meta name=\"twitter:card\" content=\"summary_large_image\" \/>\n<meta name=\"twitter:site\" content=\"@talkpalai\" \/>\n<meta name=\"twitter:label1\" content=\"Szacowany czas czytania\" \/>\n\t<meta name=\"twitter:data1\" content=\"3 minuty\" \/>\n<script type=\"application\/ld+json\" class=\"yoast-schema-graph\">{\"@context\":\"https:\/\/schema.org\",\"@graph\":[{\"@type\":\"WebPage\",\"@id\":\"https:\/\/talkpal.ai\/pl\/cwiczenia-gramatyczne-telugu\/\",\"url\":\"https:\/\/talkpal.ai\/pl\/cwiczenia-gramatyczne-telugu\/\",\"name\":\"\u0106wiczenia gramatyczne telugu - Talkpal\",\"isPartOf\":{\"@id\":\"https:\/\/talkpal.ai\/pl\/#website\"},\"datePublished\":\"2025-11-12T17:13:26+00:00\",\"dateModified\":\"2025-12-30T13:38:54+00:00\",\"description\":\"Opanuj gramatyk\u0119 j\u0119zyka telugu dzi\u0119ki naszym opartym na sztucznej inteligencji \u0107wiczeniom obejmuj\u0105cym rzeczowniki, czasowniki, czasy i struktur\u0119 zda\u0144.\",\"breadcrumb\":{\"@id\":\"https:\/\/talkpal.ai\/pl\/cwiczenia-gramatyczne-telugu\/#breadcrumb\"},\"inLanguage\":\"pl-PL\",\"potentialAction\":[{\"@type\":\"ReadAction\",\"target\":[\"https:\/\/talkpal.ai\/pl\/cwiczenia-gramatyczne-telugu\/\"]}]},{\"@type\":\"BreadcrumbList\",\"@id\":\"https:\/\/talkpal.ai\/pl\/cwiczenia-gramatyczne-telugu\/#breadcrumb\",\"itemListElement\":[{\"@type\":\"ListItem\",\"position\":1,\"name\":\"Homepage\",\"item\":\"https:\/\/talkpal.ai\/pl\/\"},{\"@type\":\"ListItem\",\"position\":2,\"name\":\"\u0106wiczenia gramatyczne telugu\"}]},{\"@type\":\"WebSite\",\"@id\":\"https:\/\/talkpal.ai\/pl\/#website\",\"url\":\"https:\/\/talkpal.ai\/pl\/\",\"name\":\"Talkpal\",\"description\":\"AI Language Learning\",\"publisher\":{\"@id\":\"https:\/\/talkpal.ai\/pl\/#organization\"},\"alternateName\":\"Talkpal AI\",\"potentialAction\":[{\"@type\":\"SearchAction\",\"target\":{\"@type\":\"EntryPoint\",\"urlTemplate\":\"https:\/\/talkpal.ai\/pl\/?s={search_term_string}\"},\"query-input\":{\"@type\":\"PropertyValueSpecification\",\"valueRequired\":true,\"valueName\":\"search_term_string\"}}],\"inLanguage\":\"pl-PL\"},{\"@type\":\"Organization\",\"@id\":\"https:\/\/talkpal.ai\/pl\/#organization\",\"name\":\"Talkpal, Inc.\",\"alternateName\":\"Talkpal AI\",\"url\":\"https:\/\/talkpal.ai\/pl\/\",\"logo\":{\"@type\":\"ImageObject\",\"inLanguage\":\"pl-PL\",\"@id\":\"https:\/\/talkpal.ai\/pl\/#\/schema\/logo\/image\/\",\"url\":\"https:\/\/talkpal.ai\/wp-content\/uploads\/2024\/03\/Talkpal-Logo-Icon.png\",\"contentUrl\":\"https:\/\/talkpal.ai\/wp-content\/uploads\/2024\/03\/Talkpal-Logo-Icon.png\",\"width\":2880,\"height\":2880,\"caption\":\"Talkpal, Inc.\"},\"image\":{\"@id\":\"https:\/\/talkpal.ai\/pl\/#\/schema\/logo\/image\/\"},\"sameAs\":[\"https:\/\/www.facebook.com\/profile.php?id=100090733639311\",\"https:\/\/x.com\/talkpalai\",\"https:\/\/www.linkedin.com\/company\/talkpal\/\",\"https:\/\/www.youtube.com\/@TalkPal\/\",\"https:\/\/www.tiktok.com\/@talkpal\",\"https:\/\/www.instagram.com\/talkpal_ai\/\",\"https:\/\/www.crunchbase.com\/organization\/talkpal-9cde\",\"https:\/\/www.g2.com\/products\/talkpal-for-business\/\",\"https:\/\/www.trustpilot.com\/review\/talkpal.ai\",\"https:\/\/www.capterra.com\/p\/10006800\/TalkPal\/\"],\"description\":\"Talkpal is a language learning web and mobile education app, powered by the latest AI technologies, that provides engaging experiences to its customers in many different languages to help them improve their language skills. Users can chat about unlimited amount of topics with the app and use other modes to practice their language learning.\",\"email\":\"support@talkpal.ai\",\"legalName\":\"Talkpal, Inc.\",\"foundingDate\":\"2023-04-03\",\"duns\":\"118989042\",\"numberOfEmployees\":{\"@type\":\"QuantitativeValue\",\"minValue\":\"11\",\"maxValue\":\"50\"},\"publishingPrinciples\":\"https:\/\/talkpal.ai\/publishing-principles\/\",\"actionableFeedbackPolicy\":\"https:\/\/talkpal.ai\/actionable-feedback-policy\/\",\"correctionsPolicy\":\"https:\/\/talkpal.ai\/corrections-policy\/\",\"ethicsPolicy\":\"https:\/\/talkpal.ai\/ethics-policy\/\",\"diversityPolicy\":\"https:\/\/talkpal.ai\/diversity-policy\/\",\"diversityStaffingReport\":\"https:\/\/talkpal.ai\/diversity-policy\/\"}]}<\/script>\n<!-- \/ Yoast SEO Premium plugin. -->","yoast_head_json":{"title":"\u0106wiczenia gramatyczne telugu - Talkpal","description":"Opanuj gramatyk\u0119 j\u0119zyka telugu dzi\u0119ki naszym opartym na sztucznej inteligencji \u0107wiczeniom obejmuj\u0105cym rzeczowniki, czasowniki, czasy i struktur\u0119 zda\u0144.","robots":{"index":"index","follow":"follow","max-snippet":"max-snippet:-1","max-image-preview":"max-image-preview:large","max-video-preview":"max-video-preview:-1"},"canonical":"https:\/\/talkpal.ai\/pl\/cwiczenia-gramatyczne-telugu\/","og_locale":"pl_PL","og_type":"article","og_title":"\u0106wiczenia gramatyczne telugu","og_description":"Zagadnienia gramatyczne telugu Nauka nowego j\u0119zyka mo\u017ce by\u0107 trudnym, ale satysfakcjonuj\u0105cym przedsi\u0119wzi\u0119ciem. Telugu, j\u0119zyk drawidyjski u\u017cywany g\u0142\u00f3wnie w","og_url":"https:\/\/talkpal.ai\/pl\/cwiczenia-gramatyczne-telugu\/","og_site_name":"Talkpal","article_publisher":"https:\/\/www.facebook.com\/profile.php?id=100090733639311","article_modified_time":"2025-12-30T13:38:54+00:00","og_image":[{"width":2880,"height":1620,"url":"https:\/\/talkpal.ai\/wp-content\/uploads\/2025\/02\/Progress-tab-16_9.png","type":"image\/png"}],"twitter_card":"summary_large_image","twitter_site":"@talkpalai","twitter_misc":{"Szacowany czas czytania":"3 minuty"},"schema":{"@context":"https:\/\/schema.org","@graph":[{"@type":"WebPage","@id":"https:\/\/talkpal.ai\/pl\/cwiczenia-gramatyczne-telugu\/","url":"https:\/\/talkpal.ai\/pl\/cwiczenia-gramatyczne-telugu\/","name":"\u0106wiczenia gramatyczne telugu - Talkpal","isPartOf":{"@id":"https:\/\/talkpal.ai\/pl\/#website"},"datePublished":"2025-11-12T17:13:26+00:00","dateModified":"2025-12-30T13:38:54+00:00","description":"Opanuj gramatyk\u0119 j\u0119zyka telugu dzi\u0119ki naszym opartym na sztucznej inteligencji \u0107wiczeniom obejmuj\u0105cym rzeczowniki, czasowniki, czasy i struktur\u0119 zda\u0144.","breadcrumb":{"@id":"https:\/\/talkpal.ai\/pl\/cwiczenia-gramatyczne-telugu\/#breadcrumb"},"inLanguage":"pl-PL","potentialAction":[{"@type":"ReadAction","target":["https:\/\/talkpal.ai\/pl\/cwiczenia-gramatyczne-telugu\/"]}]},{"@type":"BreadcrumbList","@id":"https:\/\/talkpal.ai\/pl\/cwiczenia-gramatyczne-telugu\/#breadcrumb","itemListElement":[{"@type":"ListItem","position":1,"name":"Homepage","item":"https:\/\/talkpal.ai\/pl\/"},{"@type":"ListItem","position":2,"name":"\u0106wiczenia gramatyczne telugu"}]},{"@type":"WebSite","@id":"https:\/\/talkpal.ai\/pl\/#website","url":"https:\/\/talkpal.ai\/pl\/","name":"Talkpal","description":"AI Language Learning","publisher":{"@id":"https:\/\/talkpal.ai\/pl\/#organization"},"alternateName":"Talkpal AI","potentialAction":[{"@type":"SearchAction","target":{"@type":"EntryPoint","urlTemplate":"https:\/\/talkpal.ai\/pl\/?s={search_term_string}"},"query-input":{"@type":"PropertyValueSpecification","valueRequired":true,"valueName":"search_term_string"}}],"inLanguage":"pl-PL"},{"@type":"Organization","@id":"https:\/\/talkpal.ai\/pl\/#organization","name":"Talkpal, Inc.","alternateName":"Talkpal AI","url":"https:\/\/talkpal.ai\/pl\/","logo":{"@type":"ImageObject","inLanguage":"pl-PL","@id":"https:\/\/talkpal.ai\/pl\/#\/schema\/logo\/image\/","url":"https:\/\/talkpal.ai\/wp-content\/uploads\/2024\/03\/Talkpal-Logo-Icon.png","contentUrl":"https:\/\/talkpal.ai\/wp-content\/uploads\/2024\/03\/Talkpal-Logo-Icon.png","width":2880,"height":2880,"caption":"Talkpal, Inc."},"image":{"@id":"https:\/\/talkpal.ai\/pl\/#\/schema\/logo\/image\/"},"sameAs":["https:\/\/www.facebook.com\/profile.php?id=100090733639311","https:\/\/x.com\/talkpalai","https:\/\/www.linkedin.com\/company\/talkpal\/","https:\/\/www.youtube.com\/@TalkPal\/","https:\/\/www.tiktok.com\/@talkpal","https:\/\/www.instagram.com\/talkpal_ai\/","https:\/\/www.crunchbase.com\/organization\/talkpal-9cde","https:\/\/www.g2.com\/products\/talkpal-for-business\/","https:\/\/www.trustpilot.com\/review\/talkpal.ai","https:\/\/www.capterra.com\/p\/10006800\/TalkPal\/"],"description":"Talkpal is a language learning web and mobile education app, powered by the latest AI technologies, that provides engaging experiences to its customers in many different languages to help them improve their language skills. Users can chat about unlimited amount of topics with the app and use other modes to practice their language learning.","email":"support@talkpal.ai","legalName":"Talkpal, Inc.","foundingDate":"2023-04-03","duns":"118989042","numberOfEmployees":{"@type":"QuantitativeValue","minValue":"11","maxValue":"50"},"publishingPrinciples":"https:\/\/talkpal.ai\/publishing-principles\/","actionableFeedbackPolicy":"https:\/\/talkpal.ai\/actionable-feedback-policy\/","correctionsPolicy":"https:\/\/talkpal.ai\/corrections-policy\/","ethicsPolicy":"https:\/\/talkpal.ai\/ethics-policy\/","diversityPolicy":"https:\/\/talkpal.ai\/diversity-policy\/","diversityStaffingReport":"https:\/\/talkpal.ai\/diversity-policy\/"}]}},"_links":{"self":[{"href":"https:\/\/talkpal.ai\/pl\/wp-json\/wp\/v2\/pages\/1477108","targetHints":{"allow":["GET"]}}],"collection":[{"href":"https:\/\/talkpal.ai\/pl\/wp-json\/wp\/v2\/pages"}],"about":[{"href":"https:\/\/talkpal.ai\/pl\/wp-json\/wp\/v2\/types\/page"}],"author":[{"embeddable":true,"href":"https:\/\/talkpal.ai\/pl\/wp-json\/wp\/v2\/users\/20"}],"replies":[{"embeddable":true,"href":"https:\/\/talkpal.ai\/pl\/wp-json\/wp\/v2\/comments?post=1477108"}],"version-history":[{"count":0,"href":"https:\/\/talkpal.ai\/pl\/wp-json\/wp\/v2\/pages\/1477108\/revisions"}],"wp:attachment":[{"href":"https:\/\/talkpal.ai\/pl\/wp-json\/wp\/v2\/media?parent=1477108"}],"curies":[{"name":"wp","href":"https:\/\/api.w.org\/{rel}","templated":true}]}}