{"id":1476968,"date":"2025-11-12T16:31:52","date_gmt":"2025-11-12T16:31:52","guid":{"rendered":"https:\/\/talkpal.ai\/gramatyka-pendzabska\/"},"modified":"2025-12-30T11:37:35","modified_gmt":"2025-12-30T11:37:35","slug":"gramatyka-pendzabska","status":"publish","type":"page","link":"https:\/\/talkpal.ai\/pl\/gramatyka-pendzabska\/","title":{"rendered":"Gramatyka pend\u017cabska"},"content":{"rendered":"\r\n\r\n\r\n<section class=\"languageChallengeSection\">\r\n    <div class=\"languageInfoWrapper\">\r\n        \r\n        <h1>Gramatyka pend\u017cabska<\/h1>\r\n        <p><a href=\"https:\/\/talkpal.ai\/punjabi-grammar\/\">Gramatyka pend\u017cabska<\/a> mo\u017ce pocz\u0105tkowo wydawa\u0107 si\u0119 trudna, ale jej unikalne cechy sprawiaj\u0105, \u017ce <a href=\"https:\/\/talkpal.ai\/pl\/jak-uczyc-sie-jezyka-za-posrednictwem-czatu-talkpal\/\">nauka j\u0119zyka<\/a> jest satysfakcjonuj\u0105cym do\u015bwiadczeniem. Badaj\u0105c jego alfabet, mutacje i zasady gramatyczne, zyskasz wgl\u0105d w bogat\u0105 tradycj\u0119 j\u0119zykow\u0105. Rozpocznij swoj\u0105 podr\u00f3\u017c i odkryj pi\u0119kno Pend\u017cabu!<\/p>\r\n\r\n                            <a class=\"getStartedHidden\" href=\"https:\/\/app.talkpal.ai\/pl\/signup?lng=\">Zaczynaj<\/a>\r\n        \r\n    <\/div>\r\n\r\n    <figure>\r\n    <img decoding=\"async\" width=\"768\" height=\"768\" src=\"https:\/\/talkpal.ai\/wp-content\/uploads\/2023\/06\/welsh-768x768.png\" class=\"languageImage no-lazy\" alt=\"Language learning for better cognitive abilities\" fetchpriority=\"high\" sizes=\"(max-width: 768px) 150px, 768px\" srcset=\"https:\/\/talkpal.ai\/wp-content\/uploads\/2023\/06\/welsh-768x768.png 768w, https:\/\/talkpal.ai\/wp-content\/uploads\/2023\/06\/welsh-300x300.png 300w\" \/>\r\n    \r\n\r\n    <\/figure>\r\n\r\n            <a class=\"getStartedVisible\" href=\"https:\/\/app.talkpal.ai\/pl\/signup?lng=\">Zaczynaj<\/a>\r\n    \r\n<\/section><section class=\"promotionalBanner\">\r\n    <p class=\"promotionalText\">Najbardziej efektywny spos\u00f3b nauki j\u0119zyka<\/p>\r\n    <a class=\"promotionalLink\" href=\"https:\/\/app.talkpal.ai\/pl\/signup?lng=\">Wypr\u00f3buj Talkpal za darmo<\/a>\r\n<\/section>\n<div class=\"wp-block-group pageContainerStyle\"><div class=\"wp-block-group__inner-container is-layout-constrained wp-block-group-is-layout-constrained\">\n<h2 class=\"wp-block-heading\" id=\"h-navigating-the-intricacies-of-punjabi-grammar\">Poruszanie si\u0119 po zawi\u0142o\u015bciach gramatyki pend\u017cabskiej<\/h2>\n\n\n\n<p><a href=\"https:\/\/talkpal.ai\/pl\/naucz-sie-pendzabskiego\/\">Pend\u017cabski<\/a>, j\u0119zyk indoaryjski o bogatej historii i znaczeniu kulturowym, oferuje ekscytuj\u0105ce do\u015bwiadczenie j\u0119zykowe dla tych, kt\u00f3rzy chc\u0105 pozna\u0107 jego unikalny system gramatyczny. Zapuszczaj\u0105c si\u0119 w kr\u00f3lestwo pend\u017cabskiego, nie tylko wzbogacisz sw\u00f3j repertuar j\u0119zykowy, ale tak\u017ce we\u017amiesz udzia\u0142 w fascynuj\u0105cej podr\u00f3\u017cy kulturowej. Chocia\u017c gramatyka pend\u017cabska mo\u017ce pocz\u0105tkowo wydawa\u0107 si\u0119 skomplikowana, rozbicie jej na podstawowe elementy sprawia, \u017ce nauka j\u0119zyka jest bardziej przyst\u0119pna. W tym artykule poznamy fascynuj\u0105cy \u015bwiat gramatyki pend\u017cabskiej i udzielimy wskaz\u00f3wek, jak opanowa\u0107 jego z\u0142o\u017cono\u015b\u0107.<\/p>\n\n\n\n<h3 class=\"wp-block-heading\" id=\"h-1-punjabi-alphabet-and-phonetics\">1. Alfabet pend\u017cabski i fonetyka<\/h3>\n\n\n\n<p>System pisma pend\u017cabskiego wykorzystuje przede wszystkim pismo gurmukhi, kt\u00f3re obejmuje niezale\u017cne samog\u0142oski, sp\u00f3\u0142g\u0142oski, znaki samog\u0142oskowe zwane matra, znaki nosowe, takie jak bind\u012b i \u1e6dipp\u012b, oraz addhak, kt\u00f3ry wskazuje na podwojenie sp\u00f3\u0142g\u0142osek. J\u0119zyk <a href=\"https:\/\/talkpal.ai\/learn-punjabi\/\">pend\u017cabski<\/a> jest r\u00f3wnie\u017c zapisywany w alfabecie Shahmukhi w Pakistanie. Aby <a href=\"https:\/\/talkpal.ai\/grammar\/\">nauczy\u0107 si\u0119 gramatyki<\/a> pend\u017cabskiej, wa\u017cne jest, aby zapozna\u0107 si\u0119 z Gurmukhi poprzez \u0107wiczenie czytania i pisania w j\u0119zyku pend\u017cabskim.<\/p>\n\n\n\n<h3 class=\"wp-block-heading\" id=\"h-2-tones-a-distinctive-punjabi-feature\">2. Odcienie: charakterystyczna cecha pend\u017cabska<\/h3>\n\n\n\n<p>Jednym z najbardziej uderzaj\u0105cych aspekt\u00f3w j\u0119zyka pend\u017cabskiego jest u\u017cycie tonu, kt\u00f3ry mo\u017ce zmieni\u0107 znaczenie s\u0142\u00f3w. J\u0119zyk pend\u017cabski jest powszechnie opisywany jako maj\u0105cy trzy tony i cz\u0119sto s\u0105 one zwi\u0105zane z historycznymi zmianami d\u017awi\u0119ku, kt\u00f3re nie s\u0105 bezpo\u015brednio zaznaczone we wsp\u00f3\u0142czesnej pisowni. Zrozumienie, jak funkcjonuje ton i \u0107wiczenie poprawnej wymowy jest niezb\u0119dne do jasnej i dok\u0142adnej komunikacji w j\u0119zyku pend\u017cabskim.<\/p>\n\n\n\n<h3 class=\"wp-block-heading\" id=\"h-3-nouns-and-pronouns-gender-and-cases\">3. Rzeczowniki i zaimki: rodzaj i przypadki<\/h3>\n\n\n\n<p>Rzeczowniki pend\u017cabskie maj\u0105 rodzaj gramatyczny, m\u0119ski lub \u017ce\u0144ski, a liczba mnoga jest zgodna z wzorcami, kt\u00f3re r\u00f3\u017cni\u0105 si\u0119 w zale\u017cno\u015bci od typu rzeczownika. Wiele rzeczownik\u00f3w rodzaju m\u0119skiego tworzy liczb\u0119 mnog\u0105 w -e i wiele rzeczownik\u00f3w \u017ce\u0144skich w -\u0101\u1e43, chocia\u017c wyst\u0119puj\u0105 nieregularno\u015bci. W j\u0119zyku pend\u017cabskim u\u017cywa si\u0119 uko\u015bnego przypadku przed postpozycjami, kt\u00f3re nast\u0119puj\u0105 po rzeczowniku lub zaimku. Zaimki obejmuj\u0105 zestawy osobowe, dzier\u017cawcze, zwrotne, wskazuj\u0105ce i pytaj\u0105ce, takie jak \u0a2e\u0a48\u0a02, \u0a24\u0a42\u0a70, \u0a09\u0a39, \u0a2e\u0a47\u0a30\u0a3e, \u0a06\u0a2a\u0a23\u0a3e, \u0a07\u0a39, \u0a09\u0a39, \u0a15\u0a4c\u0a23 i \u0a15\u0a40. Zapoznanie si\u0119 z tymi zaimkami i ich formami znacznie poprawi Twoje zrozumienie gramatyki pend\u017cabskiej.<\/p>\n\n\n\n<h3 class=\"wp-block-heading\" id=\"h-4-verbs-structure-and-conjugation\">4. Czasowniki: struktura i koniugacja<\/h3>\n\n\n\n<p>Czasowniki pend\u017cabskie pokazuj\u0105 aspekt i zgodno\u015b\u0107 i zazwyczaj u\u017cywaj\u0105 imies\u0142ow\u00f3w w po\u0142\u0105czeniu z czasownikiem posi\u0142kowym \u0a39\u0a4b\u0a23\u0a3e, aby wyrazi\u0107 czas i nastr\u00f3j. Podstawowe rozr\u00f3\u017cnienia obejmuj\u0105 czas tera\u017aniejszy nawykowy, przesz\u0142y dokonany i przysz\u0142y, a tak\u017ce nastroje warunkowe i rozkazuj\u0105ce. Zgodno\u015b\u0107 cz\u0119sto zale\u017cy od rodzaju i liczby, a w wielu zdaniach dokonanych przechodni\u00f3w pend\u017cabski oznacza podmiot za pomoc\u0105 \u0a28\u0a47, podczas gdy czasownik zgadza si\u0119 z dope\u0142nieniem. Poznanie g\u0142\u00f3wnych wzorc\u00f3w koniugacji i u\u017cycia pomocniczego poprawi Twoj\u0105 zdolno\u015b\u0107 do skutecznego komunikowania si\u0119 w j\u0119zyku pend\u017cabskim.<\/p>\n\n\n\n<h3 class=\"wp-block-heading\" id=\"h-5-adjectives-agreement-and-placement\">5. Przymiotniki: umowa i umiejscowienie<\/h3>\n\n\n\n<p>W gramatyce pend\u017cabskiej przymiotniki zazwyczaj poprzedzaj\u0105 rzeczownik, kt\u00f3ry modyfikuj\u0105, a gdy s\u0105 zaznaczone, zgadzaj\u0105 si\u0119 pod wzgl\u0119dem rodzaju i liczby z rzeczownikiem. Wiele przymiotnik\u00f3w jest niezmiennych, ale typowe przymiotniki opisowe pokazuj\u0105 formy m\u0119skie, \u017ce\u0144skie i mnogie. Znaczenia por\u00f3wnawcze i najwy\u017csze s\u0105 cz\u0119sto tworzone analitycznie, gdzie \u0a39\u0a4b\u0a30 oznacza wi\u0119cej i \u0a38\u0a2d \u0a24\u0a4b\u0a02 dla wi\u0119kszo\u015bci.<\/p>\n\n\n\n<p><strong>Przyk\u0142ady:<\/strong><\/p>\n\n\n\n<p><strong>\u2013 \u0a35\u0a71\u0a21\u0a3e \u0a2a\u0a3f\u0a06\u0a30 (wielka mi\u0142o\u015b\u0107)<\/strong><\/p>\n\n\n\n<p><strong>\u2013 \u0a1b\u0a4b\u0a1f\u0a47 \u0a2c\u0a71\u0a1a\u0a47 (ma\u0142e dzieci)<\/strong><\/p>\n\n\n\n<h3 class=\"wp-block-heading\" id=\"h-6-engaging-with-the-language\">6. Anga\u017cowanie si\u0119 w j\u0119zyk<\/h3>\n\n\n\n<p>Najskuteczniejszym sposobem na pe\u0142ne zrozumienie i przyswojenie gramatyki pend\u017cabskiej jest konsekwentne anga\u017cowanie si\u0119 w ten j\u0119zyk. Czytaj\u0105c literatur\u0119 pend\u017cabsk\u0105, ogl\u0105daj\u0105c pend\u017cabskie filmy lub seriale telewizyjne, s\u0142uchaj\u0105c muzyki i poezji oraz aktywnie komunikuj\u0105c si\u0119 z native speakerami, wzmocnisz swoje zrozumienie gramatyki, jednocze\u015bnie poszerzaj\u0105c swoje s\u0142ownictwo.<\/p>\n\n\n\n<h3 class=\"wp-block-heading\" id=\"h-conclusion\">Wnioski<\/h3>\n\n\n\n<p>Chocia\u017c gramatyka pend\u017cabska mo\u017ce wydawa\u0107 si\u0119 skomplikowana, mo\u017cesz sta\u0107 si\u0119 bieg\u0142y w tym pi\u0119knym j\u0119zyku dzi\u0119ki po\u015bwi\u0119ceniu, praktyce i entuzjazmowi. Koncentruj\u0105c si\u0119 na podstawowych zasadach i anga\u017cuj\u0105c si\u0119 w j\u0119zyk w r\u00f3\u017cnych kontekstach, szybko poprawisz swoje <a href=\"https:\/\/talkpal.ai\/pl\/gramatyka\/\">umiej\u0119tno\u015bci gramatyczne<\/a> w j\u0119zyku pend\u017cabskim. \u0a38\u0a3c\u0a41\u0a2d \u0a15\u0a3e\u0a2e\u0a28\u0a3e\u0a35\u0a3e\u0a02 (<a href=\"https:\/\/talkpal.ai\/culture\/how-do-you-say-good-luck-in-polish\/\">powodzenia<\/a>) w podr\u00f3\u017cy z j\u0119zykiem pend\u017cabskim i ciesz si\u0119 odkrywaniem dynamicznego i wci\u0105gaj\u0105cego \u015bwiata gramatyki pend\u017cabskiej!<\/p>\n<\/div><\/div>\n\r\n<section class=\"learnNavigationSection\">\r\n            \r\n        <a href=\"https:\/\/talkpal.ai\/pl\/naucz-sie-pendzabskiego\/\">\r\n            <div class=\"learnNavigationWrapper\">\r\n                <div class=\"learnNavigationContent\">\r\n                    <img decoding=\"async\" src=\"https:\/\/talkpal.ai\/wp-content\/uploads\/2025\/11\/Punjabi.png\" alt=\"Indian Simplified Flag\">\r\n                    <div>\r\n                        <h4>O nauce j\u0119zyka pend\u017cabskiego<\/h4>\r\n                        <p>Dowiedz si\u0119 wszystkiego o gramatyce pend\u017cabskiej.<\/p>\r\n                    <\/div>\r\n                <\/div>\r\n            <\/div>\r\n        <\/a>\r\n\r\n        \r\n        <a href=\"https:\/\/talkpal.ai\/pl\/cwiczenia-gramatyczne-z-jezyka-pendzabskiego\/\">\r\n            <div class=\"learnNavigationWrapper\">\r\n                <div class=\"learnNavigationContent\">\r\n                    <img decoding=\"async\" src=\"https:\/\/talkpal.ai\/wp-content\/uploads\/2025\/11\/Punjabi.png\" alt=\"Indian Simplified Flag\">\r\n                    <div>\r\n                        <h4>\u0106wiczenie z gramatyki pend\u017cabskiej<\/h4>\r\n                        <p>\u0106wicz gramatyk\u0119 pend\u017cabsk\u0105.<\/p>\r\n                    <\/div>\r\n                <\/div>\r\n            <\/div>\r\n        <\/a>\r\n\r\n            <\/section>","protected":false},"excerpt":{"rendered":"<p>Poruszanie si\u0119 po zawi\u0142o\u015bciach gramatyki pend\u017cabskiej Pend\u017cabski, j\u0119zyk indoaryjski o bogatej historii i znaczeniu kulturowym, oferuje ekscytuj\u0105ce do\u015bwiadczenie j\u0119zykowe dla tych, kt\u00f3rzy chc\u0105 pozna\u0107 jego unikalny system gramatyczny. Zapuszczaj\u0105c si\u0119 w kr\u00f3lestwo pend\u017cabskiego, nie tylko wzbogacisz sw\u00f3j repertuar j\u0119zykowy, ale tak\u017ce we\u017amiesz udzia\u0142 w fascynuj\u0105cej podr\u00f3\u017cy kulturowej. Chocia\u017c gramatyka pend\u017cabska mo\u017ce pocz\u0105tkowo wydawa\u0107 si\u0119 skomplikowana, [&hellip;]<\/p>\n","protected":false},"author":20,"featured_media":0,"parent":0,"menu_order":0,"comment_status":"closed","ping_status":"closed","template":"LearningContentPage.php","meta":{"_acf_changed":false,"footnotes":""},"class_list":["post-1476968","page","type-page","status-publish","hentry"],"acf":[],"yoast_head":"<!-- This site is optimized with the Yoast SEO Premium plugin v27.2 (Yoast SEO v27.2) - https:\/\/yoast.com\/product\/yoast-seo-premium-wordpress\/ -->\n<title>Gramatyka pend\u017cabska - Talkpal<\/title>\n<meta name=\"description\" content=\"Opanuj podstawy gramatyki j\u0119zyka pend\u017cabskiego dzi\u0119ki naszemu kompleksowemu przewodnikowi, aby ju\u017c dzi\u015b poprawi\u0107 swoj\u0105 p\u0142ynno\u015b\u0107 j\u0119zykow\u0105.\" \/>\n<meta name=\"robots\" content=\"index, follow, max-snippet:-1, max-image-preview:large, max-video-preview:-1\" \/>\n<link rel=\"canonical\" href=\"https:\/\/talkpal.ai\/pl\/gramatyka-pendzabska\/\" \/>\n<meta property=\"og:locale\" content=\"pl_PL\" \/>\n<meta property=\"og:type\" content=\"article\" \/>\n<meta property=\"og:title\" content=\"Gramatyka pend\u017cabska\" \/>\n<meta property=\"og:description\" content=\"Poruszanie si\u0119 po zawi\u0142o\u015bciach gramatyki pend\u017cabskiej Pend\u017cabski, j\u0119zyk indoaryjski o bogatej historii i znaczeniu kulturowym, oferuje ekscytuj\u0105ce\" \/>\n<meta property=\"og:url\" content=\"https:\/\/talkpal.ai\/pl\/gramatyka-pendzabska\/\" \/>\n<meta property=\"og:site_name\" content=\"Talkpal\" \/>\n<meta property=\"article:publisher\" content=\"https:\/\/www.facebook.com\/profile.php?id=100090733639311\" \/>\n<meta property=\"article:modified_time\" content=\"2025-12-30T11:37:35+00:00\" \/>\n<meta property=\"og:image\" content=\"https:\/\/talkpal.ai\/wp-content\/uploads\/2025\/02\/Progress-tab-16_9.png\" \/>\n\t<meta property=\"og:image:width\" content=\"2880\" \/>\n\t<meta property=\"og:image:height\" content=\"1620\" \/>\n\t<meta property=\"og:image:type\" content=\"image\/png\" \/>\n<meta name=\"twitter:card\" content=\"summary_large_image\" \/>\n<meta name=\"twitter:site\" content=\"@talkpalai\" \/>\n<meta name=\"twitter:label1\" content=\"Szacowany czas czytania\" \/>\n\t<meta name=\"twitter:data1\" content=\"4 minuty\" \/>\n<script type=\"application\/ld+json\" class=\"yoast-schema-graph\">{\"@context\":\"https:\/\/schema.org\",\"@graph\":[{\"@type\":\"WebPage\",\"@id\":\"https:\/\/talkpal.ai\/pl\/gramatyka-pendzabska\/\",\"url\":\"https:\/\/talkpal.ai\/pl\/gramatyka-pendzabska\/\",\"name\":\"Gramatyka pend\u017cabska - Talkpal\",\"isPartOf\":{\"@id\":\"https:\/\/talkpal.ai\/pl\/#website\"},\"datePublished\":\"2025-11-12T16:31:52+00:00\",\"dateModified\":\"2025-12-30T11:37:35+00:00\",\"description\":\"Opanuj podstawy gramatyki j\u0119zyka pend\u017cabskiego dzi\u0119ki naszemu kompleksowemu przewodnikowi, aby ju\u017c dzi\u015b poprawi\u0107 swoj\u0105 p\u0142ynno\u015b\u0107 j\u0119zykow\u0105.\",\"breadcrumb\":{\"@id\":\"https:\/\/talkpal.ai\/pl\/gramatyka-pendzabska\/#breadcrumb\"},\"inLanguage\":\"pl-PL\",\"potentialAction\":[{\"@type\":\"ReadAction\",\"target\":[\"https:\/\/talkpal.ai\/pl\/gramatyka-pendzabska\/\"]}]},{\"@type\":\"BreadcrumbList\",\"@id\":\"https:\/\/talkpal.ai\/pl\/gramatyka-pendzabska\/#breadcrumb\",\"itemListElement\":[{\"@type\":\"ListItem\",\"position\":1,\"name\":\"Homepage\",\"item\":\"https:\/\/talkpal.ai\/pl\/\"},{\"@type\":\"ListItem\",\"position\":2,\"name\":\"Gramatyka pend\u017cabska\"}]},{\"@type\":\"WebSite\",\"@id\":\"https:\/\/talkpal.ai\/pl\/#website\",\"url\":\"https:\/\/talkpal.ai\/pl\/\",\"name\":\"Talkpal\",\"description\":\"AI Language Learning\",\"publisher\":{\"@id\":\"https:\/\/talkpal.ai\/pl\/#organization\"},\"alternateName\":\"Talkpal AI\",\"potentialAction\":[{\"@type\":\"SearchAction\",\"target\":{\"@type\":\"EntryPoint\",\"urlTemplate\":\"https:\/\/talkpal.ai\/pl\/?s={search_term_string}\"},\"query-input\":{\"@type\":\"PropertyValueSpecification\",\"valueRequired\":true,\"valueName\":\"search_term_string\"}}],\"inLanguage\":\"pl-PL\"},{\"@type\":\"Organization\",\"@id\":\"https:\/\/talkpal.ai\/pl\/#organization\",\"name\":\"Talkpal, Inc.\",\"alternateName\":\"Talkpal AI\",\"url\":\"https:\/\/talkpal.ai\/pl\/\",\"logo\":{\"@type\":\"ImageObject\",\"inLanguage\":\"pl-PL\",\"@id\":\"https:\/\/talkpal.ai\/pl\/#\/schema\/logo\/image\/\",\"url\":\"https:\/\/talkpal.ai\/wp-content\/uploads\/2024\/03\/Talkpal-Logo-Icon.png\",\"contentUrl\":\"https:\/\/talkpal.ai\/wp-content\/uploads\/2024\/03\/Talkpal-Logo-Icon.png\",\"width\":2880,\"height\":2880,\"caption\":\"Talkpal, Inc.\"},\"image\":{\"@id\":\"https:\/\/talkpal.ai\/pl\/#\/schema\/logo\/image\/\"},\"sameAs\":[\"https:\/\/www.facebook.com\/profile.php?id=100090733639311\",\"https:\/\/x.com\/talkpalai\",\"https:\/\/www.linkedin.com\/company\/talkpal\/\",\"https:\/\/www.youtube.com\/@TalkPal\/\",\"https:\/\/www.tiktok.com\/@talkpal\",\"https:\/\/www.instagram.com\/talkpal_ai\/\",\"https:\/\/www.crunchbase.com\/organization\/talkpal-9cde\",\"https:\/\/www.g2.com\/products\/talkpal-for-business\/\",\"https:\/\/www.trustpilot.com\/review\/talkpal.ai\",\"https:\/\/www.capterra.com\/p\/10006800\/TalkPal\/\"],\"description\":\"Talkpal is a language learning web and mobile education app, powered by the latest AI technologies, that provides engaging experiences to its customers in many different languages to help them improve their language skills. Users can chat about unlimited amount of topics with the app and use other modes to practice their language learning.\",\"email\":\"support@talkpal.ai\",\"legalName\":\"Talkpal, Inc.\",\"foundingDate\":\"2023-04-03\",\"duns\":\"118989042\",\"numberOfEmployees\":{\"@type\":\"QuantitativeValue\",\"minValue\":\"11\",\"maxValue\":\"50\"},\"publishingPrinciples\":\"https:\/\/talkpal.ai\/publishing-principles\/\",\"actionableFeedbackPolicy\":\"https:\/\/talkpal.ai\/actionable-feedback-policy\/\",\"correctionsPolicy\":\"https:\/\/talkpal.ai\/corrections-policy\/\",\"ethicsPolicy\":\"https:\/\/talkpal.ai\/ethics-policy\/\",\"diversityPolicy\":\"https:\/\/talkpal.ai\/diversity-policy\/\",\"diversityStaffingReport\":\"https:\/\/talkpal.ai\/diversity-policy\/\"}]}<\/script>\n<!-- \/ Yoast SEO Premium plugin. -->","yoast_head_json":{"title":"Gramatyka pend\u017cabska - Talkpal","description":"Opanuj podstawy gramatyki j\u0119zyka pend\u017cabskiego dzi\u0119ki naszemu kompleksowemu przewodnikowi, aby ju\u017c dzi\u015b poprawi\u0107 swoj\u0105 p\u0142ynno\u015b\u0107 j\u0119zykow\u0105.","robots":{"index":"index","follow":"follow","max-snippet":"max-snippet:-1","max-image-preview":"max-image-preview:large","max-video-preview":"max-video-preview:-1"},"canonical":"https:\/\/talkpal.ai\/pl\/gramatyka-pendzabska\/","og_locale":"pl_PL","og_type":"article","og_title":"Gramatyka pend\u017cabska","og_description":"Poruszanie si\u0119 po zawi\u0142o\u015bciach gramatyki pend\u017cabskiej Pend\u017cabski, j\u0119zyk indoaryjski o bogatej historii i znaczeniu kulturowym, oferuje ekscytuj\u0105ce","og_url":"https:\/\/talkpal.ai\/pl\/gramatyka-pendzabska\/","og_site_name":"Talkpal","article_publisher":"https:\/\/www.facebook.com\/profile.php?id=100090733639311","article_modified_time":"2025-12-30T11:37:35+00:00","og_image":[{"width":2880,"height":1620,"url":"https:\/\/talkpal.ai\/wp-content\/uploads\/2025\/02\/Progress-tab-16_9.png","type":"image\/png"}],"twitter_card":"summary_large_image","twitter_site":"@talkpalai","twitter_misc":{"Szacowany czas czytania":"4 minuty"},"schema":{"@context":"https:\/\/schema.org","@graph":[{"@type":"WebPage","@id":"https:\/\/talkpal.ai\/pl\/gramatyka-pendzabska\/","url":"https:\/\/talkpal.ai\/pl\/gramatyka-pendzabska\/","name":"Gramatyka pend\u017cabska - Talkpal","isPartOf":{"@id":"https:\/\/talkpal.ai\/pl\/#website"},"datePublished":"2025-11-12T16:31:52+00:00","dateModified":"2025-12-30T11:37:35+00:00","description":"Opanuj podstawy gramatyki j\u0119zyka pend\u017cabskiego dzi\u0119ki naszemu kompleksowemu przewodnikowi, aby ju\u017c dzi\u015b poprawi\u0107 swoj\u0105 p\u0142ynno\u015b\u0107 j\u0119zykow\u0105.","breadcrumb":{"@id":"https:\/\/talkpal.ai\/pl\/gramatyka-pendzabska\/#breadcrumb"},"inLanguage":"pl-PL","potentialAction":[{"@type":"ReadAction","target":["https:\/\/talkpal.ai\/pl\/gramatyka-pendzabska\/"]}]},{"@type":"BreadcrumbList","@id":"https:\/\/talkpal.ai\/pl\/gramatyka-pendzabska\/#breadcrumb","itemListElement":[{"@type":"ListItem","position":1,"name":"Homepage","item":"https:\/\/talkpal.ai\/pl\/"},{"@type":"ListItem","position":2,"name":"Gramatyka pend\u017cabska"}]},{"@type":"WebSite","@id":"https:\/\/talkpal.ai\/pl\/#website","url":"https:\/\/talkpal.ai\/pl\/","name":"Talkpal","description":"AI Language Learning","publisher":{"@id":"https:\/\/talkpal.ai\/pl\/#organization"},"alternateName":"Talkpal AI","potentialAction":[{"@type":"SearchAction","target":{"@type":"EntryPoint","urlTemplate":"https:\/\/talkpal.ai\/pl\/?s={search_term_string}"},"query-input":{"@type":"PropertyValueSpecification","valueRequired":true,"valueName":"search_term_string"}}],"inLanguage":"pl-PL"},{"@type":"Organization","@id":"https:\/\/talkpal.ai\/pl\/#organization","name":"Talkpal, Inc.","alternateName":"Talkpal AI","url":"https:\/\/talkpal.ai\/pl\/","logo":{"@type":"ImageObject","inLanguage":"pl-PL","@id":"https:\/\/talkpal.ai\/pl\/#\/schema\/logo\/image\/","url":"https:\/\/talkpal.ai\/wp-content\/uploads\/2024\/03\/Talkpal-Logo-Icon.png","contentUrl":"https:\/\/talkpal.ai\/wp-content\/uploads\/2024\/03\/Talkpal-Logo-Icon.png","width":2880,"height":2880,"caption":"Talkpal, Inc."},"image":{"@id":"https:\/\/talkpal.ai\/pl\/#\/schema\/logo\/image\/"},"sameAs":["https:\/\/www.facebook.com\/profile.php?id=100090733639311","https:\/\/x.com\/talkpalai","https:\/\/www.linkedin.com\/company\/talkpal\/","https:\/\/www.youtube.com\/@TalkPal\/","https:\/\/www.tiktok.com\/@talkpal","https:\/\/www.instagram.com\/talkpal_ai\/","https:\/\/www.crunchbase.com\/organization\/talkpal-9cde","https:\/\/www.g2.com\/products\/talkpal-for-business\/","https:\/\/www.trustpilot.com\/review\/talkpal.ai","https:\/\/www.capterra.com\/p\/10006800\/TalkPal\/"],"description":"Talkpal is a language learning web and mobile education app, powered by the latest AI technologies, that provides engaging experiences to its customers in many different languages to help them improve their language skills. Users can chat about unlimited amount of topics with the app and use other modes to practice their language learning.","email":"support@talkpal.ai","legalName":"Talkpal, Inc.","foundingDate":"2023-04-03","duns":"118989042","numberOfEmployees":{"@type":"QuantitativeValue","minValue":"11","maxValue":"50"},"publishingPrinciples":"https:\/\/talkpal.ai\/publishing-principles\/","actionableFeedbackPolicy":"https:\/\/talkpal.ai\/actionable-feedback-policy\/","correctionsPolicy":"https:\/\/talkpal.ai\/corrections-policy\/","ethicsPolicy":"https:\/\/talkpal.ai\/ethics-policy\/","diversityPolicy":"https:\/\/talkpal.ai\/diversity-policy\/","diversityStaffingReport":"https:\/\/talkpal.ai\/diversity-policy\/"}]}},"_links":{"self":[{"href":"https:\/\/talkpal.ai\/pl\/wp-json\/wp\/v2\/pages\/1476968","targetHints":{"allow":["GET"]}}],"collection":[{"href":"https:\/\/talkpal.ai\/pl\/wp-json\/wp\/v2\/pages"}],"about":[{"href":"https:\/\/talkpal.ai\/pl\/wp-json\/wp\/v2\/types\/page"}],"author":[{"embeddable":true,"href":"https:\/\/talkpal.ai\/pl\/wp-json\/wp\/v2\/users\/20"}],"replies":[{"embeddable":true,"href":"https:\/\/talkpal.ai\/pl\/wp-json\/wp\/v2\/comments?post=1476968"}],"version-history":[{"count":0,"href":"https:\/\/talkpal.ai\/pl\/wp-json\/wp\/v2\/pages\/1476968\/revisions"}],"wp:attachment":[{"href":"https:\/\/talkpal.ai\/pl\/wp-json\/wp\/v2\/media?parent=1476968"}],"curies":[{"name":"wp","href":"https:\/\/api.w.org\/{rel}","templated":true}]}}