{"id":1476888,"date":"2025-11-12T16:09:11","date_gmt":"2025-11-12T16:09:11","guid":{"rendered":"https:\/\/talkpal.ai\/cwiczenia-gramatyczne-oriya\/"},"modified":"2025-12-30T11:51:57","modified_gmt":"2025-12-30T11:51:57","slug":"cwiczenia-gramatyczne-oriya","status":"publish","type":"page","link":"https:\/\/talkpal.ai\/pl\/cwiczenia-gramatyczne-oriya\/","title":{"rendered":"\u0106wiczenia gramatyczne odia"},"content":{"rendered":"\r\n\r\n\r\n<section class=\"languageChallengeSection\">\r\n    <div class=\"languageInfoWrapper\">\r\n        \r\n        <h1>\u0106wiczenia gramatyczne odia<\/h1>\r\n        <p>Gotowy, by zanurzy\u0107 si\u0119 w gramatyk\u0119 <a href=\"https:\/\/talkpal.ai\/learn-odia\/\">odia<\/a>? Prze\u0107wiczenie kilku podstaw pomo\u017ce ci poczu\u0107 si\u0119 komfortowo z tym wyj\u0105tkowym i pi\u0119knym j\u0119zykiem. Wypr\u00f3buj te \u0107wiczenia, aby zbudowa\u0107 pewno\u015b\u0107 siebie i dobrze si\u0119 przy tym bawi\u0107!<\/p>\r\n\r\n                            <a class=\"getStartedHidden\" href=\"https:\/\/app.talkpal.ai\/pl\/signup?lng=\">Zaczynaj<\/a>\r\n        \r\n    <\/div>\r\n\r\n    <figure>\r\n    <img decoding=\"async\" width=\"768\" height=\"768\" src=\"https:\/\/talkpal.ai\/wp-content\/uploads\/2023\/06\/welsh-768x768.png\" class=\"languageImage no-lazy\" alt=\"Language learning for better cognitive abilities\" fetchpriority=\"high\" sizes=\"(max-width: 768px) 150px, 768px\" srcset=\"https:\/\/talkpal.ai\/wp-content\/uploads\/2023\/06\/welsh-768x768.png 768w, https:\/\/talkpal.ai\/wp-content\/uploads\/2023\/06\/welsh-300x300.png 300w\" \/>\r\n    \r\n\r\n    <\/figure>\r\n\r\n            <a class=\"getStartedVisible\" href=\"https:\/\/app.talkpal.ai\/pl\/signup?lng=\">Zaczynaj<\/a>\r\n    \r\n<\/section><section class=\"promotionalBanner\">\r\n    <p class=\"promotionalText\">Najbardziej efektywny spos\u00f3b nauki j\u0119zyka<\/p>\r\n    <a class=\"promotionalLink\" href=\"https:\/\/app.talkpal.ai\/pl\/signup?lng=\">Wypr\u00f3buj Talkpal za darmo<\/a>\r\n<\/section>\n<div class=\"wp-block-group pageContainerStyle\"><div class=\"wp-block-group__inner-container is-layout-constrained wp-block-group-is-layout-constrained\">\n<h2 class=\"wp-block-heading\" id=\"h-odia-grammar-topics\">Tematy gramatyki odia<\/h2>\n\n\n\n<p><a href=\"https:\/\/talkpal.ai\/pl\/najwieksze-bledy-ktorych-nalezy-unikac-podczas-nauki-nowego-jezyka\/\">Nauka nowego j\u0119zyka<\/a> mo\u017ce by\u0107 trudnym, ale satysfakcjonuj\u0105cym przedsi\u0119wzi\u0119ciem. <a href=\"https:\/\/talkpal.ai\/learn-odia\/\">Odia<\/a>, j\u0119zyk indoaryjski u\u017cywany g\u0142\u00f3wnie w indyjskim stanie Odisha, nie jest wyj\u0105tkiem. <a href=\"https:\/\/talkpal.ai\/pl\/talkpal-dla-edukacji\/\">Nauka<\/a> odia, z w\u0142asnymi cechami i strukturami, wymaga systematycznego podej\u015bcia do zrozumienia jego gramatyki. Ten przewodnik przedstawia kluczowe obszary <a href=\"https:\/\/talkpal.ai\/oriya-grammar\/\">gramatyki odii<\/a> w logicznej kolejno\u015bci <a href=\"https:\/\/talkpal.ai\/pl\/talkpal-dla-edukacji\/\">nauki j\u0119zyk\u00f3w<\/a>, zaczynaj\u0105c od podstaw, takich jak rzeczowniki i rodzajniki, a nast\u0119pnie przechodz\u0105c do bardziej z\u0142o\u017conych obszar\u00f3w, takich jak czasy i budowa zda\u0144.<\/p>\n\n\n\n<h3 class=\"wp-block-heading\" id=\"h-1-nouns\">1. Rzeczowniki:<\/h3>\n\n\n\n<p>Zacznij swoj\u0105 przygod\u0119 z j\u0119zykiem odia, ucz\u0105c si\u0119 rzeczownik\u00f3w. Obejmuje to zrozumienie r\u00f3\u017cnych kategorii rzeczownik\u00f3w, takich jak rzeczowniki pospolite i w\u0142asne, a tak\u017ce ich formy liczby mnogiej. Nale\u017cy zauwa\u017cy\u0107, \u017ce odia zazwyczaj nie ma rodzaju gramatycznego i u\u017cywa znacznik\u00f3w w liczbie mnogiej, takich jak -mane dla ludzi i -gudika dla przedmiot\u00f3w.<\/p>\n\n\n\n<h3 class=\"wp-block-heading\" id=\"h-2-articles\">2. Artyku\u0142y:<\/h3>\n\n\n\n<p>Odia nie u\u017cywa rodzaj\u00f3w okre\u015blonych ani nieokre\u015blonych, jak <a href=\"https:\/\/talkpal.ai\/pl\/praktyka-mowienia-po-angielsku-ai\/\">robi to w j\u0119zyku angielskim<\/a> . Okre\u015blono\u015b\u0107 jest zwykle wyra\u017cana przez kontekst lub demonstracje, takie jak to i tamto, a nieokre\u015blono\u015b\u0107 mo\u017ce by\u0107 przekazana za pomoc\u0105 liczebnika, gdy zajdzie taka potrzeba.<\/p>\n\n\n\n<h3 class=\"wp-block-heading\" id=\"h-3-adjectives\">3. Przymiotniki:<\/h3>\n\n\n\n<p>Przymiotniki w j\u0119zyku odia zazwyczaj poprzedzaj\u0105 rzeczowniki, kt\u00f3re modyfikuj\u0105. Zazwyczaj nie zmieniaj\u0105 formy na liczb\u0119 ani rodzaj. <a href=\"https:\/\/talkpal.ai\/pl\/naucz-sie-malajskiego\/\">Naucz si\u0119<\/a> tworzy\u0107 por\u00f3wnania i superlatywy, cz\u0119sto u\u017cywaj\u0105c s\u0142\u00f3w takich jak adhika dla wi\u0119cej, sabuthu dla wi\u0119kszo\u015bci i marker tharu dla than.<\/p>\n\n\n\n<h3 class=\"wp-block-heading\" id=\"h-4-pronouns-determiners\">4. Zaimki\/okre\u015blniki:<\/h3>\n\n\n\n<p>Zaimki i wyznaczniki s\u0105 niezb\u0119dne w j\u0119zyku odia; Zast\u0119puj\u0105 rzeczowniki i dostarczaj\u0105 informacji o ilo\u015bci, posiadaniu i innych aspektach. Odia charakteryzuje si\u0119 poziomem uprzejmo\u015bci w zaimkach drugiej osoby, a posiadanie jest zwykle oznaczane dope\u0142niaczem -ra. Szeroko stosowane s\u0105 wska\u017aniki wskazuj\u0105ce i kwantyfikatory.<\/p>\n\n\n\n<h3 class=\"wp-block-heading\" id=\"h-5-verbs\">5. Czasowniki:<\/h3>\n\n\n\n<p>Czasowniki odia maj\u0105 r\u00f3\u017cne formy w zale\u017cno\u015bci od czasu, aspektu, trybu, a czasem poziomu honorowego. Zacznij od form tera\u017aniejszych, w tym nawykowych i progresywnych, a nast\u0119pnie zbadaj przesz\u0142o\u015b\u0107 i przysz\u0142o\u015b\u0107. Naucz si\u0119 form rzeczownik\u00f3w bezokolicznikowych lub ods\u0142ownych w -iba lub -ba.<\/p>\n\n\n\n<h3 class=\"wp-block-heading\" id=\"h-6-tenses\">6. Czasy:<\/h3>\n\n\n\n<p>Po opanowaniu form czasownik\u00f3w zag\u0142\u0119bij si\u0119 w czasy i aspekty odia. Zrozumiesz r\u00f3\u017cnice mi\u0119dzy tera\u017aniejszym nawykowym, tera\u017aniejszym progresywnym, przesz\u0142ym dokonanym, przesz\u0142ym progresywnym i przysz\u0142ym oraz jak s\u0105 one u\u017cywane w r\u00f3\u017cnych kontekstach.<\/p>\n\n\n\n<h3 class=\"wp-block-heading\" id=\"h-7-tense-comparison\">7. Por\u00f3wnanie czasu:<\/h3>\n\n\n\n<p>Por\u00f3wnywanie czas\u00f3w w odia pomaga zrozumie\u0107 sekwencj\u0119 i aspekt wydarze\u0144. Por\u00f3wnanie tego samego czasownika w zwyk\u0142ych zastosowaniach, progresywnych, dokonanych i przysz\u0142ych zapewni lepsze zrozumienie j\u0119zyka.<\/p>\n\n\n\n<h3 class=\"wp-block-heading\" id=\"h-8-progressive\">8. Progresywny:<\/h3>\n\n\n\n<p>Post\u0119powy aspekt w j\u0119zyku odia s\u0142u\u017cy do wyra\u017cenia bie\u017c\u0105cych dzia\u0142a\u0144. Jest zwykle oznaczany sufiksem -uchhi dla tera\u017aniejszo\u015bci, -uthila dla przesz\u0142o\u015bci i -uthiba dla przysz\u0142o\u015bci, zbudowanym na rdzeniu czasownika i zwi\u0105zanych z nim formach pomocniczych.<\/p>\n\n\n\n<h3 class=\"wp-block-heading\" id=\"h-9-perfect-progressive\">9. Idealny progresywny:<\/h3>\n\n\n\n<p>S\u0142u\u017cy do wyra\u017cania dzia\u0142a\u0144, kt\u00f3re by\u0142y trwaj\u0105ce do pewnego momentu. W j\u0119zyku odia zazwyczaj wyra\u017ca si\u0119 j\u0105 za pomoc\u0105 konstrukcji progresywnej wraz z wyra\u017ceniami czasowymi, takimi jak dhari czy tharu, wskazuj\u0105cymi czas trwania, zamiast dedykowanej kombinacji czasowo-progresywnej.<\/p>\n\n\n\n<h3 class=\"wp-block-heading\" id=\"h-10-conditionals\">10. Warunki warunkowe:<\/h3>\n\n\n\n<p>Instrukcje warunkowe wyra\u017caj\u0105 hipotetyczne sytuacje i ich mo\u017cliwe wyniki. Odia u\u017cywa znacznik\u00f3w warunkowych i s\u0142\u00f3w takich jak <a href=\"https:\/\/talkpal.ai\/will-ai-kill-traditional-language-learning\/\">jadi<\/a> czy yadi dla if, oraz form warunkowych w -le, aby wyrazi\u0107 te relacje.<\/p>\n\n\n\n<h3 class=\"wp-block-heading\" id=\"h-11-adverbs\">11. Przys\u0142\u00f3wki:<\/h3>\n\n\n\n<p>Przys\u0142\u00f3wki w j\u0119zyku odijskim modyfikuj\u0105 czasowniki, przymiotniki lub inne przys\u0142\u00f3wki. Dostarczaj\u0105 informacji o sposobie, miejscu, czasie, stopniu i nie tylko, a tak\u017ce s\u0105 rozmieszczone zgodnie z naciskiem i przep\u0142ywem zda\u0144.<\/p>\n\n\n\n<h3 class=\"wp-block-heading\" id=\"h-12-prepositions\">12. Przyimki:<\/h3>\n\n\n\n<p>Odia g\u0142\u00f3wnie u\u017cywa postpozycji, kt\u00f3re nast\u0119puj\u0105 po rzeczownikach, do kt\u00f3rych si\u0119 odnosz\u0105. \u0141\u0105cz\u0105 ze sob\u0105 s\u0142owa i frazy i wyra\u017caj\u0105 relacje czasu, miejsca, kierunku, \u017ar\u00f3d\u0142a i celu, takie jak -re w lub at, -ku to, -ru od i b\u00f3l dla.<\/p>\n\n\n\n<h3 class=\"wp-block-heading\" id=\"h-13-sentences\">13. Zdania:<\/h3>\n\n\n\n<p>Na koniec po\u0107wicz konstruowanie zda\u0144. Odia zazwyczaj pod\u0105\u017ca za kolejno\u015bci\u0105 czasownik\u00f3w wed\u0142ug podmiotu i dope\u0142nienia. B\u0119dzie to polega\u0142o na wykorzystaniu wszystkich wcze\u015bniej poznanych punkt\u00f3w gramatycznych w kontek\u015bcie, w tym wzorc\u00f3w zgodno\u015bci i wsp\u00f3lnych form negacji, co zapewni kompleksowe zrozumienie j\u0119zyka odia.<\/p>\n<\/div><\/div>\n\r\n<section class=\"learnNavigationSection\">\r\n            \r\n        <a href=\"https:\/\/talkpal.ai\/pl\/naucz-sie-oriya\/\">\r\n            <div class=\"learnNavigationWrapper\">\r\n                <div class=\"learnNavigationContent\">\r\n                    <img decoding=\"async\" src=\"https:\/\/talkpal.ai\/wp-content\/uploads\/2025\/11\/Oriya.png\" alt=\"Indian Simplified Flag\">\r\n                    <div>\r\n                        <h4>O Odia Learning<\/h4>\r\n                        <p>Dowiedz si\u0119 wszystkiego o gramatyce odia.<\/p>\r\n                    <\/div>\r\n                <\/div>\r\n            <\/div>\r\n        <\/a>\r\n\r\n        \r\n        <a href=\"https:\/\/talkpal.ai\/pl\/gramatyka-oriya\/\">\r\n            <div class=\"learnNavigationWrapper\">\r\n                <div class=\"learnNavigationContent\">\r\n                    <img decoding=\"async\" src=\"https:\/\/talkpal.ai\/wp-content\/uploads\/2025\/11\/Oriya.png\" alt=\"Indian Simplified Flag\">\r\n                    <div>\r\n                        <h4>Lekcje gramatyki odii<\/h4>\r\n                        <p>\u0106wicz gramatyk\u0119 odia.<\/p>\r\n                    <\/div>\r\n                <\/div>\r\n            <\/div>\r\n        <\/a>\r\n\r\n            <\/section>","protected":false},"excerpt":{"rendered":"<p>Tematy gramatyki odia Nauka nowego j\u0119zyka mo\u017ce by\u0107 trudnym, ale satysfakcjonuj\u0105cym przedsi\u0119wzi\u0119ciem. Odia, j\u0119zyk indoaryjski u\u017cywany g\u0142\u00f3wnie w indyjskim stanie Odisha, nie jest wyj\u0105tkiem. Nauka odia, z w\u0142asnymi cechami i strukturami, wymaga systematycznego podej\u015bcia do zrozumienia jego gramatyki. Ten przewodnik przedstawia kluczowe obszary gramatyki odii w logicznej kolejno\u015bci nauki j\u0119zyk\u00f3w, zaczynaj\u0105c od podstaw, takich jak [&hellip;]<\/p>\n","protected":false},"author":20,"featured_media":0,"parent":0,"menu_order":0,"comment_status":"closed","ping_status":"closed","template":"LearningContentPage.php","meta":{"_acf_changed":false,"footnotes":""},"class_list":["post-1476888","page","type-page","status-publish","hentry"],"acf":[],"yoast_head":"<!-- This site is optimized with the Yoast SEO Premium plugin v27.2 (Yoast SEO v27.2) - https:\/\/yoast.com\/product\/yoast-seo-premium-wordpress\/ -->\n<title>\u0106wiczenia gramatyczne odia - Talkpal<\/title>\n<meta name=\"description\" content=\"Opanuj gramatyk\u0119 j\u0119zyka odia dzi\u0119ki interaktywnym \u0107wiczeniom, kt\u00f3re pomog\u0105 Ci skutecznie poprawi\u0107 umiej\u0119tno\u015bci j\u0119zykowe i p\u0142ynno\u015b\u0107.\" \/>\n<meta name=\"robots\" content=\"index, follow, max-snippet:-1, max-image-preview:large, max-video-preview:-1\" \/>\n<link rel=\"canonical\" href=\"https:\/\/talkpal.ai\/pl\/cwiczenia-gramatyczne-oriya\/\" \/>\n<meta property=\"og:locale\" content=\"pl_PL\" \/>\n<meta property=\"og:type\" content=\"article\" \/>\n<meta property=\"og:title\" content=\"\u0106wiczenia gramatyczne odia\" \/>\n<meta property=\"og:description\" content=\"Tematy gramatyki odia Nauka nowego j\u0119zyka mo\u017ce by\u0107 trudnym, ale satysfakcjonuj\u0105cym przedsi\u0119wzi\u0119ciem. Odia, j\u0119zyk indoaryjski u\u017cywany g\u0142\u00f3wnie w indyjskim\" \/>\n<meta property=\"og:url\" content=\"https:\/\/talkpal.ai\/pl\/cwiczenia-gramatyczne-oriya\/\" \/>\n<meta property=\"og:site_name\" content=\"Talkpal\" \/>\n<meta property=\"article:publisher\" content=\"https:\/\/www.facebook.com\/profile.php?id=100090733639311\" \/>\n<meta property=\"article:modified_time\" content=\"2025-12-30T11:51:57+00:00\" \/>\n<meta property=\"og:image\" content=\"https:\/\/talkpal.ai\/wp-content\/uploads\/2025\/02\/Progress-tab-16_9.png\" \/>\n\t<meta property=\"og:image:width\" content=\"2880\" \/>\n\t<meta property=\"og:image:height\" content=\"1620\" \/>\n\t<meta property=\"og:image:type\" content=\"image\/png\" \/>\n<meta name=\"twitter:card\" content=\"summary_large_image\" \/>\n<meta name=\"twitter:site\" content=\"@talkpalai\" \/>\n<meta name=\"twitter:label1\" content=\"Szacowany czas czytania\" \/>\n\t<meta name=\"twitter:data1\" content=\"4 minuty\" \/>\n<script type=\"application\/ld+json\" class=\"yoast-schema-graph\">{\"@context\":\"https:\/\/schema.org\",\"@graph\":[{\"@type\":\"WebPage\",\"@id\":\"https:\/\/talkpal.ai\/pl\/cwiczenia-gramatyczne-oriya\/\",\"url\":\"https:\/\/talkpal.ai\/pl\/cwiczenia-gramatyczne-oriya\/\",\"name\":\"\u0106wiczenia gramatyczne odia - Talkpal\",\"isPartOf\":{\"@id\":\"https:\/\/talkpal.ai\/pl\/#website\"},\"datePublished\":\"2025-11-12T16:09:11+00:00\",\"dateModified\":\"2025-12-30T11:51:57+00:00\",\"description\":\"Opanuj gramatyk\u0119 j\u0119zyka odia dzi\u0119ki interaktywnym \u0107wiczeniom, kt\u00f3re pomog\u0105 Ci skutecznie poprawi\u0107 umiej\u0119tno\u015bci j\u0119zykowe i p\u0142ynno\u015b\u0107.\",\"breadcrumb\":{\"@id\":\"https:\/\/talkpal.ai\/pl\/cwiczenia-gramatyczne-oriya\/#breadcrumb\"},\"inLanguage\":\"pl-PL\",\"potentialAction\":[{\"@type\":\"ReadAction\",\"target\":[\"https:\/\/talkpal.ai\/pl\/cwiczenia-gramatyczne-oriya\/\"]}]},{\"@type\":\"BreadcrumbList\",\"@id\":\"https:\/\/talkpal.ai\/pl\/cwiczenia-gramatyczne-oriya\/#breadcrumb\",\"itemListElement\":[{\"@type\":\"ListItem\",\"position\":1,\"name\":\"Homepage\",\"item\":\"https:\/\/talkpal.ai\/pl\/\"},{\"@type\":\"ListItem\",\"position\":2,\"name\":\"\u0106wiczenia gramatyczne odia\"}]},{\"@type\":\"WebSite\",\"@id\":\"https:\/\/talkpal.ai\/pl\/#website\",\"url\":\"https:\/\/talkpal.ai\/pl\/\",\"name\":\"Talkpal\",\"description\":\"AI Language Learning\",\"publisher\":{\"@id\":\"https:\/\/talkpal.ai\/pl\/#organization\"},\"alternateName\":\"Talkpal AI\",\"potentialAction\":[{\"@type\":\"SearchAction\",\"target\":{\"@type\":\"EntryPoint\",\"urlTemplate\":\"https:\/\/talkpal.ai\/pl\/?s={search_term_string}\"},\"query-input\":{\"@type\":\"PropertyValueSpecification\",\"valueRequired\":true,\"valueName\":\"search_term_string\"}}],\"inLanguage\":\"pl-PL\"},{\"@type\":\"Organization\",\"@id\":\"https:\/\/talkpal.ai\/pl\/#organization\",\"name\":\"Talkpal, Inc.\",\"alternateName\":\"Talkpal AI\",\"url\":\"https:\/\/talkpal.ai\/pl\/\",\"logo\":{\"@type\":\"ImageObject\",\"inLanguage\":\"pl-PL\",\"@id\":\"https:\/\/talkpal.ai\/pl\/#\/schema\/logo\/image\/\",\"url\":\"https:\/\/talkpal.ai\/wp-content\/uploads\/2024\/03\/Talkpal-Logo-Icon.png\",\"contentUrl\":\"https:\/\/talkpal.ai\/wp-content\/uploads\/2024\/03\/Talkpal-Logo-Icon.png\",\"width\":2880,\"height\":2880,\"caption\":\"Talkpal, Inc.\"},\"image\":{\"@id\":\"https:\/\/talkpal.ai\/pl\/#\/schema\/logo\/image\/\"},\"sameAs\":[\"https:\/\/www.facebook.com\/profile.php?id=100090733639311\",\"https:\/\/x.com\/talkpalai\",\"https:\/\/www.linkedin.com\/company\/talkpal\/\",\"https:\/\/www.youtube.com\/@TalkPal\/\",\"https:\/\/www.tiktok.com\/@talkpal\",\"https:\/\/www.instagram.com\/talkpal_ai\/\",\"https:\/\/www.crunchbase.com\/organization\/talkpal-9cde\",\"https:\/\/www.g2.com\/products\/talkpal-for-business\/\",\"https:\/\/www.trustpilot.com\/review\/talkpal.ai\",\"https:\/\/www.capterra.com\/p\/10006800\/TalkPal\/\"],\"description\":\"Talkpal is a language learning web and mobile education app, powered by the latest AI technologies, that provides engaging experiences to its customers in many different languages to help them improve their language skills. Users can chat about unlimited amount of topics with the app and use other modes to practice their language learning.\",\"email\":\"support@talkpal.ai\",\"legalName\":\"Talkpal, Inc.\",\"foundingDate\":\"2023-04-03\",\"duns\":\"118989042\",\"numberOfEmployees\":{\"@type\":\"QuantitativeValue\",\"minValue\":\"11\",\"maxValue\":\"50\"},\"publishingPrinciples\":\"https:\/\/talkpal.ai\/publishing-principles\/\",\"actionableFeedbackPolicy\":\"https:\/\/talkpal.ai\/actionable-feedback-policy\/\",\"correctionsPolicy\":\"https:\/\/talkpal.ai\/corrections-policy\/\",\"ethicsPolicy\":\"https:\/\/talkpal.ai\/ethics-policy\/\",\"diversityPolicy\":\"https:\/\/talkpal.ai\/diversity-policy\/\",\"diversityStaffingReport\":\"https:\/\/talkpal.ai\/diversity-policy\/\"}]}<\/script>\n<!-- \/ Yoast SEO Premium plugin. -->","yoast_head_json":{"title":"\u0106wiczenia gramatyczne odia - Talkpal","description":"Opanuj gramatyk\u0119 j\u0119zyka odia dzi\u0119ki interaktywnym \u0107wiczeniom, kt\u00f3re pomog\u0105 Ci skutecznie poprawi\u0107 umiej\u0119tno\u015bci j\u0119zykowe i p\u0142ynno\u015b\u0107.","robots":{"index":"index","follow":"follow","max-snippet":"max-snippet:-1","max-image-preview":"max-image-preview:large","max-video-preview":"max-video-preview:-1"},"canonical":"https:\/\/talkpal.ai\/pl\/cwiczenia-gramatyczne-oriya\/","og_locale":"pl_PL","og_type":"article","og_title":"\u0106wiczenia gramatyczne odia","og_description":"Tematy gramatyki odia Nauka nowego j\u0119zyka mo\u017ce by\u0107 trudnym, ale satysfakcjonuj\u0105cym przedsi\u0119wzi\u0119ciem. Odia, j\u0119zyk indoaryjski u\u017cywany g\u0142\u00f3wnie w indyjskim","og_url":"https:\/\/talkpal.ai\/pl\/cwiczenia-gramatyczne-oriya\/","og_site_name":"Talkpal","article_publisher":"https:\/\/www.facebook.com\/profile.php?id=100090733639311","article_modified_time":"2025-12-30T11:51:57+00:00","og_image":[{"width":2880,"height":1620,"url":"https:\/\/talkpal.ai\/wp-content\/uploads\/2025\/02\/Progress-tab-16_9.png","type":"image\/png"}],"twitter_card":"summary_large_image","twitter_site":"@talkpalai","twitter_misc":{"Szacowany czas czytania":"4 minuty"},"schema":{"@context":"https:\/\/schema.org","@graph":[{"@type":"WebPage","@id":"https:\/\/talkpal.ai\/pl\/cwiczenia-gramatyczne-oriya\/","url":"https:\/\/talkpal.ai\/pl\/cwiczenia-gramatyczne-oriya\/","name":"\u0106wiczenia gramatyczne odia - Talkpal","isPartOf":{"@id":"https:\/\/talkpal.ai\/pl\/#website"},"datePublished":"2025-11-12T16:09:11+00:00","dateModified":"2025-12-30T11:51:57+00:00","description":"Opanuj gramatyk\u0119 j\u0119zyka odia dzi\u0119ki interaktywnym \u0107wiczeniom, kt\u00f3re pomog\u0105 Ci skutecznie poprawi\u0107 umiej\u0119tno\u015bci j\u0119zykowe i p\u0142ynno\u015b\u0107.","breadcrumb":{"@id":"https:\/\/talkpal.ai\/pl\/cwiczenia-gramatyczne-oriya\/#breadcrumb"},"inLanguage":"pl-PL","potentialAction":[{"@type":"ReadAction","target":["https:\/\/talkpal.ai\/pl\/cwiczenia-gramatyczne-oriya\/"]}]},{"@type":"BreadcrumbList","@id":"https:\/\/talkpal.ai\/pl\/cwiczenia-gramatyczne-oriya\/#breadcrumb","itemListElement":[{"@type":"ListItem","position":1,"name":"Homepage","item":"https:\/\/talkpal.ai\/pl\/"},{"@type":"ListItem","position":2,"name":"\u0106wiczenia gramatyczne odia"}]},{"@type":"WebSite","@id":"https:\/\/talkpal.ai\/pl\/#website","url":"https:\/\/talkpal.ai\/pl\/","name":"Talkpal","description":"AI Language Learning","publisher":{"@id":"https:\/\/talkpal.ai\/pl\/#organization"},"alternateName":"Talkpal AI","potentialAction":[{"@type":"SearchAction","target":{"@type":"EntryPoint","urlTemplate":"https:\/\/talkpal.ai\/pl\/?s={search_term_string}"},"query-input":{"@type":"PropertyValueSpecification","valueRequired":true,"valueName":"search_term_string"}}],"inLanguage":"pl-PL"},{"@type":"Organization","@id":"https:\/\/talkpal.ai\/pl\/#organization","name":"Talkpal, Inc.","alternateName":"Talkpal AI","url":"https:\/\/talkpal.ai\/pl\/","logo":{"@type":"ImageObject","inLanguage":"pl-PL","@id":"https:\/\/talkpal.ai\/pl\/#\/schema\/logo\/image\/","url":"https:\/\/talkpal.ai\/wp-content\/uploads\/2024\/03\/Talkpal-Logo-Icon.png","contentUrl":"https:\/\/talkpal.ai\/wp-content\/uploads\/2024\/03\/Talkpal-Logo-Icon.png","width":2880,"height":2880,"caption":"Talkpal, Inc."},"image":{"@id":"https:\/\/talkpal.ai\/pl\/#\/schema\/logo\/image\/"},"sameAs":["https:\/\/www.facebook.com\/profile.php?id=100090733639311","https:\/\/x.com\/talkpalai","https:\/\/www.linkedin.com\/company\/talkpal\/","https:\/\/www.youtube.com\/@TalkPal\/","https:\/\/www.tiktok.com\/@talkpal","https:\/\/www.instagram.com\/talkpal_ai\/","https:\/\/www.crunchbase.com\/organization\/talkpal-9cde","https:\/\/www.g2.com\/products\/talkpal-for-business\/","https:\/\/www.trustpilot.com\/review\/talkpal.ai","https:\/\/www.capterra.com\/p\/10006800\/TalkPal\/"],"description":"Talkpal is a language learning web and mobile education app, powered by the latest AI technologies, that provides engaging experiences to its customers in many different languages to help them improve their language skills. Users can chat about unlimited amount of topics with the app and use other modes to practice their language learning.","email":"support@talkpal.ai","legalName":"Talkpal, Inc.","foundingDate":"2023-04-03","duns":"118989042","numberOfEmployees":{"@type":"QuantitativeValue","minValue":"11","maxValue":"50"},"publishingPrinciples":"https:\/\/talkpal.ai\/publishing-principles\/","actionableFeedbackPolicy":"https:\/\/talkpal.ai\/actionable-feedback-policy\/","correctionsPolicy":"https:\/\/talkpal.ai\/corrections-policy\/","ethicsPolicy":"https:\/\/talkpal.ai\/ethics-policy\/","diversityPolicy":"https:\/\/talkpal.ai\/diversity-policy\/","diversityStaffingReport":"https:\/\/talkpal.ai\/diversity-policy\/"}]}},"_links":{"self":[{"href":"https:\/\/talkpal.ai\/pl\/wp-json\/wp\/v2\/pages\/1476888","targetHints":{"allow":["GET"]}}],"collection":[{"href":"https:\/\/talkpal.ai\/pl\/wp-json\/wp\/v2\/pages"}],"about":[{"href":"https:\/\/talkpal.ai\/pl\/wp-json\/wp\/v2\/types\/page"}],"author":[{"embeddable":true,"href":"https:\/\/talkpal.ai\/pl\/wp-json\/wp\/v2\/users\/20"}],"replies":[{"embeddable":true,"href":"https:\/\/talkpal.ai\/pl\/wp-json\/wp\/v2\/comments?post=1476888"}],"version-history":[{"count":0,"href":"https:\/\/talkpal.ai\/pl\/wp-json\/wp\/v2\/pages\/1476888\/revisions"}],"wp:attachment":[{"href":"https:\/\/talkpal.ai\/pl\/wp-json\/wp\/v2\/media?parent=1476888"}],"curies":[{"name":"wp","href":"https:\/\/api.w.org\/{rel}","templated":true}]}}