{"id":147673,"date":"2023-05-14T14:12:25","date_gmt":"2023-05-14T14:12:25","guid":{"rendered":"http:\/\/talkpal.ai\/gramatyka-maoryska\/"},"modified":"2025-12-17T16:44:08","modified_gmt":"2025-12-17T16:44:08","slug":"gramatyka-maoryska","status":"publish","type":"page","link":"https:\/\/talkpal.ai\/pl\/gramatyka-maoryska\/","title":{"rendered":"Gramatyka maoryska"},"content":{"rendered":"\r\n\r\n\r\n<section class=\"languageChallengeSection\">\r\n    <div class=\"languageInfoWrapper\">\r\n        \r\n        <h1>Gramatyka maoryska<\/h1>\r\n        <p>Chcesz nauczy\u0107 si\u0119 j\u0119zyka <a href=\"https:\/\/talkpal.ai\/learn-maori\/\">maori<\/a>? Zag\u0142\u0119b si\u0119 w gramatyk\u0119 maorysk\u0105, znan\u0105 z prostoty, u\u017cycia partyku\u0142 i wa\u017cnej roli cz\u0105stek w kszta\u0142towaniu znaczenia. Zacznij ju\u017c dzi\u015b &#8211; opanowanie gramatyki maoryskiej pomo\u017ce Ci g\u0142\u0119biej po\u0142\u0105czy\u0107 si\u0119 z bogatym dziedzictwem tego j\u0119zyka i t\u0119tni\u0105c\u0105 \u017cyciem kultur\u0105 Aotearoa w Nowej Zelandii!<\/p>\r\n\r\n                            <a class=\"getStartedHidden\" href=\"https:\/\/app.talkpal.ai\/pl\/signup?lng=\">Zaczynaj<\/a>\r\n        \r\n    <\/div>\r\n\r\n    <figure>\r\n    <img decoding=\"async\" width=\"768\" height=\"768\" src=\"https:\/\/talkpal.ai\/wp-content\/uploads\/2023\/06\/maori-768x768.png\" class=\"languageImage no-lazy\" alt=\"Language learning for social and professional settings\" fetchpriority=\"high\" sizes=\"(max-width: 768px) 150px, 768px\" srcset=\"https:\/\/talkpal.ai\/wp-content\/uploads\/2023\/06\/maori-768x768.png 768w, https:\/\/talkpal.ai\/wp-content\/uploads\/2023\/06\/maori-300x300.png 300w\" \/>\r\n    \r\n\r\n    <\/figure>\r\n\r\n            <a class=\"getStartedVisible\" href=\"https:\/\/app.talkpal.ai\/pl\/signup?lng=\">Zaczynaj<\/a>\r\n    \r\n<\/section>\r\n<section class=\"promotionalBanner\">\r\n    <p class=\"promotionalText\">Najbardziej efektywny spos\u00f3b nauki j\u0119zyka<\/p>\r\n    <a class=\"promotionalLink\" href=\"https:\/\/app.talkpal.ai\/pl\/signup?lng=\">Wypr\u00f3buj Talkpal za darmo<\/a>\r\n<\/section>\n<div class=\"wp-block-group pageContainerStyle\"><div class=\"wp-block-group__inner-container is-layout-constrained wp-block-group-is-layout-constrained\">\n<h2 class=\"wp-block-heading\" id=\"h-maori-grammar-your-ticket-to-a-vibrant-bicultural-world\">Gramatyka maoryska: Twoja przepustka do t\u0119tni\u0105cego \u017cyciem dwukulturowego \u015bwiata<\/h2>\n\n\n\n<p><a href=\"https:\/\/talkpal.ai\/culture\/how-do-you-say-lets-go-in-maori\/\">Kia ora<\/a>! Witamy we wspania\u0142ym <a href=\"https:\/\/talkpal.ai\/locations\/language-courses-in-swiecie\/\">\u015bwiecie<\/a> j\u0119zyka Maorys\u00f3w. Jako rdzenny j\u0119zyk Nowej Zelandii, <a href=\"https:\/\/talkpal.ai\/learn-maori\/\">maoryski<\/a> lub te reo maori oferuje wyj\u0105tkow\u0105 okazj\u0119 do nawi\u0105zania <a href=\"https:\/\/talkpal.ai\/contact\/\">kontaktu<\/a> ze staro\u017cytn\u0105 kultur\u0105 i jej t\u0119tni\u0105c\u0105 \u017cyciem spo\u0142eczno\u015bci\u0105 m\u00f3wc\u00f3w. Jak ka\u017cdy j\u0119zyk, <a href=\"https:\/\/talkpal.ai\/maori-grammar\/\">gramatyka maoryska<\/a> mo\u017ce wydawa\u0107 si\u0119 trudna, ale nie martw si\u0119! Ten przyjazny dla pocz\u0105tkuj\u0105cych przewodnik upro\u015bci podstawowe elementy gramatyki maoryskiej, zapewniaj\u0105c wizualnie wci\u0105gaj\u0105c\u0105 i pouczaj\u0105c\u0105 podr\u00f3\u017c.<\/p>\n\n\n\n<h3 class=\"wp-block-heading\" id=\"h-1-starting-with-the-basics-maori-alphabet-and-pronunciation\">1. Zaczynaj\u0105c od podstaw: alfabet maoryski i wymowa<\/h3>\n\n\n\n<p>W j\u0119zyku maoryskim u\u017cywa si\u0119 zmodyfikowanego pisma \u0142aci\u0144skiego, sk\u0142adaj\u0105cego si\u0119 z zaledwie 15 liter: pi\u0119ciu samog\u0142osek (a, e, i, o i u) oraz dziesi\u0119ciu sp\u00f3\u0142g\u0142osek (h, k, m, n, p, r, t, w, ng i wh). Zapoznaj si\u0119 z tymi literami i ich odmienn\u0105 wymow\u0105, poniewa\u017c k\u0142ad\u0105 one podwaliny pod ca\u0142\u0105 p\u00f3\u017aniejsz\u0105 nauk\u0119 gramatyki maoryskiej.<\/p>\n\n\n\n<h3 class=\"wp-block-heading\" id=\"h-2-exploring-maori-sentence-structure\">2. Odkrywanie maoryskiej struktury zda\u0144<\/h3>\n\n\n\n<p>W swojej istocie <a href=\"https:\/\/talkpal.ai\/maori-grammar\/\">gramatyka maoryska<\/a> ma prost\u0105 struktur\u0119 podmiot-czasownik (-dope\u0142nienie), przy czym czasownik zazwyczaj poprzedza podmiot. Najprostszym sposobem zrozumienia tej struktury jest zobaczenie jej w akcji:<\/p>\n\n\n\n<p><strong>J\u0119zyk angielski: Dziecko si\u0119 bawi.<\/strong><\/p>\n\n\n\n<p><strong>Maorysi: Kei te t\u0101karo te tamaiti.<\/strong><\/p>\n\n\n\n<p>W j\u0119zyku maoryskim czas czasownika jest wskazywany za pomoc\u0105 kombinacji cz\u0105stek lub poprzez dodanie wska\u017anika czasu do zdania.<\/p>\n\n\n\n<h3 class=\"wp-block-heading\" id=\"h-3-demystifying-particles-building-blocks-of-maori-grammar\">3. Demistyfikacja cz\u0105stek: elementy sk\u0142adowe gramatyki maoryskiej<\/h3>\n\n\n\n<p>Partyku\u0142y odgrywaj\u0105 kluczow\u0105 rol\u0119 w gramatyce maoryskiej, \u0142\u0105cz\u0105c ze sob\u0105 s\u0142owa i frazy, tworz\u0105c sp\u00f3jne i wyraziste zdania. Jako pocz\u0105tkuj\u0105cy skup si\u0119 na zrozumieniu kilku podstawowych cz\u0105stek:<\/p>\n\n\n\n<p><strong>&#8211; Kia: u\u017cywany do wydawania polece\u0144, \u017cycze\u0144 i wskazywania celu dzia\u0142ania.<\/strong><\/p>\n\n\n\n<p><strong>&#8211; Kei: u\u017cywany do tworzenia czasu ci\u0105g\u0142ego.<\/strong><\/p>\n\n\n\n<p><strong>&#8211; Ko: u\u017cywany do sygnalizowania podmiotu zdania.<\/strong><\/p>\n\n\n\n<h3 class=\"wp-block-heading\" id=\"h-4-getting-to-know-maori-pronouns\">4. Poznawanie zaimk\u00f3w maoryskich<\/h3>\n\n\n\n<p>Zaimki w j\u0119zyku maoryskim zast\u0119puj\u0105 rzeczowniki i pomagaj\u0105 zachowa\u0107 naturalne i p\u0142ynne rozmowy. Jako pocz\u0105tkuj\u0105cy skoncentruj si\u0119 na zrozumieniu zaimk\u00f3w osobowych i dzier\u017cawczych:<\/p>\n\n\n\n<p>Zaimki osobowe: ahau (ja), koe (ty, liczba pojedyncza), ia (on\/ona), t\u0101ua (my, w tym osoba, do kt\u00f3rej si\u0119 m\u00f3wi), m\u0101ua (my, z wy\u0142\u0105czeniem osoby, do kt\u00f3rej si\u0119 m\u00f3wi), koutou (ty, liczba mnoga), r\u0101tau (oni)<\/p>\n\n\n\n<p>Zaimki dzier\u017cawcze: taku\/t\u014dku (m\u00f3j), t\u014du (tw\u00f3j, liczba pojedyncza), t\u014dna (jego\/jej), t\u014d t\u0101ua (nasz, w tym m\u00f3wi\u0105cy i s\u0142uchacz), t\u014d m\u0101ua (nasz, m\u00f3wi\u0105cy i kto\u015b inny), t\u014d koutou (tw\u00f3j, liczba mnoga), t\u014d r\u0101tau (ich)<\/p>\n\n\n\n<h3 class=\"wp-block-heading\" id=\"h-5-navigating-maori-nouns-and-adjectives\">5. Poruszanie si\u0119 po rzeczownikach i przymiotnikach maoryskich<\/h3>\n\n\n\n<p>Rzeczowniki i przymiotniki maoryskie s\u0105 zgodne z prostymi regu\u0142ami gramatycznymi, dzi\u0119ki czemu s\u0105 \u0142atwe do zrozumienia dla pocz\u0105tkuj\u0105cych. Przymiotniki zazwyczaj nast\u0119puj\u0105 po rzeczowniku, kt\u00f3ry opisuj\u0105, a liczba mnoga rzeczownik\u00f3w wymaga po prostu dodania cz\u0105stki &#8222;ng\u0101&#8221; przed rzeczownikiem. Na przyk\u0142ad:<\/p>\n\n\n\n<p><strong>Te whare nui &#8211; &#8222;du\u017cy dom&#8221;<\/strong><\/p>\n\n\n\n<p><strong>Ng\u0101 tamariki &#8211; &#8222;dzieci&#8221;<\/strong><\/p>\n\n\n\n<p>Masz to! Podj\u0105\u0142e\u015b pierwsze kroki w kierunku opanowania gramatyki maoryskiej i wzbogacenia swojej podr\u00f3\u017cy o j\u0119zyk i kultur\u0119 Maorys\u00f3w. Pami\u0119taj, \u017ce praktyka, wytrwa\u0142o\u015b\u0107 i zanurzenie s\u0105 niezb\u0119dne do osi\u0105gni\u0119cia sukcesu, wi\u0119c nawi\u0105\u017c kontakt z native speakerami, odkrywaj teksty maoryskie i wzmocnij swoje podstawy j\u0119zykowe. Kia kaha! (B\u0105d\u017a silny!)<\/p>\n<\/div><\/div>\n\r\n<section class=\"learnNavigationSection\">\r\n            \r\n        <a href=\"https:\/\/talkpal.ai\/pl\/naucz-sie-maoryskiego\/\">\r\n            <div class=\"learnNavigationWrapper\">\r\n                <div class=\"learnNavigationContent\">\r\n                    <img decoding=\"async\" src=\"https:\/\/talkpal.ai\/wp-content\/uploads\/2024\/08\/Maori.jpg\" alt=\"New Zealand Flag\">\r\n                    <div>\r\n                        <h4>Lekcje gramatyki maoryskiej<\/h4>\r\n                        <p>Dowiedz si\u0119 wszystkiego o gramatyce maoryskiej.<\/p>\r\n                    <\/div>\r\n                <\/div>\r\n            <\/div>\r\n        <\/a>\r\n\r\n        \r\n        <a href=\"https:\/\/talkpal.ai\/pl\/cwiczenia-gramatyczne-maoryskie\/\">\r\n            <div class=\"learnNavigationWrapper\">\r\n                <div class=\"learnNavigationContent\">\r\n                    <img decoding=\"async\" src=\"https:\/\/talkpal.ai\/wp-content\/uploads\/2024\/08\/Maori.jpg\" alt=\"New Zealand Flag\">\r\n                    <div>\r\n                        <h4>\u0106wiczenie z gramatyki maoryskiej<\/h4>\r\n                        <p>\u0106wicz gramatyk\u0119 maorysk\u0105.<\/p>\r\n                    <\/div>\r\n                <\/div>\r\n            <\/div>\r\n        <\/a>\r\n\r\n        \r\n        <a href=\"https:\/\/talkpal.ai\/vocabulary_language\/maori\/\">\r\n            <div class=\"learnNavigationWrapper\">\r\n                <div class=\"learnNavigationContent\">\r\n                    <img decoding=\"async\" src=\"https:\/\/talkpal.ai\/wp-content\/uploads\/2024\/08\/Maori.jpg\" alt=\"New Zealand Flag\">\r\n                    <div>\r\n                        <h4>S\u0142ownictwo maoryskie<\/h4>\r\n                        <p>Poszerz swoje maoryskie s\u0142ownictwo.<\/p>\r\n                    <\/div>\r\n                <\/div>\r\n            <\/div>\r\n        <\/a>\r\n\r\n            <\/section>","protected":false},"excerpt":{"rendered":"<p>Gramatyka maoryska: Twoja przepustka do t\u0119tni\u0105cego \u017cyciem dwukulturowego \u015bwiata Kia ora! Witamy we wspania\u0142ym \u015bwiecie j\u0119zyka Maorys\u00f3w. Jako rdzenny j\u0119zyk Nowej Zelandii, maoryski lub te reo maori oferuje wyj\u0105tkow\u0105 okazj\u0119 do nawi\u0105zania kontaktu ze staro\u017cytn\u0105 kultur\u0105 i jej t\u0119tni\u0105c\u0105 \u017cyciem spo\u0142eczno\u015bci\u0105 m\u00f3wc\u00f3w. Jak ka\u017cdy j\u0119zyk, gramatyka maoryska mo\u017ce wydawa\u0107 si\u0119 trudna, ale nie martw si\u0119! [&hellip;]<\/p>\n","protected":false},"author":1,"featured_media":116690,"parent":0,"menu_order":0,"comment_status":"closed","ping_status":"closed","template":"LearningContentPage.php","meta":{"_acf_changed":false,"footnotes":""},"class_list":["post-147673","page","type-page","status-publish","has-post-thumbnail","hentry"],"acf":[],"yoast_head":"<!-- This site is optimized with the Yoast SEO Premium plugin v27.2 (Yoast SEO v27.2) - https:\/\/yoast.com\/product\/yoast-seo-premium-wordpress\/ -->\n<title>Gramatyka maoryska - Talkpal<\/title>\n<meta name=\"description\" content=\"Poznaj podstawy gramatyki maoryskiej z naszym przyjaznym dla pocz\u0105tkuj\u0105cych przewodnikiem. Odkryj 15 liter i podstawowych zasad te reo maoryskiego.\" \/>\n<meta name=\"robots\" content=\"index, follow, max-snippet:-1, max-image-preview:large, max-video-preview:-1\" \/>\n<link rel=\"canonical\" href=\"https:\/\/talkpal.ai\/pl\/gramatyka-maoryska\/\" \/>\n<meta property=\"og:locale\" content=\"pl_PL\" \/>\n<meta property=\"og:type\" content=\"article\" \/>\n<meta property=\"og:title\" content=\"Gramatyka maoryska\" \/>\n<meta property=\"og:description\" content=\"Gramatyka maoryska: Twoja przepustka do t\u0119tni\u0105cego \u017cyciem dwukulturowego \u015bwiata Kia ora! Witamy we wspania\u0142ym \u015bwiecie j\u0119zyka Maorys\u00f3w. Jako rdzenny j\u0119zyk\" \/>\n<meta property=\"og:url\" content=\"https:\/\/talkpal.ai\/pl\/gramatyka-maoryska\/\" \/>\n<meta property=\"og:site_name\" content=\"Talkpal\" \/>\n<meta property=\"article:publisher\" content=\"https:\/\/www.facebook.com\/profile.php?id=100090733639311\" \/>\n<meta property=\"article:modified_time\" content=\"2025-12-17T16:44:08+00:00\" \/>\n<meta property=\"og:image\" content=\"https:\/\/talkpal.ai\/wp-content\/uploads\/2023\/05\/Maori-new-zealand.png\" \/>\n\t<meta property=\"og:image:width\" content=\"512\" \/>\n\t<meta property=\"og:image:height\" content=\"512\" \/>\n\t<meta property=\"og:image:type\" content=\"image\/png\" \/>\n<meta name=\"twitter:card\" content=\"summary_large_image\" \/>\n<meta name=\"twitter:site\" content=\"@talkpalai\" \/>\n<meta name=\"twitter:label1\" content=\"Szacowany czas czytania\" \/>\n\t<meta name=\"twitter:data1\" content=\"3 minuty\" \/>\n<script type=\"application\/ld+json\" class=\"yoast-schema-graph\">{\"@context\":\"https:\/\/schema.org\",\"@graph\":[{\"@type\":\"WebPage\",\"@id\":\"https:\/\/talkpal.ai\/pl\/gramatyka-maoryska\/\",\"url\":\"https:\/\/talkpal.ai\/pl\/gramatyka-maoryska\/\",\"name\":\"Gramatyka maoryska - Talkpal\",\"isPartOf\":{\"@id\":\"https:\/\/talkpal.ai\/pl\/#website\"},\"primaryImageOfPage\":{\"@id\":\"https:\/\/talkpal.ai\/pl\/gramatyka-maoryska\/#primaryimage\"},\"image\":{\"@id\":\"https:\/\/talkpal.ai\/pl\/gramatyka-maoryska\/#primaryimage\"},\"thumbnailUrl\":\"https:\/\/talkpal.ai\/wp-content\/uploads\/2023\/05\/Maori-new-zealand.png\",\"datePublished\":\"2023-05-14T14:12:25+00:00\",\"dateModified\":\"2025-12-17T16:44:08+00:00\",\"description\":\"Poznaj podstawy gramatyki maoryskiej z naszym przyjaznym dla pocz\u0105tkuj\u0105cych przewodnikiem. Odkryj 15 liter i podstawowych zasad te reo maoryskiego.\",\"breadcrumb\":{\"@id\":\"https:\/\/talkpal.ai\/pl\/gramatyka-maoryska\/#breadcrumb\"},\"inLanguage\":\"pl-PL\",\"potentialAction\":[{\"@type\":\"ReadAction\",\"target\":[\"https:\/\/talkpal.ai\/pl\/gramatyka-maoryska\/\"]}]},{\"@type\":\"ImageObject\",\"inLanguage\":\"pl-PL\",\"@id\":\"https:\/\/talkpal.ai\/pl\/gramatyka-maoryska\/#primaryimage\",\"url\":\"https:\/\/talkpal.ai\/wp-content\/uploads\/2023\/05\/Maori-new-zealand.png\",\"contentUrl\":\"https:\/\/talkpal.ai\/wp-content\/uploads\/2023\/05\/Maori-new-zealand.png\",\"width\":512,\"height\":512},{\"@type\":\"BreadcrumbList\",\"@id\":\"https:\/\/talkpal.ai\/pl\/gramatyka-maoryska\/#breadcrumb\",\"itemListElement\":[{\"@type\":\"ListItem\",\"position\":1,\"name\":\"Homepage\",\"item\":\"https:\/\/talkpal.ai\/pl\/\"},{\"@type\":\"ListItem\",\"position\":2,\"name\":\"Gramatyka maoryska\"}]},{\"@type\":\"WebSite\",\"@id\":\"https:\/\/talkpal.ai\/pl\/#website\",\"url\":\"https:\/\/talkpal.ai\/pl\/\",\"name\":\"Talkpal\",\"description\":\"AI Language Learning\",\"publisher\":{\"@id\":\"https:\/\/talkpal.ai\/pl\/#organization\"},\"alternateName\":\"Talkpal AI\",\"potentialAction\":[{\"@type\":\"SearchAction\",\"target\":{\"@type\":\"EntryPoint\",\"urlTemplate\":\"https:\/\/talkpal.ai\/pl\/?s={search_term_string}\"},\"query-input\":{\"@type\":\"PropertyValueSpecification\",\"valueRequired\":true,\"valueName\":\"search_term_string\"}}],\"inLanguage\":\"pl-PL\"},{\"@type\":\"Organization\",\"@id\":\"https:\/\/talkpal.ai\/pl\/#organization\",\"name\":\"Talkpal, Inc.\",\"alternateName\":\"Talkpal AI\",\"url\":\"https:\/\/talkpal.ai\/pl\/\",\"logo\":{\"@type\":\"ImageObject\",\"inLanguage\":\"pl-PL\",\"@id\":\"https:\/\/talkpal.ai\/pl\/#\/schema\/logo\/image\/\",\"url\":\"https:\/\/talkpal.ai\/wp-content\/uploads\/2024\/03\/Talkpal-Logo-Icon.png\",\"contentUrl\":\"https:\/\/talkpal.ai\/wp-content\/uploads\/2024\/03\/Talkpal-Logo-Icon.png\",\"width\":2880,\"height\":2880,\"caption\":\"Talkpal, Inc.\"},\"image\":{\"@id\":\"https:\/\/talkpal.ai\/pl\/#\/schema\/logo\/image\/\"},\"sameAs\":[\"https:\/\/www.facebook.com\/profile.php?id=100090733639311\",\"https:\/\/x.com\/talkpalai\",\"https:\/\/www.linkedin.com\/company\/talkpal\/\",\"https:\/\/www.youtube.com\/@TalkPal\/\",\"https:\/\/www.tiktok.com\/@talkpal\",\"https:\/\/www.instagram.com\/talkpal_ai\/\",\"https:\/\/www.crunchbase.com\/organization\/talkpal-9cde\",\"https:\/\/www.g2.com\/products\/talkpal-for-business\/\",\"https:\/\/www.trustpilot.com\/review\/talkpal.ai\",\"https:\/\/www.capterra.com\/p\/10006800\/TalkPal\/\"],\"description\":\"Talkpal is a language learning web and mobile education app, powered by the latest AI technologies, that provides engaging experiences to its customers in many different languages to help them improve their language skills. Users can chat about unlimited amount of topics with the app and use other modes to practice their language learning.\",\"email\":\"support@talkpal.ai\",\"legalName\":\"Talkpal, Inc.\",\"foundingDate\":\"2023-04-03\",\"duns\":\"118989042\",\"numberOfEmployees\":{\"@type\":\"QuantitativeValue\",\"minValue\":\"11\",\"maxValue\":\"50\"},\"publishingPrinciples\":\"https:\/\/talkpal.ai\/publishing-principles\/\",\"actionableFeedbackPolicy\":\"https:\/\/talkpal.ai\/actionable-feedback-policy\/\",\"correctionsPolicy\":\"https:\/\/talkpal.ai\/corrections-policy\/\",\"ethicsPolicy\":\"https:\/\/talkpal.ai\/ethics-policy\/\",\"diversityPolicy\":\"https:\/\/talkpal.ai\/diversity-policy\/\",\"diversityStaffingReport\":\"https:\/\/talkpal.ai\/diversity-policy\/\"}]}<\/script>\n<!-- \/ Yoast SEO Premium plugin. -->","yoast_head_json":{"title":"Gramatyka maoryska - Talkpal","description":"Poznaj podstawy gramatyki maoryskiej z naszym przyjaznym dla pocz\u0105tkuj\u0105cych przewodnikiem. Odkryj 15 liter i podstawowych zasad te reo maoryskiego.","robots":{"index":"index","follow":"follow","max-snippet":"max-snippet:-1","max-image-preview":"max-image-preview:large","max-video-preview":"max-video-preview:-1"},"canonical":"https:\/\/talkpal.ai\/pl\/gramatyka-maoryska\/","og_locale":"pl_PL","og_type":"article","og_title":"Gramatyka maoryska","og_description":"Gramatyka maoryska: Twoja przepustka do t\u0119tni\u0105cego \u017cyciem dwukulturowego \u015bwiata Kia ora! Witamy we wspania\u0142ym \u015bwiecie j\u0119zyka Maorys\u00f3w. Jako rdzenny j\u0119zyk","og_url":"https:\/\/talkpal.ai\/pl\/gramatyka-maoryska\/","og_site_name":"Talkpal","article_publisher":"https:\/\/www.facebook.com\/profile.php?id=100090733639311","article_modified_time":"2025-12-17T16:44:08+00:00","og_image":[{"width":512,"height":512,"url":"https:\/\/talkpal.ai\/wp-content\/uploads\/2023\/05\/Maori-new-zealand.png","type":"image\/png"}],"twitter_card":"summary_large_image","twitter_site":"@talkpalai","twitter_misc":{"Szacowany czas czytania":"3 minuty"},"schema":{"@context":"https:\/\/schema.org","@graph":[{"@type":"WebPage","@id":"https:\/\/talkpal.ai\/pl\/gramatyka-maoryska\/","url":"https:\/\/talkpal.ai\/pl\/gramatyka-maoryska\/","name":"Gramatyka maoryska - Talkpal","isPartOf":{"@id":"https:\/\/talkpal.ai\/pl\/#website"},"primaryImageOfPage":{"@id":"https:\/\/talkpal.ai\/pl\/gramatyka-maoryska\/#primaryimage"},"image":{"@id":"https:\/\/talkpal.ai\/pl\/gramatyka-maoryska\/#primaryimage"},"thumbnailUrl":"https:\/\/talkpal.ai\/wp-content\/uploads\/2023\/05\/Maori-new-zealand.png","datePublished":"2023-05-14T14:12:25+00:00","dateModified":"2025-12-17T16:44:08+00:00","description":"Poznaj podstawy gramatyki maoryskiej z naszym przyjaznym dla pocz\u0105tkuj\u0105cych przewodnikiem. Odkryj 15 liter i podstawowych zasad te reo maoryskiego.","breadcrumb":{"@id":"https:\/\/talkpal.ai\/pl\/gramatyka-maoryska\/#breadcrumb"},"inLanguage":"pl-PL","potentialAction":[{"@type":"ReadAction","target":["https:\/\/talkpal.ai\/pl\/gramatyka-maoryska\/"]}]},{"@type":"ImageObject","inLanguage":"pl-PL","@id":"https:\/\/talkpal.ai\/pl\/gramatyka-maoryska\/#primaryimage","url":"https:\/\/talkpal.ai\/wp-content\/uploads\/2023\/05\/Maori-new-zealand.png","contentUrl":"https:\/\/talkpal.ai\/wp-content\/uploads\/2023\/05\/Maori-new-zealand.png","width":512,"height":512},{"@type":"BreadcrumbList","@id":"https:\/\/talkpal.ai\/pl\/gramatyka-maoryska\/#breadcrumb","itemListElement":[{"@type":"ListItem","position":1,"name":"Homepage","item":"https:\/\/talkpal.ai\/pl\/"},{"@type":"ListItem","position":2,"name":"Gramatyka maoryska"}]},{"@type":"WebSite","@id":"https:\/\/talkpal.ai\/pl\/#website","url":"https:\/\/talkpal.ai\/pl\/","name":"Talkpal","description":"AI Language Learning","publisher":{"@id":"https:\/\/talkpal.ai\/pl\/#organization"},"alternateName":"Talkpal AI","potentialAction":[{"@type":"SearchAction","target":{"@type":"EntryPoint","urlTemplate":"https:\/\/talkpal.ai\/pl\/?s={search_term_string}"},"query-input":{"@type":"PropertyValueSpecification","valueRequired":true,"valueName":"search_term_string"}}],"inLanguage":"pl-PL"},{"@type":"Organization","@id":"https:\/\/talkpal.ai\/pl\/#organization","name":"Talkpal, Inc.","alternateName":"Talkpal AI","url":"https:\/\/talkpal.ai\/pl\/","logo":{"@type":"ImageObject","inLanguage":"pl-PL","@id":"https:\/\/talkpal.ai\/pl\/#\/schema\/logo\/image\/","url":"https:\/\/talkpal.ai\/wp-content\/uploads\/2024\/03\/Talkpal-Logo-Icon.png","contentUrl":"https:\/\/talkpal.ai\/wp-content\/uploads\/2024\/03\/Talkpal-Logo-Icon.png","width":2880,"height":2880,"caption":"Talkpal, Inc."},"image":{"@id":"https:\/\/talkpal.ai\/pl\/#\/schema\/logo\/image\/"},"sameAs":["https:\/\/www.facebook.com\/profile.php?id=100090733639311","https:\/\/x.com\/talkpalai","https:\/\/www.linkedin.com\/company\/talkpal\/","https:\/\/www.youtube.com\/@TalkPal\/","https:\/\/www.tiktok.com\/@talkpal","https:\/\/www.instagram.com\/talkpal_ai\/","https:\/\/www.crunchbase.com\/organization\/talkpal-9cde","https:\/\/www.g2.com\/products\/talkpal-for-business\/","https:\/\/www.trustpilot.com\/review\/talkpal.ai","https:\/\/www.capterra.com\/p\/10006800\/TalkPal\/"],"description":"Talkpal is a language learning web and mobile education app, powered by the latest AI technologies, that provides engaging experiences to its customers in many different languages to help them improve their language skills. Users can chat about unlimited amount of topics with the app and use other modes to practice their language learning.","email":"support@talkpal.ai","legalName":"Talkpal, Inc.","foundingDate":"2023-04-03","duns":"118989042","numberOfEmployees":{"@type":"QuantitativeValue","minValue":"11","maxValue":"50"},"publishingPrinciples":"https:\/\/talkpal.ai\/publishing-principles\/","actionableFeedbackPolicy":"https:\/\/talkpal.ai\/actionable-feedback-policy\/","correctionsPolicy":"https:\/\/talkpal.ai\/corrections-policy\/","ethicsPolicy":"https:\/\/talkpal.ai\/ethics-policy\/","diversityPolicy":"https:\/\/talkpal.ai\/diversity-policy\/","diversityStaffingReport":"https:\/\/talkpal.ai\/diversity-policy\/"}]}},"_links":{"self":[{"href":"https:\/\/talkpal.ai\/pl\/wp-json\/wp\/v2\/pages\/147673","targetHints":{"allow":["GET"]}}],"collection":[{"href":"https:\/\/talkpal.ai\/pl\/wp-json\/wp\/v2\/pages"}],"about":[{"href":"https:\/\/talkpal.ai\/pl\/wp-json\/wp\/v2\/types\/page"}],"author":[{"embeddable":true,"href":"https:\/\/talkpal.ai\/pl\/wp-json\/wp\/v2\/users\/1"}],"replies":[{"embeddable":true,"href":"https:\/\/talkpal.ai\/pl\/wp-json\/wp\/v2\/comments?post=147673"}],"version-history":[{"count":0,"href":"https:\/\/talkpal.ai\/pl\/wp-json\/wp\/v2\/pages\/147673\/revisions"}],"wp:featuredmedia":[{"embeddable":true,"href":"https:\/\/talkpal.ai\/pl\/wp-json\/wp\/v2\/media\/116690"}],"wp:attachment":[{"href":"https:\/\/talkpal.ai\/pl\/wp-json\/wp\/v2\/media?parent=147673"}],"curies":[{"name":"wp","href":"https:\/\/api.w.org\/{rel}","templated":true}]}}