{"id":1476684,"date":"2025-11-11T17:01:24","date_gmt":"2025-11-11T17:01:24","guid":{"rendered":"https:\/\/talkpal.ai\/cwiczenia-gramatyczne-z-jezyka-gruzinskiego\/"},"modified":"2025-12-30T14:54:43","modified_gmt":"2025-12-30T14:54:43","slug":"cwiczenia-gramatyczne-z-jezyka-gruzinskiego","status":"publish","type":"page","link":"https:\/\/talkpal.ai\/pl\/cwiczenia-gramatyczne-z-jezyka-gruzinskiego\/","title":{"rendered":"\u0106wiczenia gramatyczne z j\u0119zyka gruzi\u0144skiego"},"content":{"rendered":"\r\n\r\n\r\n<section class=\"languageChallengeSection\">\r\n    <div class=\"languageInfoWrapper\">\r\n        \r\n        <h1>\u0106wiczenia gramatyczne z j\u0119zyka gruzi\u0144skiego<\/h1>\r\n        <p>Gotowy, aby zanurzy\u0107 si\u0119 w gramatyce gruzi\u0144skiej? Prze\u0107wiczenie kilku podstaw pomo\u017ce ci poczu\u0107 si\u0119 komfortowo z tym wyj\u0105tkowym i pi\u0119knym j\u0119zykiem. Wypr\u00f3buj te \u0107wiczenia, aby zbudowa\u0107 pewno\u015b\u0107 siebie i dobrze si\u0119 przy tym bawi\u0107!<\/p>\r\n\r\n                            <a class=\"getStartedHidden\" href=\"https:\/\/app.talkpal.ai\/pl\/signup?lng=\">Zaczynaj<\/a>\r\n        \r\n    <\/div>\r\n\r\n    <figure>\r\n    <img decoding=\"async\" width=\"768\" height=\"768\" src=\"https:\/\/talkpal.ai\/wp-content\/uploads\/2023\/06\/welsh-768x768.png\" class=\"languageImage no-lazy\" alt=\"Language learning for better cognitive abilities\" fetchpriority=\"high\" sizes=\"(max-width: 768px) 150px, 768px\" srcset=\"https:\/\/talkpal.ai\/wp-content\/uploads\/2023\/06\/welsh-768x768.png 768w, https:\/\/talkpal.ai\/wp-content\/uploads\/2023\/06\/welsh-300x300.png 300w\" \/>\r\n    \r\n\r\n    <\/figure>\r\n\r\n            <a class=\"getStartedVisible\" href=\"https:\/\/app.talkpal.ai\/pl\/signup?lng=\">Zaczynaj<\/a>\r\n    \r\n<\/section><section class=\"promotionalBanner\">\r\n    <p class=\"promotionalText\">Najbardziej efektywny spos\u00f3b nauki j\u0119zyka<\/p>\r\n    <a class=\"promotionalLink\" href=\"https:\/\/app.talkpal.ai\/pl\/signup?lng=\">Wypr\u00f3buj Talkpal za darmo<\/a>\r\n<\/section>\n<div class=\"wp-block-group pageContainerStyle\"><div class=\"wp-block-group__inner-container is-layout-constrained wp-block-group-is-layout-constrained\">\n<h2 class=\"wp-block-heading\" id=\"h-georgian-grammar-topics\">Zagadnienia gramatyczne j\u0119zyka gruzi\u0144skiego<\/h2>\n\n\n\n<p><a href=\"https:\/\/talkpal.ai\/pl\/najwieksze-bledy-ktorych-nalezy-unikac-podczas-nauki-nowego-jezyka\/\">Nauka nowego j\u0119zyka<\/a> mo\u017ce by\u0107 trudnym, ale satysfakcjonuj\u0105cym przedsi\u0119wzi\u0119ciem. J\u0119zyk <a href=\"https:\/\/talkpal.ai\/learn-georgian\/\">gruzi\u0144ski<\/a>, j\u0119zyk kartwelski u\u017cywany g\u0142\u00f3wnie w Gruzji, nie jest wyj\u0105tkiem. Dzi\u0119ki swoim unikalnym cechom i strukturom, <a href=\"https:\/\/talkpal.ai\/pl\/talkpal-dla-edukacji\/\">nauka<\/a> j\u0119zyka gruzi\u0144skiego wymaga systematycznego podej\u015bcia do zrozumienia jego z\u0142o\u017conej gramatyki. Ten przewodnik przedstawia kluczowe obszary <a href=\"https:\/\/talkpal.ai\/pl\/gramatyka-gruzinska\/\">gramatyki gruzi\u0144skiej<\/a> w logicznej kolejno\u015bci do <a href=\"https:\/\/talkpal.ai\/pl\/chatbot-ai-do-nauki-jezykow-obcych\/\">nauki j\u0119zyka<\/a>, zaczynaj\u0105c od podstaw, takich jak rzeczowniki i rodzajniki, a ko\u0144cz\u0105c na bardziej z\u0142o\u017conych obszarach, takich jak czasy i konstrukcje zda\u0144.<\/p>\n\n\n\n<h3 class=\"wp-block-heading\" id=\"h-1-nouns\">1. Rzeczowniki:<\/h3>\n\n\n\n<p>Rozpocznij swoj\u0105 przygod\u0119 z j\u0119zykiem gruzi\u0144skim od nauki rzeczownik\u00f3w. Obejmuje to zrozumienie r\u00f3\u017cnych kategorii rzeczownik\u00f3w, takich jak rzeczowniki pospolite i w\u0142asne, ich formy liczby mnogiej oraz system przypadk\u00f3w u\u017cywany do oznaczania relacji gramatycznych.<\/p>\n\n\n\n<h3 class=\"wp-block-heading\" id=\"h-2-articles\">2. Artyku\u0142y:<\/h3>\n\n\n\n<p>W j\u0119zyku gruzi\u0144skim nie ma rodzajnik\u00f3w okre\u015blonych ani nieokre\u015blonych. Zrozumienie, w jaki spos\u00f3b okre\u015blono\u015b\u0107 i nieokre\u015blono\u015b\u0107 s\u0105 wyra\u017cane za pomoc\u0105 kontekstu lub wskaz\u00f3wek, ma kluczowe znaczenie w konstruowaniu zda\u0144.<\/p>\n\n\n\n<h3 class=\"wp-block-heading\" id=\"h-3-adjectives\">3. Przymiotniki:<\/h3>\n\n\n\n<p>Przymiotniki w j\u0119zyku gruzi\u0144skim zazwyczaj poprzedzaj\u0105 swoje rzeczowniki i zgadzaj\u0105 si\u0119 z nimi w przypadku. Dowiedz si\u0119, jak tworzy\u0107 por\u00f3wnania i superlatywy, u\u017cywaj\u0105c s\u0142\u00f3w takich jak &#8222;upro&#8221; dla wi\u0119cej i &#8222;qvelaze&#8221; dla wi\u0119kszo\u015bci.<\/p>\n\n\n\n<h3 class=\"wp-block-heading\" id=\"h-4-pronouns-determiners\">4. Zaimki\/okre\u015blniki:<\/h3>\n\n\n\n<p>Zaimki i okre\u015blniki s\u0105 niezb\u0119dne w j\u0119zyku gruzi\u0144skim; Zaimki s\u0105 cz\u0119sto opuszczane, gdy kontekst jest jasny, a formy dzier\u017cawcze, takie jak &#8222;chemi&#8221;, &#8222;sheni&#8221; i &#8222;misi&#8221;, modyfikuj\u0105 rzeczowniki. Demonstracje, takie jak &#8222;es&#8221;, &#8222;is&#8221; i &#8222;igi&#8221;, liczebniki i kwantyfikatory dzia\u0142aj\u0105 jako okre\u015blniki.<\/p>\n\n\n\n<h3 class=\"wp-block-heading\" id=\"h-5-verbs\">5. Czasowniki:<\/h3>\n\n\n\n<p>Czasowniki gruzi\u0144skie s\u0105 bogate w morfologi\u0119, co wskazuje na zgodno\u015b\u0107 z podmiotami, a czasem dope\u0142nieniami. Zacznij od serii tera\u017aniejszej, nast\u0119pnie zbadaj, jak tworzy si\u0119 przysz\u0142o\u015b\u0107 za pomoc\u0105 przys\u0142\u00f3wk\u00f3w, a nast\u0119pnie przejd\u017a do form przesz\u0142ych, takich jak aoryst i niedokonany.<\/p>\n\n\n\n<h3 class=\"wp-block-heading\" id=\"h-6-tenses\">6. Czasy:<\/h3>\n\n\n\n<p>Po opanowaniu podstawowych form czasownik\u00f3w zag\u0142\u0119b si\u0119 w gruzi\u0144ski czas i aspekt. Dowiedz si\u0119, w jaki spos\u00f3b czas tera\u017aniejszy, przesz\u0142y i przysz\u0142y s\u0105 wyra\u017cane w trzech g\u0142\u00f3wnych seriach i kiedy u\u017cywa\u0107 form niedokonanych, aorystycznych i dokonanych w r\u00f3\u017cnych kontekstach.<\/p>\n\n\n\n<h3 class=\"wp-block-heading\" id=\"h-7-tense-comparison\">7. Por\u00f3wnanie czasu:<\/h3>\n\n\n\n<p>Por\u00f3wnywanie form w seriach pomaga w zrozumieniu czasu, aspektu i wyr\u00f3wnania. Przyjrzenie si\u0119 temu samemu czasownikowi w r\u00f3\u017cnych piskach wyja\u015bnia sekwencj\u0119 zdarze\u0144 i wzorce oznaczania przypadk\u00f3w.<\/p>\n\n\n\n<h3 class=\"wp-block-heading\" id=\"h-8-progressive\">8. Progresywny:<\/h3>\n\n\n\n<p>W j\u0119zyku gruzi\u0144skim nie ma dedykowanego czasu progresywnego. Trwaj\u0105ce dzia\u0142ania s\u0105 wyra\u017cane za pomoc\u0105 czasu tera\u017aniejszego lub niedokonanego, cz\u0119sto wspieranego przez wyra\u017cenia czasowe, takie jak &#8222;akhla&#8221; dla teraz lub kontekstu.<\/p>\n\n\n\n<h3 class=\"wp-block-heading\" id=\"h-9-perfect-progressive\">9. Idealny progresywny:<\/h3>\n\n\n\n<p>Nie ma wyra\u017anej doskona\u0142ej progresywnej. Trwaj\u0105ce dzia\u0142ania do pewnego momentu s\u0105 przekazywane przez szereg doskona\u0142y dla znaczenia wynikowego lub za pomoc\u0105 niedoskona\u0142ych i kontekstowych wskaz\u00f3wek.<\/p>\n\n\n\n<h3 class=\"wp-block-heading\" id=\"h-10-conditionals\">10. Warunki warunkowe:<\/h3>\n\n\n\n<p>Instrukcje warunkowe wyra\u017caj\u0105 hipotetyczne sytuacje i ich mo\u017cliwe wyniki. W j\u0119zyku gruzi\u0144skim s\u0105 one zwykle tworzone z formami \u0142\u0105cz\u0105cymi i optatywnymi, cz\u0119sto wprowadzanymi przez &#8222;tu&#8221; oznaczaj\u0105ce je\u015bli, i mog\u0105 u\u017cywa\u0107 wyra\u017ce\u0144 modalnych, takich jak &#8222;sheidzleba&#8221;, jest to mo\u017cliwe.<\/p>\n\n\n\n<h3 class=\"wp-block-heading\" id=\"h-11-adverbs\">11. Przys\u0142\u00f3wki:<\/h3>\n\n\n\n<p>Przys\u0142\u00f3wki w j\u0119zyku gruzi\u0144skim modyfikuj\u0105 czasowniki, przymiotniki lub inne przys\u0142\u00f3wki. Wiele przys\u0142\u00f3wk\u00f3w jest tworzonych z sufiksem &#8222;-ad&#8221;, a s\u0142owa powszechnego stopnia obejmuj\u0105 &#8222;dzalian&#8221; dla bardzo i &#8222;upro&#8221; dla wi\u0119cej.<\/p>\n\n\n\n<h3 class=\"wp-block-heading\" id=\"h-12-prepositions\">12. Przyimki:<\/h3>\n\n\n\n<p>W j\u0119zyku gruzi\u0144skim u\u017cywa si\u0119 raczej postpozycji ni\u017c przyimk\u00f3w. Nast\u0119puj\u0105 one po rzeczowniku i wchodz\u0105 w interakcje z konkretnymi przypadkami, a wiele znacze\u0144 relacyjnych jest wyra\u017canych bezpo\u015brednio przez ko\u0144c\u00f3wki przypadk\u00f3w.<\/p>\n\n\n\n<h3 class=\"wp-block-heading\" id=\"h-13-sentences\">13. Zdania:<\/h3>\n\n\n\n<p>Na koniec po\u0107wicz konstruowanie zda\u0144. B\u0119dzie to wymaga\u0142o wykorzystania wszystkich wcze\u015bniej poznanych punkt\u00f3w gramatycznych w kontek\u015bcie, zarz\u0105dzania elastycznym szykiem s\u0142\u00f3w z tendencj\u0105 SOV, oznaczania wielko\u015bci liter i odpowiednich form czasownik\u00f3w.<\/p>\n<\/div><\/div>\n\r\n<section class=\"learnNavigationSection\">\r\n            \r\n        <a href=\"https:\/\/talkpal.ai\/pl\/naucz-sie-walijskiego\/\">\r\n            <div class=\"learnNavigationWrapper\">\r\n                <div class=\"learnNavigationContent\">\r\n                    <img decoding=\"async\" src=\"https:\/\/talkpal.ai\/wp-content\/uploads\/2025\/11\/Georgian.png\" alt=\"Georgian Flag\">\r\n                    <div>\r\n                        <h4>O nauce j\u0119zyka gruzi\u0144skiego<\/h4>\r\n                        <p>Dowiedz si\u0119 wszystkiego o gramatyce gruzi\u0144skiej.<\/p>\r\n                    <\/div>\r\n                <\/div>\r\n            <\/div>\r\n        <\/a>\r\n\r\n        \r\n        <a href=\"https:\/\/talkpal.ai\/pl\/gramatyka-walijska\/\">\r\n            <div class=\"learnNavigationWrapper\">\r\n                <div class=\"learnNavigationContent\">\r\n                    <img decoding=\"async\" src=\"https:\/\/talkpal.ai\/wp-content\/uploads\/2025\/11\/Georgian.png\" alt=\"Georgian Flag\">\r\n                    <div>\r\n                        <h4>Lekcje gramatyki gruzi\u0144skiej<\/h4>\r\n                        <p>\u0106wicz gramatyk\u0119 gruzi\u0144sk\u0105.<\/p>\r\n                    <\/div>\r\n                <\/div>\r\n            <\/div>\r\n        <\/a>\r\n\r\n            <\/section>","protected":false},"excerpt":{"rendered":"<p>Zagadnienia gramatyczne j\u0119zyka gruzi\u0144skiego Nauka nowego j\u0119zyka mo\u017ce by\u0107 trudnym, ale satysfakcjonuj\u0105cym przedsi\u0119wzi\u0119ciem. J\u0119zyk gruzi\u0144ski, j\u0119zyk kartwelski u\u017cywany g\u0142\u00f3wnie w Gruzji, nie jest wyj\u0105tkiem. Dzi\u0119ki swoim unikalnym cechom i strukturom, nauka j\u0119zyka gruzi\u0144skiego wymaga systematycznego podej\u015bcia do zrozumienia jego z\u0142o\u017conej gramatyki. Ten przewodnik przedstawia kluczowe obszary gramatyki gruzi\u0144skiej w logicznej kolejno\u015bci do nauki j\u0119zyka, zaczynaj\u0105c [&hellip;]<\/p>\n","protected":false},"author":20,"featured_media":0,"parent":0,"menu_order":0,"comment_status":"closed","ping_status":"closed","template":"LearningContentPage.php","meta":{"_acf_changed":false,"footnotes":""},"class_list":["post-1476684","page","type-page","status-publish","hentry"],"acf":[],"yoast_head":"<!-- This site is optimized with the Yoast SEO Premium plugin v27.2 (Yoast SEO v27.2) - https:\/\/yoast.com\/product\/yoast-seo-premium-wordpress\/ -->\n<title>\u0106wiczenia gramatyczne z j\u0119zyka gruzi\u0144skiego - Talkpal<\/title>\n<meta name=\"description\" content=\"Opanuj gramatyk\u0119 j\u0119zyka gruzi\u0144skiego dzi\u0119ki interaktywnym \u0107wiczeniom, kt\u00f3re pomog\u0105 Ci rozwin\u0105\u0107 p\u0142ynno\u015b\u0107 i pewno\u015b\u0107 siebie w pos\u0142ugiwaniu si\u0119 tym j\u0119zykiem.\" \/>\n<meta name=\"robots\" content=\"index, follow, max-snippet:-1, max-image-preview:large, max-video-preview:-1\" \/>\n<link rel=\"canonical\" href=\"https:\/\/talkpal.ai\/pl\/cwiczenia-gramatyczne-z-jezyka-gruzinskiego\/\" \/>\n<meta property=\"og:locale\" content=\"pl_PL\" \/>\n<meta property=\"og:type\" content=\"article\" \/>\n<meta property=\"og:title\" content=\"\u0106wiczenia gramatyczne z j\u0119zyka gruzi\u0144skiego\" \/>\n<meta property=\"og:description\" content=\"Zagadnienia gramatyczne j\u0119zyka gruzi\u0144skiego Nauka nowego j\u0119zyka mo\u017ce by\u0107 trudnym, ale satysfakcjonuj\u0105cym przedsi\u0119wzi\u0119ciem. J\u0119zyk gruzi\u0144ski, j\u0119zyk\" \/>\n<meta property=\"og:url\" content=\"https:\/\/talkpal.ai\/pl\/cwiczenia-gramatyczne-z-jezyka-gruzinskiego\/\" \/>\n<meta property=\"og:site_name\" content=\"Talkpal\" \/>\n<meta property=\"article:publisher\" content=\"https:\/\/www.facebook.com\/profile.php?id=100090733639311\" \/>\n<meta property=\"article:modified_time\" content=\"2025-12-30T14:54:43+00:00\" \/>\n<meta property=\"og:image\" content=\"https:\/\/talkpal.ai\/wp-content\/uploads\/2025\/02\/Progress-tab-16_9.png\" \/>\n\t<meta property=\"og:image:width\" content=\"2880\" \/>\n\t<meta property=\"og:image:height\" content=\"1620\" \/>\n\t<meta property=\"og:image:type\" content=\"image\/png\" \/>\n<meta name=\"twitter:card\" content=\"summary_large_image\" \/>\n<meta name=\"twitter:site\" content=\"@talkpalai\" \/>\n<meta name=\"twitter:label1\" content=\"Szacowany czas czytania\" \/>\n\t<meta name=\"twitter:data1\" content=\"3 minuty\" \/>\n<script type=\"application\/ld+json\" class=\"yoast-schema-graph\">{\"@context\":\"https:\/\/schema.org\",\"@graph\":[{\"@type\":\"WebPage\",\"@id\":\"https:\/\/talkpal.ai\/pl\/cwiczenia-gramatyczne-z-jezyka-gruzinskiego\/\",\"url\":\"https:\/\/talkpal.ai\/pl\/cwiczenia-gramatyczne-z-jezyka-gruzinskiego\/\",\"name\":\"\u0106wiczenia gramatyczne z j\u0119zyka gruzi\u0144skiego - Talkpal\",\"isPartOf\":{\"@id\":\"https:\/\/talkpal.ai\/pl\/#website\"},\"datePublished\":\"2025-11-11T17:01:24+00:00\",\"dateModified\":\"2025-12-30T14:54:43+00:00\",\"description\":\"Opanuj gramatyk\u0119 j\u0119zyka gruzi\u0144skiego dzi\u0119ki interaktywnym \u0107wiczeniom, kt\u00f3re pomog\u0105 Ci rozwin\u0105\u0107 p\u0142ynno\u015b\u0107 i pewno\u015b\u0107 siebie w pos\u0142ugiwaniu si\u0119 tym j\u0119zykiem.\",\"breadcrumb\":{\"@id\":\"https:\/\/talkpal.ai\/pl\/cwiczenia-gramatyczne-z-jezyka-gruzinskiego\/#breadcrumb\"},\"inLanguage\":\"pl-PL\",\"potentialAction\":[{\"@type\":\"ReadAction\",\"target\":[\"https:\/\/talkpal.ai\/pl\/cwiczenia-gramatyczne-z-jezyka-gruzinskiego\/\"]}]},{\"@type\":\"BreadcrumbList\",\"@id\":\"https:\/\/talkpal.ai\/pl\/cwiczenia-gramatyczne-z-jezyka-gruzinskiego\/#breadcrumb\",\"itemListElement\":[{\"@type\":\"ListItem\",\"position\":1,\"name\":\"Homepage\",\"item\":\"https:\/\/talkpal.ai\/pl\/\"},{\"@type\":\"ListItem\",\"position\":2,\"name\":\"\u0106wiczenia gramatyczne z j\u0119zyka gruzi\u0144skiego\"}]},{\"@type\":\"WebSite\",\"@id\":\"https:\/\/talkpal.ai\/pl\/#website\",\"url\":\"https:\/\/talkpal.ai\/pl\/\",\"name\":\"Talkpal\",\"description\":\"AI Language Learning\",\"publisher\":{\"@id\":\"https:\/\/talkpal.ai\/pl\/#organization\"},\"alternateName\":\"Talkpal AI\",\"potentialAction\":[{\"@type\":\"SearchAction\",\"target\":{\"@type\":\"EntryPoint\",\"urlTemplate\":\"https:\/\/talkpal.ai\/pl\/?s={search_term_string}\"},\"query-input\":{\"@type\":\"PropertyValueSpecification\",\"valueRequired\":true,\"valueName\":\"search_term_string\"}}],\"inLanguage\":\"pl-PL\"},{\"@type\":\"Organization\",\"@id\":\"https:\/\/talkpal.ai\/pl\/#organization\",\"name\":\"Talkpal, Inc.\",\"alternateName\":\"Talkpal AI\",\"url\":\"https:\/\/talkpal.ai\/pl\/\",\"logo\":{\"@type\":\"ImageObject\",\"inLanguage\":\"pl-PL\",\"@id\":\"https:\/\/talkpal.ai\/pl\/#\/schema\/logo\/image\/\",\"url\":\"https:\/\/talkpal.ai\/wp-content\/uploads\/2024\/03\/Talkpal-Logo-Icon.png\",\"contentUrl\":\"https:\/\/talkpal.ai\/wp-content\/uploads\/2024\/03\/Talkpal-Logo-Icon.png\",\"width\":2880,\"height\":2880,\"caption\":\"Talkpal, Inc.\"},\"image\":{\"@id\":\"https:\/\/talkpal.ai\/pl\/#\/schema\/logo\/image\/\"},\"sameAs\":[\"https:\/\/www.facebook.com\/profile.php?id=100090733639311\",\"https:\/\/x.com\/talkpalai\",\"https:\/\/www.linkedin.com\/company\/talkpal\/\",\"https:\/\/www.youtube.com\/@TalkPal\/\",\"https:\/\/www.tiktok.com\/@talkpal\",\"https:\/\/www.instagram.com\/talkpal_ai\/\",\"https:\/\/www.crunchbase.com\/organization\/talkpal-9cde\",\"https:\/\/www.g2.com\/products\/talkpal-for-business\/\",\"https:\/\/www.trustpilot.com\/review\/talkpal.ai\",\"https:\/\/www.capterra.com\/p\/10006800\/TalkPal\/\"],\"description\":\"Talkpal is a language learning web and mobile education app, powered by the latest AI technologies, that provides engaging experiences to its customers in many different languages to help them improve their language skills. Users can chat about unlimited amount of topics with the app and use other modes to practice their language learning.\",\"email\":\"support@talkpal.ai\",\"legalName\":\"Talkpal, Inc.\",\"foundingDate\":\"2023-04-03\",\"duns\":\"118989042\",\"numberOfEmployees\":{\"@type\":\"QuantitativeValue\",\"minValue\":\"11\",\"maxValue\":\"50\"},\"publishingPrinciples\":\"https:\/\/talkpal.ai\/publishing-principles\/\",\"actionableFeedbackPolicy\":\"https:\/\/talkpal.ai\/actionable-feedback-policy\/\",\"correctionsPolicy\":\"https:\/\/talkpal.ai\/corrections-policy\/\",\"ethicsPolicy\":\"https:\/\/talkpal.ai\/ethics-policy\/\",\"diversityPolicy\":\"https:\/\/talkpal.ai\/diversity-policy\/\",\"diversityStaffingReport\":\"https:\/\/talkpal.ai\/diversity-policy\/\"}]}<\/script>\n<!-- \/ Yoast SEO Premium plugin. -->","yoast_head_json":{"title":"\u0106wiczenia gramatyczne z j\u0119zyka gruzi\u0144skiego - Talkpal","description":"Opanuj gramatyk\u0119 j\u0119zyka gruzi\u0144skiego dzi\u0119ki interaktywnym \u0107wiczeniom, kt\u00f3re pomog\u0105 Ci rozwin\u0105\u0107 p\u0142ynno\u015b\u0107 i pewno\u015b\u0107 siebie w pos\u0142ugiwaniu si\u0119 tym j\u0119zykiem.","robots":{"index":"index","follow":"follow","max-snippet":"max-snippet:-1","max-image-preview":"max-image-preview:large","max-video-preview":"max-video-preview:-1"},"canonical":"https:\/\/talkpal.ai\/pl\/cwiczenia-gramatyczne-z-jezyka-gruzinskiego\/","og_locale":"pl_PL","og_type":"article","og_title":"\u0106wiczenia gramatyczne z j\u0119zyka gruzi\u0144skiego","og_description":"Zagadnienia gramatyczne j\u0119zyka gruzi\u0144skiego Nauka nowego j\u0119zyka mo\u017ce by\u0107 trudnym, ale satysfakcjonuj\u0105cym przedsi\u0119wzi\u0119ciem. J\u0119zyk gruzi\u0144ski, j\u0119zyk","og_url":"https:\/\/talkpal.ai\/pl\/cwiczenia-gramatyczne-z-jezyka-gruzinskiego\/","og_site_name":"Talkpal","article_publisher":"https:\/\/www.facebook.com\/profile.php?id=100090733639311","article_modified_time":"2025-12-30T14:54:43+00:00","og_image":[{"width":2880,"height":1620,"url":"https:\/\/talkpal.ai\/wp-content\/uploads\/2025\/02\/Progress-tab-16_9.png","type":"image\/png"}],"twitter_card":"summary_large_image","twitter_site":"@talkpalai","twitter_misc":{"Szacowany czas czytania":"3 minuty"},"schema":{"@context":"https:\/\/schema.org","@graph":[{"@type":"WebPage","@id":"https:\/\/talkpal.ai\/pl\/cwiczenia-gramatyczne-z-jezyka-gruzinskiego\/","url":"https:\/\/talkpal.ai\/pl\/cwiczenia-gramatyczne-z-jezyka-gruzinskiego\/","name":"\u0106wiczenia gramatyczne z j\u0119zyka gruzi\u0144skiego - Talkpal","isPartOf":{"@id":"https:\/\/talkpal.ai\/pl\/#website"},"datePublished":"2025-11-11T17:01:24+00:00","dateModified":"2025-12-30T14:54:43+00:00","description":"Opanuj gramatyk\u0119 j\u0119zyka gruzi\u0144skiego dzi\u0119ki interaktywnym \u0107wiczeniom, kt\u00f3re pomog\u0105 Ci rozwin\u0105\u0107 p\u0142ynno\u015b\u0107 i pewno\u015b\u0107 siebie w pos\u0142ugiwaniu si\u0119 tym j\u0119zykiem.","breadcrumb":{"@id":"https:\/\/talkpal.ai\/pl\/cwiczenia-gramatyczne-z-jezyka-gruzinskiego\/#breadcrumb"},"inLanguage":"pl-PL","potentialAction":[{"@type":"ReadAction","target":["https:\/\/talkpal.ai\/pl\/cwiczenia-gramatyczne-z-jezyka-gruzinskiego\/"]}]},{"@type":"BreadcrumbList","@id":"https:\/\/talkpal.ai\/pl\/cwiczenia-gramatyczne-z-jezyka-gruzinskiego\/#breadcrumb","itemListElement":[{"@type":"ListItem","position":1,"name":"Homepage","item":"https:\/\/talkpal.ai\/pl\/"},{"@type":"ListItem","position":2,"name":"\u0106wiczenia gramatyczne z j\u0119zyka gruzi\u0144skiego"}]},{"@type":"WebSite","@id":"https:\/\/talkpal.ai\/pl\/#website","url":"https:\/\/talkpal.ai\/pl\/","name":"Talkpal","description":"AI Language Learning","publisher":{"@id":"https:\/\/talkpal.ai\/pl\/#organization"},"alternateName":"Talkpal AI","potentialAction":[{"@type":"SearchAction","target":{"@type":"EntryPoint","urlTemplate":"https:\/\/talkpal.ai\/pl\/?s={search_term_string}"},"query-input":{"@type":"PropertyValueSpecification","valueRequired":true,"valueName":"search_term_string"}}],"inLanguage":"pl-PL"},{"@type":"Organization","@id":"https:\/\/talkpal.ai\/pl\/#organization","name":"Talkpal, Inc.","alternateName":"Talkpal AI","url":"https:\/\/talkpal.ai\/pl\/","logo":{"@type":"ImageObject","inLanguage":"pl-PL","@id":"https:\/\/talkpal.ai\/pl\/#\/schema\/logo\/image\/","url":"https:\/\/talkpal.ai\/wp-content\/uploads\/2024\/03\/Talkpal-Logo-Icon.png","contentUrl":"https:\/\/talkpal.ai\/wp-content\/uploads\/2024\/03\/Talkpal-Logo-Icon.png","width":2880,"height":2880,"caption":"Talkpal, Inc."},"image":{"@id":"https:\/\/talkpal.ai\/pl\/#\/schema\/logo\/image\/"},"sameAs":["https:\/\/www.facebook.com\/profile.php?id=100090733639311","https:\/\/x.com\/talkpalai","https:\/\/www.linkedin.com\/company\/talkpal\/","https:\/\/www.youtube.com\/@TalkPal\/","https:\/\/www.tiktok.com\/@talkpal","https:\/\/www.instagram.com\/talkpal_ai\/","https:\/\/www.crunchbase.com\/organization\/talkpal-9cde","https:\/\/www.g2.com\/products\/talkpal-for-business\/","https:\/\/www.trustpilot.com\/review\/talkpal.ai","https:\/\/www.capterra.com\/p\/10006800\/TalkPal\/"],"description":"Talkpal is a language learning web and mobile education app, powered by the latest AI technologies, that provides engaging experiences to its customers in many different languages to help them improve their language skills. Users can chat about unlimited amount of topics with the app and use other modes to practice their language learning.","email":"support@talkpal.ai","legalName":"Talkpal, Inc.","foundingDate":"2023-04-03","duns":"118989042","numberOfEmployees":{"@type":"QuantitativeValue","minValue":"11","maxValue":"50"},"publishingPrinciples":"https:\/\/talkpal.ai\/publishing-principles\/","actionableFeedbackPolicy":"https:\/\/talkpal.ai\/actionable-feedback-policy\/","correctionsPolicy":"https:\/\/talkpal.ai\/corrections-policy\/","ethicsPolicy":"https:\/\/talkpal.ai\/ethics-policy\/","diversityPolicy":"https:\/\/talkpal.ai\/diversity-policy\/","diversityStaffingReport":"https:\/\/talkpal.ai\/diversity-policy\/"}]}},"_links":{"self":[{"href":"https:\/\/talkpal.ai\/pl\/wp-json\/wp\/v2\/pages\/1476684","targetHints":{"allow":["GET"]}}],"collection":[{"href":"https:\/\/talkpal.ai\/pl\/wp-json\/wp\/v2\/pages"}],"about":[{"href":"https:\/\/talkpal.ai\/pl\/wp-json\/wp\/v2\/types\/page"}],"author":[{"embeddable":true,"href":"https:\/\/talkpal.ai\/pl\/wp-json\/wp\/v2\/users\/20"}],"replies":[{"embeddable":true,"href":"https:\/\/talkpal.ai\/pl\/wp-json\/wp\/v2\/comments?post=1476684"}],"version-history":[{"count":0,"href":"https:\/\/talkpal.ai\/pl\/wp-json\/wp\/v2\/pages\/1476684\/revisions"}],"wp:attachment":[{"href":"https:\/\/talkpal.ai\/pl\/wp-json\/wp\/v2\/media?parent=1476684"}],"curies":[{"name":"wp","href":"https:\/\/api.w.org\/{rel}","templated":true}]}}