{"id":1476636,"date":"2025-11-11T16:21:06","date_gmt":"2025-11-11T16:21:06","guid":{"rendered":"https:\/\/talkpal.ai\/cwiczenia-z-gramatyki-birmanskiej\/"},"modified":"2025-12-30T15:23:59","modified_gmt":"2025-12-30T15:23:59","slug":"cwiczenia-z-gramatyki-birmanskiej","status":"publish","type":"page","link":"https:\/\/talkpal.ai\/pl\/cwiczenia-z-gramatyki-birmanskiej\/","title":{"rendered":"\u0106wiczenia z gramatyki birma\u0144skiej"},"content":{"rendered":"\r\n\r\n\r\n<section class=\"languageChallengeSection\">\r\n    <div class=\"languageInfoWrapper\">\r\n        \r\n        <h1>\u0106wiczenia z gramatyki birma\u0144skiej<\/h1>\r\n        <p>Gotowy, aby zag\u0142\u0119bi\u0107 si\u0119 w gramatyk\u0119 birma\u0144sk\u0105? Prze\u0107wiczenie kilku podstaw pomo\u017ce ci poczu\u0107 si\u0119 komfortowo z tym wyj\u0105tkowym i pi\u0119knym j\u0119zykiem. Wypr\u00f3buj te \u0107wiczenia, aby zbudowa\u0107 pewno\u015b\u0107 siebie i dobrze si\u0119 przy tym bawi\u0107!<\/p>\r\n\r\n                            <a class=\"getStartedHidden\" href=\"https:\/\/app.talkpal.ai\/pl\/signup?lng=\">Zaczynaj<\/a>\r\n        \r\n    <\/div>\r\n\r\n    <figure>\r\n    <img decoding=\"async\" width=\"768\" height=\"768\" src=\"https:\/\/talkpal.ai\/wp-content\/uploads\/2023\/06\/welsh-768x768.png\" class=\"languageImage no-lazy\" alt=\"Language learning for better cognitive abilities\" fetchpriority=\"high\" sizes=\"(max-width: 768px) 150px, 768px\" srcset=\"https:\/\/talkpal.ai\/wp-content\/uploads\/2023\/06\/welsh-768x768.png 768w, https:\/\/talkpal.ai\/wp-content\/uploads\/2023\/06\/welsh-300x300.png 300w\" \/>\r\n    \r\n\r\n    <\/figure>\r\n\r\n            <a class=\"getStartedVisible\" href=\"https:\/\/app.talkpal.ai\/pl\/signup?lng=\">Zaczynaj<\/a>\r\n    \r\n<\/section><section class=\"promotionalBanner\">\r\n    <p class=\"promotionalText\">Najbardziej efektywny spos\u00f3b nauki j\u0119zyka<\/p>\r\n    <a class=\"promotionalLink\" href=\"https:\/\/app.talkpal.ai\/pl\/signup?lng=\">Wypr\u00f3buj Talkpal za darmo<\/a>\r\n<\/section>\n<div class=\"wp-block-group pageContainerStyle\"><div class=\"wp-block-group__inner-container is-layout-constrained wp-block-group-is-layout-constrained\">\n<h2 class=\"wp-block-heading\" id=\"h-burmese-grammar-topics\">Zagadnienia gramatyki birma\u0144skiej<\/h2>\n\n\n\n<p><a href=\"https:\/\/talkpal.ai\/pl\/najwieksze-bledy-ktorych-nalezy-unikac-podczas-nauki-nowego-jezyka\/\">Nauka nowego j\u0119zyka<\/a> mo\u017ce by\u0107 trudnym, ale satysfakcjonuj\u0105cym przedsi\u0119wzi\u0119ciem. Birma\u0144ski, j\u0119zyk chi\u0144sko-tybeta\u0144ski u\u017cywany g\u0142\u00f3wnie w Mjanmie, nie jest wyj\u0105tkiem. Dzi\u0119ki swoim unikalnym cechom i strukturom <a href=\"https:\/\/talkpal.ai\/pl\/talkpal-dla-edukacji\/\">nauka<\/a> j\u0119zyka birma\u0144skiego wymaga systematycznego podej\u015bcia do zrozumienia jego gramatyki. Ten przewodnik przedstawia kluczowe obszary <a href=\"https:\/\/talkpal.ai\/pl\/gramatyka-birmanska\/\">gramatyki birma\u0144skiej<\/a> w logicznej kolejno\u015bci do <a href=\"https:\/\/talkpal.ai\/pl\/chatbot-ai-do-nauki-jezykow-obcych\/\">nauki j\u0119zyka<\/a>, zaczynaj\u0105c od podstaw, takich jak rzeczowniki i rodzajniki, a przechodz\u0105c do bardziej z\u0142o\u017conych obszar\u00f3w, takich jak czasy i konstrukcja zda\u0144.<\/p>\n\n\n\n<h3 class=\"wp-block-heading\" id=\"h-1-nouns\">1. Rzeczowniki:<\/h3>\n\n\n\n<p>Rozpocznij swoj\u0105 przygod\u0119 z j\u0119zykiem birma\u0144skim od nauki rzeczownik\u00f3w. Obejmuje to zrozumienie rzeczownik\u00f3w pospolitych i w\u0142asnych, tego, w jaki spos\u00f3b liczba mnoga jest oznaczana za pomoc\u0105 znacznik\u00f3w, a nie obowi\u0105zkowej fleksji, oraz jak klasyfikatory \u0142\u0105cz\u0105 si\u0119 z liczebnikami.<\/p>\n\n\n\n<h3 class=\"wp-block-heading\" id=\"h-2-articles\">2. Artyku\u0142y:<\/h3>\n\n\n\n<p>Artyku\u0142y w j\u0119zyku birma\u0144skim s\u0105 u\u017cywane inaczej ni\u017c w <a href=\"https:\/\/talkpal.ai\/pl\/praktyka-mowienia-po-angielsku-ai\/\">j\u0119zyku angielskim<\/a>. W j\u0119zyku birma\u0144skim nie ma rodzajnik\u00f3w okre\u015blonych i nieokre\u015blonych, wi\u0119c okre\u015blono\u015b\u0107 jest pokazana przez kontekst lub wskazuj\u0105ce, a nieokre\u015blony <a href=\"https:\/\/talkpal.ai\/locations\/language-courses-in-sens\/\">sens<\/a> jest cz\u0119sto przekazywany za pomoc\u0105 liczebnika jeden lub innych cz\u0105stek.<\/p>\n\n\n\n<h3 class=\"wp-block-heading\" id=\"h-3-adjectives\">3. Przymiotniki:<\/h3>\n\n\n\n<p>Przymiotniki w j\u0119zyku birma\u0144skim wchodz\u0105 w interakcje z rzeczownikami inaczej ni\u017c w j\u0119zyku angielskim. Cz\u0119sto funkcjonuj\u0105 jako czasowniki statyczne i cz\u0119sto pojawiaj\u0105 si\u0119 po rzeczowniku w mowie potocznej lub przed rzeczownikiem ze znacznikiem przymiotnika w bardziej formalnych stylach, a tak\u017ce nauczysz si\u0119 tworzy\u0107 por\u00f3wnania ze s\u0142owami stopnia i znacznikiem dla ni\u017c, a tak\u017ce stopniami najwy\u017cszymi z dedykowanymi formami.<\/p>\n\n\n\n<h3 class=\"wp-block-heading\" id=\"h-4-pronouns-determiners\">4. Zaimki\/okre\u015blniki:<\/h3>\n\n\n\n<p>ronouny i okre\u015blniki s\u0105 niezb\u0119dne w j\u0119zyku birma\u0144skim; Odzwierciedlaj\u0105 poziomy grzeczno\u015bci i formalno\u015bci i mog\u0105 zast\u0119powa\u0107 rzeczowniki lub okre\u015bla\u0107 je wska\u017anikami, takimi jak to i tamto, ilo\u015b\u0107 cyframi i klasyfikatorami, a posiadanie partyku\u0142ami dzier\u017cawczymi.<\/p>\n\n\n\n<h3 class=\"wp-block-heading\" id=\"h-5-verbs\">5. Czasowniki:<\/h3>\n\n\n\n<p>Czasowniki birma\u0144skie nie odmieniaj\u0105 si\u0119 dla osoby lub liczby. Zamiast tego czas, aspekt, nastr\u00f3j, polaryzacja i grzeczno\u015b\u0107 s\u0105 wyra\u017cane za pomoc\u0105 znacznik\u00f3w i partyku\u0142ek ko\u0144cowych zdania, wi\u0119c zacznij od podstawowych temat\u00f3w czasownik\u00f3w i partyku\u0142y rdzenia u\u017cywanych w mowie potocznej.<\/p>\n\n\n\n<h3 class=\"wp-block-heading\" id=\"h-6-tenses\">6. Czasy:<\/h3>\n\n\n\n<p>Po opanowaniu wzorc\u00f3w czasownik\u00f3w zag\u0142\u0119b si\u0119 w to, jak birma\u0144ski radzi sobie z czasem i aspektem. J\u0119zyk birma\u0144ski opiera si\u0119 na znacznikach aspektowych i partyku\u0142ach ko\u0144cz\u0105cych zdanie, aby rozr\u00f3\u017cni\u0107 tera\u017aniejszo\u015b\u0107, przesz\u0142o\u015b\u0107, przysz\u0142o\u015b\u0107, uko\u0144czenie i intencj\u0119, cz\u0119sto w po\u0142\u0105czeniu z wyra\u017ceniami czasu.<\/p>\n\n\n\n<h3 class=\"wp-block-heading\" id=\"h-7-tense-comparison\">7. Por\u00f3wnanie czasu:<\/h3>\n\n\n\n<p>Por\u00f3wnanie czasu i aspektu w j\u0119zyku birma\u0144skim pomaga w zrozumieniu kolejno\u015bci i natury wydarze\u0144. Por\u00f3wnaj ten sam czasownik z r\u00f3\u017cnymi cz\u0105stkami i wyra\u017ceniami czasowymi, aby zobaczy\u0107, jak wyra\u017cane s\u0105 trwaj\u0105ce, zako\u0144czone, nawykowe i zamierzone dzia\u0142ania.<\/p>\n\n\n\n<h3 class=\"wp-block-heading\" id=\"h-8-progressive\">8. Progresywny:<\/h3>\n\n\n\n<p>S\u0142owo &#8222;post\u0119powy&#8221; w j\u0119zyku birma\u0144skim jest u\u017cywane do wyra\u017cania bie\u017c\u0105cych dzia\u0142a\u0144. Tworzy si\u0119 go za pomoc\u0105 progresywnego znacznika do\u0142\u0105czonego do czasownika i zako\u0144czonego odpowiedni\u0105 partyku\u0142\u0105 ko\u0144cow\u0105 zdania.<\/p>\n\n\n\n<h3 class=\"wp-block-heading\" id=\"h-9-perfect-progressive\">9. Idealny progresywny:<\/h3>\n\n\n\n<p>Znaczenie to jest u\u017cywane do wyra\u017cenia dzia\u0142a\u0144, kt\u00f3re trwa\u0142y do pewnego momentu. W j\u0119zyku birma\u0144skim jest ona przekazywana przez po\u0142\u0105czenie progresywnych z ci\u0105g\u0142ymi lub uzupe\u0142niaj\u0105cymi znacznikami i frazami czasu trwania, a nie przez jedn\u0105 dedykowan\u0105 form\u0119.<\/p>\n\n\n\n<h3 class=\"wp-block-heading\" id=\"h-10-conditionals\">10. Warunki warunkowe:<\/h3>\n\n\n\n<p>Instrukcje warunkowe wyra\u017caj\u0105 hipotetyczne sytuacje i ich mo\u017cliwe wyniki. W j\u0119zyku birma\u0144skim s\u0105 one tworzone za pomoc\u0105 znacznika warunkowego w protazie i odpowiednich cz\u0105stek ko\u0144cowych zdania w zdaniu wynikowym i s\u0105 wa\u017cn\u0105 cz\u0119\u015bci\u0105 gramatyki, kt\u00f3ra doda niuans\u00f3w do twoich umiej\u0119tno\u015bci j\u0119zykowych.<\/p>\n\n\n\n<h3 class=\"wp-block-heading\" id=\"h-11-adverbs\">11. Przys\u0142\u00f3wki:<\/h3>\n\n\n\n<p>Przys\u0142\u00f3wki w j\u0119zyku birma\u0144skim modyfikuj\u0105 czasowniki, przymiotniki lub inne przys\u0142\u00f3wki. Zazwyczaj pojawiaj\u0105 si\u0119 przed fraz\u0105 czasownikow\u0105 i dostarczaj\u0105 informacji o sposobie, miejscu, czasie, stopniu i nie tylko, cz\u0119sto przy u\u017cyciu dedykowanych partyku\u0142ek lub sta\u0142ych przys\u0142\u00f3wk\u00f3w.<\/p>\n\n\n\n<h3 class=\"wp-block-heading\" id=\"h-12-prepositions\">12. Przyimki:<\/h3>\n\n\n\n<p>Przyimki \u0142\u0105cz\u0105 ze sob\u0105 s\u0142owa i frazy. W j\u0119zyku birma\u0144skim u\u017cywa si\u0119 postpozycji, a nie przyimk\u00f3w, a te nast\u0119puj\u0105 po rzeczowniku, aby wyrazi\u0107 relacje czasu, miejsca, kierunku, akompaniamentu i nie tylko.<\/p>\n\n\n\n<h3 class=\"wp-block-heading\" id=\"h-13-sentences\">13. Zdania:<\/h3>\n\n\n\n<p>Na koniec po\u0107wicz konstruowanie zda\u0144. J\u0119zyk birma\u0144ski jest na og\u00f3\u0142 czasownikiem dope\u0142nieniowym podmiotu i opiera si\u0119 na partyku\u0142ach ko\u0144cowych zdania i strukturze komentarza tematu, wi\u0119c ten krok polega na wykorzystaniu wszystkich wcze\u015bniej poznanych punkt\u00f3w gramatycznych w kontek\u015bcie, aby zbudowa\u0107 dok\u0142adny i naturalny j\u0119zyk birma\u0144ski.<\/p>\n<\/div><\/div>\n\r\n<section class=\"learnNavigationSection\">\r\n            \r\n        <a href=\"https:\/\/talkpal.ai\/pl\/naucz-sie-birmanskiego\/\">\r\n            <div class=\"learnNavigationWrapper\">\r\n                <div class=\"learnNavigationContent\">\r\n                    <img decoding=\"async\" src=\"https:\/\/talkpal.ai\/wp-content\/uploads\/2025\/11\/Myanmar.png\" alt=\"Myanmar Flag\">\r\n                    <div>\r\n                        <h4>O nauce birma\u0144skiego<\/h4>\r\n                        <p>Dowiedz si\u0119 wszystkiego o gramatyce birma\u0144skiej.<\/p>\r\n                    <\/div>\r\n                <\/div>\r\n            <\/div>\r\n        <\/a>\r\n\r\n        \r\n        <a href=\"https:\/\/talkpal.ai\/pl\/gramatyka-birmanska\/\">\r\n            <div class=\"learnNavigationWrapper\">\r\n                <div class=\"learnNavigationContent\">\r\n                    <img decoding=\"async\" src=\"https:\/\/talkpal.ai\/wp-content\/uploads\/2025\/11\/Myanmar.png\" alt=\"Myanmar Flag\">\r\n                    <div>\r\n                        <h4>Lekcje gramatyki birma\u0144skiej<\/h4>\r\n                        <p>\u0106wicz gramatyk\u0119 birma\u0144sk\u0105.<\/p>\r\n                    <\/div>\r\n                <\/div>\r\n            <\/div>\r\n        <\/a>\r\n\r\n            <\/section>","protected":false},"excerpt":{"rendered":"<p>Zagadnienia gramatyki birma\u0144skiej Nauka nowego j\u0119zyka mo\u017ce by\u0107 trudnym, ale satysfakcjonuj\u0105cym przedsi\u0119wzi\u0119ciem. Birma\u0144ski, j\u0119zyk chi\u0144sko-tybeta\u0144ski u\u017cywany g\u0142\u00f3wnie w Mjanmie, nie jest wyj\u0105tkiem. Dzi\u0119ki swoim unikalnym cechom i strukturom nauka j\u0119zyka birma\u0144skiego wymaga systematycznego podej\u015bcia do zrozumienia jego gramatyki. Ten przewodnik przedstawia kluczowe obszary gramatyki birma\u0144skiej w logicznej kolejno\u015bci do nauki j\u0119zyka, zaczynaj\u0105c od podstaw, takich [&hellip;]<\/p>\n","protected":false},"author":20,"featured_media":0,"parent":0,"menu_order":0,"comment_status":"closed","ping_status":"closed","template":"LearningContentPage.php","meta":{"_acf_changed":false,"footnotes":""},"class_list":["post-1476636","page","type-page","status-publish","hentry"],"acf":[],"yoast_head":"<!-- This site is optimized with the Yoast SEO Premium plugin v27.2 (Yoast SEO v27.2) - https:\/\/yoast.com\/product\/yoast-seo-premium-wordpress\/ -->\n<title>\u0106wiczenia z gramatyki birma\u0144skiej - Talkpal<\/title>\n<meta name=\"description\" content=\"Opanuj birma\u0144ski dzi\u0119ki kompleksowym \u0107wiczeniom gramatycznym obejmuj\u0105cym rzeczowniki, czasowniki i czasy, aby zwi\u0119kszy\u0107 swoj\u0105 bieg\u0142o\u015b\u0107 j\u0119zykow\u0105.\" \/>\n<meta name=\"robots\" content=\"index, follow, max-snippet:-1, max-image-preview:large, max-video-preview:-1\" \/>\n<link rel=\"canonical\" href=\"https:\/\/talkpal.ai\/pl\/cwiczenia-z-gramatyki-birmanskiej\/\" \/>\n<meta property=\"og:locale\" content=\"pl_PL\" \/>\n<meta property=\"og:type\" content=\"article\" \/>\n<meta property=\"og:title\" content=\"\u0106wiczenia z gramatyki birma\u0144skiej\" \/>\n<meta property=\"og:description\" content=\"Zagadnienia gramatyki birma\u0144skiej Nauka nowego j\u0119zyka mo\u017ce by\u0107 trudnym, ale satysfakcjonuj\u0105cym przedsi\u0119wzi\u0119ciem. Birma\u0144ski, j\u0119zyk chi\u0144sko-tybeta\u0144ski\" \/>\n<meta property=\"og:url\" content=\"https:\/\/talkpal.ai\/pl\/cwiczenia-z-gramatyki-birmanskiej\/\" \/>\n<meta property=\"og:site_name\" content=\"Talkpal\" \/>\n<meta property=\"article:publisher\" content=\"https:\/\/www.facebook.com\/profile.php?id=100090733639311\" \/>\n<meta property=\"article:modified_time\" content=\"2025-12-30T15:23:59+00:00\" \/>\n<meta property=\"og:image\" content=\"https:\/\/talkpal.ai\/wp-content\/uploads\/2025\/02\/Progress-tab-16_9.png\" \/>\n\t<meta property=\"og:image:width\" content=\"2880\" \/>\n\t<meta property=\"og:image:height\" content=\"1620\" \/>\n\t<meta property=\"og:image:type\" content=\"image\/png\" \/>\n<meta name=\"twitter:card\" content=\"summary_large_image\" \/>\n<meta name=\"twitter:site\" content=\"@talkpalai\" \/>\n<meta name=\"twitter:label1\" content=\"Szacowany czas czytania\" \/>\n\t<meta name=\"twitter:data1\" content=\"4 minuty\" \/>\n<script type=\"application\/ld+json\" class=\"yoast-schema-graph\">{\"@context\":\"https:\/\/schema.org\",\"@graph\":[{\"@type\":\"WebPage\",\"@id\":\"https:\/\/talkpal.ai\/pl\/cwiczenia-z-gramatyki-birmanskiej\/\",\"url\":\"https:\/\/talkpal.ai\/pl\/cwiczenia-z-gramatyki-birmanskiej\/\",\"name\":\"\u0106wiczenia z gramatyki birma\u0144skiej - Talkpal\",\"isPartOf\":{\"@id\":\"https:\/\/talkpal.ai\/pl\/#website\"},\"datePublished\":\"2025-11-11T16:21:06+00:00\",\"dateModified\":\"2025-12-30T15:23:59+00:00\",\"description\":\"Opanuj birma\u0144ski dzi\u0119ki kompleksowym \u0107wiczeniom gramatycznym obejmuj\u0105cym rzeczowniki, czasowniki i czasy, aby zwi\u0119kszy\u0107 swoj\u0105 bieg\u0142o\u015b\u0107 j\u0119zykow\u0105.\",\"breadcrumb\":{\"@id\":\"https:\/\/talkpal.ai\/pl\/cwiczenia-z-gramatyki-birmanskiej\/#breadcrumb\"},\"inLanguage\":\"pl-PL\",\"potentialAction\":[{\"@type\":\"ReadAction\",\"target\":[\"https:\/\/talkpal.ai\/pl\/cwiczenia-z-gramatyki-birmanskiej\/\"]}]},{\"@type\":\"BreadcrumbList\",\"@id\":\"https:\/\/talkpal.ai\/pl\/cwiczenia-z-gramatyki-birmanskiej\/#breadcrumb\",\"itemListElement\":[{\"@type\":\"ListItem\",\"position\":1,\"name\":\"Homepage\",\"item\":\"https:\/\/talkpal.ai\/pl\/\"},{\"@type\":\"ListItem\",\"position\":2,\"name\":\"\u0106wiczenia z gramatyki birma\u0144skiej\"}]},{\"@type\":\"WebSite\",\"@id\":\"https:\/\/talkpal.ai\/pl\/#website\",\"url\":\"https:\/\/talkpal.ai\/pl\/\",\"name\":\"Talkpal\",\"description\":\"AI Language Learning\",\"publisher\":{\"@id\":\"https:\/\/talkpal.ai\/pl\/#organization\"},\"alternateName\":\"Talkpal AI\",\"potentialAction\":[{\"@type\":\"SearchAction\",\"target\":{\"@type\":\"EntryPoint\",\"urlTemplate\":\"https:\/\/talkpal.ai\/pl\/?s={search_term_string}\"},\"query-input\":{\"@type\":\"PropertyValueSpecification\",\"valueRequired\":true,\"valueName\":\"search_term_string\"}}],\"inLanguage\":\"pl-PL\"},{\"@type\":\"Organization\",\"@id\":\"https:\/\/talkpal.ai\/pl\/#organization\",\"name\":\"Talkpal, Inc.\",\"alternateName\":\"Talkpal AI\",\"url\":\"https:\/\/talkpal.ai\/pl\/\",\"logo\":{\"@type\":\"ImageObject\",\"inLanguage\":\"pl-PL\",\"@id\":\"https:\/\/talkpal.ai\/pl\/#\/schema\/logo\/image\/\",\"url\":\"https:\/\/talkpal.ai\/wp-content\/uploads\/2024\/03\/Talkpal-Logo-Icon.png\",\"contentUrl\":\"https:\/\/talkpal.ai\/wp-content\/uploads\/2024\/03\/Talkpal-Logo-Icon.png\",\"width\":2880,\"height\":2880,\"caption\":\"Talkpal, Inc.\"},\"image\":{\"@id\":\"https:\/\/talkpal.ai\/pl\/#\/schema\/logo\/image\/\"},\"sameAs\":[\"https:\/\/www.facebook.com\/profile.php?id=100090733639311\",\"https:\/\/x.com\/talkpalai\",\"https:\/\/www.linkedin.com\/company\/talkpal\/\",\"https:\/\/www.youtube.com\/@TalkPal\/\",\"https:\/\/www.tiktok.com\/@talkpal\",\"https:\/\/www.instagram.com\/talkpal_ai\/\",\"https:\/\/www.crunchbase.com\/organization\/talkpal-9cde\",\"https:\/\/www.g2.com\/products\/talkpal-for-business\/\",\"https:\/\/www.trustpilot.com\/review\/talkpal.ai\",\"https:\/\/www.capterra.com\/p\/10006800\/TalkPal\/\"],\"description\":\"Talkpal is a language learning web and mobile education app, powered by the latest AI technologies, that provides engaging experiences to its customers in many different languages to help them improve their language skills. Users can chat about unlimited amount of topics with the app and use other modes to practice their language learning.\",\"email\":\"support@talkpal.ai\",\"legalName\":\"Talkpal, Inc.\",\"foundingDate\":\"2023-04-03\",\"duns\":\"118989042\",\"numberOfEmployees\":{\"@type\":\"QuantitativeValue\",\"minValue\":\"11\",\"maxValue\":\"50\"},\"publishingPrinciples\":\"https:\/\/talkpal.ai\/publishing-principles\/\",\"actionableFeedbackPolicy\":\"https:\/\/talkpal.ai\/actionable-feedback-policy\/\",\"correctionsPolicy\":\"https:\/\/talkpal.ai\/corrections-policy\/\",\"ethicsPolicy\":\"https:\/\/talkpal.ai\/ethics-policy\/\",\"diversityPolicy\":\"https:\/\/talkpal.ai\/diversity-policy\/\",\"diversityStaffingReport\":\"https:\/\/talkpal.ai\/diversity-policy\/\"}]}<\/script>\n<!-- \/ Yoast SEO Premium plugin. -->","yoast_head_json":{"title":"\u0106wiczenia z gramatyki birma\u0144skiej - Talkpal","description":"Opanuj birma\u0144ski dzi\u0119ki kompleksowym \u0107wiczeniom gramatycznym obejmuj\u0105cym rzeczowniki, czasowniki i czasy, aby zwi\u0119kszy\u0107 swoj\u0105 bieg\u0142o\u015b\u0107 j\u0119zykow\u0105.","robots":{"index":"index","follow":"follow","max-snippet":"max-snippet:-1","max-image-preview":"max-image-preview:large","max-video-preview":"max-video-preview:-1"},"canonical":"https:\/\/talkpal.ai\/pl\/cwiczenia-z-gramatyki-birmanskiej\/","og_locale":"pl_PL","og_type":"article","og_title":"\u0106wiczenia z gramatyki birma\u0144skiej","og_description":"Zagadnienia gramatyki birma\u0144skiej Nauka nowego j\u0119zyka mo\u017ce by\u0107 trudnym, ale satysfakcjonuj\u0105cym przedsi\u0119wzi\u0119ciem. Birma\u0144ski, j\u0119zyk chi\u0144sko-tybeta\u0144ski","og_url":"https:\/\/talkpal.ai\/pl\/cwiczenia-z-gramatyki-birmanskiej\/","og_site_name":"Talkpal","article_publisher":"https:\/\/www.facebook.com\/profile.php?id=100090733639311","article_modified_time":"2025-12-30T15:23:59+00:00","og_image":[{"width":2880,"height":1620,"url":"https:\/\/talkpal.ai\/wp-content\/uploads\/2025\/02\/Progress-tab-16_9.png","type":"image\/png"}],"twitter_card":"summary_large_image","twitter_site":"@talkpalai","twitter_misc":{"Szacowany czas czytania":"4 minuty"},"schema":{"@context":"https:\/\/schema.org","@graph":[{"@type":"WebPage","@id":"https:\/\/talkpal.ai\/pl\/cwiczenia-z-gramatyki-birmanskiej\/","url":"https:\/\/talkpal.ai\/pl\/cwiczenia-z-gramatyki-birmanskiej\/","name":"\u0106wiczenia z gramatyki birma\u0144skiej - Talkpal","isPartOf":{"@id":"https:\/\/talkpal.ai\/pl\/#website"},"datePublished":"2025-11-11T16:21:06+00:00","dateModified":"2025-12-30T15:23:59+00:00","description":"Opanuj birma\u0144ski dzi\u0119ki kompleksowym \u0107wiczeniom gramatycznym obejmuj\u0105cym rzeczowniki, czasowniki i czasy, aby zwi\u0119kszy\u0107 swoj\u0105 bieg\u0142o\u015b\u0107 j\u0119zykow\u0105.","breadcrumb":{"@id":"https:\/\/talkpal.ai\/pl\/cwiczenia-z-gramatyki-birmanskiej\/#breadcrumb"},"inLanguage":"pl-PL","potentialAction":[{"@type":"ReadAction","target":["https:\/\/talkpal.ai\/pl\/cwiczenia-z-gramatyki-birmanskiej\/"]}]},{"@type":"BreadcrumbList","@id":"https:\/\/talkpal.ai\/pl\/cwiczenia-z-gramatyki-birmanskiej\/#breadcrumb","itemListElement":[{"@type":"ListItem","position":1,"name":"Homepage","item":"https:\/\/talkpal.ai\/pl\/"},{"@type":"ListItem","position":2,"name":"\u0106wiczenia z gramatyki birma\u0144skiej"}]},{"@type":"WebSite","@id":"https:\/\/talkpal.ai\/pl\/#website","url":"https:\/\/talkpal.ai\/pl\/","name":"Talkpal","description":"AI Language Learning","publisher":{"@id":"https:\/\/talkpal.ai\/pl\/#organization"},"alternateName":"Talkpal AI","potentialAction":[{"@type":"SearchAction","target":{"@type":"EntryPoint","urlTemplate":"https:\/\/talkpal.ai\/pl\/?s={search_term_string}"},"query-input":{"@type":"PropertyValueSpecification","valueRequired":true,"valueName":"search_term_string"}}],"inLanguage":"pl-PL"},{"@type":"Organization","@id":"https:\/\/talkpal.ai\/pl\/#organization","name":"Talkpal, Inc.","alternateName":"Talkpal AI","url":"https:\/\/talkpal.ai\/pl\/","logo":{"@type":"ImageObject","inLanguage":"pl-PL","@id":"https:\/\/talkpal.ai\/pl\/#\/schema\/logo\/image\/","url":"https:\/\/talkpal.ai\/wp-content\/uploads\/2024\/03\/Talkpal-Logo-Icon.png","contentUrl":"https:\/\/talkpal.ai\/wp-content\/uploads\/2024\/03\/Talkpal-Logo-Icon.png","width":2880,"height":2880,"caption":"Talkpal, Inc."},"image":{"@id":"https:\/\/talkpal.ai\/pl\/#\/schema\/logo\/image\/"},"sameAs":["https:\/\/www.facebook.com\/profile.php?id=100090733639311","https:\/\/x.com\/talkpalai","https:\/\/www.linkedin.com\/company\/talkpal\/","https:\/\/www.youtube.com\/@TalkPal\/","https:\/\/www.tiktok.com\/@talkpal","https:\/\/www.instagram.com\/talkpal_ai\/","https:\/\/www.crunchbase.com\/organization\/talkpal-9cde","https:\/\/www.g2.com\/products\/talkpal-for-business\/","https:\/\/www.trustpilot.com\/review\/talkpal.ai","https:\/\/www.capterra.com\/p\/10006800\/TalkPal\/"],"description":"Talkpal is a language learning web and mobile education app, powered by the latest AI technologies, that provides engaging experiences to its customers in many different languages to help them improve their language skills. Users can chat about unlimited amount of topics with the app and use other modes to practice their language learning.","email":"support@talkpal.ai","legalName":"Talkpal, Inc.","foundingDate":"2023-04-03","duns":"118989042","numberOfEmployees":{"@type":"QuantitativeValue","minValue":"11","maxValue":"50"},"publishingPrinciples":"https:\/\/talkpal.ai\/publishing-principles\/","actionableFeedbackPolicy":"https:\/\/talkpal.ai\/actionable-feedback-policy\/","correctionsPolicy":"https:\/\/talkpal.ai\/corrections-policy\/","ethicsPolicy":"https:\/\/talkpal.ai\/ethics-policy\/","diversityPolicy":"https:\/\/talkpal.ai\/diversity-policy\/","diversityStaffingReport":"https:\/\/talkpal.ai\/diversity-policy\/"}]}},"_links":{"self":[{"href":"https:\/\/talkpal.ai\/pl\/wp-json\/wp\/v2\/pages\/1476636","targetHints":{"allow":["GET"]}}],"collection":[{"href":"https:\/\/talkpal.ai\/pl\/wp-json\/wp\/v2\/pages"}],"about":[{"href":"https:\/\/talkpal.ai\/pl\/wp-json\/wp\/v2\/types\/page"}],"author":[{"embeddable":true,"href":"https:\/\/talkpal.ai\/pl\/wp-json\/wp\/v2\/users\/20"}],"replies":[{"embeddable":true,"href":"https:\/\/talkpal.ai\/pl\/wp-json\/wp\/v2\/comments?post=1476636"}],"version-history":[{"count":0,"href":"https:\/\/talkpal.ai\/pl\/wp-json\/wp\/v2\/pages\/1476636\/revisions"}],"wp:attachment":[{"href":"https:\/\/talkpal.ai\/pl\/wp-json\/wp\/v2\/media?parent=1476636"}],"curies":[{"name":"wp","href":"https:\/\/api.w.org\/{rel}","templated":true}]}}