{"id":1476603,"date":"2025-11-11T15:54:57","date_gmt":"2025-11-11T15:54:57","guid":{"rendered":"https:\/\/talkpal.ai\/gramatyka-bengalska\/"},"modified":"2025-12-30T15:13:34","modified_gmt":"2025-12-30T15:13:34","slug":"gramatyka-bengalska","status":"publish","type":"page","link":"https:\/\/talkpal.ai\/pl\/gramatyka-bengalska\/","title":{"rendered":"Gramatyka bengalska"},"content":{"rendered":"\r\n\r\n\r\n<section class=\"languageChallengeSection\">\r\n    <div class=\"languageInfoWrapper\">\r\n        \r\n        <h1>Gramatyka bengalska<\/h1>\r\n        <p><a href=\"https:\/\/talkpal.ai\/bengali-grammar\/\">Gramatyka bengalska<\/a> mo\u017ce pocz\u0105tkowo wydawa\u0107 si\u0119 trudna, ale jej unikalne cechy sprawiaj\u0105, \u017ce <a href=\"https:\/\/talkpal.ai\/pl\/jak-uczyc-sie-jezyka-za-posrednictwem-czatu-talkpal\/\">nauka j\u0119zyka<\/a> jest satysfakcjonuj\u0105cym do\u015bwiadczeniem. Badaj\u0105c jego alfabet, mutacje i zasady gramatyczne, zyskasz wgl\u0105d w bogat\u0105 tradycj\u0119 j\u0119zykow\u0105. Rozpocznij swoj\u0105 podr\u00f3\u017c i odkryj pi\u0119kno j\u0119zyka bengalskiego!<\/p>\r\n\r\n                            <a class=\"getStartedHidden\" href=\"https:\/\/app.talkpal.ai\/pl\/signup?lng=\">Zaczynaj<\/a>\r\n        \r\n    <\/div>\r\n\r\n    <figure>\r\n    <img decoding=\"async\" width=\"768\" height=\"768\" src=\"https:\/\/talkpal.ai\/wp-content\/uploads\/2023\/06\/welsh-768x768.png\" class=\"languageImage no-lazy\" alt=\"Language learning for better cognitive abilities\" fetchpriority=\"high\" sizes=\"(max-width: 768px) 150px, 768px\" srcset=\"https:\/\/talkpal.ai\/wp-content\/uploads\/2023\/06\/welsh-768x768.png 768w, https:\/\/talkpal.ai\/wp-content\/uploads\/2023\/06\/welsh-300x300.png 300w\" \/>\r\n    \r\n\r\n    <\/figure>\r\n\r\n            <a class=\"getStartedVisible\" href=\"https:\/\/app.talkpal.ai\/pl\/signup?lng=\">Zaczynaj<\/a>\r\n    \r\n<\/section><section class=\"promotionalBanner\">\r\n    <p class=\"promotionalText\">Najbardziej efektywny spos\u00f3b nauki j\u0119zyka<\/p>\r\n    <a class=\"promotionalLink\" href=\"https:\/\/app.talkpal.ai\/pl\/signup?lng=\">Wypr\u00f3buj Talkpal za darmo<\/a>\r\n<\/section>\n<div class=\"wp-block-group pageContainerStyle\"><div class=\"wp-block-group__inner-container is-layout-constrained wp-block-group-is-layout-constrained\">\n<h2 class=\"wp-block-heading\" id=\"h-navigating-the-intricacies-of-bengali-grammar\">Poruszanie si\u0119 po zawi\u0142o\u015bciach gramatyki bengalskiej<\/h2>\n\n\n\n<p><a href=\"https:\/\/talkpal.ai\/pl\/naucz-sie-bengalskiego\/\">Bengalski<\/a>, j\u0119zyk indoaryjski o bogatej historii i znaczeniu kulturowym, oferuje ekscytuj\u0105ce do\u015bwiadczenie j\u0119zykowe dla tych, kt\u00f3rzy chc\u0105 pozna\u0107 jego unikalny system gramatyczny. Zapuszczaj\u0105c si\u0119 w kr\u00f3lestwo bengalskiego, nie tylko wzbogacisz sw\u00f3j repertuar j\u0119zykowy, ale tak\u017ce we\u017amiesz udzia\u0142 w fascynuj\u0105cej podr\u00f3\u017cy kulturowej. Chocia\u017c gramatyka <a href=\"https:\/\/talkpal.ai\/learn-bengali\/\">bengalska<\/a> mo\u017ce pocz\u0105tkowo wydawa\u0107 si\u0119 skomplikowana, podzielenie jej na podstawowe elementy sprawia, \u017ce nauka j\u0119zyka jest bardziej przyst\u0119pna. W tym artykule przyjrzymy si\u0119 wci\u0105gaj\u0105cemu \u015bwiatu gramatyki bengalskiej i udzielimy wskaz\u00f3wek, jak opanowa\u0107 jej z\u0142o\u017cono\u015b\u0107.<\/p>\n\n\n\n<h3 class=\"wp-block-heading\" id=\"h-1-bengali-alphabet-and-phonetics\">1. Alfabet bengalski i fonetyka<\/h3>\n\n\n\n<p>Pismo bengalskie u\u017cywa abugidy z 11 samog\u0142oskami i 39 sp\u00f3\u0142g\u0142oskami, a tak\u017ce znakami takimi jak chandrabindu, visarga i anusvara. Aby <a href=\"https:\/\/talkpal.ai\/grammar\/\">nauczy\u0107 si\u0119 gramatyki<\/a> bengalskiej, wa\u017cne jest, aby zapozna\u0107 si\u0119 z tym charakterystycznym systemem pisma, \u0107wicz\u0105c czytanie i pisanie w j\u0119zyku bengalskim. Kluczowe cechy fonetyczne obejmuj\u0105 samog\u0142osk\u0119 wrodzon\u0105, kontrasty mi\u0119dzy d\u017awi\u0119kami z\u0119bowymi i retrofleksyjnymi oraz sp\u00f3\u0142g\u0142oski przydechowe i nieprzydechowe.<\/p>\n\n\n\n<h3 class=\"wp-block-heading\" id=\"h-2-sandhi-and-conjuncts-a-distinctive-bengali-feature\">2. Sandhi i koniunkcje: charakterystyczna cecha bengalska<\/h3>\n\n\n\n<p>Jednym z najbardziej uderzaj\u0105cych aspekt\u00f3w j\u0119zyka bengalskiego jest rozpowszechnienie sandhi i koniunkcji sp\u00f3\u0142g\u0142osek, kt\u00f3re mog\u0105 zmienia\u0107 wymow\u0119 i pisowni\u0119 na granicach morfem\u00f3w i s\u0142\u00f3w. Typowe wzorce obejmuj\u0105 redukcj\u0119 lub eliminacj\u0119 samog\u0142osek, asymilacj\u0119, nosowo\u015b\u0107 i tworzenie ligatur na pi\u015bmie. Zrozumienie, kiedy i jak zachodz\u0105 te zmiany, ma kluczowe znaczenie dla dok\u0142adnej komunikacji w j\u0119zyku bengalskim.<\/p>\n\n\n\n<h3 class=\"wp-block-heading\" id=\"h-3-nouns-and-pronouns-classifiers-and-cases\">3. Rzeczowniki i zaimki: klasyfikatory i przypadki<\/h3>\n\n\n\n<p>Rzeczowniki bengalskie nie maj\u0105 rodzaju gramatycznego, a oznaczanie liczby mnogiej cz\u0119sto wi\u0105\u017ce si\u0119 z klasyfikatorami. Znaczniki wielko\u015bci liter s\u0105 do\u0142\u0105czane jako przyrostki, na przyk\u0142ad dope\u0142niacz -r lub -er, obiektywny -ke i miejscownik -e. Klasyfikatory, takie jak -ta lub -ti, -jon i -khana, s\u0105 u\u017cywane podczas liczenia lub okre\u015blania rzeczownik\u00f3w. Zaimki w j\u0119zyku bengalskim obejmuj\u0105 formy osobowe, dzier\u017cawcze, zwrotne, wskazuj\u0105ce i pytaj\u0105ce i odzwierciedlaj\u0105 poziom uprzejmo\u015bci, na przyk\u0142ad <a href=\"https:\/\/talkpal.ai\/locations\/language-courses-in-ami\/\">ami<\/a>, tumi, apni, tui, she, tara. Zapoznanie si\u0119 z tymi zaimkami i ich formami znacznie poprawi Twoje zrozumienie gramatyki bengalskiej.<\/p>\n\n\n\n<h3 class=\"wp-block-heading\" id=\"h-4-verbs-structure-and-conjugation\">4. Czasowniki: struktura i koniugacja<\/h3>\n\n\n\n<p>Czasowniki bengalskie maj\u0105 charakterystyczn\u0105 struktur\u0119 i wz\u00f3r koniugacji w zale\u017cno\u015bci od czasu, aspektu, nastroju i grzeczno\u015bci. Podstawowe czasy to tera\u017aniejszy, przesz\u0142y i przysz\u0142y, z dodatkowymi elementami, takimi jak aspekty progresywne i dokonane oraz nastroje warunkowe i rozkazuj\u0105ce. Poznanie zasad koniugacji czasownik\u00f3w, w tym typowych negatywnych wzorc\u00f3w z na, poprawi Twoj\u0105 zdolno\u015b\u0107 do skutecznego komunikowania si\u0119 w j\u0119zyku bengalskim.<\/p>\n\n\n\n<h3 class=\"wp-block-heading\" id=\"h-5-adjectives-agreement-and-placement\">5. Przymiotniki: umowa i umiejscowienie<\/h3>\n\n\n\n<p>Zgodno\u015b\u0107 i umiejscowienie W gramatyce bengalskiej przymiotniki zazwyczaj poprzedzaj\u0105 rzeczownik, kt\u00f3ry modyfikuj\u0105 i nie zgadzaj\u0105 si\u0119 z nim pod wzgl\u0119dem rodzaju ani liczby. Znaczenia komparatystyczne i najwy\u017csze s\u0105 cz\u0119sto wyra\u017cane analitycznie, na przyk\u0142ad za pomoc\u0105 beshi dla por\u00f3wnania i shobcheye dla stopnia najwy\u017cszego, chocia\u017c istniej\u0105 r\u00f3wnie\u017c formalne przyrostki, takie jak -toro i -tomo.<\/p>\n\n\n\n<p><strong>Przyk\u0142ady:<\/strong><\/p>\n\n\n\n<p><strong>\u2013 Chhoto Bachchara (ma\u0142e dzieci)<\/strong><\/p>\n\n\n\n<p><strong>\u2013 Boro Bhalobasha (Wielka mi\u0142o\u015b\u0107)<\/strong><\/p>\n\n\n\n<h3 class=\"wp-block-heading\" id=\"h-6-engaging-with-the-language\">6. Anga\u017cowanie si\u0119 w j\u0119zyk<\/h3>\n\n\n\n<p>Najskuteczniejszym sposobem na pe\u0142ne zrozumienie i przyswojenie gramatyki bengalskiej jest konsekwentne anga\u017cowanie si\u0119 w j\u0119zyk. Czytaj\u0105c literatur\u0119 bengalsk\u0105, ogl\u0105daj\u0105c bengalskie filmy lub seriale telewizyjne i aktywnie komunikuj\u0105c si\u0119 z native speakerami, wzmocnisz swoje zrozumienie gramatyki, jednocze\u015bnie poszerzaj\u0105c swoje s\u0142ownictwo.<\/p>\n\n\n\n<h3 class=\"wp-block-heading\" id=\"h-conclusion\">Wnioski<\/h3>\n\n\n\n<p>Chocia\u017c gramatyka bengalska mo\u017ce wydawa\u0107 si\u0119 skomplikowana, mo\u017cesz sta\u0107 si\u0119 bieg\u0142y w tym pi\u0119knym j\u0119zyku dzi\u0119ki po\u015bwi\u0119ceniu, praktyce i entuzjazmowi. Koncentruj\u0105c si\u0119 na podstawowych zasadach i anga\u017cuj\u0105c si\u0119 w j\u0119zyk w r\u00f3\u017cnych kontekstach, szybko poprawisz swoje <a href=\"https:\/\/talkpal.ai\/pl\/gramatyka\/\">umiej\u0119tno\u015bci gramatyki<\/a> bengalskiej. Shubho kamona (<a href=\"https:\/\/talkpal.ai\/culture\/how-do-you-say-good-luck-in-polish\/\">powodzenia<\/a>) w podr\u00f3\u017cy j\u0119zykiem bengalskim i ciesz si\u0119 odkrywaniem enigmatycznego, ale urzekaj\u0105cego \u015bwiata gramatyki bengalskiej!<\/p>\n<\/div><\/div>\n\r\n<section class=\"learnNavigationSection\">\r\n            \r\n        <a href=\"https:\/\/talkpal.ai\/pl\/naucz-sie-bengalskiego\/\">\r\n            <div class=\"learnNavigationWrapper\">\r\n                <div class=\"learnNavigationContent\">\r\n                    <img decoding=\"async\" src=\"https:\/\/talkpal.ai\/wp-content\/uploads\/2025\/11\/Bengali.png\" alt=\"Bengali Flag\">\r\n                    <div>\r\n                        <h4>O nauce j\u0119zyka bengalskiego<\/h4>\r\n                        <p>Dowiedz si\u0119 wszystkiego o gramatyce bengalskiej.<\/p>\r\n                    <\/div>\r\n                <\/div>\r\n            <\/div>\r\n        <\/a>\r\n\r\n        \r\n        <a href=\"https:\/\/talkpal.ai\/pl\/cwiczenia-z-gramatyki-bengalskiej\/\">\r\n            <div class=\"learnNavigationWrapper\">\r\n                <div class=\"learnNavigationContent\">\r\n                    <img decoding=\"async\" src=\"https:\/\/talkpal.ai\/wp-content\/uploads\/2025\/11\/Bengali.png\" alt=\"Bengali Flag\">\r\n                    <div>\r\n                        <h4>\u0106wiczenie z gramatyki bengalskiej<\/h4>\r\n                        <p>\u0106wicz gramatyk\u0119 bengalsk\u0105.<\/p>\r\n                    <\/div>\r\n                <\/div>\r\n            <\/div>\r\n        <\/a>\r\n\r\n            <\/section>","protected":false},"excerpt":{"rendered":"<p>Poruszanie si\u0119 po zawi\u0142o\u015bciach gramatyki bengalskiej Bengalski, j\u0119zyk indoaryjski o bogatej historii i znaczeniu kulturowym, oferuje ekscytuj\u0105ce do\u015bwiadczenie j\u0119zykowe dla tych, kt\u00f3rzy chc\u0105 pozna\u0107 jego unikalny system gramatyczny. Zapuszczaj\u0105c si\u0119 w kr\u00f3lestwo bengalskiego, nie tylko wzbogacisz sw\u00f3j repertuar j\u0119zykowy, ale tak\u017ce we\u017amiesz udzia\u0142 w fascynuj\u0105cej podr\u00f3\u017cy kulturowej. Chocia\u017c gramatyka bengalska mo\u017ce pocz\u0105tkowo wydawa\u0107 si\u0119 skomplikowana, [&hellip;]<\/p>\n","protected":false},"author":20,"featured_media":0,"parent":0,"menu_order":0,"comment_status":"closed","ping_status":"closed","template":"LearningContentPage.php","meta":{"_acf_changed":false,"footnotes":""},"class_list":["post-1476603","page","type-page","status-publish","hentry"],"acf":[],"yoast_head":"<!-- This site is optimized with the Yoast SEO Premium plugin v27.2 (Yoast SEO v27.2) - https:\/\/yoast.com\/product\/yoast-seo-premium-wordpress\/ -->\n<title>Gramatyka bengalska - Talkpal<\/title>\n<meta name=\"description\" content=\"Odkryj tajniki gramatyki j\u0119zyka bengalskiego i przyspiesz nauk\u0119 dzi\u0119ki naszemu zaawansowanemu samouczkowi j\u0119zykowemu AI.\" \/>\n<meta name=\"robots\" content=\"index, follow, max-snippet:-1, max-image-preview:large, max-video-preview:-1\" \/>\n<link rel=\"canonical\" href=\"https:\/\/talkpal.ai\/pl\/gramatyka-bengalska\/\" \/>\n<meta property=\"og:locale\" content=\"pl_PL\" \/>\n<meta property=\"og:type\" content=\"article\" \/>\n<meta property=\"og:title\" content=\"Gramatyka bengalska\" \/>\n<meta property=\"og:description\" content=\"Poruszanie si\u0119 po zawi\u0142o\u015bciach gramatyki bengalskiej Bengalski, j\u0119zyk indoaryjski o bogatej historii i znaczeniu kulturowym, oferuje ekscytuj\u0105ce\" \/>\n<meta property=\"og:url\" content=\"https:\/\/talkpal.ai\/pl\/gramatyka-bengalska\/\" \/>\n<meta property=\"og:site_name\" content=\"Talkpal\" \/>\n<meta property=\"article:publisher\" content=\"https:\/\/www.facebook.com\/profile.php?id=100090733639311\" \/>\n<meta property=\"article:modified_time\" content=\"2025-12-30T15:13:34+00:00\" \/>\n<meta property=\"og:image\" content=\"https:\/\/talkpal.ai\/wp-content\/uploads\/2025\/02\/Progress-tab-16_9.png\" \/>\n\t<meta property=\"og:image:width\" content=\"2880\" \/>\n\t<meta property=\"og:image:height\" content=\"1620\" \/>\n\t<meta property=\"og:image:type\" content=\"image\/png\" \/>\n<meta name=\"twitter:card\" content=\"summary_large_image\" \/>\n<meta name=\"twitter:site\" content=\"@talkpalai\" \/>\n<meta name=\"twitter:label1\" content=\"Szacowany czas czytania\" \/>\n\t<meta name=\"twitter:data1\" content=\"3 minuty\" \/>\n<script type=\"application\/ld+json\" class=\"yoast-schema-graph\">{\"@context\":\"https:\/\/schema.org\",\"@graph\":[{\"@type\":\"WebPage\",\"@id\":\"https:\/\/talkpal.ai\/pl\/gramatyka-bengalska\/\",\"url\":\"https:\/\/talkpal.ai\/pl\/gramatyka-bengalska\/\",\"name\":\"Gramatyka bengalska - Talkpal\",\"isPartOf\":{\"@id\":\"https:\/\/talkpal.ai\/pl\/#website\"},\"datePublished\":\"2025-11-11T15:54:57+00:00\",\"dateModified\":\"2025-12-30T15:13:34+00:00\",\"description\":\"Odkryj tajniki gramatyki j\u0119zyka bengalskiego i przyspiesz nauk\u0119 dzi\u0119ki naszemu zaawansowanemu samouczkowi j\u0119zykowemu AI.\",\"breadcrumb\":{\"@id\":\"https:\/\/talkpal.ai\/pl\/gramatyka-bengalska\/#breadcrumb\"},\"inLanguage\":\"pl-PL\",\"potentialAction\":[{\"@type\":\"ReadAction\",\"target\":[\"https:\/\/talkpal.ai\/pl\/gramatyka-bengalska\/\"]}]},{\"@type\":\"BreadcrumbList\",\"@id\":\"https:\/\/talkpal.ai\/pl\/gramatyka-bengalska\/#breadcrumb\",\"itemListElement\":[{\"@type\":\"ListItem\",\"position\":1,\"name\":\"Homepage\",\"item\":\"https:\/\/talkpal.ai\/pl\/\"},{\"@type\":\"ListItem\",\"position\":2,\"name\":\"Gramatyka bengalska\"}]},{\"@type\":\"WebSite\",\"@id\":\"https:\/\/talkpal.ai\/pl\/#website\",\"url\":\"https:\/\/talkpal.ai\/pl\/\",\"name\":\"Talkpal\",\"description\":\"AI Language Learning\",\"publisher\":{\"@id\":\"https:\/\/talkpal.ai\/pl\/#organization\"},\"alternateName\":\"Talkpal AI\",\"potentialAction\":[{\"@type\":\"SearchAction\",\"target\":{\"@type\":\"EntryPoint\",\"urlTemplate\":\"https:\/\/talkpal.ai\/pl\/?s={search_term_string}\"},\"query-input\":{\"@type\":\"PropertyValueSpecification\",\"valueRequired\":true,\"valueName\":\"search_term_string\"}}],\"inLanguage\":\"pl-PL\"},{\"@type\":\"Organization\",\"@id\":\"https:\/\/talkpal.ai\/pl\/#organization\",\"name\":\"Talkpal, Inc.\",\"alternateName\":\"Talkpal AI\",\"url\":\"https:\/\/talkpal.ai\/pl\/\",\"logo\":{\"@type\":\"ImageObject\",\"inLanguage\":\"pl-PL\",\"@id\":\"https:\/\/talkpal.ai\/pl\/#\/schema\/logo\/image\/\",\"url\":\"https:\/\/talkpal.ai\/wp-content\/uploads\/2024\/03\/Talkpal-Logo-Icon.png\",\"contentUrl\":\"https:\/\/talkpal.ai\/wp-content\/uploads\/2024\/03\/Talkpal-Logo-Icon.png\",\"width\":2880,\"height\":2880,\"caption\":\"Talkpal, Inc.\"},\"image\":{\"@id\":\"https:\/\/talkpal.ai\/pl\/#\/schema\/logo\/image\/\"},\"sameAs\":[\"https:\/\/www.facebook.com\/profile.php?id=100090733639311\",\"https:\/\/x.com\/talkpalai\",\"https:\/\/www.linkedin.com\/company\/talkpal\/\",\"https:\/\/www.youtube.com\/@TalkPal\/\",\"https:\/\/www.tiktok.com\/@talkpal\",\"https:\/\/www.instagram.com\/talkpal_ai\/\",\"https:\/\/www.crunchbase.com\/organization\/talkpal-9cde\",\"https:\/\/www.g2.com\/products\/talkpal-for-business\/\",\"https:\/\/www.trustpilot.com\/review\/talkpal.ai\",\"https:\/\/www.capterra.com\/p\/10006800\/TalkPal\/\"],\"description\":\"Talkpal is a language learning web and mobile education app, powered by the latest AI technologies, that provides engaging experiences to its customers in many different languages to help them improve their language skills. Users can chat about unlimited amount of topics with the app and use other modes to practice their language learning.\",\"email\":\"support@talkpal.ai\",\"legalName\":\"Talkpal, Inc.\",\"foundingDate\":\"2023-04-03\",\"duns\":\"118989042\",\"numberOfEmployees\":{\"@type\":\"QuantitativeValue\",\"minValue\":\"11\",\"maxValue\":\"50\"},\"publishingPrinciples\":\"https:\/\/talkpal.ai\/publishing-principles\/\",\"actionableFeedbackPolicy\":\"https:\/\/talkpal.ai\/actionable-feedback-policy\/\",\"correctionsPolicy\":\"https:\/\/talkpal.ai\/corrections-policy\/\",\"ethicsPolicy\":\"https:\/\/talkpal.ai\/ethics-policy\/\",\"diversityPolicy\":\"https:\/\/talkpal.ai\/diversity-policy\/\",\"diversityStaffingReport\":\"https:\/\/talkpal.ai\/diversity-policy\/\"}]}<\/script>\n<!-- \/ Yoast SEO Premium plugin. -->","yoast_head_json":{"title":"Gramatyka bengalska - Talkpal","description":"Odkryj tajniki gramatyki j\u0119zyka bengalskiego i przyspiesz nauk\u0119 dzi\u0119ki naszemu zaawansowanemu samouczkowi j\u0119zykowemu AI.","robots":{"index":"index","follow":"follow","max-snippet":"max-snippet:-1","max-image-preview":"max-image-preview:large","max-video-preview":"max-video-preview:-1"},"canonical":"https:\/\/talkpal.ai\/pl\/gramatyka-bengalska\/","og_locale":"pl_PL","og_type":"article","og_title":"Gramatyka bengalska","og_description":"Poruszanie si\u0119 po zawi\u0142o\u015bciach gramatyki bengalskiej Bengalski, j\u0119zyk indoaryjski o bogatej historii i znaczeniu kulturowym, oferuje ekscytuj\u0105ce","og_url":"https:\/\/talkpal.ai\/pl\/gramatyka-bengalska\/","og_site_name":"Talkpal","article_publisher":"https:\/\/www.facebook.com\/profile.php?id=100090733639311","article_modified_time":"2025-12-30T15:13:34+00:00","og_image":[{"width":2880,"height":1620,"url":"https:\/\/talkpal.ai\/wp-content\/uploads\/2025\/02\/Progress-tab-16_9.png","type":"image\/png"}],"twitter_card":"summary_large_image","twitter_site":"@talkpalai","twitter_misc":{"Szacowany czas czytania":"3 minuty"},"schema":{"@context":"https:\/\/schema.org","@graph":[{"@type":"WebPage","@id":"https:\/\/talkpal.ai\/pl\/gramatyka-bengalska\/","url":"https:\/\/talkpal.ai\/pl\/gramatyka-bengalska\/","name":"Gramatyka bengalska - Talkpal","isPartOf":{"@id":"https:\/\/talkpal.ai\/pl\/#website"},"datePublished":"2025-11-11T15:54:57+00:00","dateModified":"2025-12-30T15:13:34+00:00","description":"Odkryj tajniki gramatyki j\u0119zyka bengalskiego i przyspiesz nauk\u0119 dzi\u0119ki naszemu zaawansowanemu samouczkowi j\u0119zykowemu AI.","breadcrumb":{"@id":"https:\/\/talkpal.ai\/pl\/gramatyka-bengalska\/#breadcrumb"},"inLanguage":"pl-PL","potentialAction":[{"@type":"ReadAction","target":["https:\/\/talkpal.ai\/pl\/gramatyka-bengalska\/"]}]},{"@type":"BreadcrumbList","@id":"https:\/\/talkpal.ai\/pl\/gramatyka-bengalska\/#breadcrumb","itemListElement":[{"@type":"ListItem","position":1,"name":"Homepage","item":"https:\/\/talkpal.ai\/pl\/"},{"@type":"ListItem","position":2,"name":"Gramatyka bengalska"}]},{"@type":"WebSite","@id":"https:\/\/talkpal.ai\/pl\/#website","url":"https:\/\/talkpal.ai\/pl\/","name":"Talkpal","description":"AI Language Learning","publisher":{"@id":"https:\/\/talkpal.ai\/pl\/#organization"},"alternateName":"Talkpal AI","potentialAction":[{"@type":"SearchAction","target":{"@type":"EntryPoint","urlTemplate":"https:\/\/talkpal.ai\/pl\/?s={search_term_string}"},"query-input":{"@type":"PropertyValueSpecification","valueRequired":true,"valueName":"search_term_string"}}],"inLanguage":"pl-PL"},{"@type":"Organization","@id":"https:\/\/talkpal.ai\/pl\/#organization","name":"Talkpal, Inc.","alternateName":"Talkpal AI","url":"https:\/\/talkpal.ai\/pl\/","logo":{"@type":"ImageObject","inLanguage":"pl-PL","@id":"https:\/\/talkpal.ai\/pl\/#\/schema\/logo\/image\/","url":"https:\/\/talkpal.ai\/wp-content\/uploads\/2024\/03\/Talkpal-Logo-Icon.png","contentUrl":"https:\/\/talkpal.ai\/wp-content\/uploads\/2024\/03\/Talkpal-Logo-Icon.png","width":2880,"height":2880,"caption":"Talkpal, Inc."},"image":{"@id":"https:\/\/talkpal.ai\/pl\/#\/schema\/logo\/image\/"},"sameAs":["https:\/\/www.facebook.com\/profile.php?id=100090733639311","https:\/\/x.com\/talkpalai","https:\/\/www.linkedin.com\/company\/talkpal\/","https:\/\/www.youtube.com\/@TalkPal\/","https:\/\/www.tiktok.com\/@talkpal","https:\/\/www.instagram.com\/talkpal_ai\/","https:\/\/www.crunchbase.com\/organization\/talkpal-9cde","https:\/\/www.g2.com\/products\/talkpal-for-business\/","https:\/\/www.trustpilot.com\/review\/talkpal.ai","https:\/\/www.capterra.com\/p\/10006800\/TalkPal\/"],"description":"Talkpal is a language learning web and mobile education app, powered by the latest AI technologies, that provides engaging experiences to its customers in many different languages to help them improve their language skills. Users can chat about unlimited amount of topics with the app and use other modes to practice their language learning.","email":"support@talkpal.ai","legalName":"Talkpal, Inc.","foundingDate":"2023-04-03","duns":"118989042","numberOfEmployees":{"@type":"QuantitativeValue","minValue":"11","maxValue":"50"},"publishingPrinciples":"https:\/\/talkpal.ai\/publishing-principles\/","actionableFeedbackPolicy":"https:\/\/talkpal.ai\/actionable-feedback-policy\/","correctionsPolicy":"https:\/\/talkpal.ai\/corrections-policy\/","ethicsPolicy":"https:\/\/talkpal.ai\/ethics-policy\/","diversityPolicy":"https:\/\/talkpal.ai\/diversity-policy\/","diversityStaffingReport":"https:\/\/talkpal.ai\/diversity-policy\/"}]}},"_links":{"self":[{"href":"https:\/\/talkpal.ai\/pl\/wp-json\/wp\/v2\/pages\/1476603","targetHints":{"allow":["GET"]}}],"collection":[{"href":"https:\/\/talkpal.ai\/pl\/wp-json\/wp\/v2\/pages"}],"about":[{"href":"https:\/\/talkpal.ai\/pl\/wp-json\/wp\/v2\/types\/page"}],"author":[{"embeddable":true,"href":"https:\/\/talkpal.ai\/pl\/wp-json\/wp\/v2\/users\/20"}],"replies":[{"embeddable":true,"href":"https:\/\/talkpal.ai\/pl\/wp-json\/wp\/v2\/comments?post=1476603"}],"version-history":[{"count":0,"href":"https:\/\/talkpal.ai\/pl\/wp-json\/wp\/v2\/pages\/1476603\/revisions"}],"wp:attachment":[{"href":"https:\/\/talkpal.ai\/pl\/wp-json\/wp\/v2\/media?parent=1476603"}],"curies":[{"name":"wp","href":"https:\/\/api.w.org\/{rel}","templated":true}]}}