{"id":1476532,"date":"2025-11-12T12:14:54","date_gmt":"2025-11-12T12:14:54","guid":{"rendered":"https:\/\/talkpal.ai\/cwiczenia-gramatyczne-laotanskie\/"},"modified":"2025-12-30T14:13:12","modified_gmt":"2025-12-30T14:13:12","slug":"cwiczenia-gramatyczne-laotanskie","status":"publish","type":"page","link":"https:\/\/talkpal.ai\/pl\/cwiczenia-gramatyczne-laotanskie\/","title":{"rendered":"\u0106wiczenia gramatyczne laota\u0144skie"},"content":{"rendered":"\r\n\r\n\r\n<section class=\"languageChallengeSection\">\r\n    <div class=\"languageInfoWrapper\">\r\n        \r\n        <h1>\u0106wiczenia gramatyczne laota\u0144skie<\/h1>\r\n        <p>Gotowy, aby zag\u0142\u0119bi\u0107 si\u0119 w gramatyk\u0119 laota\u0144sk\u0105? Prze\u0107wiczenie kilku podstaw pomo\u017ce ci poczu\u0107 si\u0119 komfortowo z tym wyj\u0105tkowym i pi\u0119knym j\u0119zykiem. Wypr\u00f3buj te \u0107wiczenia, aby zbudowa\u0107 pewno\u015b\u0107 siebie i dobrze si\u0119 przy tym bawi\u0107!<\/p>\r\n\r\n                            <a class=\"getStartedHidden\" href=\"https:\/\/app.talkpal.ai\/pl\/signup?lng=\">Zaczynaj<\/a>\r\n        \r\n    <\/div>\r\n\r\n    <figure>\r\n    <img decoding=\"async\" width=\"768\" height=\"768\" src=\"https:\/\/talkpal.ai\/wp-content\/uploads\/2023\/06\/welsh-768x768.png\" class=\"languageImage no-lazy\" alt=\"Language learning for better cognitive abilities\" fetchpriority=\"high\" sizes=\"(max-width: 768px) 150px, 768px\" srcset=\"https:\/\/talkpal.ai\/wp-content\/uploads\/2023\/06\/welsh-768x768.png 768w, https:\/\/talkpal.ai\/wp-content\/uploads\/2023\/06\/welsh-300x300.png 300w\" \/>\r\n    \r\n\r\n    <\/figure>\r\n\r\n            <a class=\"getStartedVisible\" href=\"https:\/\/app.talkpal.ai\/pl\/signup?lng=\">Zaczynaj<\/a>\r\n    \r\n<\/section><section class=\"promotionalBanner\">\r\n    <p class=\"promotionalText\">Najbardziej efektywny spos\u00f3b nauki j\u0119zyka<\/p>\r\n    <a class=\"promotionalLink\" href=\"https:\/\/app.talkpal.ai\/pl\/signup?lng=\">Wypr\u00f3buj Talkpal za darmo<\/a>\r\n<\/section>\n<div class=\"wp-block-group pageContainerStyle\"><div class=\"wp-block-group__inner-container is-layout-constrained wp-block-group-is-layout-constrained\">\n<h2 class=\"wp-block-heading\" id=\"h-lao-grammar-topics\">Zagadnienia gramatyczne laota\u0144skie<\/h2>\n\n\n\n<p><a href=\"https:\/\/talkpal.ai\/pl\/najwieksze-bledy-ktorych-nalezy-unikac-podczas-nauki-nowego-jezyka\/\">Nauka nowego j\u0119zyka<\/a> mo\u017ce by\u0107 trudnym, ale satysfakcjonuj\u0105cym przedsi\u0119wzi\u0119ciem. <a href=\"https:\/\/talkpal.ai\/learn-lao\/\">Laota\u0144ski<\/a>, j\u0119zyk tai-kadai u\u017cywany g\u0142\u00f3wnie w Laosie, nie jest wyj\u0105tkiem. Dzi\u0119ki swoim unikalnym cechom i strukturom, <a href=\"https:\/\/talkpal.ai\/pl\/talkpal-dla-edukacji\/\">nauka<\/a> laota\u0144skiego wymaga systematycznego podej\u015bcia do zrozumienia, w jaki spos\u00f3b znaczenie jest budowane za pomoc\u0105 cz\u0105stek, szyku s\u0142\u00f3w i klasyfikator\u00f3w, a nie fleksji. Ten przewodnik przedstawia kluczowe obszary <a href=\"https:\/\/talkpal.ai\/pl\/gramatyka-laotanska\/\">gramatyki laota\u0144skiej<\/a> w logicznej kolejno\u015bci do <a href=\"https:\/\/talkpal.ai\/pl\/chatbot-ai-do-nauki-jezykow-obcych\/\">nauki j\u0119zyka<\/a>, zaczynaj\u0105c od podstaw, takich jak rzeczowniki i klasyfikatory, a przechodz\u0105c do bardziej z\u0142o\u017conych obszar\u00f3w, takich jak znaczniki aspekt\u00f3w i konstrukcja zda\u0144.<\/p>\n\n\n\n<h3 class=\"wp-block-heading\" id=\"h-1-nouns\">1. Rzeczowniki:<\/h3>\n\n\n\n<p>Rozpocznij swoj\u0105 przygod\u0119 z j\u0119zykiem laota\u0144skim od nauki rzeczownik\u00f3w. Obejmuje to zrozumienie rzeczownik\u00f3w pospolitych i w\u0142asnych, tego, jak liczba mnoga jest pokazywana za pomoc\u0105 kontekstu, liczebnik\u00f3w i s\u0142\u00f3w takich jak wiele, a tak\u017ce istotn\u0105 rol\u0119 klasyfikator\u00f3w po liczbach i kwantyfikatorach.<\/p>\n\n\n\n<h3 class=\"wp-block-heading\" id=\"h-2-articles\">2. Artyku\u0142y:<\/h3>\n\n\n\n<p>W laota\u0144skim nie u\u017cywa si\u0119 rodzajnik\u00f3w okre\u015blonych ani nieokre\u015blonych. Zamiast tego okre\u015blono\u015b\u0107 i konkretno\u015b\u0107 s\u0105 wyra\u017cane przez kontekst, demonstracje, takie jak to i tamto, oraz konstrukcje klasyfikator\u00f3w.<\/p>\n\n\n\n<h3 class=\"wp-block-heading\" id=\"h-3-adjectives\">3. Przymiotniki:<\/h3>\n\n\n\n<p>Przymiotniki w j\u0119zyku laota\u0144skim zazwyczaj pod\u0105\u017caj\u0105 za rzeczownikami, kt\u00f3re modyfikuj\u0105. Dowiedz si\u0119, jak przymiotniki mog\u0105 r\u00f3wnie\u017c funkcjonowa\u0107 jako predykaty i jak tworzy\u0107 por\u00f3wnania za pomoc\u0105 znacznik\u00f3w dla wi\u0119cej i ponad, a tak\u017ce superlatyw\u00f3w z najwi\u0119kszym.<\/p>\n\n\n\n<h3 class=\"wp-block-heading\" id=\"h-4-pronouns-determiners\">4. Zaimki\/okre\u015blniki:<\/h3>\n\n\n\n<p>Zaimki i okre\u015blniki s\u0105 niezb\u0119dne w Laosie; Zaimki r\u00f3\u017cni\u0105 si\u0119 w zale\u017cno\u015bci od uprzejmo\u015bci, wieku i kontekstu spo\u0142ecznego. Okre\u015blniki obejmuj\u0105 wska\u017aniki i kwantyfikatory, a posiadanie jest zwykle oznaczane s\u0142owem for of mi\u0119dzy posiadaczem a rzeczownikiem.<\/p>\n\n\n\n<h3 class=\"wp-block-heading\" id=\"h-5-verbs\">5. Czasowniki:<\/h3>\n\n\n\n<p>Laota\u0144skie czasowniki nie zmieniaj\u0105 formy na czas, osob\u0119 lub liczb\u0119. Czas, aspekt i nastr\u00f3j s\u0105 pokazane za pomoc\u0105 cz\u0105stek i s\u0142\u00f3w pomocniczych. Zacznij od podstawowych wzorc\u00f3w czasownik\u00f3w i <a href=\"https:\/\/talkpal.ai\/pl\/naucz-sie-malajskiego\/\">naucz si\u0119<\/a> typowych znacznik\u00f3w przesz\u0142o\u015bci, zako\u0144czenia, trwaj\u0105cego dzia\u0142ania i intencji.<\/p>\n\n\n\n<h3 class=\"wp-block-heading\" id=\"h-6-tenses\">6. Czasy:<\/h3>\n\n\n\n<p>Po opanowaniu podstawowych wzorc\u00f3w czasownik\u00f3w zag\u0142\u0119b si\u0119 w to, jak <a href=\"https:\/\/talkpal.ai\/learn-lao\/\">laota\u0144ski<\/a> wyra\u017ca czas bez czas\u00f3w fleksyjnych. Obejmuje to u\u017cywanie s\u0142\u00f3w czasu i znacznik\u00f3w aspekt\u00f3w w celu rozr\u00f3\u017cnienia obecnych sytuacji, zako\u0144czonych wydarze\u0144 oraz przysz\u0142ych lub zamierzonych dzia\u0142a\u0144 w r\u00f3\u017cnych kontekstach.<\/p>\n\n\n\n<h3 class=\"wp-block-heading\" id=\"h-7-tense-comparison\">7. Por\u00f3wnanie czasu:<\/h3>\n\n\n\n<p>Por\u00f3wnywanie czasu i oznaczania aspekt\u00f3w w Laosie pomaga w zrozumieniu kolejno\u015bci i punktu widzenia wydarze\u0144. Por\u00f3wnaj to samo zdanie z r\u00f3\u017cnymi cz\u0105stkami, aby zobaczy\u0107, jak znaczenie zmienia si\u0119 mi\u0119dzy odczytami zako\u0144czonymi, trwaj\u0105cymi, nawykowymi i prospektywnymi.<\/p>\n\n\n\n<h3 class=\"wp-block-heading\" id=\"h-8-progressive\">8. Progresywny:<\/h3>\n\n\n\n<p>S\u0142owo &#8222;post\u0119powy&#8221; w Laosie jest u\u017cywane do wyra\u017cania bie\u017c\u0105cych dzia\u0142a\u0144. Jest zwykle tworzony za pomoc\u0105 znacznika przedwerbalnego dla w toku i mo\u017ce by\u0107 wzmocniony znacznikiem ko\u0144cowym zdania lub post-werbalnym, kt\u00f3ry wskazuje aktualny stan.<\/p>\n\n\n\n<h3 class=\"wp-block-heading\" id=\"h-9-perfect-progressive\">9. Idealny progresywny:<\/h3>\n\n\n\n<p>Znaczenie to jest wyra\u017cone za pomoc\u0105 kombinacji, kt\u00f3re pokazuj\u0105 czas trwania do punktu odniesienia. Laota\u0144ski u\u017cywa znacznik\u00f3w aspekt\u00f3w, wyra\u017ce\u0144 czasu i cz\u0105stek, kt\u00f3re wskazuj\u0105, \u017ce ju\u017c lub do tej pory przekazywa\u0142y to przez pewien czas.<\/p>\n\n\n\n<h3 class=\"wp-block-heading\" id=\"h-10-conditionals\">10. Warunki warunkowe:<\/h3>\n\n\n\n<p>Instrukcje warunkowe wyra\u017caj\u0105 hipotetyczne sytuacje i ich mo\u017cliwe wyniki. S\u0105 one tworzone za pomoc\u0105 klauzuli if, po kt\u00f3rej nast\u0119puje klauzula wynikowa, cz\u0119sto przy u\u017cyciu cz\u0105stek modalnych do wskazania prawdopodobie\u0144stwa lub intencji, a nie zmian czasu.<\/p>\n\n\n\n<h3 class=\"wp-block-heading\" id=\"h-11-adverbs\">11. Przys\u0142\u00f3wki:<\/h3>\n\n\n\n<p>Przys\u0142\u00f3wki w j\u0119zyku laota\u0144skim modyfikuj\u0105 czasowniki, przymiotniki lub inne przys\u0142\u00f3wki. Cz\u0119sto pojawiaj\u0105 si\u0119 po czasowniku lub na ko\u0144cu zdania i dostarczaj\u0105 informacji o sposobie, miejscu, czasie, stopniu i nie tylko.<\/p>\n\n\n\n<h3 class=\"wp-block-heading\" id=\"h-12-prepositions\">12. Przyimki:<\/h3>\n\n\n\n<p>Przyimki \u0142\u0105cz\u0105 ze sob\u0105 s\u0142owa i frazy. W j\u0119zyku laota\u0144skim wiele z nich to coverb, kt\u00f3re wyst\u0119puj\u0105 przed rzeczownikiem lub w konstrukcjach czasownik\u00f3w szeregowych, aby wyrazi\u0107 relacje czasu, miejsca, kierunku i akompaniamentu.<\/p>\n\n\n\n<h3 class=\"wp-block-heading\" id=\"h-13-sentences\">13. Zdania:<\/h3>\n\n\n\n<p>Na koniec po\u0107wicz konstruowanie zda\u0144. Laos jest przede wszystkim podmiotem czasownika dope\u0142nienia, z negacj\u0105 przed czasownikiem i partyku\u0142ami pytaj\u0105cymi lub s\u0142owami pytaj\u0105cymi w pozycji. Wykorzystaj wszystkie wcze\u015bniej poznane punkty gramatyczne w kontek\u015bcie, w tym klasyfikatory, znaczniki aspekt\u00f3w i czasowniki szeregowe, aby zapewni\u0107 kompleksowe zrozumienie j\u0119zyka laota\u0144skiego.<\/p>\n<\/div><\/div>\n\r\n<section class=\"learnNavigationSection\">\r\n            \r\n        <a href=\"https:\/\/talkpal.ai\/pl\/naucz-sie-laotanskiego\/\">\r\n            <div class=\"learnNavigationWrapper\">\r\n                <div class=\"learnNavigationContent\">\r\n                    <img decoding=\"async\" src=\"https:\/\/talkpal.ai\/wp-content\/uploads\/2025\/11\/Lao-1.png\" alt=\"Laotian Flag\">\r\n                    <div>\r\n                        <h4>O Laota\u0144skiej Nauce<\/h4>\r\n                        <p>Dowiedz si\u0119 wszystkiego o gramatyce laota\u0144skiej.<\/p>\r\n                    <\/div>\r\n                <\/div>\r\n            <\/div>\r\n        <\/a>\r\n\r\n        \r\n        <a href=\"https:\/\/talkpal.ai\/pl\/gramatyka-laotanska\/\">\r\n            <div class=\"learnNavigationWrapper\">\r\n                <div class=\"learnNavigationContent\">\r\n                    <img decoding=\"async\" src=\"https:\/\/talkpal.ai\/wp-content\/uploads\/2025\/11\/Lao-1.png\" alt=\"Laotian Flag\">\r\n                    <div>\r\n                        <h4>Lekcje gramatyki laota\u0144skiej<\/h4>\r\n                        <p>\u0106wicz gramatyk\u0119 laota\u0144sk\u0105.<\/p>\r\n                    <\/div>\r\n                <\/div>\r\n            <\/div>\r\n        <\/a>\r\n\r\n            <\/section>","protected":false},"excerpt":{"rendered":"<p>Zagadnienia gramatyczne laota\u0144skie Nauka nowego j\u0119zyka mo\u017ce by\u0107 trudnym, ale satysfakcjonuj\u0105cym przedsi\u0119wzi\u0119ciem. Laota\u0144ski, j\u0119zyk tai-kadai u\u017cywany g\u0142\u00f3wnie w Laosie, nie jest wyj\u0105tkiem. Dzi\u0119ki swoim unikalnym cechom i strukturom, nauka laota\u0144skiego wymaga systematycznego podej\u015bcia do zrozumienia, w jaki spos\u00f3b znaczenie jest budowane za pomoc\u0105 cz\u0105stek, szyku s\u0142\u00f3w i klasyfikator\u00f3w, a nie fleksji. Ten przewodnik przedstawia kluczowe [&hellip;]<\/p>\n","protected":false},"author":20,"featured_media":0,"parent":0,"menu_order":0,"comment_status":"closed","ping_status":"closed","template":"LearningContentPage.php","meta":{"_acf_changed":false,"footnotes":""},"class_list":["post-1476532","page","type-page","status-publish","hentry"],"acf":[],"yoast_head":"<!-- This site is optimized with the Yoast SEO Premium plugin v27.2 (Yoast SEO v27.2) - https:\/\/yoast.com\/product\/yoast-seo-premium-wordpress\/ -->\n<title>\u0106wiczenia gramatyczne laota\u0144skie - Talkpal<\/title>\n<meta name=\"description\" content=\"Opanuj gramatyk\u0119 j\u0119zyka laota\u0144skiego dzi\u0119ki interaktywnym \u0107wiczeniom, kt\u00f3re pomog\u0105 Ci rozwin\u0105\u0107 p\u0142ynno\u015b\u0107 i pewno\u015b\u0107 siebie w tym j\u0119zyku.\" \/>\n<meta name=\"robots\" content=\"index, follow, max-snippet:-1, max-image-preview:large, max-video-preview:-1\" \/>\n<link rel=\"canonical\" href=\"https:\/\/talkpal.ai\/pl\/cwiczenia-gramatyczne-laotanskie\/\" \/>\n<meta property=\"og:locale\" content=\"pl_PL\" \/>\n<meta property=\"og:type\" content=\"article\" \/>\n<meta property=\"og:title\" content=\"\u0106wiczenia gramatyczne laota\u0144skie\" \/>\n<meta property=\"og:description\" content=\"Zagadnienia gramatyczne laota\u0144skie Nauka nowego j\u0119zyka mo\u017ce by\u0107 trudnym, ale satysfakcjonuj\u0105cym przedsi\u0119wzi\u0119ciem. Laota\u0144ski, j\u0119zyk tai-kadai u\u017cywany\" \/>\n<meta property=\"og:url\" content=\"https:\/\/talkpal.ai\/pl\/cwiczenia-gramatyczne-laotanskie\/\" \/>\n<meta property=\"og:site_name\" content=\"Talkpal\" \/>\n<meta property=\"article:publisher\" content=\"https:\/\/www.facebook.com\/profile.php?id=100090733639311\" \/>\n<meta property=\"article:modified_time\" content=\"2025-12-30T14:13:12+00:00\" \/>\n<meta property=\"og:image\" content=\"https:\/\/talkpal.ai\/wp-content\/uploads\/2025\/02\/Progress-tab-16_9.png\" \/>\n\t<meta property=\"og:image:width\" content=\"2880\" \/>\n\t<meta property=\"og:image:height\" content=\"1620\" \/>\n\t<meta property=\"og:image:type\" content=\"image\/png\" \/>\n<meta name=\"twitter:card\" content=\"summary_large_image\" \/>\n<meta name=\"twitter:site\" content=\"@talkpalai\" \/>\n<meta name=\"twitter:label1\" content=\"Szacowany czas czytania\" \/>\n\t<meta name=\"twitter:data1\" content=\"4 minuty\" \/>\n<script type=\"application\/ld+json\" class=\"yoast-schema-graph\">{\"@context\":\"https:\/\/schema.org\",\"@graph\":[{\"@type\":\"WebPage\",\"@id\":\"https:\/\/talkpal.ai\/pl\/cwiczenia-gramatyczne-laotanskie\/\",\"url\":\"https:\/\/talkpal.ai\/pl\/cwiczenia-gramatyczne-laotanskie\/\",\"name\":\"\u0106wiczenia gramatyczne laota\u0144skie - Talkpal\",\"isPartOf\":{\"@id\":\"https:\/\/talkpal.ai\/pl\/#website\"},\"datePublished\":\"2025-11-12T12:14:54+00:00\",\"dateModified\":\"2025-12-30T14:13:12+00:00\",\"description\":\"Opanuj gramatyk\u0119 j\u0119zyka laota\u0144skiego dzi\u0119ki interaktywnym \u0107wiczeniom, kt\u00f3re pomog\u0105 Ci rozwin\u0105\u0107 p\u0142ynno\u015b\u0107 i pewno\u015b\u0107 siebie w tym j\u0119zyku.\",\"breadcrumb\":{\"@id\":\"https:\/\/talkpal.ai\/pl\/cwiczenia-gramatyczne-laotanskie\/#breadcrumb\"},\"inLanguage\":\"pl-PL\",\"potentialAction\":[{\"@type\":\"ReadAction\",\"target\":[\"https:\/\/talkpal.ai\/pl\/cwiczenia-gramatyczne-laotanskie\/\"]}]},{\"@type\":\"BreadcrumbList\",\"@id\":\"https:\/\/talkpal.ai\/pl\/cwiczenia-gramatyczne-laotanskie\/#breadcrumb\",\"itemListElement\":[{\"@type\":\"ListItem\",\"position\":1,\"name\":\"Homepage\",\"item\":\"https:\/\/talkpal.ai\/pl\/\"},{\"@type\":\"ListItem\",\"position\":2,\"name\":\"\u0106wiczenia gramatyczne laota\u0144skie\"}]},{\"@type\":\"WebSite\",\"@id\":\"https:\/\/talkpal.ai\/pl\/#website\",\"url\":\"https:\/\/talkpal.ai\/pl\/\",\"name\":\"Talkpal\",\"description\":\"AI Language Learning\",\"publisher\":{\"@id\":\"https:\/\/talkpal.ai\/pl\/#organization\"},\"alternateName\":\"Talkpal AI\",\"potentialAction\":[{\"@type\":\"SearchAction\",\"target\":{\"@type\":\"EntryPoint\",\"urlTemplate\":\"https:\/\/talkpal.ai\/pl\/?s={search_term_string}\"},\"query-input\":{\"@type\":\"PropertyValueSpecification\",\"valueRequired\":true,\"valueName\":\"search_term_string\"}}],\"inLanguage\":\"pl-PL\"},{\"@type\":\"Organization\",\"@id\":\"https:\/\/talkpal.ai\/pl\/#organization\",\"name\":\"Talkpal, Inc.\",\"alternateName\":\"Talkpal AI\",\"url\":\"https:\/\/talkpal.ai\/pl\/\",\"logo\":{\"@type\":\"ImageObject\",\"inLanguage\":\"pl-PL\",\"@id\":\"https:\/\/talkpal.ai\/pl\/#\/schema\/logo\/image\/\",\"url\":\"https:\/\/talkpal.ai\/wp-content\/uploads\/2024\/03\/Talkpal-Logo-Icon.png\",\"contentUrl\":\"https:\/\/talkpal.ai\/wp-content\/uploads\/2024\/03\/Talkpal-Logo-Icon.png\",\"width\":2880,\"height\":2880,\"caption\":\"Talkpal, Inc.\"},\"image\":{\"@id\":\"https:\/\/talkpal.ai\/pl\/#\/schema\/logo\/image\/\"},\"sameAs\":[\"https:\/\/www.facebook.com\/profile.php?id=100090733639311\",\"https:\/\/x.com\/talkpalai\",\"https:\/\/www.linkedin.com\/company\/talkpal\/\",\"https:\/\/www.youtube.com\/@TalkPal\/\",\"https:\/\/www.tiktok.com\/@talkpal\",\"https:\/\/www.instagram.com\/talkpal_ai\/\",\"https:\/\/www.crunchbase.com\/organization\/talkpal-9cde\",\"https:\/\/www.g2.com\/products\/talkpal-for-business\/\",\"https:\/\/www.trustpilot.com\/review\/talkpal.ai\",\"https:\/\/www.capterra.com\/p\/10006800\/TalkPal\/\"],\"description\":\"Talkpal is a language learning web and mobile education app, powered by the latest AI technologies, that provides engaging experiences to its customers in many different languages to help them improve their language skills. Users can chat about unlimited amount of topics with the app and use other modes to practice their language learning.\",\"email\":\"support@talkpal.ai\",\"legalName\":\"Talkpal, Inc.\",\"foundingDate\":\"2023-04-03\",\"duns\":\"118989042\",\"numberOfEmployees\":{\"@type\":\"QuantitativeValue\",\"minValue\":\"11\",\"maxValue\":\"50\"},\"publishingPrinciples\":\"https:\/\/talkpal.ai\/publishing-principles\/\",\"actionableFeedbackPolicy\":\"https:\/\/talkpal.ai\/actionable-feedback-policy\/\",\"correctionsPolicy\":\"https:\/\/talkpal.ai\/corrections-policy\/\",\"ethicsPolicy\":\"https:\/\/talkpal.ai\/ethics-policy\/\",\"diversityPolicy\":\"https:\/\/talkpal.ai\/diversity-policy\/\",\"diversityStaffingReport\":\"https:\/\/talkpal.ai\/diversity-policy\/\"}]}<\/script>\n<!-- \/ Yoast SEO Premium plugin. -->","yoast_head_json":{"title":"\u0106wiczenia gramatyczne laota\u0144skie - Talkpal","description":"Opanuj gramatyk\u0119 j\u0119zyka laota\u0144skiego dzi\u0119ki interaktywnym \u0107wiczeniom, kt\u00f3re pomog\u0105 Ci rozwin\u0105\u0107 p\u0142ynno\u015b\u0107 i pewno\u015b\u0107 siebie w tym j\u0119zyku.","robots":{"index":"index","follow":"follow","max-snippet":"max-snippet:-1","max-image-preview":"max-image-preview:large","max-video-preview":"max-video-preview:-1"},"canonical":"https:\/\/talkpal.ai\/pl\/cwiczenia-gramatyczne-laotanskie\/","og_locale":"pl_PL","og_type":"article","og_title":"\u0106wiczenia gramatyczne laota\u0144skie","og_description":"Zagadnienia gramatyczne laota\u0144skie Nauka nowego j\u0119zyka mo\u017ce by\u0107 trudnym, ale satysfakcjonuj\u0105cym przedsi\u0119wzi\u0119ciem. Laota\u0144ski, j\u0119zyk tai-kadai u\u017cywany","og_url":"https:\/\/talkpal.ai\/pl\/cwiczenia-gramatyczne-laotanskie\/","og_site_name":"Talkpal","article_publisher":"https:\/\/www.facebook.com\/profile.php?id=100090733639311","article_modified_time":"2025-12-30T14:13:12+00:00","og_image":[{"width":2880,"height":1620,"url":"https:\/\/talkpal.ai\/wp-content\/uploads\/2025\/02\/Progress-tab-16_9.png","type":"image\/png"}],"twitter_card":"summary_large_image","twitter_site":"@talkpalai","twitter_misc":{"Szacowany czas czytania":"4 minuty"},"schema":{"@context":"https:\/\/schema.org","@graph":[{"@type":"WebPage","@id":"https:\/\/talkpal.ai\/pl\/cwiczenia-gramatyczne-laotanskie\/","url":"https:\/\/talkpal.ai\/pl\/cwiczenia-gramatyczne-laotanskie\/","name":"\u0106wiczenia gramatyczne laota\u0144skie - Talkpal","isPartOf":{"@id":"https:\/\/talkpal.ai\/pl\/#website"},"datePublished":"2025-11-12T12:14:54+00:00","dateModified":"2025-12-30T14:13:12+00:00","description":"Opanuj gramatyk\u0119 j\u0119zyka laota\u0144skiego dzi\u0119ki interaktywnym \u0107wiczeniom, kt\u00f3re pomog\u0105 Ci rozwin\u0105\u0107 p\u0142ynno\u015b\u0107 i pewno\u015b\u0107 siebie w tym j\u0119zyku.","breadcrumb":{"@id":"https:\/\/talkpal.ai\/pl\/cwiczenia-gramatyczne-laotanskie\/#breadcrumb"},"inLanguage":"pl-PL","potentialAction":[{"@type":"ReadAction","target":["https:\/\/talkpal.ai\/pl\/cwiczenia-gramatyczne-laotanskie\/"]}]},{"@type":"BreadcrumbList","@id":"https:\/\/talkpal.ai\/pl\/cwiczenia-gramatyczne-laotanskie\/#breadcrumb","itemListElement":[{"@type":"ListItem","position":1,"name":"Homepage","item":"https:\/\/talkpal.ai\/pl\/"},{"@type":"ListItem","position":2,"name":"\u0106wiczenia gramatyczne laota\u0144skie"}]},{"@type":"WebSite","@id":"https:\/\/talkpal.ai\/pl\/#website","url":"https:\/\/talkpal.ai\/pl\/","name":"Talkpal","description":"AI Language Learning","publisher":{"@id":"https:\/\/talkpal.ai\/pl\/#organization"},"alternateName":"Talkpal AI","potentialAction":[{"@type":"SearchAction","target":{"@type":"EntryPoint","urlTemplate":"https:\/\/talkpal.ai\/pl\/?s={search_term_string}"},"query-input":{"@type":"PropertyValueSpecification","valueRequired":true,"valueName":"search_term_string"}}],"inLanguage":"pl-PL"},{"@type":"Organization","@id":"https:\/\/talkpal.ai\/pl\/#organization","name":"Talkpal, Inc.","alternateName":"Talkpal AI","url":"https:\/\/talkpal.ai\/pl\/","logo":{"@type":"ImageObject","inLanguage":"pl-PL","@id":"https:\/\/talkpal.ai\/pl\/#\/schema\/logo\/image\/","url":"https:\/\/talkpal.ai\/wp-content\/uploads\/2024\/03\/Talkpal-Logo-Icon.png","contentUrl":"https:\/\/talkpal.ai\/wp-content\/uploads\/2024\/03\/Talkpal-Logo-Icon.png","width":2880,"height":2880,"caption":"Talkpal, Inc."},"image":{"@id":"https:\/\/talkpal.ai\/pl\/#\/schema\/logo\/image\/"},"sameAs":["https:\/\/www.facebook.com\/profile.php?id=100090733639311","https:\/\/x.com\/talkpalai","https:\/\/www.linkedin.com\/company\/talkpal\/","https:\/\/www.youtube.com\/@TalkPal\/","https:\/\/www.tiktok.com\/@talkpal","https:\/\/www.instagram.com\/talkpal_ai\/","https:\/\/www.crunchbase.com\/organization\/talkpal-9cde","https:\/\/www.g2.com\/products\/talkpal-for-business\/","https:\/\/www.trustpilot.com\/review\/talkpal.ai","https:\/\/www.capterra.com\/p\/10006800\/TalkPal\/"],"description":"Talkpal is a language learning web and mobile education app, powered by the latest AI technologies, that provides engaging experiences to its customers in many different languages to help them improve their language skills. Users can chat about unlimited amount of topics with the app and use other modes to practice their language learning.","email":"support@talkpal.ai","legalName":"Talkpal, Inc.","foundingDate":"2023-04-03","duns":"118989042","numberOfEmployees":{"@type":"QuantitativeValue","minValue":"11","maxValue":"50"},"publishingPrinciples":"https:\/\/talkpal.ai\/publishing-principles\/","actionableFeedbackPolicy":"https:\/\/talkpal.ai\/actionable-feedback-policy\/","correctionsPolicy":"https:\/\/talkpal.ai\/corrections-policy\/","ethicsPolicy":"https:\/\/talkpal.ai\/ethics-policy\/","diversityPolicy":"https:\/\/talkpal.ai\/diversity-policy\/","diversityStaffingReport":"https:\/\/talkpal.ai\/diversity-policy\/"}]}},"_links":{"self":[{"href":"https:\/\/talkpal.ai\/pl\/wp-json\/wp\/v2\/pages\/1476532","targetHints":{"allow":["GET"]}}],"collection":[{"href":"https:\/\/talkpal.ai\/pl\/wp-json\/wp\/v2\/pages"}],"about":[{"href":"https:\/\/talkpal.ai\/pl\/wp-json\/wp\/v2\/types\/page"}],"author":[{"embeddable":true,"href":"https:\/\/talkpal.ai\/pl\/wp-json\/wp\/v2\/users\/20"}],"replies":[{"embeddable":true,"href":"https:\/\/talkpal.ai\/pl\/wp-json\/wp\/v2\/comments?post=1476532"}],"version-history":[{"count":0,"href":"https:\/\/talkpal.ai\/pl\/wp-json\/wp\/v2\/pages\/1476532\/revisions"}],"wp:attachment":[{"href":"https:\/\/talkpal.ai\/pl\/wp-json\/wp\/v2\/media?parent=1476532"}],"curies":[{"name":"wp","href":"https:\/\/api.w.org\/{rel}","templated":true}]}}