{"id":1476524,"date":"2025-11-12T12:14:52","date_gmt":"2025-11-12T12:14:52","guid":{"rendered":"https:\/\/talkpal.ai\/gramatyka-laotanska\/"},"modified":"2025-12-30T14:12:04","modified_gmt":"2025-12-30T14:12:04","slug":"gramatyka-laotanska","status":"publish","type":"page","link":"https:\/\/talkpal.ai\/pl\/gramatyka-laotanska\/","title":{"rendered":"Gramatyka laota\u0144ska"},"content":{"rendered":"\r\n\r\n\r\n<section class=\"languageChallengeSection\">\r\n    <div class=\"languageInfoWrapper\">\r\n        \r\n        <h1>Gramatyka laota\u0144ska<\/h1>\r\n        <p><a href=\"https:\/\/talkpal.ai\/lao-grammar\/\">Gramatyka laota\u0144ska<\/a> mo\u017ce pocz\u0105tkowo wydawa\u0107 si\u0119 trudna, ale jej unikalne cechy sprawiaj\u0105, \u017ce <a href=\"https:\/\/talkpal.ai\/pl\/jak-uczyc-sie-jezyka-za-posrednictwem-czatu-talkpal\/\">nauka j\u0119zyka<\/a> jest satysfakcjonuj\u0105cym do\u015bwiadczeniem. Badaj\u0105c jego alfabet, mutacje i zasady gramatyczne, zyskasz wgl\u0105d w bogat\u0105 tradycj\u0119 j\u0119zykow\u0105. Rozpocznij swoj\u0105 podr\u00f3\u017c i odkryj pi\u0119kno Laosu!<\/p>\r\n\r\n                            <a class=\"getStartedHidden\" href=\"https:\/\/app.talkpal.ai\/pl\/signup?lng=\">Zaczynaj<\/a>\r\n        \r\n    <\/div>\r\n\r\n    <figure>\r\n    <img decoding=\"async\" width=\"768\" height=\"768\" src=\"https:\/\/talkpal.ai\/wp-content\/uploads\/2023\/06\/welsh-768x768.png\" class=\"languageImage no-lazy\" alt=\"Language learning for better cognitive abilities\" fetchpriority=\"high\" sizes=\"(max-width: 768px) 150px, 768px\" srcset=\"https:\/\/talkpal.ai\/wp-content\/uploads\/2023\/06\/welsh-768x768.png 768w, https:\/\/talkpal.ai\/wp-content\/uploads\/2023\/06\/welsh-300x300.png 300w\" \/>\r\n    \r\n\r\n    <\/figure>\r\n\r\n            <a class=\"getStartedVisible\" href=\"https:\/\/app.talkpal.ai\/pl\/signup?lng=\">Zaczynaj<\/a>\r\n    \r\n<\/section><section class=\"promotionalBanner\">\r\n    <p class=\"promotionalText\">Najbardziej efektywny spos\u00f3b nauki j\u0119zyka<\/p>\r\n    <a class=\"promotionalLink\" href=\"https:\/\/app.talkpal.ai\/pl\/signup?lng=\">Wypr\u00f3buj Talkpal za darmo<\/a>\r\n<\/section>\n<div class=\"wp-block-group pageContainerStyle\"><div class=\"wp-block-group__inner-container is-layout-constrained wp-block-group-is-layout-constrained\">\n<h2 class=\"wp-block-heading\" id=\"h-navigating-the-intricacies-of-lao-grammar\">Poruszanie si\u0119 po zawi\u0142o\u015bciach gramatyki laota\u0144skiej<\/h2>\n\n\n\n<p><a href=\"https:\/\/talkpal.ai\/pl\/naucz-sie-laotanskiego\/\">Laota\u0144ski<\/a>, j\u0119zyk tai-kadai o bogatej historii i znaczeniu kulturowym, oferuje ekscytuj\u0105ce do\u015bwiadczenie j\u0119zykowe dla tych, kt\u00f3rzy chc\u0105 pozna\u0107 jego unikalny system gramatyczny. Zapuszczaj\u0105c si\u0119 w kr\u00f3lestwo Laosu, nie tylko wzbogacisz sw\u00f3j repertuar j\u0119zykowy, ale tak\u017ce we\u017amiesz udzia\u0142 w fascynuj\u0105cej podr\u00f3\u017cy kulturowej. Chocia\u017c gramatyka laota\u0144ska mo\u017ce pocz\u0105tkowo wydawa\u0107 si\u0119 nieznajoma, rozbicie jej na podstawowe elementy sprawia, \u017ce nauka j\u0119zyka jest bardziej przyst\u0119pna. W tym artykule przyjrzymy si\u0119 wci\u0105gaj\u0105cemu \u015bwiatu gramatyki laota\u0144skiej i udzielimy wskaz\u00f3wek, jak opanowa\u0107 jej z\u0142o\u017cono\u015b\u0107.<\/p>\n\n\n\n<h3 class=\"wp-block-heading\" id=\"h-1-lao-alphabet-and-phonetics\">1. Alfabet laota\u0144ski i fonetyka<\/h3>\n\n\n\n<p>Pismo laota\u0144skie u\u017cywa 27 liter sp\u00f3\u0142g\u0142osek, licznych znak\u00f3w samog\u0142osek i czterech znak\u00f3w tonalnych. <a href=\"https:\/\/talkpal.ai\/learn-lao\/\">Laota\u0144ski<\/a> jest tonalny, z pi\u0119cioma <a href=\"https:\/\/talkpal.ai\/locations\/language-courses-in-tonami\/\">tonami<\/a> w standardowym dialekcie wientia\u0144skim. Aby <a href=\"https:\/\/talkpal.ai\/grammar\/\">nauczy\u0107 si\u0119 gramatyki<\/a> laota\u0144skiej, wa\u017cne jest, aby zapozna\u0107 si\u0119 z tym charakterystycznym systemem pisma, \u0107wicz\u0105c czytanie i pisanie w j\u0119zyku laota\u0144skim.<\/p>\n\n\n\n<h3 class=\"wp-block-heading\" id=\"h-2-tone-system-a-defining-lao-feature\">2. System ton\u00f3w: cecha definiuj\u0105ca Laos<\/h3>\n\n\n\n<p>Jednym z najbardziej uderzaj\u0105cych aspekt\u00f3w gramatyki laota\u0144skiej jest jej system ton\u00f3w. Sp\u00f3\u0142g\u0142oski s\u0105 pogrupowane w klasy wysokie, \u015brednie i niskie, kt\u00f3re wchodz\u0105 w interakcj\u0119 ze znakami tonalnymi, d\u0142ugo\u015bci\u0105 samog\u0142osek i typem sylaby w celu okre\u015blenia tonu. Zrozumienie, w jaki spos\u00f3b klasy sp\u00f3\u0142g\u0142osek i znaki tonalne kszta\u0142tuj\u0105 wymow\u0119, jest niezb\u0119dne do dok\u0142adnej komunikacji w j\u0119zyku laota\u0144skim.<\/p>\n\n\n\n<h3 class=\"wp-block-heading\" id=\"h-3-nouns-and-pronouns-classifiers-and-politeness\">3. Rzeczowniki i zaimki: klasyfikatory i grzeczno\u015b\u0107<\/h3>\n\n\n\n<p>Rzeczowniki laota\u0144skie nie maj\u0105 rodzaju gramatycznego ani przypadku, a liczba mnoga jest zwykle wyra\u017cana s\u0142owami takimi jak &#8222;wiele&#8221; lub klasyfikatorami, a nie odmian\u0105. Zaimki w j\u0119zyku laota\u0144skim obejmuj\u0105 formy osobowe, dzier\u017cawcze, zwrotne, wskazuj\u0105ce i pytaj\u0105ce, z wieloma wyborami kszta\u0142towanymi przez wiek, status i uprzejmo\u015b\u0107. Zapoznanie si\u0119 z tymi zaimkami, klasyfikatorami i znacznikiem dzier\u017cawczym &#8222;khong&#8221; znacznie poprawi Twoje zrozumienie gramatyki laota\u0144skiej.<\/p>\n\n\n\n<h3 class=\"wp-block-heading\" id=\"h-4-verbs-structure-and-conjugation\">4. Czasowniki: struktura i koniugacja<\/h3>\n\n\n\n<p>Czasowniki laota\u0144skie nie odmieniaj\u0105 si\u0119 za czas, nastr\u00f3j lub osob\u0119. Czas i aspekt s\u0105 wyra\u017cone za pomoc\u0105 cz\u0105steczek takich jak &#8222;kamlang&#8221; dla progresywnych, &#8222;laew&#8221; dla zako\u0144czonych dzia\u0142a\u0144, oraz &#8222;si&#8221; dla przysz\u0142o\u015bci. Znaczenia warunkowe i rozkazuj\u0105ce s\u0105 tworzone za pomoc\u0105 partyku\u0142y i kontekstu. Nauczenie si\u0119, jak Laota\u0144czycy u\u017cywaj\u0105 partyku\u0142, czasownik\u00f3w szeregowych i kopu\u0142, takich jak &#8222;pi\u00f3ro&#8221; dla to\u017csamo\u015bci i &#8222;yu&#8221; dla lokalizacji, poprawi twoj\u0105 zdolno\u015b\u0107 do skutecznego komunikowania si\u0119 w j\u0119zyku laota\u0144skim.<\/p>\n\n\n\n<h3 class=\"wp-block-heading\" id=\"h-5-adjectives-agreement-and-placement\">5. Przymiotniki: umowa i umiejscowienie<\/h3>\n\n\n\n<p>W gramatyce laota\u0144skiej przymiotniki zazwyczaj nast\u0119puj\u0105 po rzeczowniku, kt\u00f3ry modyfikuj\u0105 i nie zgadzaj\u0105 si\u0119 co do rodzaju lub liczby. Por\u00f3wnania i superlatywy s\u0105 zbudowane z cz\u0105stek takich jak &#8222;kwaa&#8221; dla &#8222;wi\u0119cej ni\u017c&#8221; i &#8222;thi sut&#8221; dla &#8222;najbardziej&#8221;, kt\u00f3re s\u0105 niezb\u0119dne do nauczenia si\u0119 bardziej naturalnego komunikowania si\u0119.<\/p>\n\n\n\n<p><strong>Przyk\u0142ady:<\/strong><\/p>\n\n\n\n<p><strong>\u2013 khw\u0101m hak nyai (wielka mi\u0142o\u015b\u0107)<\/strong><\/p>\n\n\n\n<p><strong>\u2013 dek n\u00f2i (ma\u0142e dzieci)<\/strong><\/p>\n\n\n\n<h3 class=\"wp-block-heading\" id=\"h-6-engaging-with-the-language\">6. Anga\u017cowanie si\u0119 w j\u0119zyk<\/h3>\n\n\n\n<p>Najskuteczniejszym sposobem na pe\u0142ne zrozumienie i przyswojenie gramatyki laota\u0144skiej jest konsekwentne anga\u017cowanie si\u0119 w j\u0119zyk. Czytaj\u0105c laota\u0144sk\u0105 literatur\u0119, ogl\u0105daj\u0105c laota\u0144skie filmy lub seriale telewizyjne i aktywnie komunikuj\u0105c si\u0119 z native speakerami, wzmocnisz swoje zrozumienie gramatyki, jednocze\u015bnie poszerzaj\u0105c swoje s\u0142ownictwo.<\/p>\n\n\n\n<h3 class=\"wp-block-heading\" id=\"h-conclusion\">Wnioski<\/h3>\n\n\n\n<p>Chocia\u017c gramatyka laota\u0144ska mo\u017ce wydawa\u0107 si\u0119 skomplikowana, mo\u017cesz sta\u0107 si\u0119 bieg\u0142y w tym pi\u0119knym j\u0119zyku dzi\u0119ki po\u015bwi\u0119ceniu, praktyce i entuzjazmowi. Koncentruj\u0105c si\u0119 na podstawowych zasadach i anga\u017cuj\u0105c si\u0119 w j\u0119zyk w r\u00f3\u017cnych kontekstach, szybko poprawisz swoje <a href=\"https:\/\/talkpal.ai\/pl\/gramatyka\/\">umiej\u0119tno\u015bci gramatyczne<\/a> w j\u0119zyku laota\u0144skim. Sok dii (<a href=\"https:\/\/talkpal.ai\/culture\/how-do-you-say-good-luck-in-polish\/\">powodzenia<\/a>) w podr\u00f3\u017cy j\u0119zykiem laota\u0144skim i ciesz si\u0119 odkrywaniem enigmatycznego, ale urzekaj\u0105cego \u015bwiata gramatyki laota\u0144skiej!<\/p>\n<\/div><\/div>\n\r\n<section class=\"learnNavigationSection\">\r\n            \r\n        <a href=\"https:\/\/talkpal.ai\/pl\/naucz-sie-laotanskiego\/\">\r\n            <div class=\"learnNavigationWrapper\">\r\n                <div class=\"learnNavigationContent\">\r\n                    <img decoding=\"async\" src=\"https:\/\/talkpal.ai\/wp-content\/uploads\/2025\/11\/Lao-1.png\" alt=\"Laotian Flag\">\r\n                    <div>\r\n                        <h4>O Laota\u0144skiej Nauce<\/h4>\r\n                        <p>Dowiedz si\u0119 wszystkiego o gramatyce laota\u0144skiej.<\/p>\r\n                    <\/div>\r\n                <\/div>\r\n            <\/div>\r\n        <\/a>\r\n\r\n        \r\n        <a href=\"https:\/\/talkpal.ai\/pl\/cwiczenia-gramatyczne-laotanskie\/\">\r\n            <div class=\"learnNavigationWrapper\">\r\n                <div class=\"learnNavigationContent\">\r\n                    <img decoding=\"async\" src=\"https:\/\/talkpal.ai\/wp-content\/uploads\/2025\/11\/Lao-1.png\" alt=\"Laotian Flag\">\r\n                    <div>\r\n                        <h4>\u0106wiczenie z gramatyki laota\u0144skiej<\/h4>\r\n                        <p>\u0106wicz gramatyk\u0119 laota\u0144sk\u0105.<\/p>\r\n                    <\/div>\r\n                <\/div>\r\n            <\/div>\r\n        <\/a>\r\n\r\n            <\/section>","protected":false},"excerpt":{"rendered":"<p>Poruszanie si\u0119 po zawi\u0142o\u015bciach gramatyki laota\u0144skiej Laota\u0144ski, j\u0119zyk tai-kadai o bogatej historii i znaczeniu kulturowym, oferuje ekscytuj\u0105ce do\u015bwiadczenie j\u0119zykowe dla tych, kt\u00f3rzy chc\u0105 pozna\u0107 jego unikalny system gramatyczny. Zapuszczaj\u0105c si\u0119 w kr\u00f3lestwo Laosu, nie tylko wzbogacisz sw\u00f3j repertuar j\u0119zykowy, ale tak\u017ce we\u017amiesz udzia\u0142 w fascynuj\u0105cej podr\u00f3\u017cy kulturowej. Chocia\u017c gramatyka laota\u0144ska mo\u017ce pocz\u0105tkowo wydawa\u0107 si\u0119 nieznajoma, [&hellip;]<\/p>\n","protected":false},"author":20,"featured_media":0,"parent":0,"menu_order":0,"comment_status":"closed","ping_status":"closed","template":"LearningContentPage.php","meta":{"_acf_changed":false,"footnotes":""},"class_list":["post-1476524","page","type-page","status-publish","hentry"],"acf":[],"yoast_head":"<!-- This site is optimized with the Yoast SEO Premium plugin v27.2 (Yoast SEO v27.2) - https:\/\/yoast.com\/product\/yoast-seo-premium-wordpress\/ -->\n<title>Gramatyka laota\u0144ska - Talkpal<\/title>\n<meta name=\"description\" content=\"Opanuj podstawy gramatyki Lao, w tym system ton\u00f3w i struktur\u0119 zda\u0144, aby poprawi\u0107 swoj\u0105 znajomo\u015b\u0107 j\u0119zyka dzi\u0119ki Talkpal.\" \/>\n<meta name=\"robots\" content=\"index, follow, max-snippet:-1, max-image-preview:large, max-video-preview:-1\" \/>\n<link rel=\"canonical\" href=\"https:\/\/talkpal.ai\/pl\/gramatyka-laotanska\/\" \/>\n<meta property=\"og:locale\" content=\"pl_PL\" \/>\n<meta property=\"og:type\" content=\"article\" \/>\n<meta property=\"og:title\" content=\"Gramatyka laota\u0144ska\" \/>\n<meta property=\"og:description\" content=\"Poruszanie si\u0119 po zawi\u0142o\u015bciach gramatyki laota\u0144skiej Laota\u0144ski, j\u0119zyk tai-kadai o bogatej historii i znaczeniu kulturowym, oferuje ekscytuj\u0105ce\" \/>\n<meta property=\"og:url\" content=\"https:\/\/talkpal.ai\/pl\/gramatyka-laotanska\/\" \/>\n<meta property=\"og:site_name\" content=\"Talkpal\" \/>\n<meta property=\"article:publisher\" content=\"https:\/\/www.facebook.com\/profile.php?id=100090733639311\" \/>\n<meta property=\"article:modified_time\" content=\"2025-12-30T14:12:04+00:00\" \/>\n<meta property=\"og:image\" content=\"https:\/\/talkpal.ai\/wp-content\/uploads\/2025\/02\/Progress-tab-16_9.png\" \/>\n\t<meta property=\"og:image:width\" content=\"2880\" \/>\n\t<meta property=\"og:image:height\" content=\"1620\" \/>\n\t<meta property=\"og:image:type\" content=\"image\/png\" \/>\n<meta name=\"twitter:card\" content=\"summary_large_image\" \/>\n<meta name=\"twitter:site\" content=\"@talkpalai\" \/>\n<meta name=\"twitter:label1\" content=\"Szacowany czas czytania\" \/>\n\t<meta name=\"twitter:data1\" content=\"3 minuty\" \/>\n<script type=\"application\/ld+json\" class=\"yoast-schema-graph\">{\"@context\":\"https:\/\/schema.org\",\"@graph\":[{\"@type\":\"WebPage\",\"@id\":\"https:\/\/talkpal.ai\/pl\/gramatyka-laotanska\/\",\"url\":\"https:\/\/talkpal.ai\/pl\/gramatyka-laotanska\/\",\"name\":\"Gramatyka laota\u0144ska - Talkpal\",\"isPartOf\":{\"@id\":\"https:\/\/talkpal.ai\/pl\/#website\"},\"datePublished\":\"2025-11-12T12:14:52+00:00\",\"dateModified\":\"2025-12-30T14:12:04+00:00\",\"description\":\"Opanuj podstawy gramatyki Lao, w tym system ton\u00f3w i struktur\u0119 zda\u0144, aby poprawi\u0107 swoj\u0105 znajomo\u015b\u0107 j\u0119zyka dzi\u0119ki Talkpal.\",\"breadcrumb\":{\"@id\":\"https:\/\/talkpal.ai\/pl\/gramatyka-laotanska\/#breadcrumb\"},\"inLanguage\":\"pl-PL\",\"potentialAction\":[{\"@type\":\"ReadAction\",\"target\":[\"https:\/\/talkpal.ai\/pl\/gramatyka-laotanska\/\"]}]},{\"@type\":\"BreadcrumbList\",\"@id\":\"https:\/\/talkpal.ai\/pl\/gramatyka-laotanska\/#breadcrumb\",\"itemListElement\":[{\"@type\":\"ListItem\",\"position\":1,\"name\":\"Homepage\",\"item\":\"https:\/\/talkpal.ai\/pl\/\"},{\"@type\":\"ListItem\",\"position\":2,\"name\":\"Gramatyka laota\u0144ska\"}]},{\"@type\":\"WebSite\",\"@id\":\"https:\/\/talkpal.ai\/pl\/#website\",\"url\":\"https:\/\/talkpal.ai\/pl\/\",\"name\":\"Talkpal\",\"description\":\"AI Language Learning\",\"publisher\":{\"@id\":\"https:\/\/talkpal.ai\/pl\/#organization\"},\"alternateName\":\"Talkpal AI\",\"potentialAction\":[{\"@type\":\"SearchAction\",\"target\":{\"@type\":\"EntryPoint\",\"urlTemplate\":\"https:\/\/talkpal.ai\/pl\/?s={search_term_string}\"},\"query-input\":{\"@type\":\"PropertyValueSpecification\",\"valueRequired\":true,\"valueName\":\"search_term_string\"}}],\"inLanguage\":\"pl-PL\"},{\"@type\":\"Organization\",\"@id\":\"https:\/\/talkpal.ai\/pl\/#organization\",\"name\":\"Talkpal, Inc.\",\"alternateName\":\"Talkpal AI\",\"url\":\"https:\/\/talkpal.ai\/pl\/\",\"logo\":{\"@type\":\"ImageObject\",\"inLanguage\":\"pl-PL\",\"@id\":\"https:\/\/talkpal.ai\/pl\/#\/schema\/logo\/image\/\",\"url\":\"https:\/\/talkpal.ai\/wp-content\/uploads\/2024\/03\/Talkpal-Logo-Icon.png\",\"contentUrl\":\"https:\/\/talkpal.ai\/wp-content\/uploads\/2024\/03\/Talkpal-Logo-Icon.png\",\"width\":2880,\"height\":2880,\"caption\":\"Talkpal, Inc.\"},\"image\":{\"@id\":\"https:\/\/talkpal.ai\/pl\/#\/schema\/logo\/image\/\"},\"sameAs\":[\"https:\/\/www.facebook.com\/profile.php?id=100090733639311\",\"https:\/\/x.com\/talkpalai\",\"https:\/\/www.linkedin.com\/company\/talkpal\/\",\"https:\/\/www.youtube.com\/@TalkPal\/\",\"https:\/\/www.tiktok.com\/@talkpal\",\"https:\/\/www.instagram.com\/talkpal_ai\/\",\"https:\/\/www.crunchbase.com\/organization\/talkpal-9cde\",\"https:\/\/www.g2.com\/products\/talkpal-for-business\/\",\"https:\/\/www.trustpilot.com\/review\/talkpal.ai\",\"https:\/\/www.capterra.com\/p\/10006800\/TalkPal\/\"],\"description\":\"Talkpal is a language learning web and mobile education app, powered by the latest AI technologies, that provides engaging experiences to its customers in many different languages to help them improve their language skills. Users can chat about unlimited amount of topics with the app and use other modes to practice their language learning.\",\"email\":\"support@talkpal.ai\",\"legalName\":\"Talkpal, Inc.\",\"foundingDate\":\"2023-04-03\",\"duns\":\"118989042\",\"numberOfEmployees\":{\"@type\":\"QuantitativeValue\",\"minValue\":\"11\",\"maxValue\":\"50\"},\"publishingPrinciples\":\"https:\/\/talkpal.ai\/publishing-principles\/\",\"actionableFeedbackPolicy\":\"https:\/\/talkpal.ai\/actionable-feedback-policy\/\",\"correctionsPolicy\":\"https:\/\/talkpal.ai\/corrections-policy\/\",\"ethicsPolicy\":\"https:\/\/talkpal.ai\/ethics-policy\/\",\"diversityPolicy\":\"https:\/\/talkpal.ai\/diversity-policy\/\",\"diversityStaffingReport\":\"https:\/\/talkpal.ai\/diversity-policy\/\"}]}<\/script>\n<!-- \/ Yoast SEO Premium plugin. -->","yoast_head_json":{"title":"Gramatyka laota\u0144ska - Talkpal","description":"Opanuj podstawy gramatyki Lao, w tym system ton\u00f3w i struktur\u0119 zda\u0144, aby poprawi\u0107 swoj\u0105 znajomo\u015b\u0107 j\u0119zyka dzi\u0119ki Talkpal.","robots":{"index":"index","follow":"follow","max-snippet":"max-snippet:-1","max-image-preview":"max-image-preview:large","max-video-preview":"max-video-preview:-1"},"canonical":"https:\/\/talkpal.ai\/pl\/gramatyka-laotanska\/","og_locale":"pl_PL","og_type":"article","og_title":"Gramatyka laota\u0144ska","og_description":"Poruszanie si\u0119 po zawi\u0142o\u015bciach gramatyki laota\u0144skiej Laota\u0144ski, j\u0119zyk tai-kadai o bogatej historii i znaczeniu kulturowym, oferuje ekscytuj\u0105ce","og_url":"https:\/\/talkpal.ai\/pl\/gramatyka-laotanska\/","og_site_name":"Talkpal","article_publisher":"https:\/\/www.facebook.com\/profile.php?id=100090733639311","article_modified_time":"2025-12-30T14:12:04+00:00","og_image":[{"width":2880,"height":1620,"url":"https:\/\/talkpal.ai\/wp-content\/uploads\/2025\/02\/Progress-tab-16_9.png","type":"image\/png"}],"twitter_card":"summary_large_image","twitter_site":"@talkpalai","twitter_misc":{"Szacowany czas czytania":"3 minuty"},"schema":{"@context":"https:\/\/schema.org","@graph":[{"@type":"WebPage","@id":"https:\/\/talkpal.ai\/pl\/gramatyka-laotanska\/","url":"https:\/\/talkpal.ai\/pl\/gramatyka-laotanska\/","name":"Gramatyka laota\u0144ska - Talkpal","isPartOf":{"@id":"https:\/\/talkpal.ai\/pl\/#website"},"datePublished":"2025-11-12T12:14:52+00:00","dateModified":"2025-12-30T14:12:04+00:00","description":"Opanuj podstawy gramatyki Lao, w tym system ton\u00f3w i struktur\u0119 zda\u0144, aby poprawi\u0107 swoj\u0105 znajomo\u015b\u0107 j\u0119zyka dzi\u0119ki Talkpal.","breadcrumb":{"@id":"https:\/\/talkpal.ai\/pl\/gramatyka-laotanska\/#breadcrumb"},"inLanguage":"pl-PL","potentialAction":[{"@type":"ReadAction","target":["https:\/\/talkpal.ai\/pl\/gramatyka-laotanska\/"]}]},{"@type":"BreadcrumbList","@id":"https:\/\/talkpal.ai\/pl\/gramatyka-laotanska\/#breadcrumb","itemListElement":[{"@type":"ListItem","position":1,"name":"Homepage","item":"https:\/\/talkpal.ai\/pl\/"},{"@type":"ListItem","position":2,"name":"Gramatyka laota\u0144ska"}]},{"@type":"WebSite","@id":"https:\/\/talkpal.ai\/pl\/#website","url":"https:\/\/talkpal.ai\/pl\/","name":"Talkpal","description":"AI Language Learning","publisher":{"@id":"https:\/\/talkpal.ai\/pl\/#organization"},"alternateName":"Talkpal AI","potentialAction":[{"@type":"SearchAction","target":{"@type":"EntryPoint","urlTemplate":"https:\/\/talkpal.ai\/pl\/?s={search_term_string}"},"query-input":{"@type":"PropertyValueSpecification","valueRequired":true,"valueName":"search_term_string"}}],"inLanguage":"pl-PL"},{"@type":"Organization","@id":"https:\/\/talkpal.ai\/pl\/#organization","name":"Talkpal, Inc.","alternateName":"Talkpal AI","url":"https:\/\/talkpal.ai\/pl\/","logo":{"@type":"ImageObject","inLanguage":"pl-PL","@id":"https:\/\/talkpal.ai\/pl\/#\/schema\/logo\/image\/","url":"https:\/\/talkpal.ai\/wp-content\/uploads\/2024\/03\/Talkpal-Logo-Icon.png","contentUrl":"https:\/\/talkpal.ai\/wp-content\/uploads\/2024\/03\/Talkpal-Logo-Icon.png","width":2880,"height":2880,"caption":"Talkpal, Inc."},"image":{"@id":"https:\/\/talkpal.ai\/pl\/#\/schema\/logo\/image\/"},"sameAs":["https:\/\/www.facebook.com\/profile.php?id=100090733639311","https:\/\/x.com\/talkpalai","https:\/\/www.linkedin.com\/company\/talkpal\/","https:\/\/www.youtube.com\/@TalkPal\/","https:\/\/www.tiktok.com\/@talkpal","https:\/\/www.instagram.com\/talkpal_ai\/","https:\/\/www.crunchbase.com\/organization\/talkpal-9cde","https:\/\/www.g2.com\/products\/talkpal-for-business\/","https:\/\/www.trustpilot.com\/review\/talkpal.ai","https:\/\/www.capterra.com\/p\/10006800\/TalkPal\/"],"description":"Talkpal is a language learning web and mobile education app, powered by the latest AI technologies, that provides engaging experiences to its customers in many different languages to help them improve their language skills. Users can chat about unlimited amount of topics with the app and use other modes to practice their language learning.","email":"support@talkpal.ai","legalName":"Talkpal, Inc.","foundingDate":"2023-04-03","duns":"118989042","numberOfEmployees":{"@type":"QuantitativeValue","minValue":"11","maxValue":"50"},"publishingPrinciples":"https:\/\/talkpal.ai\/publishing-principles\/","actionableFeedbackPolicy":"https:\/\/talkpal.ai\/actionable-feedback-policy\/","correctionsPolicy":"https:\/\/talkpal.ai\/corrections-policy\/","ethicsPolicy":"https:\/\/talkpal.ai\/ethics-policy\/","diversityPolicy":"https:\/\/talkpal.ai\/diversity-policy\/","diversityStaffingReport":"https:\/\/talkpal.ai\/diversity-policy\/"}]}},"_links":{"self":[{"href":"https:\/\/talkpal.ai\/pl\/wp-json\/wp\/v2\/pages\/1476524","targetHints":{"allow":["GET"]}}],"collection":[{"href":"https:\/\/talkpal.ai\/pl\/wp-json\/wp\/v2\/pages"}],"about":[{"href":"https:\/\/talkpal.ai\/pl\/wp-json\/wp\/v2\/types\/page"}],"author":[{"embeddable":true,"href":"https:\/\/talkpal.ai\/pl\/wp-json\/wp\/v2\/users\/20"}],"replies":[{"embeddable":true,"href":"https:\/\/talkpal.ai\/pl\/wp-json\/wp\/v2\/comments?post=1476524"}],"version-history":[{"count":0,"href":"https:\/\/talkpal.ai\/pl\/wp-json\/wp\/v2\/pages\/1476524\/revisions"}],"wp:attachment":[{"href":"https:\/\/talkpal.ai\/pl\/wp-json\/wp\/v2\/media?parent=1476524"}],"curies":[{"name":"wp","href":"https:\/\/api.w.org\/{rel}","templated":true}]}}