{"id":1476483,"date":"2025-11-12T11:25:18","date_gmt":"2025-11-12T11:25:18","guid":{"rendered":"https:\/\/talkpal.ai\/cwiczenia-gramatyczne-khmerskie\/"},"modified":"2025-12-30T14:43:40","modified_gmt":"2025-12-30T14:43:40","slug":"cwiczenia-gramatyczne-khmerskie","status":"publish","type":"page","link":"https:\/\/talkpal.ai\/pl\/cwiczenia-gramatyczne-khmerskie\/","title":{"rendered":"\u0106wiczenia gramatyczne khmerskie"},"content":{"rendered":"\r\n\r\n\r\n<section class=\"languageChallengeSection\">\r\n    <div class=\"languageInfoWrapper\">\r\n        \r\n        <h1>\u0106wiczenia gramatyczne khmerskie<\/h1>\r\n        <p>Gotowy, aby zanurzy\u0107 si\u0119 w gramatyce khmerskiej? Prze\u0107wiczenie kilku podstaw pomo\u017ce ci poczu\u0107 si\u0119 komfortowo z tym wyj\u0105tkowym i pi\u0119knym j\u0119zykiem. Wypr\u00f3buj te \u0107wiczenia, aby zbudowa\u0107 pewno\u015b\u0107 siebie i dobrze si\u0119 przy tym bawi\u0107!<\/p>\r\n\r\n                            <a class=\"getStartedHidden\" href=\"https:\/\/app.talkpal.ai\/pl\/signup?lng=\">Zaczynaj<\/a>\r\n        \r\n    <\/div>\r\n\r\n    <figure>\r\n    <img decoding=\"async\" width=\"768\" height=\"768\" src=\"https:\/\/talkpal.ai\/wp-content\/uploads\/2023\/06\/welsh-768x768.png\" class=\"languageImage no-lazy\" alt=\"Language learning for better cognitive abilities\" fetchpriority=\"high\" sizes=\"(max-width: 768px) 150px, 768px\" srcset=\"https:\/\/talkpal.ai\/wp-content\/uploads\/2023\/06\/welsh-768x768.png 768w, https:\/\/talkpal.ai\/wp-content\/uploads\/2023\/06\/welsh-300x300.png 300w\" \/>\r\n    \r\n\r\n    <\/figure>\r\n\r\n            <a class=\"getStartedVisible\" href=\"https:\/\/app.talkpal.ai\/pl\/signup?lng=\">Zaczynaj<\/a>\r\n    \r\n<\/section><section class=\"promotionalBanner\">\r\n    <p class=\"promotionalText\">Najbardziej efektywny spos\u00f3b nauki j\u0119zyka<\/p>\r\n    <a class=\"promotionalLink\" href=\"https:\/\/app.talkpal.ai\/pl\/signup?lng=\">Wypr\u00f3buj Talkpal za darmo<\/a>\r\n<\/section>\n<div class=\"wp-block-group pageContainerStyle\"><div class=\"wp-block-group__inner-container is-layout-constrained wp-block-group-is-layout-constrained\">\n<h2 class=\"wp-block-heading\" id=\"h-khmer-grammar-topics\">Zagadnienia gramatyki khmerskiej<\/h2>\n\n\n\n<p><a href=\"https:\/\/talkpal.ai\/pl\/najwieksze-bledy-ktorych-nalezy-unikac-podczas-nauki-nowego-jezyka\/\">Nauka nowego j\u0119zyka<\/a> mo\u017ce by\u0107 trudnym, ale satysfakcjonuj\u0105cym przedsi\u0119wzi\u0119ciem. Khmerski, j\u0119zyk austroazjatycki u\u017cywany g\u0142\u00f3wnie w Kambod\u017cy, nie jest wyj\u0105tkiem. Ze wzgl\u0119du na swoj\u0105 analityczn\u0105 struktur\u0119 i charakterystyczne cz\u0105stki, <a href=\"https:\/\/talkpal.ai\/pl\/talkpal-dla-edukacji\/\">nauka<\/a> khmerskiego wymaga systematycznego podej\u015bcia do zrozumienia, w jaki spos\u00f3b budowane jest znaczenie bez przegi\u0119cia. Ten przewodnik przedstawia kluczowe obszary <a href=\"https:\/\/talkpal.ai\/pl\/gramatyka-khmerska\/\">gramatyki khmerskiej<\/a> w logicznej kolejno\u015bci do <a href=\"https:\/\/talkpal.ai\/pl\/chatbot-ai-do-nauki-jezykow-obcych\/\">nauki j\u0119zyka<\/a>, zaczynaj\u0105c od podstaw, takich jak rzeczowniki i rodzajniki, a przechodz\u0105c do bardziej z\u0142o\u017conych obszar\u00f3w, takich jak czasy i konstrukcja zda\u0144.<\/p>\n\n\n\n<h3 class=\"wp-block-heading\" id=\"h-1-nouns\">1. Rzeczowniki:<\/h3>\n\n\n\n<p>Rozpocznij swoj\u0105 przygod\u0119 z j\u0119zykiem khmerskim od nauki rzeczownik\u00f3w. Obejmuje to zrozumienie rzeczownik\u00f3w pospolitych i w\u0142asnych, to, jak liczba mnoga jest cz\u0119sto pokazywana za pomoc\u0105 kwantyfikator\u00f3w, klasyfikator\u00f3w lub reduplikacji, a nie fleksji, oraz brak rodzaju gramatycznego lub przypadku.<\/p>\n\n\n\n<h3 class=\"wp-block-heading\" id=\"h-2-articles\">2. Artyku\u0142y:<\/h3>\n\n\n\n<p>W j\u0119zyku khmerskim nie u\u017cywa si\u0119 przedimk\u00f3w okre\u015blonych ani nieokre\u015blonych, jak w <a href=\"https:\/\/talkpal.ai\/pl\/praktyka-mowienia-po-angielsku-ai\/\">j\u0119zyku angielskim<\/a>. Okre\u015blono\u015b\u0107 jest wyra\u017cana przez kontekst lub demonstracje, takie jak \u1793\u17c1\u17c7 to i \u1793\u17c4\u17c7 tamto, podczas gdy nieokre\u015blono\u015b\u0107 mo\u017cna pokaza\u0107 za pomoc\u0105 liczebnika \u1798\u17bd\u1799 jeden lub s\u0142\u00f3w takich jak \u1798\u17bd\u1799\u1785\u17c6\u1793\u17bd\u1793 niekt\u00f3re.<\/p>\n\n\n\n<h3 class=\"wp-block-heading\" id=\"h-3-adjectives\">3. Przymiotniki:<\/h3>\n\n\n\n<p>Przymiotniki w j\u0119zyku khmerskim zazwyczaj nast\u0119puj\u0105 po rzeczownikach i mog\u0105 funkcjonowa\u0107 jako czasowniki statyczne w orzeczeniach. <a href=\"https:\/\/talkpal.ai\/pl\/naucz-sie-malajskiego\/\">Naucz si\u0119<\/a> znacznik\u00f3w stopni i por\u00f3wna\u0144, takich jak \u178e\u17b6\u179f\u17cb very, \u1787\u17b6\u1784 dla por\u00f3wnania i \u1787\u17b6\u1784\u1782\u17c1 dla najwy\u017cszego stopnia, a tak\u017ce reduplikacji dla podkre\u015blenia.<\/p>\n\n\n\n<h3 class=\"wp-block-heading\" id=\"h-4-pronouns-determiners\">4. Zaimki\/okre\u015blniki:<\/h3>\n\n\n\n<p>Zaimki i okre\u015blniki s\u0105 niezb\u0119dne w j\u0119zyku khmerskim i odzwierciedlaj\u0105 poziom formalno\u015bci i relacji spo\u0142ecznych. Opanuj zaimki osobowe, wskazuj\u0105ce, kwantyfikatory, liczebniki z klasyfikatorami i posiadanie za pomoc\u0105 \u179a\u1794\u179f\u17cb lub sekwencji rzeczownik-rzeczownik, aby uzyska\u0107 jasn\u0105 i odpowiedni\u0105 komunikacj\u0119.<\/p>\n\n\n\n<h3 class=\"wp-block-heading\" id=\"h-5-verbs\">5. Czasowniki:<\/h3>\n\n\n\n<p>Czasowniki khmerskie nie odmieniaj\u0105 si\u0119 dla osoby ani czasu. Aspekt, czas i nastr\u00f3j s\u0105 pokazane za pomoc\u0105 partyku\u0142y i przys\u0142\u00f3wk\u00f3w, takich jak \u1780\u17c6\u1796\u17bb\u1784 progresywny, \u1794\u17b6\u1793 uko\u0144czony lub przesz\u0142y, \u1793\u17b9\u1784 przysz\u0142o\u015b\u0107 lub intencja, \u1791\u17be\u1794 po prostu i \u178f\u17c2\u1784 nawykowy, wraz z konstrukcjami czasownik\u00f3w szeregowych i ograniczonym u\u017cyciem kopuli, takich jak \u1787\u17b6 do klasyfikacji i \u1793\u17c5 do lokalizacji.<\/p>\n\n\n\n<h3 class=\"wp-block-heading\" id=\"h-6-tenses\">6. Czasy:<\/h3>\n\n\n\n<p>Po opanowaniu u\u017cycia czasownik\u00f3w dowiedz si\u0119, jak khmerski wyra\u017ca czas bez czas\u00f3w fleksyjnych. Tera\u017aniejszo\u015b\u0107 jest cz\u0119sto nieoznaczona, przesz\u0142o\u015b\u0107 jest zwykle wskazywana za pomoc\u0105 \u1794\u17b6\u1793 lub wyra\u017ce\u0144 czasu, a przysz\u0142o\u015b\u0107 lub intencja jest pokazywana za pomoc\u0105 \u1793\u17b9\u1784 lub kontekstu, z pe\u0142nym niuansem cz\u0119sto oznaczonym ju\u017c przez \u17a0\u17be\u1799.<\/p>\n\n\n\n<h3 class=\"wp-block-heading\" id=\"h-7-tense-comparison\">7. Por\u00f3wnanie czasu:<\/h3>\n\n\n\n<p>Por\u00f3wnywanie czasu i aspektu w j\u0119zyku khmerskim skupia si\u0119 na partyku\u0142ach i przys\u0142\u00f3wkach, a nie na zmianach czasownik\u00f3w. U\u017cywanie tego samego czasownika z partyku\u0142ami takimi jak \u1794\u17b6\u1793, \u1793\u17b9\u1784 i \u1780\u17c6\u1796\u17bb\u1784 w r\u00f3\u017cnych kontekstach wyja\u015bni, w jaki spos\u00f3b wyra\u017cane s\u0105 sekwencje zdarze\u0144.<\/p>\n\n\n\n<h3 class=\"wp-block-heading\" id=\"h-8-progressive\">8. Progresywny:<\/h3>\n\n\n\n<p>Post\u0119powy w j\u0119zyku khmerskim jest u\u017cywany do wyra\u017cania bie\u017c\u0105cych dzia\u0142a\u0144. Tworzy si\u0119 go przez umieszczenie \u1780\u17c6\u1796\u17bb\u1784 przed czasownikiem g\u0142\u00f3wnym, z opcjonalnym \u178f\u17c2 dla podkre\u015blenia i mo\u017ce by\u0107 \u0142\u0105czony z wyra\u017ceniami czasowymi dla jasno\u015bci.<\/p>\n\n\n\n<h3 class=\"wp-block-heading\" id=\"h-9-perfect-progressive\">9. Idealny progresywny:<\/h3>\n\n\n\n<p>S\u0142u\u017cy do wyra\u017cania dzia\u0142a\u0144, kt\u00f3re by\u0142y w toku do okre\u015blonego momentu. W j\u0119zyku khmerskim ci\u0105g\u0142o\u015b\u0107 do tej pory mo\u017cna pokaza\u0107 za pomoc\u0105 \u1780\u17c6\u1796\u17bb\u1784 &#8230; \u1798\u1780 lub \u1794\u17b6\u1793 + czasownik + \u1798\u1780 wraz z frazami czasu trwania, w zale\u017cno\u015bci od kontekstu i akcentu.<\/p>\n\n\n\n<h3 class=\"wp-block-heading\" id=\"h-10-conditionals\">10. Warunki warunkowe:<\/h3>\n\n\n\n<p>Instrukcje warunkowe wyra\u017caj\u0105 hipotetyczne sytuacje i wyniki. Khmerowie powszechnie u\u017cywaj\u0105 \u1794\u17be lub \u1794\u17d2\u179a\u179f\u17b7\u1793\u1794\u17be for if w zdaniu warunkowym, przy czym wynik cz\u0119sto jest oznaczony partyku\u0142ami, takimi jak \u1793\u17c4\u17c7 lub odpowiednimi modalami dla niuans\u00f3w.<\/p>\n\n\n\n<h3 class=\"wp-block-heading\" id=\"h-11-adverbs\">11. Przys\u0142\u00f3wki:<\/h3>\n\n\n\n<p>Przys\u0142\u00f3wki w j\u0119zyku khmerskim modyfikuj\u0105 czasowniki, przymiotniki lub inne przys\u0142\u00f3wki i obejmuj\u0105 spos\u00f3b, miejsce, czas i stopie\u0144. Pozycja jest elastyczna, z przys\u0142\u00f3wkami czasu cz\u0119sto na pocz\u0105tku, sposobem cz\u0119sto po czasowniku, a s\u0142owa stopnia, takie jak \u178e\u17b6\u179f\u17cb i \u1794\u1793\u17d2\u178f\u17b7\u1785 kszta\u0142tuj\u0105 intensywno\u015b\u0107.<\/p>\n\n\n\n<h3 class=\"wp-block-heading\" id=\"h-12-prepositions\">12. Przyimki:<\/h3>\n\n\n\n<p>Przyimki \u0142\u0105cz\u0105 s\u0142owa i frazy, aby pokaza\u0107 relacje czasu, miejsca i kierunku. Khmerowie u\u017cywaj\u0105 element\u00f3w takich jak \u1793\u17c5 at lub in, \u1791\u17c5 to, \u1796\u17b8 from i form relacyjnych, takich jak \u1781\u17b6\u1784\u1780\u17d2\u179a\u17c4\u1799 za i \u179b\u17be na, cz\u0119sto w po\u0142\u0105czeniu z rzeczownikami lokalizacji.<\/p>\n\n\n\n<h3 class=\"wp-block-heading\" id=\"h-13-sentences\">13. Zdania:<\/h3>\n\n\n\n<p>Na koniec po\u0107wicz konstruowanie zda\u0144. Khmerski sk\u0142ania si\u0119 ku porz\u0105dkowi SVO z cz\u0119stymi strukturami temat-komentarz. Opanuj negacj\u0119 za pomoc\u0105 \u1798\u17b7\u1793 &#8230; \u1791\u17c1 w standardowym u\u017cyciu i powszechnych formach potocznych, imperatywy z partyku\u0142ami takimi jak \u179f\u17bc\u1798 oraz integracja wszystkich wcze\u015bniej poznanych punkt\u00f3w gramatycznych w kontek\u015bcie.<\/p>\n<\/div><\/div>\n\r\n<section class=\"learnNavigationSection\">\r\n            \r\n        <a href=\"https:\/\/talkpal.ai\/pl\/naucz-sie-walijskiego\/\">\r\n            <div class=\"learnNavigationWrapper\">\r\n                <div class=\"learnNavigationContent\">\r\n                    <img decoding=\"async\" src=\"https:\/\/talkpal.ai\/wp-content\/uploads\/2025\/11\/Khmer.png\" alt=\"Cambodian Flag\">\r\n                    <div>\r\n                        <h4>O nauce khmerskiego<\/h4>\r\n                        <p>Dowiedz si\u0119 wszystkiego o gramatyce khmerskiej.<\/p>\r\n                    <\/div>\r\n                <\/div>\r\n            <\/div>\r\n        <\/a>\r\n\r\n        \r\n        <a href=\"https:\/\/talkpal.ai\/pl\/gramatyka-khmerska\/\">\r\n            <div class=\"learnNavigationWrapper\">\r\n                <div class=\"learnNavigationContent\">\r\n                    <img decoding=\"async\" src=\"https:\/\/talkpal.ai\/wp-content\/uploads\/2025\/11\/Khmer.png\" alt=\"Cambodian Flag\">\r\n                    <div>\r\n                        <h4>Lekcje gramatyki khmerskiej<\/h4>\r\n                        <p>\u0106wicz gramatyk\u0119 khmersk\u0105.<\/p>\r\n                    <\/div>\r\n                <\/div>\r\n            <\/div>\r\n        <\/a>\r\n\r\n            <\/section>","protected":false},"excerpt":{"rendered":"<p>Zagadnienia gramatyki khmerskiej Nauka nowego j\u0119zyka mo\u017ce by\u0107 trudnym, ale satysfakcjonuj\u0105cym przedsi\u0119wzi\u0119ciem. Khmerski, j\u0119zyk austroazjatycki u\u017cywany g\u0142\u00f3wnie w Kambod\u017cy, nie jest wyj\u0105tkiem. Ze wzgl\u0119du na swoj\u0105 analityczn\u0105 struktur\u0119 i charakterystyczne cz\u0105stki, nauka khmerskiego wymaga systematycznego podej\u015bcia do zrozumienia, w jaki spos\u00f3b budowane jest znaczenie bez przegi\u0119cia. Ten przewodnik przedstawia kluczowe obszary gramatyki khmerskiej w logicznej [&hellip;]<\/p>\n","protected":false},"author":20,"featured_media":0,"parent":0,"menu_order":0,"comment_status":"closed","ping_status":"closed","template":"LearningContentPage.php","meta":{"_acf_changed":false,"footnotes":""},"class_list":["post-1476483","page","type-page","status-publish","hentry"],"acf":[],"yoast_head":"<!-- This site is optimized with the Yoast SEO Premium plugin v27.2 (Yoast SEO v27.2) - https:\/\/yoast.com\/product\/yoast-seo-premium-wordpress\/ -->\n<title>\u0106wiczenia gramatyczne khmerskie - Talkpal<\/title>\n<meta name=\"description\" content=\"Zwi\u0119ksz swoj\u0105 bieg\u0142o\u015b\u0107 dzi\u0119ki interaktywnym \u0107wiczeniom z gramatyki j\u0119zyka khmerskiego, kt\u00f3re pomog\u0105 Ci m\u00f3wi\u0107 i pisa\u0107 z pewno\u015bci\u0105 siebie.\" \/>\n<meta name=\"robots\" content=\"index, follow, max-snippet:-1, max-image-preview:large, max-video-preview:-1\" \/>\n<link rel=\"canonical\" href=\"https:\/\/talkpal.ai\/pl\/cwiczenia-gramatyczne-khmerskie\/\" \/>\n<meta property=\"og:locale\" content=\"pl_PL\" \/>\n<meta property=\"og:type\" content=\"article\" \/>\n<meta property=\"og:title\" content=\"\u0106wiczenia gramatyczne khmerskie\" \/>\n<meta property=\"og:description\" content=\"Zagadnienia gramatyki khmerskiej Nauka nowego j\u0119zyka mo\u017ce by\u0107 trudnym, ale satysfakcjonuj\u0105cym przedsi\u0119wzi\u0119ciem. Khmerski, j\u0119zyk austroazjatycki u\u017cywany\" \/>\n<meta property=\"og:url\" content=\"https:\/\/talkpal.ai\/pl\/cwiczenia-gramatyczne-khmerskie\/\" \/>\n<meta property=\"og:site_name\" content=\"Talkpal\" \/>\n<meta property=\"article:publisher\" content=\"https:\/\/www.facebook.com\/profile.php?id=100090733639311\" \/>\n<meta property=\"article:modified_time\" content=\"2025-12-30T14:43:40+00:00\" \/>\n<meta property=\"og:image\" content=\"https:\/\/talkpal.ai\/wp-content\/uploads\/2025\/02\/Progress-tab-16_9.png\" \/>\n\t<meta property=\"og:image:width\" content=\"2880\" \/>\n\t<meta property=\"og:image:height\" content=\"1620\" \/>\n\t<meta property=\"og:image:type\" content=\"image\/png\" \/>\n<meta name=\"twitter:card\" content=\"summary_large_image\" \/>\n<meta name=\"twitter:site\" content=\"@talkpalai\" \/>\n<meta name=\"twitter:label1\" content=\"Szacowany czas czytania\" \/>\n\t<meta name=\"twitter:data1\" content=\"4 minuty\" \/>\n<script type=\"application\/ld+json\" class=\"yoast-schema-graph\">{\"@context\":\"https:\/\/schema.org\",\"@graph\":[{\"@type\":\"WebPage\",\"@id\":\"https:\/\/talkpal.ai\/pl\/cwiczenia-gramatyczne-khmerskie\/\",\"url\":\"https:\/\/talkpal.ai\/pl\/cwiczenia-gramatyczne-khmerskie\/\",\"name\":\"\u0106wiczenia gramatyczne khmerskie - Talkpal\",\"isPartOf\":{\"@id\":\"https:\/\/talkpal.ai\/pl\/#website\"},\"datePublished\":\"2025-11-12T11:25:18+00:00\",\"dateModified\":\"2025-12-30T14:43:40+00:00\",\"description\":\"Zwi\u0119ksz swoj\u0105 bieg\u0142o\u015b\u0107 dzi\u0119ki interaktywnym \u0107wiczeniom z gramatyki j\u0119zyka khmerskiego, kt\u00f3re pomog\u0105 Ci m\u00f3wi\u0107 i pisa\u0107 z pewno\u015bci\u0105 siebie.\",\"breadcrumb\":{\"@id\":\"https:\/\/talkpal.ai\/pl\/cwiczenia-gramatyczne-khmerskie\/#breadcrumb\"},\"inLanguage\":\"pl-PL\",\"potentialAction\":[{\"@type\":\"ReadAction\",\"target\":[\"https:\/\/talkpal.ai\/pl\/cwiczenia-gramatyczne-khmerskie\/\"]}]},{\"@type\":\"BreadcrumbList\",\"@id\":\"https:\/\/talkpal.ai\/pl\/cwiczenia-gramatyczne-khmerskie\/#breadcrumb\",\"itemListElement\":[{\"@type\":\"ListItem\",\"position\":1,\"name\":\"Homepage\",\"item\":\"https:\/\/talkpal.ai\/pl\/\"},{\"@type\":\"ListItem\",\"position\":2,\"name\":\"\u0106wiczenia gramatyczne khmerskie\"}]},{\"@type\":\"WebSite\",\"@id\":\"https:\/\/talkpal.ai\/pl\/#website\",\"url\":\"https:\/\/talkpal.ai\/pl\/\",\"name\":\"Talkpal\",\"description\":\"AI Language Learning\",\"publisher\":{\"@id\":\"https:\/\/talkpal.ai\/pl\/#organization\"},\"alternateName\":\"Talkpal AI\",\"potentialAction\":[{\"@type\":\"SearchAction\",\"target\":{\"@type\":\"EntryPoint\",\"urlTemplate\":\"https:\/\/talkpal.ai\/pl\/?s={search_term_string}\"},\"query-input\":{\"@type\":\"PropertyValueSpecification\",\"valueRequired\":true,\"valueName\":\"search_term_string\"}}],\"inLanguage\":\"pl-PL\"},{\"@type\":\"Organization\",\"@id\":\"https:\/\/talkpal.ai\/pl\/#organization\",\"name\":\"Talkpal, Inc.\",\"alternateName\":\"Talkpal AI\",\"url\":\"https:\/\/talkpal.ai\/pl\/\",\"logo\":{\"@type\":\"ImageObject\",\"inLanguage\":\"pl-PL\",\"@id\":\"https:\/\/talkpal.ai\/pl\/#\/schema\/logo\/image\/\",\"url\":\"https:\/\/talkpal.ai\/wp-content\/uploads\/2024\/03\/Talkpal-Logo-Icon.png\",\"contentUrl\":\"https:\/\/talkpal.ai\/wp-content\/uploads\/2024\/03\/Talkpal-Logo-Icon.png\",\"width\":2880,\"height\":2880,\"caption\":\"Talkpal, Inc.\"},\"image\":{\"@id\":\"https:\/\/talkpal.ai\/pl\/#\/schema\/logo\/image\/\"},\"sameAs\":[\"https:\/\/www.facebook.com\/profile.php?id=100090733639311\",\"https:\/\/x.com\/talkpalai\",\"https:\/\/www.linkedin.com\/company\/talkpal\/\",\"https:\/\/www.youtube.com\/@TalkPal\/\",\"https:\/\/www.tiktok.com\/@talkpal\",\"https:\/\/www.instagram.com\/talkpal_ai\/\",\"https:\/\/www.crunchbase.com\/organization\/talkpal-9cde\",\"https:\/\/www.g2.com\/products\/talkpal-for-business\/\",\"https:\/\/www.trustpilot.com\/review\/talkpal.ai\",\"https:\/\/www.capterra.com\/p\/10006800\/TalkPal\/\"],\"description\":\"Talkpal is a language learning web and mobile education app, powered by the latest AI technologies, that provides engaging experiences to its customers in many different languages to help them improve their language skills. Users can chat about unlimited amount of topics with the app and use other modes to practice their language learning.\",\"email\":\"support@talkpal.ai\",\"legalName\":\"Talkpal, Inc.\",\"foundingDate\":\"2023-04-03\",\"duns\":\"118989042\",\"numberOfEmployees\":{\"@type\":\"QuantitativeValue\",\"minValue\":\"11\",\"maxValue\":\"50\"},\"publishingPrinciples\":\"https:\/\/talkpal.ai\/publishing-principles\/\",\"actionableFeedbackPolicy\":\"https:\/\/talkpal.ai\/actionable-feedback-policy\/\",\"correctionsPolicy\":\"https:\/\/talkpal.ai\/corrections-policy\/\",\"ethicsPolicy\":\"https:\/\/talkpal.ai\/ethics-policy\/\",\"diversityPolicy\":\"https:\/\/talkpal.ai\/diversity-policy\/\",\"diversityStaffingReport\":\"https:\/\/talkpal.ai\/diversity-policy\/\"}]}<\/script>\n<!-- \/ Yoast SEO Premium plugin. -->","yoast_head_json":{"title":"\u0106wiczenia gramatyczne khmerskie - Talkpal","description":"Zwi\u0119ksz swoj\u0105 bieg\u0142o\u015b\u0107 dzi\u0119ki interaktywnym \u0107wiczeniom z gramatyki j\u0119zyka khmerskiego, kt\u00f3re pomog\u0105 Ci m\u00f3wi\u0107 i pisa\u0107 z pewno\u015bci\u0105 siebie.","robots":{"index":"index","follow":"follow","max-snippet":"max-snippet:-1","max-image-preview":"max-image-preview:large","max-video-preview":"max-video-preview:-1"},"canonical":"https:\/\/talkpal.ai\/pl\/cwiczenia-gramatyczne-khmerskie\/","og_locale":"pl_PL","og_type":"article","og_title":"\u0106wiczenia gramatyczne khmerskie","og_description":"Zagadnienia gramatyki khmerskiej Nauka nowego j\u0119zyka mo\u017ce by\u0107 trudnym, ale satysfakcjonuj\u0105cym przedsi\u0119wzi\u0119ciem. Khmerski, j\u0119zyk austroazjatycki u\u017cywany","og_url":"https:\/\/talkpal.ai\/pl\/cwiczenia-gramatyczne-khmerskie\/","og_site_name":"Talkpal","article_publisher":"https:\/\/www.facebook.com\/profile.php?id=100090733639311","article_modified_time":"2025-12-30T14:43:40+00:00","og_image":[{"width":2880,"height":1620,"url":"https:\/\/talkpal.ai\/wp-content\/uploads\/2025\/02\/Progress-tab-16_9.png","type":"image\/png"}],"twitter_card":"summary_large_image","twitter_site":"@talkpalai","twitter_misc":{"Szacowany czas czytania":"4 minuty"},"schema":{"@context":"https:\/\/schema.org","@graph":[{"@type":"WebPage","@id":"https:\/\/talkpal.ai\/pl\/cwiczenia-gramatyczne-khmerskie\/","url":"https:\/\/talkpal.ai\/pl\/cwiczenia-gramatyczne-khmerskie\/","name":"\u0106wiczenia gramatyczne khmerskie - Talkpal","isPartOf":{"@id":"https:\/\/talkpal.ai\/pl\/#website"},"datePublished":"2025-11-12T11:25:18+00:00","dateModified":"2025-12-30T14:43:40+00:00","description":"Zwi\u0119ksz swoj\u0105 bieg\u0142o\u015b\u0107 dzi\u0119ki interaktywnym \u0107wiczeniom z gramatyki j\u0119zyka khmerskiego, kt\u00f3re pomog\u0105 Ci m\u00f3wi\u0107 i pisa\u0107 z pewno\u015bci\u0105 siebie.","breadcrumb":{"@id":"https:\/\/talkpal.ai\/pl\/cwiczenia-gramatyczne-khmerskie\/#breadcrumb"},"inLanguage":"pl-PL","potentialAction":[{"@type":"ReadAction","target":["https:\/\/talkpal.ai\/pl\/cwiczenia-gramatyczne-khmerskie\/"]}]},{"@type":"BreadcrumbList","@id":"https:\/\/talkpal.ai\/pl\/cwiczenia-gramatyczne-khmerskie\/#breadcrumb","itemListElement":[{"@type":"ListItem","position":1,"name":"Homepage","item":"https:\/\/talkpal.ai\/pl\/"},{"@type":"ListItem","position":2,"name":"\u0106wiczenia gramatyczne khmerskie"}]},{"@type":"WebSite","@id":"https:\/\/talkpal.ai\/pl\/#website","url":"https:\/\/talkpal.ai\/pl\/","name":"Talkpal","description":"AI Language Learning","publisher":{"@id":"https:\/\/talkpal.ai\/pl\/#organization"},"alternateName":"Talkpal AI","potentialAction":[{"@type":"SearchAction","target":{"@type":"EntryPoint","urlTemplate":"https:\/\/talkpal.ai\/pl\/?s={search_term_string}"},"query-input":{"@type":"PropertyValueSpecification","valueRequired":true,"valueName":"search_term_string"}}],"inLanguage":"pl-PL"},{"@type":"Organization","@id":"https:\/\/talkpal.ai\/pl\/#organization","name":"Talkpal, Inc.","alternateName":"Talkpal AI","url":"https:\/\/talkpal.ai\/pl\/","logo":{"@type":"ImageObject","inLanguage":"pl-PL","@id":"https:\/\/talkpal.ai\/pl\/#\/schema\/logo\/image\/","url":"https:\/\/talkpal.ai\/wp-content\/uploads\/2024\/03\/Talkpal-Logo-Icon.png","contentUrl":"https:\/\/talkpal.ai\/wp-content\/uploads\/2024\/03\/Talkpal-Logo-Icon.png","width":2880,"height":2880,"caption":"Talkpal, Inc."},"image":{"@id":"https:\/\/talkpal.ai\/pl\/#\/schema\/logo\/image\/"},"sameAs":["https:\/\/www.facebook.com\/profile.php?id=100090733639311","https:\/\/x.com\/talkpalai","https:\/\/www.linkedin.com\/company\/talkpal\/","https:\/\/www.youtube.com\/@TalkPal\/","https:\/\/www.tiktok.com\/@talkpal","https:\/\/www.instagram.com\/talkpal_ai\/","https:\/\/www.crunchbase.com\/organization\/talkpal-9cde","https:\/\/www.g2.com\/products\/talkpal-for-business\/","https:\/\/www.trustpilot.com\/review\/talkpal.ai","https:\/\/www.capterra.com\/p\/10006800\/TalkPal\/"],"description":"Talkpal is a language learning web and mobile education app, powered by the latest AI technologies, that provides engaging experiences to its customers in many different languages to help them improve their language skills. Users can chat about unlimited amount of topics with the app and use other modes to practice their language learning.","email":"support@talkpal.ai","legalName":"Talkpal, Inc.","foundingDate":"2023-04-03","duns":"118989042","numberOfEmployees":{"@type":"QuantitativeValue","minValue":"11","maxValue":"50"},"publishingPrinciples":"https:\/\/talkpal.ai\/publishing-principles\/","actionableFeedbackPolicy":"https:\/\/talkpal.ai\/actionable-feedback-policy\/","correctionsPolicy":"https:\/\/talkpal.ai\/corrections-policy\/","ethicsPolicy":"https:\/\/talkpal.ai\/ethics-policy\/","diversityPolicy":"https:\/\/talkpal.ai\/diversity-policy\/","diversityStaffingReport":"https:\/\/talkpal.ai\/diversity-policy\/"}]}},"_links":{"self":[{"href":"https:\/\/talkpal.ai\/pl\/wp-json\/wp\/v2\/pages\/1476483","targetHints":{"allow":["GET"]}}],"collection":[{"href":"https:\/\/talkpal.ai\/pl\/wp-json\/wp\/v2\/pages"}],"about":[{"href":"https:\/\/talkpal.ai\/pl\/wp-json\/wp\/v2\/types\/page"}],"author":[{"embeddable":true,"href":"https:\/\/talkpal.ai\/pl\/wp-json\/wp\/v2\/users\/20"}],"replies":[{"embeddable":true,"href":"https:\/\/talkpal.ai\/pl\/wp-json\/wp\/v2\/comments?post=1476483"}],"version-history":[{"count":0,"href":"https:\/\/talkpal.ai\/pl\/wp-json\/wp\/v2\/pages\/1476483\/revisions"}],"wp:attachment":[{"href":"https:\/\/talkpal.ai\/pl\/wp-json\/wp\/v2\/media?parent=1476483"}],"curies":[{"name":"wp","href":"https:\/\/api.w.org\/{rel}","templated":true}]}}