{"id":1476476,"date":"2025-11-12T11:25:16","date_gmt":"2025-11-12T11:25:16","guid":{"rendered":"https:\/\/talkpal.ai\/gramatyka-khmerska\/"},"modified":"2025-12-30T14:40:55","modified_gmt":"2025-12-30T14:40:55","slug":"gramatyka-khmerska","status":"publish","type":"page","link":"https:\/\/talkpal.ai\/pl\/gramatyka-khmerska\/","title":{"rendered":"Gramatyka khmerska"},"content":{"rendered":"\r\n\r\n\r\n<section class=\"languageChallengeSection\">\r\n    <div class=\"languageInfoWrapper\">\r\n        \r\n        <h1>Gramatyka khmerska<\/h1>\r\n        <p><a href=\"https:\/\/talkpal.ai\/khmer-grammar\/\">Gramatyka khmerska<\/a> mo\u017ce pocz\u0105tkowo wydawa\u0107 si\u0119 trudna, ale jej unikalne cechy sprawiaj\u0105, \u017ce <a href=\"https:\/\/talkpal.ai\/pl\/jak-uczyc-sie-jezyka-za-posrednictwem-czatu-talkpal\/\">nauka j\u0119zyka<\/a> jest satysfakcjonuj\u0105cym do\u015bwiadczeniem. Badaj\u0105c jego alfabet, mutacje i zasady gramatyczne, zyskasz wgl\u0105d w bogat\u0105 tradycj\u0119 j\u0119zykow\u0105. Rozpocznij swoj\u0105 podr\u00f3\u017c i odkryj pi\u0119kno Khmer\u00f3w!<\/p>\r\n\r\n                            <a class=\"getStartedHidden\" href=\"https:\/\/app.talkpal.ai\/pl\/signup?lng=\">Zaczynaj<\/a>\r\n        \r\n    <\/div>\r\n\r\n    <figure>\r\n    <img decoding=\"async\" width=\"768\" height=\"768\" src=\"https:\/\/talkpal.ai\/wp-content\/uploads\/2023\/06\/welsh-768x768.png\" class=\"languageImage no-lazy\" alt=\"Language learning for better cognitive abilities\" fetchpriority=\"high\" sizes=\"(max-width: 768px) 150px, 768px\" srcset=\"https:\/\/talkpal.ai\/wp-content\/uploads\/2023\/06\/welsh-768x768.png 768w, https:\/\/talkpal.ai\/wp-content\/uploads\/2023\/06\/welsh-300x300.png 300w\" \/>\r\n    \r\n\r\n    <\/figure>\r\n\r\n            <a class=\"getStartedVisible\" href=\"https:\/\/app.talkpal.ai\/pl\/signup?lng=\">Zaczynaj<\/a>\r\n    \r\n<\/section><section class=\"promotionalBanner\">\r\n    <p class=\"promotionalText\">Najbardziej efektywny spos\u00f3b nauki j\u0119zyka<\/p>\r\n    <a class=\"promotionalLink\" href=\"https:\/\/app.talkpal.ai\/pl\/signup?lng=\">Wypr\u00f3buj Talkpal za darmo<\/a>\r\n<\/section>\n<div class=\"wp-block-group pageContainerStyle\"><div class=\"wp-block-group__inner-container is-layout-constrained wp-block-group-is-layout-constrained\">\n<h2 class=\"wp-block-heading\" id=\"h-navigating-the-intricacies-of-khmer-grammar\">Poruszanie si\u0119 po zawi\u0142o\u015bciach gramatyki khmerskiej<\/h2>\n\n\n\n<p><a href=\"https:\/\/talkpal.ai\/pl\/naucz-sie-khmerskiego\/\">Khmerski<\/a>, j\u0119zyk narodowy Kambod\u017cy i g\u0142\u00f3wny j\u0119zyk austroazjatycki z g\u0142\u0119bok\u0105 tradycj\u0105 literack\u0105, oferuje ekscytuj\u0105ce do\u015bwiadczenie j\u0119zykowe dla tych, kt\u00f3rzy chc\u0105 pozna\u0107 jego unikalny system gramatyczny. Zapuszczaj\u0105c si\u0119 w kr\u00f3lestwo Khmer\u00f3w, nie tylko wzbogacisz sw\u00f3j repertuar j\u0119zykowy, ale tak\u017ce we\u017amiesz udzia\u0142 w fascynuj\u0105cej podr\u00f3\u017cy kulturowej. Chocia\u017c gramatyka khmerska mo\u017ce pocz\u0105tkowo wydawa\u0107 si\u0119 nieznajoma, rozbicie jej na podstawowe elementy sprawia, \u017ce nauka j\u0119zyka jest bardziej przyst\u0119pna. W tym artykule poznamy fascynuj\u0105cy \u015bwiat gramatyki khmerskiej i udzielimy wskaz\u00f3wek, jak opanowa\u0107 jego z\u0142o\u017cono\u015b\u0107.<\/p>\n\n\n\n<h3 class=\"wp-block-heading\" id=\"h-1-khmer-alphabet-and-phonetics\">1. Alfabet khmerski i fonetyka<\/h3>\n\n\n\n<p>System pisma khmerskiego to abugida, kt\u00f3ra sk\u0142ada si\u0119 z 33 sp\u00f3\u0142g\u0142osek, 23 samog\u0142osek zale\u017cnych i 12 samog\u0142osek niezale\u017cnych. Sp\u00f3\u0142g\u0142oski wyst\u0119puj\u0105 w dw\u00f3ch seriach, kt\u00f3re wp\u0142ywaj\u0105 na jako\u015b\u0107 samog\u0142osek, a symbole samog\u0142osek zmieniaj\u0105 swoj\u0105 wymow\u0119 w zale\u017cno\u015bci od serii sp\u00f3\u0142g\u0142osek. Aby <a href=\"https:\/\/talkpal.ai\/grammar\/\">nauczy\u0107 si\u0119 gramatyki<\/a> khmerskiej, wa\u017cne jest, aby zapozna\u0107 si\u0119 z tym charakterystycznym pismem, \u0107wicz\u0105c czytanie i pisanie w j\u0119zyku khmerskim.<\/p>\n\n\n\n<h3 class=\"wp-block-heading\" id=\"h-2-consonant-series-a-peculiar-khmer-feature\">2. Seria sp\u00f3\u0142g\u0142osek: osobliwa cecha khmerska<\/h3>\n\n\n\n<p>Jednym z najbardziej uderzaj\u0105cych aspekt\u00f3w j\u0119zyka khmerskiego s\u0105 jego dwie serie sp\u00f3\u0142g\u0142osek, cz\u0119sto nazywane rejestrami, kt\u00f3re wp\u0142ywaj\u0105 na to, jak wymawiane s\u0105 samog\u0142oski zale\u017cne. Sp\u00f3\u0142g\u0142oski serii A i serii O powoduj\u0105, \u017ce ten sam symbol samog\u0142oski jest odczytywany inaczej. Zrozumienie, jak dzia\u0142aj\u0105 te serie, wraz z popularnymi znakami diakrytycznymi, jest niezb\u0119dne do dok\u0142adnej wymowy i pisania w j\u0119zyku khmerskim.<\/p>\n\n\n\n<h3 class=\"wp-block-heading\" id=\"h-3-nouns-and-pronouns-gender-and-cases\">3. Rzeczowniki i zaimki: rodzaj i przypadki<\/h3>\n\n\n\n<p>Rzeczowniki khmerskie nie maj\u0105 rodzaju gramatycznego i nie odmieniaj\u0105 si\u0119 przez wielko\u015b\u0107 liter. Liczba mnoga jest cz\u0119sto wskazywana za pomoc\u0105 kontekstu, reduplikacji lub s\u0142\u00f3w takich jak \u1785\u17d2\u179a\u17be\u1793. Zaimki w j\u0119zyku khmerskim obejmuj\u0105 formy osobowe, dzier\u017cawcze, zwrotne, wskazuj\u0105ce i pytaj\u0105ce, i r\u00f3\u017cni\u0105 si\u0119 w zale\u017cno\u015bci od grzeczno\u015bci i kontekstu spo\u0142ecznego. Zapoznanie si\u0119 z tymi zaimkami i partyku\u0142ami, takimi jak \u179a\u1794\u179f\u17cb oznaczaj\u0105ce posiadanie, znacznie poprawi twoje zrozumienie gramatyki khmerskiej.<\/p>\n\n\n\n<h3 class=\"wp-block-heading\" id=\"h-4-verbs-structure-and-conjugation\">4. Czasowniki: struktura i koniugacja<\/h3>\n\n\n\n<p>Czasowniki khmerskie nie odmieniaj\u0105 si\u0119 od czasu, osoby lub liczby. Zamiast tego czas i aspekt s\u0105 wyra\u017cane za pomoc\u0105 partyku\u0142y i przys\u0142\u00f3wk\u00f3w, takich jak \u1780\u17c6\u1796\u17bb\u1784 dla progresywnego, \u1794\u17b6\u1793 dla zako\u0144czonej przesz\u0142o\u015bci i \u1793\u17b9\u1784 dla przysz\u0142o\u015bci. Nastr\u00f3j mo\u017cna wyrazi\u0107 s\u0142owami takimi jak \u179f\u17bc\u1798 lub \u1785\u17bc\u179a dla grzecznych imperatyw\u00f3w i \u1780\u17bb\u17c6 dla zakaz\u00f3w. Poznanie tych partyku\u0142ek i powszechnych konstrukcji czasownik\u00f3w szeregowych poprawi twoj\u0105 zdolno\u015b\u0107 do skutecznego komunikowania si\u0119 w j\u0119zyku khmerskim.<\/p>\n\n\n\n<h3 class=\"wp-block-heading\" id=\"h-5-adjectives-agreement-and-placement\">5. Przymiotniki: umowa i umiejscowienie<\/h3>\n\n\n\n<p>W gramatyce khmerskiej przymiotniki zazwyczaj nast\u0119puj\u0105 po rzeczowniku, kt\u00f3ry modyfikuj\u0105 i nie zgadzaj\u0105 si\u0119 pod wzgl\u0119dem liczby lub rodzaju. Por\u00f3wnania i superlatywy s\u0105 tworzone analitycznie, cz\u0119sto przy u\u017cyciu \u1787\u17b6\u1784 do por\u00f3wnania i \u1787\u17b6\u1784\u1782\u17c1 lub \u1794\u17c6\u1795\u17bb\u178f do najwy\u017cszych wi\u0105zk\u00f3w.<\/p>\n\n\n\n<p><strong>Przyk\u0142ady:<\/strong><\/p>\n\n\n\n<p><strong>\u2013 \u179f\u17c1\u1785\u1780\u17d2\u178f\u17b8\u179f\u17d2\u179a\u17a1\u17b6\u1789\u17cb \u1792\u17c6 (wielka mi\u0142o\u015b\u0107)<\/strong><\/p>\n\n\n\n<p><strong>\u2013 \u1780\u17bc\u1793\u1780\u17d2\u1798\u17c1\u1784 \u178f\u17bc\u1785(ma\u0142e dzieci)<\/strong><\/p>\n\n\n\n<h3 class=\"wp-block-heading\" id=\"h-6-engaging-with-the-language\">6. Anga\u017cowanie si\u0119 w j\u0119zyk<\/h3>\n\n\n\n<p>Najskuteczniejszym sposobem na pe\u0142ne zrozumienie i przyswojenie gramatyki khmerskiej jest konsekwentne anga\u017cowanie si\u0119 w j\u0119zyk. Czytaj\u0105c literatur\u0119 khmersk\u0105, ogl\u0105daj\u0105c khmerskie filmy lub seriale telewizyjne, s\u0142uchaj\u0105c khmerskiej muzyki i aktywnie komunikuj\u0105c si\u0119 z native speakerami, wzmocnisz swoje zrozumienie gramatyki, jednocze\u015bnie poszerzaj\u0105c swoje s\u0142ownictwo.<\/p>\n\n\n\n<h3 class=\"wp-block-heading\" id=\"h-conclusion\">Wnioski<\/h3>\n\n\n\n<p>Chocia\u017c gramatyka khmerska mo\u017ce wydawa\u0107 si\u0119 skomplikowana, mo\u017cesz osi\u0105gn\u0105\u0107 bieg\u0142o\u015b\u0107 w tym pi\u0119knym j\u0119zyku dzi\u0119ki po\u015bwi\u0119ceniu, praktyce i entuzjazmowi. Koncentruj\u0105c si\u0119 na podstawowych zasadach i anga\u017cuj\u0105c si\u0119 w j\u0119zyk w r\u00f3\u017cnych kontekstach, szybko poprawisz swoje <a href=\"https:\/\/talkpal.ai\/pl\/gramatyka\/\">umiej\u0119tno\u015bci gramatyki<\/a> khmerskiej. Somnang laor (<a href=\"https:\/\/talkpal.ai\/culture\/how-do-you-say-good-luck-in-polish\/\">powodzenia<\/a>) w podr\u00f3\u017cy j\u0119zykowej j\u0119zyka khmerskiego i ciesz si\u0119 odkrywaniem enigmatycznego, ale wci\u0105gaj\u0105cego \u015bwiata gramatyki khmerskiej!<\/p>\n<\/div><\/div>\n\r\n<section class=\"learnNavigationSection\">\r\n            \r\n        <a href=\"https:\/\/talkpal.ai\/pl\/naucz-sie-khmerskiego\/\">\r\n            <div class=\"learnNavigationWrapper\">\r\n                <div class=\"learnNavigationContent\">\r\n                    <img decoding=\"async\" src=\"https:\/\/talkpal.ai\/wp-content\/uploads\/2025\/11\/Khmer.png\" alt=\"Cambodian Flag\">\r\n                    <div>\r\n                        <h4>O nauce khmerskiego<\/h4>\r\n                        <p>Dowiedz si\u0119 wszystkiego o gramatyce khmerskiej.<\/p>\r\n                    <\/div>\r\n                <\/div>\r\n            <\/div>\r\n        <\/a>\r\n\r\n        \r\n        <a href=\"https:\/\/talkpal.ai\/pl\/cwiczenia-gramatyczne-khmerskie\/\">\r\n            <div class=\"learnNavigationWrapper\">\r\n                <div class=\"learnNavigationContent\">\r\n                    <img decoding=\"async\" src=\"https:\/\/talkpal.ai\/wp-content\/uploads\/2025\/11\/Khmer.png\" alt=\"Cambodian Flag\">\r\n                    <div>\r\n                        <h4>\u0106wiczenie z gramatyki khmerskiej<\/h4>\r\n                        <p>\u0106wicz gramatyk\u0119 khmersk\u0105.<\/p>\r\n                    <\/div>\r\n                <\/div>\r\n            <\/div>\r\n        <\/a>\r\n\r\n            <\/section>","protected":false},"excerpt":{"rendered":"<p>Poruszanie si\u0119 po zawi\u0142o\u015bciach gramatyki khmerskiej Khmerski, j\u0119zyk narodowy Kambod\u017cy i g\u0142\u00f3wny j\u0119zyk austroazjatycki z g\u0142\u0119bok\u0105 tradycj\u0105 literack\u0105, oferuje ekscytuj\u0105ce do\u015bwiadczenie j\u0119zykowe dla tych, kt\u00f3rzy chc\u0105 pozna\u0107 jego unikalny system gramatyczny. Zapuszczaj\u0105c si\u0119 w kr\u00f3lestwo Khmer\u00f3w, nie tylko wzbogacisz sw\u00f3j repertuar j\u0119zykowy, ale tak\u017ce we\u017amiesz udzia\u0142 w fascynuj\u0105cej podr\u00f3\u017cy kulturowej. Chocia\u017c gramatyka khmerska mo\u017ce pocz\u0105tkowo [&hellip;]<\/p>\n","protected":false},"author":20,"featured_media":0,"parent":0,"menu_order":0,"comment_status":"closed","ping_status":"closed","template":"LearningContentPage.php","meta":{"_acf_changed":false,"footnotes":""},"class_list":["post-1476476","page","type-page","status-publish","hentry"],"acf":[],"yoast_head":"<!-- This site is optimized with the Yoast SEO Premium plugin v27.2 (Yoast SEO v27.2) - https:\/\/yoast.com\/product\/yoast-seo-premium-wordpress\/ -->\n<title>Gramatyka khmerska - Talkpal<\/title>\n<meta name=\"description\" content=\"Opanuj podstawy gramatyki j\u0119zyka khmerskiego, w tym alfabet, fonetyk\u0119 i struktur\u0119 zda\u0144, dzi\u0119ki naszemu kompleksowemu przewodnikowi do nauki j\u0119zyka.\" \/>\n<meta name=\"robots\" content=\"index, follow, max-snippet:-1, max-image-preview:large, max-video-preview:-1\" \/>\n<link rel=\"canonical\" href=\"https:\/\/talkpal.ai\/pl\/gramatyka-khmerska\/\" \/>\n<meta property=\"og:locale\" content=\"pl_PL\" \/>\n<meta property=\"og:type\" content=\"article\" \/>\n<meta property=\"og:title\" content=\"Gramatyka khmerska\" \/>\n<meta property=\"og:description\" content=\"Poruszanie si\u0119 po zawi\u0142o\u015bciach gramatyki khmerskiej Khmerski, j\u0119zyk narodowy Kambod\u017cy i g\u0142\u00f3wny j\u0119zyk austroazjatycki z g\u0142\u0119bok\u0105 tradycj\u0105 literack\u0105, oferuje\" \/>\n<meta property=\"og:url\" content=\"https:\/\/talkpal.ai\/pl\/gramatyka-khmerska\/\" \/>\n<meta property=\"og:site_name\" content=\"Talkpal\" \/>\n<meta property=\"article:publisher\" content=\"https:\/\/www.facebook.com\/profile.php?id=100090733639311\" \/>\n<meta property=\"article:modified_time\" content=\"2025-12-30T14:40:55+00:00\" \/>\n<meta property=\"og:image\" content=\"https:\/\/talkpal.ai\/wp-content\/uploads\/2025\/02\/Progress-tab-16_9.png\" \/>\n\t<meta property=\"og:image:width\" content=\"2880\" \/>\n\t<meta property=\"og:image:height\" content=\"1620\" \/>\n\t<meta property=\"og:image:type\" content=\"image\/png\" \/>\n<meta name=\"twitter:card\" content=\"summary_large_image\" \/>\n<meta name=\"twitter:site\" content=\"@talkpalai\" \/>\n<meta name=\"twitter:label1\" content=\"Szacowany czas czytania\" \/>\n\t<meta name=\"twitter:data1\" content=\"3 minuty\" \/>\n<script type=\"application\/ld+json\" class=\"yoast-schema-graph\">{\"@context\":\"https:\/\/schema.org\",\"@graph\":[{\"@type\":\"WebPage\",\"@id\":\"https:\/\/talkpal.ai\/pl\/gramatyka-khmerska\/\",\"url\":\"https:\/\/talkpal.ai\/pl\/gramatyka-khmerska\/\",\"name\":\"Gramatyka khmerska - Talkpal\",\"isPartOf\":{\"@id\":\"https:\/\/talkpal.ai\/pl\/#website\"},\"datePublished\":\"2025-11-12T11:25:16+00:00\",\"dateModified\":\"2025-12-30T14:40:55+00:00\",\"description\":\"Opanuj podstawy gramatyki j\u0119zyka khmerskiego, w tym alfabet, fonetyk\u0119 i struktur\u0119 zda\u0144, dzi\u0119ki naszemu kompleksowemu przewodnikowi do nauki j\u0119zyka.\",\"breadcrumb\":{\"@id\":\"https:\/\/talkpal.ai\/pl\/gramatyka-khmerska\/#breadcrumb\"},\"inLanguage\":\"pl-PL\",\"potentialAction\":[{\"@type\":\"ReadAction\",\"target\":[\"https:\/\/talkpal.ai\/pl\/gramatyka-khmerska\/\"]}]},{\"@type\":\"BreadcrumbList\",\"@id\":\"https:\/\/talkpal.ai\/pl\/gramatyka-khmerska\/#breadcrumb\",\"itemListElement\":[{\"@type\":\"ListItem\",\"position\":1,\"name\":\"Homepage\",\"item\":\"https:\/\/talkpal.ai\/pl\/\"},{\"@type\":\"ListItem\",\"position\":2,\"name\":\"Gramatyka khmerska\"}]},{\"@type\":\"WebSite\",\"@id\":\"https:\/\/talkpal.ai\/pl\/#website\",\"url\":\"https:\/\/talkpal.ai\/pl\/\",\"name\":\"Talkpal\",\"description\":\"AI Language Learning\",\"publisher\":{\"@id\":\"https:\/\/talkpal.ai\/pl\/#organization\"},\"alternateName\":\"Talkpal AI\",\"potentialAction\":[{\"@type\":\"SearchAction\",\"target\":{\"@type\":\"EntryPoint\",\"urlTemplate\":\"https:\/\/talkpal.ai\/pl\/?s={search_term_string}\"},\"query-input\":{\"@type\":\"PropertyValueSpecification\",\"valueRequired\":true,\"valueName\":\"search_term_string\"}}],\"inLanguage\":\"pl-PL\"},{\"@type\":\"Organization\",\"@id\":\"https:\/\/talkpal.ai\/pl\/#organization\",\"name\":\"Talkpal, Inc.\",\"alternateName\":\"Talkpal AI\",\"url\":\"https:\/\/talkpal.ai\/pl\/\",\"logo\":{\"@type\":\"ImageObject\",\"inLanguage\":\"pl-PL\",\"@id\":\"https:\/\/talkpal.ai\/pl\/#\/schema\/logo\/image\/\",\"url\":\"https:\/\/talkpal.ai\/wp-content\/uploads\/2024\/03\/Talkpal-Logo-Icon.png\",\"contentUrl\":\"https:\/\/talkpal.ai\/wp-content\/uploads\/2024\/03\/Talkpal-Logo-Icon.png\",\"width\":2880,\"height\":2880,\"caption\":\"Talkpal, Inc.\"},\"image\":{\"@id\":\"https:\/\/talkpal.ai\/pl\/#\/schema\/logo\/image\/\"},\"sameAs\":[\"https:\/\/www.facebook.com\/profile.php?id=100090733639311\",\"https:\/\/x.com\/talkpalai\",\"https:\/\/www.linkedin.com\/company\/talkpal\/\",\"https:\/\/www.youtube.com\/@TalkPal\/\",\"https:\/\/www.tiktok.com\/@talkpal\",\"https:\/\/www.instagram.com\/talkpal_ai\/\",\"https:\/\/www.crunchbase.com\/organization\/talkpal-9cde\",\"https:\/\/www.g2.com\/products\/talkpal-for-business\/\",\"https:\/\/www.trustpilot.com\/review\/talkpal.ai\",\"https:\/\/www.capterra.com\/p\/10006800\/TalkPal\/\"],\"description\":\"Talkpal is a language learning web and mobile education app, powered by the latest AI technologies, that provides engaging experiences to its customers in many different languages to help them improve their language skills. Users can chat about unlimited amount of topics with the app and use other modes to practice their language learning.\",\"email\":\"support@talkpal.ai\",\"legalName\":\"Talkpal, Inc.\",\"foundingDate\":\"2023-04-03\",\"duns\":\"118989042\",\"numberOfEmployees\":{\"@type\":\"QuantitativeValue\",\"minValue\":\"11\",\"maxValue\":\"50\"},\"publishingPrinciples\":\"https:\/\/talkpal.ai\/publishing-principles\/\",\"actionableFeedbackPolicy\":\"https:\/\/talkpal.ai\/actionable-feedback-policy\/\",\"correctionsPolicy\":\"https:\/\/talkpal.ai\/corrections-policy\/\",\"ethicsPolicy\":\"https:\/\/talkpal.ai\/ethics-policy\/\",\"diversityPolicy\":\"https:\/\/talkpal.ai\/diversity-policy\/\",\"diversityStaffingReport\":\"https:\/\/talkpal.ai\/diversity-policy\/\"}]}<\/script>\n<!-- \/ Yoast SEO Premium plugin. -->","yoast_head_json":{"title":"Gramatyka khmerska - Talkpal","description":"Opanuj podstawy gramatyki j\u0119zyka khmerskiego, w tym alfabet, fonetyk\u0119 i struktur\u0119 zda\u0144, dzi\u0119ki naszemu kompleksowemu przewodnikowi do nauki j\u0119zyka.","robots":{"index":"index","follow":"follow","max-snippet":"max-snippet:-1","max-image-preview":"max-image-preview:large","max-video-preview":"max-video-preview:-1"},"canonical":"https:\/\/talkpal.ai\/pl\/gramatyka-khmerska\/","og_locale":"pl_PL","og_type":"article","og_title":"Gramatyka khmerska","og_description":"Poruszanie si\u0119 po zawi\u0142o\u015bciach gramatyki khmerskiej Khmerski, j\u0119zyk narodowy Kambod\u017cy i g\u0142\u00f3wny j\u0119zyk austroazjatycki z g\u0142\u0119bok\u0105 tradycj\u0105 literack\u0105, oferuje","og_url":"https:\/\/talkpal.ai\/pl\/gramatyka-khmerska\/","og_site_name":"Talkpal","article_publisher":"https:\/\/www.facebook.com\/profile.php?id=100090733639311","article_modified_time":"2025-12-30T14:40:55+00:00","og_image":[{"width":2880,"height":1620,"url":"https:\/\/talkpal.ai\/wp-content\/uploads\/2025\/02\/Progress-tab-16_9.png","type":"image\/png"}],"twitter_card":"summary_large_image","twitter_site":"@talkpalai","twitter_misc":{"Szacowany czas czytania":"3 minuty"},"schema":{"@context":"https:\/\/schema.org","@graph":[{"@type":"WebPage","@id":"https:\/\/talkpal.ai\/pl\/gramatyka-khmerska\/","url":"https:\/\/talkpal.ai\/pl\/gramatyka-khmerska\/","name":"Gramatyka khmerska - Talkpal","isPartOf":{"@id":"https:\/\/talkpal.ai\/pl\/#website"},"datePublished":"2025-11-12T11:25:16+00:00","dateModified":"2025-12-30T14:40:55+00:00","description":"Opanuj podstawy gramatyki j\u0119zyka khmerskiego, w tym alfabet, fonetyk\u0119 i struktur\u0119 zda\u0144, dzi\u0119ki naszemu kompleksowemu przewodnikowi do nauki j\u0119zyka.","breadcrumb":{"@id":"https:\/\/talkpal.ai\/pl\/gramatyka-khmerska\/#breadcrumb"},"inLanguage":"pl-PL","potentialAction":[{"@type":"ReadAction","target":["https:\/\/talkpal.ai\/pl\/gramatyka-khmerska\/"]}]},{"@type":"BreadcrumbList","@id":"https:\/\/talkpal.ai\/pl\/gramatyka-khmerska\/#breadcrumb","itemListElement":[{"@type":"ListItem","position":1,"name":"Homepage","item":"https:\/\/talkpal.ai\/pl\/"},{"@type":"ListItem","position":2,"name":"Gramatyka khmerska"}]},{"@type":"WebSite","@id":"https:\/\/talkpal.ai\/pl\/#website","url":"https:\/\/talkpal.ai\/pl\/","name":"Talkpal","description":"AI Language Learning","publisher":{"@id":"https:\/\/talkpal.ai\/pl\/#organization"},"alternateName":"Talkpal AI","potentialAction":[{"@type":"SearchAction","target":{"@type":"EntryPoint","urlTemplate":"https:\/\/talkpal.ai\/pl\/?s={search_term_string}"},"query-input":{"@type":"PropertyValueSpecification","valueRequired":true,"valueName":"search_term_string"}}],"inLanguage":"pl-PL"},{"@type":"Organization","@id":"https:\/\/talkpal.ai\/pl\/#organization","name":"Talkpal, Inc.","alternateName":"Talkpal AI","url":"https:\/\/talkpal.ai\/pl\/","logo":{"@type":"ImageObject","inLanguage":"pl-PL","@id":"https:\/\/talkpal.ai\/pl\/#\/schema\/logo\/image\/","url":"https:\/\/talkpal.ai\/wp-content\/uploads\/2024\/03\/Talkpal-Logo-Icon.png","contentUrl":"https:\/\/talkpal.ai\/wp-content\/uploads\/2024\/03\/Talkpal-Logo-Icon.png","width":2880,"height":2880,"caption":"Talkpal, Inc."},"image":{"@id":"https:\/\/talkpal.ai\/pl\/#\/schema\/logo\/image\/"},"sameAs":["https:\/\/www.facebook.com\/profile.php?id=100090733639311","https:\/\/x.com\/talkpalai","https:\/\/www.linkedin.com\/company\/talkpal\/","https:\/\/www.youtube.com\/@TalkPal\/","https:\/\/www.tiktok.com\/@talkpal","https:\/\/www.instagram.com\/talkpal_ai\/","https:\/\/www.crunchbase.com\/organization\/talkpal-9cde","https:\/\/www.g2.com\/products\/talkpal-for-business\/","https:\/\/www.trustpilot.com\/review\/talkpal.ai","https:\/\/www.capterra.com\/p\/10006800\/TalkPal\/"],"description":"Talkpal is a language learning web and mobile education app, powered by the latest AI technologies, that provides engaging experiences to its customers in many different languages to help them improve their language skills. Users can chat about unlimited amount of topics with the app and use other modes to practice their language learning.","email":"support@talkpal.ai","legalName":"Talkpal, Inc.","foundingDate":"2023-04-03","duns":"118989042","numberOfEmployees":{"@type":"QuantitativeValue","minValue":"11","maxValue":"50"},"publishingPrinciples":"https:\/\/talkpal.ai\/publishing-principles\/","actionableFeedbackPolicy":"https:\/\/talkpal.ai\/actionable-feedback-policy\/","correctionsPolicy":"https:\/\/talkpal.ai\/corrections-policy\/","ethicsPolicy":"https:\/\/talkpal.ai\/ethics-policy\/","diversityPolicy":"https:\/\/talkpal.ai\/diversity-policy\/","diversityStaffingReport":"https:\/\/talkpal.ai\/diversity-policy\/"}]}},"_links":{"self":[{"href":"https:\/\/talkpal.ai\/pl\/wp-json\/wp\/v2\/pages\/1476476","targetHints":{"allow":["GET"]}}],"collection":[{"href":"https:\/\/talkpal.ai\/pl\/wp-json\/wp\/v2\/pages"}],"about":[{"href":"https:\/\/talkpal.ai\/pl\/wp-json\/wp\/v2\/types\/page"}],"author":[{"embeddable":true,"href":"https:\/\/talkpal.ai\/pl\/wp-json\/wp\/v2\/users\/20"}],"replies":[{"embeddable":true,"href":"https:\/\/talkpal.ai\/pl\/wp-json\/wp\/v2\/comments?post=1476476"}],"version-history":[{"count":0,"href":"https:\/\/talkpal.ai\/pl\/wp-json\/wp\/v2\/pages\/1476476\/revisions"}],"wp:attachment":[{"href":"https:\/\/talkpal.ai\/pl\/wp-json\/wp\/v2\/media?parent=1476476"}],"curies":[{"name":"wp","href":"https:\/\/api.w.org\/{rel}","templated":true}]}}