{"id":1476272,"date":"2025-11-12T10:09:38","date_gmt":"2025-11-12T10:09:38","guid":{"rendered":"https:\/\/talkpal.ai\/gramatyka-jawajska\/"},"modified":"2025-12-30T15:01:59","modified_gmt":"2025-12-30T15:01:59","slug":"gramatyka-jawajska","status":"publish","type":"page","link":"https:\/\/talkpal.ai\/pl\/gramatyka-jawajska\/","title":{"rendered":"Gramatyka jawajska"},"content":{"rendered":"\r\n\r\n\r\n<section class=\"languageChallengeSection\">\r\n    <div class=\"languageInfoWrapper\">\r\n        \r\n        <h1>Gramatyka jawajska<\/h1>\r\n        <p><a href=\"https:\/\/talkpal.ai\/grammar\/\">Gramatyka<\/a> jawajska mo\u017ce pocz\u0105tkowo wydawa\u0107 si\u0119 trudna, ale jej unikalne cechy sprawiaj\u0105, \u017ce <a href=\"https:\/\/talkpal.ai\/pl\/jak-uczyc-sie-jezyka-za-posrednictwem-czatu-talkpal\/\">nauka j\u0119zyka<\/a> jest satysfakcjonuj\u0105cym do\u015bwiadczeniem. Badaj\u0105c jego alfabet, mutacje i zasady gramatyczne, zyskasz wgl\u0105d w bogat\u0105 tradycj\u0119 j\u0119zykow\u0105. Rozpocznij swoj\u0105 podr\u00f3\u017c i odkryj pi\u0119kno j\u0119zyka jawajskiego!<\/p>\r\n\r\n                            <a class=\"getStartedHidden\" href=\"https:\/\/app.talkpal.ai\/pl\/signup?lng=\">Zaczynaj<\/a>\r\n        \r\n    <\/div>\r\n\r\n    <figure>\r\n    <img decoding=\"async\" width=\"768\" height=\"768\" src=\"https:\/\/talkpal.ai\/wp-content\/uploads\/2023\/06\/welsh-768x768.png\" class=\"languageImage no-lazy\" alt=\"Language learning for better cognitive abilities\" fetchpriority=\"high\" sizes=\"(max-width: 768px) 150px, 768px\" srcset=\"https:\/\/talkpal.ai\/wp-content\/uploads\/2023\/06\/welsh-768x768.png 768w, https:\/\/talkpal.ai\/wp-content\/uploads\/2023\/06\/welsh-300x300.png 300w\" \/>\r\n    \r\n\r\n    <\/figure>\r\n\r\n            <a class=\"getStartedVisible\" href=\"https:\/\/app.talkpal.ai\/pl\/signup?lng=\">Zaczynaj<\/a>\r\n    \r\n<\/section><section class=\"promotionalBanner\">\r\n    <p class=\"promotionalText\">Najbardziej efektywny spos\u00f3b nauki j\u0119zyka<\/p>\r\n    <a class=\"promotionalLink\" href=\"https:\/\/app.talkpal.ai\/pl\/signup?lng=\">Wypr\u00f3buj Talkpal za darmo<\/a>\r\n<\/section>\n<div class=\"wp-block-group pageContainerStyle\"><div class=\"wp-block-group__inner-container is-layout-constrained wp-block-group-is-layout-constrained\">\n<h2 class=\"wp-block-heading\" id=\"h-navigating-the-intricacies-of-javanese-grammar\">Poruszanie si\u0119 po zawi\u0142o\u015bciach gramatyki jawajskiej<\/h2>\n\n\n\n<p><a href=\"https:\/\/talkpal.ai\/pl\/naucz-sie-jawajskiego\/\">J\u0119zyk jawajski<\/a>, j\u0119zyk austronezyjski o bogatej historii i znaczeniu kulturowym, oferuje ekscytuj\u0105ce do\u015bwiadczenie j\u0119zykowe dla tych, kt\u00f3rzy chc\u0105 pozna\u0107 jego unikalny system gramatyczny. Zapuszczaj\u0105c si\u0119 w \u015bwiat j\u0119zyka jawajskiego, nie tylko wzbogacisz sw\u00f3j repertuar j\u0119zykowy, ale tak\u017ce we\u017amiesz udzia\u0142 w fascynuj\u0105cej podr\u00f3\u017cy kulturowej. Chocia\u017c gramatyka jawajska mo\u017ce pocz\u0105tkowo wydawa\u0107 si\u0119 skomplikowana, rozbicie jej na podstawowe elementy sprawia, \u017ce nauka j\u0119zyka jest bardziej przyst\u0119pna. W tym artykule przyjrzymy si\u0119 fascynuj\u0105cemu \u015bwiatu gramatyki jawajskiej i udzielimy wskaz\u00f3wek, jak opanowa\u0107 jego z\u0142o\u017cono\u015b\u0107.<\/p>\n\n\n\n<h3 class=\"wp-block-heading\" id=\"h-1-javanese-alphabet-and-phonetics\">1. Alfabet jawajski i fonetyka<\/h3>\n\n\n\n<p>J\u0119zyk jawajski jest dzi\u015b powszechnie zapisywany alfabetem \u0142aci\u0144skim, cho\u0107 ma r\u00f3wnie\u017c tradycyjne pismo znane jako Aksara Jawa lub Hanacaraka. Aby <a href=\"https:\/\/talkpal.ai\/grammar\/\">nauczy\u0107 si\u0119 gramatyki<\/a> jawajskiej, konieczne jest zapoznanie si\u0119 zar\u00f3wno z nowoczesn\u0105 ortografi\u0105 opart\u0105 na \u0142acinie, jak i, je\u015bli chcesz, z tradycyjnym pismem. Kluczowe cechy fonetyczne obejmuj\u0105 rozr\u00f3\u017cnienie mi\u0119dzy e \/\u0259\/ i \u00e9 \/e\/, welarne nosowe ng i podniebienne <a href=\"https:\/\/talkpal.ai\/talkpal-new-years-discount\/\">ny<\/a> oraz zwarte krtaniowe, kt\u00f3re mo\u017ce pojawi\u0107 si\u0119 w niekt\u00f3rych dialektach. \u0106wiczenie czytania i pisania w obu systemach zbuduje solidne podstawy gramatyki.<\/p>\n\n\n\n<h3 class=\"wp-block-heading\" id=\"h-2-nouns-and-pronouns-number-and-levels\">2. Rzeczowniki i zaimki: liczba i poziomy<\/h3>\n\n\n\n<p>Jednym z uderzaj\u0105cych aspekt\u00f3w j\u0119zyka jawajskiego jest spos\u00f3b, w jaki niekt\u00f3re przedrostki wywo\u0142uj\u0105 zmiany w pocz\u0105tkowej sp\u00f3\u0142g\u0142osce s\u0142owa. Przedrostek czasownikowy nosowy N- powoduje przemiany, takie jak p staje si\u0119 m, t staje si\u0119 n, k staje si\u0119 ng, a s staje si\u0119 ny. Zrozumienie, kiedy i w jaki spos\u00f3b zachodz\u0105 te zmiany, ma kluczowe znaczenie dla dok\u0142adnej komunikacji w j\u0119zyku jawajskim. Przyk\u0142adami s\u0105 pangan do manganu, tulis do nulis, gawe do nggawe i sapu do nyapu.<\/p>\n\n\n\n<h3 class=\"wp-block-heading\" id=\"h-3-nouns-and-pronouns-gender-and-cases\">3. Rzeczowniki i zaimki: rodzaj i przypadki<\/h3>\n\n\n\n<p>Rzeczowniki jawajskie nie maj\u0105 rodzaju gramatycznego ani przypadku. Liczba mnoga jest cz\u0119sto opcjonalna i mo\u017ce by\u0107 wyra\u017cona przez reduplikacj\u0119 lub cz\u0105stki dla szacunku i zbiorowo\u015bci, takie jak bocah-bocah dla dzieci i para dla pe\u0142nej szacunku liczby mnogiej ludzi. Zaimki r\u00f3\u017cni\u0105 si\u0119 w zale\u017cno\u015bci od poziomu mowy, kt\u00f3ry jest kluczowy dla j\u0119zyka jawajskiego: formy ngoko, takie jak aku, kowe, dheweke i formy krama, takie jak <a href=\"https:\/\/talkpal.ai\/locations\/language-courses-in-kula\/\">kula<\/a>, panjenengan, piyambakipun. Op\u0119tanie mo\u017ce by\u0107 oznaczone enklitykami, takimi jak -ku, -mu i -e, a demonstratory obejmuj\u0105 iki to i iku tamto.<\/p>\n\n\n\n<h3 class=\"wp-block-heading\" id=\"h-4-verbs-structure-and-conjugation\">4. Czasowniki: struktura i koniugacja<\/h3>\n\n\n\n<p>Czasowniki jawajskie nie odmieniaj\u0105 si\u0119 od osoby ani czasu. Zamiast tego aspekt, nastr\u00f3j i czas s\u0105 wyra\u017cane przez cz\u0105stki i czynniki pomocnicze, takie jak wis ju\u017c, durung jeszcze nie, lagi w toku, arep lub bakal dla przysz\u0142o\u015bci lub intencji. G\u0142os i warto\u015bciowo\u015b\u0107 s\u0105 obs\u0142ugiwane za pomoc\u0105 morfologii, w tym aktywnego przedrostka nosowego N-, strony biernej di-, a w bardziej formalnych lub literackich kontekstach ka-. Proklitycy, tacy jak tak- mog\u0105 oznacza\u0107 agenta pierwszoosobowego w niekt\u00f3rych stylach. Opanowanie tych wzorc\u00f3w poprawi Twoj\u0105 zdolno\u015b\u0107 do skutecznego komunikowania si\u0119 w j\u0119zyku jawajskim.<\/p>\n\n\n\n<h3 class=\"wp-block-heading\" id=\"h-5-adjectives-agreement-and-placement\">5. Przymiotniki: umowa i umiejscowienie<\/h3>\n\n\n\n<p>W gramatyce jawajskiej przymiotniki zazwyczaj nast\u0119puj\u0105 po rzeczowniku, kt\u00f3ry modyfikuj\u0105 i nie zgadzaj\u0105 si\u0119 pod wzgl\u0119dem liczby lub rodzaju. Znaczenia por\u00f3wnawcze i najwy\u017csze s\u0105 zwykle tworzone z luwih bardziej i blednie najcz\u0119\u015bciej, cz\u0119sto z saka ni\u017c dla por\u00f3wnania. Reduplikacja lub wzmacniacze, takie jak bange, bardzo mog\u0105 doda\u0107 niuans\u00f3w.<\/p>\n\n\n\n<p><strong>Przyk\u0142ady:<\/strong><\/p>\n\n\n\n<p><strong>\u2013 Tresna gedhe (Wielka mi\u0142o\u015b\u0107)<\/strong><\/p>\n\n\n\n<p><strong>\u2013 bocah-bocah cilik (ma\u0142e dzieci)<\/strong><\/p>\n\n\n\n<h3 class=\"wp-block-heading\" id=\"h-6-engaging-with-the-language\">6. Anga\u017cowanie si\u0119 w j\u0119zyk<\/h3>\n\n\n\n<p>Najskuteczniejszym sposobem na pe\u0142ne zrozumienie i przyswojenie gramatyki jawajskiej jest konsekwentne anga\u017cowanie si\u0119 w j\u0119zyk. Czytaj\u0105c jawajsk\u0105 literatur\u0119 i teksty piosenek, ogl\u0105daj\u0105c <a href=\"https:\/\/talkpal.ai\/culture\/what-is-the-language-used-in-wayang-kulit\/\">wayang kulit<\/a> lub wsp\u00f3\u0142czesne jawajskie media, s\u0142uchaj\u0105c tembang macapat i aktywnie komunikuj\u0105c si\u0119 z native speakerami w r\u00f3\u017cnych rejestrach, wzmocnisz swoje zrozumienie gramatyki, jednocze\u015bnie poszerzaj\u0105c swoje s\u0142ownictwo.<\/p>\n\n\n\n<h3 class=\"wp-block-heading\" id=\"h-conclusion\">Wnioski<\/h3>\n\n\n\n<p>Chocia\u017c gramatyka jawajska mo\u017ce wydawa\u0107 si\u0119 skomplikowana, mo\u017cesz sta\u0107 si\u0119 bieg\u0142y w tym pi\u0119knym j\u0119zyku dzi\u0119ki po\u015bwi\u0119ceniu, praktyce i entuzjazmowi. Koncentruj\u0105c si\u0119 na podstawowych zasadach i anga\u017cuj\u0105c si\u0119 w j\u0119zyk w r\u00f3\u017cnych kontekstach, szybko poprawisz swoje <a href=\"https:\/\/talkpal.ai\/pl\/gramatyka\/\">umiej\u0119tno\u015bci gramatyczne<\/a> w j\u0119zyku jawajskim. Muga-muga sukses (<a href=\"https:\/\/talkpal.ai\/culture\/how-do-you-say-good-luck-in-polish\/\">powodzenia<\/a>) w podr\u00f3\u017cy j\u0119zykowej Jawajskiej i ciesz si\u0119 odkrywaniem enigmatycznego, ale urzekaj\u0105cego \u015bwiata gramatyki jawajskiej!<\/p>\n<\/div><\/div>\n\r\n<section class=\"learnNavigationSection\">\r\n            \r\n        <a href=\"https:\/\/talkpal.ai\/pl\/naucz-sie-jawajskiego\/\">\r\n            <div class=\"learnNavigationWrapper\">\r\n                <div class=\"learnNavigationContent\">\r\n                    <img decoding=\"async\" src=\"https:\/\/talkpal.ai\/wp-content\/uploads\/2025\/11\/Javanese.png\" alt=\"Indonesian Flag\">\r\n                    <div>\r\n                        <h4>O nauce jawajskiego<\/h4>\r\n                        <p>Dowiedz si\u0119 wszystkiego o gramatyce jawajskiej.<\/p>\r\n                    <\/div>\r\n                <\/div>\r\n            <\/div>\r\n        <\/a>\r\n\r\n        \r\n        <a href=\"https:\/\/talkpal.ai\/pl\/cwiczenia-gramatyczne-z-jezyka-jawajskiego\/\">\r\n            <div class=\"learnNavigationWrapper\">\r\n                <div class=\"learnNavigationContent\">\r\n                    <img decoding=\"async\" src=\"https:\/\/talkpal.ai\/wp-content\/uploads\/2025\/11\/Javanese.png\" alt=\"Indonesian Flag\">\r\n                    <div>\r\n                        <h4>\u0106wiczenie z gramatyki jawajskiej<\/h4>\r\n                        <p>\u0106wicz gramatyk\u0119 jawajsk\u0105.<\/p>\r\n                    <\/div>\r\n                <\/div>\r\n            <\/div>\r\n        <\/a>\r\n\r\n            <\/section>","protected":false},"excerpt":{"rendered":"<p>Poruszanie si\u0119 po zawi\u0142o\u015bciach gramatyki jawajskiej J\u0119zyk jawajski, j\u0119zyk austronezyjski o bogatej historii i znaczeniu kulturowym, oferuje ekscytuj\u0105ce do\u015bwiadczenie j\u0119zykowe dla tych, kt\u00f3rzy chc\u0105 pozna\u0107 jego unikalny system gramatyczny. Zapuszczaj\u0105c si\u0119 w \u015bwiat j\u0119zyka jawajskiego, nie tylko wzbogacisz sw\u00f3j repertuar j\u0119zykowy, ale tak\u017ce we\u017amiesz udzia\u0142 w fascynuj\u0105cej podr\u00f3\u017cy kulturowej. Chocia\u017c gramatyka jawajska mo\u017ce pocz\u0105tkowo wydawa\u0107 [&hellip;]<\/p>\n","protected":false},"author":20,"featured_media":0,"parent":0,"menu_order":0,"comment_status":"closed","ping_status":"closed","template":"LearningContentPage.php","meta":{"_acf_changed":false,"footnotes":""},"class_list":["post-1476272","page","type-page","status-publish","hentry"],"acf":[],"yoast_head":"<!-- This site is optimized with the Yoast SEO Premium plugin v27.2 (Yoast SEO v27.2) - https:\/\/yoast.com\/product\/yoast-seo-premium-wordpress\/ -->\n<title>Gramatyka jawajska - Talkpal<\/title>\n<meta name=\"description\" content=\"Szybko opanuj zasady gramatyki j\u0119zyka jawajskiego i struktury zda\u0144 dzi\u0119ki naszemu kompleksowemu przewodnikowi zaprojektowanemu z my\u015bl\u0105 o skutecznej nauce j\u0119zyka.\" \/>\n<meta name=\"robots\" content=\"index, follow, max-snippet:-1, max-image-preview:large, max-video-preview:-1\" \/>\n<link rel=\"canonical\" href=\"https:\/\/talkpal.ai\/pl\/gramatyka-jawajska\/\" \/>\n<meta property=\"og:locale\" content=\"pl_PL\" \/>\n<meta property=\"og:type\" content=\"article\" \/>\n<meta property=\"og:title\" content=\"Gramatyka jawajska\" \/>\n<meta property=\"og:description\" content=\"Poruszanie si\u0119 po zawi\u0142o\u015bciach gramatyki jawajskiej J\u0119zyk jawajski, j\u0119zyk austronezyjski o bogatej historii i znaczeniu kulturowym, oferuje ekscytuj\u0105ce\" \/>\n<meta property=\"og:url\" content=\"https:\/\/talkpal.ai\/pl\/gramatyka-jawajska\/\" \/>\n<meta property=\"og:site_name\" content=\"Talkpal\" \/>\n<meta property=\"article:publisher\" content=\"https:\/\/www.facebook.com\/profile.php?id=100090733639311\" \/>\n<meta property=\"article:modified_time\" content=\"2025-12-30T15:01:59+00:00\" \/>\n<meta property=\"og:image\" content=\"https:\/\/talkpal.ai\/wp-content\/uploads\/2025\/02\/Progress-tab-16_9.png\" \/>\n\t<meta property=\"og:image:width\" content=\"2880\" \/>\n\t<meta property=\"og:image:height\" content=\"1620\" \/>\n\t<meta property=\"og:image:type\" content=\"image\/png\" \/>\n<meta name=\"twitter:card\" content=\"summary_large_image\" \/>\n<meta name=\"twitter:site\" content=\"@talkpalai\" \/>\n<meta name=\"twitter:label1\" content=\"Szacowany czas czytania\" \/>\n\t<meta name=\"twitter:data1\" content=\"4 minuty\" \/>\n<script type=\"application\/ld+json\" class=\"yoast-schema-graph\">{\"@context\":\"https:\/\/schema.org\",\"@graph\":[{\"@type\":\"WebPage\",\"@id\":\"https:\/\/talkpal.ai\/pl\/gramatyka-jawajska\/\",\"url\":\"https:\/\/talkpal.ai\/pl\/gramatyka-jawajska\/\",\"name\":\"Gramatyka jawajska - Talkpal\",\"isPartOf\":{\"@id\":\"https:\/\/talkpal.ai\/pl\/#website\"},\"datePublished\":\"2025-11-12T10:09:38+00:00\",\"dateModified\":\"2025-12-30T15:01:59+00:00\",\"description\":\"Szybko opanuj zasady gramatyki j\u0119zyka jawajskiego i struktury zda\u0144 dzi\u0119ki naszemu kompleksowemu przewodnikowi zaprojektowanemu z my\u015bl\u0105 o skutecznej nauce j\u0119zyka.\",\"breadcrumb\":{\"@id\":\"https:\/\/talkpal.ai\/pl\/gramatyka-jawajska\/#breadcrumb\"},\"inLanguage\":\"pl-PL\",\"potentialAction\":[{\"@type\":\"ReadAction\",\"target\":[\"https:\/\/talkpal.ai\/pl\/gramatyka-jawajska\/\"]}]},{\"@type\":\"BreadcrumbList\",\"@id\":\"https:\/\/talkpal.ai\/pl\/gramatyka-jawajska\/#breadcrumb\",\"itemListElement\":[{\"@type\":\"ListItem\",\"position\":1,\"name\":\"Homepage\",\"item\":\"https:\/\/talkpal.ai\/pl\/\"},{\"@type\":\"ListItem\",\"position\":2,\"name\":\"Gramatyka jawajska\"}]},{\"@type\":\"WebSite\",\"@id\":\"https:\/\/talkpal.ai\/pl\/#website\",\"url\":\"https:\/\/talkpal.ai\/pl\/\",\"name\":\"Talkpal\",\"description\":\"AI Language Learning\",\"publisher\":{\"@id\":\"https:\/\/talkpal.ai\/pl\/#organization\"},\"alternateName\":\"Talkpal AI\",\"potentialAction\":[{\"@type\":\"SearchAction\",\"target\":{\"@type\":\"EntryPoint\",\"urlTemplate\":\"https:\/\/talkpal.ai\/pl\/?s={search_term_string}\"},\"query-input\":{\"@type\":\"PropertyValueSpecification\",\"valueRequired\":true,\"valueName\":\"search_term_string\"}}],\"inLanguage\":\"pl-PL\"},{\"@type\":\"Organization\",\"@id\":\"https:\/\/talkpal.ai\/pl\/#organization\",\"name\":\"Talkpal, Inc.\",\"alternateName\":\"Talkpal AI\",\"url\":\"https:\/\/talkpal.ai\/pl\/\",\"logo\":{\"@type\":\"ImageObject\",\"inLanguage\":\"pl-PL\",\"@id\":\"https:\/\/talkpal.ai\/pl\/#\/schema\/logo\/image\/\",\"url\":\"https:\/\/talkpal.ai\/wp-content\/uploads\/2024\/03\/Talkpal-Logo-Icon.png\",\"contentUrl\":\"https:\/\/talkpal.ai\/wp-content\/uploads\/2024\/03\/Talkpal-Logo-Icon.png\",\"width\":2880,\"height\":2880,\"caption\":\"Talkpal, Inc.\"},\"image\":{\"@id\":\"https:\/\/talkpal.ai\/pl\/#\/schema\/logo\/image\/\"},\"sameAs\":[\"https:\/\/www.facebook.com\/profile.php?id=100090733639311\",\"https:\/\/x.com\/talkpalai\",\"https:\/\/www.linkedin.com\/company\/talkpal\/\",\"https:\/\/www.youtube.com\/@TalkPal\/\",\"https:\/\/www.tiktok.com\/@talkpal\",\"https:\/\/www.instagram.com\/talkpal_ai\/\",\"https:\/\/www.crunchbase.com\/organization\/talkpal-9cde\",\"https:\/\/www.g2.com\/products\/talkpal-for-business\/\",\"https:\/\/www.trustpilot.com\/review\/talkpal.ai\",\"https:\/\/www.capterra.com\/p\/10006800\/TalkPal\/\"],\"description\":\"Talkpal is a language learning web and mobile education app, powered by the latest AI technologies, that provides engaging experiences to its customers in many different languages to help them improve their language skills. Users can chat about unlimited amount of topics with the app and use other modes to practice their language learning.\",\"email\":\"support@talkpal.ai\",\"legalName\":\"Talkpal, Inc.\",\"foundingDate\":\"2023-04-03\",\"duns\":\"118989042\",\"numberOfEmployees\":{\"@type\":\"QuantitativeValue\",\"minValue\":\"11\",\"maxValue\":\"50\"},\"publishingPrinciples\":\"https:\/\/talkpal.ai\/publishing-principles\/\",\"actionableFeedbackPolicy\":\"https:\/\/talkpal.ai\/actionable-feedback-policy\/\",\"correctionsPolicy\":\"https:\/\/talkpal.ai\/corrections-policy\/\",\"ethicsPolicy\":\"https:\/\/talkpal.ai\/ethics-policy\/\",\"diversityPolicy\":\"https:\/\/talkpal.ai\/diversity-policy\/\",\"diversityStaffingReport\":\"https:\/\/talkpal.ai\/diversity-policy\/\"}]}<\/script>\n<!-- \/ Yoast SEO Premium plugin. -->","yoast_head_json":{"title":"Gramatyka jawajska - Talkpal","description":"Szybko opanuj zasady gramatyki j\u0119zyka jawajskiego i struktury zda\u0144 dzi\u0119ki naszemu kompleksowemu przewodnikowi zaprojektowanemu z my\u015bl\u0105 o skutecznej nauce j\u0119zyka.","robots":{"index":"index","follow":"follow","max-snippet":"max-snippet:-1","max-image-preview":"max-image-preview:large","max-video-preview":"max-video-preview:-1"},"canonical":"https:\/\/talkpal.ai\/pl\/gramatyka-jawajska\/","og_locale":"pl_PL","og_type":"article","og_title":"Gramatyka jawajska","og_description":"Poruszanie si\u0119 po zawi\u0142o\u015bciach gramatyki jawajskiej J\u0119zyk jawajski, j\u0119zyk austronezyjski o bogatej historii i znaczeniu kulturowym, oferuje ekscytuj\u0105ce","og_url":"https:\/\/talkpal.ai\/pl\/gramatyka-jawajska\/","og_site_name":"Talkpal","article_publisher":"https:\/\/www.facebook.com\/profile.php?id=100090733639311","article_modified_time":"2025-12-30T15:01:59+00:00","og_image":[{"width":2880,"height":1620,"url":"https:\/\/talkpal.ai\/wp-content\/uploads\/2025\/02\/Progress-tab-16_9.png","type":"image\/png"}],"twitter_card":"summary_large_image","twitter_site":"@talkpalai","twitter_misc":{"Szacowany czas czytania":"4 minuty"},"schema":{"@context":"https:\/\/schema.org","@graph":[{"@type":"WebPage","@id":"https:\/\/talkpal.ai\/pl\/gramatyka-jawajska\/","url":"https:\/\/talkpal.ai\/pl\/gramatyka-jawajska\/","name":"Gramatyka jawajska - Talkpal","isPartOf":{"@id":"https:\/\/talkpal.ai\/pl\/#website"},"datePublished":"2025-11-12T10:09:38+00:00","dateModified":"2025-12-30T15:01:59+00:00","description":"Szybko opanuj zasady gramatyki j\u0119zyka jawajskiego i struktury zda\u0144 dzi\u0119ki naszemu kompleksowemu przewodnikowi zaprojektowanemu z my\u015bl\u0105 o skutecznej nauce j\u0119zyka.","breadcrumb":{"@id":"https:\/\/talkpal.ai\/pl\/gramatyka-jawajska\/#breadcrumb"},"inLanguage":"pl-PL","potentialAction":[{"@type":"ReadAction","target":["https:\/\/talkpal.ai\/pl\/gramatyka-jawajska\/"]}]},{"@type":"BreadcrumbList","@id":"https:\/\/talkpal.ai\/pl\/gramatyka-jawajska\/#breadcrumb","itemListElement":[{"@type":"ListItem","position":1,"name":"Homepage","item":"https:\/\/talkpal.ai\/pl\/"},{"@type":"ListItem","position":2,"name":"Gramatyka jawajska"}]},{"@type":"WebSite","@id":"https:\/\/talkpal.ai\/pl\/#website","url":"https:\/\/talkpal.ai\/pl\/","name":"Talkpal","description":"AI Language Learning","publisher":{"@id":"https:\/\/talkpal.ai\/pl\/#organization"},"alternateName":"Talkpal AI","potentialAction":[{"@type":"SearchAction","target":{"@type":"EntryPoint","urlTemplate":"https:\/\/talkpal.ai\/pl\/?s={search_term_string}"},"query-input":{"@type":"PropertyValueSpecification","valueRequired":true,"valueName":"search_term_string"}}],"inLanguage":"pl-PL"},{"@type":"Organization","@id":"https:\/\/talkpal.ai\/pl\/#organization","name":"Talkpal, Inc.","alternateName":"Talkpal AI","url":"https:\/\/talkpal.ai\/pl\/","logo":{"@type":"ImageObject","inLanguage":"pl-PL","@id":"https:\/\/talkpal.ai\/pl\/#\/schema\/logo\/image\/","url":"https:\/\/talkpal.ai\/wp-content\/uploads\/2024\/03\/Talkpal-Logo-Icon.png","contentUrl":"https:\/\/talkpal.ai\/wp-content\/uploads\/2024\/03\/Talkpal-Logo-Icon.png","width":2880,"height":2880,"caption":"Talkpal, Inc."},"image":{"@id":"https:\/\/talkpal.ai\/pl\/#\/schema\/logo\/image\/"},"sameAs":["https:\/\/www.facebook.com\/profile.php?id=100090733639311","https:\/\/x.com\/talkpalai","https:\/\/www.linkedin.com\/company\/talkpal\/","https:\/\/www.youtube.com\/@TalkPal\/","https:\/\/www.tiktok.com\/@talkpal","https:\/\/www.instagram.com\/talkpal_ai\/","https:\/\/www.crunchbase.com\/organization\/talkpal-9cde","https:\/\/www.g2.com\/products\/talkpal-for-business\/","https:\/\/www.trustpilot.com\/review\/talkpal.ai","https:\/\/www.capterra.com\/p\/10006800\/TalkPal\/"],"description":"Talkpal is a language learning web and mobile education app, powered by the latest AI technologies, that provides engaging experiences to its customers in many different languages to help them improve their language skills. Users can chat about unlimited amount of topics with the app and use other modes to practice their language learning.","email":"support@talkpal.ai","legalName":"Talkpal, Inc.","foundingDate":"2023-04-03","duns":"118989042","numberOfEmployees":{"@type":"QuantitativeValue","minValue":"11","maxValue":"50"},"publishingPrinciples":"https:\/\/talkpal.ai\/publishing-principles\/","actionableFeedbackPolicy":"https:\/\/talkpal.ai\/actionable-feedback-policy\/","correctionsPolicy":"https:\/\/talkpal.ai\/corrections-policy\/","ethicsPolicy":"https:\/\/talkpal.ai\/ethics-policy\/","diversityPolicy":"https:\/\/talkpal.ai\/diversity-policy\/","diversityStaffingReport":"https:\/\/talkpal.ai\/diversity-policy\/"}]}},"_links":{"self":[{"href":"https:\/\/talkpal.ai\/pl\/wp-json\/wp\/v2\/pages\/1476272","targetHints":{"allow":["GET"]}}],"collection":[{"href":"https:\/\/talkpal.ai\/pl\/wp-json\/wp\/v2\/pages"}],"about":[{"href":"https:\/\/talkpal.ai\/pl\/wp-json\/wp\/v2\/types\/page"}],"author":[{"embeddable":true,"href":"https:\/\/talkpal.ai\/pl\/wp-json\/wp\/v2\/users\/20"}],"replies":[{"embeddable":true,"href":"https:\/\/talkpal.ai\/pl\/wp-json\/wp\/v2\/comments?post=1476272"}],"version-history":[{"count":0,"href":"https:\/\/talkpal.ai\/pl\/wp-json\/wp\/v2\/pages\/1476272\/revisions"}],"wp:attachment":[{"href":"https:\/\/talkpal.ai\/pl\/wp-json\/wp\/v2\/media?parent=1476272"}],"curies":[{"name":"wp","href":"https:\/\/api.w.org\/{rel}","templated":true}]}}