{"id":147404,"date":"2023-05-14T14:12:07","date_gmt":"2023-05-14T14:12:07","guid":{"rendered":"http:\/\/talkpal.ai\/gramatyka-marathi\/"},"modified":"2025-12-12T10:37:24","modified_gmt":"2025-12-12T10:37:24","slug":"gramatyka-marathi","status":"publish","type":"page","link":"https:\/\/talkpal.ai\/pl\/gramatyka-marathi\/","title":{"rendered":"Gramatyka marathi"},"content":{"rendered":"\r\n\r\n\r\n<section class=\"languageChallengeSection\">\r\n    <div class=\"languageInfoWrapper\">\r\n        \r\n        <h1>Gramatyka marathi<\/h1>\r\n        <p>Ciekawi ci\u0119 j\u0119zyk <a href=\"https:\/\/talkpal.ai\/learn-marathi\/\">marathi<\/a>? Zapoznaj si\u0119 z gramatyk\u0105 j\u0119zyka marathi, w kt\u00f3rej rodzajniki, elastyczna struktura zda\u0144 i ekspresywne koniugacje czasownik\u00f3w tworz\u0105 \u017cywy i dynamiczny j\u0119zyk. Rozpocznij swoj\u0105 przygod\u0119 z nauk\u0105 ju\u017c dzi\u015b &#8211; opanowanie gramatyki j\u0119zyka marathi pomo\u017ce Ci komunikowa\u0107 si\u0119 z pewno\u015bci\u0105 siebie i po\u0142\u0105czy\u0107 si\u0119 z bogatymi tradycjami i kultur\u0105 Maharasztry!<\/p>\r\n\r\n                            <a class=\"getStartedHidden\" href=\"https:\/\/app.talkpal.ai\/pl\/signup?lng=\">Zaczynaj<\/a>\r\n        \r\n    <\/div>\r\n\r\n    <figure>\r\n    <img decoding=\"async\" width=\"768\" height=\"768\" src=\"https:\/\/talkpal.ai\/wp-content\/uploads\/2023\/06\/marathi-768x768.png\" class=\"languageImage no-lazy\" alt=\"Fun ways to make language learning interesting\" fetchpriority=\"high\" sizes=\"(max-width: 768px) 150px, 768px\" srcset=\"https:\/\/talkpal.ai\/wp-content\/uploads\/2023\/06\/marathi-768x768.png 768w, https:\/\/talkpal.ai\/wp-content\/uploads\/2023\/06\/marathi-300x300.png 300w\" \/>\r\n    \r\n\r\n    <\/figure>\r\n\r\n            <a class=\"getStartedVisible\" href=\"https:\/\/app.talkpal.ai\/pl\/signup?lng=\">Zaczynaj<\/a>\r\n    \r\n<\/section>\r\n<section class=\"promotionalBanner\">\r\n    <p class=\"promotionalText\">Najbardziej efektywny spos\u00f3b nauki j\u0119zyka<\/p>\r\n    <a class=\"promotionalLink\" href=\"https:\/\/app.talkpal.ai\/pl\/signup?lng=\">Wypr\u00f3buj Talkpal za darmo<\/a>\r\n<\/section>\n<div class=\"wp-block-group pageContainerStyle\"><div class=\"wp-block-group__inner-container is-layout-constrained wp-block-group-is-layout-constrained\">\n<h2 class=\"wp-block-heading\" id=\"h-the-allure-of-marathi-grammar-unfolding-its-mysteries-and-intricacies\">Urok gramatyki marathi: odkrywanie jej tajemnic i zawi\u0142o\u015bci<\/h2>\n\n\n\n<p>Czy pami\u0119tasz k\u0142opotliw\u0105 podr\u00f3\u017c nauki gramatyki angielskiej, pe\u0142n\u0105 skomplikowanych zasad, wyj\u0105tk\u00f3w i skomplikowanej terminologii? Je\u015bli rozwa\u017casz teraz nauk\u0119 j\u0119zyka marathi, przygotuj si\u0119 na r\u00f3wnie wci\u0105gaj\u0105c\u0105 eksploracj\u0119 gramatyki tego j\u0119zyka.<\/p>\n\n\n\n<p>Marathi, j\u0119zyk indoaryjski u\u017cywany g\u0142\u00f3wnie w indyjskim stanie Maharasztra, szczyci si\u0119 bogat\u0105 tradycj\u0105 i unikalnymi cechami j\u0119zykowymi. Zag\u0142\u0119biaj\u0105c si\u0119 w mistyk\u0119 gramatyki marathi, odkryjesz fascynuj\u0105ce wzajemne oddzia\u0142ywanie jej alfabet\u00f3w, zawi\u0142e zasady i czaruj\u0105c\u0105 fonetyk\u0119. Rozwik\u0142ajmy wi\u0119c razem urok gramatyki Marathi, po jednej ma\u0142ej zasadzie na raz.<\/p>\n\n\n\n<p>Jedn\u0105 z najbardziej uderzaj\u0105cych cech <strong>gramatyki marathi<\/strong> jest szerokie u\u017cycie fleksji rzeczownik\u00f3w. Te fleksje cz\u0119sto pomagaj\u0105 przekaza\u0107 kluczowe elementy gramatyczne, takie jak liczba, rodzaj i przypadek. Marathi ma trzy rodzaje \u2013 m\u0119ski, \u017ce\u0144ski i nijaki \u2013 a ka\u017cda p\u0142e\u0107 ma sw\u00f3j charakterystyczny zestaw wzorc\u00f3w fleksyjnych. Co wi\u0119cej, j\u0119zyk ma dwie liczby \u2013 pojedyncz\u0105 i mnog\u0105 \u2013 kt\u00f3re pomagaj\u0105 wyrazi\u0107 ilo\u015b\u0107 rzeczownika.<\/p>\n\n\n\n<p>Inn\u0105 <strong>unikaln\u0105 cech\u0105 gramatyki marathi<\/strong> jest spos\u00f3b, w jaki czasowniki odmieniaj\u0105 si\u0119 w zale\u017cno\u015bci od czasu. Odmieniaj\u0105c czasowniki w j\u0119zyku marathi, nale\u017cy wzi\u0105\u0107 pod uwag\u0119 nie tylko czas czasownika, ale tak\u017ce rodzaj i liczb\u0119 podmiotu. Formy czasownik\u00f3w marathi obejmuj\u0105 czas tera\u017aniejszy, przesz\u0142y i przysz\u0142y, a tak\u017ce tryb rozkazuj\u0105cy i tryb \u0142\u0105cz\u0105cy. Te rozbudowane koniugacje dodaj\u0105 g\u0142\u0119bi i dynamiki marathi, czyni\u0105c go naprawd\u0119 urzekaj\u0105cym j\u0119zykiem do zg\u0142\u0119biania.<\/p>\n\n\n\n<p>J\u0119zyk marathi jest r\u00f3wnie\u017c dobrze znany z <strong>r\u00f3\u017cnorodno\u015bci zaimk\u00f3w<\/strong>. Marathi ma wiele zaimk\u00f3w osobowych, wskazuj\u0105cych, pytaj\u0105cych i zwrotnych, z kt\u00f3rych ka\u017cdy ma swoje odpowiednie wzorce deklinacji. Na pocz\u0105tku mo\u017ce si\u0119 to wydawa\u0107 zniech\u0119caj\u0105ce, ale gdy zag\u0142\u0119bisz si\u0119 w j\u0119zyk, docenisz niezr\u00f3wnan\u0105 precyzj\u0119, jak\u0105 oferuje <a href=\"https:\/\/talkpal.ai\/marathi-grammar\/\">gramatyka marathi<\/a>.<\/p>\n\n\n\n<p>Jeszcze jeden intryguj\u0105cy aspekt gramatyki marathi polega na <strong>u\u0142o\u017ceniu s\u0142\u00f3w w zdaniu<\/strong>. Szyk wyraz\u00f3w w j\u0119zyku marathi na og\u00f3\u0142 jest zgodny ze struktur\u0105 podmiot-dope\u0142nienie-czasownik (SOV), podobnie jak w innych j\u0119zykach indoaryjskich. Ta struktura zazwyczaj umieszcza czasownik na ko\u0144cu zdania, co pocz\u0105tkowo mo\u017ce okaza\u0107 si\u0119 trudne dla os\u00f3b m\u00f3wi\u0105cych po angielsku.<\/p>\n\n\n\n<p>Zag\u0142\u0119biaj\u0105c si\u0119 w <strong>fonetyk\u0119 marathi<\/strong>, natkniesz si\u0119 na hipnotyzuj\u0105c\u0105 gam\u0119 d\u017awi\u0119k\u00f3w, wymawianych przez 16 samog\u0142osek (swar) i 36 sp\u00f3\u0142g\u0142osek (vyanjan). Skrypt Devanagari, kt\u00f3rego u\u017cywa Marathi, dodaje uroku temu i tak ju\u017c urzekaj\u0105cemu j\u0119zykowi.  <\/p>\n\n\n\n<p>Nauka gramatyki marathi, z jej niezliczonymi zasadami i z\u0142o\u017cono\u015bci\u0105, mo\u017ce by\u0107 na pocz\u0105tku niew\u0105tpliwie trudnym zadaniem. Jednak to wyzwanie jest r\u00f3wnie\u017c tym, co sprawia, \u017ce jest to wyj\u0105tkowo stymuluj\u0105ce i satysfakcjonuj\u0105ce. Zanurzaj\u0105c si\u0119 w czaruj\u0105cym <a href=\"https:\/\/talkpal.ai\/locations\/language-courses-in-swiecie\/\">\u015bwiecie<\/a> gramatyki marathi, odkryjesz nie tylko dzia\u0142anie j\u0119zyka, ale tak\u017ce zyskasz g\u0142\u0119bsze zrozumienie kultury, historii i m\u0105dro\u015bci, kt\u00f3re uosabia.<\/p>\n\n\n\n<p>Dlaczego wi\u0119c nie wyruszy\u0107 w t\u0119 j\u0119zykow\u0105 przygod\u0119, aby odkry\u0107 kusz\u0105ce g\u0142\u0119bie gramatyki marathi i odkry\u0107 jej niezliczone tajemnice i niuanse, kt\u00f3re czekaj\u0105 na opanowanie? Rado\u015b\u0107 z nauki i rozkosz rozumienia subtelno\u015bci gramatyki marathi s\u0105 tylko kilka chwil!<\/p>\n<\/div><\/div>\n\r\n<section class=\"learnNavigationSection\">\r\n            \r\n        <a href=\"https:\/\/talkpal.ai\/pl\/naucz-sie-marathi\/\">\r\n            <div class=\"learnNavigationWrapper\">\r\n                <div class=\"learnNavigationContent\">\r\n                    <img decoding=\"async\" src=\"https:\/\/talkpal.ai\/wp-content\/uploads\/2023\/05\/Marathi-india.png\" alt=\"TalkPal Marathi Flag\">\r\n                    <div>\r\n                        <h4>O Marathi Learning<\/h4>\r\n                        <p>Dowiedz si\u0119 wszystkiego o gramatyce marathi.<\/p>\r\n                    <\/div>\r\n                <\/div>\r\n            <\/div>\r\n        <\/a>\r\n\r\n        \r\n        <a href=\"https:\/\/talkpal.ai\/pl\/cwiczenia-gramatyczne-marathi\/\">\r\n            <div class=\"learnNavigationWrapper\">\r\n                <div class=\"learnNavigationContent\">\r\n                    <img decoding=\"async\" src=\"https:\/\/talkpal.ai\/wp-content\/uploads\/2023\/05\/Marathi-india.png\" alt=\"TalkPal Marathi Flag\">\r\n                    <div>\r\n                        <h4>\u0106wiczenie gramatyczne Marathi<\/h4>\r\n                        <p>\u0106wicz gramatyk\u0119 marathi.<\/p>\r\n                    <\/div>\r\n                <\/div>\r\n            <\/div>\r\n        <\/a>\r\n\r\n        \r\n        <a href=\"https:\/\/talkpal.ai\/vocabulary_language\/marathi\/\">\r\n            <div class=\"learnNavigationWrapper\">\r\n                <div class=\"learnNavigationContent\">\r\n                    <img decoding=\"async\" src=\"https:\/\/talkpal.ai\/wp-content\/uploads\/2023\/05\/Marathi-india.png\" alt=\"TalkPal Marathi Flag\">\r\n                    <div>\r\n                        <h4>S\u0142ownictwo marathi<\/h4>\r\n                        <p>Poszerz swoje s\u0142ownictwo w j\u0119zyku marathi.<\/p>\r\n                    <\/div>\r\n                <\/div>\r\n            <\/div>\r\n        <\/a>\r\n\r\n            <\/section>","protected":false},"excerpt":{"rendered":"<p>Urok gramatyki marathi: odkrywanie jej tajemnic i zawi\u0142o\u015bci Czy pami\u0119tasz k\u0142opotliw\u0105 podr\u00f3\u017c nauki gramatyki angielskiej, pe\u0142n\u0105 skomplikowanych zasad, wyj\u0105tk\u00f3w i skomplikowanej terminologii? Je\u015bli rozwa\u017casz teraz nauk\u0119 j\u0119zyka marathi, przygotuj si\u0119 na r\u00f3wnie wci\u0105gaj\u0105c\u0105 eksploracj\u0119 gramatyki tego j\u0119zyka. Marathi, j\u0119zyk indoaryjski u\u017cywany g\u0142\u00f3wnie w indyjskim stanie Maharasztra, szczyci si\u0119 bogat\u0105 tradycj\u0105 i unikalnymi cechami j\u0119zykowymi. Zag\u0142\u0119biaj\u0105c [&hellip;]<\/p>\n","protected":false},"author":1,"featured_media":116411,"parent":0,"menu_order":0,"comment_status":"closed","ping_status":"closed","template":"LearningContentPage.php","meta":{"_acf_changed":false,"footnotes":""},"class_list":["post-147404","page","type-page","status-publish","has-post-thumbnail","hentry"],"acf":[],"yoast_head":"<!-- This site is optimized with the Yoast SEO Premium plugin v27.2 (Yoast SEO v27.2) - https:\/\/yoast.com\/product\/yoast-seo-premium-wordpress\/ -->\n<title>Gramatyka marathi - Talkpal<\/title>\n<meta name=\"description\" content=\"Poznaj fascynuj\u0105cy \u015bwiat gramatyki j\u0119zyka marathi i odkryj jego unikalne zasady, fonetyk\u0119 i fleksj\u0119 podczas nauki j\u0119zyka.\" \/>\n<meta name=\"robots\" content=\"index, follow, max-snippet:-1, max-image-preview:large, max-video-preview:-1\" \/>\n<link rel=\"canonical\" href=\"https:\/\/talkpal.ai\/pl\/gramatyka-marathi\/\" \/>\n<meta property=\"og:locale\" content=\"pl_PL\" \/>\n<meta property=\"og:type\" content=\"article\" \/>\n<meta property=\"og:title\" content=\"Gramatyka marathi\" \/>\n<meta property=\"og:description\" content=\"Urok gramatyki marathi: odkrywanie jej tajemnic i zawi\u0142o\u015bci Czy pami\u0119tasz k\u0142opotliw\u0105 podr\u00f3\u017c nauki gramatyki angielskiej, pe\u0142n\u0105 skomplikowanych zasad,\" \/>\n<meta property=\"og:url\" content=\"https:\/\/talkpal.ai\/pl\/gramatyka-marathi\/\" \/>\n<meta property=\"og:site_name\" content=\"Talkpal\" \/>\n<meta property=\"article:publisher\" content=\"https:\/\/www.facebook.com\/profile.php?id=100090733639311\" \/>\n<meta property=\"article:modified_time\" content=\"2025-12-12T10:37:24+00:00\" \/>\n<meta property=\"og:image\" content=\"https:\/\/talkpal.ai\/wp-content\/uploads\/2023\/05\/Marathi-india.png\" \/>\n\t<meta property=\"og:image:width\" content=\"512\" \/>\n\t<meta property=\"og:image:height\" content=\"512\" \/>\n\t<meta property=\"og:image:type\" content=\"image\/png\" \/>\n<meta name=\"twitter:card\" content=\"summary_large_image\" \/>\n<meta name=\"twitter:site\" content=\"@talkpalai\" \/>\n<meta name=\"twitter:label1\" content=\"Szacowany czas czytania\" \/>\n\t<meta name=\"twitter:data1\" content=\"3 minuty\" \/>\n<script type=\"application\/ld+json\" class=\"yoast-schema-graph\">{\"@context\":\"https:\/\/schema.org\",\"@graph\":[{\"@type\":\"WebPage\",\"@id\":\"https:\/\/talkpal.ai\/pl\/gramatyka-marathi\/\",\"url\":\"https:\/\/talkpal.ai\/pl\/gramatyka-marathi\/\",\"name\":\"Gramatyka marathi - Talkpal\",\"isPartOf\":{\"@id\":\"https:\/\/talkpal.ai\/pl\/#website\"},\"primaryImageOfPage\":{\"@id\":\"https:\/\/talkpal.ai\/pl\/gramatyka-marathi\/#primaryimage\"},\"image\":{\"@id\":\"https:\/\/talkpal.ai\/pl\/gramatyka-marathi\/#primaryimage\"},\"thumbnailUrl\":\"https:\/\/talkpal.ai\/wp-content\/uploads\/2023\/05\/Marathi-india.png\",\"datePublished\":\"2023-05-14T14:12:07+00:00\",\"dateModified\":\"2025-12-12T10:37:24+00:00\",\"description\":\"Poznaj fascynuj\u0105cy \u015bwiat gramatyki j\u0119zyka marathi i odkryj jego unikalne zasady, fonetyk\u0119 i fleksj\u0119 podczas nauki j\u0119zyka.\",\"breadcrumb\":{\"@id\":\"https:\/\/talkpal.ai\/pl\/gramatyka-marathi\/#breadcrumb\"},\"inLanguage\":\"pl-PL\",\"potentialAction\":[{\"@type\":\"ReadAction\",\"target\":[\"https:\/\/talkpal.ai\/pl\/gramatyka-marathi\/\"]}]},{\"@type\":\"ImageObject\",\"inLanguage\":\"pl-PL\",\"@id\":\"https:\/\/talkpal.ai\/pl\/gramatyka-marathi\/#primaryimage\",\"url\":\"https:\/\/talkpal.ai\/wp-content\/uploads\/2023\/05\/Marathi-india.png\",\"contentUrl\":\"https:\/\/talkpal.ai\/wp-content\/uploads\/2023\/05\/Marathi-india.png\",\"width\":512,\"height\":512},{\"@type\":\"BreadcrumbList\",\"@id\":\"https:\/\/talkpal.ai\/pl\/gramatyka-marathi\/#breadcrumb\",\"itemListElement\":[{\"@type\":\"ListItem\",\"position\":1,\"name\":\"Homepage\",\"item\":\"https:\/\/talkpal.ai\/pl\/\"},{\"@type\":\"ListItem\",\"position\":2,\"name\":\"Gramatyka marathi\"}]},{\"@type\":\"WebSite\",\"@id\":\"https:\/\/talkpal.ai\/pl\/#website\",\"url\":\"https:\/\/talkpal.ai\/pl\/\",\"name\":\"Talkpal\",\"description\":\"AI Language Learning\",\"publisher\":{\"@id\":\"https:\/\/talkpal.ai\/pl\/#organization\"},\"alternateName\":\"Talkpal AI\",\"potentialAction\":[{\"@type\":\"SearchAction\",\"target\":{\"@type\":\"EntryPoint\",\"urlTemplate\":\"https:\/\/talkpal.ai\/pl\/?s={search_term_string}\"},\"query-input\":{\"@type\":\"PropertyValueSpecification\",\"valueRequired\":true,\"valueName\":\"search_term_string\"}}],\"inLanguage\":\"pl-PL\"},{\"@type\":\"Organization\",\"@id\":\"https:\/\/talkpal.ai\/pl\/#organization\",\"name\":\"Talkpal, Inc.\",\"alternateName\":\"Talkpal AI\",\"url\":\"https:\/\/talkpal.ai\/pl\/\",\"logo\":{\"@type\":\"ImageObject\",\"inLanguage\":\"pl-PL\",\"@id\":\"https:\/\/talkpal.ai\/pl\/#\/schema\/logo\/image\/\",\"url\":\"https:\/\/talkpal.ai\/wp-content\/uploads\/2024\/03\/Talkpal-Logo-Icon.png\",\"contentUrl\":\"https:\/\/talkpal.ai\/wp-content\/uploads\/2024\/03\/Talkpal-Logo-Icon.png\",\"width\":2880,\"height\":2880,\"caption\":\"Talkpal, Inc.\"},\"image\":{\"@id\":\"https:\/\/talkpal.ai\/pl\/#\/schema\/logo\/image\/\"},\"sameAs\":[\"https:\/\/www.facebook.com\/profile.php?id=100090733639311\",\"https:\/\/x.com\/talkpalai\",\"https:\/\/www.linkedin.com\/company\/talkpal\/\",\"https:\/\/www.youtube.com\/@TalkPal\/\",\"https:\/\/www.tiktok.com\/@talkpal\",\"https:\/\/www.instagram.com\/talkpal_ai\/\",\"https:\/\/www.crunchbase.com\/organization\/talkpal-9cde\",\"https:\/\/www.g2.com\/products\/talkpal-for-business\/\",\"https:\/\/www.trustpilot.com\/review\/talkpal.ai\",\"https:\/\/www.capterra.com\/p\/10006800\/TalkPal\/\"],\"description\":\"Talkpal is a language learning web and mobile education app, powered by the latest AI technologies, that provides engaging experiences to its customers in many different languages to help them improve their language skills. Users can chat about unlimited amount of topics with the app and use other modes to practice their language learning.\",\"email\":\"support@talkpal.ai\",\"legalName\":\"Talkpal, Inc.\",\"foundingDate\":\"2023-04-03\",\"duns\":\"118989042\",\"numberOfEmployees\":{\"@type\":\"QuantitativeValue\",\"minValue\":\"11\",\"maxValue\":\"50\"},\"publishingPrinciples\":\"https:\/\/talkpal.ai\/publishing-principles\/\",\"actionableFeedbackPolicy\":\"https:\/\/talkpal.ai\/actionable-feedback-policy\/\",\"correctionsPolicy\":\"https:\/\/talkpal.ai\/corrections-policy\/\",\"ethicsPolicy\":\"https:\/\/talkpal.ai\/ethics-policy\/\",\"diversityPolicy\":\"https:\/\/talkpal.ai\/diversity-policy\/\",\"diversityStaffingReport\":\"https:\/\/talkpal.ai\/diversity-policy\/\"}]}<\/script>\n<!-- \/ Yoast SEO Premium plugin. -->","yoast_head_json":{"title":"Gramatyka marathi - Talkpal","description":"Poznaj fascynuj\u0105cy \u015bwiat gramatyki j\u0119zyka marathi i odkryj jego unikalne zasady, fonetyk\u0119 i fleksj\u0119 podczas nauki j\u0119zyka.","robots":{"index":"index","follow":"follow","max-snippet":"max-snippet:-1","max-image-preview":"max-image-preview:large","max-video-preview":"max-video-preview:-1"},"canonical":"https:\/\/talkpal.ai\/pl\/gramatyka-marathi\/","og_locale":"pl_PL","og_type":"article","og_title":"Gramatyka marathi","og_description":"Urok gramatyki marathi: odkrywanie jej tajemnic i zawi\u0142o\u015bci Czy pami\u0119tasz k\u0142opotliw\u0105 podr\u00f3\u017c nauki gramatyki angielskiej, pe\u0142n\u0105 skomplikowanych zasad,","og_url":"https:\/\/talkpal.ai\/pl\/gramatyka-marathi\/","og_site_name":"Talkpal","article_publisher":"https:\/\/www.facebook.com\/profile.php?id=100090733639311","article_modified_time":"2025-12-12T10:37:24+00:00","og_image":[{"width":512,"height":512,"url":"https:\/\/talkpal.ai\/wp-content\/uploads\/2023\/05\/Marathi-india.png","type":"image\/png"}],"twitter_card":"summary_large_image","twitter_site":"@talkpalai","twitter_misc":{"Szacowany czas czytania":"3 minuty"},"schema":{"@context":"https:\/\/schema.org","@graph":[{"@type":"WebPage","@id":"https:\/\/talkpal.ai\/pl\/gramatyka-marathi\/","url":"https:\/\/talkpal.ai\/pl\/gramatyka-marathi\/","name":"Gramatyka marathi - Talkpal","isPartOf":{"@id":"https:\/\/talkpal.ai\/pl\/#website"},"primaryImageOfPage":{"@id":"https:\/\/talkpal.ai\/pl\/gramatyka-marathi\/#primaryimage"},"image":{"@id":"https:\/\/talkpal.ai\/pl\/gramatyka-marathi\/#primaryimage"},"thumbnailUrl":"https:\/\/talkpal.ai\/wp-content\/uploads\/2023\/05\/Marathi-india.png","datePublished":"2023-05-14T14:12:07+00:00","dateModified":"2025-12-12T10:37:24+00:00","description":"Poznaj fascynuj\u0105cy \u015bwiat gramatyki j\u0119zyka marathi i odkryj jego unikalne zasady, fonetyk\u0119 i fleksj\u0119 podczas nauki j\u0119zyka.","breadcrumb":{"@id":"https:\/\/talkpal.ai\/pl\/gramatyka-marathi\/#breadcrumb"},"inLanguage":"pl-PL","potentialAction":[{"@type":"ReadAction","target":["https:\/\/talkpal.ai\/pl\/gramatyka-marathi\/"]}]},{"@type":"ImageObject","inLanguage":"pl-PL","@id":"https:\/\/talkpal.ai\/pl\/gramatyka-marathi\/#primaryimage","url":"https:\/\/talkpal.ai\/wp-content\/uploads\/2023\/05\/Marathi-india.png","contentUrl":"https:\/\/talkpal.ai\/wp-content\/uploads\/2023\/05\/Marathi-india.png","width":512,"height":512},{"@type":"BreadcrumbList","@id":"https:\/\/talkpal.ai\/pl\/gramatyka-marathi\/#breadcrumb","itemListElement":[{"@type":"ListItem","position":1,"name":"Homepage","item":"https:\/\/talkpal.ai\/pl\/"},{"@type":"ListItem","position":2,"name":"Gramatyka marathi"}]},{"@type":"WebSite","@id":"https:\/\/talkpal.ai\/pl\/#website","url":"https:\/\/talkpal.ai\/pl\/","name":"Talkpal","description":"AI Language Learning","publisher":{"@id":"https:\/\/talkpal.ai\/pl\/#organization"},"alternateName":"Talkpal AI","potentialAction":[{"@type":"SearchAction","target":{"@type":"EntryPoint","urlTemplate":"https:\/\/talkpal.ai\/pl\/?s={search_term_string}"},"query-input":{"@type":"PropertyValueSpecification","valueRequired":true,"valueName":"search_term_string"}}],"inLanguage":"pl-PL"},{"@type":"Organization","@id":"https:\/\/talkpal.ai\/pl\/#organization","name":"Talkpal, Inc.","alternateName":"Talkpal AI","url":"https:\/\/talkpal.ai\/pl\/","logo":{"@type":"ImageObject","inLanguage":"pl-PL","@id":"https:\/\/talkpal.ai\/pl\/#\/schema\/logo\/image\/","url":"https:\/\/talkpal.ai\/wp-content\/uploads\/2024\/03\/Talkpal-Logo-Icon.png","contentUrl":"https:\/\/talkpal.ai\/wp-content\/uploads\/2024\/03\/Talkpal-Logo-Icon.png","width":2880,"height":2880,"caption":"Talkpal, Inc."},"image":{"@id":"https:\/\/talkpal.ai\/pl\/#\/schema\/logo\/image\/"},"sameAs":["https:\/\/www.facebook.com\/profile.php?id=100090733639311","https:\/\/x.com\/talkpalai","https:\/\/www.linkedin.com\/company\/talkpal\/","https:\/\/www.youtube.com\/@TalkPal\/","https:\/\/www.tiktok.com\/@talkpal","https:\/\/www.instagram.com\/talkpal_ai\/","https:\/\/www.crunchbase.com\/organization\/talkpal-9cde","https:\/\/www.g2.com\/products\/talkpal-for-business\/","https:\/\/www.trustpilot.com\/review\/talkpal.ai","https:\/\/www.capterra.com\/p\/10006800\/TalkPal\/"],"description":"Talkpal is a language learning web and mobile education app, powered by the latest AI technologies, that provides engaging experiences to its customers in many different languages to help them improve their language skills. Users can chat about unlimited amount of topics with the app and use other modes to practice their language learning.","email":"support@talkpal.ai","legalName":"Talkpal, Inc.","foundingDate":"2023-04-03","duns":"118989042","numberOfEmployees":{"@type":"QuantitativeValue","minValue":"11","maxValue":"50"},"publishingPrinciples":"https:\/\/talkpal.ai\/publishing-principles\/","actionableFeedbackPolicy":"https:\/\/talkpal.ai\/actionable-feedback-policy\/","correctionsPolicy":"https:\/\/talkpal.ai\/corrections-policy\/","ethicsPolicy":"https:\/\/talkpal.ai\/ethics-policy\/","diversityPolicy":"https:\/\/talkpal.ai\/diversity-policy\/","diversityStaffingReport":"https:\/\/talkpal.ai\/diversity-policy\/"}]}},"_links":{"self":[{"href":"https:\/\/talkpal.ai\/pl\/wp-json\/wp\/v2\/pages\/147404","targetHints":{"allow":["GET"]}}],"collection":[{"href":"https:\/\/talkpal.ai\/pl\/wp-json\/wp\/v2\/pages"}],"about":[{"href":"https:\/\/talkpal.ai\/pl\/wp-json\/wp\/v2\/types\/page"}],"author":[{"embeddable":true,"href":"https:\/\/talkpal.ai\/pl\/wp-json\/wp\/v2\/users\/1"}],"replies":[{"embeddable":true,"href":"https:\/\/talkpal.ai\/pl\/wp-json\/wp\/v2\/comments?post=147404"}],"version-history":[{"count":0,"href":"https:\/\/talkpal.ai\/pl\/wp-json\/wp\/v2\/pages\/147404\/revisions"}],"wp:featuredmedia":[{"embeddable":true,"href":"https:\/\/talkpal.ai\/pl\/wp-json\/wp\/v2\/media\/116411"}],"wp:attachment":[{"href":"https:\/\/talkpal.ai\/pl\/wp-json\/wp\/v2\/media?parent=147404"}],"curies":[{"name":"wp","href":"https:\/\/api.w.org\/{rel}","templated":true}]}}