{"id":147266,"date":"2023-05-14T14:11:47","date_gmt":"2023-05-14T14:11:47","guid":{"rendered":"http:\/\/talkpal.ai\/gramatyka-malajska\/"},"modified":"2025-12-17T16:40:31","modified_gmt":"2025-12-17T16:40:31","slug":"gramatyka-malajska","status":"publish","type":"page","link":"https:\/\/talkpal.ai\/pl\/gramatyka-malajska\/","title":{"rendered":"Gramatyka malajska"},"content":{"rendered":"\r\n\r\n\r\n<section class=\"languageChallengeSection\">\r\n    <div class=\"languageInfoWrapper\">\r\n        \r\n        <h1>Gramatyka malajska<\/h1>\r\n        <p>Ciekawi Ci\u0119 nauka j\u0119zyka malajskiego? Zanurz si\u0119 w gramatyce malajskiej, znanej z prostych zasad, braku koniugacji czasownik\u00f3w i u\u017cywania afiks\u00f3w do tworzenia znacze\u0144. Zacznij ju\u017c dzi\u015b &#8211; opanowanie gramatyki j\u0119zyka malajskiego da ci pewno\u015b\u0107 siebie, aby \u0142atwo si\u0119 komunikowa\u0107 i otworzy\u0107 drzwi do r\u00f3\u017cnorodnych i dynamicznych kultur Azji Po\u0142udniowo-Wschodniej!<\/p>\r\n\r\n                            <a class=\"getStartedHidden\" href=\"https:\/\/app.talkpal.ai\/pl\/signup?lng=\">Zaczynaj<\/a>\r\n        \r\n    <\/div>\r\n\r\n    <figure>\r\n    <img decoding=\"async\" width=\"768\" height=\"768\" src=\"https:\/\/talkpal.ai\/wp-content\/uploads\/2023\/06\/malay-768x768.png\" class=\"languageImage no-lazy\" alt=\"Language learning for personal accomplishments\" fetchpriority=\"high\" sizes=\"(max-width: 768px) 150px, 768px\" srcset=\"https:\/\/talkpal.ai\/wp-content\/uploads\/2023\/06\/malay-768x768.png 768w, https:\/\/talkpal.ai\/wp-content\/uploads\/2023\/06\/malay-300x300.png 300w\" \/>\r\n    \r\n\r\n    <\/figure>\r\n\r\n            <a class=\"getStartedVisible\" href=\"https:\/\/app.talkpal.ai\/pl\/signup?lng=\">Zaczynaj<\/a>\r\n    \r\n<\/section>\r\n<section class=\"promotionalBanner\">\r\n    <p class=\"promotionalText\">Najbardziej efektywny spos\u00f3b nauki j\u0119zyka<\/p>\r\n    <a class=\"promotionalLink\" href=\"https:\/\/app.talkpal.ai\/pl\/signup?lng=\">Wypr\u00f3buj Talkpal za darmo<\/a>\r\n<\/section>\n<div class=\"wp-block-group pageContainerStyle\"><div class=\"wp-block-group__inner-container is-layout-constrained wp-block-group-is-layout-constrained\">\n<h2 class=\"wp-block-heading\" id=\"h-malay-grammar-exploring-the-richness-of-bahasa-melayu\">Gramatyka malajska: odkrywanie bogactwa j\u0119zyka malajskiego<\/h2>\n\n\n\n<p>J\u0119zyk <a href=\"https:\/\/talkpal.ai\/learn-malay\/\">malajski<\/a>, czyli <a href=\"https:\/\/talkpal.ai\/ms\/belajar-bahasa-melayu\/\">Bahasa Melayu<\/a>, nale\u017cy do najcz\u0119\u015bciej u\u017cywanych j\u0119zyk\u00f3w na <a href=\"https:\/\/talkpal.ai\/locations\/language-courses-in-swiecie\/\">\u015bwiecie<\/a>, \u0142\u0105cz\u0105c r\u00f3\u017cnorodne narody Malezji, Indonezji, Brunei i Singapuru. Zag\u0142\u0119biaj\u0105c si\u0119 w nauk\u0119 j\u0119zyka malajskiego, szybko odkryjesz pi\u0119kno jego gramatyki i rozwijaj\u0105cego si\u0119 krajobrazu j\u0119zykowego. Ten artyku\u0142 ma na celu wprowadzenie Ci\u0119 w podstawowe zasady gramatyki malajskiej, prowadz\u0105c Ci\u0119 do lepszego zrozumienia i docenienia tego wszechstronnego j\u0119zyka.<\/p>\n\n\n\n<h3 class=\"wp-block-heading\" id=\"h-1-nouns-simplicity-rules\">1. Rzeczowniki \u2013 zasady prostoty<\/h3>\n\n\n\n<p>W przeciwie\u0144stwie do innych j\u0119zyk\u00f3w, <a href=\"https:\/\/talkpal.ai\/malay-grammar\/\">gramatyka malajska<\/a> nie zawiera deklinacji ani klasyfikacji p\u0142ci rzeczownik\u00f3w. Zamiast tego u\u017cycie rzeczownika k\u0142adzie silny nacisk na prostot\u0119. Liczby mnogiej rzeczownik\u00f3w tworzy si\u0119 po prostu przez ich powielanie. Brzmi \u0142atwo, prawda? Na przyk\u0142ad &#8222;jab\u0142ko&#8221; to &#8222;buah epal&#8221;, wi\u0119c &#8222;jab\u0142ka&#8221; staj\u0105 si\u0119 &#8222;buah-buah epal&#8221;. Mo\u017cesz zrezygnowa\u0107 z duplikacji w mowie nieformalnej.<\/p>\n\n\n\n<h3 class=\"wp-block-heading\" id=\"h-2-adjectives-straightforward-descriptions\">2. Przymiotniki \u2013 proste opisy<\/h3>\n\n\n\n<p>Przymiotniki malajskie pozostaj\u0105 niezmienione niezale\u017cnie od rzeczownika, kt\u00f3ry opisuj\u0105, co czyni je niezwykle \u0142atwymi w u\u017cyciu &#8211; kolejny dow\u00f3d na prostot\u0119 j\u0119zyka. Umieszczenie przymiotnika nast\u0119puje po rzeczowniku, tworz\u0105c przyjemny przep\u0142yw w zdaniach. Na przyk\u0142ad &#8222;du\u017cy dom&#8221; to &#8222;rumah besar&#8221;, gdzie &#8222;rumah&#8221; odnosi si\u0119 do &#8222;domu&#8221;, a &#8222;besar&#8221; oznacza &#8222;du\u017cy&#8221;.<\/p>\n\n\n\n<h3 class=\"wp-block-heading\" id=\"h-3-verbs-the-magic-of-prefixes-and-suffixes\">3. Czasowniki \u2013 magia przedrostk\u00f3w i przyrostk\u00f3w<\/h3>\n\n\n\n<p>Czasowniki malajskie mog\u0105 pochwali\u0107 si\u0119 wszechstronno\u015bci\u0105, kt\u00f3ra jest zar\u00f3wno ekscytuj\u0105ca, jak i prosta. W Bahasa Melayu czasy nie s\u0105 wyra\u017anie przekazywane za pomoc\u0105 form czasownik\u00f3w; zamiast tego s\u0105 one wskazywane przez kontekst lub znaczniki czasu. Ponadto malajski szeroko wykorzystuje przedrostki i przyrostki do wyra\u017cania r\u00f3\u017cnych aspekt\u00f3w czasownik\u00f3w.<\/p>\n\n\n\n<p>Istniej\u0105 trzy podstawowe przedrostki: &#8222;meN-&#8222;, &#8222;ber-&#8221; i &#8222;ter-&#8222;. Przedrostek &#8222;meN-&#8221; ma szeroki zakres zastosowa\u0144, w tym tworzenie czasownik\u00f3w aktywnych i oznaczanie czynno\u015bci sprawczych. Tymczasem &#8222;ber-&#8221; oznacza czynno\u015bci nieprzechodnie, a &#8222;ter-&#8221; wskazuje na przypadkowe zdarzenia lub czynno\u015bci bierne. Nale\u017cy pami\u0119ta\u0107, \u017ce ka\u017cdy przedrostek mo\u017ce powodowa\u0107 niewielkie zmiany w pisowni czasownika podstawowego.<\/p>\n\n\n\n<p>Sufiksy, takie jak &#8222;-kan&#8221; i &#8222;-i&#8221;, pomagaj\u0105 zapewni\u0107 dalsz\u0105 specyfik\u0119, podczas gdy infiks &#8222;-el-&#8221; dodaje intensywno\u015bci do podstawowego czasownika.<\/p>\n\n\n\n<h3 class=\"wp-block-heading\" id=\"h-4-prepositions-amp-particles-adding-flavor-to-sentences\">4. Przyimki i partyku\u0142y \u2013 dodawanie smaku zdaniom<\/h3>\n\n\n\n<p>Przyimki i partyku\u0142y odgrywaj\u0105 istotn\u0105 rol\u0119 w gramatyce malajskiej, dzia\u0142aj\u0105c jak klej j\u0119zykowy i zapewniaj\u0105c niezb\u0119dny kontekst. Przyimki, takie jak &#8222;di&#8221; (przy), &#8222;ke&#8221; (do) i &#8222;dari&#8221; (od), pomagaj\u0105 ustali\u0107 relacje mi\u0119dzy s\u0142owami. Z drugiej strony, cz\u0105stki, takie jak &#8222;lah&#8221;, &#8222;kah&#8221; i &#8222;pun&#8221;, s\u0105 u\u017cywane do dodawania akcentu, emocji i znak\u00f3w zapytania do zda\u0144.<\/p>\n\n\n\n<p>Na przyk\u0142ad, zdanie &#8222;Kamu pergi sana&#8221;, oznaczaj\u0105ce &#8222;Idziesz tam&#8221;, staje si\u0119 bardziej dobitne, je\u015bli dodasz &#8222;lah&#8221; na ko\u0144cu: &#8222;Kamu pergi sana lah&#8221;. Teraz oznacza to &#8222;Id\u017a tam (teraz)&#8221;.<\/p>\n\n\n\n<h3 class=\"wp-block-heading\" id=\"h-5-embracing-the-journey\">5. Obj\u0119cie podr\u00f3\u017cy<\/h3>\n\n\n\n<p>Chocia\u017c <a href=\"https:\/\/talkpal.ai\/malay-grammar\/\">gramatyka malajska<\/a> mo\u017ce wydawa\u0107 si\u0119 prosta w por\u00f3wnaniu z innymi j\u0119zykami, jej pi\u0119kno tkwi w bogactwie i r\u00f3\u017cnorodno\u015bci wyra\u017ce\u0144 osi\u0105gni\u0119tych dzi\u0119ki prostym regu\u0142om. \u0141atwo\u015b\u0107 nauki gramatyki malajskiej pozwoli Ci skuteczniej zaanga\u017cowa\u0107 si\u0119 w r\u00f3\u017cnorodny \u015bwiat malajskoj\u0119zyczny i zanurzy\u0107 si\u0119 w jego wyj\u0105tkowej kulturze.<\/p>\n\n\n\n<p>Zanim zanurzysz si\u0119 w \u015bwiat Bahasa Melayu, pami\u0119taj, \u017ce podr\u00f3\u017c nie zawsze mo\u017ce by\u0107 \u0142atwa. Zachowaj otwarty umys\u0142, nawi\u0105\u017c <a href=\"https:\/\/talkpal.ai\/contact\/\">kontakt<\/a> z native speakerami i, co najwa\u017cniejsze, rozkoszuj si\u0119 odkrywaniem niuans\u00f3w tego pi\u0119knego j\u0119zyka. Selamat belajar \u2013 mi\u0142ej nauki!<\/p>\n<\/div><\/div>\n\r\n<section class=\"learnNavigationSection\">\r\n            \r\n        <a href=\"https:\/\/talkpal.ai\/pl\/naucz-sie-malajskiego\/\">\r\n            <div class=\"learnNavigationWrapper\">\r\n                <div class=\"learnNavigationContent\">\r\n                    <img decoding=\"async\" src=\"https:\/\/talkpal.ai\/wp-content\/uploads\/2024\/08\/Malay.jpg\" alt=\"Malaysian Flag\">\r\n                    <div>\r\n                        <h4>O Malay Learning<\/h4>\r\n                        <p>Dowiedz si\u0119 wszystkiego o gramatyce malajskiej.<\/p>\r\n                    <\/div>\r\n                <\/div>\r\n            <\/div>\r\n        <\/a>\r\n\r\n        \r\n        <a href=\"https:\/\/talkpal.ai\/pl\/cwiczenia-gramatyczne-z-jezyka-malajskiego\/\">\r\n            <div class=\"learnNavigationWrapper\">\r\n                <div class=\"learnNavigationContent\">\r\n                    <img decoding=\"async\" src=\"https:\/\/talkpal.ai\/wp-content\/uploads\/2024\/08\/Malay.jpg\" alt=\"Malaysian Flag\">\r\n                    <div>\r\n                        <h4>\u0106wiczenia z gramatyki j\u0119zyka malajskiego<\/h4>\r\n                        <p>\u0106wicz gramatyk\u0119 j\u0119zyka malajskiego<\/p>\r\n                    <\/div>\r\n                <\/div>\r\n            <\/div>\r\n        <\/a>\r\n\r\n        \r\n        <a href=\"https:\/\/talkpal.ai\/vocabulary_language\/malay\/\">\r\n            <div class=\"learnNavigationWrapper\">\r\n                <div class=\"learnNavigationContent\">\r\n                    <img decoding=\"async\" src=\"https:\/\/talkpal.ai\/wp-content\/uploads\/2024\/08\/Malay.jpg\" alt=\"Malaysian Flag\">\r\n                    <div>\r\n                        <h4>S\u0142ownictwo malajskie<\/h4>\r\n                        <p>Poszerz swoje malajskie s\u0142ownictwo.<\/p>\r\n                    <\/div>\r\n                <\/div>\r\n            <\/div>\r\n        <\/a>\r\n\r\n            <\/section>","protected":false},"excerpt":{"rendered":"<p>Gramatyka malajska: odkrywanie bogactwa j\u0119zyka malajskiego J\u0119zyk malajski, czyli Bahasa Melayu, nale\u017cy do najcz\u0119\u015bciej u\u017cywanych j\u0119zyk\u00f3w na \u015bwiecie, \u0142\u0105cz\u0105c r\u00f3\u017cnorodne narody Malezji, Indonezji, Brunei i Singapuru. Zag\u0142\u0119biaj\u0105c si\u0119 w nauk\u0119 j\u0119zyka malajskiego, szybko odkryjesz pi\u0119kno jego gramatyki i rozwijaj\u0105cego si\u0119 krajobrazu j\u0119zykowego. Ten artyku\u0142 ma na celu wprowadzenie Ci\u0119 w podstawowe zasady gramatyki malajskiej, prowadz\u0105c [&hellip;]<\/p>\n","protected":false},"author":1,"featured_media":115941,"parent":0,"menu_order":0,"comment_status":"closed","ping_status":"closed","template":"LearningContentPage.php","meta":{"_acf_changed":false,"footnotes":""},"class_list":["post-147266","page","type-page","status-publish","has-post-thumbnail","hentry"],"acf":[],"yoast_head":"<!-- This site is optimized with the Yoast SEO Premium plugin v27.2 (Yoast SEO v27.2) - https:\/\/yoast.com\/product\/yoast-seo-premium-wordpress\/ -->\n<title>Gramatyka malajska - Talkpal<\/title>\n<meta name=\"description\" content=\"Poznaj gramatyk\u0119 j\u0119zyka malajskiego i dowiedz si\u0119, jak jej prostota mo\u017ce poprawi\u0107 zrozumienie j\u0119zyka malajskiego.\" \/>\n<meta name=\"robots\" content=\"index, follow, max-snippet:-1, max-image-preview:large, max-video-preview:-1\" \/>\n<link rel=\"canonical\" href=\"https:\/\/talkpal.ai\/pl\/gramatyka-malajska\/\" \/>\n<meta property=\"og:locale\" content=\"pl_PL\" \/>\n<meta property=\"og:type\" content=\"article\" \/>\n<meta property=\"og:title\" content=\"Gramatyka malajska\" \/>\n<meta property=\"og:description\" content=\"Gramatyka malajska: odkrywanie bogactwa j\u0119zyka malajskiego J\u0119zyk malajski, czyli Bahasa Melayu, nale\u017cy do najcz\u0119\u015bciej u\u017cywanych j\u0119zyk\u00f3w na \u015bwiecie, \u0142\u0105cz\u0105c\" \/>\n<meta property=\"og:url\" content=\"https:\/\/talkpal.ai\/pl\/gramatyka-malajska\/\" \/>\n<meta property=\"og:site_name\" content=\"Talkpal\" \/>\n<meta property=\"article:publisher\" content=\"https:\/\/www.facebook.com\/profile.php?id=100090733639311\" \/>\n<meta property=\"article:modified_time\" content=\"2025-12-17T16:40:31+00:00\" \/>\n<meta property=\"og:image\" content=\"https:\/\/talkpal.ai\/wp-content\/uploads\/2023\/05\/malaysia.png\" \/>\n\t<meta property=\"og:image:width\" content=\"512\" \/>\n\t<meta property=\"og:image:height\" content=\"512\" \/>\n\t<meta property=\"og:image:type\" content=\"image\/png\" \/>\n<meta name=\"twitter:card\" content=\"summary_large_image\" \/>\n<meta name=\"twitter:site\" content=\"@talkpalai\" \/>\n<meta name=\"twitter:label1\" content=\"Szacowany czas czytania\" \/>\n\t<meta name=\"twitter:data1\" content=\"3 minuty\" \/>\n<script type=\"application\/ld+json\" class=\"yoast-schema-graph\">{\"@context\":\"https:\/\/schema.org\",\"@graph\":[{\"@type\":\"WebPage\",\"@id\":\"https:\/\/talkpal.ai\/pl\/gramatyka-malajska\/\",\"url\":\"https:\/\/talkpal.ai\/pl\/gramatyka-malajska\/\",\"name\":\"Gramatyka malajska - Talkpal\",\"isPartOf\":{\"@id\":\"https:\/\/talkpal.ai\/pl\/#website\"},\"primaryImageOfPage\":{\"@id\":\"https:\/\/talkpal.ai\/pl\/gramatyka-malajska\/#primaryimage\"},\"image\":{\"@id\":\"https:\/\/talkpal.ai\/pl\/gramatyka-malajska\/#primaryimage\"},\"thumbnailUrl\":\"https:\/\/talkpal.ai\/wp-content\/uploads\/2023\/05\/malaysia.png\",\"datePublished\":\"2023-05-14T14:11:47+00:00\",\"dateModified\":\"2025-12-17T16:40:31+00:00\",\"description\":\"Poznaj gramatyk\u0119 j\u0119zyka malajskiego i dowiedz si\u0119, jak jej prostota mo\u017ce poprawi\u0107 zrozumienie j\u0119zyka malajskiego.\",\"breadcrumb\":{\"@id\":\"https:\/\/talkpal.ai\/pl\/gramatyka-malajska\/#breadcrumb\"},\"inLanguage\":\"pl-PL\",\"potentialAction\":[{\"@type\":\"ReadAction\",\"target\":[\"https:\/\/talkpal.ai\/pl\/gramatyka-malajska\/\"]}]},{\"@type\":\"ImageObject\",\"inLanguage\":\"pl-PL\",\"@id\":\"https:\/\/talkpal.ai\/pl\/gramatyka-malajska\/#primaryimage\",\"url\":\"https:\/\/talkpal.ai\/wp-content\/uploads\/2023\/05\/malaysia.png\",\"contentUrl\":\"https:\/\/talkpal.ai\/wp-content\/uploads\/2023\/05\/malaysia.png\",\"width\":512,\"height\":512},{\"@type\":\"BreadcrumbList\",\"@id\":\"https:\/\/talkpal.ai\/pl\/gramatyka-malajska\/#breadcrumb\",\"itemListElement\":[{\"@type\":\"ListItem\",\"position\":1,\"name\":\"Homepage\",\"item\":\"https:\/\/talkpal.ai\/pl\/\"},{\"@type\":\"ListItem\",\"position\":2,\"name\":\"Gramatyka malajska\"}]},{\"@type\":\"WebSite\",\"@id\":\"https:\/\/talkpal.ai\/pl\/#website\",\"url\":\"https:\/\/talkpal.ai\/pl\/\",\"name\":\"Talkpal\",\"description\":\"AI Language Learning\",\"publisher\":{\"@id\":\"https:\/\/talkpal.ai\/pl\/#organization\"},\"alternateName\":\"Talkpal AI\",\"potentialAction\":[{\"@type\":\"SearchAction\",\"target\":{\"@type\":\"EntryPoint\",\"urlTemplate\":\"https:\/\/talkpal.ai\/pl\/?s={search_term_string}\"},\"query-input\":{\"@type\":\"PropertyValueSpecification\",\"valueRequired\":true,\"valueName\":\"search_term_string\"}}],\"inLanguage\":\"pl-PL\"},{\"@type\":\"Organization\",\"@id\":\"https:\/\/talkpal.ai\/pl\/#organization\",\"name\":\"Talkpal, Inc.\",\"alternateName\":\"Talkpal AI\",\"url\":\"https:\/\/talkpal.ai\/pl\/\",\"logo\":{\"@type\":\"ImageObject\",\"inLanguage\":\"pl-PL\",\"@id\":\"https:\/\/talkpal.ai\/pl\/#\/schema\/logo\/image\/\",\"url\":\"https:\/\/talkpal.ai\/wp-content\/uploads\/2024\/03\/Talkpal-Logo-Icon.png\",\"contentUrl\":\"https:\/\/talkpal.ai\/wp-content\/uploads\/2024\/03\/Talkpal-Logo-Icon.png\",\"width\":2880,\"height\":2880,\"caption\":\"Talkpal, Inc.\"},\"image\":{\"@id\":\"https:\/\/talkpal.ai\/pl\/#\/schema\/logo\/image\/\"},\"sameAs\":[\"https:\/\/www.facebook.com\/profile.php?id=100090733639311\",\"https:\/\/x.com\/talkpalai\",\"https:\/\/www.linkedin.com\/company\/talkpal\/\",\"https:\/\/www.youtube.com\/@TalkPal\/\",\"https:\/\/www.tiktok.com\/@talkpal\",\"https:\/\/www.instagram.com\/talkpal_ai\/\",\"https:\/\/www.crunchbase.com\/organization\/talkpal-9cde\",\"https:\/\/www.g2.com\/products\/talkpal-for-business\/\",\"https:\/\/www.trustpilot.com\/review\/talkpal.ai\",\"https:\/\/www.capterra.com\/p\/10006800\/TalkPal\/\"],\"description\":\"Talkpal is a language learning web and mobile education app, powered by the latest AI technologies, that provides engaging experiences to its customers in many different languages to help them improve their language skills. Users can chat about unlimited amount of topics with the app and use other modes to practice their language learning.\",\"email\":\"support@talkpal.ai\",\"legalName\":\"Talkpal, Inc.\",\"foundingDate\":\"2023-04-03\",\"duns\":\"118989042\",\"numberOfEmployees\":{\"@type\":\"QuantitativeValue\",\"minValue\":\"11\",\"maxValue\":\"50\"},\"publishingPrinciples\":\"https:\/\/talkpal.ai\/publishing-principles\/\",\"actionableFeedbackPolicy\":\"https:\/\/talkpal.ai\/actionable-feedback-policy\/\",\"correctionsPolicy\":\"https:\/\/talkpal.ai\/corrections-policy\/\",\"ethicsPolicy\":\"https:\/\/talkpal.ai\/ethics-policy\/\",\"diversityPolicy\":\"https:\/\/talkpal.ai\/diversity-policy\/\",\"diversityStaffingReport\":\"https:\/\/talkpal.ai\/diversity-policy\/\"}]}<\/script>\n<!-- \/ Yoast SEO Premium plugin. -->","yoast_head_json":{"title":"Gramatyka malajska - Talkpal","description":"Poznaj gramatyk\u0119 j\u0119zyka malajskiego i dowiedz si\u0119, jak jej prostota mo\u017ce poprawi\u0107 zrozumienie j\u0119zyka malajskiego.","robots":{"index":"index","follow":"follow","max-snippet":"max-snippet:-1","max-image-preview":"max-image-preview:large","max-video-preview":"max-video-preview:-1"},"canonical":"https:\/\/talkpal.ai\/pl\/gramatyka-malajska\/","og_locale":"pl_PL","og_type":"article","og_title":"Gramatyka malajska","og_description":"Gramatyka malajska: odkrywanie bogactwa j\u0119zyka malajskiego J\u0119zyk malajski, czyli Bahasa Melayu, nale\u017cy do najcz\u0119\u015bciej u\u017cywanych j\u0119zyk\u00f3w na \u015bwiecie, \u0142\u0105cz\u0105c","og_url":"https:\/\/talkpal.ai\/pl\/gramatyka-malajska\/","og_site_name":"Talkpal","article_publisher":"https:\/\/www.facebook.com\/profile.php?id=100090733639311","article_modified_time":"2025-12-17T16:40:31+00:00","og_image":[{"width":512,"height":512,"url":"https:\/\/talkpal.ai\/wp-content\/uploads\/2023\/05\/malaysia.png","type":"image\/png"}],"twitter_card":"summary_large_image","twitter_site":"@talkpalai","twitter_misc":{"Szacowany czas czytania":"3 minuty"},"schema":{"@context":"https:\/\/schema.org","@graph":[{"@type":"WebPage","@id":"https:\/\/talkpal.ai\/pl\/gramatyka-malajska\/","url":"https:\/\/talkpal.ai\/pl\/gramatyka-malajska\/","name":"Gramatyka malajska - Talkpal","isPartOf":{"@id":"https:\/\/talkpal.ai\/pl\/#website"},"primaryImageOfPage":{"@id":"https:\/\/talkpal.ai\/pl\/gramatyka-malajska\/#primaryimage"},"image":{"@id":"https:\/\/talkpal.ai\/pl\/gramatyka-malajska\/#primaryimage"},"thumbnailUrl":"https:\/\/talkpal.ai\/wp-content\/uploads\/2023\/05\/malaysia.png","datePublished":"2023-05-14T14:11:47+00:00","dateModified":"2025-12-17T16:40:31+00:00","description":"Poznaj gramatyk\u0119 j\u0119zyka malajskiego i dowiedz si\u0119, jak jej prostota mo\u017ce poprawi\u0107 zrozumienie j\u0119zyka malajskiego.","breadcrumb":{"@id":"https:\/\/talkpal.ai\/pl\/gramatyka-malajska\/#breadcrumb"},"inLanguage":"pl-PL","potentialAction":[{"@type":"ReadAction","target":["https:\/\/talkpal.ai\/pl\/gramatyka-malajska\/"]}]},{"@type":"ImageObject","inLanguage":"pl-PL","@id":"https:\/\/talkpal.ai\/pl\/gramatyka-malajska\/#primaryimage","url":"https:\/\/talkpal.ai\/wp-content\/uploads\/2023\/05\/malaysia.png","contentUrl":"https:\/\/talkpal.ai\/wp-content\/uploads\/2023\/05\/malaysia.png","width":512,"height":512},{"@type":"BreadcrumbList","@id":"https:\/\/talkpal.ai\/pl\/gramatyka-malajska\/#breadcrumb","itemListElement":[{"@type":"ListItem","position":1,"name":"Homepage","item":"https:\/\/talkpal.ai\/pl\/"},{"@type":"ListItem","position":2,"name":"Gramatyka malajska"}]},{"@type":"WebSite","@id":"https:\/\/talkpal.ai\/pl\/#website","url":"https:\/\/talkpal.ai\/pl\/","name":"Talkpal","description":"AI Language Learning","publisher":{"@id":"https:\/\/talkpal.ai\/pl\/#organization"},"alternateName":"Talkpal AI","potentialAction":[{"@type":"SearchAction","target":{"@type":"EntryPoint","urlTemplate":"https:\/\/talkpal.ai\/pl\/?s={search_term_string}"},"query-input":{"@type":"PropertyValueSpecification","valueRequired":true,"valueName":"search_term_string"}}],"inLanguage":"pl-PL"},{"@type":"Organization","@id":"https:\/\/talkpal.ai\/pl\/#organization","name":"Talkpal, Inc.","alternateName":"Talkpal AI","url":"https:\/\/talkpal.ai\/pl\/","logo":{"@type":"ImageObject","inLanguage":"pl-PL","@id":"https:\/\/talkpal.ai\/pl\/#\/schema\/logo\/image\/","url":"https:\/\/talkpal.ai\/wp-content\/uploads\/2024\/03\/Talkpal-Logo-Icon.png","contentUrl":"https:\/\/talkpal.ai\/wp-content\/uploads\/2024\/03\/Talkpal-Logo-Icon.png","width":2880,"height":2880,"caption":"Talkpal, Inc."},"image":{"@id":"https:\/\/talkpal.ai\/pl\/#\/schema\/logo\/image\/"},"sameAs":["https:\/\/www.facebook.com\/profile.php?id=100090733639311","https:\/\/x.com\/talkpalai","https:\/\/www.linkedin.com\/company\/talkpal\/","https:\/\/www.youtube.com\/@TalkPal\/","https:\/\/www.tiktok.com\/@talkpal","https:\/\/www.instagram.com\/talkpal_ai\/","https:\/\/www.crunchbase.com\/organization\/talkpal-9cde","https:\/\/www.g2.com\/products\/talkpal-for-business\/","https:\/\/www.trustpilot.com\/review\/talkpal.ai","https:\/\/www.capterra.com\/p\/10006800\/TalkPal\/"],"description":"Talkpal is a language learning web and mobile education app, powered by the latest AI technologies, that provides engaging experiences to its customers in many different languages to help them improve their language skills. Users can chat about unlimited amount of topics with the app and use other modes to practice their language learning.","email":"support@talkpal.ai","legalName":"Talkpal, Inc.","foundingDate":"2023-04-03","duns":"118989042","numberOfEmployees":{"@type":"QuantitativeValue","minValue":"11","maxValue":"50"},"publishingPrinciples":"https:\/\/talkpal.ai\/publishing-principles\/","actionableFeedbackPolicy":"https:\/\/talkpal.ai\/actionable-feedback-policy\/","correctionsPolicy":"https:\/\/talkpal.ai\/corrections-policy\/","ethicsPolicy":"https:\/\/talkpal.ai\/ethics-policy\/","diversityPolicy":"https:\/\/talkpal.ai\/diversity-policy\/","diversityStaffingReport":"https:\/\/talkpal.ai\/diversity-policy\/"}]}},"_links":{"self":[{"href":"https:\/\/talkpal.ai\/pl\/wp-json\/wp\/v2\/pages\/147266","targetHints":{"allow":["GET"]}}],"collection":[{"href":"https:\/\/talkpal.ai\/pl\/wp-json\/wp\/v2\/pages"}],"about":[{"href":"https:\/\/talkpal.ai\/pl\/wp-json\/wp\/v2\/types\/page"}],"author":[{"embeddable":true,"href":"https:\/\/talkpal.ai\/pl\/wp-json\/wp\/v2\/users\/1"}],"replies":[{"embeddable":true,"href":"https:\/\/talkpal.ai\/pl\/wp-json\/wp\/v2\/comments?post=147266"}],"version-history":[{"count":0,"href":"https:\/\/talkpal.ai\/pl\/wp-json\/wp\/v2\/pages\/147266\/revisions"}],"wp:featuredmedia":[{"embeddable":true,"href":"https:\/\/talkpal.ai\/pl\/wp-json\/wp\/v2\/media\/115941"}],"wp:attachment":[{"href":"https:\/\/talkpal.ai\/pl\/wp-json\/wp\/v2\/media?parent=147266"}],"curies":[{"name":"wp","href":"https:\/\/api.w.org\/{rel}","templated":true}]}}