{"id":146965,"date":"2023-05-14T14:11:28","date_gmt":"2023-05-14T14:11:28","guid":{"rendered":"http:\/\/talkpal.ai\/gramatyka-macedonska\/"},"modified":"2025-12-17T16:38:45","modified_gmt":"2025-12-17T16:38:45","slug":"gramatyka-macedonska","status":"publish","type":"page","link":"https:\/\/talkpal.ai\/pl\/gramatyka-macedonska\/","title":{"rendered":"Gramatyka macedo\u0144ska"},"content":{"rendered":"\r\n\r\n\r\n<section class=\"languageChallengeSection\">\r\n    <div class=\"languageInfoWrapper\">\r\n        \r\n        <h1>Gramatyka macedo\u0144ska<\/h1>\r\n        <p>Zanurz si\u0119 w fascynuj\u0105cy \u015bwiat gramatyki macedo\u0144skiej i odkryj struktur\u0119 tego wyj\u0105tkowego j\u0119zyka po\u0142udniowos\u0142owia\u0144skiego. Poznanie podstaw gramatyki macedo\u0144skiej pozwoli ci komunikowa\u0107 si\u0119 z wi\u0119ksz\u0105 pewno\u015bci\u0105 siebie i odkrywa\u0107 bogat\u0105 kultur\u0119 Macedonii P\u00f3\u0142nocnej. Zacznij ju\u017c dzi\u015b i zr\u00f3b pierwszy krok w kierunku opanowania j\u0119zyka macedo\u0144skiego!<\/p>\r\n\r\n                            <a class=\"getStartedHidden\" href=\"https:\/\/app.talkpal.ai\/pl\/signup?lng=\">Zaczynaj<\/a>\r\n        \r\n    <\/div>\r\n\r\n    <figure>\r\n    <img decoding=\"async\" width=\"768\" height=\"768\" src=\"https:\/\/talkpal.ai\/wp-content\/uploads\/2023\/06\/macedonian-768x768.png\" class=\"languageImage no-lazy\" alt=\"Language learning through conversational practice\" fetchpriority=\"high\" sizes=\"(max-width: 768px) 150px, 768px\" srcset=\"https:\/\/talkpal.ai\/wp-content\/uploads\/2023\/06\/macedonian-768x768.png 768w, https:\/\/talkpal.ai\/wp-content\/uploads\/2023\/06\/macedonian-300x300.png 300w\" \/>\r\n    \r\n\r\n    <\/figure>\r\n\r\n            <a class=\"getStartedVisible\" href=\"https:\/\/app.talkpal.ai\/pl\/signup?lng=\">Zaczynaj<\/a>\r\n    \r\n<\/section>\r\n<section class=\"promotionalBanner\">\r\n    <p class=\"promotionalText\">Najbardziej efektywny spos\u00f3b nauki j\u0119zyka<\/p>\r\n    <a class=\"promotionalLink\" href=\"https:\/\/app.talkpal.ai\/pl\/signup?lng=\">Wypr\u00f3buj Talkpal za darmo<\/a>\r\n<\/section>\n<div class=\"wp-block-group pageContainerStyle\"><div class=\"wp-block-group__inner-container is-layout-constrained wp-block-group-is-layout-constrained\">\n<h2 class=\"wp-block-heading\" id=\"h-unraveling-the-mysteries-of-macedonian-grammar\">Rozwik\u0142anie tajemnic gramatyki macedo\u0144skiej<\/h2>\n\n\n\n<p>Macedo\u0144ska <a href=\"https:\/\/talkpal.ai\/grammar\/\">gramatyka<\/a> &#8211; zawi\u0142a, ale przyst\u0119pna, fascynuj\u0105ca, ale pe\u0142na wdzi\u0119ku, z\u0142o\u017cona, ale intryguj\u0105ca. Rozpoczynaj\u0105c swoj\u0105 podr\u00f3\u017c do \u015bwiata j\u0119zyka macedo\u0144skiego, mo\u017cesz poczu\u0107 mieszank\u0119 ekscytacji i onie\u015bmielenia, je\u015bli chodzi o rozszyfrowanie jego gramatycznych zagadek. Nie b\u00f3j si\u0119, \u017carliwy entuzjasta j\u0119zyka! Jeste\u015bmy tutaj, aby wspiera\u0107 Ci\u0119 w tej j\u0119zykowej przygodzie!<\/p>\n\n\n\n<p>W tym wci\u0105gaj\u0105cym artykule rzucimy \u015bwiat\u0142o na istotne aspekty gramatyki macedo\u0144skiej, dostarczaj\u0105c spostrze\u017ce\u0144, wyja\u015bnie\u0144 i praktycznych przyk\u0142ad\u00f3w. Odkryjemy, \u017ce ten fascynuj\u0105cy ba\u0142ka\u0144ski j\u0119zyk jest bardziej dost\u0119pny, ni\u017c mog\u0142oby si\u0119 wydawa\u0107! Zapnij pasy i pozw\u00f3l nam upro\u015bci\u0107 i zdemistyfikowa\u0107 dla Ciebie gramatyk\u0119 macedo\u0144sk\u0105.<\/p>\n\n\n\n<h3 class=\"wp-block-heading\" id=\"h-1-delightful-declensions-noun-cases-made-easy\">1. Zachwycaj\u0105ce deklinacje: \u0142atwe przypadki rzeczownik\u00f3w<\/h3>\n\n\n\n<p>Podobnie jak inne j\u0119zyki s\u0142owia\u0144skie, <a href=\"https:\/\/talkpal.ai\/learn-macedonian\/\">macedo\u0144ski<\/a> charakteryzuje si\u0119 z\u0142o\u017conym systemem przypadk\u00f3w rzeczownik\u00f3w, sk\u0142adaj\u0105cym si\u0119 z trzech przypadk\u00f3w: mianownika, biernika i celownika. Chocia\u017c jest to mniej zniech\u0119caj\u0105ce ni\u017c j\u0119zyki z wi\u0119ksz\u0105 liczb\u0105 przypadk\u00f3w, opanowanie tych niuans\u00f3w jest niezb\u0119dne do osi\u0105gni\u0119cia p\u0142ynno\u015bci. Te przypadki przypisuj\u0105 r\u00f3\u017cne role rzeczownikom, zaimkom i przymiotnikom w zdaniu. Oto kr\u00f3tki przegl\u0105d:<\/p>\n\n\n\n<p><strong>&#8211; Mianownik: Podmiot zdania<\/strong><\/p>\n\n\n\n<p><strong>&#8211; Accusative: Bezpo\u015bredni obiekt lub cel dzia\u0142ania<\/strong><\/p>\n\n\n\n<p><strong>&#8211; Celownik: Obiekt po\u015bredni lub wskazuj\u0105cy kierunek dzia\u0142ania<\/strong><\/p>\n\n\n\n<p>Aby zrozumie\u0107 te przypadki, kluczem jest praktyka. Z czasem i kontaktem z j\u0119zykiem te rozr\u00f3\u017cnienia stan\u0105 si\u0119 drug\u0105 natur\u0105.<\/p>\n\n\n\n<h3 class=\"wp-block-heading\" id=\"h-2-amiable-adjectives-agreement-is-everything\">2. Sympatyczne przymiotniki: Zgoda jest wszystkim<\/h3>\n\n\n\n<p>Przymiotniki w gramatyce macedo\u0144skiej s\u0105 kongenialnymi konformistami. Zgadzaj\u0105 si\u0119 z rodzajem, liczb\u0105 i przypadkiem rzeczownik\u00f3w, kt\u00f3re opisuj\u0105. Oznacza to, \u017ce b\u0119dziesz musia\u0142 dostosowa\u0107 form\u0119 ka\u017cdego przymiotnika do charakterystyki rzeczownika.<\/p>\n\n\n\n<p>Aby ten proces by\u0142 p\u0142ynniejszy, skup si\u0119 na nauce podstawowych form przymiotnik\u00f3w \u2013 m\u0119skiego, \u017ce\u0144skiego i nijakiego. Dzi\u0119ki regularnej praktyce proces uzgadniania przymiotnik\u00f3w wkr\u00f3tce stanie si\u0119 intuicyjny.<\/p>\n\n\n\n<h3 class=\"wp-block-heading\" id=\"h-3-vigorous-verbs-conjugation-and-aspect-mastery\">3. Energiczne czasowniki: koniugacja i opanowanie aspektu<\/h3>\n\n\n\n<p>Podobnie jak w przypadku innych j\u0119zyk\u00f3w s\u0142owia\u0144skich, czasowniki macedo\u0144skie ulegaj\u0105 znacznym r\u00f3\u017cnicom. Koniugacja zale\u017cy od czasu, nastroju, osoby, liczby i, co najwa\u017cniejsze, aspektu.<\/p>\n\n\n\n<p>Czasowniki macedo\u0144skie maj\u0105 dwa aspekty: dokonany i niedokonany. Czasowniki dokonane wyra\u017caj\u0105 pe\u0142n\u0105 czynno\u015b\u0107, podczas gdy czasowniki niedokonane przekazuj\u0105 czynno\u015b\u0107 ci\u0105g\u0142\u0105 lub powtarzaln\u0105. Zrozumienie tego poj\u0119cia ma kluczowe znaczenie dla udoskonalenia wiedzy gramatycznej.<\/p>\n\n\n\n<h3 class=\"wp-block-heading\" id=\"h-4-pitch-perfect-particles-mastering-stress-and-intonation\">4. Cz\u0105stki perfekcyjne: opanowanie akcentu i intonacji<\/h3>\n\n\n\n<p>Wyj\u0105tkowym macedo\u0144skim wyzwaniem dla os\u00f3b ucz\u0105cych si\u0119 j\u0119zyka jest opanowanie charakterystycznego systemu tonacji i akcentu, kt\u00f3ry przypisuje akcent i intonacj\u0119 sylabom. Ten system mo\u017ce bezpo\u015brednio wp\u0142ywa\u0107 na znaczenie i zrozumienie.<\/p>\n\n\n\n<p>Aby osi\u0105gn\u0105\u0107 dok\u0142adno\u015b\u0107 w wymowie i jasno\u015b\u0107 w komunikacji, zwr\u00f3\u0107 szczeg\u00f3ln\u0105 uwag\u0119 na wzorce intonacyjne w mowie rodzimych u\u017cytkownik\u00f3w j\u0119zyka macedo\u0144skiego. Jako pocz\u0105tkuj\u0105cy mo\u017cesz mie\u0107 problemy, ale pami\u0119taj, \u017ce praktyka rodzi pewno\u015b\u0107 siebie i mistrzostwo.<\/p>\n\n\n\n<h3 class=\"wp-block-heading\" id=\"h-5-embrace-the-intricacies-persevere-and-prosper\">5. Przyjmij zawi\u0142o\u015bci: wytrwaj i prosperuj<\/h3>\n\n\n\n<p><a href=\"https:\/\/talkpal.ai\/macedonian-grammar\/\">Gramatyka macedo\u0144ska<\/a> na pierwszy rzut oka mo\u017ce wydawa\u0107 si\u0119 skomplikowana, ale pami\u0119taj, \u017ce cierpliwo\u015b\u0107, praktyka i wytrwa\u0142o\u015b\u0107 to sekrety sukcesu. Zaanga\u017cuj si\u0119 w j\u0119zyk poprzez czytanie, pisanie, s\u0142uchanie i m\u00f3wienie. Podejmij wyzwania i nagradzaj si\u0119 satysfakcj\u0105 z post\u0119p\u00f3w.<\/p>\n\n\n\n<p>Czy jeste\u015b gotowy, aby zanurzy\u0107 si\u0119 w hipnotyzuj\u0105cym kr\u00f3lestwie gramatyki macedo\u0144skiej? Przyjmij jego dziwactwa i z\u0142o\u017cono\u015b\u0107, delektuj si\u0119 subtelno\u015bciami i pami\u0119taj, \u017ce dzi\u0119ki po\u015bwi\u0119ceniu i entuzjazmowi mo\u017cesz odblokowa\u0107 prawdziwe pi\u0119kno j\u0119zyka macedo\u0144skiego. \u0421\u043e \u0441\u0440\u0435\u045c\u0430! (<a href=\"https:\/\/talkpal.ai\/culture\/how-do-you-say-good-luck-in-polish\/\">Powodzenia<\/a>!)<\/p>\n<\/div><\/div>\n\r\n<section class=\"learnNavigationSection\">\r\n            \r\n        <a href=\"https:\/\/talkpal.ai\/pl\/naucz-sie-macedonskiego\/\">\r\n            <div class=\"learnNavigationWrapper\">\r\n                <div class=\"learnNavigationContent\">\r\n                    <img decoding=\"async\" src=\"https:\/\/talkpal.ai\/wp-content\/uploads\/2024\/08\/Macedonian.jpg\" alt=\"Macedonian Flag\">\r\n                    <div>\r\n                        <h4>O nauce j\u0119zyka macedo\u0144skiego<\/h4>\r\n                        <p>Dowiedz si\u0119 wszystkiego o gramatyce macedo\u0144skiej .<\/p>\r\n                    <\/div>\r\n                <\/div>\r\n            <\/div>\r\n        <\/a>\r\n\r\n        \r\n        <a href=\"https:\/\/talkpal.ai\/pl\/cwiczenia-gramatyczne-z-jezyka-macedonskiego\/\">\r\n            <div class=\"learnNavigationWrapper\">\r\n                <div class=\"learnNavigationContent\">\r\n                    <img decoding=\"async\" src=\"https:\/\/talkpal.ai\/wp-content\/uploads\/2024\/08\/Macedonian.jpg\" alt=\"Macedonian Flag\">\r\n                    <div>\r\n                        <h4>Macedo\u0144ski \u0106wiczenie gramatyczne<\/h4>\r\n                        <p>\u0106wicz gramatyk\u0119 macedo\u0144sk\u0105 .<\/p>\r\n                    <\/div>\r\n                <\/div>\r\n            <\/div>\r\n        <\/a>\r\n\r\n        \r\n        <a href=\"https:\/\/talkpal.ai\/vocabulary_language\/macedonian\/\">\r\n            <div class=\"learnNavigationWrapper\">\r\n                <div class=\"learnNavigationContent\">\r\n                    <img decoding=\"async\" src=\"https:\/\/talkpal.ai\/wp-content\/uploads\/2024\/08\/Macedonian.jpg\" alt=\"Macedonian Flag\">\r\n                    <div>\r\n                        <h4>S\u0142ownictwo macedo\u0144skie<\/h4>\r\n                        <p>Poszerz swoje macedo\u0144skie s\u0142ownictwo.<\/p>\r\n                    <\/div>\r\n                <\/div>\r\n            <\/div>\r\n        <\/a>\r\n\r\n            <\/section>","protected":false},"excerpt":{"rendered":"<p>Rozwik\u0142anie tajemnic gramatyki macedo\u0144skiej Macedo\u0144ska gramatyka &#8211; zawi\u0142a, ale przyst\u0119pna, fascynuj\u0105ca, ale pe\u0142na wdzi\u0119ku, z\u0142o\u017cona, ale intryguj\u0105ca. Rozpoczynaj\u0105c swoj\u0105 podr\u00f3\u017c do \u015bwiata j\u0119zyka macedo\u0144skiego, mo\u017cesz poczu\u0107 mieszank\u0119 ekscytacji i onie\u015bmielenia, je\u015bli chodzi o rozszyfrowanie jego gramatycznych zagadek. Nie b\u00f3j si\u0119, \u017carliwy entuzjasta j\u0119zyka! Jeste\u015bmy tutaj, aby wspiera\u0107 Ci\u0119 w tej j\u0119zykowej przygodzie! W tym wci\u0105gaj\u0105cym [&hellip;]<\/p>\n","protected":false},"author":1,"featured_media":115336,"parent":0,"menu_order":0,"comment_status":"closed","ping_status":"closed","template":"LearningContentPage.php","meta":{"_acf_changed":false,"footnotes":""},"class_list":["post-146965","page","type-page","status-publish","has-post-thumbnail","hentry"],"acf":[],"yoast_head":"<!-- This site is optimized with the Yoast SEO Premium plugin v27.2 (Yoast SEO v27.2) - https:\/\/yoast.com\/product\/yoast-seo-premium-wordpress\/ -->\n<title>Gramatyka macedo\u0144ska - Talkpal<\/title>\n<meta name=\"description\" content=\"Opanuj gramatyk\u0119 macedo\u0144sk\u0105 bez wysi\u0142ku dzi\u0119ki Talkpal, samouczkowi j\u0119zykowemu opartemu na sztucznej inteligencji. Popraw swoje umiej\u0119tno\u015bci gramatyczne w j\u0119zyku macedo\u0144skim!\" \/>\n<meta name=\"robots\" content=\"index, follow, max-snippet:-1, max-image-preview:large, max-video-preview:-1\" \/>\n<link rel=\"canonical\" href=\"https:\/\/talkpal.ai\/pl\/gramatyka-macedonska\/\" \/>\n<meta property=\"og:locale\" content=\"pl_PL\" \/>\n<meta property=\"og:type\" content=\"article\" \/>\n<meta property=\"og:title\" content=\"Gramatyka macedo\u0144ska\" \/>\n<meta property=\"og:description\" content=\"Rozwik\u0142anie tajemnic gramatyki macedo\u0144skiej Macedo\u0144ska gramatyka - zawi\u0142a, ale przyst\u0119pna, fascynuj\u0105ca, ale pe\u0142na wdzi\u0119ku, z\u0142o\u017cona, ale intryguj\u0105ca.\" \/>\n<meta property=\"og:url\" content=\"https:\/\/talkpal.ai\/pl\/gramatyka-macedonska\/\" \/>\n<meta property=\"og:site_name\" content=\"Talkpal\" \/>\n<meta property=\"article:publisher\" content=\"https:\/\/www.facebook.com\/profile.php?id=100090733639311\" \/>\n<meta property=\"article:modified_time\" content=\"2025-12-17T16:38:45+00:00\" \/>\n<meta property=\"og:image\" content=\"https:\/\/talkpal.ai\/wp-content\/uploads\/2023\/05\/republic-of-macedonia.png\" \/>\n\t<meta property=\"og:image:width\" content=\"512\" \/>\n\t<meta property=\"og:image:height\" content=\"512\" \/>\n\t<meta property=\"og:image:type\" content=\"image\/png\" \/>\n<meta name=\"twitter:card\" content=\"summary_large_image\" \/>\n<meta name=\"twitter:site\" content=\"@talkpalai\" \/>\n<meta name=\"twitter:label1\" content=\"Szacowany czas czytania\" \/>\n\t<meta name=\"twitter:data1\" content=\"3 minuty\" \/>\n<script type=\"application\/ld+json\" class=\"yoast-schema-graph\">{\"@context\":\"https:\/\/schema.org\",\"@graph\":[{\"@type\":\"WebPage\",\"@id\":\"https:\/\/talkpal.ai\/pl\/gramatyka-macedonska\/\",\"url\":\"https:\/\/talkpal.ai\/pl\/gramatyka-macedonska\/\",\"name\":\"Gramatyka macedo\u0144ska - Talkpal\",\"isPartOf\":{\"@id\":\"https:\/\/talkpal.ai\/pl\/#website\"},\"primaryImageOfPage\":{\"@id\":\"https:\/\/talkpal.ai\/pl\/gramatyka-macedonska\/#primaryimage\"},\"image\":{\"@id\":\"https:\/\/talkpal.ai\/pl\/gramatyka-macedonska\/#primaryimage\"},\"thumbnailUrl\":\"https:\/\/talkpal.ai\/wp-content\/uploads\/2023\/05\/republic-of-macedonia.png\",\"datePublished\":\"2023-05-14T14:11:28+00:00\",\"dateModified\":\"2025-12-17T16:38:45+00:00\",\"description\":\"Opanuj gramatyk\u0119 macedo\u0144sk\u0105 bez wysi\u0142ku dzi\u0119ki Talkpal, samouczkowi j\u0119zykowemu opartemu na sztucznej inteligencji. Popraw swoje umiej\u0119tno\u015bci gramatyczne w j\u0119zyku macedo\u0144skim!\",\"breadcrumb\":{\"@id\":\"https:\/\/talkpal.ai\/pl\/gramatyka-macedonska\/#breadcrumb\"},\"inLanguage\":\"pl-PL\",\"potentialAction\":[{\"@type\":\"ReadAction\",\"target\":[\"https:\/\/talkpal.ai\/pl\/gramatyka-macedonska\/\"]}]},{\"@type\":\"ImageObject\",\"inLanguage\":\"pl-PL\",\"@id\":\"https:\/\/talkpal.ai\/pl\/gramatyka-macedonska\/#primaryimage\",\"url\":\"https:\/\/talkpal.ai\/wp-content\/uploads\/2023\/05\/republic-of-macedonia.png\",\"contentUrl\":\"https:\/\/talkpal.ai\/wp-content\/uploads\/2023\/05\/republic-of-macedonia.png\",\"width\":512,\"height\":512},{\"@type\":\"BreadcrumbList\",\"@id\":\"https:\/\/talkpal.ai\/pl\/gramatyka-macedonska\/#breadcrumb\",\"itemListElement\":[{\"@type\":\"ListItem\",\"position\":1,\"name\":\"Homepage\",\"item\":\"https:\/\/talkpal.ai\/pl\/\"},{\"@type\":\"ListItem\",\"position\":2,\"name\":\"Gramatyka macedo\u0144ska\"}]},{\"@type\":\"WebSite\",\"@id\":\"https:\/\/talkpal.ai\/pl\/#website\",\"url\":\"https:\/\/talkpal.ai\/pl\/\",\"name\":\"Talkpal\",\"description\":\"AI Language Learning\",\"publisher\":{\"@id\":\"https:\/\/talkpal.ai\/pl\/#organization\"},\"alternateName\":\"Talkpal AI\",\"potentialAction\":[{\"@type\":\"SearchAction\",\"target\":{\"@type\":\"EntryPoint\",\"urlTemplate\":\"https:\/\/talkpal.ai\/pl\/?s={search_term_string}\"},\"query-input\":{\"@type\":\"PropertyValueSpecification\",\"valueRequired\":true,\"valueName\":\"search_term_string\"}}],\"inLanguage\":\"pl-PL\"},{\"@type\":\"Organization\",\"@id\":\"https:\/\/talkpal.ai\/pl\/#organization\",\"name\":\"Talkpal, Inc.\",\"alternateName\":\"Talkpal AI\",\"url\":\"https:\/\/talkpal.ai\/pl\/\",\"logo\":{\"@type\":\"ImageObject\",\"inLanguage\":\"pl-PL\",\"@id\":\"https:\/\/talkpal.ai\/pl\/#\/schema\/logo\/image\/\",\"url\":\"https:\/\/talkpal.ai\/wp-content\/uploads\/2024\/03\/Talkpal-Logo-Icon.png\",\"contentUrl\":\"https:\/\/talkpal.ai\/wp-content\/uploads\/2024\/03\/Talkpal-Logo-Icon.png\",\"width\":2880,\"height\":2880,\"caption\":\"Talkpal, Inc.\"},\"image\":{\"@id\":\"https:\/\/talkpal.ai\/pl\/#\/schema\/logo\/image\/\"},\"sameAs\":[\"https:\/\/www.facebook.com\/profile.php?id=100090733639311\",\"https:\/\/x.com\/talkpalai\",\"https:\/\/www.linkedin.com\/company\/talkpal\/\",\"https:\/\/www.youtube.com\/@TalkPal\/\",\"https:\/\/www.tiktok.com\/@talkpal\",\"https:\/\/www.instagram.com\/talkpal_ai\/\",\"https:\/\/www.crunchbase.com\/organization\/talkpal-9cde\",\"https:\/\/www.g2.com\/products\/talkpal-for-business\/\",\"https:\/\/www.trustpilot.com\/review\/talkpal.ai\",\"https:\/\/www.capterra.com\/p\/10006800\/TalkPal\/\"],\"description\":\"Talkpal is a language learning web and mobile education app, powered by the latest AI technologies, that provides engaging experiences to its customers in many different languages to help them improve their language skills. Users can chat about unlimited amount of topics with the app and use other modes to practice their language learning.\",\"email\":\"support@talkpal.ai\",\"legalName\":\"Talkpal, Inc.\",\"foundingDate\":\"2023-04-03\",\"duns\":\"118989042\",\"numberOfEmployees\":{\"@type\":\"QuantitativeValue\",\"minValue\":\"11\",\"maxValue\":\"50\"},\"publishingPrinciples\":\"https:\/\/talkpal.ai\/publishing-principles\/\",\"actionableFeedbackPolicy\":\"https:\/\/talkpal.ai\/actionable-feedback-policy\/\",\"correctionsPolicy\":\"https:\/\/talkpal.ai\/corrections-policy\/\",\"ethicsPolicy\":\"https:\/\/talkpal.ai\/ethics-policy\/\",\"diversityPolicy\":\"https:\/\/talkpal.ai\/diversity-policy\/\",\"diversityStaffingReport\":\"https:\/\/talkpal.ai\/diversity-policy\/\"}]}<\/script>\n<!-- \/ Yoast SEO Premium plugin. -->","yoast_head_json":{"title":"Gramatyka macedo\u0144ska - Talkpal","description":"Opanuj gramatyk\u0119 macedo\u0144sk\u0105 bez wysi\u0142ku dzi\u0119ki Talkpal, samouczkowi j\u0119zykowemu opartemu na sztucznej inteligencji. Popraw swoje umiej\u0119tno\u015bci gramatyczne w j\u0119zyku macedo\u0144skim!","robots":{"index":"index","follow":"follow","max-snippet":"max-snippet:-1","max-image-preview":"max-image-preview:large","max-video-preview":"max-video-preview:-1"},"canonical":"https:\/\/talkpal.ai\/pl\/gramatyka-macedonska\/","og_locale":"pl_PL","og_type":"article","og_title":"Gramatyka macedo\u0144ska","og_description":"Rozwik\u0142anie tajemnic gramatyki macedo\u0144skiej Macedo\u0144ska gramatyka - zawi\u0142a, ale przyst\u0119pna, fascynuj\u0105ca, ale pe\u0142na wdzi\u0119ku, z\u0142o\u017cona, ale intryguj\u0105ca.","og_url":"https:\/\/talkpal.ai\/pl\/gramatyka-macedonska\/","og_site_name":"Talkpal","article_publisher":"https:\/\/www.facebook.com\/profile.php?id=100090733639311","article_modified_time":"2025-12-17T16:38:45+00:00","og_image":[{"width":512,"height":512,"url":"https:\/\/talkpal.ai\/wp-content\/uploads\/2023\/05\/republic-of-macedonia.png","type":"image\/png"}],"twitter_card":"summary_large_image","twitter_site":"@talkpalai","twitter_misc":{"Szacowany czas czytania":"3 minuty"},"schema":{"@context":"https:\/\/schema.org","@graph":[{"@type":"WebPage","@id":"https:\/\/talkpal.ai\/pl\/gramatyka-macedonska\/","url":"https:\/\/talkpal.ai\/pl\/gramatyka-macedonska\/","name":"Gramatyka macedo\u0144ska - Talkpal","isPartOf":{"@id":"https:\/\/talkpal.ai\/pl\/#website"},"primaryImageOfPage":{"@id":"https:\/\/talkpal.ai\/pl\/gramatyka-macedonska\/#primaryimage"},"image":{"@id":"https:\/\/talkpal.ai\/pl\/gramatyka-macedonska\/#primaryimage"},"thumbnailUrl":"https:\/\/talkpal.ai\/wp-content\/uploads\/2023\/05\/republic-of-macedonia.png","datePublished":"2023-05-14T14:11:28+00:00","dateModified":"2025-12-17T16:38:45+00:00","description":"Opanuj gramatyk\u0119 macedo\u0144sk\u0105 bez wysi\u0142ku dzi\u0119ki Talkpal, samouczkowi j\u0119zykowemu opartemu na sztucznej inteligencji. Popraw swoje umiej\u0119tno\u015bci gramatyczne w j\u0119zyku macedo\u0144skim!","breadcrumb":{"@id":"https:\/\/talkpal.ai\/pl\/gramatyka-macedonska\/#breadcrumb"},"inLanguage":"pl-PL","potentialAction":[{"@type":"ReadAction","target":["https:\/\/talkpal.ai\/pl\/gramatyka-macedonska\/"]}]},{"@type":"ImageObject","inLanguage":"pl-PL","@id":"https:\/\/talkpal.ai\/pl\/gramatyka-macedonska\/#primaryimage","url":"https:\/\/talkpal.ai\/wp-content\/uploads\/2023\/05\/republic-of-macedonia.png","contentUrl":"https:\/\/talkpal.ai\/wp-content\/uploads\/2023\/05\/republic-of-macedonia.png","width":512,"height":512},{"@type":"BreadcrumbList","@id":"https:\/\/talkpal.ai\/pl\/gramatyka-macedonska\/#breadcrumb","itemListElement":[{"@type":"ListItem","position":1,"name":"Homepage","item":"https:\/\/talkpal.ai\/pl\/"},{"@type":"ListItem","position":2,"name":"Gramatyka macedo\u0144ska"}]},{"@type":"WebSite","@id":"https:\/\/talkpal.ai\/pl\/#website","url":"https:\/\/talkpal.ai\/pl\/","name":"Talkpal","description":"AI Language Learning","publisher":{"@id":"https:\/\/talkpal.ai\/pl\/#organization"},"alternateName":"Talkpal AI","potentialAction":[{"@type":"SearchAction","target":{"@type":"EntryPoint","urlTemplate":"https:\/\/talkpal.ai\/pl\/?s={search_term_string}"},"query-input":{"@type":"PropertyValueSpecification","valueRequired":true,"valueName":"search_term_string"}}],"inLanguage":"pl-PL"},{"@type":"Organization","@id":"https:\/\/talkpal.ai\/pl\/#organization","name":"Talkpal, Inc.","alternateName":"Talkpal AI","url":"https:\/\/talkpal.ai\/pl\/","logo":{"@type":"ImageObject","inLanguage":"pl-PL","@id":"https:\/\/talkpal.ai\/pl\/#\/schema\/logo\/image\/","url":"https:\/\/talkpal.ai\/wp-content\/uploads\/2024\/03\/Talkpal-Logo-Icon.png","contentUrl":"https:\/\/talkpal.ai\/wp-content\/uploads\/2024\/03\/Talkpal-Logo-Icon.png","width":2880,"height":2880,"caption":"Talkpal, Inc."},"image":{"@id":"https:\/\/talkpal.ai\/pl\/#\/schema\/logo\/image\/"},"sameAs":["https:\/\/www.facebook.com\/profile.php?id=100090733639311","https:\/\/x.com\/talkpalai","https:\/\/www.linkedin.com\/company\/talkpal\/","https:\/\/www.youtube.com\/@TalkPal\/","https:\/\/www.tiktok.com\/@talkpal","https:\/\/www.instagram.com\/talkpal_ai\/","https:\/\/www.crunchbase.com\/organization\/talkpal-9cde","https:\/\/www.g2.com\/products\/talkpal-for-business\/","https:\/\/www.trustpilot.com\/review\/talkpal.ai","https:\/\/www.capterra.com\/p\/10006800\/TalkPal\/"],"description":"Talkpal is a language learning web and mobile education app, powered by the latest AI technologies, that provides engaging experiences to its customers in many different languages to help them improve their language skills. Users can chat about unlimited amount of topics with the app and use other modes to practice their language learning.","email":"support@talkpal.ai","legalName":"Talkpal, Inc.","foundingDate":"2023-04-03","duns":"118989042","numberOfEmployees":{"@type":"QuantitativeValue","minValue":"11","maxValue":"50"},"publishingPrinciples":"https:\/\/talkpal.ai\/publishing-principles\/","actionableFeedbackPolicy":"https:\/\/talkpal.ai\/actionable-feedback-policy\/","correctionsPolicy":"https:\/\/talkpal.ai\/corrections-policy\/","ethicsPolicy":"https:\/\/talkpal.ai\/ethics-policy\/","diversityPolicy":"https:\/\/talkpal.ai\/diversity-policy\/","diversityStaffingReport":"https:\/\/talkpal.ai\/diversity-policy\/"}]}},"_links":{"self":[{"href":"https:\/\/talkpal.ai\/pl\/wp-json\/wp\/v2\/pages\/146965","targetHints":{"allow":["GET"]}}],"collection":[{"href":"https:\/\/talkpal.ai\/pl\/wp-json\/wp\/v2\/pages"}],"about":[{"href":"https:\/\/talkpal.ai\/pl\/wp-json\/wp\/v2\/types\/page"}],"author":[{"embeddable":true,"href":"https:\/\/talkpal.ai\/pl\/wp-json\/wp\/v2\/users\/1"}],"replies":[{"embeddable":true,"href":"https:\/\/talkpal.ai\/pl\/wp-json\/wp\/v2\/comments?post=146965"}],"version-history":[{"count":0,"href":"https:\/\/talkpal.ai\/pl\/wp-json\/wp\/v2\/pages\/146965\/revisions"}],"wp:featuredmedia":[{"embeddable":true,"href":"https:\/\/talkpal.ai\/pl\/wp-json\/wp\/v2\/media\/115336"}],"wp:attachment":[{"href":"https:\/\/talkpal.ai\/pl\/wp-json\/wp\/v2\/media?parent=146965"}],"curies":[{"name":"wp","href":"https:\/\/api.w.org\/{rel}","templated":true}]}}