{"id":146430,"date":"2023-05-14T14:11:00","date_gmt":"2023-05-14T14:11:00","guid":{"rendered":"http:\/\/talkpal.ai\/gramatyka-kazachska\/"},"modified":"2025-12-17T17:18:14","modified_gmt":"2025-12-17T17:18:14","slug":"gramatyka-kazachska","status":"publish","type":"page","link":"https:\/\/talkpal.ai\/pl\/gramatyka-kazachska\/","title":{"rendered":"Gramatyka kazachska"},"content":{"rendered":"\r\n\r\n\r\n<section class=\"languageChallengeSection\">\r\n    <div class=\"languageInfoWrapper\">\r\n        \r\n        <h1>Gramatyka kazachska<\/h1>\r\n        <p>Nauka j\u0119zyka kazachskiego otwiera drzwi do j\u0119zyka bogatego w histori\u0119 i kultur\u0119, a w jego sercu znajduje si\u0119 fascynuj\u0105cy system gramatyczny. Chocia\u017c <a href=\"https:\/\/talkpal.ai\/kazakh-grammar\/\">gramatyka kazachska<\/a> mo\u017ce wydawa\u0107 si\u0119 skomplikowana na pocz\u0105tku, zrozumienie jej podstawowych cech, takich jak harmonia samog\u0142osek, przypadki rzeczownik\u00f3w i czasy czasownik\u00f3w, sprawia, \u017ce opanowanie j\u0119zyka jest zar\u00f3wno osi\u0105galne, jak i satysfakcjonuj\u0105ce. Zanurz si\u0119 i odkryj, co czyni Kazachstan wyj\u0105tkowym!<\/p>\r\n\r\n                            <a class=\"getStartedHidden\" href=\"https:\/\/app.talkpal.ai\/pl\/signup?lng=\">Zaczynaj<\/a>\r\n        \r\n    <\/div>\r\n\r\n    <figure>\r\n    <img decoding=\"async\" width=\"768\" height=\"768\" src=\"https:\/\/talkpal.ai\/wp-content\/uploads\/2023\/06\/Khazak-768x768.png\" class=\"languageImage no-lazy\" alt=\"Language learning for increased negotiation skills\" fetchpriority=\"high\" sizes=\"(max-width: 768px) 150px, 768px\" srcset=\"https:\/\/talkpal.ai\/wp-content\/uploads\/2023\/06\/Khazak-768x768.png 768w, https:\/\/talkpal.ai\/wp-content\/uploads\/2023\/06\/Khazak-300x300.png 300w\" \/>\r\n    \r\n\r\n    <\/figure>\r\n\r\n            <a class=\"getStartedVisible\" href=\"https:\/\/app.talkpal.ai\/pl\/signup?lng=\">Zaczynaj<\/a>\r\n    \r\n<\/section>\r\n<section class=\"promotionalBanner\">\r\n    <p class=\"promotionalText\">Najbardziej efektywny spos\u00f3b nauki j\u0119zyka<\/p>\r\n    <a class=\"promotionalLink\" href=\"https:\/\/app.talkpal.ai\/pl\/signup?lng=\">Wypr\u00f3buj Talkpal za darmo<\/a>\r\n<\/section>\n<div class=\"wp-block-group pageContainerStyle\"><div class=\"wp-block-group__inner-container is-layout-constrained wp-block-group-is-layout-constrained\">\n<h2 class=\"wp-block-heading\" id=\"h-kazakh-grammar-unlocking-the-secrets-of-the-kazakh-language\">Gramatyka kazachska: odkrywanie tajemnic j\u0119zyka kazachskiego<\/h2>\n\n\n\n<p>Je\u015bli chodzi o nauk\u0119 j\u0119zyka kazachskiego, zrozumienie podstaw gramatyki kazachskiej jest niezb\u0119dne do odkrycia jego sekret\u00f3w. Cho\u0107 na pocz\u0105tku mo\u017ce si\u0119 to wydawa\u0107 onie\u015bmielaj\u0105ce, system gramatyczny mo\u017ce pochwali\u0107 si\u0119 unikalnymi cechami, kt\u00f3re sprawiaj\u0105, \u017ce j\u0119zyk jest fascynuj\u0105cy. Niniejszy artyku\u0142 ma na celu rzucenie \u015bwiat\u0142a na kluczowe aspekty gramatyki kazachskiej, zapewniaj\u0105c konwersacyjne i nieformalne wprowadzenie do bogatej struktury j\u0119zyka.<\/p>\n\n\n\n<h3 class=\"wp-block-heading\" id=\"h-1-nouns-harmony-in-cases-and-declensions\">1. Rzeczowniki \u2013 harmonia w przypadkach i deklinacjach<\/h3>\n\n\n\n<p>Jedn\u0105 z pierwszych rzeczy do rozwa\u017cenia w gramatyce kazachskiej jest struktura rzeczownika. J\u0119zyk wykorzystuje system harmonii samog\u0142osek, w kt\u00f3rym samog\u0142oski s\u0105 z przodu lub z ty\u0142u, a preferowane s\u0105 harmonijne kombinacje. System ten wi\u0105\u017ce si\u0119 z rzeczownikami w liczbie mnogiej, kt\u00f3re s\u0105 tworzone przez r\u00f3\u017cne przyrostki, kt\u00f3re pasuj\u0105 do grupy harmonicznej pocz\u0105tkowego rzeczownika.<\/p>\n\n\n\n<p>Rzeczowniki kazachskie wyst\u0119puj\u0105 w siedmiu przypadkach: mianownik, dope\u0142niacz, celownik, biernik, miejscownik, ablacja i narz\u0119dnik. Cho\u0107 na pocz\u0105tku zniech\u0119caj\u0105ce, opanowanie tych przypadk\u00f3w ma kluczowe znaczenie w tworzeniu dok\u0142adnych struktur zda\u0144. Przypadki okre\u015blaj\u0105 relacje mi\u0119dzy s\u0142owami, pozwalaj\u0105c na elastyczno\u015b\u0107 w szyku wyraz\u00f3w bez utraty znaczenia.<\/p>\n\n\n\n<h3 class=\"wp-block-heading\" id=\"h-2-adjectives-agreement-and-comparison\">2. Przymiotniki \u2013 zgodno\u015b\u0107 i por\u00f3wnanie<\/h3>\n\n\n\n<p>Przymiotniki kazachskie s\u0105 u\u017cywane do opisania i dostarczenia wi\u0119kszej ilo\u015bci informacji o rzeczownikach. Musz\u0105 zgadza\u0107 si\u0119 z rzeczownikiem, kt\u00f3ry modyfikuj\u0105 pod wzgl\u0119dem przypadku i liczby. Ponadto przymiotniki mo\u017cna por\u00f3wnywa\u0107 za pomoc\u0105 stopni por\u00f3wnawczych i najwy\u017cszych, osi\u0105ganych przez dodanie odpowiednich przyrostk\u00f3w, aby przekaza\u0107 r\u00f3\u017cne poziomy akcentu.<\/p>\n\n\n\n<p>Na przyk\u0142ad s\u0142owo oznaczaj\u0105ce &#8222;pi\u0119kny&#8221; w j\u0119zyku kazachskim to &#8222;\u0441\u044b\u04a3\u0448\u044b&#8221;. Opisuj\u0105c pi\u0119kny ogr\u00f3d (\u0431\u0430\u049b), wyra\u017cenie brzmia\u0142oby &#8222;\u0441\u044b\u04a3\u0448\u044b \u0431\u0430\u049b&#8221;. Aby powiedzie\u0107 &#8222;pi\u0119kniejszy&#8221;, u\u017cy\u0142by\u015b &#8222;\u0441\u044b\u04a3\u0448\u044b\u0440\u0430\u049b&#8221;, podczas gdy &#8222;najpi\u0119kniejszy&#8221; zosta\u0142by utworzony przy u\u017cyciu &#8222;\u0441\u044b\u04a3\u0448\u044b&#8221;. Aby powiedzie\u0107 &#8222;najpi\u0119kniejszy ogr\u00f3d&#8221;, u\u017cy\u0142by\u015b &#8222;\u0441\u044b\u04a3\u0448\u044b \u0431\u0430\u049b&#8221;.<\/p>\n\n\n\n<h3 class=\"wp-block-heading\" id=\"h-3-verbs-tense-mood-and-aspect\">3. Czasowniki \u2013 czas, nastr\u00f3j i aspekt<\/h3>\n\n\n\n<p>Czasowniki w j\u0119zyku kazachskim przedstawiaj\u0105 czas, nastr\u00f3j i aspekt. J\u0119zyk zawiera trzy g\u0142\u00f3wne czasy: przesz\u0142y, tera\u017aniejszy i przysz\u0142y. Ka\u017cdy czas ma odr\u0119bne formy oparte na zaimku podmiotowym, nastroju (takim jak tryb rozkazuj\u0105cy lub warunkowy) i aspekcie (czy czynno\u015b\u0107 jest dokonana, odzwierciedlaj\u0105ca czynno\u015b\u0107 zako\u0144czon\u0105, czy niedokonana, wskazuj\u0105ca na czynno\u015b\u0107 trwaj\u0105c\u0105 lub nawykow\u0105).<\/p>\n\n\n\n<h3 class=\"wp-block-heading\" id=\"h-4-pronouns-personal-and-demonstrative\">4. Zaimki \u2013 osobowe i wskazuj\u0105ce<\/h3>\n\n\n\n<p>Zaimki w gramatyce kazachskiej obejmuj\u0105 odmiany osobowe, dzier\u017cawcze, wskazuj\u0105ce, pytaj\u0105ce i wzgl\u0119dne. Musz\u0105 zgadza\u0107 si\u0119 co do wielko\u015bci liter i liczby z rzeczownikiem, do kt\u00f3rego si\u0119 odwo\u0142uj\u0105 lub zast\u0119puj\u0105. Na przyk\u0142ad zaimki wskazuj\u0105ce maj\u0105 trzy formy: bli\u017csz\u0105 (\u0431\u04b1\u043b), przy\u015brodkow\u0105 (\u043e\u0441\u044b) i dystaln\u0105 (\u0430\u043d\u0430\u0443), w zale\u017cno\u015bci od odleg\u0142o\u015bci od m\u00f3wi\u0105cego.<\/p>\n\n\n\n<h3 class=\"wp-block-heading\" id=\"h-5-embracing-the-uniqueness-of-kazakh-grammar\">5. Akceptacja wyj\u0105tkowo\u015bci gramatyki kazachskiej<\/h3>\n\n\n\n<p>Rozpoczynaj\u0105c swoj\u0105 przygod\u0119 z j\u0119zykiem kazachskim, pami\u0119taj, \u017ce nie chodzi o opanowanie wszystkich niuans\u00f3w na raz. Rozkoszuj si\u0119 odkrywaniem unikalnego systemu gramatycznego, kt\u00f3ry wyr\u00f3\u017cnia j\u0119zyk <a href=\"https:\/\/talkpal.ai\/learn-kazakh\/\">kazachski<\/a> i po\u015bwi\u0119ca czas na jego zrozumienie bez poczucia przyt\u0142oczenia.<\/p>\n\n\n\n<p>Doceniaj\u0105c i zg\u0142\u0119biaj\u0105c osobliwo\u015bci kazachskiej gramatyki, mo\u017cna naprawd\u0119 odblokowa\u0107 pi\u0119kno tego j\u0119zyka, uzyskuj\u0105c wi\u0119kszy dost\u0119p do bogatego dziedzictwa kulturowego, kt\u00f3re uciele\u015bnia. \u0421\u04d9\u0442\u0442\u0456 \u043e\u049b\u0443 \u2013 Mi\u0142ej nauki!<\/p>\n<\/div><\/div>\n\r\n<section class=\"learnNavigationSection\">\r\n            \r\n        <a href=\"https:\/\/talkpal.ai\/pl\/naucz-sie-kazachskiego\/\">\r\n            <div class=\"learnNavigationWrapper\">\r\n                <div class=\"learnNavigationContent\">\r\n                    <img decoding=\"async\" src=\"https:\/\/talkpal.ai\/wp-content\/uploads\/2024\/08\/Kazakh.jpg\" alt=\"Kazakh Flag\">\r\n                    <div>\r\n                        <h4>O kazachskiej nauce<\/h4>\r\n                        <p>Dowiedz si\u0119 wszystkiego o gramatyce kazachskiej.<\/p>\r\n                    <\/div>\r\n                <\/div>\r\n            <\/div>\r\n        <\/a>\r\n\r\n        \r\n        <a href=\"https:\/\/talkpal.ai\/pl\/cwiczenia-gramatyczne-z-jezyka-kazachskiego\/\">\r\n            <div class=\"learnNavigationWrapper\">\r\n                <div class=\"learnNavigationContent\">\r\n                    <img decoding=\"async\" src=\"https:\/\/talkpal.ai\/wp-content\/uploads\/2024\/08\/Kazakh.jpg\" alt=\"Kazakh Flag\">\r\n                    <div>\r\n                        <h4>Kazachski \u0106wiczenie gramatyczne<\/h4>\r\n                        <p>\u0106wicz gramatyk\u0119 kazachsk\u0105.<\/p>\r\n                    <\/div>\r\n                <\/div>\r\n            <\/div>\r\n        <\/a>\r\n\r\n        \r\n        <a href=\"https:\/\/talkpal.ai\/vocabulary_language\/kazakh\/\">\r\n            <div class=\"learnNavigationWrapper\">\r\n                <div class=\"learnNavigationContent\">\r\n                    <img decoding=\"async\" src=\"https:\/\/talkpal.ai\/wp-content\/uploads\/2024\/08\/Kazakh.jpg\" alt=\"Kazakh Flag\">\r\n                    <div>\r\n                        <h4>S\u0142ownictwo kazachskie<\/h4>\r\n                        <p>Poszerz swoje kazachskie s\u0142ownictwo.<\/p>\r\n                    <\/div>\r\n                <\/div>\r\n            <\/div>\r\n        <\/a>\r\n\r\n            <\/section>","protected":false},"excerpt":{"rendered":"<p>Gramatyka kazachska: odkrywanie tajemnic j\u0119zyka kazachskiego Je\u015bli chodzi o nauk\u0119 j\u0119zyka kazachskiego, zrozumienie podstaw gramatyki kazachskiej jest niezb\u0119dne do odkrycia jego sekret\u00f3w. Cho\u0107 na pocz\u0105tku mo\u017ce si\u0119 to wydawa\u0107 onie\u015bmielaj\u0105ce, system gramatyczny mo\u017ce pochwali\u0107 si\u0119 unikalnymi cechami, kt\u00f3re sprawiaj\u0105, \u017ce j\u0119zyk jest fascynuj\u0105cy. Niniejszy artyku\u0142 ma na celu rzucenie \u015bwiat\u0142a na kluczowe aspekty gramatyki kazachskiej, [&hellip;]<\/p>\n","protected":false},"author":1,"featured_media":114274,"parent":0,"menu_order":0,"comment_status":"closed","ping_status":"closed","template":"LearningContentPage.php","meta":{"_acf_changed":false,"footnotes":""},"class_list":["post-146430","page","type-page","status-publish","has-post-thumbnail","hentry"],"acf":[],"yoast_head":"<!-- This site is optimized with the Yoast SEO Premium plugin v27.2 (Yoast SEO v27.2) - https:\/\/yoast.com\/product\/yoast-seo-premium-wordpress\/ -->\n<title>Gramatyka kazachska - Talkpal<\/title>\n<meta name=\"description\" content=\"Opanuj gramatyk\u0119 j\u0119zyka kazachskiego bez wysi\u0142ku - poznaj podstawowe zasady, prze\u0107wicz struktur\u0119 zda\u0144 i szybko popraw swoj\u0105 p\u0142ynno\u015b\u0107.\" \/>\n<meta name=\"robots\" content=\"index, follow, max-snippet:-1, max-image-preview:large, max-video-preview:-1\" \/>\n<link rel=\"canonical\" href=\"https:\/\/talkpal.ai\/pl\/gramatyka-kazachska\/\" \/>\n<meta property=\"og:locale\" content=\"pl_PL\" \/>\n<meta property=\"og:type\" content=\"article\" \/>\n<meta property=\"og:title\" content=\"Gramatyka kazachska\" \/>\n<meta property=\"og:description\" content=\"Gramatyka kazachska: odkrywanie tajemnic j\u0119zyka kazachskiego Je\u015bli chodzi o nauk\u0119 j\u0119zyka kazachskiego, zrozumienie podstaw gramatyki kazachskiej jest\" \/>\n<meta property=\"og:url\" content=\"https:\/\/talkpal.ai\/pl\/gramatyka-kazachska\/\" \/>\n<meta property=\"og:site_name\" content=\"Talkpal\" \/>\n<meta property=\"article:publisher\" content=\"https:\/\/www.facebook.com\/profile.php?id=100090733639311\" \/>\n<meta property=\"article:modified_time\" content=\"2025-12-17T17:18:14+00:00\" \/>\n<meta property=\"og:image\" content=\"https:\/\/talkpal.ai\/wp-content\/uploads\/2023\/05\/kazakhstan.png\" \/>\n\t<meta property=\"og:image:width\" content=\"512\" \/>\n\t<meta property=\"og:image:height\" content=\"512\" \/>\n\t<meta property=\"og:image:type\" content=\"image\/png\" \/>\n<meta name=\"twitter:card\" content=\"summary_large_image\" \/>\n<meta name=\"twitter:site\" content=\"@talkpalai\" \/>\n<meta name=\"twitter:label1\" content=\"Szacowany czas czytania\" \/>\n\t<meta name=\"twitter:data1\" content=\"3 minuty\" \/>\n<script type=\"application\/ld+json\" class=\"yoast-schema-graph\">{\"@context\":\"https:\/\/schema.org\",\"@graph\":[{\"@type\":\"WebPage\",\"@id\":\"https:\/\/talkpal.ai\/pl\/gramatyka-kazachska\/\",\"url\":\"https:\/\/talkpal.ai\/pl\/gramatyka-kazachska\/\",\"name\":\"Gramatyka kazachska - Talkpal\",\"isPartOf\":{\"@id\":\"https:\/\/talkpal.ai\/pl\/#website\"},\"primaryImageOfPage\":{\"@id\":\"https:\/\/talkpal.ai\/pl\/gramatyka-kazachska\/#primaryimage\"},\"image\":{\"@id\":\"https:\/\/talkpal.ai\/pl\/gramatyka-kazachska\/#primaryimage\"},\"thumbnailUrl\":\"https:\/\/talkpal.ai\/wp-content\/uploads\/2023\/05\/kazakhstan.png\",\"datePublished\":\"2023-05-14T14:11:00+00:00\",\"dateModified\":\"2025-12-17T17:18:14+00:00\",\"description\":\"Opanuj gramatyk\u0119 j\u0119zyka kazachskiego bez wysi\u0142ku - poznaj podstawowe zasady, prze\u0107wicz struktur\u0119 zda\u0144 i szybko popraw swoj\u0105 p\u0142ynno\u015b\u0107.\",\"breadcrumb\":{\"@id\":\"https:\/\/talkpal.ai\/pl\/gramatyka-kazachska\/#breadcrumb\"},\"inLanguage\":\"pl-PL\",\"potentialAction\":[{\"@type\":\"ReadAction\",\"target\":[\"https:\/\/talkpal.ai\/pl\/gramatyka-kazachska\/\"]}]},{\"@type\":\"ImageObject\",\"inLanguage\":\"pl-PL\",\"@id\":\"https:\/\/talkpal.ai\/pl\/gramatyka-kazachska\/#primaryimage\",\"url\":\"https:\/\/talkpal.ai\/wp-content\/uploads\/2023\/05\/kazakhstan.png\",\"contentUrl\":\"https:\/\/talkpal.ai\/wp-content\/uploads\/2023\/05\/kazakhstan.png\",\"width\":512,\"height\":512},{\"@type\":\"BreadcrumbList\",\"@id\":\"https:\/\/talkpal.ai\/pl\/gramatyka-kazachska\/#breadcrumb\",\"itemListElement\":[{\"@type\":\"ListItem\",\"position\":1,\"name\":\"Homepage\",\"item\":\"https:\/\/talkpal.ai\/pl\/\"},{\"@type\":\"ListItem\",\"position\":2,\"name\":\"Gramatyka kazachska\"}]},{\"@type\":\"WebSite\",\"@id\":\"https:\/\/talkpal.ai\/pl\/#website\",\"url\":\"https:\/\/talkpal.ai\/pl\/\",\"name\":\"Talkpal\",\"description\":\"AI Language Learning\",\"publisher\":{\"@id\":\"https:\/\/talkpal.ai\/pl\/#organization\"},\"alternateName\":\"Talkpal AI\",\"potentialAction\":[{\"@type\":\"SearchAction\",\"target\":{\"@type\":\"EntryPoint\",\"urlTemplate\":\"https:\/\/talkpal.ai\/pl\/?s={search_term_string}\"},\"query-input\":{\"@type\":\"PropertyValueSpecification\",\"valueRequired\":true,\"valueName\":\"search_term_string\"}}],\"inLanguage\":\"pl-PL\"},{\"@type\":\"Organization\",\"@id\":\"https:\/\/talkpal.ai\/pl\/#organization\",\"name\":\"Talkpal, Inc.\",\"alternateName\":\"Talkpal AI\",\"url\":\"https:\/\/talkpal.ai\/pl\/\",\"logo\":{\"@type\":\"ImageObject\",\"inLanguage\":\"pl-PL\",\"@id\":\"https:\/\/talkpal.ai\/pl\/#\/schema\/logo\/image\/\",\"url\":\"https:\/\/talkpal.ai\/wp-content\/uploads\/2024\/03\/Talkpal-Logo-Icon.png\",\"contentUrl\":\"https:\/\/talkpal.ai\/wp-content\/uploads\/2024\/03\/Talkpal-Logo-Icon.png\",\"width\":2880,\"height\":2880,\"caption\":\"Talkpal, Inc.\"},\"image\":{\"@id\":\"https:\/\/talkpal.ai\/pl\/#\/schema\/logo\/image\/\"},\"sameAs\":[\"https:\/\/www.facebook.com\/profile.php?id=100090733639311\",\"https:\/\/x.com\/talkpalai\",\"https:\/\/www.linkedin.com\/company\/talkpal\/\",\"https:\/\/www.youtube.com\/@TalkPal\/\",\"https:\/\/www.tiktok.com\/@talkpal\",\"https:\/\/www.instagram.com\/talkpal_ai\/\",\"https:\/\/www.crunchbase.com\/organization\/talkpal-9cde\",\"https:\/\/www.g2.com\/products\/talkpal-for-business\/\",\"https:\/\/www.trustpilot.com\/review\/talkpal.ai\",\"https:\/\/www.capterra.com\/p\/10006800\/TalkPal\/\"],\"description\":\"Talkpal is a language learning web and mobile education app, powered by the latest AI technologies, that provides engaging experiences to its customers in many different languages to help them improve their language skills. Users can chat about unlimited amount of topics with the app and use other modes to practice their language learning.\",\"email\":\"support@talkpal.ai\",\"legalName\":\"Talkpal, Inc.\",\"foundingDate\":\"2023-04-03\",\"duns\":\"118989042\",\"numberOfEmployees\":{\"@type\":\"QuantitativeValue\",\"minValue\":\"11\",\"maxValue\":\"50\"},\"publishingPrinciples\":\"https:\/\/talkpal.ai\/publishing-principles\/\",\"actionableFeedbackPolicy\":\"https:\/\/talkpal.ai\/actionable-feedback-policy\/\",\"correctionsPolicy\":\"https:\/\/talkpal.ai\/corrections-policy\/\",\"ethicsPolicy\":\"https:\/\/talkpal.ai\/ethics-policy\/\",\"diversityPolicy\":\"https:\/\/talkpal.ai\/diversity-policy\/\",\"diversityStaffingReport\":\"https:\/\/talkpal.ai\/diversity-policy\/\"}]}<\/script>\n<!-- \/ Yoast SEO Premium plugin. -->","yoast_head_json":{"title":"Gramatyka kazachska - Talkpal","description":"Opanuj gramatyk\u0119 j\u0119zyka kazachskiego bez wysi\u0142ku - poznaj podstawowe zasady, prze\u0107wicz struktur\u0119 zda\u0144 i szybko popraw swoj\u0105 p\u0142ynno\u015b\u0107.","robots":{"index":"index","follow":"follow","max-snippet":"max-snippet:-1","max-image-preview":"max-image-preview:large","max-video-preview":"max-video-preview:-1"},"canonical":"https:\/\/talkpal.ai\/pl\/gramatyka-kazachska\/","og_locale":"pl_PL","og_type":"article","og_title":"Gramatyka kazachska","og_description":"Gramatyka kazachska: odkrywanie tajemnic j\u0119zyka kazachskiego Je\u015bli chodzi o nauk\u0119 j\u0119zyka kazachskiego, zrozumienie podstaw gramatyki kazachskiej jest","og_url":"https:\/\/talkpal.ai\/pl\/gramatyka-kazachska\/","og_site_name":"Talkpal","article_publisher":"https:\/\/www.facebook.com\/profile.php?id=100090733639311","article_modified_time":"2025-12-17T17:18:14+00:00","og_image":[{"width":512,"height":512,"url":"https:\/\/talkpal.ai\/wp-content\/uploads\/2023\/05\/kazakhstan.png","type":"image\/png"}],"twitter_card":"summary_large_image","twitter_site":"@talkpalai","twitter_misc":{"Szacowany czas czytania":"3 minuty"},"schema":{"@context":"https:\/\/schema.org","@graph":[{"@type":"WebPage","@id":"https:\/\/talkpal.ai\/pl\/gramatyka-kazachska\/","url":"https:\/\/talkpal.ai\/pl\/gramatyka-kazachska\/","name":"Gramatyka kazachska - Talkpal","isPartOf":{"@id":"https:\/\/talkpal.ai\/pl\/#website"},"primaryImageOfPage":{"@id":"https:\/\/talkpal.ai\/pl\/gramatyka-kazachska\/#primaryimage"},"image":{"@id":"https:\/\/talkpal.ai\/pl\/gramatyka-kazachska\/#primaryimage"},"thumbnailUrl":"https:\/\/talkpal.ai\/wp-content\/uploads\/2023\/05\/kazakhstan.png","datePublished":"2023-05-14T14:11:00+00:00","dateModified":"2025-12-17T17:18:14+00:00","description":"Opanuj gramatyk\u0119 j\u0119zyka kazachskiego bez wysi\u0142ku - poznaj podstawowe zasady, prze\u0107wicz struktur\u0119 zda\u0144 i szybko popraw swoj\u0105 p\u0142ynno\u015b\u0107.","breadcrumb":{"@id":"https:\/\/talkpal.ai\/pl\/gramatyka-kazachska\/#breadcrumb"},"inLanguage":"pl-PL","potentialAction":[{"@type":"ReadAction","target":["https:\/\/talkpal.ai\/pl\/gramatyka-kazachska\/"]}]},{"@type":"ImageObject","inLanguage":"pl-PL","@id":"https:\/\/talkpal.ai\/pl\/gramatyka-kazachska\/#primaryimage","url":"https:\/\/talkpal.ai\/wp-content\/uploads\/2023\/05\/kazakhstan.png","contentUrl":"https:\/\/talkpal.ai\/wp-content\/uploads\/2023\/05\/kazakhstan.png","width":512,"height":512},{"@type":"BreadcrumbList","@id":"https:\/\/talkpal.ai\/pl\/gramatyka-kazachska\/#breadcrumb","itemListElement":[{"@type":"ListItem","position":1,"name":"Homepage","item":"https:\/\/talkpal.ai\/pl\/"},{"@type":"ListItem","position":2,"name":"Gramatyka kazachska"}]},{"@type":"WebSite","@id":"https:\/\/talkpal.ai\/pl\/#website","url":"https:\/\/talkpal.ai\/pl\/","name":"Talkpal","description":"AI Language Learning","publisher":{"@id":"https:\/\/talkpal.ai\/pl\/#organization"},"alternateName":"Talkpal AI","potentialAction":[{"@type":"SearchAction","target":{"@type":"EntryPoint","urlTemplate":"https:\/\/talkpal.ai\/pl\/?s={search_term_string}"},"query-input":{"@type":"PropertyValueSpecification","valueRequired":true,"valueName":"search_term_string"}}],"inLanguage":"pl-PL"},{"@type":"Organization","@id":"https:\/\/talkpal.ai\/pl\/#organization","name":"Talkpal, Inc.","alternateName":"Talkpal AI","url":"https:\/\/talkpal.ai\/pl\/","logo":{"@type":"ImageObject","inLanguage":"pl-PL","@id":"https:\/\/talkpal.ai\/pl\/#\/schema\/logo\/image\/","url":"https:\/\/talkpal.ai\/wp-content\/uploads\/2024\/03\/Talkpal-Logo-Icon.png","contentUrl":"https:\/\/talkpal.ai\/wp-content\/uploads\/2024\/03\/Talkpal-Logo-Icon.png","width":2880,"height":2880,"caption":"Talkpal, Inc."},"image":{"@id":"https:\/\/talkpal.ai\/pl\/#\/schema\/logo\/image\/"},"sameAs":["https:\/\/www.facebook.com\/profile.php?id=100090733639311","https:\/\/x.com\/talkpalai","https:\/\/www.linkedin.com\/company\/talkpal\/","https:\/\/www.youtube.com\/@TalkPal\/","https:\/\/www.tiktok.com\/@talkpal","https:\/\/www.instagram.com\/talkpal_ai\/","https:\/\/www.crunchbase.com\/organization\/talkpal-9cde","https:\/\/www.g2.com\/products\/talkpal-for-business\/","https:\/\/www.trustpilot.com\/review\/talkpal.ai","https:\/\/www.capterra.com\/p\/10006800\/TalkPal\/"],"description":"Talkpal is a language learning web and mobile education app, powered by the latest AI technologies, that provides engaging experiences to its customers in many different languages to help them improve their language skills. Users can chat about unlimited amount of topics with the app and use other modes to practice their language learning.","email":"support@talkpal.ai","legalName":"Talkpal, Inc.","foundingDate":"2023-04-03","duns":"118989042","numberOfEmployees":{"@type":"QuantitativeValue","minValue":"11","maxValue":"50"},"publishingPrinciples":"https:\/\/talkpal.ai\/publishing-principles\/","actionableFeedbackPolicy":"https:\/\/talkpal.ai\/actionable-feedback-policy\/","correctionsPolicy":"https:\/\/talkpal.ai\/corrections-policy\/","ethicsPolicy":"https:\/\/talkpal.ai\/ethics-policy\/","diversityPolicy":"https:\/\/talkpal.ai\/diversity-policy\/","diversityStaffingReport":"https:\/\/talkpal.ai\/diversity-policy\/"}]}},"_links":{"self":[{"href":"https:\/\/talkpal.ai\/pl\/wp-json\/wp\/v2\/pages\/146430","targetHints":{"allow":["GET"]}}],"collection":[{"href":"https:\/\/talkpal.ai\/pl\/wp-json\/wp\/v2\/pages"}],"about":[{"href":"https:\/\/talkpal.ai\/pl\/wp-json\/wp\/v2\/types\/page"}],"author":[{"embeddable":true,"href":"https:\/\/talkpal.ai\/pl\/wp-json\/wp\/v2\/users\/1"}],"replies":[{"embeddable":true,"href":"https:\/\/talkpal.ai\/pl\/wp-json\/wp\/v2\/comments?post=146430"}],"version-history":[{"count":0,"href":"https:\/\/talkpal.ai\/pl\/wp-json\/wp\/v2\/pages\/146430\/revisions"}],"wp:featuredmedia":[{"embeddable":true,"href":"https:\/\/talkpal.ai\/pl\/wp-json\/wp\/v2\/media\/114274"}],"wp:attachment":[{"href":"https:\/\/talkpal.ai\/pl\/wp-json\/wp\/v2\/media?parent=146430"}],"curies":[{"name":"wp","href":"https:\/\/api.w.org\/{rel}","templated":true}]}}