{"id":146302,"date":"2023-05-14T14:10:42","date_gmt":"2023-05-14T14:10:42","guid":{"rendered":"http:\/\/talkpal.ai\/gramatyka-litewska\/"},"modified":"2025-12-12T10:42:42","modified_gmt":"2025-12-12T10:42:42","slug":"gramatyka-litewska","status":"publish","type":"page","link":"https:\/\/talkpal.ai\/pl\/gramatyka-litewska\/","title":{"rendered":"Gramatyka litewska"},"content":{"rendered":"\r\n\r\n\r\n<section class=\"languageChallengeSection\">\r\n    <div class=\"languageInfoWrapper\">\r\n        \r\n        <h1>Gramatyka litewska<\/h1>\r\n        <p>Rozpocznij swoj\u0105 podr\u00f3\u017c po litewskiej gramatyce i odkryj jeden z najstarszych i najbardziej fascynuj\u0105cych j\u0119zyk\u00f3w w Europie. Poznaj podstawowe zasady i wzorce, aby zbudowa\u0107 solidne podstawy j\u0119zyka. Zanurz si\u0119 teraz i zacznij opanowywa\u0107 j\u0119zyk <a href=\"https:\/\/talkpal.ai\/learn-lithuanian\/\">litewski<\/a> ju\u017c dzi\u015b!<\/p>\r\n\r\n                            <a class=\"getStartedHidden\" href=\"https:\/\/app.talkpal.ai\/pl\/signup?lng=\">Zaczynaj<\/a>\r\n        \r\n    <\/div>\r\n\r\n    <figure>\r\n    <img decoding=\"async\" width=\"768\" height=\"768\" src=\"https:\/\/talkpal.ai\/wp-content\/uploads\/2023\/06\/lithuenian-768x768.png\" class=\"languageImage no-lazy\" alt=\"Language learning for boosting creativity\" fetchpriority=\"high\" sizes=\"(max-width: 768px) 150px, 768px\" srcset=\"https:\/\/talkpal.ai\/wp-content\/uploads\/2023\/06\/lithuenian-768x768.png 768w, https:\/\/talkpal.ai\/wp-content\/uploads\/2023\/06\/lithuenian-300x300.png 300w\" \/>\r\n    \r\n\r\n    <\/figure>\r\n\r\n            <a class=\"getStartedVisible\" href=\"https:\/\/app.talkpal.ai\/pl\/signup?lng=\">Zaczynaj<\/a>\r\n    \r\n<\/section>\r\n<section class=\"promotionalBanner\">\r\n    <p class=\"promotionalText\">Najbardziej efektywny spos\u00f3b nauki j\u0119zyka<\/p>\r\n    <a class=\"promotionalLink\" href=\"https:\/\/app.talkpal.ai\/pl\/signup?lng=\">Wypr\u00f3buj Talkpal za darmo<\/a>\r\n<\/section>\n<div class=\"wp-block-group pageContainerStyle\"><div class=\"wp-block-group__inner-container is-layout-constrained wp-block-group-is-layout-constrained\">\n<h2 class=\"wp-block-heading\" id=\"h-lithuanian-grammar-a-fascinating-journey-through-language\">Gramatyka litewska: fascynuj\u0105ca podr\u00f3\u017c przez j\u0119zyk<\/h2>\n\n\n\n<p>Czy kiedykolwiek zastanawia\u0142e\u015b si\u0119 nad nauk\u0105 j\u0119zyka litewskiego lub po prostu zaintrygowa\u0142a Ci\u0119 jego wyj\u0105tkowa <a href=\"https:\/\/talkpal.ai\/grammar\/\">gramatyka<\/a>? Czeka ci\u0119 nie lada gratka! <a href=\"https:\/\/talkpal.ai\/lithuanian-grammar\/\">Gramatyka litewska<\/a> mo\u017ce na pierwszy rzut oka wydawa\u0107 si\u0119 osobliwa, ale nie dajcie si\u0119 zwie\u015b\u0107 \u2013 prezentuje znakomit\u0105 logik\u0119 j\u0119zykow\u0105. W tym artykule om\u00f3wimy r\u00f3\u017cne aspekty gramatyki litewskiej, pozwalaj\u0105c doceni\u0107 jej urok.<\/p>\n\n\n\n<p>Na pocz\u0105tek kr\u00f3tkie informacje: litewski jest j\u0119zykiem ba\u0142tyckim u\u017cywanym g\u0142\u00f3wnie na Litwie, ale spotykanym r\u00f3wnie\u017c w krajach s\u0105siednich. Jako jeden z najstarszych \u017cyj\u0105cych j\u0119zyk\u00f3w indoeuropejskich zachowuje cechy archaiczne, daj\u0105c wgl\u0105d w rozw\u00f3j innych j\u0119zyk\u00f3w w obr\u0119bie rodziny j\u0119zykowej. To historyczne znaczenie sprawia, \u017ce j\u0119zyk litewski jest szczeg\u00f3lnie atrakcyjny dla mi\u0142o\u015bnik\u00f3w j\u0119zyka.<\/p>\n\n\n\n<p>Zag\u0142\u0119bmy si\u0119 teraz w kilka kluczowych aspekt\u00f3w litewskiej gramatyki.<\/p>\n\n\n\n<h3 class=\"wp-block-heading\" id=\"h-1-nouns-cases-and-declensions\">1. Rzeczowniki, przypadki i deklinacje<\/h3>\n\n\n\n<p>Jedn\u0105 z najwa\u017cniejszych cech gramatyki litewskiej jest skomplikowany system przypadk\u00f3w. Rzeczowniki przyjmuj\u0105 r\u00f3\u017cne formy w zale\u017cno\u015bci od ich funkcji w zdaniu i tego, czy odzwierciedlaj\u0105 podmiot, przedmiot czy odbiorc\u0119 czynno\u015bci. Litewski ma siedem przypadk\u00f3w: mianownik, dope\u0142niacz, celownik, biernik, instrumentalnik, miejscownik i wo\u0142acz.<\/p>\n\n\n\n<p>We\u017amy jako przyk\u0142ad rzeczownik &#8222;vaikas&#8221; (dziecko). Mo\u017ce przekszta\u0142ci\u0107 si\u0119 w &#8222;vaiko&#8221;, &#8222;vaikui&#8221;, &#8222;vaik\u0105&#8221; i tak dalej w zale\u017cno\u015bci od roli, jak\u0105 odgrywa w zdaniu. Dodatkowo, ko\u0144c\u00f3wki s\u0105 zale\u017cne od rodzaju rzeczownika (m\u0119ski lub \u017ce\u0144ski) i dalej podzielone na deklinacje, co czyni j\u0119zyk jeszcze bardziej wszechstronnym.<\/p>\n\n\n\n<h3 class=\"wp-block-heading\" id=\"h-2-verb-conjugation-and-tenses\">2. Koniugacja czasownik\u00f3w i czasy<\/h3>\n\n\n\n<p>Czasowniki litewskie zmieniaj\u0105 ko\u0144c\u00f3wki w zale\u017cno\u015bci od osoby i liczby (pojedynczej lub mnogiej) podmiotu. Na przyk\u0142ad, czasownik &#8222;eiti&#8221; (i\u015b\u0107) mo\u017ce sta\u0107 si\u0119 &#8222;einu&#8221; (id\u0119), &#8222;einate&#8221; (ty &#8211; liczba mnoga &#8211; idziesz), &#8222;eina&#8221; (oni id\u0105), w\u015br\u00f3d innych form.<\/p>\n\n\n\n<p>Litewski ma cztery g\u0142\u00f3wne czasy: tera\u017aniejszy, przesz\u0142y, iteracyjny i przysz\u0142y. Co ciekawe, j\u0119zyk posiada r\u00f3wnie\u017c znaczniki aspekt\u00f3w: dokonany i niedokonany. Te znaczniki dostarczaj\u0105 dodatkowych informacji o tym, czy akcja zosta\u0142a zako\u0144czona, czy jest w toku. Na przyk\u0142ad &#8222;ne\u0161ti&#8221; (nie\u015b\u0107 &#8211; czas niedokonany) kontra &#8222;nat&#8221; (nie\u015b\u0107 &#8211; czas dokonany).<\/p>\n\n\n\n<h3 class=\"wp-block-heading\" id=\"h-3-sentence-structure-and-word-order\">3. Struktura zdania i szyk wyraz\u00f3w<\/h3>\n\n\n\n<p>Chocia\u017c w j\u0119zyku litewskim zasadniczo stosuje si\u0119 szyk zdania SVO (podmiot-orzeczenie-dope\u0142nienie), jego system wielko\u015bci liter pozwala na znaczn\u0105 elastyczno\u015b\u0107. W przeciwie\u0144stwie do j\u0119zyka angielskiego, w kt\u00f3rym szyk wyraz\u00f3w zazwyczaj definiuje znaczenie zdania, przestawianie wyraz\u00f3w w j\u0119zyku litewskim nie zmienia znaczenia. Na przyk\u0142ad &#8222;kat\u0117 valgo \u017euv\u012f&#8221; (kot zjada ryb\u0119) mo\u017ce by\u0107 r\u00f3wnie\u017c &#8222;\u017euv\u012f valgo kat\u0117&#8221; bez utraty lub zmiany znaczenia.<\/p>\n\n\n\n<p>Ta elastyczno\u015b\u0107 pozwala bawi\u0107 si\u0119 struktur\u0105 zda\u0144, podkre\u015bla\u0107 pewne elementy lub generowa\u0107 niuanse, gdy stajesz si\u0119 bardziej bieg\u0142y w j\u0119zyku.<\/p>\n\n\n\n<h3 class=\"wp-block-heading\" id=\"h-4-adjectives-adverbs-and-agreement-rules\">4. Przymiotniki, przys\u0142\u00f3wki i zasady umowy<\/h3>\n\n\n\n<p>Podobnie jak w wielu j\u0119zykach, przymiotniki i przys\u0142\u00f3wki w j\u0119zyku litewskim opisuj\u0105 rzeczowniki i czasowniki, ale s\u0105 r\u00f3wnie\u017c zgodne z okre\u015blonymi zasadami umowy. W szczeg\u00f3lno\u015bci przymiotniki musz\u0105 zgadza\u0107 si\u0119 z rzeczownikiem, kt\u00f3ry modyfikuj\u0105 w przypadku, rodzaju i liczbie. Kiedy zrozumiesz przypadki rzeczownik\u00f3w i koniugacje czasownik\u00f3w, te zasady przyjd\u0105 bardziej naturalnie.<\/p>\n\n\n\n<p>Czy jeste\u015b gotowy, aby zanurzy\u0107 si\u0119 w gramatyce litewskiej? Dzi\u0119ki wytrwa\u0142o\u015bci, po\u015bwi\u0119ceniu i odpowiednim zasobom <a href=\"https:\/\/talkpal.ai\/pl\/najlepsza-aplikacja-do-nauki-jezyka-litewskiego-skutecznie-i-szybko\/\">nauka j\u0119zyka litewskiego<\/a> \u2013 bogatego w histori\u0119 i dziedzictwo kulturowe \u2013 jest niezwykle satysfakcjonuj\u0105cym do\u015bwiadczeniem. Zajmij si\u0119 j\u0119zykiem krok po kroku, \u0107wicz konsekwentnie i b\u0105d\u017a otwarty na <a href=\"https:\/\/talkpal.ai\/pl\/uczenie-sie\/\">uczenie si\u0119<\/a> na swoich b\u0142\u0119dach. S\u0117km\u0117s! (<a href=\"https:\/\/talkpal.ai\/culture\/how-do-you-say-good-luck-in-polish\/\">Powodzenia<\/a>!)<\/p>\n<\/div><\/div>\n\r\n<section class=\"learnNavigationSection\">\r\n            \r\n        <a href=\"https:\/\/talkpal.ai\/pl\/naucz-sie-litewski\/\">\r\n            <div class=\"learnNavigationWrapper\">\r\n                <div class=\"learnNavigationContent\">\r\n                    <img decoding=\"async\" src=\"https:\/\/talkpal.ai\/wp-content\/uploads\/2024\/08\/Lithuanian.jpg\" alt=\"Lithuanian Flag\">\r\n                    <div>\r\n                        <h4>O nauce litewskiego<\/h4>\r\n                        <p>Dowiedz si\u0119 wszystkiego o gramatyce litewskiej .<\/p>\r\n                    <\/div>\r\n                <\/div>\r\n            <\/div>\r\n        <\/a>\r\n\r\n        \r\n        <a href=\"https:\/\/talkpal.ai\/pl\/cwiczenia-gramatyczne-z-jezyka-litewskiego\/\">\r\n            <div class=\"learnNavigationWrapper\">\r\n                <div class=\"learnNavigationContent\">\r\n                    <img decoding=\"async\" src=\"https:\/\/talkpal.ai\/wp-content\/uploads\/2024\/08\/Lithuanian.jpg\" alt=\"Lithuanian Flag\">\r\n                    <div>\r\n                        <h4>\u0106wiczenie gramatyczne z j\u0119zyka litewskiego<\/h4>\r\n                        <p>\u0106wicz gramatyk\u0119 litewsk\u0105 .<\/p>\r\n                    <\/div>\r\n                <\/div>\r\n            <\/div>\r\n        <\/a>\r\n\r\n        \r\n        <a href=\"https:\/\/talkpal.ai\/vocabulary_language\/lithuanian\/\">\r\n            <div class=\"learnNavigationWrapper\">\r\n                <div class=\"learnNavigationContent\">\r\n                    <img decoding=\"async\" src=\"https:\/\/talkpal.ai\/wp-content\/uploads\/2024\/08\/Lithuanian.jpg\" alt=\"Lithuanian Flag\">\r\n                    <div>\r\n                        <h4>S\u0142ownictwo litewskie<\/h4>\r\n                        <p>Poszerz swoje litewskie s\u0142ownictwo.<\/p>\r\n                    <\/div>\r\n                <\/div>\r\n            <\/div>\r\n        <\/a>\r\n\r\n            <\/section>","protected":false},"excerpt":{"rendered":"<p>Gramatyka litewska: fascynuj\u0105ca podr\u00f3\u017c przez j\u0119zyk Czy kiedykolwiek zastanawia\u0142e\u015b si\u0119 nad nauk\u0105 j\u0119zyka litewskiego lub po prostu zaintrygowa\u0142a Ci\u0119 jego wyj\u0105tkowa gramatyka? Czeka ci\u0119 nie lada gratka! Gramatyka litewska mo\u017ce na pierwszy rzut oka wydawa\u0107 si\u0119 osobliwa, ale nie dajcie si\u0119 zwie\u015b\u0107 \u2013 prezentuje znakomit\u0105 logik\u0119 j\u0119zykow\u0105. W tym artykule om\u00f3wimy r\u00f3\u017cne aspekty gramatyki litewskiej, [&hellip;]<\/p>\n","protected":false},"author":1,"featured_media":114830,"parent":0,"menu_order":0,"comment_status":"closed","ping_status":"closed","template":"LearningContentPage.php","meta":{"_acf_changed":false,"footnotes":""},"class_list":["post-146302","page","type-page","status-publish","has-post-thumbnail","hentry"],"acf":[],"yoast_head":"<!-- This site is optimized with the Yoast SEO Premium plugin v27.2 (Yoast SEO v27.2) - https:\/\/yoast.com\/product\/yoast-seo-premium-wordpress\/ -->\n<title>Gramatyka litewska - Talkpal<\/title>\n<meta name=\"description\" content=\"Odkryj, jak gramatyka litewska odzwierciedla historyczne bogactwo i logik\u0119, czyni\u0105c j\u0105 idealnym studium dla mi\u0142o\u015bnik\u00f3w j\u0119zyka.\" \/>\n<meta name=\"robots\" content=\"index, follow, max-snippet:-1, max-image-preview:large, max-video-preview:-1\" \/>\n<link rel=\"canonical\" href=\"https:\/\/talkpal.ai\/pl\/gramatyka-litewska\/\" \/>\n<meta property=\"og:locale\" content=\"pl_PL\" \/>\n<meta property=\"og:type\" content=\"article\" \/>\n<meta property=\"og:title\" content=\"Gramatyka litewska\" \/>\n<meta property=\"og:description\" content=\"Gramatyka litewska: fascynuj\u0105ca podr\u00f3\u017c przez j\u0119zyk Czy kiedykolwiek zastanawia\u0142e\u015b si\u0119 nad nauk\u0105 j\u0119zyka litewskiego lub po prostu zaintrygowa\u0142a Ci\u0119 jego\" \/>\n<meta property=\"og:url\" content=\"https:\/\/talkpal.ai\/pl\/gramatyka-litewska\/\" \/>\n<meta property=\"og:site_name\" content=\"Talkpal\" \/>\n<meta property=\"article:publisher\" content=\"https:\/\/www.facebook.com\/profile.php?id=100090733639311\" \/>\n<meta property=\"article:modified_time\" content=\"2025-12-12T10:42:42+00:00\" \/>\n<meta property=\"og:image\" content=\"https:\/\/talkpal.ai\/wp-content\/uploads\/2023\/05\/Lithuanian.png\" \/>\n\t<meta property=\"og:image:width\" content=\"512\" \/>\n\t<meta property=\"og:image:height\" content=\"512\" \/>\n\t<meta property=\"og:image:type\" content=\"image\/png\" \/>\n<meta name=\"twitter:card\" content=\"summary_large_image\" \/>\n<meta name=\"twitter:site\" content=\"@talkpalai\" \/>\n<meta name=\"twitter:label1\" content=\"Szacowany czas czytania\" \/>\n\t<meta name=\"twitter:data1\" content=\"3 minuty\" \/>\n<script type=\"application\/ld+json\" class=\"yoast-schema-graph\">{\"@context\":\"https:\/\/schema.org\",\"@graph\":[{\"@type\":\"WebPage\",\"@id\":\"https:\/\/talkpal.ai\/pl\/gramatyka-litewska\/\",\"url\":\"https:\/\/talkpal.ai\/pl\/gramatyka-litewska\/\",\"name\":\"Gramatyka litewska - Talkpal\",\"isPartOf\":{\"@id\":\"https:\/\/talkpal.ai\/pl\/#website\"},\"primaryImageOfPage\":{\"@id\":\"https:\/\/talkpal.ai\/pl\/gramatyka-litewska\/#primaryimage\"},\"image\":{\"@id\":\"https:\/\/talkpal.ai\/pl\/gramatyka-litewska\/#primaryimage\"},\"thumbnailUrl\":\"https:\/\/talkpal.ai\/wp-content\/uploads\/2023\/05\/Lithuanian.png\",\"datePublished\":\"2023-05-14T14:10:42+00:00\",\"dateModified\":\"2025-12-12T10:42:42+00:00\",\"description\":\"Odkryj, jak gramatyka litewska odzwierciedla historyczne bogactwo i logik\u0119, czyni\u0105c j\u0105 idealnym studium dla mi\u0142o\u015bnik\u00f3w j\u0119zyka.\",\"breadcrumb\":{\"@id\":\"https:\/\/talkpal.ai\/pl\/gramatyka-litewska\/#breadcrumb\"},\"inLanguage\":\"pl-PL\",\"potentialAction\":[{\"@type\":\"ReadAction\",\"target\":[\"https:\/\/talkpal.ai\/pl\/gramatyka-litewska\/\"]}]},{\"@type\":\"ImageObject\",\"inLanguage\":\"pl-PL\",\"@id\":\"https:\/\/talkpal.ai\/pl\/gramatyka-litewska\/#primaryimage\",\"url\":\"https:\/\/talkpal.ai\/wp-content\/uploads\/2023\/05\/Lithuanian.png\",\"contentUrl\":\"https:\/\/talkpal.ai\/wp-content\/uploads\/2023\/05\/Lithuanian.png\",\"width\":512,\"height\":512},{\"@type\":\"BreadcrumbList\",\"@id\":\"https:\/\/talkpal.ai\/pl\/gramatyka-litewska\/#breadcrumb\",\"itemListElement\":[{\"@type\":\"ListItem\",\"position\":1,\"name\":\"Homepage\",\"item\":\"https:\/\/talkpal.ai\/pl\/\"},{\"@type\":\"ListItem\",\"position\":2,\"name\":\"Gramatyka litewska\"}]},{\"@type\":\"WebSite\",\"@id\":\"https:\/\/talkpal.ai\/pl\/#website\",\"url\":\"https:\/\/talkpal.ai\/pl\/\",\"name\":\"Talkpal\",\"description\":\"AI Language Learning\",\"publisher\":{\"@id\":\"https:\/\/talkpal.ai\/pl\/#organization\"},\"alternateName\":\"Talkpal AI\",\"potentialAction\":[{\"@type\":\"SearchAction\",\"target\":{\"@type\":\"EntryPoint\",\"urlTemplate\":\"https:\/\/talkpal.ai\/pl\/?s={search_term_string}\"},\"query-input\":{\"@type\":\"PropertyValueSpecification\",\"valueRequired\":true,\"valueName\":\"search_term_string\"}}],\"inLanguage\":\"pl-PL\"},{\"@type\":\"Organization\",\"@id\":\"https:\/\/talkpal.ai\/pl\/#organization\",\"name\":\"Talkpal, Inc.\",\"alternateName\":\"Talkpal AI\",\"url\":\"https:\/\/talkpal.ai\/pl\/\",\"logo\":{\"@type\":\"ImageObject\",\"inLanguage\":\"pl-PL\",\"@id\":\"https:\/\/talkpal.ai\/pl\/#\/schema\/logo\/image\/\",\"url\":\"https:\/\/talkpal.ai\/wp-content\/uploads\/2024\/03\/Talkpal-Logo-Icon.png\",\"contentUrl\":\"https:\/\/talkpal.ai\/wp-content\/uploads\/2024\/03\/Talkpal-Logo-Icon.png\",\"width\":2880,\"height\":2880,\"caption\":\"Talkpal, Inc.\"},\"image\":{\"@id\":\"https:\/\/talkpal.ai\/pl\/#\/schema\/logo\/image\/\"},\"sameAs\":[\"https:\/\/www.facebook.com\/profile.php?id=100090733639311\",\"https:\/\/x.com\/talkpalai\",\"https:\/\/www.linkedin.com\/company\/talkpal\/\",\"https:\/\/www.youtube.com\/@TalkPal\/\",\"https:\/\/www.tiktok.com\/@talkpal\",\"https:\/\/www.instagram.com\/talkpal_ai\/\",\"https:\/\/www.crunchbase.com\/organization\/talkpal-9cde\",\"https:\/\/www.g2.com\/products\/talkpal-for-business\/\",\"https:\/\/www.trustpilot.com\/review\/talkpal.ai\",\"https:\/\/www.capterra.com\/p\/10006800\/TalkPal\/\"],\"description\":\"Talkpal is a language learning web and mobile education app, powered by the latest AI technologies, that provides engaging experiences to its customers in many different languages to help them improve their language skills. Users can chat about unlimited amount of topics with the app and use other modes to practice their language learning.\",\"email\":\"support@talkpal.ai\",\"legalName\":\"Talkpal, Inc.\",\"foundingDate\":\"2023-04-03\",\"duns\":\"118989042\",\"numberOfEmployees\":{\"@type\":\"QuantitativeValue\",\"minValue\":\"11\",\"maxValue\":\"50\"},\"publishingPrinciples\":\"https:\/\/talkpal.ai\/publishing-principles\/\",\"actionableFeedbackPolicy\":\"https:\/\/talkpal.ai\/actionable-feedback-policy\/\",\"correctionsPolicy\":\"https:\/\/talkpal.ai\/corrections-policy\/\",\"ethicsPolicy\":\"https:\/\/talkpal.ai\/ethics-policy\/\",\"diversityPolicy\":\"https:\/\/talkpal.ai\/diversity-policy\/\",\"diversityStaffingReport\":\"https:\/\/talkpal.ai\/diversity-policy\/\"}]}<\/script>\n<!-- \/ Yoast SEO Premium plugin. -->","yoast_head_json":{"title":"Gramatyka litewska - Talkpal","description":"Odkryj, jak gramatyka litewska odzwierciedla historyczne bogactwo i logik\u0119, czyni\u0105c j\u0105 idealnym studium dla mi\u0142o\u015bnik\u00f3w j\u0119zyka.","robots":{"index":"index","follow":"follow","max-snippet":"max-snippet:-1","max-image-preview":"max-image-preview:large","max-video-preview":"max-video-preview:-1"},"canonical":"https:\/\/talkpal.ai\/pl\/gramatyka-litewska\/","og_locale":"pl_PL","og_type":"article","og_title":"Gramatyka litewska","og_description":"Gramatyka litewska: fascynuj\u0105ca podr\u00f3\u017c przez j\u0119zyk Czy kiedykolwiek zastanawia\u0142e\u015b si\u0119 nad nauk\u0105 j\u0119zyka litewskiego lub po prostu zaintrygowa\u0142a Ci\u0119 jego","og_url":"https:\/\/talkpal.ai\/pl\/gramatyka-litewska\/","og_site_name":"Talkpal","article_publisher":"https:\/\/www.facebook.com\/profile.php?id=100090733639311","article_modified_time":"2025-12-12T10:42:42+00:00","og_image":[{"width":512,"height":512,"url":"https:\/\/talkpal.ai\/wp-content\/uploads\/2023\/05\/Lithuanian.png","type":"image\/png"}],"twitter_card":"summary_large_image","twitter_site":"@talkpalai","twitter_misc":{"Szacowany czas czytania":"3 minuty"},"schema":{"@context":"https:\/\/schema.org","@graph":[{"@type":"WebPage","@id":"https:\/\/talkpal.ai\/pl\/gramatyka-litewska\/","url":"https:\/\/talkpal.ai\/pl\/gramatyka-litewska\/","name":"Gramatyka litewska - Talkpal","isPartOf":{"@id":"https:\/\/talkpal.ai\/pl\/#website"},"primaryImageOfPage":{"@id":"https:\/\/talkpal.ai\/pl\/gramatyka-litewska\/#primaryimage"},"image":{"@id":"https:\/\/talkpal.ai\/pl\/gramatyka-litewska\/#primaryimage"},"thumbnailUrl":"https:\/\/talkpal.ai\/wp-content\/uploads\/2023\/05\/Lithuanian.png","datePublished":"2023-05-14T14:10:42+00:00","dateModified":"2025-12-12T10:42:42+00:00","description":"Odkryj, jak gramatyka litewska odzwierciedla historyczne bogactwo i logik\u0119, czyni\u0105c j\u0105 idealnym studium dla mi\u0142o\u015bnik\u00f3w j\u0119zyka.","breadcrumb":{"@id":"https:\/\/talkpal.ai\/pl\/gramatyka-litewska\/#breadcrumb"},"inLanguage":"pl-PL","potentialAction":[{"@type":"ReadAction","target":["https:\/\/talkpal.ai\/pl\/gramatyka-litewska\/"]}]},{"@type":"ImageObject","inLanguage":"pl-PL","@id":"https:\/\/talkpal.ai\/pl\/gramatyka-litewska\/#primaryimage","url":"https:\/\/talkpal.ai\/wp-content\/uploads\/2023\/05\/Lithuanian.png","contentUrl":"https:\/\/talkpal.ai\/wp-content\/uploads\/2023\/05\/Lithuanian.png","width":512,"height":512},{"@type":"BreadcrumbList","@id":"https:\/\/talkpal.ai\/pl\/gramatyka-litewska\/#breadcrumb","itemListElement":[{"@type":"ListItem","position":1,"name":"Homepage","item":"https:\/\/talkpal.ai\/pl\/"},{"@type":"ListItem","position":2,"name":"Gramatyka litewska"}]},{"@type":"WebSite","@id":"https:\/\/talkpal.ai\/pl\/#website","url":"https:\/\/talkpal.ai\/pl\/","name":"Talkpal","description":"AI Language Learning","publisher":{"@id":"https:\/\/talkpal.ai\/pl\/#organization"},"alternateName":"Talkpal AI","potentialAction":[{"@type":"SearchAction","target":{"@type":"EntryPoint","urlTemplate":"https:\/\/talkpal.ai\/pl\/?s={search_term_string}"},"query-input":{"@type":"PropertyValueSpecification","valueRequired":true,"valueName":"search_term_string"}}],"inLanguage":"pl-PL"},{"@type":"Organization","@id":"https:\/\/talkpal.ai\/pl\/#organization","name":"Talkpal, Inc.","alternateName":"Talkpal AI","url":"https:\/\/talkpal.ai\/pl\/","logo":{"@type":"ImageObject","inLanguage":"pl-PL","@id":"https:\/\/talkpal.ai\/pl\/#\/schema\/logo\/image\/","url":"https:\/\/talkpal.ai\/wp-content\/uploads\/2024\/03\/Talkpal-Logo-Icon.png","contentUrl":"https:\/\/talkpal.ai\/wp-content\/uploads\/2024\/03\/Talkpal-Logo-Icon.png","width":2880,"height":2880,"caption":"Talkpal, Inc."},"image":{"@id":"https:\/\/talkpal.ai\/pl\/#\/schema\/logo\/image\/"},"sameAs":["https:\/\/www.facebook.com\/profile.php?id=100090733639311","https:\/\/x.com\/talkpalai","https:\/\/www.linkedin.com\/company\/talkpal\/","https:\/\/www.youtube.com\/@TalkPal\/","https:\/\/www.tiktok.com\/@talkpal","https:\/\/www.instagram.com\/talkpal_ai\/","https:\/\/www.crunchbase.com\/organization\/talkpal-9cde","https:\/\/www.g2.com\/products\/talkpal-for-business\/","https:\/\/www.trustpilot.com\/review\/talkpal.ai","https:\/\/www.capterra.com\/p\/10006800\/TalkPal\/"],"description":"Talkpal is a language learning web and mobile education app, powered by the latest AI technologies, that provides engaging experiences to its customers in many different languages to help them improve their language skills. Users can chat about unlimited amount of topics with the app and use other modes to practice their language learning.","email":"support@talkpal.ai","legalName":"Talkpal, Inc.","foundingDate":"2023-04-03","duns":"118989042","numberOfEmployees":{"@type":"QuantitativeValue","minValue":"11","maxValue":"50"},"publishingPrinciples":"https:\/\/talkpal.ai\/publishing-principles\/","actionableFeedbackPolicy":"https:\/\/talkpal.ai\/actionable-feedback-policy\/","correctionsPolicy":"https:\/\/talkpal.ai\/corrections-policy\/","ethicsPolicy":"https:\/\/talkpal.ai\/ethics-policy\/","diversityPolicy":"https:\/\/talkpal.ai\/diversity-policy\/","diversityStaffingReport":"https:\/\/talkpal.ai\/diversity-policy\/"}]}},"_links":{"self":[{"href":"https:\/\/talkpal.ai\/pl\/wp-json\/wp\/v2\/pages\/146302","targetHints":{"allow":["GET"]}}],"collection":[{"href":"https:\/\/talkpal.ai\/pl\/wp-json\/wp\/v2\/pages"}],"about":[{"href":"https:\/\/talkpal.ai\/pl\/wp-json\/wp\/v2\/types\/page"}],"author":[{"embeddable":true,"href":"https:\/\/talkpal.ai\/pl\/wp-json\/wp\/v2\/users\/1"}],"replies":[{"embeddable":true,"href":"https:\/\/talkpal.ai\/pl\/wp-json\/wp\/v2\/comments?post=146302"}],"version-history":[{"count":0,"href":"https:\/\/talkpal.ai\/pl\/wp-json\/wp\/v2\/pages\/146302\/revisions"}],"wp:featuredmedia":[{"embeddable":true,"href":"https:\/\/talkpal.ai\/pl\/wp-json\/wp\/v2\/media\/114830"}],"wp:attachment":[{"href":"https:\/\/talkpal.ai\/pl\/wp-json\/wp\/v2\/media?parent=146302"}],"curies":[{"name":"wp","href":"https:\/\/api.w.org\/{rel}","templated":true}]}}