{"id":1462028,"date":"2025-10-22T12:21:47","date_gmt":"2025-10-22T12:21:47","guid":{"rendered":"https:\/\/talkpal.ai\/znizka-talkpal-dla-studentow\/"},"modified":"2026-01-22T14:59:30","modified_gmt":"2026-01-22T14:59:30","slug":"znizka-talkpal-dla-studentow","status":"publish","type":"page","link":"https:\/\/talkpal.ai\/pl\/znizka-talkpal-dla-studentow\/","title":{"rendered":"Zni\u017cka Talkpal dla student\u00f3w"},"content":{"rendered":"<section class=\"languageChallengeSection\">\r\n    <div class=\"languageInfoWrapper\">\r\n        \r\n        <h1>Zni\u017cka Talkpal dla student\u00f3w<\/h1>\r\n        <p>Jeste\u015b studentem, kt\u00f3ry chce poprawi\u0107 swoje umiej\u0119tno\u015bci j\u0119zykowe? Talkpal oferuje ekskluzywny 79% zni\u017cki studenckiej, aby pom\u00f3c Ci uczy\u0107 si\u0119 szybciej i m\u0105drzej. Uzyskaj dost\u0119p do wszystkich funkcji premium, \u0107wicz prawdziwe rozmowy ze sztuczn\u0105 inteligencj\u0105 i osi\u0105gnij p\u0142ynno\u015b\u0107 za po\u0142ow\u0119 ceny.<\/p>\r\n\r\n                    <a class=\"getStartedHidden\" href=\"https:\/\/app.talkpal.ai\/signup?discount=50\">\r\n                Uzyskaj zni\u017ck\u0119            <\/a>\r\n            <\/div>\r\n\r\n            <figure>\r\n            <img decoding=\"async\" class=\"no-lazy\" src=\"https:\/\/talkpal.ai\/wp-content\/uploads\/2026\/01\/group-with-phone-in-circle.webp\" alt=\"\" fetchpriority=\"high\" \/>\r\n        <\/figure>\r\n        \r\n                    <a class=\"getStartedVisible\" href=\"https:\/\/app.talkpal.ai\/signup?discount=50\">\r\n                Uzyskaj zni\u017ck\u0119            <\/a>\r\n        <\/section><section class=\"featureSection\">\r\n    <div class=\"featureIntroduce\">\r\n        <a class=\"introduceLink\" href=\"https:\/\/app.talkpal.ai\/pl\/signup?lng=\">\r\n            <img decoding=\"async\" src=\"https:\/\/talkpal.ai\/wp-content\/themes\/talkpal\/assets\/img\/Sparkle.svg\" alt=\"\" \/>Najbardziej zaawansowany\n  AI<\/a>\r\n        <h3 class=\"featureTitle\">R\u00f3\u017cnica talkpal<\/h3>\r\n    <\/div>\r\n            <div class=\"introduceWrapper\">\r\n                            <a class=\"introducCard\" href=\"https:\/\/app.talkpal.ai\/pl\/signup?lng=\">\r\n\r\n                    \r\n                                                <img decoding=\"async\" src=\"https:\/\/talkpal.ai\/wp-content\/uploads\/2025\/05\/Immersive_conversations.png\" alt=\"Immersive Conversation Screenshot\" \/>\r\n                        <h4 class=\"introduceTitle\">Spersonalizowana edukacja<\/h4>\r\n                        <p class=\"cardText\">Ka\u017cdy ucze\u0144 uczy si\u0119 inaczej, podobnie jak jego podr\u00f3\u017c do opanowania nowego j\u0119zyka. W Talkpal u\u017cywamy zaawansowanej technologii sztucznej inteligencji, aby zrozumie\u0107, w jaki spos\u00f3b miliony uczni\u00f3w ucz\u0105 si\u0119 j\u0119zyk\u00f3w ka\u017cdego dnia. Pomaga nam to tworzy\u0107 spersonalizowane, efektywne i anga\u017cuj\u0105ce do\u015bwiadczenia edukacyjne zaprojektowane specjalnie dla uczni\u00f3w takich jak Ty.<\/p>\r\n                    \r\n                <\/a>\r\n                            <a class=\"introducCard\" href=\"https:\/\/app.talkpal.ai\/pl\/signup?lng=\">\r\n\r\n                    \r\n                                                <img decoding=\"async\" src=\"https:\/\/talkpal.ai\/wp-content\/uploads\/2025\/05\/Realtime_feedback.png\" alt=\"Feedback Screenshot\" \/>\r\n                        <h4 class=\"introduceTitle\">Najnowocze\u015bniejsza technologia<\/h4>\r\n                        <p class=\"cardText\">Nasz\u0105 misj\u0105 jest sprawienie, aby spersonalizowana nauka j\u0119zyk\u00f3w obcych by\u0142a dost\u0119pna dla wszystkich uczni\u00f3w poprzez po\u0142\u0105czenie najnowszych innowacji w zakresie sztucznej inteligencji ze sprawdzonymi metodami edukacyjnymi. Dzi\u0119ki Talkpal nie tylko bierzesz lekcje \u2014 do\u015bwiadczasz podr\u00f3\u017cy dostosowanej do Twojego tempa, stylu i cel\u00f3w.<\/p>\r\n                    \r\n                <\/a>\r\n                            <a class=\"introducCard\" href=\"https:\/\/app.talkpal.ai\/pl\/signup?lng=\">\r\n\r\n                    \r\n                                                <img decoding=\"async\" src=\"https:\/\/talkpal.ai\/wp-content\/uploads\/2025\/05\/Personalization.png\" alt=\"Personalization Screenshot\" \/>\r\n                        <h4 class=\"introduceTitle\">Zabawa w nauk\u0119<\/h4>\r\n                        <p class=\"cardText\">Wierzymy, \u017ce nauka j\u0119zyka powinna by\u0107 przyjemna i motywuj\u0105ca. W\u0142a\u015bnie dlatego Talkpal zosta\u0142 stworzony tak, aby utrzyma\u0107 zaanga\u017cowanie i inspiracj\u0119 uczni\u00f3w &#8211; dzi\u0119ki czemu nauka jest mniej podobna do nauki, a bardziej jak ekscytuj\u0105ca przygoda. Do\u0142\u0105cz do tysi\u0119cy uczni\u00f3w z ca\u0142ego \u015bwiata i zacznij doskonali\u0107 sw\u00f3j nast\u0119pny j\u0119zyk z Talkpal!<\/p>\r\n                    \r\n                <\/a>\r\n                            <\/div>\r\n                     <a class=\"featureSectionLink\" href=\"https:\/\/app.talkpal.ai\/signup?discount=50\">\r\n                Uzyskaj zni\u017ck\u0119            <\/a>\r\n                \r\n<\/section>\r\n\r\n\r\n<section class=\"smartFunSection\">\r\n            \r\n            <div class=\"smartFunCard\">\r\n                <div class=\"smartFunWrapper\"><img decoding=\"async\" src=\"https:\/\/talkpal.ai\/wp-content\/uploads\/2025\/05\/1.png\" alt=\"Learning Stats Screenshot\"><\/div>\r\n                <h3>Dopasowane do Ciebie<\/h3>\r\n                <p>Talkpal wykorzystuje technologi\u0119 opart\u0105 na sztucznej inteligencji, aby zapewni\u0107 spersonalizowane sesje nauki j\u0119zyka dostosowane do poziomu i tempa ka\u017cdego ucznia. Ka\u017cda lekcja jest dostosowana do Twoich indywidualnych potrzeb edukacyjnych i pomaga w osi\u0105ganiu sta\u0142ych post\u0119p\u00f3w.<\/p>\r\n            <\/div>\r\n\r\n        \r\n            <div class=\"smartFunCard\">\r\n                <div class=\"smartFunWrapper\"><img decoding=\"async\" src=\"https:\/\/talkpal.ai\/wp-content\/uploads\/2025\/05\/2.png\" alt=\"Pronunciation Score Screenshot\"><\/div>\r\n                <h3>Efektywno\u015b\u0107 i wydajno\u015b\u0107<\/h3>\r\n                <p>Popraw swoje umiej\u0119tno\u015bci czytania, s\u0142uchania i m\u00f3wienia dzi\u0119ki Talkpal. Nasze innowacyjne narz\u0119dzia edukacyjne zosta\u0142y stworzone tak, aby nauka j\u0119zyka by\u0142a zar\u00f3wno skuteczna, jak i przyjemna dla uczni\u00f3w ze wszystkich \u015brodowisk.<\/p>\r\n            <\/div>\r\n\r\n        \r\n            <div class=\"smartFunCard\">\r\n                <div class=\"smartFunWrapper\"><img decoding=\"async\" src=\"https:\/\/talkpal.ai\/wp-content\/uploads\/2025\/05\/3.png\" alt=\"Chat Topics Screenshot\"><\/div>\r\n                <h3>Zachowaj zaanga\u017cowanie<\/h3>\r\n                <p>Platforma \u0142\u0105czy w sobie elementy grywalizacji, anga\u017cuj\u0105ce wyzwania i prowokuj\u0105ce do my\u015blenia pytania, aby utrzyma\u0107 motywacj\u0119 i konsekwencj\u0119 uczni\u00f3w. Dzi\u0119ki Talkpal nauka j\u0119zyka staje si\u0119 codziennym nawykiem, a nie zadaniem.<\/p>\r\n            <\/div>\r\n\r\n        \r\n            <div class=\"smartFunCard\">\r\n                <div class=\"smartFunWrapper\"><img decoding=\"async\" src=\"https:\/\/talkpal.ai\/wp-content\/uploads\/2025\/05\/4.png\" alt=\"Dashboard Screenshot\"><\/div>\r\n                <h3>Ciesz si\u0119 nauk\u0105<\/h3>\r\n                <p>Opanowanie nowego j\u0119zyka nie musi by\u0107 \u017cmudne. Talkpal oferuje interaktywne \u0107wiczenia, \u017cywe postacie, a nawet humorystyczne rozmowy ze sztuczn\u0105 inteligencj\u0105, dzi\u0119ki czemu nauka jest przyjemn\u0105 i inspiruj\u0105c\u0105 cz\u0119\u015bci\u0105 dnia ka\u017cdego ucznia.<\/p>\r\n            <\/div>\r\n\r\n            \r\n<\/section>\r\n\r\n<section class=\"promotionalBanner\">\r\n    <p class=\"promotionalText\">Talkpal dla student\u00f3w &#8211; Rozpocznij nauk\u0119 w obni\u017conej cenie<\/p>\r\n                <a class=\"promotionalLink\" href=\"https:\/\/app.talkpal.ai\/signup?discount=50\">\r\n                Uzyskaj zni\u017ck\u0119            <\/a>\r\n            \r\n<\/section>","protected":false},"excerpt":{"rendered":"","protected":false},"author":10,"featured_media":0,"parent":0,"menu_order":0,"comment_status":"closed","ping_status":"closed","template":"LearningContentPage.php","meta":{"_acf_changed":false,"footnotes":""},"class_list":["post-1462028","page","type-page","status-publish","hentry"],"acf":[],"yoast_head":"<!-- This site is optimized with the Yoast SEO Premium plugin v27.2 (Yoast SEO v27.2) - https:\/\/yoast.com\/product\/yoast-seo-premium-wordpress\/ -->\n<title>Zni\u017cka Talkpal dla student\u00f3w - Talkpal<\/title>\n<meta name=\"description\" content=\"Uzyskaj ekskluzywn\u0105 79% zni\u017ck\u0119 studenck\u0105 na Talkpal, aby szybciej uczy\u0107 si\u0119 j\u0119zyk\u00f3w dzi\u0119ki spersonalizowanej praktyce rozm\u00f3w AI.\" \/>\n<meta name=\"robots\" content=\"index, follow, max-snippet:-1, max-image-preview:large, max-video-preview:-1\" \/>\n<link rel=\"canonical\" href=\"https:\/\/talkpal.ai\/pl\/znizka-talkpal-dla-studentow\/\" \/>\n<meta property=\"og:locale\" content=\"pl_PL\" \/>\n<meta property=\"og:type\" content=\"article\" \/>\n<meta property=\"og:title\" content=\"Zni\u017cka Talkpal dla student\u00f3w\" \/>\n<meta property=\"og:url\" content=\"https:\/\/talkpal.ai\/pl\/znizka-talkpal-dla-studentow\/\" \/>\n<meta property=\"og:site_name\" content=\"Talkpal\" \/>\n<meta property=\"article:publisher\" content=\"https:\/\/www.facebook.com\/profile.php?id=100090733639311\" \/>\n<meta property=\"article:modified_time\" content=\"2026-01-22T14:59:30+00:00\" \/>\n<meta property=\"og:image\" content=\"https:\/\/talkpal.ai\/wp-content\/uploads\/2025\/02\/Progress-tab-16_9.png\" \/>\n\t<meta property=\"og:image:width\" content=\"2880\" \/>\n\t<meta property=\"og:image:height\" content=\"1620\" \/>\n\t<meta property=\"og:image:type\" content=\"image\/png\" \/>\n<meta name=\"twitter:card\" content=\"summary_large_image\" \/>\n<meta name=\"twitter:site\" content=\"@talkpalai\" \/>\n<script type=\"application\/ld+json\" class=\"yoast-schema-graph\">{\"@context\":\"https:\/\/schema.org\",\"@graph\":[{\"@type\":\"WebPage\",\"@id\":\"https:\/\/talkpal.ai\/pl\/znizka-talkpal-dla-studentow\/\",\"url\":\"https:\/\/talkpal.ai\/pl\/znizka-talkpal-dla-studentow\/\",\"name\":\"Zni\u017cka Talkpal dla student\u00f3w - Talkpal\",\"isPartOf\":{\"@id\":\"https:\/\/talkpal.ai\/pl\/#website\"},\"datePublished\":\"2025-10-22T12:21:47+00:00\",\"dateModified\":\"2026-01-22T14:59:30+00:00\",\"description\":\"Uzyskaj ekskluzywn\u0105 79% zni\u017ck\u0119 studenck\u0105 na Talkpal, aby szybciej uczy\u0107 si\u0119 j\u0119zyk\u00f3w dzi\u0119ki spersonalizowanej praktyce rozm\u00f3w AI.\",\"breadcrumb\":{\"@id\":\"https:\/\/talkpal.ai\/pl\/znizka-talkpal-dla-studentow\/#breadcrumb\"},\"inLanguage\":\"pl-PL\",\"potentialAction\":[{\"@type\":\"ReadAction\",\"target\":[\"https:\/\/talkpal.ai\/pl\/znizka-talkpal-dla-studentow\/\"]}]},{\"@type\":\"BreadcrumbList\",\"@id\":\"https:\/\/talkpal.ai\/pl\/znizka-talkpal-dla-studentow\/#breadcrumb\",\"itemListElement\":[{\"@type\":\"ListItem\",\"position\":1,\"name\":\"Homepage\",\"item\":\"https:\/\/talkpal.ai\/pl\/\"},{\"@type\":\"ListItem\",\"position\":2,\"name\":\"Zni\u017cka Talkpal dla student\u00f3w\"}]},{\"@type\":\"WebSite\",\"@id\":\"https:\/\/talkpal.ai\/pl\/#website\",\"url\":\"https:\/\/talkpal.ai\/pl\/\",\"name\":\"Talkpal\",\"description\":\"AI Language Learning\",\"publisher\":{\"@id\":\"https:\/\/talkpal.ai\/pl\/#organization\"},\"alternateName\":\"Talkpal AI\",\"potentialAction\":[{\"@type\":\"SearchAction\",\"target\":{\"@type\":\"EntryPoint\",\"urlTemplate\":\"https:\/\/talkpal.ai\/pl\/?s={search_term_string}\"},\"query-input\":{\"@type\":\"PropertyValueSpecification\",\"valueRequired\":true,\"valueName\":\"search_term_string\"}}],\"inLanguage\":\"pl-PL\"},{\"@type\":\"Organization\",\"@id\":\"https:\/\/talkpal.ai\/pl\/#organization\",\"name\":\"Talkpal, Inc.\",\"alternateName\":\"Talkpal AI\",\"url\":\"https:\/\/talkpal.ai\/pl\/\",\"logo\":{\"@type\":\"ImageObject\",\"inLanguage\":\"pl-PL\",\"@id\":\"https:\/\/talkpal.ai\/pl\/#\/schema\/logo\/image\/\",\"url\":\"https:\/\/talkpal.ai\/wp-content\/uploads\/2024\/03\/Talkpal-Logo-Icon.png\",\"contentUrl\":\"https:\/\/talkpal.ai\/wp-content\/uploads\/2024\/03\/Talkpal-Logo-Icon.png\",\"width\":2880,\"height\":2880,\"caption\":\"Talkpal, Inc.\"},\"image\":{\"@id\":\"https:\/\/talkpal.ai\/pl\/#\/schema\/logo\/image\/\"},\"sameAs\":[\"https:\/\/www.facebook.com\/profile.php?id=100090733639311\",\"https:\/\/x.com\/talkpalai\",\"https:\/\/www.linkedin.com\/company\/talkpal\/\",\"https:\/\/www.youtube.com\/@TalkPal\/\",\"https:\/\/www.tiktok.com\/@talkpal\",\"https:\/\/www.instagram.com\/talkpal_ai\/\",\"https:\/\/www.crunchbase.com\/organization\/talkpal-9cde\",\"https:\/\/www.g2.com\/products\/talkpal-for-business\/\",\"https:\/\/www.trustpilot.com\/review\/talkpal.ai\",\"https:\/\/www.capterra.com\/p\/10006800\/TalkPal\/\"],\"description\":\"Talkpal is a language learning web and mobile education app, powered by the latest AI technologies, that provides engaging experiences to its customers in many different languages to help them improve their language skills. Users can chat about unlimited amount of topics with the app and use other modes to practice their language learning.\",\"email\":\"support@talkpal.ai\",\"legalName\":\"Talkpal, Inc.\",\"foundingDate\":\"2023-04-03\",\"duns\":\"118989042\",\"numberOfEmployees\":{\"@type\":\"QuantitativeValue\",\"minValue\":\"11\",\"maxValue\":\"50\"},\"publishingPrinciples\":\"https:\/\/talkpal.ai\/publishing-principles\/\",\"actionableFeedbackPolicy\":\"https:\/\/talkpal.ai\/actionable-feedback-policy\/\",\"correctionsPolicy\":\"https:\/\/talkpal.ai\/corrections-policy\/\",\"ethicsPolicy\":\"https:\/\/talkpal.ai\/ethics-policy\/\",\"diversityPolicy\":\"https:\/\/talkpal.ai\/diversity-policy\/\",\"diversityStaffingReport\":\"https:\/\/talkpal.ai\/diversity-policy\/\"}]}<\/script>\n<!-- \/ Yoast SEO Premium plugin. -->","yoast_head_json":{"title":"Zni\u017cka Talkpal dla student\u00f3w - Talkpal","description":"Uzyskaj ekskluzywn\u0105 79% zni\u017ck\u0119 studenck\u0105 na Talkpal, aby szybciej uczy\u0107 si\u0119 j\u0119zyk\u00f3w dzi\u0119ki spersonalizowanej praktyce rozm\u00f3w AI.","robots":{"index":"index","follow":"follow","max-snippet":"max-snippet:-1","max-image-preview":"max-image-preview:large","max-video-preview":"max-video-preview:-1"},"canonical":"https:\/\/talkpal.ai\/pl\/znizka-talkpal-dla-studentow\/","og_locale":"pl_PL","og_type":"article","og_title":"Zni\u017cka Talkpal dla student\u00f3w","og_url":"https:\/\/talkpal.ai\/pl\/znizka-talkpal-dla-studentow\/","og_site_name":"Talkpal","article_publisher":"https:\/\/www.facebook.com\/profile.php?id=100090733639311","article_modified_time":"2026-01-22T14:59:30+00:00","og_image":[{"width":2880,"height":1620,"url":"https:\/\/talkpal.ai\/wp-content\/uploads\/2025\/02\/Progress-tab-16_9.png","type":"image\/png"}],"twitter_card":"summary_large_image","twitter_site":"@talkpalai","schema":{"@context":"https:\/\/schema.org","@graph":[{"@type":"WebPage","@id":"https:\/\/talkpal.ai\/pl\/znizka-talkpal-dla-studentow\/","url":"https:\/\/talkpal.ai\/pl\/znizka-talkpal-dla-studentow\/","name":"Zni\u017cka Talkpal dla student\u00f3w - Talkpal","isPartOf":{"@id":"https:\/\/talkpal.ai\/pl\/#website"},"datePublished":"2025-10-22T12:21:47+00:00","dateModified":"2026-01-22T14:59:30+00:00","description":"Uzyskaj ekskluzywn\u0105 79% zni\u017ck\u0119 studenck\u0105 na Talkpal, aby szybciej uczy\u0107 si\u0119 j\u0119zyk\u00f3w dzi\u0119ki spersonalizowanej praktyce rozm\u00f3w AI.","breadcrumb":{"@id":"https:\/\/talkpal.ai\/pl\/znizka-talkpal-dla-studentow\/#breadcrumb"},"inLanguage":"pl-PL","potentialAction":[{"@type":"ReadAction","target":["https:\/\/talkpal.ai\/pl\/znizka-talkpal-dla-studentow\/"]}]},{"@type":"BreadcrumbList","@id":"https:\/\/talkpal.ai\/pl\/znizka-talkpal-dla-studentow\/#breadcrumb","itemListElement":[{"@type":"ListItem","position":1,"name":"Homepage","item":"https:\/\/talkpal.ai\/pl\/"},{"@type":"ListItem","position":2,"name":"Zni\u017cka Talkpal dla student\u00f3w"}]},{"@type":"WebSite","@id":"https:\/\/talkpal.ai\/pl\/#website","url":"https:\/\/talkpal.ai\/pl\/","name":"Talkpal","description":"AI Language Learning","publisher":{"@id":"https:\/\/talkpal.ai\/pl\/#organization"},"alternateName":"Talkpal AI","potentialAction":[{"@type":"SearchAction","target":{"@type":"EntryPoint","urlTemplate":"https:\/\/talkpal.ai\/pl\/?s={search_term_string}"},"query-input":{"@type":"PropertyValueSpecification","valueRequired":true,"valueName":"search_term_string"}}],"inLanguage":"pl-PL"},{"@type":"Organization","@id":"https:\/\/talkpal.ai\/pl\/#organization","name":"Talkpal, Inc.","alternateName":"Talkpal AI","url":"https:\/\/talkpal.ai\/pl\/","logo":{"@type":"ImageObject","inLanguage":"pl-PL","@id":"https:\/\/talkpal.ai\/pl\/#\/schema\/logo\/image\/","url":"https:\/\/talkpal.ai\/wp-content\/uploads\/2024\/03\/Talkpal-Logo-Icon.png","contentUrl":"https:\/\/talkpal.ai\/wp-content\/uploads\/2024\/03\/Talkpal-Logo-Icon.png","width":2880,"height":2880,"caption":"Talkpal, Inc."},"image":{"@id":"https:\/\/talkpal.ai\/pl\/#\/schema\/logo\/image\/"},"sameAs":["https:\/\/www.facebook.com\/profile.php?id=100090733639311","https:\/\/x.com\/talkpalai","https:\/\/www.linkedin.com\/company\/talkpal\/","https:\/\/www.youtube.com\/@TalkPal\/","https:\/\/www.tiktok.com\/@talkpal","https:\/\/www.instagram.com\/talkpal_ai\/","https:\/\/www.crunchbase.com\/organization\/talkpal-9cde","https:\/\/www.g2.com\/products\/talkpal-for-business\/","https:\/\/www.trustpilot.com\/review\/talkpal.ai","https:\/\/www.capterra.com\/p\/10006800\/TalkPal\/"],"description":"Talkpal is a language learning web and mobile education app, powered by the latest AI technologies, that provides engaging experiences to its customers in many different languages to help them improve their language skills. Users can chat about unlimited amount of topics with the app and use other modes to practice their language learning.","email":"support@talkpal.ai","legalName":"Talkpal, Inc.","foundingDate":"2023-04-03","duns":"118989042","numberOfEmployees":{"@type":"QuantitativeValue","minValue":"11","maxValue":"50"},"publishingPrinciples":"https:\/\/talkpal.ai\/publishing-principles\/","actionableFeedbackPolicy":"https:\/\/talkpal.ai\/actionable-feedback-policy\/","correctionsPolicy":"https:\/\/talkpal.ai\/corrections-policy\/","ethicsPolicy":"https:\/\/talkpal.ai\/ethics-policy\/","diversityPolicy":"https:\/\/talkpal.ai\/diversity-policy\/","diversityStaffingReport":"https:\/\/talkpal.ai\/diversity-policy\/"}]}},"_links":{"self":[{"href":"https:\/\/talkpal.ai\/pl\/wp-json\/wp\/v2\/pages\/1462028","targetHints":{"allow":["GET"]}}],"collection":[{"href":"https:\/\/talkpal.ai\/pl\/wp-json\/wp\/v2\/pages"}],"about":[{"href":"https:\/\/talkpal.ai\/pl\/wp-json\/wp\/v2\/types\/page"}],"author":[{"embeddable":true,"href":"https:\/\/talkpal.ai\/pl\/wp-json\/wp\/v2\/users\/10"}],"replies":[{"embeddable":true,"href":"https:\/\/talkpal.ai\/pl\/wp-json\/wp\/v2\/comments?post=1462028"}],"version-history":[{"count":0,"href":"https:\/\/talkpal.ai\/pl\/wp-json\/wp\/v2\/pages\/1462028\/revisions"}],"wp:attachment":[{"href":"https:\/\/talkpal.ai\/pl\/wp-json\/wp\/v2\/media?parent=1462028"}],"curies":[{"name":"wp","href":"https:\/\/api.w.org\/{rel}","templated":true}]}}