{"id":145764,"date":"2023-05-14T14:10:24","date_gmt":"2023-05-14T14:10:24","guid":{"rendered":"http:\/\/talkpal.ai\/gramatyka-lotewska\/"},"modified":"2025-12-17T17:11:15","modified_gmt":"2025-12-17T17:11:15","slug":"gramatyka-lotewska","status":"publish","type":"page","link":"https:\/\/talkpal.ai\/pl\/gramatyka-lotewska\/","title":{"rendered":"Gramatyka \u0142otewska"},"content":{"rendered":"\r\n\r\n\r\n<section class=\"languageChallengeSection\">\r\n    <div class=\"languageInfoWrapper\">\r\n        \r\n        <h1>Gramatyka \u0142otewska<\/h1>\r\n        <p>Poznaj wyj\u0105tkowy \u015bwiat \u0142otewskiej gramatyki i odkryj pi\u0119kno jednego z najbardziej dynamicznych j\u0119zyk\u00f3w regionu ba\u0142tyckiego. Rozumiej\u0105c jego struktur\u0119 i zasady, zwi\u0119kszysz swoj\u0105 pewno\u015b\u0107 siebie i umiej\u0119tno\u015bci komunikacyjne. Rozpocznij nauk\u0119 gramatyki \u0142otewskiej ju\u017c dzi\u015b i zr\u00f3b pierwszy krok w kierunku p\u0142ynnego pos\u0142ugiwania si\u0119 tym j\u0119zykiem!\n\n<\/p>\r\n\r\n                            <a class=\"getStartedHidden\" href=\"https:\/\/app.talkpal.ai\/pl\/signup?lng=\">Zaczynaj<\/a>\r\n        \r\n    <\/div>\r\n\r\n    <figure>\r\n    <img decoding=\"async\" width=\"768\" height=\"768\" src=\"https:\/\/talkpal.ai\/wp-content\/uploads\/2023\/06\/latvian-768x768.png\" class=\"languageImage no-lazy\" alt=\"Language learning to access more cultures\" fetchpriority=\"high\" sizes=\"(max-width: 768px) 150px, 768px\" srcset=\"https:\/\/talkpal.ai\/wp-content\/uploads\/2023\/06\/latvian-768x768.png 768w, https:\/\/talkpal.ai\/wp-content\/uploads\/2023\/06\/latvian-300x300.png 300w\" \/>\r\n    \r\n\r\n    <\/figure>\r\n\r\n            <a class=\"getStartedVisible\" href=\"https:\/\/app.talkpal.ai\/pl\/signup?lng=\">Zaczynaj<\/a>\r\n    \r\n<\/section>\r\n<section class=\"promotionalBanner\">\r\n    <p class=\"promotionalText\">Najbardziej efektywny spos\u00f3b nauki j\u0119zyka<\/p>\r\n    <a class=\"promotionalLink\" href=\"https:\/\/app.talkpal.ai\/pl\/signup?lng=\">Wypr\u00f3buj Talkpal za darmo<\/a>\r\n<\/section>\n<div class=\"wp-block-group pageContainerStyle\"><div class=\"wp-block-group__inner-container is-layout-constrained wp-block-group-is-layout-constrained\">\n<h2 class=\"wp-block-heading\" id=\"h-the-ultimate-guide-to-latvian-grammar-navigating-the-intricacies-of-a-unique-language\">Kompletny przewodnik po gramatyce \u0142otewskiej: poruszanie si\u0119 po zawi\u0142o\u015bciach unikalnego j\u0119zyka<\/h2>\n\n\n\n<p><a href=\"https:\/\/talkpal.ai\/latvian-grammar\/\">Gramatyka \u0142otewska<\/a>, podobnie jak sam j\u0119zyk, przedstawia bogaty i fascynuj\u0105cy gobelin element\u00f3w j\u0119zykowych. Jako j\u0119zyk ba\u0142tycki, <a href=\"https:\/\/talkpal.ai\/learn-latvian\/\">\u0142otewski<\/a> zachwyca s\u0142uchaczy swoimi r\u00f3\u017cnorodnymi cechami i stanowi wyzwanie nawet dla najbardziej bieg\u0142ych u\u017cytkownik\u00f3w. W tym przewodniku zbadamy kluczowe zasady gramatyki \u0142otewskiej, obja\u015bnimy jej zawi\u0142o\u015bci i wesprzemy Ci\u0119 w drodze do p\u0142ynnego pos\u0142ugiwania si\u0119 tym urzekaj\u0105cym j\u0119zykiem. Zaczynajmy!<\/p>\n\n\n\n<h3 class=\"wp-block-heading\" id=\"h-the-nuts-and-bolts-latvian-sentence-structure\">Nakr\u0119tki i: \u0142otewska struktura zdania<\/h3>\n\n\n\n<p>Zasadniczo <a href=\"https:\/\/talkpal.ai\/latvian-grammar\/\">gramatyka \u0142otewska<\/a> jest do\u015b\u0107 prosta. J\u0119zyk generalnie ma struktur\u0119 zda\u0144 Podmiot-Orzeczenie-Dope\u0142nienie (SVO), podobnie jak <a href=\"https:\/\/talkpal.ai\/learn-english-with-ai\/\">angielski<\/a> i wiele innych j\u0119zyk\u00f3w. Na przyk\u0142ad zdanie &#8222;Jem jab\u0142ko&#8221; t\u0142umaczy si\u0119 jako &#8222;Es \u0113du \u0101bolu&#8221; (Es \u0113du \u0101bolu). Proste, prawda? Jednak\u017ce, gdy zag\u0142\u0119bimy si\u0119 bardziej, napotkamy kilka intryguj\u0105cych i charakterystycznych cech \u0142otewskiej gramatyki.<\/p>\n\n\n\n<h3 class=\"wp-block-heading\" id=\"h-meet-the-family-latvian-nouns-and-their-cases\">Poznaj rodzin\u0119: \u0142otewskie rzeczowniki i ich przypadki<\/h3>\n\n\n\n<p>Jedn\u0105 z najbardziej k\u0142opotliwych cech gramatyki \u0142otewskiej dla os\u00f3b angloj\u0119zycznych jest poj\u0119cie przypadk\u00f3w gramatycznych. W j\u0119zyku \u0142otewskim istnieje siedem przypadk\u00f3w: mianownik, dope\u0142niacz, celownik, zbieranik, miejscownik, narz\u0119dnik i wo\u0142acz. Ka\u017cdy przypadek ma swoj\u0105 w\u0142asn\u0105 funkcj\u0119 i wp\u0142ywa na form\u0119 rzeczownik\u00f3w, przymiotnik\u00f3w, zaimk\u00f3w, a czasem nawet czasownik\u00f3w.<\/p>\n\n\n\n<p>We\u017amy na przyk\u0142ad s\u0142owo &#8222;\u0101bols&#8221; (\u0101bols), kt\u00f3re oznacza &#8222;jab\u0142ko&#8221;:<\/p>\n\n\n\n<p><strong>&#8211; Mianownik (u\u017cywany dla podmiot\u00f3w): \u0101bols<\/strong><\/p>\n\n\n\n<p><strong>&#8211; Rodzajnik (u\u017cywany do posiadania): \u0101bola<\/strong><\/p>\n\n\n\n<p><strong>&#8211; Celownik (u\u017cywany dla obiekt\u00f3w po\u015brednich): \u0101bolam<\/strong><\/p>\n\n\n\n<p><strong>&#8211; Przypadek bierny (u\u017cywany dla obiekt\u00f3w bezpo\u015brednich): \u0101bolu<\/strong><\/p>\n\n\n\n<p><strong>&#8211; Przypadek lokatywny (u\u017cywany dla lokalizacji): \u0101bol\u0101<\/strong><\/p>\n\n\n\n<p><strong>&#8211; Przypadek instrumentalny (u\u017cywany dla \u015brodk\u00f3w, za pomoc\u0105 kt\u00f3rych wykonywana jest czynno\u015b\u0107): \u0101bolu\/-iem<\/strong><\/p>\n\n\n\n<p><strong>&#8211; Przypadek wo\u0142acza (u\u017cywany do zwracania si\u0119 do kogo\u015b lub czego\u015b): \u0101bol<\/strong><\/p>\n\n\n\n<p>Wa\u017cne jest, aby zapozna\u0107 si\u0119 z tymi przypadkami, poniewa\u017c mog\u0105 one radykalnie zmieni\u0107 znaczenie zda\u0144.<\/p>\n\n\n\n<h3 class=\"wp-block-heading\" id=\"h-playing-with-numbers-latvian-plurals-and-genders\">Zabawa liczbami: \u0142otewska liczba mnoga i rodzaje<\/h3>\n\n\n\n<p>Podczas tworzenia liczby mnogiej w j\u0119zyku \u0142otewskim nale\u017cy pami\u0119ta\u0107 o rodzaju rzeczownika. W j\u0119zyku \u0142otewskim rzeczowniki maj\u0105 dwa rodzaje \u2013 m\u0119ski i \u017ce\u0144ski. Rodzaj wp\u0142ywa na ko\u0144c\u00f3wki rzeczownik\u00f3w, przymiotnik\u00f3w, liczebnik\u00f3w i niekt\u00f3rych form czasownik\u00f3w.<\/p>\n\n\n\n<p>Og\u00f3lnie rzecz bior\u0105c, rzeczowniki rodzaju m\u0119skiego w mianowniku liczby mnogiej ko\u0144cz\u0105 si\u0119 na -i, podczas gdy rzeczowniki rodzaju \u017ce\u0144skiego ko\u0144cz\u0105 si\u0119 na -as. Na przyk\u0142ad &#8222;zirgs&#8221; (zirgs, rzeczownik rodzaju m\u0119skiego oznaczaj\u0105cy &#8222;ko\u0144&#8221;) staje si\u0119 &#8222;zirgi&#8221; (zirgi, konie), a &#8222;sieviete&#8221; (sieviete, rzeczownik rodzaju \u017ce\u0144skiego oznaczaj\u0105cy &#8222;kobieta&#8221;) staje si\u0119 &#8222;sievietes&#8221; (sievietes, kobiety).<\/p>\n\n\n\n<p>Oczywi\u015bcie istniej\u0105 pewne wyj\u0105tki, dlatego wa\u017cne jest, aby uczy\u0107 si\u0119 rzeczownik\u00f3w wraz z ich rodzajami i by\u0107 \u015bwiadomym wszelkich nieregularnych liczb mnogich.<\/p>\n\n\n\n<h3 class=\"wp-block-heading\" id=\"h-the-art-of-conjugation-latvian-verbs\">Sztuka koniugacji: \u0142otewskie czasowniki<\/h3>\n\n\n\n<p>\u0141otewskie czasowniki mog\u0105 pocz\u0105tkowo wydawa\u0107 si\u0119 zniech\u0119caj\u0105ce ze wzgl\u0119du na ich liczne czasy, nastroje i koniugacje. Jednak kluczem do ich zrozumienia jest rozpoznawanie wsp\u00f3lnych wzorc\u00f3w i regularne praktykowanie.<\/p>\n\n\n\n<p>W j\u0119zyku \u0142otewskim czasowniki s\u0105 podzielone na trzy grupy na podstawie ich ko\u0144c\u00f3wek bezokolicznika: -t, -ties i -ties\/-t. Ka\u017cda grupa ma okre\u015blone zasady koniugacji. We\u017amy czasownik &#8222;las\u012bt&#8221; (las\u012bt, &#8222;czyta\u0107&#8221;) jako przyk\u0142ad:<\/p>\n\n\n\n<p><strong>Czas tera\u017aniejszy: Es lasu (Es lasu, &#8222;czytam&#8221;)<\/strong><\/p>\n\n\n\n<p><strong>Czas przesz\u0142y: Es las\u012bju (Es las\u012bju, &#8222;czyta\u0142em&#8221;)<\/strong><\/p>\n\n\n\n<p><strong>Czas przysz\u0142y: Es las\u012b\u0161u (Es las\u012b\u0161u, &#8222;przeczytam&#8221;)<\/strong><\/p>\n\n\n\n<p>Jak wida\u0107, zako\u0144czenia zmieniaj\u0105 si\u0119 w zale\u017cno\u015bci od czasu. A to nawet nie zarysowuje powierzchni \u0142otewskiej koniugacji czasownik\u00f3w! Nie zniech\u0119caj si\u0119 jednak. Dzi\u0119ki praktyce i cierpliwo\u015bci zaczniesz rozpoznawa\u0107 wzorce i pokonasz to wyzwanie.<\/p>\n\n\n\n<h3 class=\"wp-block-heading\" id=\"h-the-finishing-touches-latvian-adjectives-adverbs-and-more\">Ostatnie szlify: \u0142otewskie przymiotniki, przys\u0142\u00f3wki i nie tylko<\/h3>\n\n\n\n<p>Je\u015bli chodzi o \u0142otewskie przymiotniki i przys\u0142\u00f3wki, odgrywaj\u0105 one kluczow\u0105 rol\u0119 w dodawaniu g\u0142\u0119bi i z\u0142o\u017cono\u015bci Twojej mowie. Przymiotniki musz\u0105 zgadza\u0107 si\u0119 z rzeczownikami, kt\u00f3re modyfikuj\u0105 pod wzgl\u0119dem rodzaju i przypadku, z ko\u0144c\u00f3wkami, kt\u00f3re odpowiednio si\u0119 r\u00f3\u017cni\u0105.<\/p>\n\n\n\n<p>Na przyk\u0142ad, &#8222;gar\u0161\u012bgs&#8221; (gar\u0161\u012bgs) oznacza &#8222;pyszny&#8221; i mo\u017cna go zobaczy\u0107 jako &#8222;gar\u0161\u012bgs \u0101bols&#8221; (gar\u0161\u012bgs \u0101bols, &#8222;pyszne jab\u0142ko&#8221;) lub &#8222;gar\u0161\u012bga zupa&#8221; (gar\u0161\u012bga zupa, &#8222;pyszna zupa&#8221;), z r\u00f3\u017cnymi ko\u0144c\u00f3wkami dla rzeczownik\u00f3w rodzaju m\u0119skiego i \u017ce\u0144skiego.<\/p>\n\n\n\n<p>Przys\u0142\u00f3wki zwykle maj\u0105 podobne wzorce, cz\u0119sto pochodz\u0105ce od przymiotnik\u00f3w. W j\u0119zyku \u0142otewskim wi\u0119kszo\u015b\u0107 przys\u0142\u00f3wk\u00f3w ko\u0144czy si\u0119 na -i, co jest tak\u0105 sam\u0105 form\u0105 jak m\u0119ski biernik liczby pojedynczej dla przymiotnik\u00f3w.<\/p>\n\n\n\n<p>Podsumowuj\u0105c, z\u0142o\u017cono\u015b\u0107 i osobliwo\u015bci \u0142otewskiej gramatyki, cho\u0107 stanowi\u0105 wyzwanie, nadaj\u0105 temu j\u0119zykowi urzekaj\u0105ce pi\u0119kno i charakter. Dzi\u0119ki po\u0142\u0105czeniu wytrwa\u0142o\u015bci, ciekawo\u015bci i praktycznego zastosowania, wkr\u00f3tce b\u0119dziesz porusza\u0107 si\u0119 po \u0142otewskiej gramatyce z \u0142atwo\u015bci\u0105 i pewno\u015bci\u0105 siebie. Mi\u0142ej nauki!<\/p>\n<\/div><\/div>\n\r\n<section class=\"learnNavigationSection\">\r\n            \r\n        <a href=\"https:\/\/talkpal.ai\/pl\/naucz-sie-lotewskiego\/\">\r\n            <div class=\"learnNavigationWrapper\">\r\n                <div class=\"learnNavigationContent\">\r\n                    <img decoding=\"async\" src=\"https:\/\/talkpal.ai\/wp-content\/uploads\/2024\/08\/Latvian.jpg\" alt=\"Latvian Flag\">\r\n                    <div>\r\n                        <h4>O nauce j\u0119zyka \u0142otewskiego<\/h4>\r\n                        <p>Dowiedz si\u0119 wszystkiego o gramatyce \u0142otewskiej .<\/p>\r\n                    <\/div>\r\n                <\/div>\r\n            <\/div>\r\n        <\/a>\r\n\r\n        \r\n        <a href=\"https:\/\/talkpal.ai\/pl\/cwiczenia-gramatyczne-z-jezyka-lotewskiego\/\">\r\n            <div class=\"learnNavigationWrapper\">\r\n                <div class=\"learnNavigationContent\">\r\n                    <img decoding=\"async\" src=\"https:\/\/talkpal.ai\/wp-content\/uploads\/2024\/08\/Latvian.jpg\" alt=\"Latvian Flag\">\r\n                    <div>\r\n                        <h4>\u0106wiczenie z gramatyki j\u0119zyka \u0142otewskiego<\/h4>\r\n                        <p>\u0106wicz gramatyk\u0119 \u0142otewsk\u0105 .<\/p>\r\n                    <\/div>\r\n                <\/div>\r\n            <\/div>\r\n        <\/a>\r\n\r\n        \r\n        <a href=\"https:\/\/talkpal.ai\/vocabulary_language\/latvian\/\">\r\n            <div class=\"learnNavigationWrapper\">\r\n                <div class=\"learnNavigationContent\">\r\n                    <img decoding=\"async\" src=\"https:\/\/talkpal.ai\/wp-content\/uploads\/2024\/08\/Latvian.jpg\" alt=\"Latvian Flag\">\r\n                    <div>\r\n                        <h4>S\u0142ownictwo \u0142otewskie<\/h4>\r\n                        <p>Poszerz swoje \u0142otewskie s\u0142ownictwo.<\/p>\r\n                    <\/div>\r\n                <\/div>\r\n            <\/div>\r\n        <\/a>\r\n\r\n            <\/section>","protected":false},"excerpt":{"rendered":"<p>Kompletny przewodnik po gramatyce \u0142otewskiej: poruszanie si\u0119 po zawi\u0142o\u015bciach unikalnego j\u0119zyka Gramatyka \u0142otewska, podobnie jak sam j\u0119zyk, przedstawia bogaty i fascynuj\u0105cy gobelin element\u00f3w j\u0119zykowych. Jako j\u0119zyk ba\u0142tycki, \u0142otewski zachwyca s\u0142uchaczy swoimi r\u00f3\u017cnorodnymi cechami i stanowi wyzwanie nawet dla najbardziej bieg\u0142ych u\u017cytkownik\u00f3w. W tym przewodniku zbadamy kluczowe zasady gramatyki \u0142otewskiej, obja\u015bnimy jej zawi\u0142o\u015bci i wesprzemy Ci\u0119 [&hellip;]<\/p>\n","protected":false},"author":1,"featured_media":114666,"parent":0,"menu_order":0,"comment_status":"closed","ping_status":"closed","template":"LearningContentPage.php","meta":{"_acf_changed":false,"footnotes":""},"class_list":["post-145764","page","type-page","status-publish","has-post-thumbnail","hentry"],"acf":[],"yoast_head":"<!-- This site is optimized with the Yoast SEO Premium plugin v27.2 (Yoast SEO v27.2) - https:\/\/yoast.com\/product\/yoast-seo-premium-wordpress\/ -->\n<title>Gramatyka \u0142otewska - Talkpal<\/title>\n<meta name=\"description\" content=\"Opanuj gramatyk\u0119 \u0142otewsk\u0105 - ucz si\u0119 zasad, \u0107wicz u\u017cycie i zwi\u0119ksz dok\u0142adno\u015b\u0107 j\u0119zykow\u0105 z \u0142atwo\u015bci\u0105 dzi\u0119ki Talkpaldzi\u0119ki spersonalizowanym wskaz\u00f3wkom AI.\" \/>\n<meta name=\"robots\" content=\"index, follow, max-snippet:-1, max-image-preview:large, max-video-preview:-1\" \/>\n<link rel=\"canonical\" href=\"https:\/\/talkpal.ai\/pl\/gramatyka-lotewska\/\" \/>\n<meta property=\"og:locale\" content=\"pl_PL\" \/>\n<meta property=\"og:type\" content=\"article\" \/>\n<meta property=\"og:title\" content=\"Gramatyka \u0142otewska\" \/>\n<meta property=\"og:description\" content=\"Kompletny przewodnik po gramatyce \u0142otewskiej: poruszanie si\u0119 po zawi\u0142o\u015bciach unikalnego j\u0119zyka Gramatyka \u0142otewska, podobnie jak sam j\u0119zyk, przedstawia\" \/>\n<meta property=\"og:url\" content=\"https:\/\/talkpal.ai\/pl\/gramatyka-lotewska\/\" \/>\n<meta property=\"og:site_name\" content=\"Talkpal\" \/>\n<meta property=\"article:publisher\" content=\"https:\/\/www.facebook.com\/profile.php?id=100090733639311\" \/>\n<meta property=\"article:modified_time\" content=\"2025-12-17T17:11:15+00:00\" \/>\n<meta property=\"og:image\" content=\"https:\/\/talkpal.ai\/wp-content\/uploads\/2023\/05\/latvia.png\" \/>\n\t<meta property=\"og:image:width\" content=\"512\" \/>\n\t<meta property=\"og:image:height\" content=\"512\" \/>\n\t<meta property=\"og:image:type\" content=\"image\/png\" \/>\n<meta name=\"twitter:card\" content=\"summary_large_image\" \/>\n<meta name=\"twitter:site\" content=\"@talkpalai\" \/>\n<meta name=\"twitter:label1\" content=\"Szacowany czas czytania\" \/>\n\t<meta name=\"twitter:data1\" content=\"4 minuty\" \/>\n<script type=\"application\/ld+json\" class=\"yoast-schema-graph\">{\"@context\":\"https:\/\/schema.org\",\"@graph\":[{\"@type\":\"WebPage\",\"@id\":\"https:\/\/talkpal.ai\/pl\/gramatyka-lotewska\/\",\"url\":\"https:\/\/talkpal.ai\/pl\/gramatyka-lotewska\/\",\"name\":\"Gramatyka \u0142otewska - Talkpal\",\"isPartOf\":{\"@id\":\"https:\/\/talkpal.ai\/pl\/#website\"},\"primaryImageOfPage\":{\"@id\":\"https:\/\/talkpal.ai\/pl\/gramatyka-lotewska\/#primaryimage\"},\"image\":{\"@id\":\"https:\/\/talkpal.ai\/pl\/gramatyka-lotewska\/#primaryimage\"},\"thumbnailUrl\":\"https:\/\/talkpal.ai\/wp-content\/uploads\/2023\/05\/latvia.png\",\"datePublished\":\"2023-05-14T14:10:24+00:00\",\"dateModified\":\"2025-12-17T17:11:15+00:00\",\"description\":\"Opanuj gramatyk\u0119 \u0142otewsk\u0105 - ucz si\u0119 zasad, \u0107wicz u\u017cycie i zwi\u0119ksz dok\u0142adno\u015b\u0107 j\u0119zykow\u0105 z \u0142atwo\u015bci\u0105 dzi\u0119ki Talkpaldzi\u0119ki spersonalizowanym wskaz\u00f3wkom AI.\",\"breadcrumb\":{\"@id\":\"https:\/\/talkpal.ai\/pl\/gramatyka-lotewska\/#breadcrumb\"},\"inLanguage\":\"pl-PL\",\"potentialAction\":[{\"@type\":\"ReadAction\",\"target\":[\"https:\/\/talkpal.ai\/pl\/gramatyka-lotewska\/\"]}]},{\"@type\":\"ImageObject\",\"inLanguage\":\"pl-PL\",\"@id\":\"https:\/\/talkpal.ai\/pl\/gramatyka-lotewska\/#primaryimage\",\"url\":\"https:\/\/talkpal.ai\/wp-content\/uploads\/2023\/05\/latvia.png\",\"contentUrl\":\"https:\/\/talkpal.ai\/wp-content\/uploads\/2023\/05\/latvia.png\",\"width\":512,\"height\":512},{\"@type\":\"BreadcrumbList\",\"@id\":\"https:\/\/talkpal.ai\/pl\/gramatyka-lotewska\/#breadcrumb\",\"itemListElement\":[{\"@type\":\"ListItem\",\"position\":1,\"name\":\"Homepage\",\"item\":\"https:\/\/talkpal.ai\/pl\/\"},{\"@type\":\"ListItem\",\"position\":2,\"name\":\"Gramatyka \u0142otewska\"}]},{\"@type\":\"WebSite\",\"@id\":\"https:\/\/talkpal.ai\/pl\/#website\",\"url\":\"https:\/\/talkpal.ai\/pl\/\",\"name\":\"Talkpal\",\"description\":\"AI Language Learning\",\"publisher\":{\"@id\":\"https:\/\/talkpal.ai\/pl\/#organization\"},\"alternateName\":\"Talkpal AI\",\"potentialAction\":[{\"@type\":\"SearchAction\",\"target\":{\"@type\":\"EntryPoint\",\"urlTemplate\":\"https:\/\/talkpal.ai\/pl\/?s={search_term_string}\"},\"query-input\":{\"@type\":\"PropertyValueSpecification\",\"valueRequired\":true,\"valueName\":\"search_term_string\"}}],\"inLanguage\":\"pl-PL\"},{\"@type\":\"Organization\",\"@id\":\"https:\/\/talkpal.ai\/pl\/#organization\",\"name\":\"Talkpal, Inc.\",\"alternateName\":\"Talkpal AI\",\"url\":\"https:\/\/talkpal.ai\/pl\/\",\"logo\":{\"@type\":\"ImageObject\",\"inLanguage\":\"pl-PL\",\"@id\":\"https:\/\/talkpal.ai\/pl\/#\/schema\/logo\/image\/\",\"url\":\"https:\/\/talkpal.ai\/wp-content\/uploads\/2024\/03\/Talkpal-Logo-Icon.png\",\"contentUrl\":\"https:\/\/talkpal.ai\/wp-content\/uploads\/2024\/03\/Talkpal-Logo-Icon.png\",\"width\":2880,\"height\":2880,\"caption\":\"Talkpal, Inc.\"},\"image\":{\"@id\":\"https:\/\/talkpal.ai\/pl\/#\/schema\/logo\/image\/\"},\"sameAs\":[\"https:\/\/www.facebook.com\/profile.php?id=100090733639311\",\"https:\/\/x.com\/talkpalai\",\"https:\/\/www.linkedin.com\/company\/talkpal\/\",\"https:\/\/www.youtube.com\/@TalkPal\/\",\"https:\/\/www.tiktok.com\/@talkpal\",\"https:\/\/www.instagram.com\/talkpal_ai\/\",\"https:\/\/www.crunchbase.com\/organization\/talkpal-9cde\",\"https:\/\/www.g2.com\/products\/talkpal-for-business\/\",\"https:\/\/www.trustpilot.com\/review\/talkpal.ai\",\"https:\/\/www.capterra.com\/p\/10006800\/TalkPal\/\"],\"description\":\"Talkpal is a language learning web and mobile education app, powered by the latest AI technologies, that provides engaging experiences to its customers in many different languages to help them improve their language skills. Users can chat about unlimited amount of topics with the app and use other modes to practice their language learning.\",\"email\":\"support@talkpal.ai\",\"legalName\":\"Talkpal, Inc.\",\"foundingDate\":\"2023-04-03\",\"duns\":\"118989042\",\"numberOfEmployees\":{\"@type\":\"QuantitativeValue\",\"minValue\":\"11\",\"maxValue\":\"50\"},\"publishingPrinciples\":\"https:\/\/talkpal.ai\/publishing-principles\/\",\"actionableFeedbackPolicy\":\"https:\/\/talkpal.ai\/actionable-feedback-policy\/\",\"correctionsPolicy\":\"https:\/\/talkpal.ai\/corrections-policy\/\",\"ethicsPolicy\":\"https:\/\/talkpal.ai\/ethics-policy\/\",\"diversityPolicy\":\"https:\/\/talkpal.ai\/diversity-policy\/\",\"diversityStaffingReport\":\"https:\/\/talkpal.ai\/diversity-policy\/\"}]}<\/script>\n<!-- \/ Yoast SEO Premium plugin. -->","yoast_head_json":{"title":"Gramatyka \u0142otewska - Talkpal","description":"Opanuj gramatyk\u0119 \u0142otewsk\u0105 - ucz si\u0119 zasad, \u0107wicz u\u017cycie i zwi\u0119ksz dok\u0142adno\u015b\u0107 j\u0119zykow\u0105 z \u0142atwo\u015bci\u0105 dzi\u0119ki Talkpaldzi\u0119ki spersonalizowanym wskaz\u00f3wkom AI.","robots":{"index":"index","follow":"follow","max-snippet":"max-snippet:-1","max-image-preview":"max-image-preview:large","max-video-preview":"max-video-preview:-1"},"canonical":"https:\/\/talkpal.ai\/pl\/gramatyka-lotewska\/","og_locale":"pl_PL","og_type":"article","og_title":"Gramatyka \u0142otewska","og_description":"Kompletny przewodnik po gramatyce \u0142otewskiej: poruszanie si\u0119 po zawi\u0142o\u015bciach unikalnego j\u0119zyka Gramatyka \u0142otewska, podobnie jak sam j\u0119zyk, przedstawia","og_url":"https:\/\/talkpal.ai\/pl\/gramatyka-lotewska\/","og_site_name":"Talkpal","article_publisher":"https:\/\/www.facebook.com\/profile.php?id=100090733639311","article_modified_time":"2025-12-17T17:11:15+00:00","og_image":[{"width":512,"height":512,"url":"https:\/\/talkpal.ai\/wp-content\/uploads\/2023\/05\/latvia.png","type":"image\/png"}],"twitter_card":"summary_large_image","twitter_site":"@talkpalai","twitter_misc":{"Szacowany czas czytania":"4 minuty"},"schema":{"@context":"https:\/\/schema.org","@graph":[{"@type":"WebPage","@id":"https:\/\/talkpal.ai\/pl\/gramatyka-lotewska\/","url":"https:\/\/talkpal.ai\/pl\/gramatyka-lotewska\/","name":"Gramatyka \u0142otewska - Talkpal","isPartOf":{"@id":"https:\/\/talkpal.ai\/pl\/#website"},"primaryImageOfPage":{"@id":"https:\/\/talkpal.ai\/pl\/gramatyka-lotewska\/#primaryimage"},"image":{"@id":"https:\/\/talkpal.ai\/pl\/gramatyka-lotewska\/#primaryimage"},"thumbnailUrl":"https:\/\/talkpal.ai\/wp-content\/uploads\/2023\/05\/latvia.png","datePublished":"2023-05-14T14:10:24+00:00","dateModified":"2025-12-17T17:11:15+00:00","description":"Opanuj gramatyk\u0119 \u0142otewsk\u0105 - ucz si\u0119 zasad, \u0107wicz u\u017cycie i zwi\u0119ksz dok\u0142adno\u015b\u0107 j\u0119zykow\u0105 z \u0142atwo\u015bci\u0105 dzi\u0119ki Talkpaldzi\u0119ki spersonalizowanym wskaz\u00f3wkom AI.","breadcrumb":{"@id":"https:\/\/talkpal.ai\/pl\/gramatyka-lotewska\/#breadcrumb"},"inLanguage":"pl-PL","potentialAction":[{"@type":"ReadAction","target":["https:\/\/talkpal.ai\/pl\/gramatyka-lotewska\/"]}]},{"@type":"ImageObject","inLanguage":"pl-PL","@id":"https:\/\/talkpal.ai\/pl\/gramatyka-lotewska\/#primaryimage","url":"https:\/\/talkpal.ai\/wp-content\/uploads\/2023\/05\/latvia.png","contentUrl":"https:\/\/talkpal.ai\/wp-content\/uploads\/2023\/05\/latvia.png","width":512,"height":512},{"@type":"BreadcrumbList","@id":"https:\/\/talkpal.ai\/pl\/gramatyka-lotewska\/#breadcrumb","itemListElement":[{"@type":"ListItem","position":1,"name":"Homepage","item":"https:\/\/talkpal.ai\/pl\/"},{"@type":"ListItem","position":2,"name":"Gramatyka \u0142otewska"}]},{"@type":"WebSite","@id":"https:\/\/talkpal.ai\/pl\/#website","url":"https:\/\/talkpal.ai\/pl\/","name":"Talkpal","description":"AI Language Learning","publisher":{"@id":"https:\/\/talkpal.ai\/pl\/#organization"},"alternateName":"Talkpal AI","potentialAction":[{"@type":"SearchAction","target":{"@type":"EntryPoint","urlTemplate":"https:\/\/talkpal.ai\/pl\/?s={search_term_string}"},"query-input":{"@type":"PropertyValueSpecification","valueRequired":true,"valueName":"search_term_string"}}],"inLanguage":"pl-PL"},{"@type":"Organization","@id":"https:\/\/talkpal.ai\/pl\/#organization","name":"Talkpal, Inc.","alternateName":"Talkpal AI","url":"https:\/\/talkpal.ai\/pl\/","logo":{"@type":"ImageObject","inLanguage":"pl-PL","@id":"https:\/\/talkpal.ai\/pl\/#\/schema\/logo\/image\/","url":"https:\/\/talkpal.ai\/wp-content\/uploads\/2024\/03\/Talkpal-Logo-Icon.png","contentUrl":"https:\/\/talkpal.ai\/wp-content\/uploads\/2024\/03\/Talkpal-Logo-Icon.png","width":2880,"height":2880,"caption":"Talkpal, Inc."},"image":{"@id":"https:\/\/talkpal.ai\/pl\/#\/schema\/logo\/image\/"},"sameAs":["https:\/\/www.facebook.com\/profile.php?id=100090733639311","https:\/\/x.com\/talkpalai","https:\/\/www.linkedin.com\/company\/talkpal\/","https:\/\/www.youtube.com\/@TalkPal\/","https:\/\/www.tiktok.com\/@talkpal","https:\/\/www.instagram.com\/talkpal_ai\/","https:\/\/www.crunchbase.com\/organization\/talkpal-9cde","https:\/\/www.g2.com\/products\/talkpal-for-business\/","https:\/\/www.trustpilot.com\/review\/talkpal.ai","https:\/\/www.capterra.com\/p\/10006800\/TalkPal\/"],"description":"Talkpal is a language learning web and mobile education app, powered by the latest AI technologies, that provides engaging experiences to its customers in many different languages to help them improve their language skills. Users can chat about unlimited amount of topics with the app and use other modes to practice their language learning.","email":"support@talkpal.ai","legalName":"Talkpal, Inc.","foundingDate":"2023-04-03","duns":"118989042","numberOfEmployees":{"@type":"QuantitativeValue","minValue":"11","maxValue":"50"},"publishingPrinciples":"https:\/\/talkpal.ai\/publishing-principles\/","actionableFeedbackPolicy":"https:\/\/talkpal.ai\/actionable-feedback-policy\/","correctionsPolicy":"https:\/\/talkpal.ai\/corrections-policy\/","ethicsPolicy":"https:\/\/talkpal.ai\/ethics-policy\/","diversityPolicy":"https:\/\/talkpal.ai\/diversity-policy\/","diversityStaffingReport":"https:\/\/talkpal.ai\/diversity-policy\/"}]}},"_links":{"self":[{"href":"https:\/\/talkpal.ai\/pl\/wp-json\/wp\/v2\/pages\/145764","targetHints":{"allow":["GET"]}}],"collection":[{"href":"https:\/\/talkpal.ai\/pl\/wp-json\/wp\/v2\/pages"}],"about":[{"href":"https:\/\/talkpal.ai\/pl\/wp-json\/wp\/v2\/types\/page"}],"author":[{"embeddable":true,"href":"https:\/\/talkpal.ai\/pl\/wp-json\/wp\/v2\/users\/1"}],"replies":[{"embeddable":true,"href":"https:\/\/talkpal.ai\/pl\/wp-json\/wp\/v2\/comments?post=145764"}],"version-history":[{"count":0,"href":"https:\/\/talkpal.ai\/pl\/wp-json\/wp\/v2\/pages\/145764\/revisions"}],"wp:featuredmedia":[{"embeddable":true,"href":"https:\/\/talkpal.ai\/pl\/wp-json\/wp\/v2\/media\/114666"}],"wp:attachment":[{"href":"https:\/\/talkpal.ai\/pl\/wp-json\/wp\/v2\/media?parent=145764"}],"curies":[{"name":"wp","href":"https:\/\/api.w.org\/{rel}","templated":true}]}}